{"id":177716,"date":"2024-08-30T17:26:01","date_gmt":"2024-08-30T15:26:04","guid":{"rendered":"https:\/\/tourtravelandmore.com\/?post_type=product&#038;p=177716"},"modified":"2024-08-30T17:52:53","modified_gmt":"2024-08-30T15:52:53","slug":"visite-privee-de-toronto-copy-2","status":"publish","type":"product","link":"https:\/\/tourtravelandmore.com\/fr\/tours\/canada-fr\/toronto-fr\/private-sightseeing-tours-fr-18\/visite-privee-de-toronto-copy-2\/","title":{"rendered":"Visite priv\u00e9e des montagnes bleues au d\u00e9part de Toronto"},"content":{"rendered":"<h2><b><strong>Description de l&#8217;excursion<\/strong><\/b><\/h2>\n<p>Embarquez pour une captivante excursion priv\u00e9e de 8 heures au d\u00e9part de Toronto vers la pittoresque <b><strong>Blue Mountain,<\/strong><\/b> une destination qui allie parfaitement beaut\u00e9 naturelle et activit\u00e9s de loisirs dynamiques. Avec une voiture priv\u00e9e et un guide expert \u00e0 votre disposition, vous profiterez d&#8217;une exp\u00e9rience transparente et personnalis\u00e9e, en explorant l&#8217;une des r\u00e9gions les plus renomm\u00e9es de l&#8217;Ontario.<\/p>\n<p>Tout d&#8217;abord, nous organiserons une prise en charge priv\u00e9e depuis votre h\u00f4tel ou le lieu de votre choix \u00e0 <a href=\"https:\/\/es.wikipedia.org\/wiki\/Toronto\">Toronto<\/a>.<\/p>\n<p>Notre visite priv\u00e9e de Toronto commencera \u00e0 partir de l\u00e0. Profitez des meilleurs endroits de la ville de Toronto. Toronto est une ville immense. Comme le Canada, Toronto n&#8217;est pas diff\u00e9rente, vous y trouverez une ville multiculturelle incroyable.<\/p>\n<p>Toronto est divis\u00e9e en 6 quartiers diff\u00e9rents. Notre chauffeur et notre guide touristique seront \u00e0 votre disposition pendant les 8 heures de la visite. Nous pouvons organiser une visite plus longue si vous le souhaitez. Ne manquez pas de voir nos autres visites priv\u00e9es dans la ville de Toronto.<\/p>\n<h2><b><strong>Points d&#8217;int\u00e9r\u00eat<\/strong><\/b><\/h2>\n<p>Votre voyage commence par un trajet confortable \u00e0 travers les paysages pittoresques de l&#8217;Ontario. Votre guide bien inform\u00e9 vous fournira des commentaires perspicaces sur l&#8217;histoire et la culture de la r\u00e9gion. \u00c0 votre arriv\u00e9e \u00e0 Blue Mountain, vous aurez l&#8217;occasion d&#8217;explorer son charmant village, r\u00e9put\u00e9 pour ses boutiques pittoresques, ses caf\u00e9s accueillants et ses vues imprenables sur l&#8217;escarpement du Niagara.<\/p>\n<p>Le circuit propose \u00e9galement un \u00e9ventail d&#8217;activit\u00e9s adapt\u00e9es \u00e0 tous les int\u00e9r\u00eats. Que vous pr\u00e9f\u00e9riez une promenade tranquille le long du littoral de la baie Georgienne, une randonn\u00e9e aventureuse sur l&#8217;un des sentiers de la montagne ou un moment de d\u00e9tente dans l&#8217;un des spas locaux, la journ\u00e9e peut \u00eatre adapt\u00e9e \u00e0 vos pr\u00e9f\u00e9rences. En outre, votre guide peut organiser une visite \u00e0 Scenic Caves Nature Adventures, o\u00f9 vous pourrez admirer les vues incroyables depuis le pont suspendu ou explorer les anciennes grottes et cavernes.<\/p>\n<ul>\n<li><b><strong>Voiture priv\u00e9e et guide expert :<\/strong><\/b> Profitez d&#8217;une exp\u00e9rience personnalis\u00e9e avec votre propre v\u00e9hicule priv\u00e9 et votre propre guide, pour une journ\u00e9e adapt\u00e9e \u00e0 vos int\u00e9r\u00eats.<\/li>\n<li><b><strong>Route panoramique :<\/strong><\/b> Traversez la magnifique campagne de l&#8217;Ontario en b\u00e9n\u00e9ficiant de commentaires \u00e9clair\u00e9s sur l&#8217;histoire et la culture de la r\u00e9gion.<\/li>\n<li><b><strong>Explorez le village de Blue Mountain :<\/strong><\/b> D\u00e9couvrez le charme de ce village anim\u00e9, avec des possibilit\u00e9s de shopping, de restauration et des vues imprenables.<\/li>\n<li><b><strong>Activit\u00e9s sur mesure :<\/strong><\/b> Choisissez parmi une vari\u00e9t\u00e9 d&#8217;activit\u00e9s telles que la randonn\u00e9e, la visite des grottes sc\u00e9niques ou la d\u00e9tente dans un spa local.<\/li>\n<li><b><strong>Une beaut\u00e9 naturelle \u00e9poustouflante :<\/strong><\/b> Plongez dans les paysages \u00e9poustouflants de l&#8217;escarpement du Niagara et de la baie Georgienne.<\/li>\n<\/ul>\n<p>Cette visite priv\u00e9e se terminera \u00e0 votre h\u00f4tel ou au lieu de votre choix \u00e0 Toronto !<\/p>\n<p>Nos experts en voyage sont \u00e0 votre disposition pour vous faire vivre une exp\u00e9rience unique ! <a href=\"https:\/\/tourtravelandmore.com\/fr\/city\/canada-fr\/toronto-en\/\">Jetez un coup d&#8217;\u0153il aux autres visites priv\u00e9es que nous proposons \u00e0 Toronto.<\/a><\/p>\n<p><button style=\"width: auto; height: auto; background-image: url('data:image\/png;base64,iVBORw0KGgoAAAANSUhEUgAAADAAAAAwCAYAAABXAvmHAAABS2lUWHRYTUw6Y29tLmFkb2JlLnhtcAAAAAAAPD94cGFja2V0IGJlZ2luPSLvu78iIGlkPSJXNU0wTXBDZWhpSHpyZVN6TlRjemtjOWQiPz4KPHg6eG1wbWV0YSB4bWxuczp4PSJhZG9iZTpuczptZXRhLyIgeDp4bXB0az0iQWRvYmUgWE1QIENvcmUgNS42LWMxMzggNzkuMTU5ODI0LCAyMDE2LzA5LzE0LTAxOjA5OjAxICAgICAgICAiPgogPHJkZjpSREYgeG1sbnM6cmRmPSJodHRwOi8vd3d3LnczLm9yZy8xOTk5LzAyLzIyLXJkZi1zeW50YXgtbnMjIj4KICA8cmRmOkRlc2NyaXB0aW9uIHJkZjphYm91dD0iIi8+CiA8L3JkZjpSREY+CjwveDp4bXBtZXRhPgo8P3hwYWNrZXQgZW5kPSJyIj8+IEmuOgAAAx5JREFUaIHtmj1L81wYx39JI75AbYtgBTFTRdQGXV2cxMlPICjiakHE0cVJB5FO4uLgN1AnZ\/0EgoLQtd6tL6hJIwia9DzDg6Wxpcb7hMTe+INCz+t1\/TnJuU7OOYoQ4g8Qpz2xFSGEiNoLGVTAjtoJCWw1ag9k0eoTQgg2NzcplUp0dHRE5VNTHMdB0zTy+TydnZ21fI8Ay7K4vr4ml8uRSqVCd7IVQgjW19cpFAoYhlHLbxiBTCbD9PR06A76YXx8HNd1PXmed0BRFBzHwTTNUB3zy\/v7O7FYzJPX9i\/xr4Co0b6u0prj42Pu7u5a1unp6UHXdSYmJkgmk7ImPUgLWFlZoVQq+aqbSCSYn59ne3ubRCIhaxoI4BHSdd13Xcuy2N\/fxzCML0fNL9IjoChK7f\/p6Smjo6MNdWzb5vz8nI2NDUzTpFgsMjMzw+Xlpax5eQH1TE5OMjAw0LQsm80yNzdHNpvFtm2urq44PDxkaWlJymags9D9\/X3Lcl3X2dnZqaX39vakbYY+jS4uLtLV1QXAxcUFlUpFqr\/QBXR3d9Pf3w\/8v8J8fn6W6i90Aa7r8vT0BEAsFpOeTkMXcHJywsvLCwAjIyPSgS1QAb29vS3LHx4eyOVytfTy8rK0zUAFPD4+8vb25vm9vr5SLBY5ODjAMAzK5TIAQ0NDrK6uStsMNA7Mzs42rNfrn\/kP0uk0Z2dnaJq8+UAFfHb0M6qqsrCwwO7uLn19fYHYDFTA2tpa00isaRqDg4NMTU19a+3kh0AFbG1t1YJUWAT6EhcKhSC780Xbf5H9CoiaXwFRIy2gPng5jiPb3beRjgPDw8NYlgUQegyAAAQcHR3xccgTxNrmu0hbjMJpj32ZxkIITNOkWq16tlf8tlVVlWQy+e229UgLKJfLuK77VwI+PikjE6CqKmNjYzJdSPPvxQFVVT2HaD8JVVX5fKzdcEZWLpe5vb39cYd8ADc3Nw1nZB4B8XicdDpNPp+PJCi1wnEcUqkUmUzGk68IISp8uitRqVSoVqth+ueLJntIdtNZ6Kv9nZ9E21\/20IASbXzd5j\/MIQu2KoJrJwAAAABJRU5ErkJggg=='); background-size: 14px 14px; background-color: #000000; position: absolute; opacity: 1; z-index: 86753099; display: none; cursor: pointer; border: none; border-top-left-radius: 3px; border-top-right-radius: 3px; border-bottom-right-radius: 3px; border-bottom-left-radius: 3px; text-indent: 20px; padding: 0px 4px 0px 0px; text-align: center; font-style: normal; font-variant-caps: normal; font-weight: bold; font-stretch: normal; font-size: 11px; line-height: 20px; font-family: 'Helvetica Neue', Helvetica, sans-serif; color: #ffffff; text-transform: capitalize; -webkit-font-smoothing: antialiased; top: 1397px; left: 563px; background-position: 3px 50%; background-repeat: no-repeat no-repeat;\">plan it<\/button><\/p>\n","protected":false},"excerpt":{"rendered":"<p>Embarquez pour une captivante excursion priv\u00e9e de 8 heures au d\u00e9part de Toronto vers la pittoresque <b><strong>Blue Mountain,<\/strong><\/b> une destination qui allie parfaitement beaut\u00e9 naturelle et activit\u00e9s de loisirs dynamiques. Avec une voiture priv\u00e9e et un guide expert \u00e0 votre disposition, vous profiterez d&#8217;une exp\u00e9rience transparente et personnalis\u00e9e, en explorant l&#8217;une des r\u00e9gions les plus renomm\u00e9es de l&#8217;Ontario.<\/p>\n","protected":false},"featured_media":177728,"comment_status":"open","ping_status":"closed","template":"","meta":{"_acf_changed":false},"product_brand":[],"product_cat":[3751,3775,4243,3547],"product_tag":[],"class_list":{"0":"post-177716","1":"product","2":"type-product","3":"status-publish","4":"has-post-thumbnail","6":"product_cat-canada-fr","7":"product_cat-toronto-fr","8":"product_cat-private-sightseeing-tours-fr-18","9":"product_cat-etats-unis-fr","11":"first","12":"instock","13":"shipping-taxable","14":"purchasable","15":"product-type-simple"},"acf":[],"yoast_head":"<!-- This site is optimized with the Yoast SEO Premium plugin v25.3.1 (Yoast SEO v25.3.1) - https:\/\/yoast.com\/wordpress\/plugins\/seo\/ -->\n<title>Visite priv\u00e9e des montagnes bleues au d\u00e9part de Toronto - TT&amp;M<\/title>\n<meta name=\"description\" content=\"Prenez cette visite priv\u00e9e de Blue Mountain au d\u00e9part de Toronto et profitez du meilleur de la ville de Toronto ! Il s&#039;agit d&#039;une excursion priv\u00e9e exceptionnelle ! \u2705\" \/>\n<meta name=\"robots\" content=\"index, follow, max-snippet:-1, max-image-preview:large, max-video-preview:-1\" \/>\n<link rel=\"canonical\" href=\"https:\/\/tourtravelandmore.com\/fr\/tours\/canada-fr\/toronto-fr\/private-sightseeing-tours-fr-18\/visite-privee-de-toronto-copy-2\/\" \/>\n<meta property=\"og:locale\" content=\"fr_FR\" \/>\n<meta property=\"og:type\" content=\"article\" \/>\n<meta property=\"og:title\" content=\"Visite priv\u00e9e des montagnes bleues au d\u00e9part de Toronto\" \/>\n<meta property=\"og:description\" content=\"Prenez cette visite priv\u00e9e de Blue Mountain au d\u00e9part de Toronto et profitez du meilleur de la ville de Toronto ! Il s&#039;agit d&#039;une excursion priv\u00e9e exceptionnelle ! \u2705\" \/>\n<meta property=\"og:url\" content=\"https:\/\/tourtravelandmore.com\/fr\/tours\/canada-fr\/toronto-fr\/private-sightseeing-tours-fr-18\/visite-privee-de-toronto-copy-2\/\" \/>\n<meta property=\"og:site_name\" content=\"Tour Travel And More\" \/>\n<meta property=\"article:publisher\" content=\"https:\/\/www.facebook.com\/tourtravelandmore\/\" \/>\n<meta property=\"article:modified_time\" content=\"2024-08-30T15:52:53+00:00\" \/>\n<meta property=\"og:image\" content=\"https:\/\/tourtravelandmore.com\/wp-content\/uploads\/2024\/08\/Blue-Mountains.jpg\" \/>\n\t<meta property=\"og:image:width\" content=\"840\" \/>\n\t<meta property=\"og:image:height\" content=\"560\" \/>\n\t<meta property=\"og:image:type\" content=\"image\/jpeg\" \/>\n<meta name=\"twitter:card\" content=\"summary_large_image\" \/>\n<meta name=\"twitter:site\" content=\"@TourTravel_More\" \/>\n<meta name=\"twitter:label1\" content=\"Dur\u00e9e de lecture estim\u00e9e\" \/>\n\t<meta name=\"twitter:data1\" content=\"3 minutes\" \/>\n<script type=\"application\/ld+json\" class=\"yoast-schema-graph\">{\"@context\":\"https:\/\/schema.org\",\"@graph\":[{\"@type\":\"WebPage\",\"@id\":\"https:\/\/tourtravelandmore.com\/fr\/tours\/canada-fr\/toronto-fr\/private-sightseeing-tours-fr-18\/visite-privee-de-toronto-copy-2\/\",\"url\":\"https:\/\/tourtravelandmore.com\/fr\/tours\/canada-fr\/toronto-fr\/private-sightseeing-tours-fr-18\/visite-privee-de-toronto-copy-2\/\",\"name\":\"Visite priv\u00e9e des montagnes bleues au d\u00e9part de Toronto - TT&M\",\"isPartOf\":{\"@id\":\"https:\/\/tourtravelandmore.com\/fr\/#website\"},\"primaryImageOfPage\":{\"@id\":\"https:\/\/tourtravelandmore.com\/fr\/tours\/canada-fr\/toronto-fr\/private-sightseeing-tours-fr-18\/visite-privee-de-toronto-copy-2\/#primaryimage\"},\"image\":{\"@id\":\"https:\/\/tourtravelandmore.com\/fr\/tours\/canada-fr\/toronto-fr\/private-sightseeing-tours-fr-18\/visite-privee-de-toronto-copy-2\/#primaryimage\"},\"thumbnailUrl\":\"https:\/\/tourtravelandmore.com\/wp-content\/uploads\/2024\/08\/Blue-Mountains.jpg\",\"datePublished\":\"2024-08-30T15:26:04+00:00\",\"dateModified\":\"2024-08-30T15:52:53+00:00\",\"description\":\"Prenez cette visite priv\u00e9e de Blue Mountain au d\u00e9part de Toronto et profitez du meilleur de la ville de Toronto ! Il s'agit d'une excursion priv\u00e9e exceptionnelle ! \u2705\",\"breadcrumb\":{\"@id\":\"https:\/\/tourtravelandmore.com\/fr\/tours\/canada-fr\/toronto-fr\/private-sightseeing-tours-fr-18\/visite-privee-de-toronto-copy-2\/#breadcrumb\"},\"inLanguage\":\"fr-FR\",\"potentialAction\":[{\"@type\":\"ReadAction\",\"target\":[\"https:\/\/tourtravelandmore.com\/fr\/tours\/canada-fr\/toronto-fr\/private-sightseeing-tours-fr-18\/visite-privee-de-toronto-copy-2\/\"]}]},{\"@type\":\"ImageObject\",\"inLanguage\":\"fr-FR\",\"@id\":\"https:\/\/tourtravelandmore.com\/fr\/tours\/canada-fr\/toronto-fr\/private-sightseeing-tours-fr-18\/visite-privee-de-toronto-copy-2\/#primaryimage\",\"url\":\"https:\/\/tourtravelandmore.com\/wp-content\/uploads\/2024\/08\/Blue-Mountains.jpg\",\"contentUrl\":\"https:\/\/tourtravelandmore.com\/wp-content\/uploads\/2024\/08\/Blue-Mountains.jpg\",\"width\":840,\"height\":560},{\"@type\":\"BreadcrumbList\",\"@id\":\"https:\/\/tourtravelandmore.com\/fr\/tours\/canada-fr\/toronto-fr\/private-sightseeing-tours-fr-18\/visite-privee-de-toronto-copy-2\/#breadcrumb\",\"itemListElement\":[{\"@type\":\"ListItem\",\"position\":1,\"name\":\"Home\",\"item\":\"https:\/\/tourtravelandmore.com\/fr\/\"},{\"@type\":\"ListItem\",\"position\":2,\"name\":\"Tours\",\"item\":\"https:\/\/tourtravelandmore.com\/fr\/tours\/\"},{\"@type\":\"ListItem\",\"position\":3,\"name\":\"Visite priv\u00e9e des montagnes bleues au d\u00e9part de Toronto\"}]},{\"@type\":\"WebSite\",\"@id\":\"https:\/\/tourtravelandmore.com\/fr\/#website\",\"url\":\"https:\/\/tourtravelandmore.com\/fr\/\",\"name\":\"Tour Travel And More\",\"description\":\"Private sightseeing tours and luxury transfers in Spain\",\"publisher\":{\"@id\":\"https:\/\/tourtravelandmore.com\/fr\/#organization\"},\"potentialAction\":[{\"@type\":\"SearchAction\",\"target\":{\"@type\":\"EntryPoint\",\"urlTemplate\":\"https:\/\/tourtravelandmore.com\/fr\/?s={search_term_string}\"},\"query-input\":{\"@type\":\"PropertyValueSpecification\",\"valueRequired\":true,\"valueName\":\"search_term_string\"}}],\"inLanguage\":\"fr-FR\"},{\"@type\":\"Organization\",\"@id\":\"https:\/\/tourtravelandmore.com\/fr\/#organization\",\"name\":\"Tour Travel And More\",\"url\":\"https:\/\/tourtravelandmore.com\/fr\/\",\"logo\":{\"@type\":\"ImageObject\",\"inLanguage\":\"fr-FR\",\"@id\":\"https:\/\/tourtravelandmore.com\/fr\/#\/schema\/logo\/image\/\",\"url\":\"https:\/\/tourtravelandmore.com\/wp-content\/uploads\/2022\/12\/cropped-logo-cabecera-new.png\",\"contentUrl\":\"https:\/\/tourtravelandmore.com\/wp-content\/uploads\/2022\/12\/cropped-logo-cabecera-new.png\",\"width\":430,\"height\":61,\"caption\":\"Tour Travel And More\"},\"image\":{\"@id\":\"https:\/\/tourtravelandmore.com\/fr\/#\/schema\/logo\/image\/\"},\"sameAs\":[\"https:\/\/www.facebook.com\/tourtravelandmore\/\",\"https:\/\/x.com\/TourTravel_More\"]}]}<\/script>\n<!-- \/ Yoast SEO Premium plugin. -->","yoast_head_json":{"title":"Visite priv\u00e9e des montagnes bleues au d\u00e9part de Toronto - TT&M","description":"Prenez cette visite priv\u00e9e de Blue Mountain au d\u00e9part de Toronto et profitez du meilleur de la ville de Toronto ! Il s'agit d'une excursion priv\u00e9e exceptionnelle ! \u2705","robots":{"index":"index","follow":"follow","max-snippet":"max-snippet:-1","max-image-preview":"max-image-preview:large","max-video-preview":"max-video-preview:-1"},"canonical":"https:\/\/tourtravelandmore.com\/fr\/tours\/canada-fr\/toronto-fr\/private-sightseeing-tours-fr-18\/visite-privee-de-toronto-copy-2\/","og_locale":"fr_FR","og_type":"article","og_title":"Visite priv\u00e9e des montagnes bleues au d\u00e9part de Toronto","og_description":"Prenez cette visite priv\u00e9e de Blue Mountain au d\u00e9part de Toronto et profitez du meilleur de la ville de Toronto ! Il s'agit d'une excursion priv\u00e9e exceptionnelle ! \u2705","og_url":"https:\/\/tourtravelandmore.com\/fr\/tours\/canada-fr\/toronto-fr\/private-sightseeing-tours-fr-18\/visite-privee-de-toronto-copy-2\/","og_site_name":"Tour Travel And More","article_publisher":"https:\/\/www.facebook.com\/tourtravelandmore\/","article_modified_time":"2024-08-30T15:52:53+00:00","og_image":[{"width":840,"height":560,"url":"https:\/\/tourtravelandmore.com\/wp-content\/uploads\/2024\/08\/Blue-Mountains.jpg","type":"image\/jpeg"}],"twitter_card":"summary_large_image","twitter_site":"@TourTravel_More","twitter_misc":{"Dur\u00e9e de lecture estim\u00e9e":"3 minutes"},"schema":{"@context":"https:\/\/schema.org","@graph":[{"@type":"WebPage","@id":"https:\/\/tourtravelandmore.com\/fr\/tours\/canada-fr\/toronto-fr\/private-sightseeing-tours-fr-18\/visite-privee-de-toronto-copy-2\/","url":"https:\/\/tourtravelandmore.com\/fr\/tours\/canada-fr\/toronto-fr\/private-sightseeing-tours-fr-18\/visite-privee-de-toronto-copy-2\/","name":"Visite priv\u00e9e des montagnes bleues au d\u00e9part de Toronto - TT&M","isPartOf":{"@id":"https:\/\/tourtravelandmore.com\/fr\/#website"},"primaryImageOfPage":{"@id":"https:\/\/tourtravelandmore.com\/fr\/tours\/canada-fr\/toronto-fr\/private-sightseeing-tours-fr-18\/visite-privee-de-toronto-copy-2\/#primaryimage"},"image":{"@id":"https:\/\/tourtravelandmore.com\/fr\/tours\/canada-fr\/toronto-fr\/private-sightseeing-tours-fr-18\/visite-privee-de-toronto-copy-2\/#primaryimage"},"thumbnailUrl":"https:\/\/tourtravelandmore.com\/wp-content\/uploads\/2024\/08\/Blue-Mountains.jpg","datePublished":"2024-08-30T15:26:04+00:00","dateModified":"2024-08-30T15:52:53+00:00","description":"Prenez cette visite priv\u00e9e de Blue Mountain au d\u00e9part de Toronto et profitez du meilleur de la ville de Toronto ! Il s'agit d'une excursion priv\u00e9e exceptionnelle ! \u2705","breadcrumb":{"@id":"https:\/\/tourtravelandmore.com\/fr\/tours\/canada-fr\/toronto-fr\/private-sightseeing-tours-fr-18\/visite-privee-de-toronto-copy-2\/#breadcrumb"},"inLanguage":"fr-FR","potentialAction":[{"@type":"ReadAction","target":["https:\/\/tourtravelandmore.com\/fr\/tours\/canada-fr\/toronto-fr\/private-sightseeing-tours-fr-18\/visite-privee-de-toronto-copy-2\/"]}]},{"@type":"ImageObject","inLanguage":"fr-FR","@id":"https:\/\/tourtravelandmore.com\/fr\/tours\/canada-fr\/toronto-fr\/private-sightseeing-tours-fr-18\/visite-privee-de-toronto-copy-2\/#primaryimage","url":"https:\/\/tourtravelandmore.com\/wp-content\/uploads\/2024\/08\/Blue-Mountains.jpg","contentUrl":"https:\/\/tourtravelandmore.com\/wp-content\/uploads\/2024\/08\/Blue-Mountains.jpg","width":840,"height":560},{"@type":"BreadcrumbList","@id":"https:\/\/tourtravelandmore.com\/fr\/tours\/canada-fr\/toronto-fr\/private-sightseeing-tours-fr-18\/visite-privee-de-toronto-copy-2\/#breadcrumb","itemListElement":[{"@type":"ListItem","position":1,"name":"Home","item":"https:\/\/tourtravelandmore.com\/fr\/"},{"@type":"ListItem","position":2,"name":"Tours","item":"https:\/\/tourtravelandmore.com\/fr\/tours\/"},{"@type":"ListItem","position":3,"name":"Visite priv\u00e9e des montagnes bleues au d\u00e9part de Toronto"}]},{"@type":"WebSite","@id":"https:\/\/tourtravelandmore.com\/fr\/#website","url":"https:\/\/tourtravelandmore.com\/fr\/","name":"Tour Travel And More","description":"Private sightseeing tours and luxury transfers in Spain","publisher":{"@id":"https:\/\/tourtravelandmore.com\/fr\/#organization"},"potentialAction":[{"@type":"SearchAction","target":{"@type":"EntryPoint","urlTemplate":"https:\/\/tourtravelandmore.com\/fr\/?s={search_term_string}"},"query-input":{"@type":"PropertyValueSpecification","valueRequired":true,"valueName":"search_term_string"}}],"inLanguage":"fr-FR"},{"@type":"Organization","@id":"https:\/\/tourtravelandmore.com\/fr\/#organization","name":"Tour Travel And More","url":"https:\/\/tourtravelandmore.com\/fr\/","logo":{"@type":"ImageObject","inLanguage":"fr-FR","@id":"https:\/\/tourtravelandmore.com\/fr\/#\/schema\/logo\/image\/","url":"https:\/\/tourtravelandmore.com\/wp-content\/uploads\/2022\/12\/cropped-logo-cabecera-new.png","contentUrl":"https:\/\/tourtravelandmore.com\/wp-content\/uploads\/2022\/12\/cropped-logo-cabecera-new.png","width":430,"height":61,"caption":"Tour Travel And More"},"image":{"@id":"https:\/\/tourtravelandmore.com\/fr\/#\/schema\/logo\/image\/"},"sameAs":["https:\/\/www.facebook.com\/tourtravelandmore\/","https:\/\/x.com\/TourTravel_More"]}]}},"_links":{"self":[{"href":"https:\/\/tourtravelandmore.com\/fr\/wp-json\/wp\/v2\/product\/177716","targetHints":{"allow":["GET"]}}],"collection":[{"href":"https:\/\/tourtravelandmore.com\/fr\/wp-json\/wp\/v2\/product"}],"about":[{"href":"https:\/\/tourtravelandmore.com\/fr\/wp-json\/wp\/v2\/types\/product"}],"replies":[{"embeddable":true,"href":"https:\/\/tourtravelandmore.com\/fr\/wp-json\/wp\/v2\/comments?post=177716"}],"wp:featuredmedia":[{"embeddable":true,"href":"https:\/\/tourtravelandmore.com\/fr\/wp-json\/wp\/v2\/media\/177728"}],"wp:attachment":[{"href":"https:\/\/tourtravelandmore.com\/fr\/wp-json\/wp\/v2\/media?parent=177716"}],"wp:term":[{"taxonomy":"product_brand","embeddable":true,"href":"https:\/\/tourtravelandmore.com\/fr\/wp-json\/wp\/v2\/product_brand?post=177716"},{"taxonomy":"product_cat","embeddable":true,"href":"https:\/\/tourtravelandmore.com\/fr\/wp-json\/wp\/v2\/product_cat?post=177716"},{"taxonomy":"product_tag","embeddable":true,"href":"https:\/\/tourtravelandmore.com\/fr\/wp-json\/wp\/v2\/product_tag?post=177716"}],"curies":[{"name":"wp","href":"https:\/\/api.w.org\/{rel}","templated":true}]}}