{"id":177567,"date":"2024-08-27T22:04:53","date_gmt":"2024-08-27T20:04:55","guid":{"rendered":"https:\/\/tourtravelandmore.com\/?post_type=product&#038;p=177567"},"modified":"2024-08-27T22:13:26","modified_gmt":"2024-08-27T20:13:26","slug":"meilleure-visite-privee-de-8-heures-distanbul-copy","status":"publish","type":"product","link":"https:\/\/tourtravelandmore.com\/fr\/tours\/turquie-fr\/istanbul-fr\/meilleure-visite-privee-de-8-heures-distanbul-copy\/","title":{"rendered":"Visite priv\u00e9e d&#8217;Istanbul avec billets"},"content":{"rendered":"<h2>Visite priv\u00e9e d&#8217;Istanbul avec billets Description<\/h2>\n<p>La Turquie, pays \u00e0 la position g\u00e9ographique strat\u00e9gique, s&#8217;\u00e9tend de la partie de l&#8217;Europe de l&#8217;Est \u00e0 celle de l&#8217;Asie de l&#8217;Ouest, divis\u00e9e par le d\u00e9troit du Bosphore. Elle a \u00e9t\u00e9 influenc\u00e9e par les cultures grecque, perse, romaine, byzantine et ottomane.<\/p>\n<p>Vous pouvez profiter d&#8217;une visite priv\u00e9e et personnalis\u00e9e de 8 heures de la ville d&#8217;Istanbul, pleine d&#8217;histoire et de splendeur. En outre, vous b\u00e9n\u00e9ficiez des services d&#8217;un guide bilingue et d&#8217;un v\u00e9hicule de luxe climatis\u00e9, qui viendra vous chercher et vous ram\u00e8nera \u00e0 votre h\u00f4tel.<\/p>\n<h2>Points d&#8217;int\u00e9r\u00eat<\/h2>\n<p>Votre voyage commence par une visite de Sainte-Sophie, merveille de l&#8217;architecture byzantine et symbole du pass\u00e9 historique d&#8217;Istanbul. De l\u00e0, vous explorerez la Mosqu\u00e9e bleue, connue pour ses d\u00f4mes magnifiques et ses carreaux de fa\u00efence complexes. La visite se poursuit au palais de Topkapi, o\u00f9 vous vous prom\u00e8nerez dans les salles opulentes et les cours luxuriantes qui abritaient autrefois les sultans ottomans.<\/p>\n<ul>\n<li><b><strong>Sainte-Sophie :<\/strong><\/b> Explorez la grandeur de ce chef-d&#8217;\u0153uvre architectural qui a servi d&#8217;\u00e9glise, de mosqu\u00e9e et maintenant de mus\u00e9e.<\/li>\n<li><b><strong>Mosqu\u00e9e bleue :<\/strong><\/b> Admirez les magnifiques tuiles bleues et les six minarets imposants de ce monument embl\u00e9matique d&#8217;Istanbul.<\/li>\n<li><b><strong>Palais de Topkapi :<\/strong><\/b> Remontez le temps en vous promenant dans l&#8217;ancienne r\u00e9sidence des sultans ottomans.<\/li>\n<li><b><strong>Le Grand Bazar :<\/strong><\/b> D\u00e9couvrez l&#8217;\u00e9nergie tr\u00e9pidante de l&#8217;un des plus anciens march\u00e9s du monde, avec plus de 4 000 boutiques \u00e0 explorer.<\/li>\n<li><b><strong>Route du Bosphore :<\/strong><\/b> Profitez des vues panoramiques de la ligne d&#8217;horizon d&#8217;Istanbul et du majestueux d\u00e9troit du Bosphore depuis le confort de votre v\u00e9hicule priv\u00e9.<\/li>\n<\/ul>\n<p>Apr\u00e8s un d\u00e9licieux d\u00e9jeuner local, l&#8217;aventure vous emm\u00e8ne au Grand Bazar, l&#8217;un des plus grands et des plus anciens march\u00e9s couverts du monde. Ici, vous pouvez vous immerger dans l&#8217;atmosph\u00e8re vibrante tout en cherchant des souvenirs uniques, des bijoux exquis aux tapis faits \u00e0 la main. L&#8217;excursion se termine par un trajet pittoresque le long du Bosphore, offrant des vues \u00e0 couper le souffle sur la ligne d&#8217;horizon de la ville et ses monuments embl\u00e9matiques.<\/p>\n<p>Tout au long de la journ\u00e9e, votre guide vous donnera un aper\u00e7u fascinant de l&#8217;histoire et de la culture d&#8217;Istanbul, vous garantissant ainsi une exp\u00e9rience m\u00e9morable et enrichissante.<\/p>\n<p><a href=\"https:\/\/tourtravelandmore.com\/fr\/city\/turquie-fr\/istanbul-en\/\">Ne manquez pas nos visites priv\u00e9es d&#8217;Istanbul.<\/a><\/p>\n","protected":false},"excerpt":{"rendered":"<p>Visite priv\u00e9e et personnalis\u00e9e de 8 heures, avec guide bilingue et v\u00e9hicule climatis\u00e9. Visite des sites historiques spectaculaires et de la splendeur de l&#8217;architecture ancienne d&#8217;Istanbul. Influenc\u00e9 par les structures grecques, perses, romaines, byzantines et ottomanes.<\/p>\n","protected":false},"featured_media":177579,"comment_status":"open","ping_status":"closed","template":"","meta":{"_acf_changed":false},"product_brand":[],"product_cat":[5431,5434,3734,3830],"product_tag":[],"class_list":{"0":"post-177567","1":"product","2":"type-product","3":"status-publish","4":"has-post-thumbnail","6":"product_cat-all-private-tours-activities-fr-33","7":"product_cat-private-tours-fr-2","8":"product_cat-turquie-fr","9":"product_cat-istanbul-fr","11":"first","12":"instock","13":"shipping-taxable","14":"purchasable","15":"product-type-simple"},"acf":[],"yoast_head":"<!-- This site is optimized with the Yoast SEO Premium plugin v25.3.1 (Yoast SEO v25.3.1) - https:\/\/yoast.com\/wordpress\/plugins\/seo\/ -->\n<title>La meilleure visite priv\u00e9e de 8 heures d&#039;Istanbul - TourTravel &amp; More<\/title>\n<meta name=\"description\" content=\"Visite priv\u00e9e d&#039;Istanbul, visite des sites historiques importants de la ville et de l&#039;influence laiss\u00e9e par les cultures du pass\u00e9\" \/>\n<meta name=\"robots\" content=\"index, follow, max-snippet:-1, max-image-preview:large, max-video-preview:-1\" \/>\n<link rel=\"canonical\" href=\"https:\/\/tourtravelandmore.com\/fr\/tours\/turquie-fr\/istanbul-fr\/meilleure-visite-privee-de-8-heures-distanbul-copy\/\" \/>\n<meta property=\"og:locale\" content=\"fr_FR\" \/>\n<meta property=\"og:type\" content=\"article\" \/>\n<meta property=\"og:title\" content=\"Visite priv\u00e9e d&#039;Istanbul avec billets\" \/>\n<meta property=\"og:description\" content=\"Visite priv\u00e9e d&#039;Istanbul, visite des sites historiques importants de la ville et de l&#039;influence laiss\u00e9e par les cultures du pass\u00e9\" \/>\n<meta property=\"og:url\" content=\"https:\/\/tourtravelandmore.com\/fr\/tours\/turquie-fr\/istanbul-fr\/meilleure-visite-privee-de-8-heures-distanbul-copy\/\" \/>\n<meta property=\"og:site_name\" content=\"Tour Travel And More\" \/>\n<meta property=\"article:publisher\" content=\"https:\/\/www.facebook.com\/tourtravelandmore\/\" \/>\n<meta property=\"article:modified_time\" content=\"2024-08-27T20:13:26+00:00\" \/>\n<meta property=\"og:image\" content=\"https:\/\/tourtravelandmore.com\/wp-content\/uploads\/2024\/08\/pexels-meruyert-gonullu-6152151.jpg\" \/>\n\t<meta property=\"og:image:width\" content=\"1279\" \/>\n\t<meta property=\"og:image:height\" content=\"853\" \/>\n\t<meta property=\"og:image:type\" content=\"image\/jpeg\" \/>\n<meta name=\"twitter:card\" content=\"summary_large_image\" \/>\n<meta name=\"twitter:site\" content=\"@TourTravel_More\" \/>\n<meta name=\"twitter:label1\" content=\"Dur\u00e9e de lecture estim\u00e9e\" \/>\n\t<meta name=\"twitter:data1\" content=\"2 minutes\" \/>\n<script type=\"application\/ld+json\" class=\"yoast-schema-graph\">{\"@context\":\"https:\/\/schema.org\",\"@graph\":[{\"@type\":\"WebPage\",\"@id\":\"https:\/\/tourtravelandmore.com\/fr\/tours\/turquie-fr\/istanbul-fr\/meilleure-visite-privee-de-8-heures-distanbul-copy\/\",\"url\":\"https:\/\/tourtravelandmore.com\/fr\/tours\/turquie-fr\/istanbul-fr\/meilleure-visite-privee-de-8-heures-distanbul-copy\/\",\"name\":\"La meilleure visite priv\u00e9e de 8 heures d'Istanbul - TourTravel & More\",\"isPartOf\":{\"@id\":\"https:\/\/tourtravelandmore.com\/fr\/#website\"},\"primaryImageOfPage\":{\"@id\":\"https:\/\/tourtravelandmore.com\/fr\/tours\/turquie-fr\/istanbul-fr\/meilleure-visite-privee-de-8-heures-distanbul-copy\/#primaryimage\"},\"image\":{\"@id\":\"https:\/\/tourtravelandmore.com\/fr\/tours\/turquie-fr\/istanbul-fr\/meilleure-visite-privee-de-8-heures-distanbul-copy\/#primaryimage\"},\"thumbnailUrl\":\"https:\/\/tourtravelandmore.com\/wp-content\/uploads\/2024\/08\/pexels-meruyert-gonullu-6152151.jpg\",\"datePublished\":\"2024-08-27T20:04:55+00:00\",\"dateModified\":\"2024-08-27T20:13:26+00:00\",\"description\":\"Visite priv\u00e9e d'Istanbul, visite des sites historiques importants de la ville et de l'influence laiss\u00e9e par les cultures du pass\u00e9\",\"breadcrumb\":{\"@id\":\"https:\/\/tourtravelandmore.com\/fr\/tours\/turquie-fr\/istanbul-fr\/meilleure-visite-privee-de-8-heures-distanbul-copy\/#breadcrumb\"},\"inLanguage\":\"fr-FR\",\"potentialAction\":[{\"@type\":\"ReadAction\",\"target\":[\"https:\/\/tourtravelandmore.com\/fr\/tours\/turquie-fr\/istanbul-fr\/meilleure-visite-privee-de-8-heures-distanbul-copy\/\"]}]},{\"@type\":\"ImageObject\",\"inLanguage\":\"fr-FR\",\"@id\":\"https:\/\/tourtravelandmore.com\/fr\/tours\/turquie-fr\/istanbul-fr\/meilleure-visite-privee-de-8-heures-distanbul-copy\/#primaryimage\",\"url\":\"https:\/\/tourtravelandmore.com\/wp-content\/uploads\/2024\/08\/pexels-meruyert-gonullu-6152151.jpg\",\"contentUrl\":\"https:\/\/tourtravelandmore.com\/wp-content\/uploads\/2024\/08\/pexels-meruyert-gonullu-6152151.jpg\",\"width\":1279,\"height\":853},{\"@type\":\"BreadcrumbList\",\"@id\":\"https:\/\/tourtravelandmore.com\/fr\/tours\/turquie-fr\/istanbul-fr\/meilleure-visite-privee-de-8-heures-distanbul-copy\/#breadcrumb\",\"itemListElement\":[{\"@type\":\"ListItem\",\"position\":1,\"name\":\"Home\",\"item\":\"https:\/\/tourtravelandmore.com\/fr\/\"},{\"@type\":\"ListItem\",\"position\":2,\"name\":\"Tours\",\"item\":\"https:\/\/tourtravelandmore.com\/fr\/tours\/\"},{\"@type\":\"ListItem\",\"position\":3,\"name\":\"Visite priv\u00e9e d&#8217;Istanbul avec billets\"}]},{\"@type\":\"WebSite\",\"@id\":\"https:\/\/tourtravelandmore.com\/fr\/#website\",\"url\":\"https:\/\/tourtravelandmore.com\/fr\/\",\"name\":\"Tour Travel And More\",\"description\":\"Private sightseeing tours and luxury transfers in Spain\",\"publisher\":{\"@id\":\"https:\/\/tourtravelandmore.com\/fr\/#organization\"},\"potentialAction\":[{\"@type\":\"SearchAction\",\"target\":{\"@type\":\"EntryPoint\",\"urlTemplate\":\"https:\/\/tourtravelandmore.com\/fr\/?s={search_term_string}\"},\"query-input\":{\"@type\":\"PropertyValueSpecification\",\"valueRequired\":true,\"valueName\":\"search_term_string\"}}],\"inLanguage\":\"fr-FR\"},{\"@type\":\"Organization\",\"@id\":\"https:\/\/tourtravelandmore.com\/fr\/#organization\",\"name\":\"Tour Travel And More\",\"url\":\"https:\/\/tourtravelandmore.com\/fr\/\",\"logo\":{\"@type\":\"ImageObject\",\"inLanguage\":\"fr-FR\",\"@id\":\"https:\/\/tourtravelandmore.com\/fr\/#\/schema\/logo\/image\/\",\"url\":\"https:\/\/tourtravelandmore.com\/wp-content\/uploads\/2022\/12\/cropped-logo-cabecera-new.png\",\"contentUrl\":\"https:\/\/tourtravelandmore.com\/wp-content\/uploads\/2022\/12\/cropped-logo-cabecera-new.png\",\"width\":430,\"height\":61,\"caption\":\"Tour Travel And More\"},\"image\":{\"@id\":\"https:\/\/tourtravelandmore.com\/fr\/#\/schema\/logo\/image\/\"},\"sameAs\":[\"https:\/\/www.facebook.com\/tourtravelandmore\/\",\"https:\/\/x.com\/TourTravel_More\"]}]}<\/script>\n<!-- \/ Yoast SEO Premium plugin. -->","yoast_head_json":{"title":"La meilleure visite priv\u00e9e de 8 heures d'Istanbul - TourTravel & More","description":"Visite priv\u00e9e d'Istanbul, visite des sites historiques importants de la ville et de l'influence laiss\u00e9e par les cultures du pass\u00e9","robots":{"index":"index","follow":"follow","max-snippet":"max-snippet:-1","max-image-preview":"max-image-preview:large","max-video-preview":"max-video-preview:-1"},"canonical":"https:\/\/tourtravelandmore.com\/fr\/tours\/turquie-fr\/istanbul-fr\/meilleure-visite-privee-de-8-heures-distanbul-copy\/","og_locale":"fr_FR","og_type":"article","og_title":"Visite priv\u00e9e d'Istanbul avec billets","og_description":"Visite priv\u00e9e d'Istanbul, visite des sites historiques importants de la ville et de l'influence laiss\u00e9e par les cultures du pass\u00e9","og_url":"https:\/\/tourtravelandmore.com\/fr\/tours\/turquie-fr\/istanbul-fr\/meilleure-visite-privee-de-8-heures-distanbul-copy\/","og_site_name":"Tour Travel And More","article_publisher":"https:\/\/www.facebook.com\/tourtravelandmore\/","article_modified_time":"2024-08-27T20:13:26+00:00","og_image":[{"width":1279,"height":853,"url":"https:\/\/tourtravelandmore.com\/wp-content\/uploads\/2024\/08\/pexels-meruyert-gonullu-6152151.jpg","type":"image\/jpeg"}],"twitter_card":"summary_large_image","twitter_site":"@TourTravel_More","twitter_misc":{"Dur\u00e9e de lecture estim\u00e9e":"2 minutes"},"schema":{"@context":"https:\/\/schema.org","@graph":[{"@type":"WebPage","@id":"https:\/\/tourtravelandmore.com\/fr\/tours\/turquie-fr\/istanbul-fr\/meilleure-visite-privee-de-8-heures-distanbul-copy\/","url":"https:\/\/tourtravelandmore.com\/fr\/tours\/turquie-fr\/istanbul-fr\/meilleure-visite-privee-de-8-heures-distanbul-copy\/","name":"La meilleure visite priv\u00e9e de 8 heures d'Istanbul - TourTravel & More","isPartOf":{"@id":"https:\/\/tourtravelandmore.com\/fr\/#website"},"primaryImageOfPage":{"@id":"https:\/\/tourtravelandmore.com\/fr\/tours\/turquie-fr\/istanbul-fr\/meilleure-visite-privee-de-8-heures-distanbul-copy\/#primaryimage"},"image":{"@id":"https:\/\/tourtravelandmore.com\/fr\/tours\/turquie-fr\/istanbul-fr\/meilleure-visite-privee-de-8-heures-distanbul-copy\/#primaryimage"},"thumbnailUrl":"https:\/\/tourtravelandmore.com\/wp-content\/uploads\/2024\/08\/pexels-meruyert-gonullu-6152151.jpg","datePublished":"2024-08-27T20:04:55+00:00","dateModified":"2024-08-27T20:13:26+00:00","description":"Visite priv\u00e9e d'Istanbul, visite des sites historiques importants de la ville et de l'influence laiss\u00e9e par les cultures du pass\u00e9","breadcrumb":{"@id":"https:\/\/tourtravelandmore.com\/fr\/tours\/turquie-fr\/istanbul-fr\/meilleure-visite-privee-de-8-heures-distanbul-copy\/#breadcrumb"},"inLanguage":"fr-FR","potentialAction":[{"@type":"ReadAction","target":["https:\/\/tourtravelandmore.com\/fr\/tours\/turquie-fr\/istanbul-fr\/meilleure-visite-privee-de-8-heures-distanbul-copy\/"]}]},{"@type":"ImageObject","inLanguage":"fr-FR","@id":"https:\/\/tourtravelandmore.com\/fr\/tours\/turquie-fr\/istanbul-fr\/meilleure-visite-privee-de-8-heures-distanbul-copy\/#primaryimage","url":"https:\/\/tourtravelandmore.com\/wp-content\/uploads\/2024\/08\/pexels-meruyert-gonullu-6152151.jpg","contentUrl":"https:\/\/tourtravelandmore.com\/wp-content\/uploads\/2024\/08\/pexels-meruyert-gonullu-6152151.jpg","width":1279,"height":853},{"@type":"BreadcrumbList","@id":"https:\/\/tourtravelandmore.com\/fr\/tours\/turquie-fr\/istanbul-fr\/meilleure-visite-privee-de-8-heures-distanbul-copy\/#breadcrumb","itemListElement":[{"@type":"ListItem","position":1,"name":"Home","item":"https:\/\/tourtravelandmore.com\/fr\/"},{"@type":"ListItem","position":2,"name":"Tours","item":"https:\/\/tourtravelandmore.com\/fr\/tours\/"},{"@type":"ListItem","position":3,"name":"Visite priv\u00e9e d&#8217;Istanbul avec billets"}]},{"@type":"WebSite","@id":"https:\/\/tourtravelandmore.com\/fr\/#website","url":"https:\/\/tourtravelandmore.com\/fr\/","name":"Tour Travel And More","description":"Private sightseeing tours and luxury transfers in Spain","publisher":{"@id":"https:\/\/tourtravelandmore.com\/fr\/#organization"},"potentialAction":[{"@type":"SearchAction","target":{"@type":"EntryPoint","urlTemplate":"https:\/\/tourtravelandmore.com\/fr\/?s={search_term_string}"},"query-input":{"@type":"PropertyValueSpecification","valueRequired":true,"valueName":"search_term_string"}}],"inLanguage":"fr-FR"},{"@type":"Organization","@id":"https:\/\/tourtravelandmore.com\/fr\/#organization","name":"Tour Travel And More","url":"https:\/\/tourtravelandmore.com\/fr\/","logo":{"@type":"ImageObject","inLanguage":"fr-FR","@id":"https:\/\/tourtravelandmore.com\/fr\/#\/schema\/logo\/image\/","url":"https:\/\/tourtravelandmore.com\/wp-content\/uploads\/2022\/12\/cropped-logo-cabecera-new.png","contentUrl":"https:\/\/tourtravelandmore.com\/wp-content\/uploads\/2022\/12\/cropped-logo-cabecera-new.png","width":430,"height":61,"caption":"Tour Travel And More"},"image":{"@id":"https:\/\/tourtravelandmore.com\/fr\/#\/schema\/logo\/image\/"},"sameAs":["https:\/\/www.facebook.com\/tourtravelandmore\/","https:\/\/x.com\/TourTravel_More"]}]}},"_links":{"self":[{"href":"https:\/\/tourtravelandmore.com\/fr\/wp-json\/wp\/v2\/product\/177567","targetHints":{"allow":["GET"]}}],"collection":[{"href":"https:\/\/tourtravelandmore.com\/fr\/wp-json\/wp\/v2\/product"}],"about":[{"href":"https:\/\/tourtravelandmore.com\/fr\/wp-json\/wp\/v2\/types\/product"}],"replies":[{"embeddable":true,"href":"https:\/\/tourtravelandmore.com\/fr\/wp-json\/wp\/v2\/comments?post=177567"}],"wp:featuredmedia":[{"embeddable":true,"href":"https:\/\/tourtravelandmore.com\/fr\/wp-json\/wp\/v2\/media\/177579"}],"wp:attachment":[{"href":"https:\/\/tourtravelandmore.com\/fr\/wp-json\/wp\/v2\/media?parent=177567"}],"wp:term":[{"taxonomy":"product_brand","embeddable":true,"href":"https:\/\/tourtravelandmore.com\/fr\/wp-json\/wp\/v2\/product_brand?post=177567"},{"taxonomy":"product_cat","embeddable":true,"href":"https:\/\/tourtravelandmore.com\/fr\/wp-json\/wp\/v2\/product_cat?post=177567"},{"taxonomy":"product_tag","embeddable":true,"href":"https:\/\/tourtravelandmore.com\/fr\/wp-json\/wp\/v2\/product_tag?post=177567"}],"curies":[{"name":"wp","href":"https:\/\/api.w.org\/{rel}","templated":true}]}}