{"id":177535,"date":"2024-08-27T21:21:11","date_gmt":"2024-08-27T19:21:16","guid":{"rendered":"https:\/\/tourtravelandmore.com\/?post_type=product&#038;p=177535"},"modified":"2024-08-27T21:42:15","modified_gmt":"2024-08-27T19:42:15","slug":"visite-privee-rapide-distanbul","status":"publish","type":"product","link":"https:\/\/tourtravelandmore.com\/fr\/tours\/turquie-fr\/istanbul-fr\/visite-privee-rapide-distanbul\/","title":{"rendered":"Visite priv\u00e9e rapide d&#8217;Istanbul"},"content":{"rendered":"<h2>Visite priv\u00e9e rapide d&#8217;Istanbul Description<\/h2>\n<p>La Turquie, pays \u00e0 la position g\u00e9ographique strat\u00e9gique, s&#8217;\u00e9tend de la partie de l&#8217;Europe de l&#8217;Est \u00e0 celle de l&#8217;Asie de l&#8217;Ouest, divis\u00e9e par le d\u00e9troit du Bosphore. Elle a \u00e9t\u00e9 influenc\u00e9e par les cultures grecque, perse, romaine, byzantine et ottomane.<\/p>\n<p>Vous pouvez profiter d&#8217;une visite priv\u00e9e et personnalis\u00e9e de 4 heures de la ville d&#8217;Istanbul, pleine d&#8217;histoire et de splendeur. En outre, vous b\u00e9n\u00e9ficiez des services d&#8217;un guide bilingue et d&#8217;un v\u00e9hicule de luxe climatis\u00e9, qui viendra vous chercher et vous ram\u00e8nera \u00e0 votre h\u00f4tel.<\/p>\n<h2>Points d&#8217;int\u00e9r\u00eat<\/h2>\n<p>Votre voyage commence par une visite de Sainte-Sophie, merveille de l&#8217;architecture byzantine et symbole du pass\u00e9 historique d&#8217;Istanbul. De l\u00e0, vous explorerez la Mosqu\u00e9e bleue, connue pour ses d\u00f4mes magnifiques et ses carreaux de fa\u00efence complexes. La visite se poursuit au palais de Topkapi, o\u00f9 vous vous prom\u00e8nerez dans les salles opulentes et les cours luxuriantes qui abritaient autrefois les sultans ottomans.<\/p>\n<ul>\n<li><strong>Sainte-Sophie :<\/strong> Explorez la grandeur de ce chef-d&#8217;\u0153uvre architectural qui a servi d&#8217;\u00e9glise, de mosqu\u00e9e et maintenant de mus\u00e9e.<\/li>\n<li><strong>Mosqu\u00e9e bleue :<\/strong> Admirez les magnifiques tuiles bleues et les six minarets imposants de ce monument embl\u00e9matique d&#8217;Istanbul.<\/li>\n<li><strong>Palais de Topkapi :<\/strong> Remontez le temps en vous promenant dans l&#8217;ancienne r\u00e9sidence des sultans ottomans.<\/li>\n<li><strong>Le Grand Bazar :<\/strong> D\u00e9couvrez l&#8217;\u00e9nergie tr\u00e9pidante de l&#8217;un des plus anciens march\u00e9s du monde, avec plus de 4 000 boutiques \u00e0 explorer.<\/li>\n<li><strong>Route du Bosphore :<\/strong> Profitez d&#8217;une vue panoramique sur la ligne d&#8217;horizon d&#8217;Istanbul et le majestueux d\u00e9troit du Bosphore depuis le confort de votre v\u00e9hicule priv\u00e9.<\/li>\n<\/ul>\n<p>Entrez dans l&#8217;impressionnante Sainte-Sophie, chef-d&#8217;\u0153uvre de l&#8217;architecture byzantine et symbole de la riche histoire d&#8217;Istanbul. Dans le cadre de votre visite priv\u00e9e, l&#8217;entr\u00e9e dans ce monument embl\u00e9matique est incluse, ce qui vous permet d&#8217;explorer ses magnifiques int\u00e9rieurs \u00e0 votre propre rythme. \u00c9merveillez-vous devant la grande coupole, les mosa\u00efques complexes et les fresques vieilles de plusieurs si\u00e8cles qui racontent l&#8217;histoire des empires pass\u00e9s. Que vous soyez captiv\u00e9 par sa signification religieuse ou sa grandeur architecturale, Sainte-Sophie offre un aper\u00e7u de l&#8217;h\u00e9ritage spirituel et culturel d&#8217;Istanbul, ce qui en fait un point fort incontournable de votre voyage.<\/p>\n<p>Tout au long de la journ\u00e9e, votre guide vous donnera un aper\u00e7u fascinant de l&#8217;histoire et de la culture d&#8217;Istanbul, vous garantissant ainsi une exp\u00e9rience m\u00e9morable et enrichissante.<\/p>\n<p><a href=\"https:\/\/tourtravelandmore.com\/fr\/city\/turquie-fr\/istanbul-en\/\">Ne manquez pas nos visites priv\u00e9es d&#8217;Istanbul.<\/a><\/p>\n","protected":false},"excerpt":{"rendered":"<p>Visite priv\u00e9e et personnalis\u00e9e de\u00a0 4 heures, avec guide bilingue et v\u00e9hicule climatis\u00e9. Visite des sites historiques spectaculaires et de la splendeur de l&#8217;architecture ancienne d&#8217;Istanbul. Influenc\u00e9 par les structures grecques, perses, romaines, byzantines et ottomanes.<\/p>\n","protected":false},"featured_media":177552,"comment_status":"open","ping_status":"closed","template":"","meta":{"_acf_changed":false},"product_brand":[],"product_cat":[3734,3830],"product_tag":[],"class_list":{"0":"post-177535","1":"product","2":"type-product","3":"status-publish","4":"has-post-thumbnail","6":"product_cat-turquie-fr","7":"product_cat-istanbul-fr","9":"first","10":"instock","11":"shipping-taxable","12":"purchasable","13":"product-type-simple"},"acf":[],"yoast_head":"<!-- This site is optimized with the Yoast SEO Premium plugin v25.3.1 (Yoast SEO v25.3.1) - https:\/\/yoast.com\/wordpress\/plugins\/seo\/ -->\n<title>La meilleure visite priv\u00e9e de 8 heures d&#039;Istanbul - TourTravel &amp; More<\/title>\n<meta name=\"description\" content=\"Visite priv\u00e9e d&#039;Istanbul, visite des sites historiques importants de la ville et de l&#039;influence laiss\u00e9e par les cultures du pass\u00e9\" \/>\n<meta name=\"robots\" content=\"index, follow, max-snippet:-1, max-image-preview:large, max-video-preview:-1\" \/>\n<link rel=\"canonical\" href=\"https:\/\/tourtravelandmore.com\/fr\/tours\/turquie-fr\/istanbul-fr\/visite-privee-rapide-distanbul\/\" \/>\n<meta property=\"og:locale\" content=\"fr_FR\" \/>\n<meta property=\"og:type\" content=\"article\" \/>\n<meta property=\"og:title\" content=\"Visite priv\u00e9e rapide d&#039;Istanbul\" \/>\n<meta property=\"og:description\" content=\"Visite priv\u00e9e d&#039;Istanbul, visite des sites historiques importants de la ville et de l&#039;influence laiss\u00e9e par les cultures du pass\u00e9\" \/>\n<meta property=\"og:url\" content=\"https:\/\/tourtravelandmore.com\/fr\/tours\/turquie-fr\/istanbul-fr\/visite-privee-rapide-distanbul\/\" \/>\n<meta property=\"og:site_name\" content=\"Tour Travel And More\" \/>\n<meta property=\"article:publisher\" content=\"https:\/\/www.facebook.com\/tourtravelandmore\/\" \/>\n<meta property=\"article:modified_time\" content=\"2024-08-27T19:42:15+00:00\" \/>\n<meta property=\"og:image\" content=\"https:\/\/tourtravelandmore.com\/wp-content\/uploads\/2024\/08\/pexels-ozgomz-2818045.jpg\" \/>\n\t<meta property=\"og:image:width\" content=\"1280\" \/>\n\t<meta property=\"og:image:height\" content=\"853\" \/>\n\t<meta property=\"og:image:type\" content=\"image\/jpeg\" \/>\n<meta name=\"twitter:card\" content=\"summary_large_image\" \/>\n<meta name=\"twitter:site\" content=\"@TourTravel_More\" \/>\n<meta name=\"twitter:label1\" content=\"Dur\u00e9e de lecture estim\u00e9e\" \/>\n\t<meta name=\"twitter:data1\" content=\"2 minutes\" \/>\n<script type=\"application\/ld+json\" class=\"yoast-schema-graph\">{\"@context\":\"https:\/\/schema.org\",\"@graph\":[{\"@type\":\"WebPage\",\"@id\":\"https:\/\/tourtravelandmore.com\/fr\/tours\/turquie-fr\/istanbul-fr\/visite-privee-rapide-distanbul\/\",\"url\":\"https:\/\/tourtravelandmore.com\/fr\/tours\/turquie-fr\/istanbul-fr\/visite-privee-rapide-distanbul\/\",\"name\":\"La meilleure visite priv\u00e9e de 8 heures d'Istanbul - TourTravel & More\",\"isPartOf\":{\"@id\":\"https:\/\/tourtravelandmore.com\/fr\/#website\"},\"primaryImageOfPage\":{\"@id\":\"https:\/\/tourtravelandmore.com\/fr\/tours\/turquie-fr\/istanbul-fr\/visite-privee-rapide-distanbul\/#primaryimage\"},\"image\":{\"@id\":\"https:\/\/tourtravelandmore.com\/fr\/tours\/turquie-fr\/istanbul-fr\/visite-privee-rapide-distanbul\/#primaryimage\"},\"thumbnailUrl\":\"https:\/\/tourtravelandmore.com\/wp-content\/uploads\/2024\/08\/pexels-ozgomz-2818045.jpg\",\"datePublished\":\"2024-08-27T19:21:16+00:00\",\"dateModified\":\"2024-08-27T19:42:15+00:00\",\"description\":\"Visite priv\u00e9e d'Istanbul, visite des sites historiques importants de la ville et de l'influence laiss\u00e9e par les cultures du pass\u00e9\",\"breadcrumb\":{\"@id\":\"https:\/\/tourtravelandmore.com\/fr\/tours\/turquie-fr\/istanbul-fr\/visite-privee-rapide-distanbul\/#breadcrumb\"},\"inLanguage\":\"fr-FR\",\"potentialAction\":[{\"@type\":\"ReadAction\",\"target\":[\"https:\/\/tourtravelandmore.com\/fr\/tours\/turquie-fr\/istanbul-fr\/visite-privee-rapide-distanbul\/\"]}]},{\"@type\":\"ImageObject\",\"inLanguage\":\"fr-FR\",\"@id\":\"https:\/\/tourtravelandmore.com\/fr\/tours\/turquie-fr\/istanbul-fr\/visite-privee-rapide-distanbul\/#primaryimage\",\"url\":\"https:\/\/tourtravelandmore.com\/wp-content\/uploads\/2024\/08\/pexels-ozgomz-2818045.jpg\",\"contentUrl\":\"https:\/\/tourtravelandmore.com\/wp-content\/uploads\/2024\/08\/pexels-ozgomz-2818045.jpg\",\"width\":1280,\"height\":853},{\"@type\":\"BreadcrumbList\",\"@id\":\"https:\/\/tourtravelandmore.com\/fr\/tours\/turquie-fr\/istanbul-fr\/visite-privee-rapide-distanbul\/#breadcrumb\",\"itemListElement\":[{\"@type\":\"ListItem\",\"position\":1,\"name\":\"Home\",\"item\":\"https:\/\/tourtravelandmore.com\/fr\/\"},{\"@type\":\"ListItem\",\"position\":2,\"name\":\"Tours\",\"item\":\"https:\/\/tourtravelandmore.com\/fr\/tours\/\"},{\"@type\":\"ListItem\",\"position\":3,\"name\":\"Visite priv\u00e9e rapide d&#8217;Istanbul\"}]},{\"@type\":\"WebSite\",\"@id\":\"https:\/\/tourtravelandmore.com\/fr\/#website\",\"url\":\"https:\/\/tourtravelandmore.com\/fr\/\",\"name\":\"Tour Travel And More\",\"description\":\"Private sightseeing tours and luxury transfers in Spain\",\"publisher\":{\"@id\":\"https:\/\/tourtravelandmore.com\/fr\/#organization\"},\"potentialAction\":[{\"@type\":\"SearchAction\",\"target\":{\"@type\":\"EntryPoint\",\"urlTemplate\":\"https:\/\/tourtravelandmore.com\/fr\/?s={search_term_string}\"},\"query-input\":{\"@type\":\"PropertyValueSpecification\",\"valueRequired\":true,\"valueName\":\"search_term_string\"}}],\"inLanguage\":\"fr-FR\"},{\"@type\":\"Organization\",\"@id\":\"https:\/\/tourtravelandmore.com\/fr\/#organization\",\"name\":\"Tour Travel And More\",\"url\":\"https:\/\/tourtravelandmore.com\/fr\/\",\"logo\":{\"@type\":\"ImageObject\",\"inLanguage\":\"fr-FR\",\"@id\":\"https:\/\/tourtravelandmore.com\/fr\/#\/schema\/logo\/image\/\",\"url\":\"https:\/\/tourtravelandmore.com\/wp-content\/uploads\/2022\/12\/cropped-logo-cabecera-new.png\",\"contentUrl\":\"https:\/\/tourtravelandmore.com\/wp-content\/uploads\/2022\/12\/cropped-logo-cabecera-new.png\",\"width\":430,\"height\":61,\"caption\":\"Tour Travel And More\"},\"image\":{\"@id\":\"https:\/\/tourtravelandmore.com\/fr\/#\/schema\/logo\/image\/\"},\"sameAs\":[\"https:\/\/www.facebook.com\/tourtravelandmore\/\",\"https:\/\/x.com\/TourTravel_More\"]}]}<\/script>\n<!-- \/ Yoast SEO Premium plugin. -->","yoast_head_json":{"title":"La meilleure visite priv\u00e9e de 8 heures d'Istanbul - TourTravel & More","description":"Visite priv\u00e9e d'Istanbul, visite des sites historiques importants de la ville et de l'influence laiss\u00e9e par les cultures du pass\u00e9","robots":{"index":"index","follow":"follow","max-snippet":"max-snippet:-1","max-image-preview":"max-image-preview:large","max-video-preview":"max-video-preview:-1"},"canonical":"https:\/\/tourtravelandmore.com\/fr\/tours\/turquie-fr\/istanbul-fr\/visite-privee-rapide-distanbul\/","og_locale":"fr_FR","og_type":"article","og_title":"Visite priv\u00e9e rapide d'Istanbul","og_description":"Visite priv\u00e9e d'Istanbul, visite des sites historiques importants de la ville et de l'influence laiss\u00e9e par les cultures du pass\u00e9","og_url":"https:\/\/tourtravelandmore.com\/fr\/tours\/turquie-fr\/istanbul-fr\/visite-privee-rapide-distanbul\/","og_site_name":"Tour Travel And More","article_publisher":"https:\/\/www.facebook.com\/tourtravelandmore\/","article_modified_time":"2024-08-27T19:42:15+00:00","og_image":[{"width":1280,"height":853,"url":"https:\/\/tourtravelandmore.com\/wp-content\/uploads\/2024\/08\/pexels-ozgomz-2818045.jpg","type":"image\/jpeg"}],"twitter_card":"summary_large_image","twitter_site":"@TourTravel_More","twitter_misc":{"Dur\u00e9e de lecture estim\u00e9e":"2 minutes"},"schema":{"@context":"https:\/\/schema.org","@graph":[{"@type":"WebPage","@id":"https:\/\/tourtravelandmore.com\/fr\/tours\/turquie-fr\/istanbul-fr\/visite-privee-rapide-distanbul\/","url":"https:\/\/tourtravelandmore.com\/fr\/tours\/turquie-fr\/istanbul-fr\/visite-privee-rapide-distanbul\/","name":"La meilleure visite priv\u00e9e de 8 heures d'Istanbul - TourTravel & More","isPartOf":{"@id":"https:\/\/tourtravelandmore.com\/fr\/#website"},"primaryImageOfPage":{"@id":"https:\/\/tourtravelandmore.com\/fr\/tours\/turquie-fr\/istanbul-fr\/visite-privee-rapide-distanbul\/#primaryimage"},"image":{"@id":"https:\/\/tourtravelandmore.com\/fr\/tours\/turquie-fr\/istanbul-fr\/visite-privee-rapide-distanbul\/#primaryimage"},"thumbnailUrl":"https:\/\/tourtravelandmore.com\/wp-content\/uploads\/2024\/08\/pexels-ozgomz-2818045.jpg","datePublished":"2024-08-27T19:21:16+00:00","dateModified":"2024-08-27T19:42:15+00:00","description":"Visite priv\u00e9e d'Istanbul, visite des sites historiques importants de la ville et de l'influence laiss\u00e9e par les cultures du pass\u00e9","breadcrumb":{"@id":"https:\/\/tourtravelandmore.com\/fr\/tours\/turquie-fr\/istanbul-fr\/visite-privee-rapide-distanbul\/#breadcrumb"},"inLanguage":"fr-FR","potentialAction":[{"@type":"ReadAction","target":["https:\/\/tourtravelandmore.com\/fr\/tours\/turquie-fr\/istanbul-fr\/visite-privee-rapide-distanbul\/"]}]},{"@type":"ImageObject","inLanguage":"fr-FR","@id":"https:\/\/tourtravelandmore.com\/fr\/tours\/turquie-fr\/istanbul-fr\/visite-privee-rapide-distanbul\/#primaryimage","url":"https:\/\/tourtravelandmore.com\/wp-content\/uploads\/2024\/08\/pexels-ozgomz-2818045.jpg","contentUrl":"https:\/\/tourtravelandmore.com\/wp-content\/uploads\/2024\/08\/pexels-ozgomz-2818045.jpg","width":1280,"height":853},{"@type":"BreadcrumbList","@id":"https:\/\/tourtravelandmore.com\/fr\/tours\/turquie-fr\/istanbul-fr\/visite-privee-rapide-distanbul\/#breadcrumb","itemListElement":[{"@type":"ListItem","position":1,"name":"Home","item":"https:\/\/tourtravelandmore.com\/fr\/"},{"@type":"ListItem","position":2,"name":"Tours","item":"https:\/\/tourtravelandmore.com\/fr\/tours\/"},{"@type":"ListItem","position":3,"name":"Visite priv\u00e9e rapide d&#8217;Istanbul"}]},{"@type":"WebSite","@id":"https:\/\/tourtravelandmore.com\/fr\/#website","url":"https:\/\/tourtravelandmore.com\/fr\/","name":"Tour Travel And More","description":"Private sightseeing tours and luxury transfers in Spain","publisher":{"@id":"https:\/\/tourtravelandmore.com\/fr\/#organization"},"potentialAction":[{"@type":"SearchAction","target":{"@type":"EntryPoint","urlTemplate":"https:\/\/tourtravelandmore.com\/fr\/?s={search_term_string}"},"query-input":{"@type":"PropertyValueSpecification","valueRequired":true,"valueName":"search_term_string"}}],"inLanguage":"fr-FR"},{"@type":"Organization","@id":"https:\/\/tourtravelandmore.com\/fr\/#organization","name":"Tour Travel And More","url":"https:\/\/tourtravelandmore.com\/fr\/","logo":{"@type":"ImageObject","inLanguage":"fr-FR","@id":"https:\/\/tourtravelandmore.com\/fr\/#\/schema\/logo\/image\/","url":"https:\/\/tourtravelandmore.com\/wp-content\/uploads\/2022\/12\/cropped-logo-cabecera-new.png","contentUrl":"https:\/\/tourtravelandmore.com\/wp-content\/uploads\/2022\/12\/cropped-logo-cabecera-new.png","width":430,"height":61,"caption":"Tour Travel And More"},"image":{"@id":"https:\/\/tourtravelandmore.com\/fr\/#\/schema\/logo\/image\/"},"sameAs":["https:\/\/www.facebook.com\/tourtravelandmore\/","https:\/\/x.com\/TourTravel_More"]}]}},"_links":{"self":[{"href":"https:\/\/tourtravelandmore.com\/fr\/wp-json\/wp\/v2\/product\/177535","targetHints":{"allow":["GET"]}}],"collection":[{"href":"https:\/\/tourtravelandmore.com\/fr\/wp-json\/wp\/v2\/product"}],"about":[{"href":"https:\/\/tourtravelandmore.com\/fr\/wp-json\/wp\/v2\/types\/product"}],"replies":[{"embeddable":true,"href":"https:\/\/tourtravelandmore.com\/fr\/wp-json\/wp\/v2\/comments?post=177535"}],"wp:featuredmedia":[{"embeddable":true,"href":"https:\/\/tourtravelandmore.com\/fr\/wp-json\/wp\/v2\/media\/177552"}],"wp:attachment":[{"href":"https:\/\/tourtravelandmore.com\/fr\/wp-json\/wp\/v2\/media?parent=177535"}],"wp:term":[{"taxonomy":"product_brand","embeddable":true,"href":"https:\/\/tourtravelandmore.com\/fr\/wp-json\/wp\/v2\/product_brand?post=177535"},{"taxonomy":"product_cat","embeddable":true,"href":"https:\/\/tourtravelandmore.com\/fr\/wp-json\/wp\/v2\/product_cat?post=177535"},{"taxonomy":"product_tag","embeddable":true,"href":"https:\/\/tourtravelandmore.com\/fr\/wp-json\/wp\/v2\/product_tag?post=177535"}],"curies":[{"name":"wp","href":"https:\/\/api.w.org\/{rel}","templated":true}]}}