{"id":177511,"date":"2024-08-27T19:32:12","date_gmt":"2024-08-27T17:32:21","guid":{"rendered":"https:\/\/tourtravelandmore.com\/?post_type=product&#038;p=177511"},"modified":"2024-08-27T20:42:03","modified_gmt":"2024-08-27T18:42:03","slug":"visite-privee-distanbul-avec-experience-gastronomique","status":"publish","type":"product","link":"https:\/\/tourtravelandmore.com\/fr\/tours\/turquie-fr\/istanbul-fr\/visite-privee-distanbul-avec-experience-gastronomique\/","title":{"rendered":"Visite priv\u00e9e d&#8217;Istanbul avec exp\u00e9rience gastronomique"},"content":{"rendered":"<h2><strong>Description de la visite priv\u00e9e<\/strong><\/h2>\n<p>Embarquez pour une visite priv\u00e9e inoubliable de 8 heures \u00e0 Istanbul, o\u00f9 l&#8217;histoire et les d\u00e9lices culinaires s&#8217;entrem\u00ealent. Votre voyage commence par une prise en charge confortable par un chauffeur et un guide priv\u00e9s, qui seront vos compagnons tout au long de la journ\u00e9e. Explorez les sites embl\u00e9matiques d&#8217;Istanbul, de la majestueuse Sainte-Sophie au vibrant Grand Bazar, et plongez-vous dans la riche tapisserie culturelle de la ville.<\/p>\n<p>Tout en fl\u00e2nant dans les rues anim\u00e9es, votre guide vous fera d\u00e9couvrir les diverses saveurs d&#8217;Istanbul. Profitez d&#8217;une exp\u00e9rience gastronomique soigneusement \u00e9labor\u00e9e qui comprend des arr\u00eats dans des restaurants traditionnels et des joyaux cach\u00e9s connus uniquement des habitants. Savourez des plats tels que de succulents kebabs, des mezes aromatiques et des baklavas sucr\u00e9s, chaque bouch\u00e9e offrant un aper\u00e7u de l&#8217;h\u00e9ritage culinaire d&#8217;Istanbul.<\/p>\n<p>L&#8217;excursion s&#8217;ach\u00e8vera \u00e0 l&#8217;h\u00f4tel ou au restaurant de votre choix. Contactez nos experts en voyage pour personnaliser l&#8217;exp\u00e9rience en fonction de vos besoins.<\/p>\n<h2><strong>Points d&#8217;int\u00e9r\u00eat et monuments<\/strong><\/h2>\n<p>Ce circuit est con\u00e7u pour offrir un m\u00e9lange parfait de visites touristiques et de gastronomie, vous permettant de d\u00e9couvrir l&#8217;essence d&#8217;Istanbul en une seule journ\u00e9e. Que vous soyez passionn\u00e9 d&#8217;histoire ou amateur de gastronomie, ce circuit offre quelque chose \u00e0 chacun, ce qui en fait un moyen id\u00e9al de d\u00e9couvrir le c\u0153ur et l&#8217;\u00e2me de cette ville vibrante.<\/p>\n<p>Votre guide vous fera d\u00e9couvrir une s\u00e9lection de d\u00e9lices typiques, chacun repr\u00e9sentant le c\u0153ur et l&#8217;\u00e2me de la cuisine turque. Des d\u00e9lices sal\u00e9s comme les kebabs et les meze aux douceurs sucr\u00e9es comme les baklavas et les loukoums, vous d\u00e9couvrirez tout l&#8217;\u00e9ventail des saveurs qui font d&#8217;Istanbul un paradis pour les amateurs de cuisine. Tout en savourant ces plats, vous d\u00e9couvrirez leurs origines, leur signification culturelle et les m\u00e9thodes de pr\u00e9paration uniques qui ont \u00e9t\u00e9 transmises de g\u00e9n\u00e9ration en g\u00e9n\u00e9ration.<\/p>\n<ul>\n<li><strong>Guide et chauffeur priv\u00e9s :<\/strong> Profitez du confort et de la commodit\u00e9 d&#8217;un guide et d&#8217;un chauffeur priv\u00e9s tout au long de votre visite de 8 heures.<\/li>\n<li><strong>Sites historiques :<\/strong> Visitez les sites les plus c\u00e9l\u00e8bres d&#8217;Istanbul, notamment Sainte-Sophie, la Mosqu\u00e9e bleue et le Grand Bazar.<\/li>\n<li><strong>D\u00e9lices gastronomiques :<\/strong> Laissez-vous tenter par un voyage culinaire avec des arr\u00eats dans des restaurants typiques, o\u00f9 vous go\u00fbterez 10 plats turcs authentiques.<\/li>\n<li><strong>Immersion culturelle :<\/strong> D\u00e9couvrez la culture locale de premi\u00e8re main en explorant les quartiers et les march\u00e9s d&#8217;Istanbul avec votre guide bien inform\u00e9.<\/li>\n<li><strong>Exp\u00e9rience personnalis\u00e9e :<\/strong> Adaptez le circuit \u00e0 vos pr\u00e9f\u00e9rences, pour une exp\u00e9rience personnalis\u00e9e et m\u00e9morable.<\/li>\n<\/ul>\n<p>Ce circuit offre une exp\u00e9rience globale d&#8217;Istanbul, combinant la riche histoire de la ville avec sa sc\u00e8ne culinaire vibrante, parfaite pour ceux qui souhaitent explorer les tr\u00e9sors cach\u00e9s d&#8217;Istanbul, \u00e0 la fois en termes de sites et de saveurs.<\/p>\n<p>Tout au long de la visite, votre guide vous fournira des informations fascinantes sur l&#8217;histoire et la culture d&#8217;Istanbul, ce qui vous permettra de repartir avec une meilleure compr\u00e9hension de cette ville captivante.<\/p>\n","protected":false},"excerpt":{"rendered":"<p>D\u00e9couvrez Istanbul comme un habitant lors de cette visite immersive priv\u00e9e de 8 heures, o\u00f9 vous explorerez la riche histoire de la ville, sa culture vibrante et son architecture \u00e9poustouflante. Accompagn\u00e9 d&#8217;un guide expert, vous naviguerez dans les rues anim\u00e9es de la ville en utilisant les transports publics, ce qui vous donnera un aper\u00e7u authentique de la vie quotidienne \u00e0 Istanbul.<\/p>\n","protected":false},"featured_media":177521,"comment_status":"open","ping_status":"closed","template":"","meta":{"_acf_changed":false},"product_brand":[],"product_cat":[3734,3830],"product_tag":[],"class_list":{"0":"post-177511","1":"product","2":"type-product","3":"status-publish","4":"has-post-thumbnail","6":"product_cat-turquie-fr","7":"product_cat-istanbul-fr","9":"first","10":"instock","11":"shipping-taxable","12":"purchasable","13":"product-type-simple"},"acf":[],"yoast_head":"<!-- This site is optimized with the Yoast SEO Premium plugin v25.3.1 (Yoast SEO v25.3.1) - https:\/\/yoast.com\/wordpress\/plugins\/seo\/ -->\n<title>Visite priv\u00e9e d&#039;Istanbul avec exp\u00e9rience gastronomique - TT&amp;M<\/title>\n<meta name=\"description\" content=\"Visite priv\u00e9e d&#039;Istanbul avec exp\u00e9rience gastronomique. Pr\u00e9parez-vous \u00e0 visiter tous les endroits incroyables de cette ville. Tour Travel &amp; More\" \/>\n<meta name=\"robots\" content=\"index, follow, max-snippet:-1, max-image-preview:large, max-video-preview:-1\" \/>\n<link rel=\"canonical\" href=\"https:\/\/tourtravelandmore.com\/fr\/tours\/turquie-fr\/istanbul-fr\/visite-privee-distanbul-avec-experience-gastronomique\/\" \/>\n<meta property=\"og:locale\" content=\"fr_FR\" \/>\n<meta property=\"og:type\" content=\"article\" \/>\n<meta property=\"og:title\" content=\"Visite priv\u00e9e d&#039;Istanbul avec exp\u00e9rience gastronomique\" \/>\n<meta property=\"og:description\" content=\"Visite priv\u00e9e d&#039;Istanbul avec exp\u00e9rience gastronomique. Pr\u00e9parez-vous \u00e0 visiter tous les endroits incroyables de cette ville. Tour Travel &amp; More\" \/>\n<meta property=\"og:url\" content=\"https:\/\/tourtravelandmore.com\/fr\/tours\/turquie-fr\/istanbul-fr\/visite-privee-distanbul-avec-experience-gastronomique\/\" \/>\n<meta property=\"og:site_name\" content=\"Tour Travel And More\" \/>\n<meta property=\"article:publisher\" content=\"https:\/\/www.facebook.com\/tourtravelandmore\/\" \/>\n<meta property=\"article:modified_time\" content=\"2024-08-27T18:42:03+00:00\" \/>\n<meta property=\"og:image\" content=\"https:\/\/tourtravelandmore.com\/wp-content\/uploads\/2024\/08\/pexels-meruyert-gonullu-6161503.jpg\" \/>\n\t<meta property=\"og:image:width\" content=\"1279\" \/>\n\t<meta property=\"og:image:height\" content=\"880\" \/>\n\t<meta property=\"og:image:type\" content=\"image\/jpeg\" \/>\n<meta name=\"twitter:card\" content=\"summary_large_image\" \/>\n<meta name=\"twitter:site\" content=\"@TourTravel_More\" \/>\n<meta name=\"twitter:label1\" content=\"Dur\u00e9e de lecture estim\u00e9e\" \/>\n\t<meta name=\"twitter:data1\" content=\"3 minutes\" \/>\n<script type=\"application\/ld+json\" class=\"yoast-schema-graph\">{\"@context\":\"https:\/\/schema.org\",\"@graph\":[{\"@type\":\"WebPage\",\"@id\":\"https:\/\/tourtravelandmore.com\/fr\/tours\/turquie-fr\/istanbul-fr\/visite-privee-distanbul-avec-experience-gastronomique\/\",\"url\":\"https:\/\/tourtravelandmore.com\/fr\/tours\/turquie-fr\/istanbul-fr\/visite-privee-distanbul-avec-experience-gastronomique\/\",\"name\":\"Visite priv\u00e9e d'Istanbul avec exp\u00e9rience gastronomique - TT&M\",\"isPartOf\":{\"@id\":\"https:\/\/tourtravelandmore.com\/fr\/#website\"},\"primaryImageOfPage\":{\"@id\":\"https:\/\/tourtravelandmore.com\/fr\/tours\/turquie-fr\/istanbul-fr\/visite-privee-distanbul-avec-experience-gastronomique\/#primaryimage\"},\"image\":{\"@id\":\"https:\/\/tourtravelandmore.com\/fr\/tours\/turquie-fr\/istanbul-fr\/visite-privee-distanbul-avec-experience-gastronomique\/#primaryimage\"},\"thumbnailUrl\":\"https:\/\/tourtravelandmore.com\/wp-content\/uploads\/2024\/08\/pexels-meruyert-gonullu-6161503.jpg\",\"datePublished\":\"2024-08-27T17:32:21+00:00\",\"dateModified\":\"2024-08-27T18:42:03+00:00\",\"description\":\"Visite priv\u00e9e d'Istanbul avec exp\u00e9rience gastronomique. Pr\u00e9parez-vous \u00e0 visiter tous les endroits incroyables de cette ville. Tour Travel & More\",\"breadcrumb\":{\"@id\":\"https:\/\/tourtravelandmore.com\/fr\/tours\/turquie-fr\/istanbul-fr\/visite-privee-distanbul-avec-experience-gastronomique\/#breadcrumb\"},\"inLanguage\":\"fr-FR\",\"potentialAction\":[{\"@type\":\"ReadAction\",\"target\":[\"https:\/\/tourtravelandmore.com\/fr\/tours\/turquie-fr\/istanbul-fr\/visite-privee-distanbul-avec-experience-gastronomique\/\"]}]},{\"@type\":\"ImageObject\",\"inLanguage\":\"fr-FR\",\"@id\":\"https:\/\/tourtravelandmore.com\/fr\/tours\/turquie-fr\/istanbul-fr\/visite-privee-distanbul-avec-experience-gastronomique\/#primaryimage\",\"url\":\"https:\/\/tourtravelandmore.com\/wp-content\/uploads\/2024\/08\/pexels-meruyert-gonullu-6161503.jpg\",\"contentUrl\":\"https:\/\/tourtravelandmore.com\/wp-content\/uploads\/2024\/08\/pexels-meruyert-gonullu-6161503.jpg\",\"width\":1279,\"height\":880},{\"@type\":\"BreadcrumbList\",\"@id\":\"https:\/\/tourtravelandmore.com\/fr\/tours\/turquie-fr\/istanbul-fr\/visite-privee-distanbul-avec-experience-gastronomique\/#breadcrumb\",\"itemListElement\":[{\"@type\":\"ListItem\",\"position\":1,\"name\":\"Home\",\"item\":\"https:\/\/tourtravelandmore.com\/fr\/\"},{\"@type\":\"ListItem\",\"position\":2,\"name\":\"Tours\",\"item\":\"https:\/\/tourtravelandmore.com\/fr\/tours\/\"},{\"@type\":\"ListItem\",\"position\":3,\"name\":\"Visite priv\u00e9e d&#8217;Istanbul avec exp\u00e9rience gastronomique\"}]},{\"@type\":\"WebSite\",\"@id\":\"https:\/\/tourtravelandmore.com\/fr\/#website\",\"url\":\"https:\/\/tourtravelandmore.com\/fr\/\",\"name\":\"Tour Travel And More\",\"description\":\"Private sightseeing tours and luxury transfers in Spain\",\"publisher\":{\"@id\":\"https:\/\/tourtravelandmore.com\/fr\/#organization\"},\"potentialAction\":[{\"@type\":\"SearchAction\",\"target\":{\"@type\":\"EntryPoint\",\"urlTemplate\":\"https:\/\/tourtravelandmore.com\/fr\/?s={search_term_string}\"},\"query-input\":{\"@type\":\"PropertyValueSpecification\",\"valueRequired\":true,\"valueName\":\"search_term_string\"}}],\"inLanguage\":\"fr-FR\"},{\"@type\":\"Organization\",\"@id\":\"https:\/\/tourtravelandmore.com\/fr\/#organization\",\"name\":\"Tour Travel And More\",\"url\":\"https:\/\/tourtravelandmore.com\/fr\/\",\"logo\":{\"@type\":\"ImageObject\",\"inLanguage\":\"fr-FR\",\"@id\":\"https:\/\/tourtravelandmore.com\/fr\/#\/schema\/logo\/image\/\",\"url\":\"https:\/\/tourtravelandmore.com\/wp-content\/uploads\/2022\/12\/cropped-logo-cabecera-new.png\",\"contentUrl\":\"https:\/\/tourtravelandmore.com\/wp-content\/uploads\/2022\/12\/cropped-logo-cabecera-new.png\",\"width\":430,\"height\":61,\"caption\":\"Tour Travel And More\"},\"image\":{\"@id\":\"https:\/\/tourtravelandmore.com\/fr\/#\/schema\/logo\/image\/\"},\"sameAs\":[\"https:\/\/www.facebook.com\/tourtravelandmore\/\",\"https:\/\/x.com\/TourTravel_More\"]}]}<\/script>\n<!-- \/ Yoast SEO Premium plugin. -->","yoast_head_json":{"title":"Visite priv\u00e9e d'Istanbul avec exp\u00e9rience gastronomique - TT&M","description":"Visite priv\u00e9e d'Istanbul avec exp\u00e9rience gastronomique. Pr\u00e9parez-vous \u00e0 visiter tous les endroits incroyables de cette ville. Tour Travel & More","robots":{"index":"index","follow":"follow","max-snippet":"max-snippet:-1","max-image-preview":"max-image-preview:large","max-video-preview":"max-video-preview:-1"},"canonical":"https:\/\/tourtravelandmore.com\/fr\/tours\/turquie-fr\/istanbul-fr\/visite-privee-distanbul-avec-experience-gastronomique\/","og_locale":"fr_FR","og_type":"article","og_title":"Visite priv\u00e9e d'Istanbul avec exp\u00e9rience gastronomique","og_description":"Visite priv\u00e9e d'Istanbul avec exp\u00e9rience gastronomique. Pr\u00e9parez-vous \u00e0 visiter tous les endroits incroyables de cette ville. Tour Travel & More","og_url":"https:\/\/tourtravelandmore.com\/fr\/tours\/turquie-fr\/istanbul-fr\/visite-privee-distanbul-avec-experience-gastronomique\/","og_site_name":"Tour Travel And More","article_publisher":"https:\/\/www.facebook.com\/tourtravelandmore\/","article_modified_time":"2024-08-27T18:42:03+00:00","og_image":[{"width":1279,"height":880,"url":"https:\/\/tourtravelandmore.com\/wp-content\/uploads\/2024\/08\/pexels-meruyert-gonullu-6161503.jpg","type":"image\/jpeg"}],"twitter_card":"summary_large_image","twitter_site":"@TourTravel_More","twitter_misc":{"Dur\u00e9e de lecture estim\u00e9e":"3 minutes"},"schema":{"@context":"https:\/\/schema.org","@graph":[{"@type":"WebPage","@id":"https:\/\/tourtravelandmore.com\/fr\/tours\/turquie-fr\/istanbul-fr\/visite-privee-distanbul-avec-experience-gastronomique\/","url":"https:\/\/tourtravelandmore.com\/fr\/tours\/turquie-fr\/istanbul-fr\/visite-privee-distanbul-avec-experience-gastronomique\/","name":"Visite priv\u00e9e d'Istanbul avec exp\u00e9rience gastronomique - TT&M","isPartOf":{"@id":"https:\/\/tourtravelandmore.com\/fr\/#website"},"primaryImageOfPage":{"@id":"https:\/\/tourtravelandmore.com\/fr\/tours\/turquie-fr\/istanbul-fr\/visite-privee-distanbul-avec-experience-gastronomique\/#primaryimage"},"image":{"@id":"https:\/\/tourtravelandmore.com\/fr\/tours\/turquie-fr\/istanbul-fr\/visite-privee-distanbul-avec-experience-gastronomique\/#primaryimage"},"thumbnailUrl":"https:\/\/tourtravelandmore.com\/wp-content\/uploads\/2024\/08\/pexels-meruyert-gonullu-6161503.jpg","datePublished":"2024-08-27T17:32:21+00:00","dateModified":"2024-08-27T18:42:03+00:00","description":"Visite priv\u00e9e d'Istanbul avec exp\u00e9rience gastronomique. Pr\u00e9parez-vous \u00e0 visiter tous les endroits incroyables de cette ville. Tour Travel & More","breadcrumb":{"@id":"https:\/\/tourtravelandmore.com\/fr\/tours\/turquie-fr\/istanbul-fr\/visite-privee-distanbul-avec-experience-gastronomique\/#breadcrumb"},"inLanguage":"fr-FR","potentialAction":[{"@type":"ReadAction","target":["https:\/\/tourtravelandmore.com\/fr\/tours\/turquie-fr\/istanbul-fr\/visite-privee-distanbul-avec-experience-gastronomique\/"]}]},{"@type":"ImageObject","inLanguage":"fr-FR","@id":"https:\/\/tourtravelandmore.com\/fr\/tours\/turquie-fr\/istanbul-fr\/visite-privee-distanbul-avec-experience-gastronomique\/#primaryimage","url":"https:\/\/tourtravelandmore.com\/wp-content\/uploads\/2024\/08\/pexels-meruyert-gonullu-6161503.jpg","contentUrl":"https:\/\/tourtravelandmore.com\/wp-content\/uploads\/2024\/08\/pexels-meruyert-gonullu-6161503.jpg","width":1279,"height":880},{"@type":"BreadcrumbList","@id":"https:\/\/tourtravelandmore.com\/fr\/tours\/turquie-fr\/istanbul-fr\/visite-privee-distanbul-avec-experience-gastronomique\/#breadcrumb","itemListElement":[{"@type":"ListItem","position":1,"name":"Home","item":"https:\/\/tourtravelandmore.com\/fr\/"},{"@type":"ListItem","position":2,"name":"Tours","item":"https:\/\/tourtravelandmore.com\/fr\/tours\/"},{"@type":"ListItem","position":3,"name":"Visite priv\u00e9e d&#8217;Istanbul avec exp\u00e9rience gastronomique"}]},{"@type":"WebSite","@id":"https:\/\/tourtravelandmore.com\/fr\/#website","url":"https:\/\/tourtravelandmore.com\/fr\/","name":"Tour Travel And More","description":"Private sightseeing tours and luxury transfers in Spain","publisher":{"@id":"https:\/\/tourtravelandmore.com\/fr\/#organization"},"potentialAction":[{"@type":"SearchAction","target":{"@type":"EntryPoint","urlTemplate":"https:\/\/tourtravelandmore.com\/fr\/?s={search_term_string}"},"query-input":{"@type":"PropertyValueSpecification","valueRequired":true,"valueName":"search_term_string"}}],"inLanguage":"fr-FR"},{"@type":"Organization","@id":"https:\/\/tourtravelandmore.com\/fr\/#organization","name":"Tour Travel And More","url":"https:\/\/tourtravelandmore.com\/fr\/","logo":{"@type":"ImageObject","inLanguage":"fr-FR","@id":"https:\/\/tourtravelandmore.com\/fr\/#\/schema\/logo\/image\/","url":"https:\/\/tourtravelandmore.com\/wp-content\/uploads\/2022\/12\/cropped-logo-cabecera-new.png","contentUrl":"https:\/\/tourtravelandmore.com\/wp-content\/uploads\/2022\/12\/cropped-logo-cabecera-new.png","width":430,"height":61,"caption":"Tour Travel And More"},"image":{"@id":"https:\/\/tourtravelandmore.com\/fr\/#\/schema\/logo\/image\/"},"sameAs":["https:\/\/www.facebook.com\/tourtravelandmore\/","https:\/\/x.com\/TourTravel_More"]}]}},"_links":{"self":[{"href":"https:\/\/tourtravelandmore.com\/fr\/wp-json\/wp\/v2\/product\/177511","targetHints":{"allow":["GET"]}}],"collection":[{"href":"https:\/\/tourtravelandmore.com\/fr\/wp-json\/wp\/v2\/product"}],"about":[{"href":"https:\/\/tourtravelandmore.com\/fr\/wp-json\/wp\/v2\/types\/product"}],"replies":[{"embeddable":true,"href":"https:\/\/tourtravelandmore.com\/fr\/wp-json\/wp\/v2\/comments?post=177511"}],"wp:featuredmedia":[{"embeddable":true,"href":"https:\/\/tourtravelandmore.com\/fr\/wp-json\/wp\/v2\/media\/177521"}],"wp:attachment":[{"href":"https:\/\/tourtravelandmore.com\/fr\/wp-json\/wp\/v2\/media?parent=177511"}],"wp:term":[{"taxonomy":"product_brand","embeddable":true,"href":"https:\/\/tourtravelandmore.com\/fr\/wp-json\/wp\/v2\/product_brand?post=177511"},{"taxonomy":"product_cat","embeddable":true,"href":"https:\/\/tourtravelandmore.com\/fr\/wp-json\/wp\/v2\/product_cat?post=177511"},{"taxonomy":"product_tag","embeddable":true,"href":"https:\/\/tourtravelandmore.com\/fr\/wp-json\/wp\/v2\/product_tag?post=177511"}],"curies":[{"name":"wp","href":"https:\/\/api.w.org\/{rel}","templated":true}]}}