{"id":177483,"date":"2024-08-27T15:46:34","date_gmt":"2024-08-27T13:46:44","guid":{"rendered":"https:\/\/tourtravelandmore.com\/?post_type=product&#038;p=177483"},"modified":"2024-08-27T19:26:30","modified_gmt":"2024-08-27T17:26:30","slug":"visite-gastronomique-privee-distanbul","status":"publish","type":"product","link":"https:\/\/tourtravelandmore.com\/fr\/tours\/turquie-fr\/istanbul-fr\/visite-gastronomique-privee-distanbul\/","title":{"rendered":"Visite gastronomique priv\u00e9e d&#8217;Istanbul"},"content":{"rendered":"<h2><strong>Description de la visite priv\u00e9e<\/strong><\/h2>\n<p>Embarquez pour un voyage culinaire dans les rues anim\u00e9es d&#8217;Istanbul, o\u00f9 les saveurs racontent des histoires de traditions et de cultures s\u00e9culaires. Cette visite culinaire exclusive de 3 heures vous invite \u00e0 d\u00e9couvrir la cuisine riche et vari\u00e9e qui caract\u00e9rise cette ville extraordinaire. Accompagn\u00e9 d&#8217;un guide local expert, vous explorerez les march\u00e9s anim\u00e9s, les restaurants cach\u00e9s et les stands de nourriture embl\u00e9matiques offrant les saveurs les plus authentiques d&#8217;Istanbul.<\/p>\n<p>D\u00e9couvrez les tr\u00e9sors d&#8217;Istanbul \u00e0 pied et \u00e0 travers les yeux d&#8217;un habitant gr\u00e2ce \u00e0 cette inoubliable visite priv\u00e9e \u00e0 pied.<\/p>\n<p>Vous aurez un aper\u00e7u de toutes les curiosit\u00e9s qu&#8217;Istanbul a \u00e0 offrir. L&#8217;excursion se terminera \u00e0 l&#8217;h\u00f4tel ou au restaurant de votre choix. Contactez nos experts en voyage pour personnaliser l&#8217;exp\u00e9rience en fonction de vos besoins.<\/p>\n<h2><strong>Sites et monuments<\/strong><\/h2>\n<p>Votre guide vous fera d\u00e9couvrir une s\u00e9lection de dix mets typiques, chacun repr\u00e9sentant le c\u0153ur et l&#8217;\u00e2me de la cuisine turque. Des d\u00e9lices sal\u00e9s tels que les kebabs et les meze aux d\u00e9lices sucr\u00e9s tels que les baklavas et les loukoums, vous d\u00e9couvrirez tout l&#8217;\u00e9ventail des saveurs qui font d&#8217;Istanbul un paradis pour les gastronomes. Tout en savourant ces plats, vous d\u00e9couvrirez leurs origines, leur signification culturelle et les m\u00e9thodes de pr\u00e9paration uniques qui ont \u00e9t\u00e9 transmises de g\u00e9n\u00e9ration en g\u00e9n\u00e9ration.<\/p>\n<ul>\n<li><strong>10 d\u00e9lices typiques<\/strong>: Go\u00fbtez \u00e0 une s\u00e9lection vari\u00e9e de 10 plats turcs typiques, y compris des plats sal\u00e9s, des plats de rue et des sucreries traditionnelles.<\/li>\n<li><strong>Une exp\u00e9rience culinaire authentique<\/strong>: Visitez les march\u00e9s locaux, les \u00e9tals de nourriture et les joyaux cach\u00e9s connus uniquement des locaux, o\u00f9 vous pourrez d\u00e9couvrir les vraies saveurs d&#8217;Istanbul.<\/li>\n<li><strong>Connaissances culturelles<\/strong>: D\u00e9couvrez la signification culturelle de chaque plat, l&#8217;histoire de la cuisine turque et les techniques de pr\u00e9paration uniques qui rendent ces aliments si sp\u00e9ciaux.<\/li>\n<\/ul>\n<p>Cette visite priv\u00e9e est con\u00e7ue pour vous offrir une exp\u00e9rience intime et immersive, vous permettant d&#8217;entrer en contact avec la culture locale \u00e0 travers ses traditions culinaires les plus ch\u00e8res. Que vous soyez un gourmet chevronn\u00e9 ou simplement curieux de la cuisine turque, cette visite promet d&#8217;\u00eatre un moment m\u00e9morable de votre s\u00e9jour \u00e0 Istanbul.<\/p>\n<p>Tout au long de la visite, votre guide vous fournira des informations fascinantes sur l&#8217;histoire et la culture d&#8217;Istanbul, ce qui vous permettra de repartir avec une meilleure compr\u00e9hension de cette ville captivante.<\/p>\n","protected":false},"excerpt":{"rendered":"<p>D\u00e9couvrez Istanbul comme un habitant lors de cette visite immersive priv\u00e9e de 8 heures, o\u00f9 vous explorerez la riche histoire de la ville, sa culture vibrante et son architecture \u00e9poustouflante. Accompagn\u00e9 d&#8217;un guide expert, vous naviguerez dans les rues anim\u00e9es de la ville en utilisant les transports publics, ce qui vous donnera un aper\u00e7u authentique de la vie quotidienne \u00e0 Istanbul.<\/p>\n","protected":false},"featured_media":177498,"comment_status":"open","ping_status":"closed","template":"","meta":{"_acf_changed":false},"product_brand":[],"product_cat":[5431,5434,5432,3734,3830],"product_tag":[],"class_list":{"0":"post-177483","1":"product","2":"type-product","3":"status-publish","4":"has-post-thumbnail","6":"product_cat-all-private-tours-activities-fr-33","7":"product_cat-private-tours-fr-2","8":"product_cat-private-walking-tours-fr-19","9":"product_cat-turquie-fr","10":"product_cat-istanbul-fr","12":"first","13":"instock","14":"shipping-taxable","15":"purchasable","16":"product-type-simple"},"acf":[],"yoast_head":"<!-- This site is optimized with the Yoast SEO Premium plugin v25.3.1 (Yoast SEO v25.3.1) - https:\/\/yoast.com\/wordpress\/plugins\/seo\/ -->\n<title>Visite gastronomique priv\u00e9e d&#039;Istanbul - TT&amp;M<\/title>\n<meta name=\"description\" content=\"Visite gastronomique priv\u00e9e d&#039;Istanbul. Pr\u00e9parez-vous \u00e0 visiter tous les endroits incroyables de cette ville. Tour Travel &amp; More\" \/>\n<meta name=\"robots\" content=\"index, follow, max-snippet:-1, max-image-preview:large, max-video-preview:-1\" \/>\n<link rel=\"canonical\" href=\"https:\/\/tourtravelandmore.com\/fr\/tours\/turquie-fr\/istanbul-fr\/visite-gastronomique-privee-distanbul\/\" \/>\n<meta property=\"og:locale\" content=\"fr_FR\" \/>\n<meta property=\"og:type\" content=\"article\" \/>\n<meta property=\"og:title\" content=\"Visite gastronomique priv\u00e9e d&#039;Istanbul\" \/>\n<meta property=\"og:description\" content=\"Visite gastronomique priv\u00e9e d&#039;Istanbul. Pr\u00e9parez-vous \u00e0 visiter tous les endroits incroyables de cette ville. Tour Travel &amp; More\" \/>\n<meta property=\"og:url\" content=\"https:\/\/tourtravelandmore.com\/fr\/tours\/turquie-fr\/istanbul-fr\/visite-gastronomique-privee-distanbul\/\" \/>\n<meta property=\"og:site_name\" content=\"Tour Travel And More\" \/>\n<meta property=\"article:publisher\" content=\"https:\/\/www.facebook.com\/tourtravelandmore\/\" \/>\n<meta property=\"article:modified_time\" content=\"2024-08-27T17:26:30+00:00\" \/>\n<meta property=\"og:image\" content=\"https:\/\/tourtravelandmore.com\/wp-content\/uploads\/2024\/08\/pexels-ekrulila-8147948-1.jpg\" \/>\n\t<meta property=\"og:image:width\" content=\"1280\" \/>\n\t<meta property=\"og:image:height\" content=\"853\" \/>\n\t<meta property=\"og:image:type\" content=\"image\/jpeg\" \/>\n<meta name=\"twitter:card\" content=\"summary_large_image\" \/>\n<meta name=\"twitter:site\" content=\"@TourTravel_More\" \/>\n<meta name=\"twitter:label1\" content=\"Dur\u00e9e de lecture estim\u00e9e\" \/>\n\t<meta name=\"twitter:data1\" content=\"2 minutes\" \/>\n<script type=\"application\/ld+json\" class=\"yoast-schema-graph\">{\"@context\":\"https:\/\/schema.org\",\"@graph\":[{\"@type\":\"WebPage\",\"@id\":\"https:\/\/tourtravelandmore.com\/fr\/tours\/turquie-fr\/istanbul-fr\/visite-gastronomique-privee-distanbul\/\",\"url\":\"https:\/\/tourtravelandmore.com\/fr\/tours\/turquie-fr\/istanbul-fr\/visite-gastronomique-privee-distanbul\/\",\"name\":\"Visite gastronomique priv\u00e9e d'Istanbul - TT&M\",\"isPartOf\":{\"@id\":\"https:\/\/tourtravelandmore.com\/fr\/#website\"},\"primaryImageOfPage\":{\"@id\":\"https:\/\/tourtravelandmore.com\/fr\/tours\/turquie-fr\/istanbul-fr\/visite-gastronomique-privee-distanbul\/#primaryimage\"},\"image\":{\"@id\":\"https:\/\/tourtravelandmore.com\/fr\/tours\/turquie-fr\/istanbul-fr\/visite-gastronomique-privee-distanbul\/#primaryimage\"},\"thumbnailUrl\":\"https:\/\/tourtravelandmore.com\/wp-content\/uploads\/2024\/08\/pexels-ekrulila-8147948-1.jpg\",\"datePublished\":\"2024-08-27T13:46:44+00:00\",\"dateModified\":\"2024-08-27T17:26:30+00:00\",\"description\":\"Visite gastronomique priv\u00e9e d'Istanbul. Pr\u00e9parez-vous \u00e0 visiter tous les endroits incroyables de cette ville. Tour Travel & More\",\"breadcrumb\":{\"@id\":\"https:\/\/tourtravelandmore.com\/fr\/tours\/turquie-fr\/istanbul-fr\/visite-gastronomique-privee-distanbul\/#breadcrumb\"},\"inLanguage\":\"fr-FR\",\"potentialAction\":[{\"@type\":\"ReadAction\",\"target\":[\"https:\/\/tourtravelandmore.com\/fr\/tours\/turquie-fr\/istanbul-fr\/visite-gastronomique-privee-distanbul\/\"]}]},{\"@type\":\"ImageObject\",\"inLanguage\":\"fr-FR\",\"@id\":\"https:\/\/tourtravelandmore.com\/fr\/tours\/turquie-fr\/istanbul-fr\/visite-gastronomique-privee-distanbul\/#primaryimage\",\"url\":\"https:\/\/tourtravelandmore.com\/wp-content\/uploads\/2024\/08\/pexels-ekrulila-8147948-1.jpg\",\"contentUrl\":\"https:\/\/tourtravelandmore.com\/wp-content\/uploads\/2024\/08\/pexels-ekrulila-8147948-1.jpg\",\"width\":1280,\"height\":853},{\"@type\":\"BreadcrumbList\",\"@id\":\"https:\/\/tourtravelandmore.com\/fr\/tours\/turquie-fr\/istanbul-fr\/visite-gastronomique-privee-distanbul\/#breadcrumb\",\"itemListElement\":[{\"@type\":\"ListItem\",\"position\":1,\"name\":\"Home\",\"item\":\"https:\/\/tourtravelandmore.com\/fr\/\"},{\"@type\":\"ListItem\",\"position\":2,\"name\":\"Tours\",\"item\":\"https:\/\/tourtravelandmore.com\/fr\/tours\/\"},{\"@type\":\"ListItem\",\"position\":3,\"name\":\"Visite gastronomique priv\u00e9e d&#8217;Istanbul\"}]},{\"@type\":\"WebSite\",\"@id\":\"https:\/\/tourtravelandmore.com\/fr\/#website\",\"url\":\"https:\/\/tourtravelandmore.com\/fr\/\",\"name\":\"Tour Travel And More\",\"description\":\"Private sightseeing tours and luxury transfers in Spain\",\"publisher\":{\"@id\":\"https:\/\/tourtravelandmore.com\/fr\/#organization\"},\"potentialAction\":[{\"@type\":\"SearchAction\",\"target\":{\"@type\":\"EntryPoint\",\"urlTemplate\":\"https:\/\/tourtravelandmore.com\/fr\/?s={search_term_string}\"},\"query-input\":{\"@type\":\"PropertyValueSpecification\",\"valueRequired\":true,\"valueName\":\"search_term_string\"}}],\"inLanguage\":\"fr-FR\"},{\"@type\":\"Organization\",\"@id\":\"https:\/\/tourtravelandmore.com\/fr\/#organization\",\"name\":\"Tour Travel And More\",\"url\":\"https:\/\/tourtravelandmore.com\/fr\/\",\"logo\":{\"@type\":\"ImageObject\",\"inLanguage\":\"fr-FR\",\"@id\":\"https:\/\/tourtravelandmore.com\/fr\/#\/schema\/logo\/image\/\",\"url\":\"https:\/\/tourtravelandmore.com\/wp-content\/uploads\/2022\/12\/cropped-logo-cabecera-new.png\",\"contentUrl\":\"https:\/\/tourtravelandmore.com\/wp-content\/uploads\/2022\/12\/cropped-logo-cabecera-new.png\",\"width\":430,\"height\":61,\"caption\":\"Tour Travel And More\"},\"image\":{\"@id\":\"https:\/\/tourtravelandmore.com\/fr\/#\/schema\/logo\/image\/\"},\"sameAs\":[\"https:\/\/www.facebook.com\/tourtravelandmore\/\",\"https:\/\/x.com\/TourTravel_More\"]}]}<\/script>\n<!-- \/ Yoast SEO Premium plugin. -->","yoast_head_json":{"title":"Visite gastronomique priv\u00e9e d'Istanbul - TT&M","description":"Visite gastronomique priv\u00e9e d'Istanbul. Pr\u00e9parez-vous \u00e0 visiter tous les endroits incroyables de cette ville. Tour Travel & More","robots":{"index":"index","follow":"follow","max-snippet":"max-snippet:-1","max-image-preview":"max-image-preview:large","max-video-preview":"max-video-preview:-1"},"canonical":"https:\/\/tourtravelandmore.com\/fr\/tours\/turquie-fr\/istanbul-fr\/visite-gastronomique-privee-distanbul\/","og_locale":"fr_FR","og_type":"article","og_title":"Visite gastronomique priv\u00e9e d'Istanbul","og_description":"Visite gastronomique priv\u00e9e d'Istanbul. Pr\u00e9parez-vous \u00e0 visiter tous les endroits incroyables de cette ville. Tour Travel & More","og_url":"https:\/\/tourtravelandmore.com\/fr\/tours\/turquie-fr\/istanbul-fr\/visite-gastronomique-privee-distanbul\/","og_site_name":"Tour Travel And More","article_publisher":"https:\/\/www.facebook.com\/tourtravelandmore\/","article_modified_time":"2024-08-27T17:26:30+00:00","og_image":[{"width":1280,"height":853,"url":"https:\/\/tourtravelandmore.com\/wp-content\/uploads\/2024\/08\/pexels-ekrulila-8147948-1.jpg","type":"image\/jpeg"}],"twitter_card":"summary_large_image","twitter_site":"@TourTravel_More","twitter_misc":{"Dur\u00e9e de lecture estim\u00e9e":"2 minutes"},"schema":{"@context":"https:\/\/schema.org","@graph":[{"@type":"WebPage","@id":"https:\/\/tourtravelandmore.com\/fr\/tours\/turquie-fr\/istanbul-fr\/visite-gastronomique-privee-distanbul\/","url":"https:\/\/tourtravelandmore.com\/fr\/tours\/turquie-fr\/istanbul-fr\/visite-gastronomique-privee-distanbul\/","name":"Visite gastronomique priv\u00e9e d'Istanbul - TT&M","isPartOf":{"@id":"https:\/\/tourtravelandmore.com\/fr\/#website"},"primaryImageOfPage":{"@id":"https:\/\/tourtravelandmore.com\/fr\/tours\/turquie-fr\/istanbul-fr\/visite-gastronomique-privee-distanbul\/#primaryimage"},"image":{"@id":"https:\/\/tourtravelandmore.com\/fr\/tours\/turquie-fr\/istanbul-fr\/visite-gastronomique-privee-distanbul\/#primaryimage"},"thumbnailUrl":"https:\/\/tourtravelandmore.com\/wp-content\/uploads\/2024\/08\/pexels-ekrulila-8147948-1.jpg","datePublished":"2024-08-27T13:46:44+00:00","dateModified":"2024-08-27T17:26:30+00:00","description":"Visite gastronomique priv\u00e9e d'Istanbul. Pr\u00e9parez-vous \u00e0 visiter tous les endroits incroyables de cette ville. Tour Travel & More","breadcrumb":{"@id":"https:\/\/tourtravelandmore.com\/fr\/tours\/turquie-fr\/istanbul-fr\/visite-gastronomique-privee-distanbul\/#breadcrumb"},"inLanguage":"fr-FR","potentialAction":[{"@type":"ReadAction","target":["https:\/\/tourtravelandmore.com\/fr\/tours\/turquie-fr\/istanbul-fr\/visite-gastronomique-privee-distanbul\/"]}]},{"@type":"ImageObject","inLanguage":"fr-FR","@id":"https:\/\/tourtravelandmore.com\/fr\/tours\/turquie-fr\/istanbul-fr\/visite-gastronomique-privee-distanbul\/#primaryimage","url":"https:\/\/tourtravelandmore.com\/wp-content\/uploads\/2024\/08\/pexels-ekrulila-8147948-1.jpg","contentUrl":"https:\/\/tourtravelandmore.com\/wp-content\/uploads\/2024\/08\/pexels-ekrulila-8147948-1.jpg","width":1280,"height":853},{"@type":"BreadcrumbList","@id":"https:\/\/tourtravelandmore.com\/fr\/tours\/turquie-fr\/istanbul-fr\/visite-gastronomique-privee-distanbul\/#breadcrumb","itemListElement":[{"@type":"ListItem","position":1,"name":"Home","item":"https:\/\/tourtravelandmore.com\/fr\/"},{"@type":"ListItem","position":2,"name":"Tours","item":"https:\/\/tourtravelandmore.com\/fr\/tours\/"},{"@type":"ListItem","position":3,"name":"Visite gastronomique priv\u00e9e d&#8217;Istanbul"}]},{"@type":"WebSite","@id":"https:\/\/tourtravelandmore.com\/fr\/#website","url":"https:\/\/tourtravelandmore.com\/fr\/","name":"Tour Travel And More","description":"Private sightseeing tours and luxury transfers in Spain","publisher":{"@id":"https:\/\/tourtravelandmore.com\/fr\/#organization"},"potentialAction":[{"@type":"SearchAction","target":{"@type":"EntryPoint","urlTemplate":"https:\/\/tourtravelandmore.com\/fr\/?s={search_term_string}"},"query-input":{"@type":"PropertyValueSpecification","valueRequired":true,"valueName":"search_term_string"}}],"inLanguage":"fr-FR"},{"@type":"Organization","@id":"https:\/\/tourtravelandmore.com\/fr\/#organization","name":"Tour Travel And More","url":"https:\/\/tourtravelandmore.com\/fr\/","logo":{"@type":"ImageObject","inLanguage":"fr-FR","@id":"https:\/\/tourtravelandmore.com\/fr\/#\/schema\/logo\/image\/","url":"https:\/\/tourtravelandmore.com\/wp-content\/uploads\/2022\/12\/cropped-logo-cabecera-new.png","contentUrl":"https:\/\/tourtravelandmore.com\/wp-content\/uploads\/2022\/12\/cropped-logo-cabecera-new.png","width":430,"height":61,"caption":"Tour Travel And More"},"image":{"@id":"https:\/\/tourtravelandmore.com\/fr\/#\/schema\/logo\/image\/"},"sameAs":["https:\/\/www.facebook.com\/tourtravelandmore\/","https:\/\/x.com\/TourTravel_More"]}]}},"_links":{"self":[{"href":"https:\/\/tourtravelandmore.com\/fr\/wp-json\/wp\/v2\/product\/177483","targetHints":{"allow":["GET"]}}],"collection":[{"href":"https:\/\/tourtravelandmore.com\/fr\/wp-json\/wp\/v2\/product"}],"about":[{"href":"https:\/\/tourtravelandmore.com\/fr\/wp-json\/wp\/v2\/types\/product"}],"replies":[{"embeddable":true,"href":"https:\/\/tourtravelandmore.com\/fr\/wp-json\/wp\/v2\/comments?post=177483"}],"wp:featuredmedia":[{"embeddable":true,"href":"https:\/\/tourtravelandmore.com\/fr\/wp-json\/wp\/v2\/media\/177498"}],"wp:attachment":[{"href":"https:\/\/tourtravelandmore.com\/fr\/wp-json\/wp\/v2\/media?parent=177483"}],"wp:term":[{"taxonomy":"product_brand","embeddable":true,"href":"https:\/\/tourtravelandmore.com\/fr\/wp-json\/wp\/v2\/product_brand?post=177483"},{"taxonomy":"product_cat","embeddable":true,"href":"https:\/\/tourtravelandmore.com\/fr\/wp-json\/wp\/v2\/product_cat?post=177483"},{"taxonomy":"product_tag","embeddable":true,"href":"https:\/\/tourtravelandmore.com\/fr\/wp-json\/wp\/v2\/product_tag?post=177483"}],"curies":[{"name":"wp","href":"https:\/\/api.w.org\/{rel}","templated":true}]}}