{"id":177462,"date":"2024-08-26T18:23:51","date_gmt":"2024-08-26T16:23:55","guid":{"rendered":"https:\/\/tourtravelandmore.com\/?post_type=product&#038;p=177462"},"modified":"2024-08-26T21:12:50","modified_gmt":"2024-08-26T19:12:50","slug":"visite-privee-a-pied-du-palais-de-topkapi-et-du-harem","status":"publish","type":"product","link":"https:\/\/tourtravelandmore.com\/fr\/tours\/turquie-fr\/istanbul-fr\/visite-privee-a-pied-du-palais-de-topkapi-et-du-harem\/","title":{"rendered":"Visite priv\u00e9e \u00e0 pied du palais de Topkapi et du harem"},"content":{"rendered":"<h2>Visite priv\u00e9e \u00e0 pied du palais de Topkapi et du harem Description<\/h2>\n<p>Plongez dans l&#8217;opulence de l&#8217;Empire ottoman gr\u00e2ce \u00e0 notre visite priv\u00e9e exclusive du palais de Topkapi et du harem. Cette visite de 3 heures vous emm\u00e8nera au c\u0153ur de l&#8217;un des sites les plus embl\u00e9matiques d&#8217;Istanbul, l\u00e0 o\u00f9 les sultans r\u00e9gnaient autrefois et o\u00f9 l&#8217;histoire s&#8217;est \u00e9crite. Accompagn\u00e9 d&#8217;un guide comp\u00e9tent, vous explorerez la grandeur du palais de Topkapi, \u00e9merveill\u00e9 par son architecture exquise, ses mosa\u00efques complexes et ses riches collections d&#8217;artefacts.<\/p>\n<p>Vous pouvez profiter d&#8217;une visite priv\u00e9e et personnalis\u00e9e de 3 heures de la ville d&#8217;Istanbul, pleine d&#8217;histoire et de splendeur. En outre, vous b\u00e9n\u00e9ficiez des services d&#8217;un guide bilingue et d&#8217;un v\u00e9hicule de luxe climatis\u00e9, qui viendra vous chercher et vous ram\u00e8nera \u00e0 votre h\u00f4tel.<\/p>\n<h2>Points d&#8217;int\u00e9r\u00eat<\/h2>\n<p>La visite se poursuit dans le Harem, un monde cach\u00e9 \u00e0 l&#8217;int\u00e9rieur du palais o\u00f9 les familles des sultans vivaient dans l&#8217;intimit\u00e9 et le luxe. Au cours de votre promenade dans les chambres et les cours d\u00e9cor\u00e9es avec soin, votre guide vous racontera des histoires fascinantes sur la vie, les intrigues et les traditions qui se d\u00e9roulaient derri\u00e8re ces murs. Avec les billets inclus, vous \u00e9viterez les files d&#8217;attente et profiterez d&#8217;une exploration ininterrompue de ces sites magnifiques.<\/p>\n<ul>\n<li><strong>Palais de Topkapi :<\/strong> D\u00e9couvrez la grandeur de la r\u00e9sidence des sultans, y compris le tr\u00e9sor imp\u00e9rial, les reliques sacr\u00e9es et l&#8217;architecture \u00e9tonnante.<\/li>\n<li><strong>Le Harem :<\/strong> Acc\u00e9dez en exclusivit\u00e9 au Harem, o\u00f9 vivaient les familles des sultans, et d\u00e9couvrez la dynamique sociale complexe de la cour royale.<\/li>\n<\/ul>\n<p>Que vous soyez un passionn\u00e9 d&#8217;histoire ou que vous cherchiez simplement \u00e0 vous immerger dans le riche patrimoine culturel d&#8217;Istanbul, cette visite vous offrira une exp\u00e9rience unique et inoubliable.<\/p>\n<p>Tout au long de la journ\u00e9e, votre guide vous donnera un aper\u00e7u fascinant de l&#8217;histoire et de la culture d&#8217;Istanbul, vous garantissant ainsi une exp\u00e9rience m\u00e9morable et enrichissante.<\/p>\n<p><a href=\"https:\/\/tourtravelandmore.com\/fr\/city\/turquie-fr\/istanbul-en\/\">Ne manquez pas nos visites priv\u00e9es d&#8217;Istanbul.<\/a><\/p>\n","protected":false},"excerpt":{"rendered":"<p>Plongez dans l&#8217;opulence de l&#8217;Empire ottoman gr\u00e2ce \u00e0 notre visite priv\u00e9e exclusive du palais de Topkapi et du harem. Cette visite de 3 heures vous emm\u00e8nera au c\u0153ur de l&#8217;un des sites les plus embl\u00e9matiques d&#8217;Istanbul, l\u00e0 o\u00f9 les sultans r\u00e9gnaient autrefois et o\u00f9 l&#8217;histoire s&#8217;est \u00e9crite. Accompagn\u00e9 d&#8217;un guide comp\u00e9tent, vous explorerez la grandeur du palais de Topkapi, \u00e9merveill\u00e9 par son architecture exquise, ses mosa\u00efques complexes et ses riches collections d&#8217;artefacts.<\/p>\n","protected":false},"featured_media":177474,"comment_status":"open","ping_status":"closed","template":"","meta":{"_acf_changed":false},"product_brand":[],"product_cat":[3734,3830],"product_tag":[],"class_list":{"0":"post-177462","1":"product","2":"type-product","3":"status-publish","4":"has-post-thumbnail","6":"product_cat-turquie-fr","7":"product_cat-istanbul-fr","9":"first","10":"instock","11":"shipping-taxable","12":"purchasable","13":"product-type-simple"},"acf":[],"yoast_head":"<!-- This site is optimized with the Yoast SEO Premium plugin v25.3.1 (Yoast SEO v25.3.1) - https:\/\/yoast.com\/wordpress\/plugins\/seo\/ -->\n<title>Visite priv\u00e9e \u00e0 pied du palais de Topkapi et du harem - TT&amp;M<\/title>\n<meta name=\"description\" content=\"Visite priv\u00e9e d&#039;Istanbul, visite des sites historiques importants de la ville et de l&#039;influence laiss\u00e9e par les cultures du pass\u00e9\" \/>\n<meta name=\"robots\" content=\"index, follow, max-snippet:-1, max-image-preview:large, max-video-preview:-1\" \/>\n<link rel=\"canonical\" href=\"https:\/\/tourtravelandmore.com\/fr\/tours\/turquie-fr\/istanbul-fr\/visite-privee-a-pied-du-palais-de-topkapi-et-du-harem\/\" \/>\n<meta property=\"og:locale\" content=\"fr_FR\" \/>\n<meta property=\"og:type\" content=\"article\" \/>\n<meta property=\"og:title\" content=\"Visite priv\u00e9e \u00e0 pied du palais de Topkapi et du harem\" \/>\n<meta property=\"og:description\" content=\"Visite priv\u00e9e d&#039;Istanbul, visite des sites historiques importants de la ville et de l&#039;influence laiss\u00e9e par les cultures du pass\u00e9\" \/>\n<meta property=\"og:url\" content=\"https:\/\/tourtravelandmore.com\/fr\/tours\/turquie-fr\/istanbul-fr\/visite-privee-a-pied-du-palais-de-topkapi-et-du-harem\/\" \/>\n<meta property=\"og:site_name\" content=\"Tour Travel And More\" \/>\n<meta property=\"article:publisher\" content=\"https:\/\/www.facebook.com\/tourtravelandmore\/\" \/>\n<meta property=\"article:modified_time\" content=\"2024-08-26T19:12:50+00:00\" \/>\n<meta property=\"og:image\" content=\"https:\/\/tourtravelandmore.com\/wp-content\/uploads\/2024\/08\/pexels-axp-photography-500641970-27634353-1.jpg\" \/>\n\t<meta property=\"og:image:width\" content=\"1920\" \/>\n\t<meta property=\"og:image:height\" content=\"1280\" \/>\n\t<meta property=\"og:image:type\" content=\"image\/jpeg\" \/>\n<meta name=\"twitter:card\" content=\"summary_large_image\" \/>\n<meta name=\"twitter:site\" content=\"@TourTravel_More\" \/>\n<meta name=\"twitter:label1\" content=\"Dur\u00e9e de lecture estim\u00e9e\" \/>\n\t<meta name=\"twitter:data1\" content=\"2 minutes\" \/>\n<script type=\"application\/ld+json\" class=\"yoast-schema-graph\">{\"@context\":\"https:\/\/schema.org\",\"@graph\":[{\"@type\":\"WebPage\",\"@id\":\"https:\/\/tourtravelandmore.com\/fr\/tours\/turquie-fr\/istanbul-fr\/visite-privee-a-pied-du-palais-de-topkapi-et-du-harem\/\",\"url\":\"https:\/\/tourtravelandmore.com\/fr\/tours\/turquie-fr\/istanbul-fr\/visite-privee-a-pied-du-palais-de-topkapi-et-du-harem\/\",\"name\":\"Visite priv\u00e9e \u00e0 pied du palais de Topkapi et du harem - TT&M\",\"isPartOf\":{\"@id\":\"https:\/\/tourtravelandmore.com\/fr\/#website\"},\"primaryImageOfPage\":{\"@id\":\"https:\/\/tourtravelandmore.com\/fr\/tours\/turquie-fr\/istanbul-fr\/visite-privee-a-pied-du-palais-de-topkapi-et-du-harem\/#primaryimage\"},\"image\":{\"@id\":\"https:\/\/tourtravelandmore.com\/fr\/tours\/turquie-fr\/istanbul-fr\/visite-privee-a-pied-du-palais-de-topkapi-et-du-harem\/#primaryimage\"},\"thumbnailUrl\":\"https:\/\/tourtravelandmore.com\/wp-content\/uploads\/2024\/08\/pexels-axp-photography-500641970-27634353-1.jpg\",\"datePublished\":\"2024-08-26T16:23:55+00:00\",\"dateModified\":\"2024-08-26T19:12:50+00:00\",\"description\":\"Visite priv\u00e9e d'Istanbul, visite des sites historiques importants de la ville et de l'influence laiss\u00e9e par les cultures du pass\u00e9\",\"breadcrumb\":{\"@id\":\"https:\/\/tourtravelandmore.com\/fr\/tours\/turquie-fr\/istanbul-fr\/visite-privee-a-pied-du-palais-de-topkapi-et-du-harem\/#breadcrumb\"},\"inLanguage\":\"fr-FR\",\"potentialAction\":[{\"@type\":\"ReadAction\",\"target\":[\"https:\/\/tourtravelandmore.com\/fr\/tours\/turquie-fr\/istanbul-fr\/visite-privee-a-pied-du-palais-de-topkapi-et-du-harem\/\"]}]},{\"@type\":\"ImageObject\",\"inLanguage\":\"fr-FR\",\"@id\":\"https:\/\/tourtravelandmore.com\/fr\/tours\/turquie-fr\/istanbul-fr\/visite-privee-a-pied-du-palais-de-topkapi-et-du-harem\/#primaryimage\",\"url\":\"https:\/\/tourtravelandmore.com\/wp-content\/uploads\/2024\/08\/pexels-axp-photography-500641970-27634353-1.jpg\",\"contentUrl\":\"https:\/\/tourtravelandmore.com\/wp-content\/uploads\/2024\/08\/pexels-axp-photography-500641970-27634353-1.jpg\",\"width\":1920,\"height\":1280},{\"@type\":\"BreadcrumbList\",\"@id\":\"https:\/\/tourtravelandmore.com\/fr\/tours\/turquie-fr\/istanbul-fr\/visite-privee-a-pied-du-palais-de-topkapi-et-du-harem\/#breadcrumb\",\"itemListElement\":[{\"@type\":\"ListItem\",\"position\":1,\"name\":\"Home\",\"item\":\"https:\/\/tourtravelandmore.com\/fr\/\"},{\"@type\":\"ListItem\",\"position\":2,\"name\":\"Tours\",\"item\":\"https:\/\/tourtravelandmore.com\/fr\/tours\/\"},{\"@type\":\"ListItem\",\"position\":3,\"name\":\"Visite priv\u00e9e \u00e0 pied du palais de Topkapi et du harem\"}]},{\"@type\":\"WebSite\",\"@id\":\"https:\/\/tourtravelandmore.com\/fr\/#website\",\"url\":\"https:\/\/tourtravelandmore.com\/fr\/\",\"name\":\"Tour Travel And More\",\"description\":\"Private sightseeing tours and luxury transfers in Spain\",\"publisher\":{\"@id\":\"https:\/\/tourtravelandmore.com\/fr\/#organization\"},\"potentialAction\":[{\"@type\":\"SearchAction\",\"target\":{\"@type\":\"EntryPoint\",\"urlTemplate\":\"https:\/\/tourtravelandmore.com\/fr\/?s={search_term_string}\"},\"query-input\":{\"@type\":\"PropertyValueSpecification\",\"valueRequired\":true,\"valueName\":\"search_term_string\"}}],\"inLanguage\":\"fr-FR\"},{\"@type\":\"Organization\",\"@id\":\"https:\/\/tourtravelandmore.com\/fr\/#organization\",\"name\":\"Tour Travel And More\",\"url\":\"https:\/\/tourtravelandmore.com\/fr\/\",\"logo\":{\"@type\":\"ImageObject\",\"inLanguage\":\"fr-FR\",\"@id\":\"https:\/\/tourtravelandmore.com\/fr\/#\/schema\/logo\/image\/\",\"url\":\"https:\/\/tourtravelandmore.com\/wp-content\/uploads\/2022\/12\/cropped-logo-cabecera-new.png\",\"contentUrl\":\"https:\/\/tourtravelandmore.com\/wp-content\/uploads\/2022\/12\/cropped-logo-cabecera-new.png\",\"width\":430,\"height\":61,\"caption\":\"Tour Travel And More\"},\"image\":{\"@id\":\"https:\/\/tourtravelandmore.com\/fr\/#\/schema\/logo\/image\/\"},\"sameAs\":[\"https:\/\/www.facebook.com\/tourtravelandmore\/\",\"https:\/\/x.com\/TourTravel_More\"]}]}<\/script>\n<!-- \/ Yoast SEO Premium plugin. -->","yoast_head_json":{"title":"Visite priv\u00e9e \u00e0 pied du palais de Topkapi et du harem - TT&M","description":"Visite priv\u00e9e d'Istanbul, visite des sites historiques importants de la ville et de l'influence laiss\u00e9e par les cultures du pass\u00e9","robots":{"index":"index","follow":"follow","max-snippet":"max-snippet:-1","max-image-preview":"max-image-preview:large","max-video-preview":"max-video-preview:-1"},"canonical":"https:\/\/tourtravelandmore.com\/fr\/tours\/turquie-fr\/istanbul-fr\/visite-privee-a-pied-du-palais-de-topkapi-et-du-harem\/","og_locale":"fr_FR","og_type":"article","og_title":"Visite priv\u00e9e \u00e0 pied du palais de Topkapi et du harem","og_description":"Visite priv\u00e9e d'Istanbul, visite des sites historiques importants de la ville et de l'influence laiss\u00e9e par les cultures du pass\u00e9","og_url":"https:\/\/tourtravelandmore.com\/fr\/tours\/turquie-fr\/istanbul-fr\/visite-privee-a-pied-du-palais-de-topkapi-et-du-harem\/","og_site_name":"Tour Travel And More","article_publisher":"https:\/\/www.facebook.com\/tourtravelandmore\/","article_modified_time":"2024-08-26T19:12:50+00:00","og_image":[{"width":1920,"height":1280,"url":"https:\/\/tourtravelandmore.com\/wp-content\/uploads\/2024\/08\/pexels-axp-photography-500641970-27634353-1.jpg","type":"image\/jpeg"}],"twitter_card":"summary_large_image","twitter_site":"@TourTravel_More","twitter_misc":{"Dur\u00e9e de lecture estim\u00e9e":"2 minutes"},"schema":{"@context":"https:\/\/schema.org","@graph":[{"@type":"WebPage","@id":"https:\/\/tourtravelandmore.com\/fr\/tours\/turquie-fr\/istanbul-fr\/visite-privee-a-pied-du-palais-de-topkapi-et-du-harem\/","url":"https:\/\/tourtravelandmore.com\/fr\/tours\/turquie-fr\/istanbul-fr\/visite-privee-a-pied-du-palais-de-topkapi-et-du-harem\/","name":"Visite priv\u00e9e \u00e0 pied du palais de Topkapi et du harem - TT&M","isPartOf":{"@id":"https:\/\/tourtravelandmore.com\/fr\/#website"},"primaryImageOfPage":{"@id":"https:\/\/tourtravelandmore.com\/fr\/tours\/turquie-fr\/istanbul-fr\/visite-privee-a-pied-du-palais-de-topkapi-et-du-harem\/#primaryimage"},"image":{"@id":"https:\/\/tourtravelandmore.com\/fr\/tours\/turquie-fr\/istanbul-fr\/visite-privee-a-pied-du-palais-de-topkapi-et-du-harem\/#primaryimage"},"thumbnailUrl":"https:\/\/tourtravelandmore.com\/wp-content\/uploads\/2024\/08\/pexels-axp-photography-500641970-27634353-1.jpg","datePublished":"2024-08-26T16:23:55+00:00","dateModified":"2024-08-26T19:12:50+00:00","description":"Visite priv\u00e9e d'Istanbul, visite des sites historiques importants de la ville et de l'influence laiss\u00e9e par les cultures du pass\u00e9","breadcrumb":{"@id":"https:\/\/tourtravelandmore.com\/fr\/tours\/turquie-fr\/istanbul-fr\/visite-privee-a-pied-du-palais-de-topkapi-et-du-harem\/#breadcrumb"},"inLanguage":"fr-FR","potentialAction":[{"@type":"ReadAction","target":["https:\/\/tourtravelandmore.com\/fr\/tours\/turquie-fr\/istanbul-fr\/visite-privee-a-pied-du-palais-de-topkapi-et-du-harem\/"]}]},{"@type":"ImageObject","inLanguage":"fr-FR","@id":"https:\/\/tourtravelandmore.com\/fr\/tours\/turquie-fr\/istanbul-fr\/visite-privee-a-pied-du-palais-de-topkapi-et-du-harem\/#primaryimage","url":"https:\/\/tourtravelandmore.com\/wp-content\/uploads\/2024\/08\/pexels-axp-photography-500641970-27634353-1.jpg","contentUrl":"https:\/\/tourtravelandmore.com\/wp-content\/uploads\/2024\/08\/pexels-axp-photography-500641970-27634353-1.jpg","width":1920,"height":1280},{"@type":"BreadcrumbList","@id":"https:\/\/tourtravelandmore.com\/fr\/tours\/turquie-fr\/istanbul-fr\/visite-privee-a-pied-du-palais-de-topkapi-et-du-harem\/#breadcrumb","itemListElement":[{"@type":"ListItem","position":1,"name":"Home","item":"https:\/\/tourtravelandmore.com\/fr\/"},{"@type":"ListItem","position":2,"name":"Tours","item":"https:\/\/tourtravelandmore.com\/fr\/tours\/"},{"@type":"ListItem","position":3,"name":"Visite priv\u00e9e \u00e0 pied du palais de Topkapi et du harem"}]},{"@type":"WebSite","@id":"https:\/\/tourtravelandmore.com\/fr\/#website","url":"https:\/\/tourtravelandmore.com\/fr\/","name":"Tour Travel And More","description":"Private sightseeing tours and luxury transfers in Spain","publisher":{"@id":"https:\/\/tourtravelandmore.com\/fr\/#organization"},"potentialAction":[{"@type":"SearchAction","target":{"@type":"EntryPoint","urlTemplate":"https:\/\/tourtravelandmore.com\/fr\/?s={search_term_string}"},"query-input":{"@type":"PropertyValueSpecification","valueRequired":true,"valueName":"search_term_string"}}],"inLanguage":"fr-FR"},{"@type":"Organization","@id":"https:\/\/tourtravelandmore.com\/fr\/#organization","name":"Tour Travel And More","url":"https:\/\/tourtravelandmore.com\/fr\/","logo":{"@type":"ImageObject","inLanguage":"fr-FR","@id":"https:\/\/tourtravelandmore.com\/fr\/#\/schema\/logo\/image\/","url":"https:\/\/tourtravelandmore.com\/wp-content\/uploads\/2022\/12\/cropped-logo-cabecera-new.png","contentUrl":"https:\/\/tourtravelandmore.com\/wp-content\/uploads\/2022\/12\/cropped-logo-cabecera-new.png","width":430,"height":61,"caption":"Tour Travel And More"},"image":{"@id":"https:\/\/tourtravelandmore.com\/fr\/#\/schema\/logo\/image\/"},"sameAs":["https:\/\/www.facebook.com\/tourtravelandmore\/","https:\/\/x.com\/TourTravel_More"]}]}},"_links":{"self":[{"href":"https:\/\/tourtravelandmore.com\/fr\/wp-json\/wp\/v2\/product\/177462","targetHints":{"allow":["GET"]}}],"collection":[{"href":"https:\/\/tourtravelandmore.com\/fr\/wp-json\/wp\/v2\/product"}],"about":[{"href":"https:\/\/tourtravelandmore.com\/fr\/wp-json\/wp\/v2\/types\/product"}],"replies":[{"embeddable":true,"href":"https:\/\/tourtravelandmore.com\/fr\/wp-json\/wp\/v2\/comments?post=177462"}],"wp:featuredmedia":[{"embeddable":true,"href":"https:\/\/tourtravelandmore.com\/fr\/wp-json\/wp\/v2\/media\/177474"}],"wp:attachment":[{"href":"https:\/\/tourtravelandmore.com\/fr\/wp-json\/wp\/v2\/media?parent=177462"}],"wp:term":[{"taxonomy":"product_brand","embeddable":true,"href":"https:\/\/tourtravelandmore.com\/fr\/wp-json\/wp\/v2\/product_brand?post=177462"},{"taxonomy":"product_cat","embeddable":true,"href":"https:\/\/tourtravelandmore.com\/fr\/wp-json\/wp\/v2\/product_cat?post=177462"},{"taxonomy":"product_tag","embeddable":true,"href":"https:\/\/tourtravelandmore.com\/fr\/wp-json\/wp\/v2\/product_tag?post=177462"}],"curies":[{"name":"wp","href":"https:\/\/api.w.org\/{rel}","templated":true}]}}