{"id":176837,"date":"2024-08-19T17:34:34","date_gmt":"2024-08-19T15:34:37","guid":{"rendered":"https:\/\/tourtravelandmore.com\/?post_type=product&#038;p=176837"},"modified":"2024-08-20T17:38:10","modified_gmt":"2024-08-20T15:38:10","slug":"visite-privee-a-pied-distanbul-avec-transport-public","status":"publish","type":"product","link":"https:\/\/tourtravelandmore.com\/fr\/tours\/turquie-fr\/istanbul-fr\/visite-privee-a-pied-distanbul-avec-transport-public\/","title":{"rendered":"Visite priv\u00e9e \u00e0 pied d&#8217;Istanbul avec transport public"},"content":{"rendered":"<h2><b><strong>Description de la visite priv\u00e9e<\/strong><\/b><\/h2>\n<p>D\u00e9couvrez Istanbul comme un habitant lors de cette visite immersive priv\u00e9e de 8 heures, o\u00f9 vous explorerez la riche histoire de la ville, sa culture vibrante et son architecture \u00e9poustouflante. Accompagn\u00e9 d&#8217;un guide expert, vous naviguerez dans les rues anim\u00e9es de la ville en utilisant les transports publics, ce qui vous donnera un aper\u00e7u authentique de la vie quotidienne \u00e0 Istanbul.<\/p>\n<p>D\u00e9couvrez les tr\u00e9sors d&#8217;Istanbul \u00e0 pied et \u00e0 travers les yeux d&#8217;un habitant gr\u00e2ce \u00e0 cette inoubliable visite priv\u00e9e \u00e0 pied.<\/p>\n<p>Admirez tous les sites qu&#8217;Istanbul a \u00e0 offrir. L&#8217;excursion se terminera \u00e0 l&#8217;h\u00f4tel ou au restaurant de votre choix. Contactez nos experts en voyage pour personnaliser l&#8217;exp\u00e9rience en fonction de vos besoins.<\/p>\n<h2><b><strong>Points d&#8217;int\u00e9r\u00eat et monuments<\/strong><\/b><\/h2>\n<p>Votre voyage commence au c\u0153ur de la ville, o\u00f9 vous visiterez des sites embl\u00e9matiques tels que la Mosqu\u00e9e bleue, avec ses tuiles bleues et ses grands d\u00f4mes, et l&#8217;Hippodrome, qui \u00e9tait autrefois le centre de la vie byzantine. Promenez-vous dans le quartier historique de Sultanahmet, qui abrite certains des sites les plus importants de la ville.<\/p>\n<p>L&#8217;un des points forts de cette visite est la possibilit\u00e9 de visiter la magnifique Sainte-Sophie, chef-d&#8217;\u0153uvre de l&#8217;architecture byzantine et symbole de la diversit\u00e9 de l&#8217;histoire d&#8217;Istanbul. \u00c0 l&#8217;int\u00e9rieur, vous serez \u00e9merveill\u00e9 par les mosa\u00efques complexes et la grandeur de ce site class\u00e9 au patrimoine mondial de l&#8217;UNESCO.<\/p>\n<p>La visite se poursuit dans l&#8217;effervescence du Grand Bazar, l&#8217;un des plus anciens et des plus grands march\u00e9s couverts du monde. Vous aurez l&#8217;occasion de parcourir une myriade de boutiques qui vendent de tout, des bijoux exquis aux \u00e9pices turques traditionnelles.<\/p>\n<p>Tout au long de la visite, votre guide vous fournira des informations fascinantes sur l&#8217;histoire et la culture d&#8217;Istanbul, ce qui vous permettra de repartir avec une meilleure compr\u00e9hension de cette ville captivante.<\/p>\n","protected":false},"excerpt":{"rendered":"<p>D\u00e9couvrez Istanbul comme un habitant lors de cette visite immersive priv\u00e9e de 8 heures, o\u00f9 vous explorerez la riche histoire de la ville, sa culture vibrante et son architecture \u00e9poustouflante. Accompagn\u00e9 d&#8217;un guide expert, vous naviguerez dans les rues anim\u00e9es de la ville en utilisant les transports publics, ce qui vous donnera un aper\u00e7u authentique de la vie quotidienne \u00e0 Istanbul.<\/p>\n","protected":false},"featured_media":176862,"comment_status":"open","ping_status":"closed","template":"","meta":{"_acf_changed":false},"product_brand":[],"product_cat":[3734,3830],"product_tag":[],"class_list":{"0":"post-176837","1":"product","2":"type-product","3":"status-publish","4":"has-post-thumbnail","6":"product_cat-turquie-fr","7":"product_cat-istanbul-fr","9":"first","10":"instock","11":"shipping-taxable","12":"purchasable","13":"product-type-simple"},"acf":[],"yoast_head":"<!-- This site is optimized with the Yoast SEO Premium plugin v25.3.1 (Yoast SEO v25.3.1) - https:\/\/yoast.com\/wordpress\/plugins\/seo\/ -->\n<title>Visite priv\u00e9e \u00e0 pied d&#039;Istanbul avec transport public<\/title>\n<meta name=\"description\" content=\"Visite priv\u00e9e \u00e0 pied d&#039;Istanbul avec transport public. Pr\u00e9parez-vous \u00e0 visiter tous les endroits incroyables de cette ville.\" \/>\n<meta name=\"robots\" content=\"index, follow, max-snippet:-1, max-image-preview:large, max-video-preview:-1\" \/>\n<link rel=\"canonical\" href=\"https:\/\/tourtravelandmore.com\/fr\/tours\/turquie-fr\/istanbul-fr\/visite-privee-a-pied-distanbul-avec-transport-public\/\" \/>\n<meta property=\"og:locale\" content=\"fr_FR\" \/>\n<meta property=\"og:type\" content=\"article\" \/>\n<meta property=\"og:title\" content=\"Visite priv\u00e9e \u00e0 pied d&#039;Istanbul avec transport public\" \/>\n<meta property=\"og:description\" content=\"Visite priv\u00e9e \u00e0 pied d&#039;Istanbul avec transport public. Pr\u00e9parez-vous \u00e0 visiter tous les endroits incroyables de cette ville.\" \/>\n<meta property=\"og:url\" content=\"https:\/\/tourtravelandmore.com\/fr\/tours\/turquie-fr\/istanbul-fr\/visite-privee-a-pied-distanbul-avec-transport-public\/\" \/>\n<meta property=\"og:site_name\" content=\"Tour Travel And More\" \/>\n<meta property=\"article:publisher\" content=\"https:\/\/www.facebook.com\/tourtravelandmore\/\" \/>\n<meta property=\"article:modified_time\" content=\"2024-08-20T15:38:10+00:00\" \/>\n<meta property=\"og:image\" content=\"https:\/\/tourtravelandmore.com\/wp-content\/uploads\/2024\/08\/pexels-photo-2159549.jpg\" \/>\n\t<meta property=\"og:image:width\" content=\"1125\" \/>\n\t<meta property=\"og:image:height\" content=\"750\" \/>\n\t<meta property=\"og:image:type\" content=\"image\/jpeg\" \/>\n<meta name=\"twitter:card\" content=\"summary_large_image\" \/>\n<meta name=\"twitter:site\" content=\"@TourTravel_More\" \/>\n<meta name=\"twitter:label1\" content=\"Dur\u00e9e de lecture estim\u00e9e\" \/>\n\t<meta name=\"twitter:data1\" content=\"2 minutes\" \/>\n<script type=\"application\/ld+json\" class=\"yoast-schema-graph\">{\"@context\":\"https:\/\/schema.org\",\"@graph\":[{\"@type\":\"WebPage\",\"@id\":\"https:\/\/tourtravelandmore.com\/fr\/tours\/turquie-fr\/istanbul-fr\/visite-privee-a-pied-distanbul-avec-transport-public\/\",\"url\":\"https:\/\/tourtravelandmore.com\/fr\/tours\/turquie-fr\/istanbul-fr\/visite-privee-a-pied-distanbul-avec-transport-public\/\",\"name\":\"Visite priv\u00e9e \u00e0 pied d'Istanbul avec transport public\",\"isPartOf\":{\"@id\":\"https:\/\/tourtravelandmore.com\/fr\/#website\"},\"primaryImageOfPage\":{\"@id\":\"https:\/\/tourtravelandmore.com\/fr\/tours\/turquie-fr\/istanbul-fr\/visite-privee-a-pied-distanbul-avec-transport-public\/#primaryimage\"},\"image\":{\"@id\":\"https:\/\/tourtravelandmore.com\/fr\/tours\/turquie-fr\/istanbul-fr\/visite-privee-a-pied-distanbul-avec-transport-public\/#primaryimage\"},\"thumbnailUrl\":\"https:\/\/tourtravelandmore.com\/wp-content\/uploads\/2024\/08\/pexels-photo-2159549.jpg\",\"datePublished\":\"2024-08-19T15:34:37+00:00\",\"dateModified\":\"2024-08-20T15:38:10+00:00\",\"description\":\"Visite priv\u00e9e \u00e0 pied d'Istanbul avec transport public. Pr\u00e9parez-vous \u00e0 visiter tous les endroits incroyables de cette ville.\",\"breadcrumb\":{\"@id\":\"https:\/\/tourtravelandmore.com\/fr\/tours\/turquie-fr\/istanbul-fr\/visite-privee-a-pied-distanbul-avec-transport-public\/#breadcrumb\"},\"inLanguage\":\"fr-FR\",\"potentialAction\":[{\"@type\":\"ReadAction\",\"target\":[\"https:\/\/tourtravelandmore.com\/fr\/tours\/turquie-fr\/istanbul-fr\/visite-privee-a-pied-distanbul-avec-transport-public\/\"]}]},{\"@type\":\"ImageObject\",\"inLanguage\":\"fr-FR\",\"@id\":\"https:\/\/tourtravelandmore.com\/fr\/tours\/turquie-fr\/istanbul-fr\/visite-privee-a-pied-distanbul-avec-transport-public\/#primaryimage\",\"url\":\"https:\/\/tourtravelandmore.com\/wp-content\/uploads\/2024\/08\/pexels-photo-2159549.jpg\",\"contentUrl\":\"https:\/\/tourtravelandmore.com\/wp-content\/uploads\/2024\/08\/pexels-photo-2159549.jpg\",\"width\":1125,\"height\":750},{\"@type\":\"BreadcrumbList\",\"@id\":\"https:\/\/tourtravelandmore.com\/fr\/tours\/turquie-fr\/istanbul-fr\/visite-privee-a-pied-distanbul-avec-transport-public\/#breadcrumb\",\"itemListElement\":[{\"@type\":\"ListItem\",\"position\":1,\"name\":\"Home\",\"item\":\"https:\/\/tourtravelandmore.com\/fr\/\"},{\"@type\":\"ListItem\",\"position\":2,\"name\":\"Tours\",\"item\":\"https:\/\/tourtravelandmore.com\/fr\/tours\/\"},{\"@type\":\"ListItem\",\"position\":3,\"name\":\"Visite priv\u00e9e \u00e0 pied d&#8217;Istanbul avec transport public\"}]},{\"@type\":\"WebSite\",\"@id\":\"https:\/\/tourtravelandmore.com\/fr\/#website\",\"url\":\"https:\/\/tourtravelandmore.com\/fr\/\",\"name\":\"Tour Travel And More\",\"description\":\"Private sightseeing tours and luxury transfers in Spain\",\"publisher\":{\"@id\":\"https:\/\/tourtravelandmore.com\/fr\/#organization\"},\"potentialAction\":[{\"@type\":\"SearchAction\",\"target\":{\"@type\":\"EntryPoint\",\"urlTemplate\":\"https:\/\/tourtravelandmore.com\/fr\/?s={search_term_string}\"},\"query-input\":{\"@type\":\"PropertyValueSpecification\",\"valueRequired\":true,\"valueName\":\"search_term_string\"}}],\"inLanguage\":\"fr-FR\"},{\"@type\":\"Organization\",\"@id\":\"https:\/\/tourtravelandmore.com\/fr\/#organization\",\"name\":\"Tour Travel And More\",\"url\":\"https:\/\/tourtravelandmore.com\/fr\/\",\"logo\":{\"@type\":\"ImageObject\",\"inLanguage\":\"fr-FR\",\"@id\":\"https:\/\/tourtravelandmore.com\/fr\/#\/schema\/logo\/image\/\",\"url\":\"https:\/\/tourtravelandmore.com\/wp-content\/uploads\/2022\/12\/cropped-logo-cabecera-new.png\",\"contentUrl\":\"https:\/\/tourtravelandmore.com\/wp-content\/uploads\/2022\/12\/cropped-logo-cabecera-new.png\",\"width\":430,\"height\":61,\"caption\":\"Tour Travel And More\"},\"image\":{\"@id\":\"https:\/\/tourtravelandmore.com\/fr\/#\/schema\/logo\/image\/\"},\"sameAs\":[\"https:\/\/www.facebook.com\/tourtravelandmore\/\",\"https:\/\/x.com\/TourTravel_More\"]}]}<\/script>\n<!-- \/ Yoast SEO Premium plugin. -->","yoast_head_json":{"title":"Visite priv\u00e9e \u00e0 pied d'Istanbul avec transport public","description":"Visite priv\u00e9e \u00e0 pied d'Istanbul avec transport public. Pr\u00e9parez-vous \u00e0 visiter tous les endroits incroyables de cette ville.","robots":{"index":"index","follow":"follow","max-snippet":"max-snippet:-1","max-image-preview":"max-image-preview:large","max-video-preview":"max-video-preview:-1"},"canonical":"https:\/\/tourtravelandmore.com\/fr\/tours\/turquie-fr\/istanbul-fr\/visite-privee-a-pied-distanbul-avec-transport-public\/","og_locale":"fr_FR","og_type":"article","og_title":"Visite priv\u00e9e \u00e0 pied d'Istanbul avec transport public","og_description":"Visite priv\u00e9e \u00e0 pied d'Istanbul avec transport public. Pr\u00e9parez-vous \u00e0 visiter tous les endroits incroyables de cette ville.","og_url":"https:\/\/tourtravelandmore.com\/fr\/tours\/turquie-fr\/istanbul-fr\/visite-privee-a-pied-distanbul-avec-transport-public\/","og_site_name":"Tour Travel And More","article_publisher":"https:\/\/www.facebook.com\/tourtravelandmore\/","article_modified_time":"2024-08-20T15:38:10+00:00","og_image":[{"width":1125,"height":750,"url":"https:\/\/tourtravelandmore.com\/wp-content\/uploads\/2024\/08\/pexels-photo-2159549.jpg","type":"image\/jpeg"}],"twitter_card":"summary_large_image","twitter_site":"@TourTravel_More","twitter_misc":{"Dur\u00e9e de lecture estim\u00e9e":"2 minutes"},"schema":{"@context":"https:\/\/schema.org","@graph":[{"@type":"WebPage","@id":"https:\/\/tourtravelandmore.com\/fr\/tours\/turquie-fr\/istanbul-fr\/visite-privee-a-pied-distanbul-avec-transport-public\/","url":"https:\/\/tourtravelandmore.com\/fr\/tours\/turquie-fr\/istanbul-fr\/visite-privee-a-pied-distanbul-avec-transport-public\/","name":"Visite priv\u00e9e \u00e0 pied d'Istanbul avec transport public","isPartOf":{"@id":"https:\/\/tourtravelandmore.com\/fr\/#website"},"primaryImageOfPage":{"@id":"https:\/\/tourtravelandmore.com\/fr\/tours\/turquie-fr\/istanbul-fr\/visite-privee-a-pied-distanbul-avec-transport-public\/#primaryimage"},"image":{"@id":"https:\/\/tourtravelandmore.com\/fr\/tours\/turquie-fr\/istanbul-fr\/visite-privee-a-pied-distanbul-avec-transport-public\/#primaryimage"},"thumbnailUrl":"https:\/\/tourtravelandmore.com\/wp-content\/uploads\/2024\/08\/pexels-photo-2159549.jpg","datePublished":"2024-08-19T15:34:37+00:00","dateModified":"2024-08-20T15:38:10+00:00","description":"Visite priv\u00e9e \u00e0 pied d'Istanbul avec transport public. Pr\u00e9parez-vous \u00e0 visiter tous les endroits incroyables de cette ville.","breadcrumb":{"@id":"https:\/\/tourtravelandmore.com\/fr\/tours\/turquie-fr\/istanbul-fr\/visite-privee-a-pied-distanbul-avec-transport-public\/#breadcrumb"},"inLanguage":"fr-FR","potentialAction":[{"@type":"ReadAction","target":["https:\/\/tourtravelandmore.com\/fr\/tours\/turquie-fr\/istanbul-fr\/visite-privee-a-pied-distanbul-avec-transport-public\/"]}]},{"@type":"ImageObject","inLanguage":"fr-FR","@id":"https:\/\/tourtravelandmore.com\/fr\/tours\/turquie-fr\/istanbul-fr\/visite-privee-a-pied-distanbul-avec-transport-public\/#primaryimage","url":"https:\/\/tourtravelandmore.com\/wp-content\/uploads\/2024\/08\/pexels-photo-2159549.jpg","contentUrl":"https:\/\/tourtravelandmore.com\/wp-content\/uploads\/2024\/08\/pexels-photo-2159549.jpg","width":1125,"height":750},{"@type":"BreadcrumbList","@id":"https:\/\/tourtravelandmore.com\/fr\/tours\/turquie-fr\/istanbul-fr\/visite-privee-a-pied-distanbul-avec-transport-public\/#breadcrumb","itemListElement":[{"@type":"ListItem","position":1,"name":"Home","item":"https:\/\/tourtravelandmore.com\/fr\/"},{"@type":"ListItem","position":2,"name":"Tours","item":"https:\/\/tourtravelandmore.com\/fr\/tours\/"},{"@type":"ListItem","position":3,"name":"Visite priv\u00e9e \u00e0 pied d&#8217;Istanbul avec transport public"}]},{"@type":"WebSite","@id":"https:\/\/tourtravelandmore.com\/fr\/#website","url":"https:\/\/tourtravelandmore.com\/fr\/","name":"Tour Travel And More","description":"Private sightseeing tours and luxury transfers in Spain","publisher":{"@id":"https:\/\/tourtravelandmore.com\/fr\/#organization"},"potentialAction":[{"@type":"SearchAction","target":{"@type":"EntryPoint","urlTemplate":"https:\/\/tourtravelandmore.com\/fr\/?s={search_term_string}"},"query-input":{"@type":"PropertyValueSpecification","valueRequired":true,"valueName":"search_term_string"}}],"inLanguage":"fr-FR"},{"@type":"Organization","@id":"https:\/\/tourtravelandmore.com\/fr\/#organization","name":"Tour Travel And More","url":"https:\/\/tourtravelandmore.com\/fr\/","logo":{"@type":"ImageObject","inLanguage":"fr-FR","@id":"https:\/\/tourtravelandmore.com\/fr\/#\/schema\/logo\/image\/","url":"https:\/\/tourtravelandmore.com\/wp-content\/uploads\/2022\/12\/cropped-logo-cabecera-new.png","contentUrl":"https:\/\/tourtravelandmore.com\/wp-content\/uploads\/2022\/12\/cropped-logo-cabecera-new.png","width":430,"height":61,"caption":"Tour Travel And More"},"image":{"@id":"https:\/\/tourtravelandmore.com\/fr\/#\/schema\/logo\/image\/"},"sameAs":["https:\/\/www.facebook.com\/tourtravelandmore\/","https:\/\/x.com\/TourTravel_More"]}]}},"_links":{"self":[{"href":"https:\/\/tourtravelandmore.com\/fr\/wp-json\/wp\/v2\/product\/176837","targetHints":{"allow":["GET"]}}],"collection":[{"href":"https:\/\/tourtravelandmore.com\/fr\/wp-json\/wp\/v2\/product"}],"about":[{"href":"https:\/\/tourtravelandmore.com\/fr\/wp-json\/wp\/v2\/types\/product"}],"replies":[{"embeddable":true,"href":"https:\/\/tourtravelandmore.com\/fr\/wp-json\/wp\/v2\/comments?post=176837"}],"wp:featuredmedia":[{"embeddable":true,"href":"https:\/\/tourtravelandmore.com\/fr\/wp-json\/wp\/v2\/media\/176862"}],"wp:attachment":[{"href":"https:\/\/tourtravelandmore.com\/fr\/wp-json\/wp\/v2\/media?parent=176837"}],"wp:term":[{"taxonomy":"product_brand","embeddable":true,"href":"https:\/\/tourtravelandmore.com\/fr\/wp-json\/wp\/v2\/product_brand?post=176837"},{"taxonomy":"product_cat","embeddable":true,"href":"https:\/\/tourtravelandmore.com\/fr\/wp-json\/wp\/v2\/product_cat?post=176837"},{"taxonomy":"product_tag","embeddable":true,"href":"https:\/\/tourtravelandmore.com\/fr\/wp-json\/wp\/v2\/product_tag?post=176837"}],"curies":[{"name":"wp","href":"https:\/\/api.w.org\/{rel}","templated":true}]}}