{"id":176137,"date":"2024-08-14T17:43:15","date_gmt":"2024-08-14T15:43:25","guid":{"rendered":"https:\/\/tourtravelandmore.com\/?post_type=product&#038;p=176137"},"modified":"2024-08-14T18:14:33","modified_gmt":"2024-08-14T16:14:33","slug":"visite-dune-journee-complete-des-caves-de-la-rioja-au-depart-de-madrid","status":"publish","type":"product","link":"https:\/\/tourtravelandmore.com\/fr\/tours\/espagne-fr\/madrid-fr\/tous-les-circuits-et-activites-prives\/visite-dune-journee-complete-des-caves-de-la-rioja-au-depart-de-madrid\/","title":{"rendered":"Visite d&#8217;une journ\u00e9e compl\u00e8te des caves de La Rioja au d\u00e9part de Madrid"},"content":{"rendered":"<h2>Visite d&#8217;une journ\u00e9e compl\u00e8te des caves de La Rioja au d\u00e9part de Madrid Description<\/h2>\n<p>Cette excursion de 12 heures dans les caves de<strong> La Rioja<\/strong> est id\u00e9ale pour les visiteurs qui souhaitent conna\u00eetre et appr\u00e9cier les meilleurs vins du nord de l&#8217;<strong>Espagne<\/strong> depuis la capitale. Nous commencerons t\u00f4t le matin pour profiter au maximum de cette journ\u00e9e de visite des caves de <strong>La Rioja<\/strong> depuis <strong>Madrid,<\/strong> dans un v\u00e9hicule priv\u00e9 de luxe avec chauffeur pour un voyage confortable et s\u00fbr.<\/p>\n<p>La Rioja est une r\u00e9gion viticole magnifique et historique qui comprend la province du m\u00eame nom, ainsi qu&#8217;une partie du <strong>Pays<\/strong> <strong>basque<\/strong> <strong>, de la Navarre<\/strong> et de la <strong>Castille-et-Le\u00f3n.<\/strong> Cette r\u00e9gion est li\u00e9e \u00e0 la production de vin depuis avant l&#8217;arriv\u00e9e des Romains. Les conditions et les sols privil\u00e9gi\u00e9s ainsi que l&#8217;exp\u00e9rience mill\u00e9naire de ses caves sont \u00e0 l&#8217;origine de la grande qualit\u00e9 des vins de l&#8217;appellation d&#8217;origine contr\u00f4l\u00e9e Rioja (DOCa), tr\u00e8s pris\u00e9s des amateurs d&#8217;\u0153nologie, qui se composent de vins frais et aromatiques, d&#8217;une composition \u00e9quilibr\u00e9e et d&#8217;un excellent bouquet.<\/p>\n<p>Les c\u00e9pages traditionnels autoris\u00e9s pour l&#8217;\u00e9laboration des vins de la Rioja sont les rouges <strong>(Tempranillo, Garnacha tinta, Cari\u00f1ena<\/strong> et <strong>Graciano)<\/strong> et les blancs <strong>(Viura, Malvas\u00eda<\/strong> et <strong>Garnacha<\/strong> blanc <strong>),<\/strong> mais ces derni\u00e8res ann\u00e9es, d&#8217;autres c\u00e9pages comme le Maturana, le Monastel, le Chardonnay, le Sauvignon blanc et le Verdejo ont \u00e9galement \u00e9t\u00e9 accept\u00e9s. Ces raisins sont utilis\u00e9s pour \u00e9laborer des vins rouges, blancs et ros\u00e9s, qui sont divis\u00e9s en Crianza, Reserva et Gran Reserva, en fonction de leur degr\u00e9 de maturit\u00e9.<\/p>\n<p>Le succ\u00e8s des vins DOCa Rioja signifie que la disponibilit\u00e9 des caves est rare et qu&#8217;il est difficile de visiter deux caves dans la m\u00eame journ\u00e9e, mais nous nous occupons de tout pour que vous n&#8217;ayez qu&#8217;\u00e0 profiter de l&#8217;exp\u00e9rience.<\/p>\n<p>Votre chauffeur viendra vous chercher \u00e0 l&#8217;endroit de votre choix \u00e0 Madrid dans un v\u00e9hicule de luxe, et vous commencerez votre route vers le nord. Une fois \u00e0 La Rioja, vous pourrez visiter deux caves, o\u00f9 vous apprendrez l&#8217;histoire et la technique de chacune d&#8217;entre elles, et o\u00f9 vous pourrez d\u00e9guster leurs vins les plus repr\u00e9sentatifs, accompagn\u00e9s des amuse-gueules traditionnels que les vignerons savent le mieux assortir \u00e0 leurs vins.<\/p>\n<h2>Visite d&#8217;une journ\u00e9e aux caves de La Rioja depuis Madrid | Points d&#8217;int\u00e9r\u00eat<\/h2>\n<p>Parmi les caves qui peuvent \u00eatre visit\u00e9es, citons :<\/p>\n<ul>\n<li><strong>Campillo<\/strong><\/li>\n<li><strong>Valdelana<\/strong><\/li>\n<li><strong>Ram\u00f3n Bilbao<\/strong><\/li>\n<li><strong>El Fabulista<\/strong><\/li>\n<li><strong>Muga<\/strong><\/li>\n<li><strong>Marqu\u00e9s de Riscal<\/strong><\/li>\n<li><strong>Et bien d&#8217;autres encore, il suffit de nous faire savoir si vous avez une pr\u00e9f\u00e9rence pour une cave en particulier.<\/strong><\/li>\n<\/ul>\n<p>Si vous le souhaitez, votre chauffeur vous montrera les endroits les plus int\u00e9ressants de la r\u00e9gion ou vous emm\u00e8nera d\u00e9jeuner dans un restaurant typique des environs.<\/p>\n<p>\u00c0 la fin de vos visites, votre chauffeur vous ram\u00e8nera \u00e0 votre lieu d&#8217;origine \u00e0 Madrid pour vous reposer.<\/p>\n<p>Comme alternative \u00e0 notre excursion d&#8217;une journ\u00e9e dans les caves de <strong>La Rioja<\/strong> au d\u00e9part de Madrid, vous pouvez faire notre excursion d&#8217;une journ\u00e9e dans les caves de<strong> La Ribera del Duero au d\u00e9part de Madrid<\/strong> pendant 12 heures, ou notre excursion d&#8217;une journ\u00e9e dans les caves de <strong>Tol\u00e8de<\/strong> au d\u00e9part de Madrid \u00e9galement, mais pendant 8 heures.<\/p>\n","protected":false},"excerpt":{"rendered":"<p>Cette excursion de 12 heures dans les caves de<strong> La Rioja<\/strong> est id\u00e9ale pour les visiteurs qui souhaitent conna\u00eetre et appr\u00e9cier les meilleurs vins du nord de l&#8217;<strong>Espagne<\/strong> depuis la capitale. Nous commencerons t\u00f4t le matin pour profiter au maximum de cette journ\u00e9e de visite des caves de <strong>La Rioja<\/strong> depuis <strong>Madrid,<\/strong> dans un v\u00e9hicule priv\u00e9 de luxe avec chauffeur pour un voyage confortable et s\u00fbr.<\/p>\n","protected":false},"featured_media":176147,"comment_status":"open","ping_status":"closed","template":"","meta":{"_acf_changed":false},"product_brand":[],"product_cat":[3543,4033,4028,4029],"product_tag":[],"class_list":{"0":"post-176137","1":"product","2":"type-product","3":"status-publish","4":"has-post-thumbnail","6":"product_cat-madrid-fr","7":"product_cat-visites-de-vignobles","8":"product_cat-tous-les-circuits-et-activites-prives","9":"product_cat-excursions-privees-dune-journee","11":"first","12":"instock","13":"shipping-taxable","14":"purchasable","15":"product-type-simple"},"acf":[],"yoast_head":"<!-- This site is optimized with the Yoast SEO Premium plugin v25.3.1 (Yoast SEO v25.3.1) - https:\/\/yoast.com\/wordpress\/plugins\/seo\/ -->\n<title>Visite d&#039;une journ\u00e9e compl\u00e8te des caves de La Rioja au d\u00e9part de Madrid<\/title>\n<meta name=\"description\" content=\"Visite d&#039;une journ\u00e9e compl\u00e8te des caves de La Rioja au d\u00e9part de Madrid \u00e0 l&#039;aise dans un v\u00e9hicule de luxe priv\u00e9. Pr\u00e9parez-vous \u00e0 visiter tous les endroits incroyables de cette ville.\" \/>\n<meta name=\"robots\" content=\"index, follow, max-snippet:-1, max-image-preview:large, max-video-preview:-1\" \/>\n<link rel=\"canonical\" href=\"https:\/\/tourtravelandmore.com\/fr\/tours\/espagne-fr\/madrid-fr\/tous-les-circuits-et-activites-prives\/visite-dune-journee-complete-des-caves-de-la-rioja-au-depart-de-madrid\/\" \/>\n<meta property=\"og:locale\" content=\"fr_FR\" \/>\n<meta property=\"og:type\" content=\"article\" \/>\n<meta property=\"og:title\" content=\"Visite d&#039;une journ\u00e9e compl\u00e8te des caves de La Rioja au d\u00e9part de Madrid\" \/>\n<meta property=\"og:description\" content=\"Visite d&#039;une journ\u00e9e compl\u00e8te des caves de La Rioja au d\u00e9part de Madrid \u00e0 l&#039;aise dans un v\u00e9hicule de luxe priv\u00e9. Pr\u00e9parez-vous \u00e0 visiter tous les endroits incroyables de cette ville.\" \/>\n<meta property=\"og:url\" content=\"https:\/\/tourtravelandmore.com\/fr\/tours\/espagne-fr\/madrid-fr\/tous-les-circuits-et-activites-prives\/visite-dune-journee-complete-des-caves-de-la-rioja-au-depart-de-madrid\/\" \/>\n<meta property=\"og:site_name\" content=\"Tour Travel And More\" \/>\n<meta property=\"article:publisher\" content=\"https:\/\/www.facebook.com\/tourtravelandmore\/\" \/>\n<meta property=\"article:modified_time\" content=\"2024-08-14T16:14:33+00:00\" \/>\n<meta property=\"og:image\" content=\"https:\/\/tourtravelandmore.com\/wp-content\/uploads\/2024\/08\/pexels-pixabay-51947.jpg\" \/>\n\t<meta property=\"og:image:width\" content=\"1920\" \/>\n\t<meta property=\"og:image:height\" content=\"1280\" \/>\n\t<meta property=\"og:image:type\" content=\"image\/jpeg\" \/>\n<meta name=\"twitter:card\" content=\"summary_large_image\" \/>\n<meta name=\"twitter:site\" content=\"@TourTravel_More\" \/>\n<meta name=\"twitter:label1\" content=\"Dur\u00e9e de lecture estim\u00e9e\" \/>\n\t<meta name=\"twitter:data1\" content=\"3 minutes\" \/>\n<script type=\"application\/ld+json\" class=\"yoast-schema-graph\">{\"@context\":\"https:\/\/schema.org\",\"@graph\":[{\"@type\":\"WebPage\",\"@id\":\"https:\/\/tourtravelandmore.com\/fr\/tours\/espagne-fr\/madrid-fr\/tous-les-circuits-et-activites-prives\/visite-dune-journee-complete-des-caves-de-la-rioja-au-depart-de-madrid\/\",\"url\":\"https:\/\/tourtravelandmore.com\/fr\/tours\/espagne-fr\/madrid-fr\/tous-les-circuits-et-activites-prives\/visite-dune-journee-complete-des-caves-de-la-rioja-au-depart-de-madrid\/\",\"name\":\"Visite d'une journ\u00e9e compl\u00e8te des caves de La Rioja au d\u00e9part de Madrid\",\"isPartOf\":{\"@id\":\"https:\/\/tourtravelandmore.com\/fr\/#website\"},\"primaryImageOfPage\":{\"@id\":\"https:\/\/tourtravelandmore.com\/fr\/tours\/espagne-fr\/madrid-fr\/tous-les-circuits-et-activites-prives\/visite-dune-journee-complete-des-caves-de-la-rioja-au-depart-de-madrid\/#primaryimage\"},\"image\":{\"@id\":\"https:\/\/tourtravelandmore.com\/fr\/tours\/espagne-fr\/madrid-fr\/tous-les-circuits-et-activites-prives\/visite-dune-journee-complete-des-caves-de-la-rioja-au-depart-de-madrid\/#primaryimage\"},\"thumbnailUrl\":\"https:\/\/tourtravelandmore.com\/wp-content\/uploads\/2024\/08\/pexels-pixabay-51947.jpg\",\"datePublished\":\"2024-08-14T15:43:25+00:00\",\"dateModified\":\"2024-08-14T16:14:33+00:00\",\"description\":\"Visite d'une journ\u00e9e compl\u00e8te des caves de La Rioja au d\u00e9part de Madrid \u00e0 l'aise dans un v\u00e9hicule de luxe priv\u00e9. Pr\u00e9parez-vous \u00e0 visiter tous les endroits incroyables de cette ville.\",\"breadcrumb\":{\"@id\":\"https:\/\/tourtravelandmore.com\/fr\/tours\/espagne-fr\/madrid-fr\/tous-les-circuits-et-activites-prives\/visite-dune-journee-complete-des-caves-de-la-rioja-au-depart-de-madrid\/#breadcrumb\"},\"inLanguage\":\"fr-FR\",\"potentialAction\":[{\"@type\":\"ReadAction\",\"target\":[\"https:\/\/tourtravelandmore.com\/fr\/tours\/espagne-fr\/madrid-fr\/tous-les-circuits-et-activites-prives\/visite-dune-journee-complete-des-caves-de-la-rioja-au-depart-de-madrid\/\"]}]},{\"@type\":\"ImageObject\",\"inLanguage\":\"fr-FR\",\"@id\":\"https:\/\/tourtravelandmore.com\/fr\/tours\/espagne-fr\/madrid-fr\/tous-les-circuits-et-activites-prives\/visite-dune-journee-complete-des-caves-de-la-rioja-au-depart-de-madrid\/#primaryimage\",\"url\":\"https:\/\/tourtravelandmore.com\/wp-content\/uploads\/2024\/08\/pexels-pixabay-51947.jpg\",\"contentUrl\":\"https:\/\/tourtravelandmore.com\/wp-content\/uploads\/2024\/08\/pexels-pixabay-51947.jpg\",\"width\":1920,\"height\":1280},{\"@type\":\"BreadcrumbList\",\"@id\":\"https:\/\/tourtravelandmore.com\/fr\/tours\/espagne-fr\/madrid-fr\/tous-les-circuits-et-activites-prives\/visite-dune-journee-complete-des-caves-de-la-rioja-au-depart-de-madrid\/#breadcrumb\",\"itemListElement\":[{\"@type\":\"ListItem\",\"position\":1,\"name\":\"Home\",\"item\":\"https:\/\/tourtravelandmore.com\/fr\/\"},{\"@type\":\"ListItem\",\"position\":2,\"name\":\"Tours\",\"item\":\"https:\/\/tourtravelandmore.com\/fr\/tours\/\"},{\"@type\":\"ListItem\",\"position\":3,\"name\":\"Visite d&#8217;une journ\u00e9e compl\u00e8te des caves de La Rioja au d\u00e9part de Madrid\"}]},{\"@type\":\"WebSite\",\"@id\":\"https:\/\/tourtravelandmore.com\/fr\/#website\",\"url\":\"https:\/\/tourtravelandmore.com\/fr\/\",\"name\":\"Tour Travel And More\",\"description\":\"Private sightseeing tours and luxury transfers in Spain\",\"publisher\":{\"@id\":\"https:\/\/tourtravelandmore.com\/fr\/#organization\"},\"potentialAction\":[{\"@type\":\"SearchAction\",\"target\":{\"@type\":\"EntryPoint\",\"urlTemplate\":\"https:\/\/tourtravelandmore.com\/fr\/?s={search_term_string}\"},\"query-input\":{\"@type\":\"PropertyValueSpecification\",\"valueRequired\":true,\"valueName\":\"search_term_string\"}}],\"inLanguage\":\"fr-FR\"},{\"@type\":\"Organization\",\"@id\":\"https:\/\/tourtravelandmore.com\/fr\/#organization\",\"name\":\"Tour Travel And More\",\"url\":\"https:\/\/tourtravelandmore.com\/fr\/\",\"logo\":{\"@type\":\"ImageObject\",\"inLanguage\":\"fr-FR\",\"@id\":\"https:\/\/tourtravelandmore.com\/fr\/#\/schema\/logo\/image\/\",\"url\":\"https:\/\/tourtravelandmore.com\/wp-content\/uploads\/2022\/12\/cropped-logo-cabecera-new.png\",\"contentUrl\":\"https:\/\/tourtravelandmore.com\/wp-content\/uploads\/2022\/12\/cropped-logo-cabecera-new.png\",\"width\":430,\"height\":61,\"caption\":\"Tour Travel And More\"},\"image\":{\"@id\":\"https:\/\/tourtravelandmore.com\/fr\/#\/schema\/logo\/image\/\"},\"sameAs\":[\"https:\/\/www.facebook.com\/tourtravelandmore\/\",\"https:\/\/x.com\/TourTravel_More\"]}]}<\/script>\n<!-- \/ Yoast SEO Premium plugin. -->","yoast_head_json":{"title":"Visite d'une journ\u00e9e compl\u00e8te des caves de La Rioja au d\u00e9part de Madrid","description":"Visite d'une journ\u00e9e compl\u00e8te des caves de La Rioja au d\u00e9part de Madrid \u00e0 l'aise dans un v\u00e9hicule de luxe priv\u00e9. Pr\u00e9parez-vous \u00e0 visiter tous les endroits incroyables de cette ville.","robots":{"index":"index","follow":"follow","max-snippet":"max-snippet:-1","max-image-preview":"max-image-preview:large","max-video-preview":"max-video-preview:-1"},"canonical":"https:\/\/tourtravelandmore.com\/fr\/tours\/espagne-fr\/madrid-fr\/tous-les-circuits-et-activites-prives\/visite-dune-journee-complete-des-caves-de-la-rioja-au-depart-de-madrid\/","og_locale":"fr_FR","og_type":"article","og_title":"Visite d'une journ\u00e9e compl\u00e8te des caves de La Rioja au d\u00e9part de Madrid","og_description":"Visite d'une journ\u00e9e compl\u00e8te des caves de La Rioja au d\u00e9part de Madrid \u00e0 l'aise dans un v\u00e9hicule de luxe priv\u00e9. Pr\u00e9parez-vous \u00e0 visiter tous les endroits incroyables de cette ville.","og_url":"https:\/\/tourtravelandmore.com\/fr\/tours\/espagne-fr\/madrid-fr\/tous-les-circuits-et-activites-prives\/visite-dune-journee-complete-des-caves-de-la-rioja-au-depart-de-madrid\/","og_site_name":"Tour Travel And More","article_publisher":"https:\/\/www.facebook.com\/tourtravelandmore\/","article_modified_time":"2024-08-14T16:14:33+00:00","og_image":[{"width":1920,"height":1280,"url":"https:\/\/tourtravelandmore.com\/wp-content\/uploads\/2024\/08\/pexels-pixabay-51947.jpg","type":"image\/jpeg"}],"twitter_card":"summary_large_image","twitter_site":"@TourTravel_More","twitter_misc":{"Dur\u00e9e de lecture estim\u00e9e":"3 minutes"},"schema":{"@context":"https:\/\/schema.org","@graph":[{"@type":"WebPage","@id":"https:\/\/tourtravelandmore.com\/fr\/tours\/espagne-fr\/madrid-fr\/tous-les-circuits-et-activites-prives\/visite-dune-journee-complete-des-caves-de-la-rioja-au-depart-de-madrid\/","url":"https:\/\/tourtravelandmore.com\/fr\/tours\/espagne-fr\/madrid-fr\/tous-les-circuits-et-activites-prives\/visite-dune-journee-complete-des-caves-de-la-rioja-au-depart-de-madrid\/","name":"Visite d'une journ\u00e9e compl\u00e8te des caves de La Rioja au d\u00e9part de Madrid","isPartOf":{"@id":"https:\/\/tourtravelandmore.com\/fr\/#website"},"primaryImageOfPage":{"@id":"https:\/\/tourtravelandmore.com\/fr\/tours\/espagne-fr\/madrid-fr\/tous-les-circuits-et-activites-prives\/visite-dune-journee-complete-des-caves-de-la-rioja-au-depart-de-madrid\/#primaryimage"},"image":{"@id":"https:\/\/tourtravelandmore.com\/fr\/tours\/espagne-fr\/madrid-fr\/tous-les-circuits-et-activites-prives\/visite-dune-journee-complete-des-caves-de-la-rioja-au-depart-de-madrid\/#primaryimage"},"thumbnailUrl":"https:\/\/tourtravelandmore.com\/wp-content\/uploads\/2024\/08\/pexels-pixabay-51947.jpg","datePublished":"2024-08-14T15:43:25+00:00","dateModified":"2024-08-14T16:14:33+00:00","description":"Visite d'une journ\u00e9e compl\u00e8te des caves de La Rioja au d\u00e9part de Madrid \u00e0 l'aise dans un v\u00e9hicule de luxe priv\u00e9. Pr\u00e9parez-vous \u00e0 visiter tous les endroits incroyables de cette ville.","breadcrumb":{"@id":"https:\/\/tourtravelandmore.com\/fr\/tours\/espagne-fr\/madrid-fr\/tous-les-circuits-et-activites-prives\/visite-dune-journee-complete-des-caves-de-la-rioja-au-depart-de-madrid\/#breadcrumb"},"inLanguage":"fr-FR","potentialAction":[{"@type":"ReadAction","target":["https:\/\/tourtravelandmore.com\/fr\/tours\/espagne-fr\/madrid-fr\/tous-les-circuits-et-activites-prives\/visite-dune-journee-complete-des-caves-de-la-rioja-au-depart-de-madrid\/"]}]},{"@type":"ImageObject","inLanguage":"fr-FR","@id":"https:\/\/tourtravelandmore.com\/fr\/tours\/espagne-fr\/madrid-fr\/tous-les-circuits-et-activites-prives\/visite-dune-journee-complete-des-caves-de-la-rioja-au-depart-de-madrid\/#primaryimage","url":"https:\/\/tourtravelandmore.com\/wp-content\/uploads\/2024\/08\/pexels-pixabay-51947.jpg","contentUrl":"https:\/\/tourtravelandmore.com\/wp-content\/uploads\/2024\/08\/pexels-pixabay-51947.jpg","width":1920,"height":1280},{"@type":"BreadcrumbList","@id":"https:\/\/tourtravelandmore.com\/fr\/tours\/espagne-fr\/madrid-fr\/tous-les-circuits-et-activites-prives\/visite-dune-journee-complete-des-caves-de-la-rioja-au-depart-de-madrid\/#breadcrumb","itemListElement":[{"@type":"ListItem","position":1,"name":"Home","item":"https:\/\/tourtravelandmore.com\/fr\/"},{"@type":"ListItem","position":2,"name":"Tours","item":"https:\/\/tourtravelandmore.com\/fr\/tours\/"},{"@type":"ListItem","position":3,"name":"Visite d&#8217;une journ\u00e9e compl\u00e8te des caves de La Rioja au d\u00e9part de Madrid"}]},{"@type":"WebSite","@id":"https:\/\/tourtravelandmore.com\/fr\/#website","url":"https:\/\/tourtravelandmore.com\/fr\/","name":"Tour Travel And More","description":"Private sightseeing tours and luxury transfers in Spain","publisher":{"@id":"https:\/\/tourtravelandmore.com\/fr\/#organization"},"potentialAction":[{"@type":"SearchAction","target":{"@type":"EntryPoint","urlTemplate":"https:\/\/tourtravelandmore.com\/fr\/?s={search_term_string}"},"query-input":{"@type":"PropertyValueSpecification","valueRequired":true,"valueName":"search_term_string"}}],"inLanguage":"fr-FR"},{"@type":"Organization","@id":"https:\/\/tourtravelandmore.com\/fr\/#organization","name":"Tour Travel And More","url":"https:\/\/tourtravelandmore.com\/fr\/","logo":{"@type":"ImageObject","inLanguage":"fr-FR","@id":"https:\/\/tourtravelandmore.com\/fr\/#\/schema\/logo\/image\/","url":"https:\/\/tourtravelandmore.com\/wp-content\/uploads\/2022\/12\/cropped-logo-cabecera-new.png","contentUrl":"https:\/\/tourtravelandmore.com\/wp-content\/uploads\/2022\/12\/cropped-logo-cabecera-new.png","width":430,"height":61,"caption":"Tour Travel And More"},"image":{"@id":"https:\/\/tourtravelandmore.com\/fr\/#\/schema\/logo\/image\/"},"sameAs":["https:\/\/www.facebook.com\/tourtravelandmore\/","https:\/\/x.com\/TourTravel_More"]}]}},"_links":{"self":[{"href":"https:\/\/tourtravelandmore.com\/fr\/wp-json\/wp\/v2\/product\/176137","targetHints":{"allow":["GET"]}}],"collection":[{"href":"https:\/\/tourtravelandmore.com\/fr\/wp-json\/wp\/v2\/product"}],"about":[{"href":"https:\/\/tourtravelandmore.com\/fr\/wp-json\/wp\/v2\/types\/product"}],"replies":[{"embeddable":true,"href":"https:\/\/tourtravelandmore.com\/fr\/wp-json\/wp\/v2\/comments?post=176137"}],"wp:featuredmedia":[{"embeddable":true,"href":"https:\/\/tourtravelandmore.com\/fr\/wp-json\/wp\/v2\/media\/176147"}],"wp:attachment":[{"href":"https:\/\/tourtravelandmore.com\/fr\/wp-json\/wp\/v2\/media?parent=176137"}],"wp:term":[{"taxonomy":"product_brand","embeddable":true,"href":"https:\/\/tourtravelandmore.com\/fr\/wp-json\/wp\/v2\/product_brand?post=176137"},{"taxonomy":"product_cat","embeddable":true,"href":"https:\/\/tourtravelandmore.com\/fr\/wp-json\/wp\/v2\/product_cat?post=176137"},{"taxonomy":"product_tag","embeddable":true,"href":"https:\/\/tourtravelandmore.com\/fr\/wp-json\/wp\/v2\/product_tag?post=176137"}],"curies":[{"name":"wp","href":"https:\/\/api.w.org\/{rel}","templated":true}]}}