{"id":176011,"date":"2024-08-05T16:51:26","date_gmt":"2024-08-05T14:51:34","guid":{"rendered":"https:\/\/tourtravelandmore.com\/?post_type=product&#038;p=176011"},"modified":"2024-08-05T17:48:51","modified_gmt":"2024-08-05T15:48:51","slug":"visite-privee-a-pied-de-seville-alcazar-royal-et-cathedrale-copy","status":"publish","type":"product","link":"https:\/\/tourtravelandmore.com\/fr\/tours\/espagne-fr\/seville-fr\/all-private-tours-activities-fr-16\/visite-privee-a-pied-de-seville-alcazar-royal-et-cathedrale-copy\/","title":{"rendered":"Visite priv\u00e9e \u00e0 pied de S\u00e9ville"},"content":{"rendered":"<h2><b><strong>Description de la visite priv\u00e9e \u00e0 pied de S\u00e9ville<\/strong><\/b><\/h2>\n<p>D\u00e9couvrez le c\u0153ur historique et vibrant de S\u00e9ville lors d&#8217;une <b><strong>visite priv\u00e9e \u00e0 pied<\/strong><\/b> con\u00e7ue pour vous immerger dans la riche culture et l&#8217;architecture \u00e9tonnante de la ville. Pendant trois heures, notre <b><strong>guide<\/strong><\/b> expert vous conduira \u00e0 travers les sites les plus embl\u00e9matiques et les joyaux cach\u00e9s de <b><strong>S\u00e9ville<\/strong><\/b>, en vous offrant un aper\u00e7u fascinant de l&#8217;histoire, des traditions et de la vie locale de la ville.<\/p>\n<p>Promenez-vous dans les rues pittoresques du quartier <b><strong>de Santa Cruz,<\/strong><\/b> autrefois quartier juif, avec ses ruelles \u00e9troites, ses charmantes places et ses patios fleuris. Admirez l&#8217;ext\u00e9rieur \u00e9poustouflant de la <b><strong>cath\u00e9drale de S\u00e9ville,<\/strong><\/b> la plus grande cath\u00e9drale gothique du monde, et la majestueuse <b><strong>tour Giralda,<\/strong><\/b> symbole du pass\u00e9 islamique de la ville.<\/p>\n<p>En poursuivant votre promenade, vous passerez devant l&#8217;<b><strong>Alcazar<\/strong><\/b> de <b><strong>S\u00e9ville,<\/strong><\/b> un palais royal \u00e0 l&#8217;architecture mauresque \u00e9tonnante, et l&#8217;Archivo de Indias, un site class\u00e9 au patrimoine mondial de l&#8217;UNESCO qui abrite des documents inestimables de l&#8217;Empire espagnol.<\/p>\n<h2><b><strong>Visite priv\u00e9e de S\u00e9ville \u00e0 pied &#8211; Points d&#8217;int\u00e9r\u00eat et sites touristiques<\/strong><\/b><\/h2>\n<p>Tout d&#8217;abord, vous rencontrerez votre guide officiel. Votre guide officiel priv\u00e9 est \u00e0 votre disposition pendant les <b><strong>3 heures<\/strong><\/b> pour profiter au maximum des monuments et pour tirer le meilleur parti de votre exp\u00e9rience \u00e0 <b><strong>S\u00e9ville<\/strong><\/b>. Vous vous prom\u00e8nerez dans le quartier juif et visiterez la place la plus c\u00e9l\u00e8bre de la ville, la Plaza Espa\u00f1a.<\/p>\n<p>Votre voyage vous m\u00e8nera \u00e9galement le long des rives du Guadalquivir, o\u00f9 vous pourrez admirer la Torre del Oro, une tour de guet m\u00e9di\u00e9vale, et l&#8217;embl\u00e9matique pont de Triana, qui relie le quartier historique de Triana au reste de la ville. Que vous veniez pour la premi\u00e8re fois ou que vous soyez un voyageur chevronn\u00e9, cette visite \u00e0 pied offre un m\u00e9lange parfait d&#8217;histoire, de culture et de saveurs locales, qui vous permettra de mieux appr\u00e9cier le charme unique de S\u00e9ville.<\/p>\n<p>En conclusion, profitez de cette occasion pour appr\u00e9cier les meilleurs sites de S\u00e9ville et ses monuments uniques.<\/p>\n<p><a href=\"https:\/\/tourtravelandmore.com\/fr\/city\/espagne-fr\/sevilla-en\/\">Jetez un coup d&#8217;\u0153il \u00e0 nos autres visites priv\u00e9es dans la ville de S\u00e9ville.<\/a><\/p>\n","protected":false},"excerpt":{"rendered":"<p>D\u00e9couvrez le c\u0153ur historique et vibrant de S\u00e9ville lors d&#8217;une <b><strong>visite priv\u00e9e \u00e0 pied<\/strong><\/b> con\u00e7ue pour vous immerger dans la riche culture et l&#8217;architecture \u00e9tonnante de la ville. Pendant trois heures, notre <b><strong>guide<\/strong><\/b> expert vous conduira \u00e0 travers les sites les plus embl\u00e9matiques et les joyaux cach\u00e9s de <b><strong>S\u00e9ville<\/strong><\/b>, en vous offrant un aper\u00e7u fascinant de l&#8217;histoire, des traditions et de la vie locale de la ville.<\/p>\n","protected":false},"featured_media":176021,"comment_status":"open","ping_status":"closed","template":"","meta":{"_acf_changed":false},"product_brand":[],"product_cat":[3676,4273,4264,4309],"product_tag":[],"class_list":{"0":"post-176011","1":"product","2":"type-product","3":"status-publish","4":"has-post-thumbnail","6":"product_cat-seville-fr","7":"product_cat-best-sellers-fr","8":"product_cat-all-private-tours-activities-fr-16","9":"product_cat-private-walking-tours-seville","11":"first","12":"instock","13":"shipping-taxable","14":"purchasable","15":"product-type-simple"},"acf":[],"yoast_head":"<!-- This site is optimized with the Yoast SEO Premium plugin v25.3.1 (Yoast SEO v25.3.1) - https:\/\/yoast.com\/wordpress\/plugins\/seo\/ -->\n<title>Visite priv\u00e9e \u00e0 pied de S\u00e9ville - Guide touristique officiel priv\u00e9 et billets inclus<\/title>\n<meta name=\"description\" content=\"Visite priv\u00e9e \u00e0 pied de S\u00e9ville. Visite priv\u00e9e avec un guide officiel priv\u00e9 pendant 3 heures\" \/>\n<meta name=\"robots\" content=\"index, follow, max-snippet:-1, max-image-preview:large, max-video-preview:-1\" \/>\n<link rel=\"canonical\" href=\"https:\/\/tourtravelandmore.com\/fr\/tours\/espagne-fr\/seville-fr\/all-private-tours-activities-fr-16\/visite-privee-a-pied-de-seville-alcazar-royal-et-cathedrale-copy\/\" \/>\n<meta property=\"og:locale\" content=\"fr_FR\" \/>\n<meta property=\"og:type\" content=\"article\" \/>\n<meta property=\"og:title\" content=\"Visite priv\u00e9e \u00e0 pied de S\u00e9ville\" \/>\n<meta property=\"og:description\" content=\"Visite priv\u00e9e \u00e0 pied de S\u00e9ville. Visite priv\u00e9e avec un guide officiel priv\u00e9 pendant 3 heures\" \/>\n<meta property=\"og:url\" content=\"https:\/\/tourtravelandmore.com\/fr\/tours\/espagne-fr\/seville-fr\/all-private-tours-activities-fr-16\/visite-privee-a-pied-de-seville-alcazar-royal-et-cathedrale-copy\/\" \/>\n<meta property=\"og:site_name\" content=\"Tour Travel And More\" \/>\n<meta property=\"article:publisher\" content=\"https:\/\/www.facebook.com\/tourtravelandmore\/\" \/>\n<meta property=\"article:modified_time\" content=\"2024-08-05T15:48:51+00:00\" \/>\n<meta property=\"og:image\" content=\"https:\/\/tourtravelandmore.com\/wp-content\/uploads\/2024\/08\/dom-1630295_1280.jpg\" \/>\n\t<meta property=\"og:image:width\" content=\"1280\" \/>\n\t<meta property=\"og:image:height\" content=\"853\" \/>\n\t<meta property=\"og:image:type\" content=\"image\/jpeg\" \/>\n<meta name=\"twitter:card\" content=\"summary_large_image\" \/>\n<meta name=\"twitter:site\" content=\"@TourTravel_More\" \/>\n<meta name=\"twitter:label1\" content=\"Dur\u00e9e de lecture estim\u00e9e\" \/>\n\t<meta name=\"twitter:data1\" content=\"2 minutes\" \/>\n<script type=\"application\/ld+json\" class=\"yoast-schema-graph\">{\"@context\":\"https:\/\/schema.org\",\"@graph\":[{\"@type\":\"WebPage\",\"@id\":\"https:\/\/tourtravelandmore.com\/fr\/tours\/espagne-fr\/seville-fr\/all-private-tours-activities-fr-16\/visite-privee-a-pied-de-seville-alcazar-royal-et-cathedrale-copy\/\",\"url\":\"https:\/\/tourtravelandmore.com\/fr\/tours\/espagne-fr\/seville-fr\/all-private-tours-activities-fr-16\/visite-privee-a-pied-de-seville-alcazar-royal-et-cathedrale-copy\/\",\"name\":\"Visite priv\u00e9e \u00e0 pied de S\u00e9ville - Guide touristique officiel priv\u00e9 et billets inclus\",\"isPartOf\":{\"@id\":\"https:\/\/tourtravelandmore.com\/fr\/#website\"},\"primaryImageOfPage\":{\"@id\":\"https:\/\/tourtravelandmore.com\/fr\/tours\/espagne-fr\/seville-fr\/all-private-tours-activities-fr-16\/visite-privee-a-pied-de-seville-alcazar-royal-et-cathedrale-copy\/#primaryimage\"},\"image\":{\"@id\":\"https:\/\/tourtravelandmore.com\/fr\/tours\/espagne-fr\/seville-fr\/all-private-tours-activities-fr-16\/visite-privee-a-pied-de-seville-alcazar-royal-et-cathedrale-copy\/#primaryimage\"},\"thumbnailUrl\":\"https:\/\/tourtravelandmore.com\/wp-content\/uploads\/2024\/08\/dom-1630295_1280.jpg\",\"datePublished\":\"2024-08-05T14:51:34+00:00\",\"dateModified\":\"2024-08-05T15:48:51+00:00\",\"description\":\"Visite priv\u00e9e \u00e0 pied de S\u00e9ville. Visite priv\u00e9e avec un guide officiel priv\u00e9 pendant 3 heures\",\"breadcrumb\":{\"@id\":\"https:\/\/tourtravelandmore.com\/fr\/tours\/espagne-fr\/seville-fr\/all-private-tours-activities-fr-16\/visite-privee-a-pied-de-seville-alcazar-royal-et-cathedrale-copy\/#breadcrumb\"},\"inLanguage\":\"fr-FR\",\"potentialAction\":[{\"@type\":\"ReadAction\",\"target\":[\"https:\/\/tourtravelandmore.com\/fr\/tours\/espagne-fr\/seville-fr\/all-private-tours-activities-fr-16\/visite-privee-a-pied-de-seville-alcazar-royal-et-cathedrale-copy\/\"]}]},{\"@type\":\"ImageObject\",\"inLanguage\":\"fr-FR\",\"@id\":\"https:\/\/tourtravelandmore.com\/fr\/tours\/espagne-fr\/seville-fr\/all-private-tours-activities-fr-16\/visite-privee-a-pied-de-seville-alcazar-royal-et-cathedrale-copy\/#primaryimage\",\"url\":\"https:\/\/tourtravelandmore.com\/wp-content\/uploads\/2024\/08\/dom-1630295_1280.jpg\",\"contentUrl\":\"https:\/\/tourtravelandmore.com\/wp-content\/uploads\/2024\/08\/dom-1630295_1280.jpg\",\"width\":1280,\"height\":853},{\"@type\":\"BreadcrumbList\",\"@id\":\"https:\/\/tourtravelandmore.com\/fr\/tours\/espagne-fr\/seville-fr\/all-private-tours-activities-fr-16\/visite-privee-a-pied-de-seville-alcazar-royal-et-cathedrale-copy\/#breadcrumb\",\"itemListElement\":[{\"@type\":\"ListItem\",\"position\":1,\"name\":\"Home\",\"item\":\"https:\/\/tourtravelandmore.com\/fr\/\"},{\"@type\":\"ListItem\",\"position\":2,\"name\":\"Tours\",\"item\":\"https:\/\/tourtravelandmore.com\/fr\/tours\/\"},{\"@type\":\"ListItem\",\"position\":3,\"name\":\"Visite priv\u00e9e \u00e0 pied de S\u00e9ville\"}]},{\"@type\":\"WebSite\",\"@id\":\"https:\/\/tourtravelandmore.com\/fr\/#website\",\"url\":\"https:\/\/tourtravelandmore.com\/fr\/\",\"name\":\"Tour Travel And More\",\"description\":\"Private sightseeing tours and luxury transfers in Spain\",\"publisher\":{\"@id\":\"https:\/\/tourtravelandmore.com\/fr\/#organization\"},\"potentialAction\":[{\"@type\":\"SearchAction\",\"target\":{\"@type\":\"EntryPoint\",\"urlTemplate\":\"https:\/\/tourtravelandmore.com\/fr\/?s={search_term_string}\"},\"query-input\":{\"@type\":\"PropertyValueSpecification\",\"valueRequired\":true,\"valueName\":\"search_term_string\"}}],\"inLanguage\":\"fr-FR\"},{\"@type\":\"Organization\",\"@id\":\"https:\/\/tourtravelandmore.com\/fr\/#organization\",\"name\":\"Tour Travel And More\",\"url\":\"https:\/\/tourtravelandmore.com\/fr\/\",\"logo\":{\"@type\":\"ImageObject\",\"inLanguage\":\"fr-FR\",\"@id\":\"https:\/\/tourtravelandmore.com\/fr\/#\/schema\/logo\/image\/\",\"url\":\"https:\/\/tourtravelandmore.com\/wp-content\/uploads\/2022\/12\/cropped-logo-cabecera-new.png\",\"contentUrl\":\"https:\/\/tourtravelandmore.com\/wp-content\/uploads\/2022\/12\/cropped-logo-cabecera-new.png\",\"width\":430,\"height\":61,\"caption\":\"Tour Travel And More\"},\"image\":{\"@id\":\"https:\/\/tourtravelandmore.com\/fr\/#\/schema\/logo\/image\/\"},\"sameAs\":[\"https:\/\/www.facebook.com\/tourtravelandmore\/\",\"https:\/\/x.com\/TourTravel_More\"]}]}<\/script>\n<!-- \/ Yoast SEO Premium plugin. -->","yoast_head_json":{"title":"Visite priv\u00e9e \u00e0 pied de S\u00e9ville - Guide touristique officiel priv\u00e9 et billets inclus","description":"Visite priv\u00e9e \u00e0 pied de S\u00e9ville. Visite priv\u00e9e avec un guide officiel priv\u00e9 pendant 3 heures","robots":{"index":"index","follow":"follow","max-snippet":"max-snippet:-1","max-image-preview":"max-image-preview:large","max-video-preview":"max-video-preview:-1"},"canonical":"https:\/\/tourtravelandmore.com\/fr\/tours\/espagne-fr\/seville-fr\/all-private-tours-activities-fr-16\/visite-privee-a-pied-de-seville-alcazar-royal-et-cathedrale-copy\/","og_locale":"fr_FR","og_type":"article","og_title":"Visite priv\u00e9e \u00e0 pied de S\u00e9ville","og_description":"Visite priv\u00e9e \u00e0 pied de S\u00e9ville. Visite priv\u00e9e avec un guide officiel priv\u00e9 pendant 3 heures","og_url":"https:\/\/tourtravelandmore.com\/fr\/tours\/espagne-fr\/seville-fr\/all-private-tours-activities-fr-16\/visite-privee-a-pied-de-seville-alcazar-royal-et-cathedrale-copy\/","og_site_name":"Tour Travel And More","article_publisher":"https:\/\/www.facebook.com\/tourtravelandmore\/","article_modified_time":"2024-08-05T15:48:51+00:00","og_image":[{"width":1280,"height":853,"url":"https:\/\/tourtravelandmore.com\/wp-content\/uploads\/2024\/08\/dom-1630295_1280.jpg","type":"image\/jpeg"}],"twitter_card":"summary_large_image","twitter_site":"@TourTravel_More","twitter_misc":{"Dur\u00e9e de lecture estim\u00e9e":"2 minutes"},"schema":{"@context":"https:\/\/schema.org","@graph":[{"@type":"WebPage","@id":"https:\/\/tourtravelandmore.com\/fr\/tours\/espagne-fr\/seville-fr\/all-private-tours-activities-fr-16\/visite-privee-a-pied-de-seville-alcazar-royal-et-cathedrale-copy\/","url":"https:\/\/tourtravelandmore.com\/fr\/tours\/espagne-fr\/seville-fr\/all-private-tours-activities-fr-16\/visite-privee-a-pied-de-seville-alcazar-royal-et-cathedrale-copy\/","name":"Visite priv\u00e9e \u00e0 pied de S\u00e9ville - Guide touristique officiel priv\u00e9 et billets inclus","isPartOf":{"@id":"https:\/\/tourtravelandmore.com\/fr\/#website"},"primaryImageOfPage":{"@id":"https:\/\/tourtravelandmore.com\/fr\/tours\/espagne-fr\/seville-fr\/all-private-tours-activities-fr-16\/visite-privee-a-pied-de-seville-alcazar-royal-et-cathedrale-copy\/#primaryimage"},"image":{"@id":"https:\/\/tourtravelandmore.com\/fr\/tours\/espagne-fr\/seville-fr\/all-private-tours-activities-fr-16\/visite-privee-a-pied-de-seville-alcazar-royal-et-cathedrale-copy\/#primaryimage"},"thumbnailUrl":"https:\/\/tourtravelandmore.com\/wp-content\/uploads\/2024\/08\/dom-1630295_1280.jpg","datePublished":"2024-08-05T14:51:34+00:00","dateModified":"2024-08-05T15:48:51+00:00","description":"Visite priv\u00e9e \u00e0 pied de S\u00e9ville. Visite priv\u00e9e avec un guide officiel priv\u00e9 pendant 3 heures","breadcrumb":{"@id":"https:\/\/tourtravelandmore.com\/fr\/tours\/espagne-fr\/seville-fr\/all-private-tours-activities-fr-16\/visite-privee-a-pied-de-seville-alcazar-royal-et-cathedrale-copy\/#breadcrumb"},"inLanguage":"fr-FR","potentialAction":[{"@type":"ReadAction","target":["https:\/\/tourtravelandmore.com\/fr\/tours\/espagne-fr\/seville-fr\/all-private-tours-activities-fr-16\/visite-privee-a-pied-de-seville-alcazar-royal-et-cathedrale-copy\/"]}]},{"@type":"ImageObject","inLanguage":"fr-FR","@id":"https:\/\/tourtravelandmore.com\/fr\/tours\/espagne-fr\/seville-fr\/all-private-tours-activities-fr-16\/visite-privee-a-pied-de-seville-alcazar-royal-et-cathedrale-copy\/#primaryimage","url":"https:\/\/tourtravelandmore.com\/wp-content\/uploads\/2024\/08\/dom-1630295_1280.jpg","contentUrl":"https:\/\/tourtravelandmore.com\/wp-content\/uploads\/2024\/08\/dom-1630295_1280.jpg","width":1280,"height":853},{"@type":"BreadcrumbList","@id":"https:\/\/tourtravelandmore.com\/fr\/tours\/espagne-fr\/seville-fr\/all-private-tours-activities-fr-16\/visite-privee-a-pied-de-seville-alcazar-royal-et-cathedrale-copy\/#breadcrumb","itemListElement":[{"@type":"ListItem","position":1,"name":"Home","item":"https:\/\/tourtravelandmore.com\/fr\/"},{"@type":"ListItem","position":2,"name":"Tours","item":"https:\/\/tourtravelandmore.com\/fr\/tours\/"},{"@type":"ListItem","position":3,"name":"Visite priv\u00e9e \u00e0 pied de S\u00e9ville"}]},{"@type":"WebSite","@id":"https:\/\/tourtravelandmore.com\/fr\/#website","url":"https:\/\/tourtravelandmore.com\/fr\/","name":"Tour Travel And More","description":"Private sightseeing tours and luxury transfers in Spain","publisher":{"@id":"https:\/\/tourtravelandmore.com\/fr\/#organization"},"potentialAction":[{"@type":"SearchAction","target":{"@type":"EntryPoint","urlTemplate":"https:\/\/tourtravelandmore.com\/fr\/?s={search_term_string}"},"query-input":{"@type":"PropertyValueSpecification","valueRequired":true,"valueName":"search_term_string"}}],"inLanguage":"fr-FR"},{"@type":"Organization","@id":"https:\/\/tourtravelandmore.com\/fr\/#organization","name":"Tour Travel And More","url":"https:\/\/tourtravelandmore.com\/fr\/","logo":{"@type":"ImageObject","inLanguage":"fr-FR","@id":"https:\/\/tourtravelandmore.com\/fr\/#\/schema\/logo\/image\/","url":"https:\/\/tourtravelandmore.com\/wp-content\/uploads\/2022\/12\/cropped-logo-cabecera-new.png","contentUrl":"https:\/\/tourtravelandmore.com\/wp-content\/uploads\/2022\/12\/cropped-logo-cabecera-new.png","width":430,"height":61,"caption":"Tour Travel And More"},"image":{"@id":"https:\/\/tourtravelandmore.com\/fr\/#\/schema\/logo\/image\/"},"sameAs":["https:\/\/www.facebook.com\/tourtravelandmore\/","https:\/\/x.com\/TourTravel_More"]}]}},"_links":{"self":[{"href":"https:\/\/tourtravelandmore.com\/fr\/wp-json\/wp\/v2\/product\/176011","targetHints":{"allow":["GET"]}}],"collection":[{"href":"https:\/\/tourtravelandmore.com\/fr\/wp-json\/wp\/v2\/product"}],"about":[{"href":"https:\/\/tourtravelandmore.com\/fr\/wp-json\/wp\/v2\/types\/product"}],"replies":[{"embeddable":true,"href":"https:\/\/tourtravelandmore.com\/fr\/wp-json\/wp\/v2\/comments?post=176011"}],"wp:featuredmedia":[{"embeddable":true,"href":"https:\/\/tourtravelandmore.com\/fr\/wp-json\/wp\/v2\/media\/176021"}],"wp:attachment":[{"href":"https:\/\/tourtravelandmore.com\/fr\/wp-json\/wp\/v2\/media?parent=176011"}],"wp:term":[{"taxonomy":"product_brand","embeddable":true,"href":"https:\/\/tourtravelandmore.com\/fr\/wp-json\/wp\/v2\/product_brand?post=176011"},{"taxonomy":"product_cat","embeddable":true,"href":"https:\/\/tourtravelandmore.com\/fr\/wp-json\/wp\/v2\/product_cat?post=176011"},{"taxonomy":"product_tag","embeddable":true,"href":"https:\/\/tourtravelandmore.com\/fr\/wp-json\/wp\/v2\/product_tag?post=176011"}],"curies":[{"name":"wp","href":"https:\/\/api.w.org\/{rel}","templated":true}]}}