{"id":175928,"date":"2024-07-30T21:42:07","date_gmt":"2024-07-30T19:42:10","guid":{"rendered":"https:\/\/tourtravelandmore.com\/?post_type=product&#038;p=175928"},"modified":"2024-08-09T16:28:09","modified_gmt":"2024-08-09T14:28:09","slug":"visite-privee-dune-journee-dans-les-musees-prado-reina-sofia-et-thyssen-copy","status":"publish","type":"product","link":"https:\/\/tourtravelandmore.com\/fr\/tours\/espagne-fr\/madrid-fr\/tous-les-circuits-et-activites-prives\/visite-privee-dune-journee-dans-les-musees-prado-reina-sofia-et-thyssen-copy\/","title":{"rendered":"Visite priv\u00e9e du monast\u00e8re d&#8217;El Escorial depuis Madrid"},"content":{"rendered":"<h2><b><strong>Description<\/strong><\/b><\/h2>\n<p>Embark on an enriching journey to the <b><strong>Monastery<\/strong><\/b> of El <b><strong>Escorial,<\/strong><\/b> a <b><strong>UNESCO World Heritage<\/strong><\/b> site and one of <b><strong>Spain&#8217;s<\/strong><\/b> most remarkable landmarks. This private tour offers an exclusive experience, combining comfort and insightful commentary, as you explore the grandeur of El Escorial. Your adventure begins with a convenient pick-up from your Madrid accommodation in a luxurious car. During the scenic drive to El Escorial, your expert guide will provide fascinating insights into the history and significance of this monumental complex.<\/p>\n<p>This <b><strong>private tour<\/strong><\/b> is perfect for those looking to delve deeper into this unique charm and history, all while enjoying the personalized attention of an expert guide.<\/p>\n<p>Join us for this captivating tour and gain a deeper appreciation for the rich diversity and vibrant culture that make Madrid one of the most dynamic cities in the world.<\/p>\n<p>Other possible option of private tour in Madrid, is our <a href=\"https:\/\/tourtravelandmore.com\/fr\/city\/espagne-fr\/madrid-fr\/\">Private tour of Madrid<\/a> with just a tour guide, take a look!.<\/p>\n<h2><b><strong>Points of Interest and Landmarks<\/strong><\/b><\/h2>\n<p>Upon arrival, delve into the architectural magnificence of the <a href=\"https:\/\/es.wikipedia.org\/wiki\/Real_Monasterio_de_San_Lorenzo_de_El_Escorial\"><b><strong>Monastery<\/strong><\/b> of <\/a><b><strong>El Escorial,<\/strong><\/b> which stands as a testament to <b><strong>Spain&#8217;s Golden Age.<\/strong><\/b> Your guide will lead you through the vast corridors, the impressive basilica, the royal pantheon, and the splendid library, each corner steeped in history and artistry.<\/p>\n<p>Discover the stories of kings and queens who once walked these halls, and marvel at the intricate details that make <b><strong>El Escorial<\/strong><\/b> a masterpiece of Renaissance architecture.<\/p>\n<p>After exploring the monastery, enjoy a leisurely stroll through the beautifully landscaped gardens, where the serene atmosphere offers a perfect end to your visit. Your guide will then accompany you back to your vehicle for a comfortable return journey to Madrid, ensuring a seamless and memorable experience.<\/p>\n<p>Conclude your cultural expedition with a comfortable return to your starting point, enriched by the artistic treasures of <b><strong>Madrid.<\/strong><\/b><\/p>\n","protected":false},"excerpt":{"rendered":"<p>Embark on an enriching journey to the <b><strong>Monastery<\/strong><\/b> of El <b><strong>Escorial,<\/strong><\/b> a <b><strong>UNESCO World Heritage<\/strong><\/b> site and one of <b><strong>Spain&#8217;s<\/strong><\/b> most remarkable landmarks. This private tour offers an exclusive experience, combining comfort and insightful commentary, as you explore the grandeur of El Escorial. Your adventure begins with a convenient pick-up from your Madrid accommodation in a luxurious car. During the scenic drive to El Escorial, your expert guide will provide fascinating insights into the history and significance of this monumental complex.<\/p>\n","protected":false},"featured_media":175938,"comment_status":"open","ping_status":"closed","template":"","meta":{"_acf_changed":false},"product_brand":[],"product_cat":[3543,4028,4029,3547],"product_tag":[],"class_list":{"0":"post-175928","1":"product","2":"type-product","3":"status-publish","4":"has-post-thumbnail","6":"product_cat-madrid-fr","7":"product_cat-tous-les-circuits-et-activites-prives","8":"product_cat-excursions-privees-dune-journee","9":"product_cat-etats-unis-fr","11":"first","12":"instock","13":"shipping-taxable","14":"purchasable","15":"product-type-simple"},"acf":[],"yoast_head":"<!-- This site is optimized with the Yoast SEO Premium plugin v25.3.1 (Yoast SEO v25.3.1) - https:\/\/yoast.com\/wordpress\/plugins\/seo\/ -->\n<title>Visite priv\u00e9e du monast\u00e8re d&#039;El Escorial depuis Madrid - TT&amp;M<\/title>\n<meta name=\"description\" content=\"Visite priv\u00e9e du monast\u00e8re de l&#039;Escorial depuis Madrid, ses merveilleux monuments, ses mus\u00e9es \u00e9blouissants, ses avenues embl\u00e9matiques et bien plus encore \u2705.\" \/>\n<meta name=\"robots\" content=\"index, follow, max-snippet:-1, max-image-preview:large, max-video-preview:-1\" \/>\n<link rel=\"canonical\" href=\"https:\/\/tourtravelandmore.com\/fr\/tours\/espagne-fr\/madrid-fr\/tous-les-circuits-et-activites-prives\/visite-privee-dune-journee-dans-les-musees-prado-reina-sofia-et-thyssen-copy\/\" \/>\n<meta property=\"og:locale\" content=\"fr_FR\" \/>\n<meta property=\"og:type\" content=\"article\" \/>\n<meta property=\"og:title\" content=\"Visite priv\u00e9e du monast\u00e8re d&#039;El Escorial depuis Madrid\" \/>\n<meta property=\"og:description\" content=\"Visite priv\u00e9e du monast\u00e8re de l&#039;Escorial depuis Madrid, ses merveilleux monuments, ses mus\u00e9es \u00e9blouissants, ses avenues embl\u00e9matiques et bien plus encore \u2705.\" \/>\n<meta property=\"og:url\" content=\"https:\/\/tourtravelandmore.com\/fr\/tours\/espagne-fr\/madrid-fr\/tous-les-circuits-et-activites-prives\/visite-privee-dune-journee-dans-les-musees-prado-reina-sofia-et-thyssen-copy\/\" \/>\n<meta property=\"og:site_name\" content=\"Tour Travel And More\" \/>\n<meta property=\"article:publisher\" content=\"https:\/\/www.facebook.com\/tourtravelandmore\/\" \/>\n<meta property=\"article:modified_time\" content=\"2024-08-09T14:28:09+00:00\" \/>\n<meta property=\"og:image\" content=\"https:\/\/tourtravelandmore.com\/wp-content\/uploads\/2024\/07\/history-3254880_1280.jpg\" \/>\n\t<meta property=\"og:image:width\" content=\"1280\" \/>\n\t<meta property=\"og:image:height\" content=\"853\" \/>\n\t<meta property=\"og:image:type\" content=\"image\/jpeg\" \/>\n<meta name=\"twitter:card\" content=\"summary_large_image\" \/>\n<meta name=\"twitter:site\" content=\"@TourTravel_More\" \/>\n<meta name=\"twitter:label1\" content=\"Dur\u00e9e de lecture estim\u00e9e\" \/>\n\t<meta name=\"twitter:data1\" content=\"2 minutes\" \/>\n<script type=\"application\/ld+json\" class=\"yoast-schema-graph\">{\"@context\":\"https:\/\/schema.org\",\"@graph\":[{\"@type\":\"WebPage\",\"@id\":\"https:\/\/tourtravelandmore.com\/fr\/tours\/espagne-fr\/madrid-fr\/tous-les-circuits-et-activites-prives\/visite-privee-dune-journee-dans-les-musees-prado-reina-sofia-et-thyssen-copy\/\",\"url\":\"https:\/\/tourtravelandmore.com\/fr\/tours\/espagne-fr\/madrid-fr\/tous-les-circuits-et-activites-prives\/visite-privee-dune-journee-dans-les-musees-prado-reina-sofia-et-thyssen-copy\/\",\"name\":\"Visite priv\u00e9e du monast\u00e8re d'El Escorial depuis Madrid - TT&M\",\"isPartOf\":{\"@id\":\"https:\/\/tourtravelandmore.com\/fr\/#website\"},\"primaryImageOfPage\":{\"@id\":\"https:\/\/tourtravelandmore.com\/fr\/tours\/espagne-fr\/madrid-fr\/tous-les-circuits-et-activites-prives\/visite-privee-dune-journee-dans-les-musees-prado-reina-sofia-et-thyssen-copy\/#primaryimage\"},\"image\":{\"@id\":\"https:\/\/tourtravelandmore.com\/fr\/tours\/espagne-fr\/madrid-fr\/tous-les-circuits-et-activites-prives\/visite-privee-dune-journee-dans-les-musees-prado-reina-sofia-et-thyssen-copy\/#primaryimage\"},\"thumbnailUrl\":\"https:\/\/tourtravelandmore.com\/wp-content\/uploads\/2024\/07\/history-3254880_1280.jpg\",\"datePublished\":\"2024-07-30T19:42:10+00:00\",\"dateModified\":\"2024-08-09T14:28:09+00:00\",\"description\":\"Visite priv\u00e9e du monast\u00e8re de l'Escorial depuis Madrid, ses merveilleux monuments, ses mus\u00e9es \u00e9blouissants, ses avenues embl\u00e9matiques et bien plus encore \u2705.\",\"breadcrumb\":{\"@id\":\"https:\/\/tourtravelandmore.com\/fr\/tours\/espagne-fr\/madrid-fr\/tous-les-circuits-et-activites-prives\/visite-privee-dune-journee-dans-les-musees-prado-reina-sofia-et-thyssen-copy\/#breadcrumb\"},\"inLanguage\":\"fr-FR\",\"potentialAction\":[{\"@type\":\"ReadAction\",\"target\":[\"https:\/\/tourtravelandmore.com\/fr\/tours\/espagne-fr\/madrid-fr\/tous-les-circuits-et-activites-prives\/visite-privee-dune-journee-dans-les-musees-prado-reina-sofia-et-thyssen-copy\/\"]}]},{\"@type\":\"ImageObject\",\"inLanguage\":\"fr-FR\",\"@id\":\"https:\/\/tourtravelandmore.com\/fr\/tours\/espagne-fr\/madrid-fr\/tous-les-circuits-et-activites-prives\/visite-privee-dune-journee-dans-les-musees-prado-reina-sofia-et-thyssen-copy\/#primaryimage\",\"url\":\"https:\/\/tourtravelandmore.com\/wp-content\/uploads\/2024\/07\/history-3254880_1280.jpg\",\"contentUrl\":\"https:\/\/tourtravelandmore.com\/wp-content\/uploads\/2024\/07\/history-3254880_1280.jpg\",\"width\":1280,\"height\":853},{\"@type\":\"BreadcrumbList\",\"@id\":\"https:\/\/tourtravelandmore.com\/fr\/tours\/espagne-fr\/madrid-fr\/tous-les-circuits-et-activites-prives\/visite-privee-dune-journee-dans-les-musees-prado-reina-sofia-et-thyssen-copy\/#breadcrumb\",\"itemListElement\":[{\"@type\":\"ListItem\",\"position\":1,\"name\":\"Home\",\"item\":\"https:\/\/tourtravelandmore.com\/fr\/\"},{\"@type\":\"ListItem\",\"position\":2,\"name\":\"Tours\",\"item\":\"https:\/\/tourtravelandmore.com\/fr\/tours\/\"},{\"@type\":\"ListItem\",\"position\":3,\"name\":\"Visite priv\u00e9e du monast\u00e8re d&#8217;El Escorial depuis Madrid\"}]},{\"@type\":\"WebSite\",\"@id\":\"https:\/\/tourtravelandmore.com\/fr\/#website\",\"url\":\"https:\/\/tourtravelandmore.com\/fr\/\",\"name\":\"Tour Travel And More\",\"description\":\"Private sightseeing tours and luxury transfers in Spain\",\"publisher\":{\"@id\":\"https:\/\/tourtravelandmore.com\/fr\/#organization\"},\"potentialAction\":[{\"@type\":\"SearchAction\",\"target\":{\"@type\":\"EntryPoint\",\"urlTemplate\":\"https:\/\/tourtravelandmore.com\/fr\/?s={search_term_string}\"},\"query-input\":{\"@type\":\"PropertyValueSpecification\",\"valueRequired\":true,\"valueName\":\"search_term_string\"}}],\"inLanguage\":\"fr-FR\"},{\"@type\":\"Organization\",\"@id\":\"https:\/\/tourtravelandmore.com\/fr\/#organization\",\"name\":\"Tour Travel And More\",\"url\":\"https:\/\/tourtravelandmore.com\/fr\/\",\"logo\":{\"@type\":\"ImageObject\",\"inLanguage\":\"fr-FR\",\"@id\":\"https:\/\/tourtravelandmore.com\/fr\/#\/schema\/logo\/image\/\",\"url\":\"https:\/\/tourtravelandmore.com\/wp-content\/uploads\/2022\/12\/cropped-logo-cabecera-new.png\",\"contentUrl\":\"https:\/\/tourtravelandmore.com\/wp-content\/uploads\/2022\/12\/cropped-logo-cabecera-new.png\",\"width\":430,\"height\":61,\"caption\":\"Tour Travel And More\"},\"image\":{\"@id\":\"https:\/\/tourtravelandmore.com\/fr\/#\/schema\/logo\/image\/\"},\"sameAs\":[\"https:\/\/www.facebook.com\/tourtravelandmore\/\",\"https:\/\/x.com\/TourTravel_More\"]}]}<\/script>\n<!-- \/ Yoast SEO Premium plugin. -->","yoast_head_json":{"title":"Visite priv\u00e9e du monast\u00e8re d'El Escorial depuis Madrid - TT&M","description":"Visite priv\u00e9e du monast\u00e8re de l'Escorial depuis Madrid, ses merveilleux monuments, ses mus\u00e9es \u00e9blouissants, ses avenues embl\u00e9matiques et bien plus encore \u2705.","robots":{"index":"index","follow":"follow","max-snippet":"max-snippet:-1","max-image-preview":"max-image-preview:large","max-video-preview":"max-video-preview:-1"},"canonical":"https:\/\/tourtravelandmore.com\/fr\/tours\/espagne-fr\/madrid-fr\/tous-les-circuits-et-activites-prives\/visite-privee-dune-journee-dans-les-musees-prado-reina-sofia-et-thyssen-copy\/","og_locale":"fr_FR","og_type":"article","og_title":"Visite priv\u00e9e du monast\u00e8re d'El Escorial depuis Madrid","og_description":"Visite priv\u00e9e du monast\u00e8re de l'Escorial depuis Madrid, ses merveilleux monuments, ses mus\u00e9es \u00e9blouissants, ses avenues embl\u00e9matiques et bien plus encore \u2705.","og_url":"https:\/\/tourtravelandmore.com\/fr\/tours\/espagne-fr\/madrid-fr\/tous-les-circuits-et-activites-prives\/visite-privee-dune-journee-dans-les-musees-prado-reina-sofia-et-thyssen-copy\/","og_site_name":"Tour Travel And More","article_publisher":"https:\/\/www.facebook.com\/tourtravelandmore\/","article_modified_time":"2024-08-09T14:28:09+00:00","og_image":[{"width":1280,"height":853,"url":"https:\/\/tourtravelandmore.com\/wp-content\/uploads\/2024\/07\/history-3254880_1280.jpg","type":"image\/jpeg"}],"twitter_card":"summary_large_image","twitter_site":"@TourTravel_More","twitter_misc":{"Dur\u00e9e de lecture estim\u00e9e":"2 minutes"},"schema":{"@context":"https:\/\/schema.org","@graph":[{"@type":"WebPage","@id":"https:\/\/tourtravelandmore.com\/fr\/tours\/espagne-fr\/madrid-fr\/tous-les-circuits-et-activites-prives\/visite-privee-dune-journee-dans-les-musees-prado-reina-sofia-et-thyssen-copy\/","url":"https:\/\/tourtravelandmore.com\/fr\/tours\/espagne-fr\/madrid-fr\/tous-les-circuits-et-activites-prives\/visite-privee-dune-journee-dans-les-musees-prado-reina-sofia-et-thyssen-copy\/","name":"Visite priv\u00e9e du monast\u00e8re d'El Escorial depuis Madrid - TT&M","isPartOf":{"@id":"https:\/\/tourtravelandmore.com\/fr\/#website"},"primaryImageOfPage":{"@id":"https:\/\/tourtravelandmore.com\/fr\/tours\/espagne-fr\/madrid-fr\/tous-les-circuits-et-activites-prives\/visite-privee-dune-journee-dans-les-musees-prado-reina-sofia-et-thyssen-copy\/#primaryimage"},"image":{"@id":"https:\/\/tourtravelandmore.com\/fr\/tours\/espagne-fr\/madrid-fr\/tous-les-circuits-et-activites-prives\/visite-privee-dune-journee-dans-les-musees-prado-reina-sofia-et-thyssen-copy\/#primaryimage"},"thumbnailUrl":"https:\/\/tourtravelandmore.com\/wp-content\/uploads\/2024\/07\/history-3254880_1280.jpg","datePublished":"2024-07-30T19:42:10+00:00","dateModified":"2024-08-09T14:28:09+00:00","description":"Visite priv\u00e9e du monast\u00e8re de l'Escorial depuis Madrid, ses merveilleux monuments, ses mus\u00e9es \u00e9blouissants, ses avenues embl\u00e9matiques et bien plus encore \u2705.","breadcrumb":{"@id":"https:\/\/tourtravelandmore.com\/fr\/tours\/espagne-fr\/madrid-fr\/tous-les-circuits-et-activites-prives\/visite-privee-dune-journee-dans-les-musees-prado-reina-sofia-et-thyssen-copy\/#breadcrumb"},"inLanguage":"fr-FR","potentialAction":[{"@type":"ReadAction","target":["https:\/\/tourtravelandmore.com\/fr\/tours\/espagne-fr\/madrid-fr\/tous-les-circuits-et-activites-prives\/visite-privee-dune-journee-dans-les-musees-prado-reina-sofia-et-thyssen-copy\/"]}]},{"@type":"ImageObject","inLanguage":"fr-FR","@id":"https:\/\/tourtravelandmore.com\/fr\/tours\/espagne-fr\/madrid-fr\/tous-les-circuits-et-activites-prives\/visite-privee-dune-journee-dans-les-musees-prado-reina-sofia-et-thyssen-copy\/#primaryimage","url":"https:\/\/tourtravelandmore.com\/wp-content\/uploads\/2024\/07\/history-3254880_1280.jpg","contentUrl":"https:\/\/tourtravelandmore.com\/wp-content\/uploads\/2024\/07\/history-3254880_1280.jpg","width":1280,"height":853},{"@type":"BreadcrumbList","@id":"https:\/\/tourtravelandmore.com\/fr\/tours\/espagne-fr\/madrid-fr\/tous-les-circuits-et-activites-prives\/visite-privee-dune-journee-dans-les-musees-prado-reina-sofia-et-thyssen-copy\/#breadcrumb","itemListElement":[{"@type":"ListItem","position":1,"name":"Home","item":"https:\/\/tourtravelandmore.com\/fr\/"},{"@type":"ListItem","position":2,"name":"Tours","item":"https:\/\/tourtravelandmore.com\/fr\/tours\/"},{"@type":"ListItem","position":3,"name":"Visite priv\u00e9e du monast\u00e8re d&#8217;El Escorial depuis Madrid"}]},{"@type":"WebSite","@id":"https:\/\/tourtravelandmore.com\/fr\/#website","url":"https:\/\/tourtravelandmore.com\/fr\/","name":"Tour Travel And More","description":"Private sightseeing tours and luxury transfers in Spain","publisher":{"@id":"https:\/\/tourtravelandmore.com\/fr\/#organization"},"potentialAction":[{"@type":"SearchAction","target":{"@type":"EntryPoint","urlTemplate":"https:\/\/tourtravelandmore.com\/fr\/?s={search_term_string}"},"query-input":{"@type":"PropertyValueSpecification","valueRequired":true,"valueName":"search_term_string"}}],"inLanguage":"fr-FR"},{"@type":"Organization","@id":"https:\/\/tourtravelandmore.com\/fr\/#organization","name":"Tour Travel And More","url":"https:\/\/tourtravelandmore.com\/fr\/","logo":{"@type":"ImageObject","inLanguage":"fr-FR","@id":"https:\/\/tourtravelandmore.com\/fr\/#\/schema\/logo\/image\/","url":"https:\/\/tourtravelandmore.com\/wp-content\/uploads\/2022\/12\/cropped-logo-cabecera-new.png","contentUrl":"https:\/\/tourtravelandmore.com\/wp-content\/uploads\/2022\/12\/cropped-logo-cabecera-new.png","width":430,"height":61,"caption":"Tour Travel And More"},"image":{"@id":"https:\/\/tourtravelandmore.com\/fr\/#\/schema\/logo\/image\/"},"sameAs":["https:\/\/www.facebook.com\/tourtravelandmore\/","https:\/\/x.com\/TourTravel_More"]}]}},"_links":{"self":[{"href":"https:\/\/tourtravelandmore.com\/fr\/wp-json\/wp\/v2\/product\/175928","targetHints":{"allow":["GET"]}}],"collection":[{"href":"https:\/\/tourtravelandmore.com\/fr\/wp-json\/wp\/v2\/product"}],"about":[{"href":"https:\/\/tourtravelandmore.com\/fr\/wp-json\/wp\/v2\/types\/product"}],"replies":[{"embeddable":true,"href":"https:\/\/tourtravelandmore.com\/fr\/wp-json\/wp\/v2\/comments?post=175928"}],"wp:featuredmedia":[{"embeddable":true,"href":"https:\/\/tourtravelandmore.com\/fr\/wp-json\/wp\/v2\/media\/175938"}],"wp:attachment":[{"href":"https:\/\/tourtravelandmore.com\/fr\/wp-json\/wp\/v2\/media?parent=175928"}],"wp:term":[{"taxonomy":"product_brand","embeddable":true,"href":"https:\/\/tourtravelandmore.com\/fr\/wp-json\/wp\/v2\/product_brand?post=175928"},{"taxonomy":"product_cat","embeddable":true,"href":"https:\/\/tourtravelandmore.com\/fr\/wp-json\/wp\/v2\/product_cat?post=175928"},{"taxonomy":"product_tag","embeddable":true,"href":"https:\/\/tourtravelandmore.com\/fr\/wp-json\/wp\/v2\/product_tag?post=175928"}],"curies":[{"name":"wp","href":"https:\/\/api.w.org\/{rel}","templated":true}]}}