{"id":175901,"date":"2024-07-30T21:00:53","date_gmt":"2024-07-30T19:00:56","guid":{"rendered":"https:\/\/tourtravelandmore.com\/?post_type=product&#038;p=175901"},"modified":"2024-07-30T21:40:33","modified_gmt":"2024-07-30T19:40:33","slug":"visite-privee-des-moulins-de-consuegra-et-de-tolede-au-depart-de-madrid-copy","status":"publish","type":"product","link":"https:\/\/tourtravelandmore.com\/fr\/tours\/espagne-fr\/madrid-fr\/tous-les-circuits-et-activites-prives\/visite-privee-des-moulins-de-consuegra-et-de-tolede-au-depart-de-madrid-copy\/","title":{"rendered":"Visite priv\u00e9e d&#8217;une journ\u00e9e dans les mus\u00e9es : Prado, Reina Sofia et Thyssen"},"content":{"rendered":"<h2><b><strong>Description de l&#8217;excursion<\/strong><\/b><\/h2>\n<p>Plongez dans le riche patrimoine culturel de Madrid gr\u00e2ce \u00e0 notre <b><strong>visite priv\u00e9e<\/strong><\/b> exclusive d&#8217;<b><strong>une journ\u00e9e enti\u00e8re<\/strong><\/b> des <b><strong>mus\u00e9es<\/strong><\/b>, qui pr\u00e9sente trois des institutions artistiques les plus prestigieuses de la ville : le mus\u00e9e du Prado, le mus\u00e9e Reina Sofia et le mus\u00e9e Thyssen-Bornemisza. Cette visite compl\u00e8te offre une opportunit\u00e9 in\u00e9gal\u00e9e d&#8217;explorer des collections de renomm\u00e9e mondiale dans le confort et la commodit\u00e9 d&#8217;un v\u00e9hicule priv\u00e9 avec un guide d\u00e9vou\u00e9 \u00e0 votre service pendant toute la journ\u00e9e.<\/p>\n<p>Cette <b><strong>visite priv\u00e9e<\/strong><\/b> est id\u00e9ale pour ceux qui souhaitent approfondir le charme et l&#8217;histoire de la ville, tout en b\u00e9n\u00e9ficiant de l&#8217;attention personnalis\u00e9e d&#8217;un guide expert.<\/p>\n<p>Rejoignez-nous pour cette visite captivante et apprenez \u00e0 mieux appr\u00e9cier la riche diversit\u00e9 et la culture vibrante qui font de Madrid l&#8217;une des villes les plus dynamiques du monde.<\/p>\n<p>Une autre option possible de visite priv\u00e9e \u00e0 Madrid est notre <a href=\"\u00ab\">Visite priv\u00e9e de Madrid<\/a> avec un guide touristique, jetez-y un coup d&#8217;\u0153il !<\/p>\n<h2><b><strong>Points d&#8217;int\u00e9r\u00eat et monuments<\/strong><\/b><\/h2>\n<p>Votre voyage commence par une prise en charge \u00e0 l&#8217;endroit de votre choix \u00e0 <b><strong>Madrid<\/strong><\/b> dans un v\u00e9hicule luxueux et climatis\u00e9. Notre guide expert vous donnera un aper\u00e7u fascinant de l&#8217;histoire de la ville et de son h\u00e9ritage artistique pendant que vous vous dirigez vers votre premi\u00e8re destination, le mus\u00e9e du <b><strong>Prado<\/strong><\/b>. Abritant des chefs-d&#8217;\u0153uvre de Vel\u00e1zquez, Goya et Bosch, le Prado est un tr\u00e9sor de l&#8217;art europ\u00e9en du XIIe au d\u00e9but du XXe si\u00e8cle.<\/p>\n<p>Apr\u00e8s avoir plong\u00e9 dans le monde de l&#8217;art classique au <b><strong>Prado,<\/strong><\/b> vous vous rendrez au <b><strong>mus\u00e9e Reina Sofia,<\/strong><\/b> un havre pour les amateurs d&#8217;art contemporain. Vous y d\u00e9couvrirez des \u0153uvres embl\u00e9matiques de ma\u00eetres modernes tels que Picasso, Dal\u00ed et Mir\u00f3, dont le l\u00e9gendaire <b><strong>\u00ab Guernica \u00bb<\/strong><\/b> <b><strong>de Picasso<\/strong><\/b>.<\/p>\n<p>Votre aventure artistique se poursuit au <a href=\"\u00ab\"><b><strong>mus\u00e9e Thyssen-Bornemisza<\/strong><\/b><\/a><b><strong>,<\/strong><\/b> qui abrite une collection \u00e9clectique couvrant plusieurs si\u00e8cles et styles artistiques, de l&#8217;art m\u00e9di\u00e9val au pop art moderne. Ce mus\u00e9e offre une perspective unique sur l&#8217;\u00e9volution de l&#8217;art occidental, en compl\u00e9ment des collections du Prado et de la Reina Sofia.<\/p>\n<p>Tout au long de la visite, notre guide bien inform\u00e9 vous fournira des commentaires personnalis\u00e9s, assurant une compr\u00e9hension profonde et engageante des \u0153uvres d&#8217;art et de leur contexte historique. Vous aurez amplement le temps d&#8217;explorer chaque mus\u00e9e \u00e0 votre rythme, et le transport pratique entre les diff\u00e9rents sites vous permettra de vivre une exp\u00e9rience agr\u00e9able et sans encombre.<\/p>\n<p>Votre exp\u00e9dition culturelle se terminera par un retour confortable \u00e0 votre point de d\u00e9part, enrichi par les tr\u00e9sors artistiques des plus grands mus\u00e9es de <b><strong>Madrid<\/strong><\/b>.<\/p>\n","protected":false},"excerpt":{"rendered":"<p>Plongez dans le riche patrimoine culturel de Madrid gr\u00e2ce \u00e0 notre <b><strong>visite priv\u00e9e<\/strong><\/b> exclusive d&#8217;<b><strong>une journ\u00e9e enti\u00e8re<\/strong><\/b> des <b><strong>mus\u00e9es<\/strong><\/b>, qui pr\u00e9sente trois des institutions artistiques les plus prestigieuses de la ville : le mus\u00e9e du Prado, le mus\u00e9e Reina Sofia et le mus\u00e9e Thyssen-Bornemisza. Cette visite compl\u00e8te offre une opportunit\u00e9 in\u00e9gal\u00e9e d&#8217;explorer des collections de renomm\u00e9e mondiale dans le confort et la commodit\u00e9 d&#8217;un v\u00e9hicule priv\u00e9 avec un guide d\u00e9vou\u00e9 \u00e0 votre service pendant toute la journ\u00e9e.<\/p>\n","protected":false},"featured_media":175911,"comment_status":"open","ping_status":"closed","template":"","meta":{"_acf_changed":false},"product_brand":[],"product_cat":[3543,4028,4029,3547],"product_tag":[],"class_list":{"0":"post-175901","1":"product","2":"type-product","3":"status-publish","4":"has-post-thumbnail","6":"product_cat-madrid-fr","7":"product_cat-tous-les-circuits-et-activites-prives","8":"product_cat-excursions-privees-dune-journee","9":"product_cat-etats-unis-fr","11":"first","12":"instock","13":"shipping-taxable","14":"purchasable","15":"product-type-simple"},"acf":[],"yoast_head":"<!-- This site is optimized with the Yoast SEO Premium plugin v25.3.1 (Yoast SEO v25.3.1) - https:\/\/yoast.com\/wordpress\/plugins\/seo\/ -->\n<title>Visite priv\u00e9e d&#039;une journ\u00e9e dans les mus\u00e9es : Prado, Reina Sofia et Thyssen<\/title>\n<meta name=\"description\" content=\"Visite priv\u00e9e d&#039;une journ\u00e9e au mus\u00e9e - Tour Travel &amp; More de Madrid, ses merveilleux monuments, ses mus\u00e9es \u00e9blouissants, ses avenues embl\u00e9matiques et bien plus encore \u2705.\" \/>\n<meta name=\"robots\" content=\"index, follow, max-snippet:-1, max-image-preview:large, max-video-preview:-1\" \/>\n<link rel=\"canonical\" href=\"https:\/\/tourtravelandmore.com\/fr\/tours\/espagne-fr\/madrid-fr\/tous-les-circuits-et-activites-prives\/visite-privee-des-moulins-de-consuegra-et-de-tolede-au-depart-de-madrid-copy\/\" \/>\n<meta property=\"og:locale\" content=\"fr_FR\" \/>\n<meta property=\"og:type\" content=\"article\" \/>\n<meta property=\"og:title\" content=\"Visite priv\u00e9e d&#039;une journ\u00e9e dans les mus\u00e9es : Prado, Reina Sofia et Thyssen\" \/>\n<meta property=\"og:description\" content=\"Visite priv\u00e9e d&#039;une journ\u00e9e au mus\u00e9e - Tour Travel &amp; More de Madrid, ses merveilleux monuments, ses mus\u00e9es \u00e9blouissants, ses avenues embl\u00e9matiques et bien plus encore \u2705.\" \/>\n<meta property=\"og:url\" content=\"https:\/\/tourtravelandmore.com\/fr\/tours\/espagne-fr\/madrid-fr\/tous-les-circuits-et-activites-prives\/visite-privee-des-moulins-de-consuegra-et-de-tolede-au-depart-de-madrid-copy\/\" \/>\n<meta property=\"og:site_name\" content=\"Tour Travel And More\" \/>\n<meta property=\"article:publisher\" content=\"https:\/\/www.facebook.com\/tourtravelandmore\/\" \/>\n<meta property=\"article:modified_time\" content=\"2024-07-30T19:40:33+00:00\" \/>\n<meta property=\"og:image\" content=\"https:\/\/tourtravelandmore.com\/wp-content\/uploads\/2024\/07\/museum-1196428_1280.jpg\" \/>\n\t<meta property=\"og:image:width\" content=\"1280\" \/>\n\t<meta property=\"og:image:height\" content=\"916\" \/>\n\t<meta property=\"og:image:type\" content=\"image\/jpeg\" \/>\n<meta name=\"twitter:card\" content=\"summary_large_image\" \/>\n<meta name=\"twitter:site\" content=\"@TourTravel_More\" \/>\n<meta name=\"twitter:label1\" content=\"Dur\u00e9e de lecture estim\u00e9e\" \/>\n\t<meta name=\"twitter:data1\" content=\"2 minutes\" \/>\n<script type=\"application\/ld+json\" class=\"yoast-schema-graph\">{\"@context\":\"https:\/\/schema.org\",\"@graph\":[{\"@type\":\"WebPage\",\"@id\":\"https:\/\/tourtravelandmore.com\/fr\/tours\/espagne-fr\/madrid-fr\/tous-les-circuits-et-activites-prives\/visite-privee-des-moulins-de-consuegra-et-de-tolede-au-depart-de-madrid-copy\/\",\"url\":\"https:\/\/tourtravelandmore.com\/fr\/tours\/espagne-fr\/madrid-fr\/tous-les-circuits-et-activites-prives\/visite-privee-des-moulins-de-consuegra-et-de-tolede-au-depart-de-madrid-copy\/\",\"name\":\"Visite priv\u00e9e d'une journ\u00e9e dans les mus\u00e9es : Prado, Reina Sofia et Thyssen\",\"isPartOf\":{\"@id\":\"https:\/\/tourtravelandmore.com\/fr\/#website\"},\"primaryImageOfPage\":{\"@id\":\"https:\/\/tourtravelandmore.com\/fr\/tours\/espagne-fr\/madrid-fr\/tous-les-circuits-et-activites-prives\/visite-privee-des-moulins-de-consuegra-et-de-tolede-au-depart-de-madrid-copy\/#primaryimage\"},\"image\":{\"@id\":\"https:\/\/tourtravelandmore.com\/fr\/tours\/espagne-fr\/madrid-fr\/tous-les-circuits-et-activites-prives\/visite-privee-des-moulins-de-consuegra-et-de-tolede-au-depart-de-madrid-copy\/#primaryimage\"},\"thumbnailUrl\":\"https:\/\/tourtravelandmore.com\/wp-content\/uploads\/2024\/07\/museum-1196428_1280.jpg\",\"datePublished\":\"2024-07-30T19:00:56+00:00\",\"dateModified\":\"2024-07-30T19:40:33+00:00\",\"description\":\"Visite priv\u00e9e d'une journ\u00e9e au mus\u00e9e - Tour Travel & More de Madrid, ses merveilleux monuments, ses mus\u00e9es \u00e9blouissants, ses avenues embl\u00e9matiques et bien plus encore \u2705.\",\"breadcrumb\":{\"@id\":\"https:\/\/tourtravelandmore.com\/fr\/tours\/espagne-fr\/madrid-fr\/tous-les-circuits-et-activites-prives\/visite-privee-des-moulins-de-consuegra-et-de-tolede-au-depart-de-madrid-copy\/#breadcrumb\"},\"inLanguage\":\"fr-FR\",\"potentialAction\":[{\"@type\":\"ReadAction\",\"target\":[\"https:\/\/tourtravelandmore.com\/fr\/tours\/espagne-fr\/madrid-fr\/tous-les-circuits-et-activites-prives\/visite-privee-des-moulins-de-consuegra-et-de-tolede-au-depart-de-madrid-copy\/\"]}]},{\"@type\":\"ImageObject\",\"inLanguage\":\"fr-FR\",\"@id\":\"https:\/\/tourtravelandmore.com\/fr\/tours\/espagne-fr\/madrid-fr\/tous-les-circuits-et-activites-prives\/visite-privee-des-moulins-de-consuegra-et-de-tolede-au-depart-de-madrid-copy\/#primaryimage\",\"url\":\"https:\/\/tourtravelandmore.com\/wp-content\/uploads\/2024\/07\/museum-1196428_1280.jpg\",\"contentUrl\":\"https:\/\/tourtravelandmore.com\/wp-content\/uploads\/2024\/07\/museum-1196428_1280.jpg\",\"width\":1280,\"height\":916},{\"@type\":\"BreadcrumbList\",\"@id\":\"https:\/\/tourtravelandmore.com\/fr\/tours\/espagne-fr\/madrid-fr\/tous-les-circuits-et-activites-prives\/visite-privee-des-moulins-de-consuegra-et-de-tolede-au-depart-de-madrid-copy\/#breadcrumb\",\"itemListElement\":[{\"@type\":\"ListItem\",\"position\":1,\"name\":\"Home\",\"item\":\"https:\/\/tourtravelandmore.com\/fr\/\"},{\"@type\":\"ListItem\",\"position\":2,\"name\":\"Tours\",\"item\":\"https:\/\/tourtravelandmore.com\/fr\/tours\/\"},{\"@type\":\"ListItem\",\"position\":3,\"name\":\"Visite priv\u00e9e d&#8217;une journ\u00e9e dans les mus\u00e9es : Prado, Reina Sofia et Thyssen\"}]},{\"@type\":\"WebSite\",\"@id\":\"https:\/\/tourtravelandmore.com\/fr\/#website\",\"url\":\"https:\/\/tourtravelandmore.com\/fr\/\",\"name\":\"Tour Travel And More\",\"description\":\"Private sightseeing tours and luxury transfers in Spain\",\"publisher\":{\"@id\":\"https:\/\/tourtravelandmore.com\/fr\/#organization\"},\"potentialAction\":[{\"@type\":\"SearchAction\",\"target\":{\"@type\":\"EntryPoint\",\"urlTemplate\":\"https:\/\/tourtravelandmore.com\/fr\/?s={search_term_string}\"},\"query-input\":{\"@type\":\"PropertyValueSpecification\",\"valueRequired\":true,\"valueName\":\"search_term_string\"}}],\"inLanguage\":\"fr-FR\"},{\"@type\":\"Organization\",\"@id\":\"https:\/\/tourtravelandmore.com\/fr\/#organization\",\"name\":\"Tour Travel And More\",\"url\":\"https:\/\/tourtravelandmore.com\/fr\/\",\"logo\":{\"@type\":\"ImageObject\",\"inLanguage\":\"fr-FR\",\"@id\":\"https:\/\/tourtravelandmore.com\/fr\/#\/schema\/logo\/image\/\",\"url\":\"https:\/\/tourtravelandmore.com\/wp-content\/uploads\/2022\/12\/cropped-logo-cabecera-new.png\",\"contentUrl\":\"https:\/\/tourtravelandmore.com\/wp-content\/uploads\/2022\/12\/cropped-logo-cabecera-new.png\",\"width\":430,\"height\":61,\"caption\":\"Tour Travel And More\"},\"image\":{\"@id\":\"https:\/\/tourtravelandmore.com\/fr\/#\/schema\/logo\/image\/\"},\"sameAs\":[\"https:\/\/www.facebook.com\/tourtravelandmore\/\",\"https:\/\/x.com\/TourTravel_More\"]}]}<\/script>\n<!-- \/ Yoast SEO Premium plugin. -->","yoast_head_json":{"title":"Visite priv\u00e9e d'une journ\u00e9e dans les mus\u00e9es : Prado, Reina Sofia et Thyssen","description":"Visite priv\u00e9e d'une journ\u00e9e au mus\u00e9e - Tour Travel & More de Madrid, ses merveilleux monuments, ses mus\u00e9es \u00e9blouissants, ses avenues embl\u00e9matiques et bien plus encore \u2705.","robots":{"index":"index","follow":"follow","max-snippet":"max-snippet:-1","max-image-preview":"max-image-preview:large","max-video-preview":"max-video-preview:-1"},"canonical":"https:\/\/tourtravelandmore.com\/fr\/tours\/espagne-fr\/madrid-fr\/tous-les-circuits-et-activites-prives\/visite-privee-des-moulins-de-consuegra-et-de-tolede-au-depart-de-madrid-copy\/","og_locale":"fr_FR","og_type":"article","og_title":"Visite priv\u00e9e d'une journ\u00e9e dans les mus\u00e9es : Prado, Reina Sofia et Thyssen","og_description":"Visite priv\u00e9e d'une journ\u00e9e au mus\u00e9e - Tour Travel & More de Madrid, ses merveilleux monuments, ses mus\u00e9es \u00e9blouissants, ses avenues embl\u00e9matiques et bien plus encore \u2705.","og_url":"https:\/\/tourtravelandmore.com\/fr\/tours\/espagne-fr\/madrid-fr\/tous-les-circuits-et-activites-prives\/visite-privee-des-moulins-de-consuegra-et-de-tolede-au-depart-de-madrid-copy\/","og_site_name":"Tour Travel And More","article_publisher":"https:\/\/www.facebook.com\/tourtravelandmore\/","article_modified_time":"2024-07-30T19:40:33+00:00","og_image":[{"width":1280,"height":916,"url":"https:\/\/tourtravelandmore.com\/wp-content\/uploads\/2024\/07\/museum-1196428_1280.jpg","type":"image\/jpeg"}],"twitter_card":"summary_large_image","twitter_site":"@TourTravel_More","twitter_misc":{"Dur\u00e9e de lecture estim\u00e9e":"2 minutes"},"schema":{"@context":"https:\/\/schema.org","@graph":[{"@type":"WebPage","@id":"https:\/\/tourtravelandmore.com\/fr\/tours\/espagne-fr\/madrid-fr\/tous-les-circuits-et-activites-prives\/visite-privee-des-moulins-de-consuegra-et-de-tolede-au-depart-de-madrid-copy\/","url":"https:\/\/tourtravelandmore.com\/fr\/tours\/espagne-fr\/madrid-fr\/tous-les-circuits-et-activites-prives\/visite-privee-des-moulins-de-consuegra-et-de-tolede-au-depart-de-madrid-copy\/","name":"Visite priv\u00e9e d'une journ\u00e9e dans les mus\u00e9es : Prado, Reina Sofia et Thyssen","isPartOf":{"@id":"https:\/\/tourtravelandmore.com\/fr\/#website"},"primaryImageOfPage":{"@id":"https:\/\/tourtravelandmore.com\/fr\/tours\/espagne-fr\/madrid-fr\/tous-les-circuits-et-activites-prives\/visite-privee-des-moulins-de-consuegra-et-de-tolede-au-depart-de-madrid-copy\/#primaryimage"},"image":{"@id":"https:\/\/tourtravelandmore.com\/fr\/tours\/espagne-fr\/madrid-fr\/tous-les-circuits-et-activites-prives\/visite-privee-des-moulins-de-consuegra-et-de-tolede-au-depart-de-madrid-copy\/#primaryimage"},"thumbnailUrl":"https:\/\/tourtravelandmore.com\/wp-content\/uploads\/2024\/07\/museum-1196428_1280.jpg","datePublished":"2024-07-30T19:00:56+00:00","dateModified":"2024-07-30T19:40:33+00:00","description":"Visite priv\u00e9e d'une journ\u00e9e au mus\u00e9e - Tour Travel & More de Madrid, ses merveilleux monuments, ses mus\u00e9es \u00e9blouissants, ses avenues embl\u00e9matiques et bien plus encore \u2705.","breadcrumb":{"@id":"https:\/\/tourtravelandmore.com\/fr\/tours\/espagne-fr\/madrid-fr\/tous-les-circuits-et-activites-prives\/visite-privee-des-moulins-de-consuegra-et-de-tolede-au-depart-de-madrid-copy\/#breadcrumb"},"inLanguage":"fr-FR","potentialAction":[{"@type":"ReadAction","target":["https:\/\/tourtravelandmore.com\/fr\/tours\/espagne-fr\/madrid-fr\/tous-les-circuits-et-activites-prives\/visite-privee-des-moulins-de-consuegra-et-de-tolede-au-depart-de-madrid-copy\/"]}]},{"@type":"ImageObject","inLanguage":"fr-FR","@id":"https:\/\/tourtravelandmore.com\/fr\/tours\/espagne-fr\/madrid-fr\/tous-les-circuits-et-activites-prives\/visite-privee-des-moulins-de-consuegra-et-de-tolede-au-depart-de-madrid-copy\/#primaryimage","url":"https:\/\/tourtravelandmore.com\/wp-content\/uploads\/2024\/07\/museum-1196428_1280.jpg","contentUrl":"https:\/\/tourtravelandmore.com\/wp-content\/uploads\/2024\/07\/museum-1196428_1280.jpg","width":1280,"height":916},{"@type":"BreadcrumbList","@id":"https:\/\/tourtravelandmore.com\/fr\/tours\/espagne-fr\/madrid-fr\/tous-les-circuits-et-activites-prives\/visite-privee-des-moulins-de-consuegra-et-de-tolede-au-depart-de-madrid-copy\/#breadcrumb","itemListElement":[{"@type":"ListItem","position":1,"name":"Home","item":"https:\/\/tourtravelandmore.com\/fr\/"},{"@type":"ListItem","position":2,"name":"Tours","item":"https:\/\/tourtravelandmore.com\/fr\/tours\/"},{"@type":"ListItem","position":3,"name":"Visite priv\u00e9e d&#8217;une journ\u00e9e dans les mus\u00e9es : Prado, Reina Sofia et Thyssen"}]},{"@type":"WebSite","@id":"https:\/\/tourtravelandmore.com\/fr\/#website","url":"https:\/\/tourtravelandmore.com\/fr\/","name":"Tour Travel And More","description":"Private sightseeing tours and luxury transfers in Spain","publisher":{"@id":"https:\/\/tourtravelandmore.com\/fr\/#organization"},"potentialAction":[{"@type":"SearchAction","target":{"@type":"EntryPoint","urlTemplate":"https:\/\/tourtravelandmore.com\/fr\/?s={search_term_string}"},"query-input":{"@type":"PropertyValueSpecification","valueRequired":true,"valueName":"search_term_string"}}],"inLanguage":"fr-FR"},{"@type":"Organization","@id":"https:\/\/tourtravelandmore.com\/fr\/#organization","name":"Tour Travel And More","url":"https:\/\/tourtravelandmore.com\/fr\/","logo":{"@type":"ImageObject","inLanguage":"fr-FR","@id":"https:\/\/tourtravelandmore.com\/fr\/#\/schema\/logo\/image\/","url":"https:\/\/tourtravelandmore.com\/wp-content\/uploads\/2022\/12\/cropped-logo-cabecera-new.png","contentUrl":"https:\/\/tourtravelandmore.com\/wp-content\/uploads\/2022\/12\/cropped-logo-cabecera-new.png","width":430,"height":61,"caption":"Tour Travel And More"},"image":{"@id":"https:\/\/tourtravelandmore.com\/fr\/#\/schema\/logo\/image\/"},"sameAs":["https:\/\/www.facebook.com\/tourtravelandmore\/","https:\/\/x.com\/TourTravel_More"]}]}},"_links":{"self":[{"href":"https:\/\/tourtravelandmore.com\/fr\/wp-json\/wp\/v2\/product\/175901","targetHints":{"allow":["GET"]}}],"collection":[{"href":"https:\/\/tourtravelandmore.com\/fr\/wp-json\/wp\/v2\/product"}],"about":[{"href":"https:\/\/tourtravelandmore.com\/fr\/wp-json\/wp\/v2\/types\/product"}],"replies":[{"embeddable":true,"href":"https:\/\/tourtravelandmore.com\/fr\/wp-json\/wp\/v2\/comments?post=175901"}],"wp:featuredmedia":[{"embeddable":true,"href":"https:\/\/tourtravelandmore.com\/fr\/wp-json\/wp\/v2\/media\/175911"}],"wp:attachment":[{"href":"https:\/\/tourtravelandmore.com\/fr\/wp-json\/wp\/v2\/media?parent=175901"}],"wp:term":[{"taxonomy":"product_brand","embeddable":true,"href":"https:\/\/tourtravelandmore.com\/fr\/wp-json\/wp\/v2\/product_brand?post=175901"},{"taxonomy":"product_cat","embeddable":true,"href":"https:\/\/tourtravelandmore.com\/fr\/wp-json\/wp\/v2\/product_cat?post=175901"},{"taxonomy":"product_tag","embeddable":true,"href":"https:\/\/tourtravelandmore.com\/fr\/wp-json\/wp\/v2\/product_tag?post=175901"}],"curies":[{"name":"wp","href":"https:\/\/api.w.org\/{rel}","templated":true}]}}