{"id":175854,"date":"2024-07-30T20:31:37","date_gmt":"2024-07-30T18:31:42","guid":{"rendered":"https:\/\/tourtravelandmore.com\/?post_type=product&#038;p=175854"},"modified":"2024-07-30T21:00:32","modified_gmt":"2024-07-30T19:00:32","slug":"visite-privee-de-soho-chinatown-little-italy-et-greenwich-village-copy","status":"publish","type":"product","link":"https:\/\/tourtravelandmore.com\/fr\/tours\/espagne-fr\/madrid-fr\/tous-les-circuits-et-activites-prives\/visite-privee-de-soho-chinatown-little-italy-et-greenwich-village-copy\/","title":{"rendered":"Visite priv\u00e9e des moulins de Consuegra et de Tol\u00e8de au d\u00e9part de Madrid"},"content":{"rendered":"<h2><b><strong>Description de l&#8217;excursion<\/strong><\/b><\/h2>\n<p>Embarquez pour un voyage enchanteur \u00e0 travers l&#8217;histoire et la culture avec notre <b><strong>visite priv\u00e9e<\/strong><\/b> <strong>exclusive<\/strong> <b><strong>des moulins de Consuegra et de Tol\u00e8de au d\u00e9part de Madrid<\/strong><\/b>. Cette exp\u00e9rience de 10 heures promet de vous transporter au c\u0153ur du riche patrimoine espagnol, offrant un m\u00e9lange parfait de paysages \u00e9poustouflants, de merveilles architecturales et de profondes connaissances historiques.<\/p>\n<p>Cette <b><strong>visite priv\u00e9e<\/strong><\/b> est id\u00e9ale pour ceux qui souhaitent approfondir ce charme et cette histoire uniques, tout en b\u00e9n\u00e9ficiant de l&#8217;attention personnalis\u00e9e d&#8217;un guide expert.<\/p>\n<p>Rejoignez-nous pour cette visite captivante et apprenez \u00e0 mieux appr\u00e9cier la riche diversit\u00e9 et la culture vibrante qui font de Madrid l&#8217;une des villes les plus dynamiques du monde.<\/p>\n<p>Une autre option possible de visite priv\u00e9e \u00e0 Madrid est notre <a href=\"\u00ab\">Visite priv\u00e9e de Madrid<\/a> avec un guide touristique, jetez-y un coup d&#8217;\u0153il !<\/p>\n<h2><b><strong>Points d&#8217;int\u00e9r\u00eat et monuments<\/strong><\/b><\/h2>\n<p>Votre aventure commence par une prise en charge confortable depuis votre h\u00e9bergement \u00e0 <b><strong>Madrid<\/strong><\/b> dans un v\u00e9hicule de luxe. Notre chauffeur professionnel et comp\u00e9tent vous assurera un trajet sans encombre pendant que vous vous dirigez vers la ville pittoresque de <b><strong>Consuegra<\/strong><\/b>. Vous y d\u00e9couvrirez les embl\u00e9matiques moulins \u00e0 vent qui ont inspir\u00e9 le <b><strong>\u00ab Don Quichotte \u00bb de<\/strong><\/b> <b><strong>Miguel<\/strong><\/b> de <b><strong>Cervantes<\/strong><\/b>. Ces g\u00e9ants t\u00e9moignent du pass\u00e9 rural de l&#8217;Espagne et offrent des vues panoramiques \u00e0 couper le souffle sur la campagne environnante.<\/p>\n<p>Continuez ensuite vers <a href=\"\u00ab\"><b><strong>Tol\u00e8de<\/strong><\/b><\/a><b><strong>,<\/strong><\/b> une ville qui r\u00e9sume parfaitement la diversit\u00e9 de l&#8217;histoire de l&#8217;Espagne. Connue sous le nom de \u00ab ville des trois cultures \u00bb, Tol\u00e8de s&#8217;enorgueillit d&#8217;un m\u00e9lange unique d&#8217;influences chr\u00e9tiennes, juives et musulmanes. \u00c0 votre arriv\u00e9e, vous serez accueilli par un guide local sp\u00e9cialis\u00e9 qui vous conduira dans une visite \u00e0 pied de 3 heures \u00e0 travers les rues \u00e9troites et sinueuses de la ville. D\u00e9couvrez l&#8217;impressionnante <b><strong>cath\u00e9drale de Tol\u00e8de, la<\/strong><\/b> forteresse de l&#8217;Alcazar et les anciennes synagogues qui t\u00e9moignent de l&#8217;h\u00e9ritage multiculturel de la ville.<\/p>\n<p>Apr\u00e8s la visite guid\u00e9e, vous aurez du temps libre pour explorer Tol\u00e8de \u00e0 votre rythme. Savourez la cuisine locale, parcourez les boutiques d&#8217;artisanat ou impr\u00e9gnez-vous simplement de l&#8217;atmosph\u00e8re de cette ville intemporelle.<\/p>\n<p>\u00c0 la fin de la visite priv\u00e9e des moulins de Consuegra et de Tol\u00e8de depuis Madrid, votre chauffeur vous attendra pour vous ramener \u00e0 Madrid, vous assurant ainsi une fin relaxante \u00e0 une journ\u00e9e inoubliable.<\/p>\n","protected":false},"excerpt":{"rendered":"<p>Embarquez pour un voyage enchanteur \u00e0 travers l&#8217;histoire et la culture avec notre <b><strong>visite priv\u00e9e<\/strong><\/b> <strong>exclusive<\/strong> <b><strong>des moulins de Consuegra et de Tol\u00e8de au d\u00e9part de Madrid<\/strong><\/b>. Cette exp\u00e9rience de 10 heures promet de vous transporter au c\u0153ur du riche patrimoine espagnol, offrant un m\u00e9lange parfait de paysages \u00e9poustouflants, de merveilles architecturales et de profondes connaissances historiques.<\/p>\n","protected":false},"featured_media":175885,"comment_status":"open","ping_status":"closed","template":"","meta":{"_acf_changed":false},"product_brand":[],"product_cat":[3543,4028,4029,3547],"product_tag":[],"class_list":{"0":"post-175854","1":"product","2":"type-product","3":"status-publish","4":"has-post-thumbnail","6":"product_cat-madrid-fr","7":"product_cat-tous-les-circuits-et-activites-prives","8":"product_cat-excursions-privees-dune-journee","9":"product_cat-etats-unis-fr","11":"first","12":"instock","13":"shipping-taxable","14":"purchasable","15":"product-type-simple"},"acf":[],"yoast_head":"<!-- This site is optimized with the Yoast SEO Premium plugin v25.3.1 (Yoast SEO v25.3.1) - https:\/\/yoast.com\/wordpress\/plugins\/seo\/ -->\n<title>Visite priv\u00e9e des moulins de Consuegra et de Tol\u00e8de au d\u00e9part de Madrid<\/title>\n<meta name=\"description\" content=\"Visite priv\u00e9e de Consuegra, des moulins \u00e0 vent et de Tol\u00e8de depuis Madrid, ses merveilleux monuments, ses mus\u00e9es \u00e9blouissants, ses avenues embl\u00e9matiques et bien plus encore \u2705.\" \/>\n<meta name=\"robots\" content=\"index, follow, max-snippet:-1, max-image-preview:large, max-video-preview:-1\" \/>\n<link rel=\"canonical\" href=\"https:\/\/tourtravelandmore.com\/fr\/tours\/espagne-fr\/madrid-fr\/tous-les-circuits-et-activites-prives\/visite-privee-de-soho-chinatown-little-italy-et-greenwich-village-copy\/\" \/>\n<meta property=\"og:locale\" content=\"fr_FR\" \/>\n<meta property=\"og:type\" content=\"article\" \/>\n<meta property=\"og:title\" content=\"Visite priv\u00e9e des moulins de Consuegra et de Tol\u00e8de au d\u00e9part de Madrid\" \/>\n<meta property=\"og:description\" content=\"Visite priv\u00e9e de Consuegra, des moulins \u00e0 vent et de Tol\u00e8de depuis Madrid, ses merveilleux monuments, ses mus\u00e9es \u00e9blouissants, ses avenues embl\u00e9matiques et bien plus encore \u2705.\" \/>\n<meta property=\"og:url\" content=\"https:\/\/tourtravelandmore.com\/fr\/tours\/espagne-fr\/madrid-fr\/tous-les-circuits-et-activites-prives\/visite-privee-de-soho-chinatown-little-italy-et-greenwich-village-copy\/\" \/>\n<meta property=\"og:site_name\" content=\"Tour Travel And More\" \/>\n<meta property=\"article:publisher\" content=\"https:\/\/www.facebook.com\/tourtravelandmore\/\" \/>\n<meta property=\"article:modified_time\" content=\"2024-07-30T19:00:32+00:00\" \/>\n<meta property=\"og:image\" content=\"https:\/\/tourtravelandmore.com\/wp-content\/uploads\/2024\/07\/pexels-postiglioni-947169-1.jpg\" \/>\n\t<meta property=\"og:image:width\" content=\"1920\" \/>\n\t<meta property=\"og:image:height\" content=\"1272\" \/>\n\t<meta property=\"og:image:type\" content=\"image\/jpeg\" \/>\n<meta name=\"twitter:card\" content=\"summary_large_image\" \/>\n<meta name=\"twitter:site\" content=\"@TourTravel_More\" \/>\n<meta name=\"twitter:label1\" content=\"Dur\u00e9e de lecture estim\u00e9e\" \/>\n\t<meta name=\"twitter:data1\" content=\"2 minutes\" \/>\n<script type=\"application\/ld+json\" class=\"yoast-schema-graph\">{\"@context\":\"https:\/\/schema.org\",\"@graph\":[{\"@type\":\"WebPage\",\"@id\":\"https:\/\/tourtravelandmore.com\/fr\/tours\/espagne-fr\/madrid-fr\/tous-les-circuits-et-activites-prives\/visite-privee-de-soho-chinatown-little-italy-et-greenwich-village-copy\/\",\"url\":\"https:\/\/tourtravelandmore.com\/fr\/tours\/espagne-fr\/madrid-fr\/tous-les-circuits-et-activites-prives\/visite-privee-de-soho-chinatown-little-italy-et-greenwich-village-copy\/\",\"name\":\"Visite priv\u00e9e des moulins de Consuegra et de Tol\u00e8de au d\u00e9part de Madrid\",\"isPartOf\":{\"@id\":\"https:\/\/tourtravelandmore.com\/fr\/#website\"},\"primaryImageOfPage\":{\"@id\":\"https:\/\/tourtravelandmore.com\/fr\/tours\/espagne-fr\/madrid-fr\/tous-les-circuits-et-activites-prives\/visite-privee-de-soho-chinatown-little-italy-et-greenwich-village-copy\/#primaryimage\"},\"image\":{\"@id\":\"https:\/\/tourtravelandmore.com\/fr\/tours\/espagne-fr\/madrid-fr\/tous-les-circuits-et-activites-prives\/visite-privee-de-soho-chinatown-little-italy-et-greenwich-village-copy\/#primaryimage\"},\"thumbnailUrl\":\"https:\/\/tourtravelandmore.com\/wp-content\/uploads\/2024\/07\/pexels-postiglioni-947169-1.jpg\",\"datePublished\":\"2024-07-30T18:31:42+00:00\",\"dateModified\":\"2024-07-30T19:00:32+00:00\",\"description\":\"Visite priv\u00e9e de Consuegra, des moulins \u00e0 vent et de Tol\u00e8de depuis Madrid, ses merveilleux monuments, ses mus\u00e9es \u00e9blouissants, ses avenues embl\u00e9matiques et bien plus encore \u2705.\",\"breadcrumb\":{\"@id\":\"https:\/\/tourtravelandmore.com\/fr\/tours\/espagne-fr\/madrid-fr\/tous-les-circuits-et-activites-prives\/visite-privee-de-soho-chinatown-little-italy-et-greenwich-village-copy\/#breadcrumb\"},\"inLanguage\":\"fr-FR\",\"potentialAction\":[{\"@type\":\"ReadAction\",\"target\":[\"https:\/\/tourtravelandmore.com\/fr\/tours\/espagne-fr\/madrid-fr\/tous-les-circuits-et-activites-prives\/visite-privee-de-soho-chinatown-little-italy-et-greenwich-village-copy\/\"]}]},{\"@type\":\"ImageObject\",\"inLanguage\":\"fr-FR\",\"@id\":\"https:\/\/tourtravelandmore.com\/fr\/tours\/espagne-fr\/madrid-fr\/tous-les-circuits-et-activites-prives\/visite-privee-de-soho-chinatown-little-italy-et-greenwich-village-copy\/#primaryimage\",\"url\":\"https:\/\/tourtravelandmore.com\/wp-content\/uploads\/2024\/07\/pexels-postiglioni-947169-1.jpg\",\"contentUrl\":\"https:\/\/tourtravelandmore.com\/wp-content\/uploads\/2024\/07\/pexels-postiglioni-947169-1.jpg\",\"width\":1920,\"height\":1272},{\"@type\":\"BreadcrumbList\",\"@id\":\"https:\/\/tourtravelandmore.com\/fr\/tours\/espagne-fr\/madrid-fr\/tous-les-circuits-et-activites-prives\/visite-privee-de-soho-chinatown-little-italy-et-greenwich-village-copy\/#breadcrumb\",\"itemListElement\":[{\"@type\":\"ListItem\",\"position\":1,\"name\":\"Home\",\"item\":\"https:\/\/tourtravelandmore.com\/fr\/\"},{\"@type\":\"ListItem\",\"position\":2,\"name\":\"Tours\",\"item\":\"https:\/\/tourtravelandmore.com\/fr\/tours\/\"},{\"@type\":\"ListItem\",\"position\":3,\"name\":\"Visite priv\u00e9e des moulins de Consuegra et de Tol\u00e8de au d\u00e9part de Madrid\"}]},{\"@type\":\"WebSite\",\"@id\":\"https:\/\/tourtravelandmore.com\/fr\/#website\",\"url\":\"https:\/\/tourtravelandmore.com\/fr\/\",\"name\":\"Tour Travel And More\",\"description\":\"Private sightseeing tours and luxury transfers in Spain\",\"publisher\":{\"@id\":\"https:\/\/tourtravelandmore.com\/fr\/#organization\"},\"potentialAction\":[{\"@type\":\"SearchAction\",\"target\":{\"@type\":\"EntryPoint\",\"urlTemplate\":\"https:\/\/tourtravelandmore.com\/fr\/?s={search_term_string}\"},\"query-input\":{\"@type\":\"PropertyValueSpecification\",\"valueRequired\":true,\"valueName\":\"search_term_string\"}}],\"inLanguage\":\"fr-FR\"},{\"@type\":\"Organization\",\"@id\":\"https:\/\/tourtravelandmore.com\/fr\/#organization\",\"name\":\"Tour Travel And More\",\"url\":\"https:\/\/tourtravelandmore.com\/fr\/\",\"logo\":{\"@type\":\"ImageObject\",\"inLanguage\":\"fr-FR\",\"@id\":\"https:\/\/tourtravelandmore.com\/fr\/#\/schema\/logo\/image\/\",\"url\":\"https:\/\/tourtravelandmore.com\/wp-content\/uploads\/2022\/12\/cropped-logo-cabecera-new.png\",\"contentUrl\":\"https:\/\/tourtravelandmore.com\/wp-content\/uploads\/2022\/12\/cropped-logo-cabecera-new.png\",\"width\":430,\"height\":61,\"caption\":\"Tour Travel And More\"},\"image\":{\"@id\":\"https:\/\/tourtravelandmore.com\/fr\/#\/schema\/logo\/image\/\"},\"sameAs\":[\"https:\/\/www.facebook.com\/tourtravelandmore\/\",\"https:\/\/x.com\/TourTravel_More\"]}]}<\/script>\n<!-- \/ Yoast SEO Premium plugin. -->","yoast_head_json":{"title":"Visite priv\u00e9e des moulins de Consuegra et de Tol\u00e8de au d\u00e9part de Madrid","description":"Visite priv\u00e9e de Consuegra, des moulins \u00e0 vent et de Tol\u00e8de depuis Madrid, ses merveilleux monuments, ses mus\u00e9es \u00e9blouissants, ses avenues embl\u00e9matiques et bien plus encore \u2705.","robots":{"index":"index","follow":"follow","max-snippet":"max-snippet:-1","max-image-preview":"max-image-preview:large","max-video-preview":"max-video-preview:-1"},"canonical":"https:\/\/tourtravelandmore.com\/fr\/tours\/espagne-fr\/madrid-fr\/tous-les-circuits-et-activites-prives\/visite-privee-de-soho-chinatown-little-italy-et-greenwich-village-copy\/","og_locale":"fr_FR","og_type":"article","og_title":"Visite priv\u00e9e des moulins de Consuegra et de Tol\u00e8de au d\u00e9part de Madrid","og_description":"Visite priv\u00e9e de Consuegra, des moulins \u00e0 vent et de Tol\u00e8de depuis Madrid, ses merveilleux monuments, ses mus\u00e9es \u00e9blouissants, ses avenues embl\u00e9matiques et bien plus encore \u2705.","og_url":"https:\/\/tourtravelandmore.com\/fr\/tours\/espagne-fr\/madrid-fr\/tous-les-circuits-et-activites-prives\/visite-privee-de-soho-chinatown-little-italy-et-greenwich-village-copy\/","og_site_name":"Tour Travel And More","article_publisher":"https:\/\/www.facebook.com\/tourtravelandmore\/","article_modified_time":"2024-07-30T19:00:32+00:00","og_image":[{"width":1920,"height":1272,"url":"https:\/\/tourtravelandmore.com\/wp-content\/uploads\/2024\/07\/pexels-postiglioni-947169-1.jpg","type":"image\/jpeg"}],"twitter_card":"summary_large_image","twitter_site":"@TourTravel_More","twitter_misc":{"Dur\u00e9e de lecture estim\u00e9e":"2 minutes"},"schema":{"@context":"https:\/\/schema.org","@graph":[{"@type":"WebPage","@id":"https:\/\/tourtravelandmore.com\/fr\/tours\/espagne-fr\/madrid-fr\/tous-les-circuits-et-activites-prives\/visite-privee-de-soho-chinatown-little-italy-et-greenwich-village-copy\/","url":"https:\/\/tourtravelandmore.com\/fr\/tours\/espagne-fr\/madrid-fr\/tous-les-circuits-et-activites-prives\/visite-privee-de-soho-chinatown-little-italy-et-greenwich-village-copy\/","name":"Visite priv\u00e9e des moulins de Consuegra et de Tol\u00e8de au d\u00e9part de Madrid","isPartOf":{"@id":"https:\/\/tourtravelandmore.com\/fr\/#website"},"primaryImageOfPage":{"@id":"https:\/\/tourtravelandmore.com\/fr\/tours\/espagne-fr\/madrid-fr\/tous-les-circuits-et-activites-prives\/visite-privee-de-soho-chinatown-little-italy-et-greenwich-village-copy\/#primaryimage"},"image":{"@id":"https:\/\/tourtravelandmore.com\/fr\/tours\/espagne-fr\/madrid-fr\/tous-les-circuits-et-activites-prives\/visite-privee-de-soho-chinatown-little-italy-et-greenwich-village-copy\/#primaryimage"},"thumbnailUrl":"https:\/\/tourtravelandmore.com\/wp-content\/uploads\/2024\/07\/pexels-postiglioni-947169-1.jpg","datePublished":"2024-07-30T18:31:42+00:00","dateModified":"2024-07-30T19:00:32+00:00","description":"Visite priv\u00e9e de Consuegra, des moulins \u00e0 vent et de Tol\u00e8de depuis Madrid, ses merveilleux monuments, ses mus\u00e9es \u00e9blouissants, ses avenues embl\u00e9matiques et bien plus encore \u2705.","breadcrumb":{"@id":"https:\/\/tourtravelandmore.com\/fr\/tours\/espagne-fr\/madrid-fr\/tous-les-circuits-et-activites-prives\/visite-privee-de-soho-chinatown-little-italy-et-greenwich-village-copy\/#breadcrumb"},"inLanguage":"fr-FR","potentialAction":[{"@type":"ReadAction","target":["https:\/\/tourtravelandmore.com\/fr\/tours\/espagne-fr\/madrid-fr\/tous-les-circuits-et-activites-prives\/visite-privee-de-soho-chinatown-little-italy-et-greenwich-village-copy\/"]}]},{"@type":"ImageObject","inLanguage":"fr-FR","@id":"https:\/\/tourtravelandmore.com\/fr\/tours\/espagne-fr\/madrid-fr\/tous-les-circuits-et-activites-prives\/visite-privee-de-soho-chinatown-little-italy-et-greenwich-village-copy\/#primaryimage","url":"https:\/\/tourtravelandmore.com\/wp-content\/uploads\/2024\/07\/pexels-postiglioni-947169-1.jpg","contentUrl":"https:\/\/tourtravelandmore.com\/wp-content\/uploads\/2024\/07\/pexels-postiglioni-947169-1.jpg","width":1920,"height":1272},{"@type":"BreadcrumbList","@id":"https:\/\/tourtravelandmore.com\/fr\/tours\/espagne-fr\/madrid-fr\/tous-les-circuits-et-activites-prives\/visite-privee-de-soho-chinatown-little-italy-et-greenwich-village-copy\/#breadcrumb","itemListElement":[{"@type":"ListItem","position":1,"name":"Home","item":"https:\/\/tourtravelandmore.com\/fr\/"},{"@type":"ListItem","position":2,"name":"Tours","item":"https:\/\/tourtravelandmore.com\/fr\/tours\/"},{"@type":"ListItem","position":3,"name":"Visite priv\u00e9e des moulins de Consuegra et de Tol\u00e8de au d\u00e9part de Madrid"}]},{"@type":"WebSite","@id":"https:\/\/tourtravelandmore.com\/fr\/#website","url":"https:\/\/tourtravelandmore.com\/fr\/","name":"Tour Travel And More","description":"Private sightseeing tours and luxury transfers in Spain","publisher":{"@id":"https:\/\/tourtravelandmore.com\/fr\/#organization"},"potentialAction":[{"@type":"SearchAction","target":{"@type":"EntryPoint","urlTemplate":"https:\/\/tourtravelandmore.com\/fr\/?s={search_term_string}"},"query-input":{"@type":"PropertyValueSpecification","valueRequired":true,"valueName":"search_term_string"}}],"inLanguage":"fr-FR"},{"@type":"Organization","@id":"https:\/\/tourtravelandmore.com\/fr\/#organization","name":"Tour Travel And More","url":"https:\/\/tourtravelandmore.com\/fr\/","logo":{"@type":"ImageObject","inLanguage":"fr-FR","@id":"https:\/\/tourtravelandmore.com\/fr\/#\/schema\/logo\/image\/","url":"https:\/\/tourtravelandmore.com\/wp-content\/uploads\/2022\/12\/cropped-logo-cabecera-new.png","contentUrl":"https:\/\/tourtravelandmore.com\/wp-content\/uploads\/2022\/12\/cropped-logo-cabecera-new.png","width":430,"height":61,"caption":"Tour Travel And More"},"image":{"@id":"https:\/\/tourtravelandmore.com\/fr\/#\/schema\/logo\/image\/"},"sameAs":["https:\/\/www.facebook.com\/tourtravelandmore\/","https:\/\/x.com\/TourTravel_More"]}]}},"_links":{"self":[{"href":"https:\/\/tourtravelandmore.com\/fr\/wp-json\/wp\/v2\/product\/175854","targetHints":{"allow":["GET"]}}],"collection":[{"href":"https:\/\/tourtravelandmore.com\/fr\/wp-json\/wp\/v2\/product"}],"about":[{"href":"https:\/\/tourtravelandmore.com\/fr\/wp-json\/wp\/v2\/types\/product"}],"replies":[{"embeddable":true,"href":"https:\/\/tourtravelandmore.com\/fr\/wp-json\/wp\/v2\/comments?post=175854"}],"wp:featuredmedia":[{"embeddable":true,"href":"https:\/\/tourtravelandmore.com\/fr\/wp-json\/wp\/v2\/media\/175885"}],"wp:attachment":[{"href":"https:\/\/tourtravelandmore.com\/fr\/wp-json\/wp\/v2\/media?parent=175854"}],"wp:term":[{"taxonomy":"product_brand","embeddable":true,"href":"https:\/\/tourtravelandmore.com\/fr\/wp-json\/wp\/v2\/product_brand?post=175854"},{"taxonomy":"product_cat","embeddable":true,"href":"https:\/\/tourtravelandmore.com\/fr\/wp-json\/wp\/v2\/product_cat?post=175854"},{"taxonomy":"product_tag","embeddable":true,"href":"https:\/\/tourtravelandmore.com\/fr\/wp-json\/wp\/v2\/product_tag?post=175854"}],"curies":[{"name":"wp","href":"https:\/\/api.w.org\/{rel}","templated":true}]}}