{"id":175828,"date":"2024-07-30T19:36:27","date_gmt":"2024-07-30T17:36:33","guid":{"rendered":"https:\/\/tourtravelandmore.com\/?post_type=product&#038;p=175828"},"modified":"2024-11-14T20:20:56","modified_gmt":"2024-11-14T19:20:56","slug":"visite-privee-a-pied-de-brooklyn-heights-dumbo-et-the-bridge-copy","status":"publish","type":"product","link":"https:\/\/tourtravelandmore.com\/fr\/tours\/etats-unis-fr\/new-york-fr\/visite-privee-a-pied-de-brooklyn-heights-dumbo-et-the-bridge-copy\/","title":{"rendered":"Visite priv\u00e9e a pied de SoHo, Chinatown, Little Italy et Greenwich Village"},"content":{"rendered":"<h2><b><strong>Description de la visite<\/strong><\/b><\/h2>\n<p>Embarquez pour un voyage inoubliable \u00e0 travers certains des quartiers les plus embl\u00e9matiques <b><strong>de Manhattan<\/strong><\/b> gr\u00e2ce \u00e0 notre <b><strong>visite priv\u00e9e<\/strong><\/b> de <b><strong>SoHo, Chinatown, Little<\/strong><\/b> Italy et <b><strong>Greenwich Village<\/strong><\/b>. Cette visite de <b><strong>4 heures<\/strong><\/b>, men\u00e9e par un guide exp\u00e9riment\u00e9, propose une exploration intime de la riche histoire, de la culture vibrante et du charme unique qui caract\u00e9risent ces quartiers. En commen\u00e7ant par le quartier branch\u00e9 de SoHo, c\u00e9l\u00e8bre pour son architecture en fonte et ses boutiques haut de gamme, vous vous prom\u00e8nerez dans des rues qui ont \u00e9volu\u00e9 de leurs racines industrielles \u00e0 un havre pour les artistes et les amateurs de mode.<\/p>\n<p>Cette <b><strong>visite priv\u00e9e<\/strong><\/b> est id\u00e9ale pour ceux qui souhaitent approfondir ce charme et cette histoire uniques, tout en b\u00e9n\u00e9ficiant de l&#8217;attention personnalis\u00e9e d&#8217;un guide expert.<\/p>\n<p>Rejoignez-nous pour cette visite captivante et apprenez \u00e0 mieux appr\u00e9cier la riche diversit\u00e9 et la culture vibrante qui font de New York l&#8217;une des villes les plus dynamiques du monde.<\/p>\n<p>Une autre option possible de visite priv\u00e9e \u00e0 New York est notre <a href=\"\u00ab\">visite priv\u00e9e d&#8217;une demi-journ\u00e9e \u00e0 pied de NYC<\/a> avec un simple guide, jetez-y un coup d&#8217;\u0153il !<\/p>\n<h2><b><strong>Points d&#8217;int\u00e9r\u00eat et monuments<\/strong><\/b><\/h2>\n<p>Plongez dans l&#8217;atmosph\u00e8re anim\u00e9e du <b><strong>quartier chinois,<\/strong><\/b> o\u00f9 les images, les sons et les odeurs vous transportent dans un monde diff\u00e9rent. D\u00e9couvrez des joyaux cach\u00e9s, des boutiques traditionnelles et des restaurants authentiques pendant que votre guide vous raconte l&#8217;histoire de l&#8217;immigration <b><strong>chinoise<\/strong><\/b> et l&#8217;impact de la communaut\u00e9 sur la <b><strong>ville de New York<\/strong><\/b>.<\/p>\n<p>\u00c0 quelques pas de l\u00e0 se trouve <b><strong>Little Italy,<\/strong><\/b> o\u00f9 vous ressentirez l&#8217;esprit de l&#8217;h\u00e9ritage et de la culture italiens. Promenez-vous dans les rues \u00e9troites bord\u00e9es de <b><strong>caf\u00e9s, de boulangeries<\/strong><\/b> et de <b><strong>restaurants<\/strong><\/b> \u00e0 <b><strong>l&#8217;ancienne<\/strong><\/b>, et \u00e9coutez les <b><strong>histoires<\/strong><\/b> des immigr\u00e9s <b><strong>italiens<\/strong><\/b> qui ont fa\u00e7onn\u00e9 ce quartier embl\u00e9matique.<\/p>\n<p>Enfin, visitez <b><strong>Greenwich Village,<\/strong><\/b> haut lieu de la culture artistique et <b><strong>boh\u00e8me<\/strong><\/b>. Connu pour ses brownstones historiques, sa vie nocturne tr\u00e9pidante et ses monuments culturels, le Village est un centre de mouvements progressistes et d&#8217;expression cr\u00e9ative depuis des d\u00e9cennies. Votre guide vous conduira \u00e0 travers les rues charmantes, en vous indiquant les points de rep\u00e8re et en vous racontant les histoires des artistes, \u00e9crivains et musiciens c\u00e9l\u00e8bres qui ont jadis \u00e9lu domicile dans ce quartier.<\/p>\n<p>Enfin, \u00e0 la fin de la visite, votre chauffeur priv\u00e9 et votre guide officiel vous ram\u00e8neront \u00e0 votre point de d\u00e9part \u00e0 <b><strong>New York<\/strong><\/b>.<\/p>\n","protected":false},"excerpt":{"rendered":"<p>Embarquez pour un voyage inoubliable \u00e0 travers certains des quartiers les plus embl\u00e9matiques <b><strong>de Manhattan<\/strong><\/b> gr\u00e2ce \u00e0 notre <b><strong>visite priv\u00e9e<\/strong><\/b> de <b><strong>SoHo, Chinatown, Little<\/strong><\/b> Italy et <b><strong>Greenwich Village<\/strong><\/b>. Cette visite de <b><strong>4 heures<\/strong><\/b>, men\u00e9e par un guide exp\u00e9riment\u00e9, propose une exploration intime de la riche histoire, de la culture vibrante et du charme unique qui caract\u00e9risent ces quartiers. En commen\u00e7ant par le quartier branch\u00e9 de SoHo, c\u00e9l\u00e8bre pour son architecture en fonte et ses boutiques haut de gamme, vous vous prom\u00e8nerez dans des rues qui ont \u00e9volu\u00e9 de leurs racines industrielles \u00e0 un havre pour les artistes et les amateurs de mode.<\/p>\n","protected":false},"featured_media":175838,"comment_status":"open","ping_status":"closed","template":"","meta":{"_acf_changed":false},"product_brand":[],"product_cat":[5417,5419,3547,3552],"product_tag":[],"class_list":{"0":"post-175828","1":"product","2":"type-product","3":"status-publish","4":"has-post-thumbnail","6":"product_cat-new-york-private-tours","7":"product_cat-private-sightseeing-tours-fr-40","8":"product_cat-etats-unis-fr","9":"product_cat-new-york-fr","11":"first","12":"instock","13":"shipping-taxable","14":"purchasable","15":"product-type-simple"},"acf":[],"yoast_head":"<!-- This site is optimized with the Yoast SEO Premium plugin v25.3.1 (Yoast SEO v25.3.1) - https:\/\/yoast.com\/wordpress\/plugins\/seo\/ -->\n<title>Visite priv\u00e9e de SoHo, Chinatown, Little Italy et Greenwich Village<\/title>\n<meta name=\"description\" content=\"Visite priv\u00e9e de SoHo, Chinatown, Little Italy et Greenwich Village, ses merveilleux gratte-ciel, ses mus\u00e9es \u00e9blouissants, ses avenues embl\u00e9matiques et bien plus encore.\" \/>\n<meta name=\"robots\" content=\"index, follow, max-snippet:-1, max-image-preview:large, max-video-preview:-1\" \/>\n<link rel=\"canonical\" href=\"https:\/\/tourtravelandmore.com\/fr\/tours\/etats-unis-fr\/new-york-fr\/visite-privee-a-pied-de-brooklyn-heights-dumbo-et-the-bridge-copy\/\" \/>\n<meta property=\"og:locale\" content=\"fr_FR\" \/>\n<meta property=\"og:type\" content=\"article\" \/>\n<meta property=\"og:title\" content=\"Visite priv\u00e9e a pied de SoHo, Chinatown, Little Italy et Greenwich Village\" \/>\n<meta property=\"og:description\" content=\"Visite priv\u00e9e de SoHo, Chinatown, Little Italy et Greenwich Village, ses merveilleux gratte-ciel, ses mus\u00e9es \u00e9blouissants, ses avenues embl\u00e9matiques et bien plus encore.\" \/>\n<meta property=\"og:url\" content=\"https:\/\/tourtravelandmore.com\/fr\/tours\/etats-unis-fr\/new-york-fr\/visite-privee-a-pied-de-brooklyn-heights-dumbo-et-the-bridge-copy\/\" \/>\n<meta property=\"og:site_name\" content=\"Tour Travel And More\" \/>\n<meta property=\"article:publisher\" content=\"https:\/\/www.facebook.com\/tourtravelandmore\/\" \/>\n<meta property=\"article:modified_time\" content=\"2024-11-14T19:20:56+00:00\" \/>\n<meta property=\"og:image\" content=\"https:\/\/tourtravelandmore.com\/wp-content\/uploads\/2024\/07\/pexels-vlada-karpovich-4451518.jpg\" \/>\n\t<meta property=\"og:image:width\" content=\"1920\" \/>\n\t<meta property=\"og:image:height\" content=\"1280\" \/>\n\t<meta property=\"og:image:type\" content=\"image\/jpeg\" \/>\n<meta name=\"twitter:card\" content=\"summary_large_image\" \/>\n<meta name=\"twitter:site\" content=\"@TourTravel_More\" \/>\n<meta name=\"twitter:label1\" content=\"Dur\u00e9e de lecture estim\u00e9e\" \/>\n\t<meta name=\"twitter:data1\" content=\"2 minutes\" \/>\n<script type=\"application\/ld+json\" class=\"yoast-schema-graph\">{\"@context\":\"https:\/\/schema.org\",\"@graph\":[{\"@type\":\"WebPage\",\"@id\":\"https:\/\/tourtravelandmore.com\/fr\/tours\/etats-unis-fr\/new-york-fr\/visite-privee-a-pied-de-brooklyn-heights-dumbo-et-the-bridge-copy\/\",\"url\":\"https:\/\/tourtravelandmore.com\/fr\/tours\/etats-unis-fr\/new-york-fr\/visite-privee-a-pied-de-brooklyn-heights-dumbo-et-the-bridge-copy\/\",\"name\":\"Visite priv\u00e9e de SoHo, Chinatown, Little Italy et Greenwich Village\",\"isPartOf\":{\"@id\":\"https:\/\/tourtravelandmore.com\/fr\/#website\"},\"primaryImageOfPage\":{\"@id\":\"https:\/\/tourtravelandmore.com\/fr\/tours\/etats-unis-fr\/new-york-fr\/visite-privee-a-pied-de-brooklyn-heights-dumbo-et-the-bridge-copy\/#primaryimage\"},\"image\":{\"@id\":\"https:\/\/tourtravelandmore.com\/fr\/tours\/etats-unis-fr\/new-york-fr\/visite-privee-a-pied-de-brooklyn-heights-dumbo-et-the-bridge-copy\/#primaryimage\"},\"thumbnailUrl\":\"https:\/\/tourtravelandmore.com\/wp-content\/uploads\/2024\/07\/pexels-vlada-karpovich-4451518.jpg\",\"datePublished\":\"2024-07-30T17:36:33+00:00\",\"dateModified\":\"2024-11-14T19:20:56+00:00\",\"description\":\"Visite priv\u00e9e de SoHo, Chinatown, Little Italy et Greenwich Village, ses merveilleux gratte-ciel, ses mus\u00e9es \u00e9blouissants, ses avenues embl\u00e9matiques et bien plus encore.\",\"breadcrumb\":{\"@id\":\"https:\/\/tourtravelandmore.com\/fr\/tours\/etats-unis-fr\/new-york-fr\/visite-privee-a-pied-de-brooklyn-heights-dumbo-et-the-bridge-copy\/#breadcrumb\"},\"inLanguage\":\"fr-FR\",\"potentialAction\":[{\"@type\":\"ReadAction\",\"target\":[\"https:\/\/tourtravelandmore.com\/fr\/tours\/etats-unis-fr\/new-york-fr\/visite-privee-a-pied-de-brooklyn-heights-dumbo-et-the-bridge-copy\/\"]}]},{\"@type\":\"ImageObject\",\"inLanguage\":\"fr-FR\",\"@id\":\"https:\/\/tourtravelandmore.com\/fr\/tours\/etats-unis-fr\/new-york-fr\/visite-privee-a-pied-de-brooklyn-heights-dumbo-et-the-bridge-copy\/#primaryimage\",\"url\":\"https:\/\/tourtravelandmore.com\/wp-content\/uploads\/2024\/07\/pexels-vlada-karpovich-4451518.jpg\",\"contentUrl\":\"https:\/\/tourtravelandmore.com\/wp-content\/uploads\/2024\/07\/pexels-vlada-karpovich-4451518.jpg\",\"width\":1920,\"height\":1280},{\"@type\":\"BreadcrumbList\",\"@id\":\"https:\/\/tourtravelandmore.com\/fr\/tours\/etats-unis-fr\/new-york-fr\/visite-privee-a-pied-de-brooklyn-heights-dumbo-et-the-bridge-copy\/#breadcrumb\",\"itemListElement\":[{\"@type\":\"ListItem\",\"position\":1,\"name\":\"Home\",\"item\":\"https:\/\/tourtravelandmore.com\/fr\/\"},{\"@type\":\"ListItem\",\"position\":2,\"name\":\"Tours\",\"item\":\"https:\/\/tourtravelandmore.com\/fr\/tours\/\"},{\"@type\":\"ListItem\",\"position\":3,\"name\":\"Visite priv\u00e9e a pied de SoHo, Chinatown, Little Italy et Greenwich Village\"}]},{\"@type\":\"WebSite\",\"@id\":\"https:\/\/tourtravelandmore.com\/fr\/#website\",\"url\":\"https:\/\/tourtravelandmore.com\/fr\/\",\"name\":\"Tour Travel And More\",\"description\":\"Private sightseeing tours and luxury transfers in Spain\",\"publisher\":{\"@id\":\"https:\/\/tourtravelandmore.com\/fr\/#organization\"},\"potentialAction\":[{\"@type\":\"SearchAction\",\"target\":{\"@type\":\"EntryPoint\",\"urlTemplate\":\"https:\/\/tourtravelandmore.com\/fr\/?s={search_term_string}\"},\"query-input\":{\"@type\":\"PropertyValueSpecification\",\"valueRequired\":true,\"valueName\":\"search_term_string\"}}],\"inLanguage\":\"fr-FR\"},{\"@type\":\"Organization\",\"@id\":\"https:\/\/tourtravelandmore.com\/fr\/#organization\",\"name\":\"Tour Travel And More\",\"url\":\"https:\/\/tourtravelandmore.com\/fr\/\",\"logo\":{\"@type\":\"ImageObject\",\"inLanguage\":\"fr-FR\",\"@id\":\"https:\/\/tourtravelandmore.com\/fr\/#\/schema\/logo\/image\/\",\"url\":\"https:\/\/tourtravelandmore.com\/wp-content\/uploads\/2022\/12\/cropped-logo-cabecera-new.png\",\"contentUrl\":\"https:\/\/tourtravelandmore.com\/wp-content\/uploads\/2022\/12\/cropped-logo-cabecera-new.png\",\"width\":430,\"height\":61,\"caption\":\"Tour Travel And More\"},\"image\":{\"@id\":\"https:\/\/tourtravelandmore.com\/fr\/#\/schema\/logo\/image\/\"},\"sameAs\":[\"https:\/\/www.facebook.com\/tourtravelandmore\/\",\"https:\/\/x.com\/TourTravel_More\"]}]}<\/script>\n<!-- \/ Yoast SEO Premium plugin. -->","yoast_head_json":{"title":"Visite priv\u00e9e de SoHo, Chinatown, Little Italy et Greenwich Village","description":"Visite priv\u00e9e de SoHo, Chinatown, Little Italy et Greenwich Village, ses merveilleux gratte-ciel, ses mus\u00e9es \u00e9blouissants, ses avenues embl\u00e9matiques et bien plus encore.","robots":{"index":"index","follow":"follow","max-snippet":"max-snippet:-1","max-image-preview":"max-image-preview:large","max-video-preview":"max-video-preview:-1"},"canonical":"https:\/\/tourtravelandmore.com\/fr\/tours\/etats-unis-fr\/new-york-fr\/visite-privee-a-pied-de-brooklyn-heights-dumbo-et-the-bridge-copy\/","og_locale":"fr_FR","og_type":"article","og_title":"Visite priv\u00e9e a pied de SoHo, Chinatown, Little Italy et Greenwich Village","og_description":"Visite priv\u00e9e de SoHo, Chinatown, Little Italy et Greenwich Village, ses merveilleux gratte-ciel, ses mus\u00e9es \u00e9blouissants, ses avenues embl\u00e9matiques et bien plus encore.","og_url":"https:\/\/tourtravelandmore.com\/fr\/tours\/etats-unis-fr\/new-york-fr\/visite-privee-a-pied-de-brooklyn-heights-dumbo-et-the-bridge-copy\/","og_site_name":"Tour Travel And More","article_publisher":"https:\/\/www.facebook.com\/tourtravelandmore\/","article_modified_time":"2024-11-14T19:20:56+00:00","og_image":[{"width":1920,"height":1280,"url":"https:\/\/tourtravelandmore.com\/wp-content\/uploads\/2024\/07\/pexels-vlada-karpovich-4451518.jpg","type":"image\/jpeg"}],"twitter_card":"summary_large_image","twitter_site":"@TourTravel_More","twitter_misc":{"Dur\u00e9e de lecture estim\u00e9e":"2 minutes"},"schema":{"@context":"https:\/\/schema.org","@graph":[{"@type":"WebPage","@id":"https:\/\/tourtravelandmore.com\/fr\/tours\/etats-unis-fr\/new-york-fr\/visite-privee-a-pied-de-brooklyn-heights-dumbo-et-the-bridge-copy\/","url":"https:\/\/tourtravelandmore.com\/fr\/tours\/etats-unis-fr\/new-york-fr\/visite-privee-a-pied-de-brooklyn-heights-dumbo-et-the-bridge-copy\/","name":"Visite priv\u00e9e de SoHo, Chinatown, Little Italy et Greenwich Village","isPartOf":{"@id":"https:\/\/tourtravelandmore.com\/fr\/#website"},"primaryImageOfPage":{"@id":"https:\/\/tourtravelandmore.com\/fr\/tours\/etats-unis-fr\/new-york-fr\/visite-privee-a-pied-de-brooklyn-heights-dumbo-et-the-bridge-copy\/#primaryimage"},"image":{"@id":"https:\/\/tourtravelandmore.com\/fr\/tours\/etats-unis-fr\/new-york-fr\/visite-privee-a-pied-de-brooklyn-heights-dumbo-et-the-bridge-copy\/#primaryimage"},"thumbnailUrl":"https:\/\/tourtravelandmore.com\/wp-content\/uploads\/2024\/07\/pexels-vlada-karpovich-4451518.jpg","datePublished":"2024-07-30T17:36:33+00:00","dateModified":"2024-11-14T19:20:56+00:00","description":"Visite priv\u00e9e de SoHo, Chinatown, Little Italy et Greenwich Village, ses merveilleux gratte-ciel, ses mus\u00e9es \u00e9blouissants, ses avenues embl\u00e9matiques et bien plus encore.","breadcrumb":{"@id":"https:\/\/tourtravelandmore.com\/fr\/tours\/etats-unis-fr\/new-york-fr\/visite-privee-a-pied-de-brooklyn-heights-dumbo-et-the-bridge-copy\/#breadcrumb"},"inLanguage":"fr-FR","potentialAction":[{"@type":"ReadAction","target":["https:\/\/tourtravelandmore.com\/fr\/tours\/etats-unis-fr\/new-york-fr\/visite-privee-a-pied-de-brooklyn-heights-dumbo-et-the-bridge-copy\/"]}]},{"@type":"ImageObject","inLanguage":"fr-FR","@id":"https:\/\/tourtravelandmore.com\/fr\/tours\/etats-unis-fr\/new-york-fr\/visite-privee-a-pied-de-brooklyn-heights-dumbo-et-the-bridge-copy\/#primaryimage","url":"https:\/\/tourtravelandmore.com\/wp-content\/uploads\/2024\/07\/pexels-vlada-karpovich-4451518.jpg","contentUrl":"https:\/\/tourtravelandmore.com\/wp-content\/uploads\/2024\/07\/pexels-vlada-karpovich-4451518.jpg","width":1920,"height":1280},{"@type":"BreadcrumbList","@id":"https:\/\/tourtravelandmore.com\/fr\/tours\/etats-unis-fr\/new-york-fr\/visite-privee-a-pied-de-brooklyn-heights-dumbo-et-the-bridge-copy\/#breadcrumb","itemListElement":[{"@type":"ListItem","position":1,"name":"Home","item":"https:\/\/tourtravelandmore.com\/fr\/"},{"@type":"ListItem","position":2,"name":"Tours","item":"https:\/\/tourtravelandmore.com\/fr\/tours\/"},{"@type":"ListItem","position":3,"name":"Visite priv\u00e9e a pied de SoHo, Chinatown, Little Italy et Greenwich Village"}]},{"@type":"WebSite","@id":"https:\/\/tourtravelandmore.com\/fr\/#website","url":"https:\/\/tourtravelandmore.com\/fr\/","name":"Tour Travel And More","description":"Private sightseeing tours and luxury transfers in Spain","publisher":{"@id":"https:\/\/tourtravelandmore.com\/fr\/#organization"},"potentialAction":[{"@type":"SearchAction","target":{"@type":"EntryPoint","urlTemplate":"https:\/\/tourtravelandmore.com\/fr\/?s={search_term_string}"},"query-input":{"@type":"PropertyValueSpecification","valueRequired":true,"valueName":"search_term_string"}}],"inLanguage":"fr-FR"},{"@type":"Organization","@id":"https:\/\/tourtravelandmore.com\/fr\/#organization","name":"Tour Travel And More","url":"https:\/\/tourtravelandmore.com\/fr\/","logo":{"@type":"ImageObject","inLanguage":"fr-FR","@id":"https:\/\/tourtravelandmore.com\/fr\/#\/schema\/logo\/image\/","url":"https:\/\/tourtravelandmore.com\/wp-content\/uploads\/2022\/12\/cropped-logo-cabecera-new.png","contentUrl":"https:\/\/tourtravelandmore.com\/wp-content\/uploads\/2022\/12\/cropped-logo-cabecera-new.png","width":430,"height":61,"caption":"Tour Travel And More"},"image":{"@id":"https:\/\/tourtravelandmore.com\/fr\/#\/schema\/logo\/image\/"},"sameAs":["https:\/\/www.facebook.com\/tourtravelandmore\/","https:\/\/x.com\/TourTravel_More"]}]}},"_links":{"self":[{"href":"https:\/\/tourtravelandmore.com\/fr\/wp-json\/wp\/v2\/product\/175828","targetHints":{"allow":["GET"]}}],"collection":[{"href":"https:\/\/tourtravelandmore.com\/fr\/wp-json\/wp\/v2\/product"}],"about":[{"href":"https:\/\/tourtravelandmore.com\/fr\/wp-json\/wp\/v2\/types\/product"}],"replies":[{"embeddable":true,"href":"https:\/\/tourtravelandmore.com\/fr\/wp-json\/wp\/v2\/comments?post=175828"}],"wp:featuredmedia":[{"embeddable":true,"href":"https:\/\/tourtravelandmore.com\/fr\/wp-json\/wp\/v2\/media\/175838"}],"wp:attachment":[{"href":"https:\/\/tourtravelandmore.com\/fr\/wp-json\/wp\/v2\/media?parent=175828"}],"wp:term":[{"taxonomy":"product_brand","embeddable":true,"href":"https:\/\/tourtravelandmore.com\/fr\/wp-json\/wp\/v2\/product_brand?post=175828"},{"taxonomy":"product_cat","embeddable":true,"href":"https:\/\/tourtravelandmore.com\/fr\/wp-json\/wp\/v2\/product_cat?post=175828"},{"taxonomy":"product_tag","embeddable":true,"href":"https:\/\/tourtravelandmore.com\/fr\/wp-json\/wp\/v2\/product_tag?post=175828"}],"curies":[{"name":"wp","href":"https:\/\/api.w.org\/{rel}","templated":true}]}}