{"id":175793,"date":"2024-07-30T17:17:41","date_gmt":"2024-07-30T15:17:50","guid":{"rendered":"https:\/\/tourtravelandmore.com\/?post_type=product&#038;p=175793"},"modified":"2024-07-30T19:34:34","modified_gmt":"2024-07-30T17:34:34","slug":"visite-nocturne-privee-de-la-ville-de-new-york-copy","status":"publish","type":"product","link":"https:\/\/tourtravelandmore.com\/fr\/tours\/etats-unis-fr\/new-york-fr\/visite-nocturne-privee-de-la-ville-de-new-york-copy\/","title":{"rendered":"Visite priv\u00e9e \u00e0 pied de Brooklyn Heights, Dumbo et The Bridge"},"content":{"rendered":"<h2><b><strong>Description de la visite<\/strong><\/b><\/h2>\n<p>Explorez les charmants quartiers de<b><strong> Brooklyn Heights, DUMBO et The Bridge<\/strong><\/b> lors d&#8217;une <b><strong>visite priv\u00e9e<\/strong><\/b> con\u00e7ue pour vous donner un aper\u00e7u intime de l&#8217;un des quartiers les plus pittoresques <b><strong>de New York<\/strong><\/b>. Pendant <b><strong>trois heures<\/strong><\/b>, notre guide bien inform\u00e9 vous conduira \u00e0 travers les rues historiques, partageant avec vous des histoires fascinantes et des id\u00e9es sur la riche histoire, l&#8217;architecture et la culture vibrante du quartier.<\/p>\n<p>Cette <b><strong>visite priv\u00e9e<\/strong><\/b> est id\u00e9ale pour ceux qui souhaitent approfondir le charme et l&#8217;histoire uniques de Brooklyn, tout en b\u00e9n\u00e9ficiant de l&#8217;attention personnalis\u00e9e d&#8217;un guide expert.<\/p>\n<p>La<b><strong>ville de New York<\/strong><\/b> est situ\u00e9e \u00e0 l&#8217;extr\u00e9mit\u00e9 sud de l&#8217;\u00c9tat de <b><strong>New York.<\/strong><\/b> Elle est consid\u00e9r\u00e9e comme la capitale mondiale de la culture, de la finance et des m\u00e9dias. La ville offre une tr\u00e8s grande vari\u00e9t\u00e9 d&#8217;attractions, elle est tr\u00e8s avant-gardiste et moderne. Elle s&#8217;est impos\u00e9e comme un n\u0153ud mondial de tol\u00e9rance sociale, de libert\u00e9 et de diversit\u00e9 culturelle.<\/p>\n<p>Une autre option possible de visite priv\u00e9e \u00e0 NY est notre <a href=\"\u00ab\">visite priv\u00e9e d&#8217;une demi-journ\u00e9e \u00e0 pied de NYC<\/a> avec un guide touristique, jetez-y un coup d&#8217;\u0153il !<\/p>\n<h2><b><strong>Points d&#8217;int\u00e9r\u00eat et monuments<\/strong><\/b><\/h2>\n<p>Commencez votre voyage \u00e0 <b><strong>Brooklyn Heights,<\/strong><\/b> r\u00e9put\u00e9 pour ses brownstones magnifiquement pr\u00e9serv\u00e9s et ses vues imprenables sur <b><strong>Manhattan<\/strong><\/b> depuis la <b><strong>Promenade<\/strong><\/b>. Promenez-vous dans les rues bord\u00e9es d&#8217;arbres pendant que votre guide met en lumi\u00e8re l&#8217;importance historique et les joyaux architecturaux du quartier.<\/p>\n<p>Ensuite, rendez-vous \u00e0 <b><strong>DUMBO,<\/strong><\/b> abr\u00e9viation de <b><strong>Down Under<\/strong><\/b> the <b><strong>Manhattan Bridge Overpass (sous le pont de Manhattan<\/strong><\/b>). Ce quartier branch\u00e9, autrefois industriel, est aujourd&#8217;hui un haut lieu de galeries d&#8217;art, de boutiques et de restaurants gastronomiques. Profitez de la vue imprenable sur l&#8217;horizon de Manhattan et sur les embl\u00e9matiques ponts de Brooklyn et de Manhattan.<\/p>\n<p>Enfin, traversez le <b><strong>pont de Brooklyn,<\/strong><\/b> une merveille d&#8217;ing\u00e9nierie et l&#8217;un des points de rep\u00e8re les plus reconnaissables de la <b><strong>ville de New York<\/strong><\/b>. Votre guide vous racontera l&#8217;histoire fascinante du pont et de sa construction pendant que vous le traversez, offrant des vues incomparables sur la ville.<\/p>\n<p>Enfin, \u00e0 la fin de l&#8217;excursion, votre chauffeur priv\u00e9 et votre guide officiel vous ram\u00e8neront \u00e0 votre point de d\u00e9part \u00e0 <b><strong>New York<\/strong><\/b>.<\/p>\n","protected":false},"excerpt":{"rendered":"<p>Explorez les charmants quartiers de<b><strong> Brooklyn Heights, DUMBO et The Bridge<\/strong><\/b> lors d&#8217;une <b><strong>visite priv\u00e9e<\/strong><\/b> con\u00e7ue pour vous donner un aper\u00e7u intime de l&#8217;un des quartiers les plus pittoresques <b><strong>de New York<\/strong><\/b>. Pendant <b><strong>trois heures<\/strong><\/b>, notre guide bien inform\u00e9 vous conduira \u00e0 travers les rues historiques, partageant avec vous des histoires fascinantes et des id\u00e9es sur la riche histoire, l&#8217;architecture et la culture vibrante du quartier.<\/p>\n","protected":false},"featured_media":175803,"comment_status":"open","ping_status":"closed","template":"","meta":{"_acf_changed":false},"product_brand":[],"product_cat":[5417,5419,3547,3552],"product_tag":[],"class_list":{"0":"post-175793","1":"product","2":"type-product","3":"status-publish","4":"has-post-thumbnail","6":"product_cat-new-york-private-tours","7":"product_cat-private-sightseeing-tours-fr-40","8":"product_cat-etats-unis-fr","9":"product_cat-new-york-fr","11":"first","12":"instock","13":"shipping-taxable","14":"purchasable","15":"product-type-simple"},"acf":[],"yoast_head":"<!-- This site is optimized with the Yoast SEO Premium plugin v25.3.1 (Yoast SEO v25.3.1) - https:\/\/yoast.com\/wordpress\/plugins\/seo\/ -->\n<title>Visite priv\u00e9e \u00e0 pied de Brooklyn Heights, Dumbo et The Bridge<\/title>\n<meta name=\"description\" content=\"Visite priv\u00e9e pour explorer la ville anim\u00e9e de New York, ses merveilleux gratte-ciel, ses mus\u00e9es \u00e9blouissants, ses avenues embl\u00e9matiques et bien plus encore.\" \/>\n<meta name=\"robots\" content=\"index, follow, max-snippet:-1, max-image-preview:large, max-video-preview:-1\" \/>\n<link rel=\"canonical\" href=\"https:\/\/tourtravelandmore.com\/fr\/tours\/etats-unis-fr\/new-york-fr\/visite-nocturne-privee-de-la-ville-de-new-york-copy\/\" \/>\n<meta property=\"og:locale\" content=\"fr_FR\" \/>\n<meta property=\"og:type\" content=\"article\" \/>\n<meta property=\"og:title\" content=\"Visite priv\u00e9e \u00e0 pied de Brooklyn Heights, Dumbo et The Bridge\" \/>\n<meta property=\"og:description\" content=\"Visite priv\u00e9e pour explorer la ville anim\u00e9e de New York, ses merveilleux gratte-ciel, ses mus\u00e9es \u00e9blouissants, ses avenues embl\u00e9matiques et bien plus encore.\" \/>\n<meta property=\"og:url\" content=\"https:\/\/tourtravelandmore.com\/fr\/tours\/etats-unis-fr\/new-york-fr\/visite-nocturne-privee-de-la-ville-de-new-york-copy\/\" \/>\n<meta property=\"og:site_name\" content=\"Tour Travel And More\" \/>\n<meta property=\"article:publisher\" content=\"https:\/\/www.facebook.com\/tourtravelandmore\/\" \/>\n<meta property=\"article:modified_time\" content=\"2024-07-30T17:34:34+00:00\" \/>\n<meta property=\"og:image\" content=\"https:\/\/tourtravelandmore.com\/wp-content\/uploads\/2024\/07\/pexels-mario-cuadros-1166886-2706653-1.jpg\" \/>\n\t<meta property=\"og:image:width\" content=\"1920\" \/>\n\t<meta property=\"og:image:height\" content=\"1282\" \/>\n\t<meta property=\"og:image:type\" content=\"image\/jpeg\" \/>\n<meta name=\"twitter:card\" content=\"summary_large_image\" \/>\n<meta name=\"twitter:site\" content=\"@TourTravel_More\" \/>\n<meta name=\"twitter:label1\" content=\"Dur\u00e9e de lecture estim\u00e9e\" \/>\n\t<meta name=\"twitter:data1\" content=\"2 minutes\" \/>\n<script type=\"application\/ld+json\" class=\"yoast-schema-graph\">{\"@context\":\"https:\/\/schema.org\",\"@graph\":[{\"@type\":\"WebPage\",\"@id\":\"https:\/\/tourtravelandmore.com\/fr\/tours\/etats-unis-fr\/new-york-fr\/visite-nocturne-privee-de-la-ville-de-new-york-copy\/\",\"url\":\"https:\/\/tourtravelandmore.com\/fr\/tours\/etats-unis-fr\/new-york-fr\/visite-nocturne-privee-de-la-ville-de-new-york-copy\/\",\"name\":\"Visite priv\u00e9e \u00e0 pied de Brooklyn Heights, Dumbo et The Bridge\",\"isPartOf\":{\"@id\":\"https:\/\/tourtravelandmore.com\/fr\/#website\"},\"primaryImageOfPage\":{\"@id\":\"https:\/\/tourtravelandmore.com\/fr\/tours\/etats-unis-fr\/new-york-fr\/visite-nocturne-privee-de-la-ville-de-new-york-copy\/#primaryimage\"},\"image\":{\"@id\":\"https:\/\/tourtravelandmore.com\/fr\/tours\/etats-unis-fr\/new-york-fr\/visite-nocturne-privee-de-la-ville-de-new-york-copy\/#primaryimage\"},\"thumbnailUrl\":\"https:\/\/tourtravelandmore.com\/wp-content\/uploads\/2024\/07\/pexels-mario-cuadros-1166886-2706653-1.jpg\",\"datePublished\":\"2024-07-30T15:17:50+00:00\",\"dateModified\":\"2024-07-30T17:34:34+00:00\",\"description\":\"Visite priv\u00e9e pour explorer la ville anim\u00e9e de New York, ses merveilleux gratte-ciel, ses mus\u00e9es \u00e9blouissants, ses avenues embl\u00e9matiques et bien plus encore.\",\"breadcrumb\":{\"@id\":\"https:\/\/tourtravelandmore.com\/fr\/tours\/etats-unis-fr\/new-york-fr\/visite-nocturne-privee-de-la-ville-de-new-york-copy\/#breadcrumb\"},\"inLanguage\":\"fr-FR\",\"potentialAction\":[{\"@type\":\"ReadAction\",\"target\":[\"https:\/\/tourtravelandmore.com\/fr\/tours\/etats-unis-fr\/new-york-fr\/visite-nocturne-privee-de-la-ville-de-new-york-copy\/\"]}]},{\"@type\":\"ImageObject\",\"inLanguage\":\"fr-FR\",\"@id\":\"https:\/\/tourtravelandmore.com\/fr\/tours\/etats-unis-fr\/new-york-fr\/visite-nocturne-privee-de-la-ville-de-new-york-copy\/#primaryimage\",\"url\":\"https:\/\/tourtravelandmore.com\/wp-content\/uploads\/2024\/07\/pexels-mario-cuadros-1166886-2706653-1.jpg\",\"contentUrl\":\"https:\/\/tourtravelandmore.com\/wp-content\/uploads\/2024\/07\/pexels-mario-cuadros-1166886-2706653-1.jpg\",\"width\":1920,\"height\":1282},{\"@type\":\"BreadcrumbList\",\"@id\":\"https:\/\/tourtravelandmore.com\/fr\/tours\/etats-unis-fr\/new-york-fr\/visite-nocturne-privee-de-la-ville-de-new-york-copy\/#breadcrumb\",\"itemListElement\":[{\"@type\":\"ListItem\",\"position\":1,\"name\":\"Home\",\"item\":\"https:\/\/tourtravelandmore.com\/fr\/\"},{\"@type\":\"ListItem\",\"position\":2,\"name\":\"Tours\",\"item\":\"https:\/\/tourtravelandmore.com\/fr\/tours\/\"},{\"@type\":\"ListItem\",\"position\":3,\"name\":\"Visite priv\u00e9e \u00e0 pied de Brooklyn Heights, Dumbo et The Bridge\"}]},{\"@type\":\"WebSite\",\"@id\":\"https:\/\/tourtravelandmore.com\/fr\/#website\",\"url\":\"https:\/\/tourtravelandmore.com\/fr\/\",\"name\":\"Tour Travel And More\",\"description\":\"Private sightseeing tours and luxury transfers in Spain\",\"publisher\":{\"@id\":\"https:\/\/tourtravelandmore.com\/fr\/#organization\"},\"potentialAction\":[{\"@type\":\"SearchAction\",\"target\":{\"@type\":\"EntryPoint\",\"urlTemplate\":\"https:\/\/tourtravelandmore.com\/fr\/?s={search_term_string}\"},\"query-input\":{\"@type\":\"PropertyValueSpecification\",\"valueRequired\":true,\"valueName\":\"search_term_string\"}}],\"inLanguage\":\"fr-FR\"},{\"@type\":\"Organization\",\"@id\":\"https:\/\/tourtravelandmore.com\/fr\/#organization\",\"name\":\"Tour Travel And More\",\"url\":\"https:\/\/tourtravelandmore.com\/fr\/\",\"logo\":{\"@type\":\"ImageObject\",\"inLanguage\":\"fr-FR\",\"@id\":\"https:\/\/tourtravelandmore.com\/fr\/#\/schema\/logo\/image\/\",\"url\":\"https:\/\/tourtravelandmore.com\/wp-content\/uploads\/2022\/12\/cropped-logo-cabecera-new.png\",\"contentUrl\":\"https:\/\/tourtravelandmore.com\/wp-content\/uploads\/2022\/12\/cropped-logo-cabecera-new.png\",\"width\":430,\"height\":61,\"caption\":\"Tour Travel And More\"},\"image\":{\"@id\":\"https:\/\/tourtravelandmore.com\/fr\/#\/schema\/logo\/image\/\"},\"sameAs\":[\"https:\/\/www.facebook.com\/tourtravelandmore\/\",\"https:\/\/x.com\/TourTravel_More\"]}]}<\/script>\n<!-- \/ Yoast SEO Premium plugin. -->","yoast_head_json":{"title":"Visite priv\u00e9e \u00e0 pied de Brooklyn Heights, Dumbo et The Bridge","description":"Visite priv\u00e9e pour explorer la ville anim\u00e9e de New York, ses merveilleux gratte-ciel, ses mus\u00e9es \u00e9blouissants, ses avenues embl\u00e9matiques et bien plus encore.","robots":{"index":"index","follow":"follow","max-snippet":"max-snippet:-1","max-image-preview":"max-image-preview:large","max-video-preview":"max-video-preview:-1"},"canonical":"https:\/\/tourtravelandmore.com\/fr\/tours\/etats-unis-fr\/new-york-fr\/visite-nocturne-privee-de-la-ville-de-new-york-copy\/","og_locale":"fr_FR","og_type":"article","og_title":"Visite priv\u00e9e \u00e0 pied de Brooklyn Heights, Dumbo et The Bridge","og_description":"Visite priv\u00e9e pour explorer la ville anim\u00e9e de New York, ses merveilleux gratte-ciel, ses mus\u00e9es \u00e9blouissants, ses avenues embl\u00e9matiques et bien plus encore.","og_url":"https:\/\/tourtravelandmore.com\/fr\/tours\/etats-unis-fr\/new-york-fr\/visite-nocturne-privee-de-la-ville-de-new-york-copy\/","og_site_name":"Tour Travel And More","article_publisher":"https:\/\/www.facebook.com\/tourtravelandmore\/","article_modified_time":"2024-07-30T17:34:34+00:00","og_image":[{"width":1920,"height":1282,"url":"https:\/\/tourtravelandmore.com\/wp-content\/uploads\/2024\/07\/pexels-mario-cuadros-1166886-2706653-1.jpg","type":"image\/jpeg"}],"twitter_card":"summary_large_image","twitter_site":"@TourTravel_More","twitter_misc":{"Dur\u00e9e de lecture estim\u00e9e":"2 minutes"},"schema":{"@context":"https:\/\/schema.org","@graph":[{"@type":"WebPage","@id":"https:\/\/tourtravelandmore.com\/fr\/tours\/etats-unis-fr\/new-york-fr\/visite-nocturne-privee-de-la-ville-de-new-york-copy\/","url":"https:\/\/tourtravelandmore.com\/fr\/tours\/etats-unis-fr\/new-york-fr\/visite-nocturne-privee-de-la-ville-de-new-york-copy\/","name":"Visite priv\u00e9e \u00e0 pied de Brooklyn Heights, Dumbo et The Bridge","isPartOf":{"@id":"https:\/\/tourtravelandmore.com\/fr\/#website"},"primaryImageOfPage":{"@id":"https:\/\/tourtravelandmore.com\/fr\/tours\/etats-unis-fr\/new-york-fr\/visite-nocturne-privee-de-la-ville-de-new-york-copy\/#primaryimage"},"image":{"@id":"https:\/\/tourtravelandmore.com\/fr\/tours\/etats-unis-fr\/new-york-fr\/visite-nocturne-privee-de-la-ville-de-new-york-copy\/#primaryimage"},"thumbnailUrl":"https:\/\/tourtravelandmore.com\/wp-content\/uploads\/2024\/07\/pexels-mario-cuadros-1166886-2706653-1.jpg","datePublished":"2024-07-30T15:17:50+00:00","dateModified":"2024-07-30T17:34:34+00:00","description":"Visite priv\u00e9e pour explorer la ville anim\u00e9e de New York, ses merveilleux gratte-ciel, ses mus\u00e9es \u00e9blouissants, ses avenues embl\u00e9matiques et bien plus encore.","breadcrumb":{"@id":"https:\/\/tourtravelandmore.com\/fr\/tours\/etats-unis-fr\/new-york-fr\/visite-nocturne-privee-de-la-ville-de-new-york-copy\/#breadcrumb"},"inLanguage":"fr-FR","potentialAction":[{"@type":"ReadAction","target":["https:\/\/tourtravelandmore.com\/fr\/tours\/etats-unis-fr\/new-york-fr\/visite-nocturne-privee-de-la-ville-de-new-york-copy\/"]}]},{"@type":"ImageObject","inLanguage":"fr-FR","@id":"https:\/\/tourtravelandmore.com\/fr\/tours\/etats-unis-fr\/new-york-fr\/visite-nocturne-privee-de-la-ville-de-new-york-copy\/#primaryimage","url":"https:\/\/tourtravelandmore.com\/wp-content\/uploads\/2024\/07\/pexels-mario-cuadros-1166886-2706653-1.jpg","contentUrl":"https:\/\/tourtravelandmore.com\/wp-content\/uploads\/2024\/07\/pexels-mario-cuadros-1166886-2706653-1.jpg","width":1920,"height":1282},{"@type":"BreadcrumbList","@id":"https:\/\/tourtravelandmore.com\/fr\/tours\/etats-unis-fr\/new-york-fr\/visite-nocturne-privee-de-la-ville-de-new-york-copy\/#breadcrumb","itemListElement":[{"@type":"ListItem","position":1,"name":"Home","item":"https:\/\/tourtravelandmore.com\/fr\/"},{"@type":"ListItem","position":2,"name":"Tours","item":"https:\/\/tourtravelandmore.com\/fr\/tours\/"},{"@type":"ListItem","position":3,"name":"Visite priv\u00e9e \u00e0 pied de Brooklyn Heights, Dumbo et The Bridge"}]},{"@type":"WebSite","@id":"https:\/\/tourtravelandmore.com\/fr\/#website","url":"https:\/\/tourtravelandmore.com\/fr\/","name":"Tour Travel And More","description":"Private sightseeing tours and luxury transfers in Spain","publisher":{"@id":"https:\/\/tourtravelandmore.com\/fr\/#organization"},"potentialAction":[{"@type":"SearchAction","target":{"@type":"EntryPoint","urlTemplate":"https:\/\/tourtravelandmore.com\/fr\/?s={search_term_string}"},"query-input":{"@type":"PropertyValueSpecification","valueRequired":true,"valueName":"search_term_string"}}],"inLanguage":"fr-FR"},{"@type":"Organization","@id":"https:\/\/tourtravelandmore.com\/fr\/#organization","name":"Tour Travel And More","url":"https:\/\/tourtravelandmore.com\/fr\/","logo":{"@type":"ImageObject","inLanguage":"fr-FR","@id":"https:\/\/tourtravelandmore.com\/fr\/#\/schema\/logo\/image\/","url":"https:\/\/tourtravelandmore.com\/wp-content\/uploads\/2022\/12\/cropped-logo-cabecera-new.png","contentUrl":"https:\/\/tourtravelandmore.com\/wp-content\/uploads\/2022\/12\/cropped-logo-cabecera-new.png","width":430,"height":61,"caption":"Tour Travel And More"},"image":{"@id":"https:\/\/tourtravelandmore.com\/fr\/#\/schema\/logo\/image\/"},"sameAs":["https:\/\/www.facebook.com\/tourtravelandmore\/","https:\/\/x.com\/TourTravel_More"]}]}},"_links":{"self":[{"href":"https:\/\/tourtravelandmore.com\/fr\/wp-json\/wp\/v2\/product\/175793","targetHints":{"allow":["GET"]}}],"collection":[{"href":"https:\/\/tourtravelandmore.com\/fr\/wp-json\/wp\/v2\/product"}],"about":[{"href":"https:\/\/tourtravelandmore.com\/fr\/wp-json\/wp\/v2\/types\/product"}],"replies":[{"embeddable":true,"href":"https:\/\/tourtravelandmore.com\/fr\/wp-json\/wp\/v2\/comments?post=175793"}],"wp:featuredmedia":[{"embeddable":true,"href":"https:\/\/tourtravelandmore.com\/fr\/wp-json\/wp\/v2\/media\/175803"}],"wp:attachment":[{"href":"https:\/\/tourtravelandmore.com\/fr\/wp-json\/wp\/v2\/media?parent=175793"}],"wp:term":[{"taxonomy":"product_brand","embeddable":true,"href":"https:\/\/tourtravelandmore.com\/fr\/wp-json\/wp\/v2\/product_brand?post=175793"},{"taxonomy":"product_cat","embeddable":true,"href":"https:\/\/tourtravelandmore.com\/fr\/wp-json\/wp\/v2\/product_cat?post=175793"},{"taxonomy":"product_tag","embeddable":true,"href":"https:\/\/tourtravelandmore.com\/fr\/wp-json\/wp\/v2\/product_tag?post=175793"}],"curies":[{"name":"wp","href":"https:\/\/api.w.org\/{rel}","templated":true}]}}