{"id":175767,"date":"2024-07-29T22:05:28","date_gmt":"2024-07-29T20:05:31","guid":{"rendered":"https:\/\/tourtravelandmore.com\/?post_type=product&#038;p=175767"},"modified":"2024-07-30T17:16:34","modified_gmt":"2024-07-30T15:16:34","slug":"visite-privee-des-contrastes-de-new-york-copy","status":"publish","type":"product","link":"https:\/\/tourtravelandmore.com\/fr\/tours\/etats-unis-fr\/new-york-fr\/visite-privee-des-contrastes-de-new-york-copy\/","title":{"rendered":"Visite nocturne priv\u00e9e de la ville de New York"},"content":{"rendered":"<h2><b><strong>Description de la visite<\/strong><\/b><\/h2>\n<p>D\u00e9couvrez la magie de New York une fois la nuit tomb\u00e9e gr\u00e2ce \u00e0 notre visite nocturne priv\u00e9e exclusive. Ce voyage de trois heures, avec une voiture confortable et un guide comp\u00e9tent, vous fera d\u00e9couvrir les sites les plus embl\u00e9matiques de la ville, magnifiquement illumin\u00e9s la nuit. Des lumi\u00e8res \u00e9blouissantes de Times Square aux vues sereines du pont de Brooklyn, cette visite offre une perspective unique sur la ville qui ne dort jamais. Que vous veniez pour la premi\u00e8re fois ou que vous soyez un voyageur chevronn\u00e9, notre visite vous promet une soir\u00e9e inoubliable remplie du glamour et de l&#8217;attrait de la vie nocturne de New York.<\/p>\n<p>Nous viendrons vous chercher \u00e0 votre h\u00f4tel ou au lieu de votre choix \u00e0 <b>New York <\/b>dans un<b> v\u00e9hicule priv\u00e9 de luxe<\/b>. Au cours de cette excursion priv\u00e9e, vous d\u00e9couvrirez les lieux embl\u00e9matiques de cette ville incroyable.<\/p>\n<p><b><strong>NYC<\/strong><\/b> est situ\u00e9e \u00e0 l&#8217;extr\u00e9mit\u00e9 sud de l&#8217;\u00c9tat de New York. Elle est consid\u00e9r\u00e9e comme la capitale culturelle, financi\u00e8re et m\u00e9diatique du monde. La ville offre une tr\u00e8s grande vari\u00e9t\u00e9 d&#8217;attractions, elle est tr\u00e8s avant-gardiste et moderne. Elle s&#8217;est impos\u00e9e comme un n\u0153ud mondial de tol\u00e9rance sociale, de libert\u00e9 et de diversit\u00e9 culturelle.<\/p>\n<p>Une autre option possible de visite priv\u00e9e \u00e0 NY est notre <a href=\"\u00ab\">visite priv\u00e9e d&#8217;une demi-journ\u00e9e \u00e0 pied de NYC<\/a> avec un guide touristique, jetez-y un coup d&#8217;\u0153il !<\/p>\n<h2><b><strong>Points d&#8217;int\u00e9r\u00eat et monuments<\/strong><\/b><\/h2>\n<p>Une fois l&#8217;excursion \u00e0 NYC commenc\u00e9e, nous vous proposons de visiter, entre autres, les sites suivants :<\/p>\n<ul>\n<li><b><strong>Times Square :<\/strong><\/b> D\u00e9couvrez le c\u0153ur vibrant de la ville de New York, illumin\u00e9 par les n\u00e9ons et anim\u00e9 d&#8217;une activit\u00e9 intense.<\/li>\n<li><b><strong>Le pont de Brooklyn :<\/strong><\/b> Profitez d&#8217;une vue nocturne \u00e0 couper le souffle sur l&#8217;horizon de Manhattan depuis ce pont historique.<\/li>\n<li><b><strong>Empire State Building :<\/strong><\/b> Admirez la fl\u00e8che illumin\u00e9e de ce gratte-ciel embl\u00e9matique, symbole de la grandeur de New York.<\/li>\n<li><b><strong>Rockefeller Center :<\/strong><\/b> D\u00e9couvrez le c\u00e9l\u00e8bre centre, y compris la patinoire magnifiquement \u00e9clair\u00e9e et les gratte-ciel imposants.<\/li>\n<li><b><strong>5e Avenue :<\/strong><\/b> Descendez cette avenue prestigieuse, bord\u00e9e de magasins de luxe et de b\u00e2timents historiques.<\/li>\n<li><b><strong>Bryant Park :<\/strong><\/b> Promenez-vous dans ce charmant parc, oasis de paix au milieu de l&#8217;agitation de la ville.<\/li>\n<li><b><strong>Central Park :<\/strong><\/b> Admirez la beaut\u00e9 sereine des paysages du parc sous le ciel nocturne.<\/li>\n<li><b><strong>The High Line :<\/strong><\/b> Explorez ce parc sur\u00e9lev\u00e9, qui offre des vues uniques sur le paysage urbain.<\/li>\n<li><b><strong>Chrysler Building :<\/strong><\/b> Admirez la splendeur art d\u00e9co de ce chef-d&#8217;\u0153uvre architectural, brillamment illumin\u00e9.<\/li>\n<\/ul>\n<p>Si vous souhaitez visiter un monument ou un mus\u00e9e en particulier, faites-le nous savoir et nous nous occuperons de tout pour vous.<\/p>\n<p>Enfin, \u00e0 la fin de la visite, votre chauffeur priv\u00e9 et votre guide officiel vous ram\u00e8neront \u00e0 votre point de d\u00e9part \u00e0 New York.<\/p>\n","protected":false},"excerpt":{"rendered":"<p>D\u00e9couvrez la magie de New York une fois la nuit tomb\u00e9e gr\u00e2ce \u00e0 notre visite nocturne priv\u00e9e exclusive. Ce voyage de trois heures, avec une voiture confortable et un guide comp\u00e9tent, vous fera d\u00e9couvrir les sites les plus embl\u00e9matiques de la ville, magnifiquement illumin\u00e9s la nuit. Des lumi\u00e8res \u00e9blouissantes de Times Square aux vues sereines du pont de Brooklyn, cette visite offre une perspective unique sur la ville qui ne dort jamais. Que vous veniez pour la premi\u00e8re fois ou que vous soyez un voyageur chevronn\u00e9, notre visite vous promet une soir\u00e9e inoubliable remplie du glamour et de l&#8217;attrait de la vie nocturne de New York.<\/p>\n","protected":false},"featured_media":175777,"comment_status":"open","ping_status":"closed","template":"","meta":{"_acf_changed":false},"product_brand":[],"product_cat":[5417,5419,3547,3552],"product_tag":[],"class_list":{"0":"post-175767","1":"product","2":"type-product","3":"status-publish","4":"has-post-thumbnail","6":"product_cat-new-york-private-tours","7":"product_cat-private-sightseeing-tours-fr-40","8":"product_cat-etats-unis-fr","9":"product_cat-new-york-fr","11":"first","12":"instock","13":"shipping-taxable","14":"purchasable","15":"product-type-simple"},"acf":[],"yoast_head":"<!-- This site is optimized with the Yoast SEO Premium plugin v25.3.1 (Yoast SEO v25.3.1) - https:\/\/yoast.com\/wordpress\/plugins\/seo\/ -->\n<title>Visite nocturne priv\u00e9e de la ville de New York<\/title>\n<meta name=\"description\" content=\"Visite priv\u00e9e pour explorer la ville anim\u00e9e de New York, ses merveilleux gratte-ciel, ses mus\u00e9es \u00e9blouissants, ses avenues embl\u00e9matiques et bien plus encore.\" \/>\n<meta name=\"robots\" content=\"index, follow, max-snippet:-1, max-image-preview:large, max-video-preview:-1\" \/>\n<link rel=\"canonical\" href=\"https:\/\/tourtravelandmore.com\/fr\/tours\/etats-unis-fr\/new-york-fr\/visite-privee-des-contrastes-de-new-york-copy\/\" \/>\n<meta property=\"og:locale\" content=\"fr_FR\" \/>\n<meta property=\"og:type\" content=\"article\" \/>\n<meta property=\"og:title\" content=\"Visite nocturne priv\u00e9e de la ville de New York\" \/>\n<meta property=\"og:description\" content=\"Visite priv\u00e9e pour explorer la ville anim\u00e9e de New York, ses merveilleux gratte-ciel, ses mus\u00e9es \u00e9blouissants, ses avenues embl\u00e9matiques et bien plus encore.\" \/>\n<meta property=\"og:url\" content=\"https:\/\/tourtravelandmore.com\/fr\/tours\/etats-unis-fr\/new-york-fr\/visite-privee-des-contrastes-de-new-york-copy\/\" \/>\n<meta property=\"og:site_name\" content=\"Tour Travel And More\" \/>\n<meta property=\"article:publisher\" content=\"https:\/\/www.facebook.com\/tourtravelandmore\/\" \/>\n<meta property=\"article:modified_time\" content=\"2024-07-30T15:16:34+00:00\" \/>\n<meta property=\"og:image\" content=\"https:\/\/tourtravelandmore.com\/wp-content\/uploads\/2024\/07\/pexels-kaip-534757-scaled.jpg\" \/>\n\t<meta property=\"og:image:width\" content=\"2560\" \/>\n\t<meta property=\"og:image:height\" content=\"1707\" \/>\n\t<meta property=\"og:image:type\" content=\"image\/jpeg\" \/>\n<meta name=\"twitter:card\" content=\"summary_large_image\" \/>\n<meta name=\"twitter:site\" content=\"@TourTravel_More\" \/>\n<meta name=\"twitter:label1\" content=\"Dur\u00e9e de lecture estim\u00e9e\" \/>\n\t<meta name=\"twitter:data1\" content=\"2 minutes\" \/>\n<script type=\"application\/ld+json\" class=\"yoast-schema-graph\">{\"@context\":\"https:\/\/schema.org\",\"@graph\":[{\"@type\":\"WebPage\",\"@id\":\"https:\/\/tourtravelandmore.com\/fr\/tours\/etats-unis-fr\/new-york-fr\/visite-privee-des-contrastes-de-new-york-copy\/\",\"url\":\"https:\/\/tourtravelandmore.com\/fr\/tours\/etats-unis-fr\/new-york-fr\/visite-privee-des-contrastes-de-new-york-copy\/\",\"name\":\"Visite nocturne priv\u00e9e de la ville de New York\",\"isPartOf\":{\"@id\":\"https:\/\/tourtravelandmore.com\/fr\/#website\"},\"primaryImageOfPage\":{\"@id\":\"https:\/\/tourtravelandmore.com\/fr\/tours\/etats-unis-fr\/new-york-fr\/visite-privee-des-contrastes-de-new-york-copy\/#primaryimage\"},\"image\":{\"@id\":\"https:\/\/tourtravelandmore.com\/fr\/tours\/etats-unis-fr\/new-york-fr\/visite-privee-des-contrastes-de-new-york-copy\/#primaryimage\"},\"thumbnailUrl\":\"https:\/\/tourtravelandmore.com\/wp-content\/uploads\/2024\/07\/pexels-kaip-534757-scaled.jpg\",\"datePublished\":\"2024-07-29T20:05:31+00:00\",\"dateModified\":\"2024-07-30T15:16:34+00:00\",\"description\":\"Visite priv\u00e9e pour explorer la ville anim\u00e9e de New York, ses merveilleux gratte-ciel, ses mus\u00e9es \u00e9blouissants, ses avenues embl\u00e9matiques et bien plus encore.\",\"breadcrumb\":{\"@id\":\"https:\/\/tourtravelandmore.com\/fr\/tours\/etats-unis-fr\/new-york-fr\/visite-privee-des-contrastes-de-new-york-copy\/#breadcrumb\"},\"inLanguage\":\"fr-FR\",\"potentialAction\":[{\"@type\":\"ReadAction\",\"target\":[\"https:\/\/tourtravelandmore.com\/fr\/tours\/etats-unis-fr\/new-york-fr\/visite-privee-des-contrastes-de-new-york-copy\/\"]}]},{\"@type\":\"ImageObject\",\"inLanguage\":\"fr-FR\",\"@id\":\"https:\/\/tourtravelandmore.com\/fr\/tours\/etats-unis-fr\/new-york-fr\/visite-privee-des-contrastes-de-new-york-copy\/#primaryimage\",\"url\":\"https:\/\/tourtravelandmore.com\/wp-content\/uploads\/2024\/07\/pexels-kaip-534757-scaled.jpg\",\"contentUrl\":\"https:\/\/tourtravelandmore.com\/wp-content\/uploads\/2024\/07\/pexels-kaip-534757-scaled.jpg\",\"width\":2560,\"height\":1707},{\"@type\":\"BreadcrumbList\",\"@id\":\"https:\/\/tourtravelandmore.com\/fr\/tours\/etats-unis-fr\/new-york-fr\/visite-privee-des-contrastes-de-new-york-copy\/#breadcrumb\",\"itemListElement\":[{\"@type\":\"ListItem\",\"position\":1,\"name\":\"Home\",\"item\":\"https:\/\/tourtravelandmore.com\/fr\/\"},{\"@type\":\"ListItem\",\"position\":2,\"name\":\"Tours\",\"item\":\"https:\/\/tourtravelandmore.com\/fr\/tours\/\"},{\"@type\":\"ListItem\",\"position\":3,\"name\":\"Visite nocturne priv\u00e9e de la ville de New York\"}]},{\"@type\":\"WebSite\",\"@id\":\"https:\/\/tourtravelandmore.com\/fr\/#website\",\"url\":\"https:\/\/tourtravelandmore.com\/fr\/\",\"name\":\"Tour Travel And More\",\"description\":\"Private sightseeing tours and luxury transfers in Spain\",\"publisher\":{\"@id\":\"https:\/\/tourtravelandmore.com\/fr\/#organization\"},\"potentialAction\":[{\"@type\":\"SearchAction\",\"target\":{\"@type\":\"EntryPoint\",\"urlTemplate\":\"https:\/\/tourtravelandmore.com\/fr\/?s={search_term_string}\"},\"query-input\":{\"@type\":\"PropertyValueSpecification\",\"valueRequired\":true,\"valueName\":\"search_term_string\"}}],\"inLanguage\":\"fr-FR\"},{\"@type\":\"Organization\",\"@id\":\"https:\/\/tourtravelandmore.com\/fr\/#organization\",\"name\":\"Tour Travel And More\",\"url\":\"https:\/\/tourtravelandmore.com\/fr\/\",\"logo\":{\"@type\":\"ImageObject\",\"inLanguage\":\"fr-FR\",\"@id\":\"https:\/\/tourtravelandmore.com\/fr\/#\/schema\/logo\/image\/\",\"url\":\"https:\/\/tourtravelandmore.com\/wp-content\/uploads\/2022\/12\/cropped-logo-cabecera-new.png\",\"contentUrl\":\"https:\/\/tourtravelandmore.com\/wp-content\/uploads\/2022\/12\/cropped-logo-cabecera-new.png\",\"width\":430,\"height\":61,\"caption\":\"Tour Travel And More\"},\"image\":{\"@id\":\"https:\/\/tourtravelandmore.com\/fr\/#\/schema\/logo\/image\/\"},\"sameAs\":[\"https:\/\/www.facebook.com\/tourtravelandmore\/\",\"https:\/\/x.com\/TourTravel_More\"]}]}<\/script>\n<!-- \/ Yoast SEO Premium plugin. -->","yoast_head_json":{"title":"Visite nocturne priv\u00e9e de la ville de New York","description":"Visite priv\u00e9e pour explorer la ville anim\u00e9e de New York, ses merveilleux gratte-ciel, ses mus\u00e9es \u00e9blouissants, ses avenues embl\u00e9matiques et bien plus encore.","robots":{"index":"index","follow":"follow","max-snippet":"max-snippet:-1","max-image-preview":"max-image-preview:large","max-video-preview":"max-video-preview:-1"},"canonical":"https:\/\/tourtravelandmore.com\/fr\/tours\/etats-unis-fr\/new-york-fr\/visite-privee-des-contrastes-de-new-york-copy\/","og_locale":"fr_FR","og_type":"article","og_title":"Visite nocturne priv\u00e9e de la ville de New York","og_description":"Visite priv\u00e9e pour explorer la ville anim\u00e9e de New York, ses merveilleux gratte-ciel, ses mus\u00e9es \u00e9blouissants, ses avenues embl\u00e9matiques et bien plus encore.","og_url":"https:\/\/tourtravelandmore.com\/fr\/tours\/etats-unis-fr\/new-york-fr\/visite-privee-des-contrastes-de-new-york-copy\/","og_site_name":"Tour Travel And More","article_publisher":"https:\/\/www.facebook.com\/tourtravelandmore\/","article_modified_time":"2024-07-30T15:16:34+00:00","og_image":[{"width":2560,"height":1707,"url":"https:\/\/tourtravelandmore.com\/wp-content\/uploads\/2024\/07\/pexels-kaip-534757-scaled.jpg","type":"image\/jpeg"}],"twitter_card":"summary_large_image","twitter_site":"@TourTravel_More","twitter_misc":{"Dur\u00e9e de lecture estim\u00e9e":"2 minutes"},"schema":{"@context":"https:\/\/schema.org","@graph":[{"@type":"WebPage","@id":"https:\/\/tourtravelandmore.com\/fr\/tours\/etats-unis-fr\/new-york-fr\/visite-privee-des-contrastes-de-new-york-copy\/","url":"https:\/\/tourtravelandmore.com\/fr\/tours\/etats-unis-fr\/new-york-fr\/visite-privee-des-contrastes-de-new-york-copy\/","name":"Visite nocturne priv\u00e9e de la ville de New York","isPartOf":{"@id":"https:\/\/tourtravelandmore.com\/fr\/#website"},"primaryImageOfPage":{"@id":"https:\/\/tourtravelandmore.com\/fr\/tours\/etats-unis-fr\/new-york-fr\/visite-privee-des-contrastes-de-new-york-copy\/#primaryimage"},"image":{"@id":"https:\/\/tourtravelandmore.com\/fr\/tours\/etats-unis-fr\/new-york-fr\/visite-privee-des-contrastes-de-new-york-copy\/#primaryimage"},"thumbnailUrl":"https:\/\/tourtravelandmore.com\/wp-content\/uploads\/2024\/07\/pexels-kaip-534757-scaled.jpg","datePublished":"2024-07-29T20:05:31+00:00","dateModified":"2024-07-30T15:16:34+00:00","description":"Visite priv\u00e9e pour explorer la ville anim\u00e9e de New York, ses merveilleux gratte-ciel, ses mus\u00e9es \u00e9blouissants, ses avenues embl\u00e9matiques et bien plus encore.","breadcrumb":{"@id":"https:\/\/tourtravelandmore.com\/fr\/tours\/etats-unis-fr\/new-york-fr\/visite-privee-des-contrastes-de-new-york-copy\/#breadcrumb"},"inLanguage":"fr-FR","potentialAction":[{"@type":"ReadAction","target":["https:\/\/tourtravelandmore.com\/fr\/tours\/etats-unis-fr\/new-york-fr\/visite-privee-des-contrastes-de-new-york-copy\/"]}]},{"@type":"ImageObject","inLanguage":"fr-FR","@id":"https:\/\/tourtravelandmore.com\/fr\/tours\/etats-unis-fr\/new-york-fr\/visite-privee-des-contrastes-de-new-york-copy\/#primaryimage","url":"https:\/\/tourtravelandmore.com\/wp-content\/uploads\/2024\/07\/pexels-kaip-534757-scaled.jpg","contentUrl":"https:\/\/tourtravelandmore.com\/wp-content\/uploads\/2024\/07\/pexels-kaip-534757-scaled.jpg","width":2560,"height":1707},{"@type":"BreadcrumbList","@id":"https:\/\/tourtravelandmore.com\/fr\/tours\/etats-unis-fr\/new-york-fr\/visite-privee-des-contrastes-de-new-york-copy\/#breadcrumb","itemListElement":[{"@type":"ListItem","position":1,"name":"Home","item":"https:\/\/tourtravelandmore.com\/fr\/"},{"@type":"ListItem","position":2,"name":"Tours","item":"https:\/\/tourtravelandmore.com\/fr\/tours\/"},{"@type":"ListItem","position":3,"name":"Visite nocturne priv\u00e9e de la ville de New York"}]},{"@type":"WebSite","@id":"https:\/\/tourtravelandmore.com\/fr\/#website","url":"https:\/\/tourtravelandmore.com\/fr\/","name":"Tour Travel And More","description":"Private sightseeing tours and luxury transfers in Spain","publisher":{"@id":"https:\/\/tourtravelandmore.com\/fr\/#organization"},"potentialAction":[{"@type":"SearchAction","target":{"@type":"EntryPoint","urlTemplate":"https:\/\/tourtravelandmore.com\/fr\/?s={search_term_string}"},"query-input":{"@type":"PropertyValueSpecification","valueRequired":true,"valueName":"search_term_string"}}],"inLanguage":"fr-FR"},{"@type":"Organization","@id":"https:\/\/tourtravelandmore.com\/fr\/#organization","name":"Tour Travel And More","url":"https:\/\/tourtravelandmore.com\/fr\/","logo":{"@type":"ImageObject","inLanguage":"fr-FR","@id":"https:\/\/tourtravelandmore.com\/fr\/#\/schema\/logo\/image\/","url":"https:\/\/tourtravelandmore.com\/wp-content\/uploads\/2022\/12\/cropped-logo-cabecera-new.png","contentUrl":"https:\/\/tourtravelandmore.com\/wp-content\/uploads\/2022\/12\/cropped-logo-cabecera-new.png","width":430,"height":61,"caption":"Tour Travel And More"},"image":{"@id":"https:\/\/tourtravelandmore.com\/fr\/#\/schema\/logo\/image\/"},"sameAs":["https:\/\/www.facebook.com\/tourtravelandmore\/","https:\/\/x.com\/TourTravel_More"]}]}},"_links":{"self":[{"href":"https:\/\/tourtravelandmore.com\/fr\/wp-json\/wp\/v2\/product\/175767","targetHints":{"allow":["GET"]}}],"collection":[{"href":"https:\/\/tourtravelandmore.com\/fr\/wp-json\/wp\/v2\/product"}],"about":[{"href":"https:\/\/tourtravelandmore.com\/fr\/wp-json\/wp\/v2\/types\/product"}],"replies":[{"embeddable":true,"href":"https:\/\/tourtravelandmore.com\/fr\/wp-json\/wp\/v2\/comments?post=175767"}],"wp:featuredmedia":[{"embeddable":true,"href":"https:\/\/tourtravelandmore.com\/fr\/wp-json\/wp\/v2\/media\/175777"}],"wp:attachment":[{"href":"https:\/\/tourtravelandmore.com\/fr\/wp-json\/wp\/v2\/media?parent=175767"}],"wp:term":[{"taxonomy":"product_brand","embeddable":true,"href":"https:\/\/tourtravelandmore.com\/fr\/wp-json\/wp\/v2\/product_brand?post=175767"},{"taxonomy":"product_cat","embeddable":true,"href":"https:\/\/tourtravelandmore.com\/fr\/wp-json\/wp\/v2\/product_cat?post=175767"},{"taxonomy":"product_tag","embeddable":true,"href":"https:\/\/tourtravelandmore.com\/fr\/wp-json\/wp\/v2\/product_tag?post=175767"}],"curies":[{"name":"wp","href":"https:\/\/api.w.org\/{rel}","templated":true}]}}