{"id":175741,"date":"2024-07-29T21:54:48","date_gmt":"2024-07-29T19:54:53","guid":{"rendered":"https:\/\/tourtravelandmore.com\/?post_type=product&#038;p=175741"},"modified":"2024-07-29T22:02:25","modified_gmt":"2024-07-29T20:02:25","slug":"visite-privee-de-new-york-avec-top-of-the-rock-copy","status":"publish","type":"product","link":"https:\/\/tourtravelandmore.com\/fr\/tours\/etats-unis-fr\/new-york-fr\/visite-privee-de-new-york-avec-top-of-the-rock-copy\/","title":{"rendered":"Visite priv\u00e9e des contrastes de New York"},"content":{"rendered":"<h2><b><strong>Description de la visite<\/strong><\/b><\/h2>\n<p>D\u00e9couvrez la diversit\u00e9 et le dynamisme de la ville de New York gr\u00e2ce \u00e0 notre visite priv\u00e9e Contrasts of New York. Ce voyage exclusif de 5 heures vous conduira \u00e0 travers les quartiers les plus riches et les plus d\u00e9favoris\u00e9s de la ville, vous permettant ainsi de comprendre les multiples facettes de son caract\u00e8re. Avec une voiture priv\u00e9e et un guide comp\u00e9tent \u00e0 votre service, vous explorerez les contrastes frappants qui d\u00e9finissent la Grosse Pomme, des rues opulentes de l&#8217;Upper East Side aux quartiers historiquement riches et culturellement vibrants de Harlem et du Bronx.<\/p>\n<p>Nous viendrons vous chercher \u00e0 votre h\u00f4tel ou au lieu de votre choix \u00e0 <b>New York <\/b>dans un<b> v\u00e9hicule priv\u00e9 de luxe<\/b>. Au cours de cette excursion priv\u00e9e, vous d\u00e9couvrirez les lieux embl\u00e9matiques de cette ville incroyable.<\/p>\n<p><b><strong>NYC<\/strong><\/b> est situ\u00e9e \u00e0 l&#8217;extr\u00e9mit\u00e9 sud de l&#8217;\u00c9tat de New York. Elle est consid\u00e9r\u00e9e comme la capitale culturelle, financi\u00e8re et m\u00e9diatique du monde. La ville offre une tr\u00e8s grande vari\u00e9t\u00e9 d&#8217;attractions, elle est tr\u00e8s avant-gardiste et moderne. Elle s&#8217;est impos\u00e9e comme un n\u0153ud mondial de tol\u00e9rance sociale, de libert\u00e9 et de diversit\u00e9 culturelle.<\/p>\n<p>Une autre option possible de visite priv\u00e9e \u00e0 NY est notre <a href=\"\u00ab\">visite priv\u00e9e d&#8217;une demi-journ\u00e9e \u00e0 pied de NYC<\/a> avec un guide touristique, jetez-y un coup d&#8217;\u0153il !<\/p>\n<h2><b><strong>Points d&#8217;int\u00e9r\u00eat et monuments<\/strong><\/b><\/h2>\n<p>Votre excursion commence par une visite de l&#8217;embl\u00e9matique <b><strong>Upper East Side,<\/strong><\/b> r\u00e9put\u00e9 pour ses r\u00e9sidences luxueuses, ses boutiques haut de gamme et ses mus\u00e9es de classe mondiale. Vous y verrez l&#8217;incarnation de l&#8217;<b><strong>\u00e9lite new-yorkaise<\/strong><\/b>. Au cours de votre p\u00e9riple dans ce quartier prestigieux, votre guide vous racontera des histoires fascinantes sur les riches habitants de la ville et les merveilles architecturales qui les abritent.<\/p>\n<p>Ensuite, vous traverserez le quartier dynamique et artistique de <b><strong>Harlem.<\/strong><\/b> Connu pour son r\u00f4le important dans la renaissance culturelle afro-am\u00e9ricaine, <b><strong>Harlem<\/strong><\/b> est une plaque tournante de l&#8217;histoire, de la musique et de la cuisine soul. Vous y d\u00e9couvrirez des lieux embl\u00e9matiques tels que l&#8217;<b><strong>Apollo Theater<\/strong><\/b> et en apprendrez davantage sur la communaut\u00e9 dynamique qui continue \u00e0 fa\u00e7onner son h\u00e9ritage.<\/p>\n<p>La visite se poursuit dans le <b><strong>Bronx,<\/strong><\/b> un arrondissement qui incarne la r\u00e9silience et la richesse culturelle. Vous visiterez des zones qui mettent en \u00e9vidence le contraste entre les difficult\u00e9s rencontr\u00e9es par ses habitants et l&#8217;esprit dynamique qui permet \u00e0 la communaut\u00e9 de prosp\u00e9rer. Le <b><strong>Bronx<\/strong><\/b> abrite \u00e9galement le <b><strong>Yankee Stadium<\/strong><\/b> et le <b><strong>zoo du Bronx, des<\/strong><\/b> sites qui ajoutent \u00e0 son charme unique.<\/p>\n<p>Enfin, vous vous rendrez \u00e0 <b><strong>Brooklyn,<\/strong><\/b> o\u00f9 l&#8217;embourgeoisement et la tradition coexistent dans un \u00e9quilibre d\u00e9licat. Des quartiers hupp\u00e9s de Brooklyn Heights aux quartiers plus modestes de Bushwick, vous verrez comment cet arrondissement a \u00e9volu\u00e9 au fil des ans.<\/p>\n<p>Si vous souhaitez visiter un monument ou un mus\u00e9e en particulier, faites-le nous savoir et nous nous occuperons de tout pour vous.<\/p>\n<p>Enfin, \u00e0 la fin de la visite, votre chauffeur priv\u00e9 et votre guide officiel vous ram\u00e8neront \u00e0 votre point de d\u00e9part \u00e0 New York.<\/p>\n","protected":false},"excerpt":{"rendered":"<p>D\u00e9couvrez la diversit\u00e9 et le dynamisme de la ville de New York gr\u00e2ce \u00e0 notre visite priv\u00e9e Contrasts of New York. Ce voyage exclusif de 5 heures vous conduira \u00e0 travers les quartiers les plus riches et les plus d\u00e9favoris\u00e9s de la ville, vous permettant ainsi de comprendre les multiples facettes de son caract\u00e8re. Avec une voiture priv\u00e9e et un guide comp\u00e9tent \u00e0 votre service, vous explorerez les contrastes frappants qui d\u00e9finissent la Grosse Pomme, des rues opulentes de l&#8217;Upper East Side aux quartiers historiquement riches et culturellement vibrants de Harlem et du Bronx.<\/p>\n","protected":false},"featured_media":175751,"comment_status":"open","ping_status":"closed","template":"","meta":{"_acf_changed":false},"product_brand":[],"product_cat":[5417,5419,3547,3552],"product_tag":[],"class_list":{"0":"post-175741","1":"product","2":"type-product","3":"status-publish","4":"has-post-thumbnail","6":"product_cat-new-york-private-tours","7":"product_cat-private-sightseeing-tours-fr-40","8":"product_cat-etats-unis-fr","9":"product_cat-new-york-fr","11":"first","12":"instock","13":"shipping-taxable","14":"purchasable","15":"product-type-simple"},"acf":[],"yoast_head":"<!-- This site is optimized with the Yoast SEO Premium plugin v25.3.1 (Yoast SEO v25.3.1) - https:\/\/yoast.com\/wordpress\/plugins\/seo\/ -->\n<title>Visite priv\u00e9e de New York avec Top of the Rock et guide officiel<\/title>\n<meta name=\"description\" content=\"Visite priv\u00e9e pour explorer la ville anim\u00e9e de New York, ses merveilleux gratte-ciel, ses mus\u00e9es \u00e9blouissants, ses avenues embl\u00e9matiques et bien plus encore.\" \/>\n<meta name=\"robots\" content=\"index, follow, max-snippet:-1, max-image-preview:large, max-video-preview:-1\" \/>\n<link rel=\"canonical\" href=\"https:\/\/tourtravelandmore.com\/fr\/tours\/etats-unis-fr\/new-york-fr\/visite-privee-de-new-york-avec-top-of-the-rock-copy\/\" \/>\n<meta property=\"og:locale\" content=\"fr_FR\" \/>\n<meta property=\"og:type\" content=\"article\" \/>\n<meta property=\"og:title\" content=\"Visite priv\u00e9e des contrastes de New York\" \/>\n<meta property=\"og:description\" content=\"Visite priv\u00e9e pour explorer la ville anim\u00e9e de New York, ses merveilleux gratte-ciel, ses mus\u00e9es \u00e9blouissants, ses avenues embl\u00e9matiques et bien plus encore.\" \/>\n<meta property=\"og:url\" content=\"https:\/\/tourtravelandmore.com\/fr\/tours\/etats-unis-fr\/new-york-fr\/visite-privee-de-new-york-avec-top-of-the-rock-copy\/\" \/>\n<meta property=\"og:site_name\" content=\"Tour Travel And More\" \/>\n<meta property=\"article:publisher\" content=\"https:\/\/www.facebook.com\/tourtravelandmore\/\" \/>\n<meta property=\"article:modified_time\" content=\"2024-07-29T20:02:25+00:00\" \/>\n<meta property=\"og:image\" content=\"https:\/\/tourtravelandmore.com\/wp-content\/uploads\/2024\/07\/pexels-vlada-karpovich-4451501-scaled.jpg\" \/>\n\t<meta property=\"og:image:width\" content=\"2560\" \/>\n\t<meta property=\"og:image:height\" content=\"1707\" \/>\n\t<meta property=\"og:image:type\" content=\"image\/jpeg\" \/>\n<meta name=\"twitter:card\" content=\"summary_large_image\" \/>\n<meta name=\"twitter:site\" content=\"@TourTravel_More\" \/>\n<meta name=\"twitter:label1\" content=\"Dur\u00e9e de lecture estim\u00e9e\" \/>\n\t<meta name=\"twitter:data1\" content=\"3 minutes\" \/>\n<script type=\"application\/ld+json\" class=\"yoast-schema-graph\">{\"@context\":\"https:\/\/schema.org\",\"@graph\":[{\"@type\":\"WebPage\",\"@id\":\"https:\/\/tourtravelandmore.com\/fr\/tours\/etats-unis-fr\/new-york-fr\/visite-privee-de-new-york-avec-top-of-the-rock-copy\/\",\"url\":\"https:\/\/tourtravelandmore.com\/fr\/tours\/etats-unis-fr\/new-york-fr\/visite-privee-de-new-york-avec-top-of-the-rock-copy\/\",\"name\":\"Visite priv\u00e9e de New York avec Top of the Rock et guide officiel\",\"isPartOf\":{\"@id\":\"https:\/\/tourtravelandmore.com\/fr\/#website\"},\"primaryImageOfPage\":{\"@id\":\"https:\/\/tourtravelandmore.com\/fr\/tours\/etats-unis-fr\/new-york-fr\/visite-privee-de-new-york-avec-top-of-the-rock-copy\/#primaryimage\"},\"image\":{\"@id\":\"https:\/\/tourtravelandmore.com\/fr\/tours\/etats-unis-fr\/new-york-fr\/visite-privee-de-new-york-avec-top-of-the-rock-copy\/#primaryimage\"},\"thumbnailUrl\":\"https:\/\/tourtravelandmore.com\/wp-content\/uploads\/2024\/07\/pexels-vlada-karpovich-4451501-scaled.jpg\",\"datePublished\":\"2024-07-29T19:54:53+00:00\",\"dateModified\":\"2024-07-29T20:02:25+00:00\",\"description\":\"Visite priv\u00e9e pour explorer la ville anim\u00e9e de New York, ses merveilleux gratte-ciel, ses mus\u00e9es \u00e9blouissants, ses avenues embl\u00e9matiques et bien plus encore.\",\"breadcrumb\":{\"@id\":\"https:\/\/tourtravelandmore.com\/fr\/tours\/etats-unis-fr\/new-york-fr\/visite-privee-de-new-york-avec-top-of-the-rock-copy\/#breadcrumb\"},\"inLanguage\":\"fr-FR\",\"potentialAction\":[{\"@type\":\"ReadAction\",\"target\":[\"https:\/\/tourtravelandmore.com\/fr\/tours\/etats-unis-fr\/new-york-fr\/visite-privee-de-new-york-avec-top-of-the-rock-copy\/\"]}]},{\"@type\":\"ImageObject\",\"inLanguage\":\"fr-FR\",\"@id\":\"https:\/\/tourtravelandmore.com\/fr\/tours\/etats-unis-fr\/new-york-fr\/visite-privee-de-new-york-avec-top-of-the-rock-copy\/#primaryimage\",\"url\":\"https:\/\/tourtravelandmore.com\/wp-content\/uploads\/2024\/07\/pexels-vlada-karpovich-4451501-scaled.jpg\",\"contentUrl\":\"https:\/\/tourtravelandmore.com\/wp-content\/uploads\/2024\/07\/pexels-vlada-karpovich-4451501-scaled.jpg\",\"width\":2560,\"height\":1707},{\"@type\":\"BreadcrumbList\",\"@id\":\"https:\/\/tourtravelandmore.com\/fr\/tours\/etats-unis-fr\/new-york-fr\/visite-privee-de-new-york-avec-top-of-the-rock-copy\/#breadcrumb\",\"itemListElement\":[{\"@type\":\"ListItem\",\"position\":1,\"name\":\"Home\",\"item\":\"https:\/\/tourtravelandmore.com\/fr\/\"},{\"@type\":\"ListItem\",\"position\":2,\"name\":\"Tours\",\"item\":\"https:\/\/tourtravelandmore.com\/fr\/tours\/\"},{\"@type\":\"ListItem\",\"position\":3,\"name\":\"Visite priv\u00e9e des contrastes de New York\"}]},{\"@type\":\"WebSite\",\"@id\":\"https:\/\/tourtravelandmore.com\/fr\/#website\",\"url\":\"https:\/\/tourtravelandmore.com\/fr\/\",\"name\":\"Tour Travel And More\",\"description\":\"Private sightseeing tours and luxury transfers in Spain\",\"publisher\":{\"@id\":\"https:\/\/tourtravelandmore.com\/fr\/#organization\"},\"potentialAction\":[{\"@type\":\"SearchAction\",\"target\":{\"@type\":\"EntryPoint\",\"urlTemplate\":\"https:\/\/tourtravelandmore.com\/fr\/?s={search_term_string}\"},\"query-input\":{\"@type\":\"PropertyValueSpecification\",\"valueRequired\":true,\"valueName\":\"search_term_string\"}}],\"inLanguage\":\"fr-FR\"},{\"@type\":\"Organization\",\"@id\":\"https:\/\/tourtravelandmore.com\/fr\/#organization\",\"name\":\"Tour Travel And More\",\"url\":\"https:\/\/tourtravelandmore.com\/fr\/\",\"logo\":{\"@type\":\"ImageObject\",\"inLanguage\":\"fr-FR\",\"@id\":\"https:\/\/tourtravelandmore.com\/fr\/#\/schema\/logo\/image\/\",\"url\":\"https:\/\/tourtravelandmore.com\/wp-content\/uploads\/2022\/12\/cropped-logo-cabecera-new.png\",\"contentUrl\":\"https:\/\/tourtravelandmore.com\/wp-content\/uploads\/2022\/12\/cropped-logo-cabecera-new.png\",\"width\":430,\"height\":61,\"caption\":\"Tour Travel And More\"},\"image\":{\"@id\":\"https:\/\/tourtravelandmore.com\/fr\/#\/schema\/logo\/image\/\"},\"sameAs\":[\"https:\/\/www.facebook.com\/tourtravelandmore\/\",\"https:\/\/x.com\/TourTravel_More\"]}]}<\/script>\n<!-- \/ Yoast SEO Premium plugin. -->","yoast_head_json":{"title":"Visite priv\u00e9e de New York avec Top of the Rock et guide officiel","description":"Visite priv\u00e9e pour explorer la ville anim\u00e9e de New York, ses merveilleux gratte-ciel, ses mus\u00e9es \u00e9blouissants, ses avenues embl\u00e9matiques et bien plus encore.","robots":{"index":"index","follow":"follow","max-snippet":"max-snippet:-1","max-image-preview":"max-image-preview:large","max-video-preview":"max-video-preview:-1"},"canonical":"https:\/\/tourtravelandmore.com\/fr\/tours\/etats-unis-fr\/new-york-fr\/visite-privee-de-new-york-avec-top-of-the-rock-copy\/","og_locale":"fr_FR","og_type":"article","og_title":"Visite priv\u00e9e des contrastes de New York","og_description":"Visite priv\u00e9e pour explorer la ville anim\u00e9e de New York, ses merveilleux gratte-ciel, ses mus\u00e9es \u00e9blouissants, ses avenues embl\u00e9matiques et bien plus encore.","og_url":"https:\/\/tourtravelandmore.com\/fr\/tours\/etats-unis-fr\/new-york-fr\/visite-privee-de-new-york-avec-top-of-the-rock-copy\/","og_site_name":"Tour Travel And More","article_publisher":"https:\/\/www.facebook.com\/tourtravelandmore\/","article_modified_time":"2024-07-29T20:02:25+00:00","og_image":[{"width":2560,"height":1707,"url":"https:\/\/tourtravelandmore.com\/wp-content\/uploads\/2024\/07\/pexels-vlada-karpovich-4451501-scaled.jpg","type":"image\/jpeg"}],"twitter_card":"summary_large_image","twitter_site":"@TourTravel_More","twitter_misc":{"Dur\u00e9e de lecture estim\u00e9e":"3 minutes"},"schema":{"@context":"https:\/\/schema.org","@graph":[{"@type":"WebPage","@id":"https:\/\/tourtravelandmore.com\/fr\/tours\/etats-unis-fr\/new-york-fr\/visite-privee-de-new-york-avec-top-of-the-rock-copy\/","url":"https:\/\/tourtravelandmore.com\/fr\/tours\/etats-unis-fr\/new-york-fr\/visite-privee-de-new-york-avec-top-of-the-rock-copy\/","name":"Visite priv\u00e9e de New York avec Top of the Rock et guide officiel","isPartOf":{"@id":"https:\/\/tourtravelandmore.com\/fr\/#website"},"primaryImageOfPage":{"@id":"https:\/\/tourtravelandmore.com\/fr\/tours\/etats-unis-fr\/new-york-fr\/visite-privee-de-new-york-avec-top-of-the-rock-copy\/#primaryimage"},"image":{"@id":"https:\/\/tourtravelandmore.com\/fr\/tours\/etats-unis-fr\/new-york-fr\/visite-privee-de-new-york-avec-top-of-the-rock-copy\/#primaryimage"},"thumbnailUrl":"https:\/\/tourtravelandmore.com\/wp-content\/uploads\/2024\/07\/pexels-vlada-karpovich-4451501-scaled.jpg","datePublished":"2024-07-29T19:54:53+00:00","dateModified":"2024-07-29T20:02:25+00:00","description":"Visite priv\u00e9e pour explorer la ville anim\u00e9e de New York, ses merveilleux gratte-ciel, ses mus\u00e9es \u00e9blouissants, ses avenues embl\u00e9matiques et bien plus encore.","breadcrumb":{"@id":"https:\/\/tourtravelandmore.com\/fr\/tours\/etats-unis-fr\/new-york-fr\/visite-privee-de-new-york-avec-top-of-the-rock-copy\/#breadcrumb"},"inLanguage":"fr-FR","potentialAction":[{"@type":"ReadAction","target":["https:\/\/tourtravelandmore.com\/fr\/tours\/etats-unis-fr\/new-york-fr\/visite-privee-de-new-york-avec-top-of-the-rock-copy\/"]}]},{"@type":"ImageObject","inLanguage":"fr-FR","@id":"https:\/\/tourtravelandmore.com\/fr\/tours\/etats-unis-fr\/new-york-fr\/visite-privee-de-new-york-avec-top-of-the-rock-copy\/#primaryimage","url":"https:\/\/tourtravelandmore.com\/wp-content\/uploads\/2024\/07\/pexels-vlada-karpovich-4451501-scaled.jpg","contentUrl":"https:\/\/tourtravelandmore.com\/wp-content\/uploads\/2024\/07\/pexels-vlada-karpovich-4451501-scaled.jpg","width":2560,"height":1707},{"@type":"BreadcrumbList","@id":"https:\/\/tourtravelandmore.com\/fr\/tours\/etats-unis-fr\/new-york-fr\/visite-privee-de-new-york-avec-top-of-the-rock-copy\/#breadcrumb","itemListElement":[{"@type":"ListItem","position":1,"name":"Home","item":"https:\/\/tourtravelandmore.com\/fr\/"},{"@type":"ListItem","position":2,"name":"Tours","item":"https:\/\/tourtravelandmore.com\/fr\/tours\/"},{"@type":"ListItem","position":3,"name":"Visite priv\u00e9e des contrastes de New York"}]},{"@type":"WebSite","@id":"https:\/\/tourtravelandmore.com\/fr\/#website","url":"https:\/\/tourtravelandmore.com\/fr\/","name":"Tour Travel And More","description":"Private sightseeing tours and luxury transfers in Spain","publisher":{"@id":"https:\/\/tourtravelandmore.com\/fr\/#organization"},"potentialAction":[{"@type":"SearchAction","target":{"@type":"EntryPoint","urlTemplate":"https:\/\/tourtravelandmore.com\/fr\/?s={search_term_string}"},"query-input":{"@type":"PropertyValueSpecification","valueRequired":true,"valueName":"search_term_string"}}],"inLanguage":"fr-FR"},{"@type":"Organization","@id":"https:\/\/tourtravelandmore.com\/fr\/#organization","name":"Tour Travel And More","url":"https:\/\/tourtravelandmore.com\/fr\/","logo":{"@type":"ImageObject","inLanguage":"fr-FR","@id":"https:\/\/tourtravelandmore.com\/fr\/#\/schema\/logo\/image\/","url":"https:\/\/tourtravelandmore.com\/wp-content\/uploads\/2022\/12\/cropped-logo-cabecera-new.png","contentUrl":"https:\/\/tourtravelandmore.com\/wp-content\/uploads\/2022\/12\/cropped-logo-cabecera-new.png","width":430,"height":61,"caption":"Tour Travel And More"},"image":{"@id":"https:\/\/tourtravelandmore.com\/fr\/#\/schema\/logo\/image\/"},"sameAs":["https:\/\/www.facebook.com\/tourtravelandmore\/","https:\/\/x.com\/TourTravel_More"]}]}},"_links":{"self":[{"href":"https:\/\/tourtravelandmore.com\/fr\/wp-json\/wp\/v2\/product\/175741","targetHints":{"allow":["GET"]}}],"collection":[{"href":"https:\/\/tourtravelandmore.com\/fr\/wp-json\/wp\/v2\/product"}],"about":[{"href":"https:\/\/tourtravelandmore.com\/fr\/wp-json\/wp\/v2\/types\/product"}],"replies":[{"embeddable":true,"href":"https:\/\/tourtravelandmore.com\/fr\/wp-json\/wp\/v2\/comments?post=175741"}],"wp:featuredmedia":[{"embeddable":true,"href":"https:\/\/tourtravelandmore.com\/fr\/wp-json\/wp\/v2\/media\/175751"}],"wp:attachment":[{"href":"https:\/\/tourtravelandmore.com\/fr\/wp-json\/wp\/v2\/media?parent=175741"}],"wp:term":[{"taxonomy":"product_brand","embeddable":true,"href":"https:\/\/tourtravelandmore.com\/fr\/wp-json\/wp\/v2\/product_brand?post=175741"},{"taxonomy":"product_cat","embeddable":true,"href":"https:\/\/tourtravelandmore.com\/fr\/wp-json\/wp\/v2\/product_cat?post=175741"},{"taxonomy":"product_tag","embeddable":true,"href":"https:\/\/tourtravelandmore.com\/fr\/wp-json\/wp\/v2\/product_tag?post=175741"}],"curies":[{"name":"wp","href":"https:\/\/api.w.org\/{rel}","templated":true}]}}