{"id":175555,"date":"2024-07-19T17:24:54","date_gmt":"2024-07-19T15:25:05","guid":{"rendered":"https:\/\/tourtravelandmore.com\/?post_type=product&#038;p=175555"},"modified":"2024-07-19T20:23:50","modified_gmt":"2024-07-19T18:23:50","slug":"visite-privee-a-pied-du-palais-royal-de-turin","status":"publish","type":"product","link":"https:\/\/tourtravelandmore.com\/fr\/tours\/italie-fr\/turin-fr\/visite-privee-a-pied-du-palais-royal-de-turin\/","title":{"rendered":"Visite priv\u00e9e \u00e0 pied du Palais royal de Turin"},"content":{"rendered":"<h2><b>Description de la visite<\/b><\/h2>\n<p>D\u00e9couvrez la splendeur historique du Palais royal de Turin gr\u00e2ce \u00e0 notre visite priv\u00e9e exclusive de 2 heures. Cette exp\u00e9rience unique vous emm\u00e8ne \u00e0 travers les magnifiques salles du palais, la chapelle du Saint-Suaire, l&#8217;impressionnante armurerie et les sereins jardins du palais. Avec l&#8217;expertise d&#8217;un guide comp\u00e9tent et tous les droits d&#8217;entr\u00e9e inclus, plongez dans la riche histoire et l&#8217;art exquis de l&#8217;un des sites les plus pr\u00e9cieux d&#8217;Italie.<\/p>\n<p>La ville de Turin est la capitale de la r\u00e9gion du Pi\u00e9mont. Elle \u00e9tait l&#8217;ancienne r\u00e9sidence du Royaume de Savoie. Le c\u00e9l\u00e8bre architecte Le Corbusier a d\u00e9fini Turin comme \u00ab la ville ayant la plus belle situation naturelle au monde \u00bb.<\/p>\n<p>Rejoignez-nous pour un voyage inoubliable dans le temps au Palais royal de Turin. R\u00e9servez votre visite priv\u00e9e d\u00e8s aujourd&#8217;hui avec Tour Travel &amp; More et d\u00e9couvrez la grandeur de l&#8217;histoire italienne de premi\u00e8re main.<\/p>\n<h2><b><strong>Points d&#8217;int\u00e9r\u00eat et monuments<\/strong><\/b><\/h2>\n<p>Commencez votre voyage dans les salles opulentes du Palais royal, autrefois r\u00e9sidence de la Maison de Savoie. Admirez l&#8217;architecture exquise, les int\u00e9rieurs somptueux et les objets historiques qui racontent l&#8217;histoire de l&#8217;h\u00e9ritage royal italien.<\/p>\n<p>Visitez ensuite la chapelle du Saint Suaire, un site sacr\u00e9 r\u00e9put\u00e9 pour abriter le Suaire de Turin. Bien que le Suaire lui-m\u00eame soit rarement expos\u00e9, la conception complexe de la chapelle et sa signification spirituelle constituent une exp\u00e9rience profonde et \u00e9mouvante.<\/p>\n<p>Explorez la grande armurerie, qui abrite l&#8217;une des plus vastes collections d&#8217;armes et d&#8217;armures au monde. Des \u00e9p\u00e9es m\u00e9di\u00e9vales aux armes \u00e0 feu de la Renaissance, cette collection offre un aper\u00e7u fascinant de l&#8217;histoire martiale de l&#8217;Europe.<\/p>\n<p>Terminez votre visite par une promenade dans les magnifiques jardins du palais. Con\u00e7us dans le style italien classique, ces jardins offrent une retraite paisible avec leurs pelouses entretenues, leurs \u00e9l\u00e9gantes fontaines et leurs vues imprenables sur l&#8217;architecture environnante.<\/p>\n","protected":false},"excerpt":{"rendered":"<p>Rejoignez-nous pour un voyage inoubliable dans le temps au Palais royal de Turin. R\u00e9servez votre visite priv\u00e9e d\u00e8s aujourd&#8217;hui avec Tour Travel &amp; More et d\u00e9couvrez la grandeur de l&#8217;histoire italienne de premi\u00e8re main.<\/p>\n","protected":false},"featured_media":175565,"comment_status":"open","ping_status":"closed","template":"","meta":{"_acf_changed":false},"product_brand":[],"product_cat":[5415,4911,4912,4913,3700,3699],"product_tag":[],"class_list":{"0":"post-175555","1":"product","2":"type-product","3":"status-publish","4":"has-post-thumbnail","6":"product_cat-all-private-tours-activities-fr-31","7":"product_cat-all-private-tours-activities-fr-25","8":"product_cat-private-day-trips-fr-15","9":"product_cat-private-sightseeing-tours-fr-28","10":"product_cat-milan-fr","11":"product_cat-turin-fr","13":"first","14":"instock","15":"shipping-taxable","16":"purchasable","17":"product-type-simple"},"acf":[],"yoast_head":"<!-- This site is optimized with the Yoast SEO Premium plugin v25.3.1 (Yoast SEO v25.3.1) - https:\/\/yoast.com\/wordpress\/plugins\/seo\/ -->\n<title>Visite priv\u00e9e \u00e0 pied du Palais royal de Turin - TT&amp;M<\/title>\n<meta name=\"description\" content=\"Rejoignez-nous pour un voyage inoubliable dans le temps au Palais royal de Turin. R\u00e9servez votre visite priv\u00e9e d\u00e8s aujourd&#039;hui avec Tour Travel &amp; More\" \/>\n<meta name=\"robots\" content=\"index, follow, max-snippet:-1, max-image-preview:large, max-video-preview:-1\" \/>\n<link rel=\"canonical\" href=\"https:\/\/tourtravelandmore.com\/fr\/tours\/italie-fr\/turin-fr\/visite-privee-a-pied-du-palais-royal-de-turin\/\" \/>\n<meta property=\"og:locale\" content=\"fr_FR\" \/>\n<meta property=\"og:type\" content=\"article\" \/>\n<meta property=\"og:title\" content=\"Visite priv\u00e9e \u00e0 pied du Palais royal de Turin\" \/>\n<meta property=\"og:description\" content=\"Rejoignez-nous pour un voyage inoubliable dans le temps au Palais royal de Turin. R\u00e9servez votre visite priv\u00e9e d\u00e8s aujourd&#039;hui avec Tour Travel &amp; More\" \/>\n<meta property=\"og:url\" content=\"https:\/\/tourtravelandmore.com\/fr\/tours\/italie-fr\/turin-fr\/visite-privee-a-pied-du-palais-royal-de-turin\/\" \/>\n<meta property=\"og:site_name\" content=\"Tour Travel And More\" \/>\n<meta property=\"article:publisher\" content=\"https:\/\/www.facebook.com\/tourtravelandmore\/\" \/>\n<meta property=\"article:modified_time\" content=\"2024-07-19T18:23:50+00:00\" \/>\n<meta property=\"og:image\" content=\"https:\/\/tourtravelandmore.com\/wp-content\/uploads\/2024\/07\/99.jpg\" \/>\n\t<meta property=\"og:image:width\" content=\"1585\" \/>\n\t<meta property=\"og:image:height\" content=\"792\" \/>\n\t<meta property=\"og:image:type\" content=\"image\/jpeg\" \/>\n<meta name=\"twitter:card\" content=\"summary_large_image\" \/>\n<meta name=\"twitter:site\" content=\"@TourTravel_More\" \/>\n<meta name=\"twitter:label1\" content=\"Dur\u00e9e de lecture estim\u00e9e\" \/>\n\t<meta name=\"twitter:data1\" content=\"2 minutes\" \/>\n<script type=\"application\/ld+json\" class=\"yoast-schema-graph\">{\"@context\":\"https:\/\/schema.org\",\"@graph\":[{\"@type\":\"WebPage\",\"@id\":\"https:\/\/tourtravelandmore.com\/fr\/tours\/italie-fr\/turin-fr\/visite-privee-a-pied-du-palais-royal-de-turin\/\",\"url\":\"https:\/\/tourtravelandmore.com\/fr\/tours\/italie-fr\/turin-fr\/visite-privee-a-pied-du-palais-royal-de-turin\/\",\"name\":\"Visite priv\u00e9e \u00e0 pied du Palais royal de Turin - TT&M\",\"isPartOf\":{\"@id\":\"https:\/\/tourtravelandmore.com\/fr\/#website\"},\"primaryImageOfPage\":{\"@id\":\"https:\/\/tourtravelandmore.com\/fr\/tours\/italie-fr\/turin-fr\/visite-privee-a-pied-du-palais-royal-de-turin\/#primaryimage\"},\"image\":{\"@id\":\"https:\/\/tourtravelandmore.com\/fr\/tours\/italie-fr\/turin-fr\/visite-privee-a-pied-du-palais-royal-de-turin\/#primaryimage\"},\"thumbnailUrl\":\"https:\/\/tourtravelandmore.com\/wp-content\/uploads\/2024\/07\/99.jpg\",\"datePublished\":\"2024-07-19T15:25:05+00:00\",\"dateModified\":\"2024-07-19T18:23:50+00:00\",\"description\":\"Rejoignez-nous pour un voyage inoubliable dans le temps au Palais royal de Turin. R\u00e9servez votre visite priv\u00e9e d\u00e8s aujourd'hui avec Tour Travel & More\",\"breadcrumb\":{\"@id\":\"https:\/\/tourtravelandmore.com\/fr\/tours\/italie-fr\/turin-fr\/visite-privee-a-pied-du-palais-royal-de-turin\/#breadcrumb\"},\"inLanguage\":\"fr-FR\",\"potentialAction\":[{\"@type\":\"ReadAction\",\"target\":[\"https:\/\/tourtravelandmore.com\/fr\/tours\/italie-fr\/turin-fr\/visite-privee-a-pied-du-palais-royal-de-turin\/\"]}]},{\"@type\":\"ImageObject\",\"inLanguage\":\"fr-FR\",\"@id\":\"https:\/\/tourtravelandmore.com\/fr\/tours\/italie-fr\/turin-fr\/visite-privee-a-pied-du-palais-royal-de-turin\/#primaryimage\",\"url\":\"https:\/\/tourtravelandmore.com\/wp-content\/uploads\/2024\/07\/99.jpg\",\"contentUrl\":\"https:\/\/tourtravelandmore.com\/wp-content\/uploads\/2024\/07\/99.jpg\",\"width\":1585,\"height\":792},{\"@type\":\"BreadcrumbList\",\"@id\":\"https:\/\/tourtravelandmore.com\/fr\/tours\/italie-fr\/turin-fr\/visite-privee-a-pied-du-palais-royal-de-turin\/#breadcrumb\",\"itemListElement\":[{\"@type\":\"ListItem\",\"position\":1,\"name\":\"Home\",\"item\":\"https:\/\/tourtravelandmore.com\/fr\/\"},{\"@type\":\"ListItem\",\"position\":2,\"name\":\"Tours\",\"item\":\"https:\/\/tourtravelandmore.com\/fr\/tours\/\"},{\"@type\":\"ListItem\",\"position\":3,\"name\":\"Visite priv\u00e9e \u00e0 pied du Palais royal de Turin\"}]},{\"@type\":\"WebSite\",\"@id\":\"https:\/\/tourtravelandmore.com\/fr\/#website\",\"url\":\"https:\/\/tourtravelandmore.com\/fr\/\",\"name\":\"Tour Travel And More\",\"description\":\"Private sightseeing tours and luxury transfers in Spain\",\"publisher\":{\"@id\":\"https:\/\/tourtravelandmore.com\/fr\/#organization\"},\"potentialAction\":[{\"@type\":\"SearchAction\",\"target\":{\"@type\":\"EntryPoint\",\"urlTemplate\":\"https:\/\/tourtravelandmore.com\/fr\/?s={search_term_string}\"},\"query-input\":{\"@type\":\"PropertyValueSpecification\",\"valueRequired\":true,\"valueName\":\"search_term_string\"}}],\"inLanguage\":\"fr-FR\"},{\"@type\":\"Organization\",\"@id\":\"https:\/\/tourtravelandmore.com\/fr\/#organization\",\"name\":\"Tour Travel And More\",\"url\":\"https:\/\/tourtravelandmore.com\/fr\/\",\"logo\":{\"@type\":\"ImageObject\",\"inLanguage\":\"fr-FR\",\"@id\":\"https:\/\/tourtravelandmore.com\/fr\/#\/schema\/logo\/image\/\",\"url\":\"https:\/\/tourtravelandmore.com\/wp-content\/uploads\/2022\/12\/cropped-logo-cabecera-new.png\",\"contentUrl\":\"https:\/\/tourtravelandmore.com\/wp-content\/uploads\/2022\/12\/cropped-logo-cabecera-new.png\",\"width\":430,\"height\":61,\"caption\":\"Tour Travel And More\"},\"image\":{\"@id\":\"https:\/\/tourtravelandmore.com\/fr\/#\/schema\/logo\/image\/\"},\"sameAs\":[\"https:\/\/www.facebook.com\/tourtravelandmore\/\",\"https:\/\/x.com\/TourTravel_More\"]}]}<\/script>\n<!-- \/ Yoast SEO Premium plugin. -->","yoast_head_json":{"title":"Visite priv\u00e9e \u00e0 pied du Palais royal de Turin - TT&M","description":"Rejoignez-nous pour un voyage inoubliable dans le temps au Palais royal de Turin. R\u00e9servez votre visite priv\u00e9e d\u00e8s aujourd'hui avec Tour Travel & More","robots":{"index":"index","follow":"follow","max-snippet":"max-snippet:-1","max-image-preview":"max-image-preview:large","max-video-preview":"max-video-preview:-1"},"canonical":"https:\/\/tourtravelandmore.com\/fr\/tours\/italie-fr\/turin-fr\/visite-privee-a-pied-du-palais-royal-de-turin\/","og_locale":"fr_FR","og_type":"article","og_title":"Visite priv\u00e9e \u00e0 pied du Palais royal de Turin","og_description":"Rejoignez-nous pour un voyage inoubliable dans le temps au Palais royal de Turin. R\u00e9servez votre visite priv\u00e9e d\u00e8s aujourd'hui avec Tour Travel & More","og_url":"https:\/\/tourtravelandmore.com\/fr\/tours\/italie-fr\/turin-fr\/visite-privee-a-pied-du-palais-royal-de-turin\/","og_site_name":"Tour Travel And More","article_publisher":"https:\/\/www.facebook.com\/tourtravelandmore\/","article_modified_time":"2024-07-19T18:23:50+00:00","og_image":[{"width":1585,"height":792,"url":"https:\/\/tourtravelandmore.com\/wp-content\/uploads\/2024\/07\/99.jpg","type":"image\/jpeg"}],"twitter_card":"summary_large_image","twitter_site":"@TourTravel_More","twitter_misc":{"Dur\u00e9e de lecture estim\u00e9e":"2 minutes"},"schema":{"@context":"https:\/\/schema.org","@graph":[{"@type":"WebPage","@id":"https:\/\/tourtravelandmore.com\/fr\/tours\/italie-fr\/turin-fr\/visite-privee-a-pied-du-palais-royal-de-turin\/","url":"https:\/\/tourtravelandmore.com\/fr\/tours\/italie-fr\/turin-fr\/visite-privee-a-pied-du-palais-royal-de-turin\/","name":"Visite priv\u00e9e \u00e0 pied du Palais royal de Turin - TT&M","isPartOf":{"@id":"https:\/\/tourtravelandmore.com\/fr\/#website"},"primaryImageOfPage":{"@id":"https:\/\/tourtravelandmore.com\/fr\/tours\/italie-fr\/turin-fr\/visite-privee-a-pied-du-palais-royal-de-turin\/#primaryimage"},"image":{"@id":"https:\/\/tourtravelandmore.com\/fr\/tours\/italie-fr\/turin-fr\/visite-privee-a-pied-du-palais-royal-de-turin\/#primaryimage"},"thumbnailUrl":"https:\/\/tourtravelandmore.com\/wp-content\/uploads\/2024\/07\/99.jpg","datePublished":"2024-07-19T15:25:05+00:00","dateModified":"2024-07-19T18:23:50+00:00","description":"Rejoignez-nous pour un voyage inoubliable dans le temps au Palais royal de Turin. R\u00e9servez votre visite priv\u00e9e d\u00e8s aujourd'hui avec Tour Travel & More","breadcrumb":{"@id":"https:\/\/tourtravelandmore.com\/fr\/tours\/italie-fr\/turin-fr\/visite-privee-a-pied-du-palais-royal-de-turin\/#breadcrumb"},"inLanguage":"fr-FR","potentialAction":[{"@type":"ReadAction","target":["https:\/\/tourtravelandmore.com\/fr\/tours\/italie-fr\/turin-fr\/visite-privee-a-pied-du-palais-royal-de-turin\/"]}]},{"@type":"ImageObject","inLanguage":"fr-FR","@id":"https:\/\/tourtravelandmore.com\/fr\/tours\/italie-fr\/turin-fr\/visite-privee-a-pied-du-palais-royal-de-turin\/#primaryimage","url":"https:\/\/tourtravelandmore.com\/wp-content\/uploads\/2024\/07\/99.jpg","contentUrl":"https:\/\/tourtravelandmore.com\/wp-content\/uploads\/2024\/07\/99.jpg","width":1585,"height":792},{"@type":"BreadcrumbList","@id":"https:\/\/tourtravelandmore.com\/fr\/tours\/italie-fr\/turin-fr\/visite-privee-a-pied-du-palais-royal-de-turin\/#breadcrumb","itemListElement":[{"@type":"ListItem","position":1,"name":"Home","item":"https:\/\/tourtravelandmore.com\/fr\/"},{"@type":"ListItem","position":2,"name":"Tours","item":"https:\/\/tourtravelandmore.com\/fr\/tours\/"},{"@type":"ListItem","position":3,"name":"Visite priv\u00e9e \u00e0 pied du Palais royal de Turin"}]},{"@type":"WebSite","@id":"https:\/\/tourtravelandmore.com\/fr\/#website","url":"https:\/\/tourtravelandmore.com\/fr\/","name":"Tour Travel And More","description":"Private sightseeing tours and luxury transfers in Spain","publisher":{"@id":"https:\/\/tourtravelandmore.com\/fr\/#organization"},"potentialAction":[{"@type":"SearchAction","target":{"@type":"EntryPoint","urlTemplate":"https:\/\/tourtravelandmore.com\/fr\/?s={search_term_string}"},"query-input":{"@type":"PropertyValueSpecification","valueRequired":true,"valueName":"search_term_string"}}],"inLanguage":"fr-FR"},{"@type":"Organization","@id":"https:\/\/tourtravelandmore.com\/fr\/#organization","name":"Tour Travel And More","url":"https:\/\/tourtravelandmore.com\/fr\/","logo":{"@type":"ImageObject","inLanguage":"fr-FR","@id":"https:\/\/tourtravelandmore.com\/fr\/#\/schema\/logo\/image\/","url":"https:\/\/tourtravelandmore.com\/wp-content\/uploads\/2022\/12\/cropped-logo-cabecera-new.png","contentUrl":"https:\/\/tourtravelandmore.com\/wp-content\/uploads\/2022\/12\/cropped-logo-cabecera-new.png","width":430,"height":61,"caption":"Tour Travel And More"},"image":{"@id":"https:\/\/tourtravelandmore.com\/fr\/#\/schema\/logo\/image\/"},"sameAs":["https:\/\/www.facebook.com\/tourtravelandmore\/","https:\/\/x.com\/TourTravel_More"]}]}},"_links":{"self":[{"href":"https:\/\/tourtravelandmore.com\/fr\/wp-json\/wp\/v2\/product\/175555","targetHints":{"allow":["GET"]}}],"collection":[{"href":"https:\/\/tourtravelandmore.com\/fr\/wp-json\/wp\/v2\/product"}],"about":[{"href":"https:\/\/tourtravelandmore.com\/fr\/wp-json\/wp\/v2\/types\/product"}],"replies":[{"embeddable":true,"href":"https:\/\/tourtravelandmore.com\/fr\/wp-json\/wp\/v2\/comments?post=175555"}],"wp:featuredmedia":[{"embeddable":true,"href":"https:\/\/tourtravelandmore.com\/fr\/wp-json\/wp\/v2\/media\/175565"}],"wp:attachment":[{"href":"https:\/\/tourtravelandmore.com\/fr\/wp-json\/wp\/v2\/media?parent=175555"}],"wp:term":[{"taxonomy":"product_brand","embeddable":true,"href":"https:\/\/tourtravelandmore.com\/fr\/wp-json\/wp\/v2\/product_brand?post=175555"},{"taxonomy":"product_cat","embeddable":true,"href":"https:\/\/tourtravelandmore.com\/fr\/wp-json\/wp\/v2\/product_cat?post=175555"},{"taxonomy":"product_tag","embeddable":true,"href":"https:\/\/tourtravelandmore.com\/fr\/wp-json\/wp\/v2\/product_tag?post=175555"}],"curies":[{"name":"wp","href":"https:\/\/api.w.org\/{rel}","templated":true}]}}