{"id":175536,"date":"2024-07-16T15:23:04","date_gmt":"2024-07-16T13:23:13","guid":{"rendered":"https:\/\/tourtravelandmore.com\/?post_type=product&#038;p=175536"},"modified":"2024-07-23T17:38:37","modified_gmt":"2024-07-23T15:38:37","slug":"transfert-prive-a-turin-depuis-vers-nimporte-quel-endroit-copy","status":"publish","type":"product","link":"https:\/\/tourtravelandmore.com\/fr\/tours\/italie-fr\/turin-fr\/transfert-prive-a-turin-depuis-vers-nimporte-quel-endroit-copy\/","title":{"rendered":"Transfert priv\u00e9 \u00e0 Turin &#8211; de\/\u00e0 la gare"},"content":{"rendered":"<h2><b><strong>Description du transfert priv\u00e9 \u00e0 Turin<\/strong><\/b><\/h2>\n<p>Faites l&#8217;exp\u00e9rience d&#8217;un voyage fluide et luxueux entre votre h\u00e9bergement et la gare de Turin gr\u00e2ce \u00e0 notre service de transfert priv\u00e9 \u00e0 l&#8217;arriv\u00e9e et au d\u00e9part. Que vous arriviez dans la belle ville de Turin ou que vous vous pr\u00e9pariez \u00e0 partir, nous veillons \u00e0 ce que votre transfert vers la gare soit confortable, ponctuel et sans stress. Nos chauffeurs professionnels vous accueilleront \u00e0 l&#8217;endroit indiqu\u00e9, vous aideront \u00e0 porter vos bagages et vous conduiront en douceur dans un v\u00e9hicule haut de gamme, ce qui vous permettra de vous d\u00e9tendre et d&#8217;appr\u00e9cier le voyage.<\/p>\n<p>Notre service de transfert priv\u00e9 vous offre le summum de la commodit\u00e9 et du confort. \u00c9vitez les tracas li\u00e9s aux transports publics ou \u00e0 l&#8217;attente d&#8217;un taxi. Avec notre service, vous aurez un v\u00e9hicule qui vous attendra, pr\u00eat \u00e0 vous emmener \u00e0 la gare ou \u00e0 la quitter en toute simplicit\u00e9.<\/p>\n<p>Nous avons de nombreuses options d&#8217;excursions et de transferts dans et depuis Turin, jetez un coup d&#8217;\u0153il \u00e0 notre <a href=\"\u00ab\">liste d&#8217;excursions priv\u00e9es<\/a>.<\/p>\n<h2><b><strong>Transfert priv\u00e9 \u00e0 Turin &#8211; Points d&#8217;int\u00e9r\u00eat et monuments<\/strong><\/b><\/h2>\n<p>Nous proposons des transferts pour les<b><strong> groupes priv\u00e9s<\/strong><\/b> et m\u00eame pour les incentives et les grands groupes, et nous offrons un service personnalis\u00e9.<\/p>\n<p>Il vous suffit de nous contacter et nous organiserons votre transfert de la meilleure fa\u00e7on possible.<\/p>\n<p>Tous nos chauffeurs sont exp\u00e9riment\u00e9s, courtois et connaissent bien Turin. Ils veilleront \u00e0 ce que vous arriviez \u00e0 la gare en toute s\u00e9curit\u00e9 et \u00e0 l&#8217;heure. Nos chauffeurs sont \u00e9galement multilingues, ce qui facilite la communication.<\/p>\n<p>Voyagez avec style et confort dans notre flotte de v\u00e9hicules haut de gamme. Que vous pr\u00e9f\u00e9riez une berline luxueuse, un SUV spacieux ou un v\u00e9hicule plus grand pour les groupes, nous avons l&#8217;option parfaite pour r\u00e9pondre \u00e0 vos besoins. Tous nos v\u00e9hicules sont propres, bien entretenus et dot\u00e9s d&#8217;\u00e9quipements modernes.<\/p>\n<p>Si vous avez besoin d&#8217;un si\u00e8ge b\u00e9b\u00e9 ou d&#8217;un si\u00e8ge enfant, veuillez nous contacter avant votre vol ou votre transfert priv\u00e9 afin de l&#8217;organiser correctement.<\/p>\n","protected":false},"excerpt":{"rendered":"<p>Profitez de cette occasion pour profiter de ce moyen confortable pour vous rendre \u00e0 votre destination finale \u00e0 Turin. Vous disposerez de votre propre v\u00e9hicule de luxe priv\u00e9 avec chauffeur pour vous conduire rapidement et confortablement \u00e0 l&#8217;emplacement de votre choix. La prise en charge peut se faire \u00e0 l&#8217;h\u00f4tel, \u00e0 l&#8217;a\u00e9roport, \u00e0 la gare ou au lieu de votre choix.<\/p>\n","protected":false},"featured_media":93583,"comment_status":"open","ping_status":"closed","template":"","meta":{"_acf_changed":false},"product_brand":[],"product_cat":[5415,5420,3699],"product_tag":[],"class_list":{"0":"post-175536","1":"product","2":"type-product","3":"status-publish","4":"has-post-thumbnail","6":"product_cat-all-private-tours-activities-fr-31","7":"product_cat-private-transfers-fr-17","8":"product_cat-turin-fr","10":"first","11":"instock","12":"shipping-taxable","13":"purchasable","14":"product-type-simple"},"acf":[],"yoast_head":"<!-- This site is optimized with the Yoast SEO Premium plugin v25.3.1 (Yoast SEO v25.3.1) - https:\/\/yoast.com\/wordpress\/plugins\/seo\/ -->\n<title>Transfert priv\u00e9 \u00e0 Turin: transfert a\u00e9roport, h\u00f4tel ou gare<\/title>\n<meta name=\"description\" content=\"Nous vous proposons le moyen le plus rapide et le plus simple d&#039;atteindre votre destination finale \u00e0 Turin. Profitez d&#039;une exp\u00e9rience relaxante dans l&#039;un de nos v\u00e9hicules priv\u00e9s de luxe.\" \/>\n<meta name=\"robots\" content=\"index, follow, max-snippet:-1, max-image-preview:large, max-video-preview:-1\" \/>\n<link rel=\"canonical\" href=\"https:\/\/tourtravelandmore.com\/fr\/tours\/italie-fr\/turin-fr\/transfert-prive-a-turin-depuis-vers-nimporte-quel-endroit-copy\/\" \/>\n<meta property=\"og:locale\" content=\"fr_FR\" \/>\n<meta property=\"og:type\" content=\"article\" \/>\n<meta property=\"og:title\" content=\"Transfert priv\u00e9 \u00e0 Turin - de\/\u00e0 la gare\" \/>\n<meta property=\"og:description\" content=\"Nous vous proposons le moyen le plus rapide et le plus simple d&#039;atteindre votre destination finale \u00e0 Turin. Profitez d&#039;une exp\u00e9rience relaxante dans l&#039;un de nos v\u00e9hicules priv\u00e9s de luxe.\" \/>\n<meta property=\"og:url\" content=\"https:\/\/tourtravelandmore.com\/fr\/tours\/italie-fr\/turin-fr\/transfert-prive-a-turin-depuis-vers-nimporte-quel-endroit-copy\/\" \/>\n<meta property=\"og:site_name\" content=\"Tour Travel And More\" \/>\n<meta property=\"article:publisher\" content=\"https:\/\/www.facebook.com\/tourtravelandmore\/\" \/>\n<meta property=\"article:modified_time\" content=\"2024-07-23T15:38:37+00:00\" \/>\n<meta property=\"og:image\" content=\"https:\/\/tourtravelandmore.com\/wp-content\/uploads\/2016\/10\/barcelona-wedding-transfer-2.jpg\" \/>\n\t<meta property=\"og:image:width\" content=\"1296\" \/>\n\t<meta property=\"og:image:height\" content=\"730\" \/>\n\t<meta property=\"og:image:type\" content=\"image\/jpeg\" \/>\n<meta name=\"twitter:card\" content=\"summary_large_image\" \/>\n<meta name=\"twitter:site\" content=\"@TourTravel_More\" \/>\n<meta name=\"twitter:label1\" content=\"Dur\u00e9e de lecture estim\u00e9e\" \/>\n\t<meta name=\"twitter:data1\" content=\"2 minutes\" \/>\n<script type=\"application\/ld+json\" class=\"yoast-schema-graph\">{\"@context\":\"https:\/\/schema.org\",\"@graph\":[{\"@type\":\"WebPage\",\"@id\":\"https:\/\/tourtravelandmore.com\/fr\/tours\/italie-fr\/turin-fr\/transfert-prive-a-turin-depuis-vers-nimporte-quel-endroit-copy\/\",\"url\":\"https:\/\/tourtravelandmore.com\/fr\/tours\/italie-fr\/turin-fr\/transfert-prive-a-turin-depuis-vers-nimporte-quel-endroit-copy\/\",\"name\":\"Transfert priv\u00e9 \u00e0 Turin: transfert a\u00e9roport, h\u00f4tel ou gare\",\"isPartOf\":{\"@id\":\"https:\/\/tourtravelandmore.com\/fr\/#website\"},\"primaryImageOfPage\":{\"@id\":\"https:\/\/tourtravelandmore.com\/fr\/tours\/italie-fr\/turin-fr\/transfert-prive-a-turin-depuis-vers-nimporte-quel-endroit-copy\/#primaryimage\"},\"image\":{\"@id\":\"https:\/\/tourtravelandmore.com\/fr\/tours\/italie-fr\/turin-fr\/transfert-prive-a-turin-depuis-vers-nimporte-quel-endroit-copy\/#primaryimage\"},\"thumbnailUrl\":\"https:\/\/tourtravelandmore.com\/wp-content\/uploads\/2016\/10\/barcelona-wedding-transfer-2.jpg\",\"datePublished\":\"2024-07-16T13:23:13+00:00\",\"dateModified\":\"2024-07-23T15:38:37+00:00\",\"description\":\"Nous vous proposons le moyen le plus rapide et le plus simple d'atteindre votre destination finale \u00e0 Turin. Profitez d'une exp\u00e9rience relaxante dans l'un de nos v\u00e9hicules priv\u00e9s de luxe.\",\"breadcrumb\":{\"@id\":\"https:\/\/tourtravelandmore.com\/fr\/tours\/italie-fr\/turin-fr\/transfert-prive-a-turin-depuis-vers-nimporte-quel-endroit-copy\/#breadcrumb\"},\"inLanguage\":\"fr-FR\",\"potentialAction\":[{\"@type\":\"ReadAction\",\"target\":[\"https:\/\/tourtravelandmore.com\/fr\/tours\/italie-fr\/turin-fr\/transfert-prive-a-turin-depuis-vers-nimporte-quel-endroit-copy\/\"]}]},{\"@type\":\"ImageObject\",\"inLanguage\":\"fr-FR\",\"@id\":\"https:\/\/tourtravelandmore.com\/fr\/tours\/italie-fr\/turin-fr\/transfert-prive-a-turin-depuis-vers-nimporte-quel-endroit-copy\/#primaryimage\",\"url\":\"https:\/\/tourtravelandmore.com\/wp-content\/uploads\/2016\/10\/barcelona-wedding-transfer-2.jpg\",\"contentUrl\":\"https:\/\/tourtravelandmore.com\/wp-content\/uploads\/2016\/10\/barcelona-wedding-transfer-2.jpg\",\"width\":1296,\"height\":730,\"caption\":\"Mercedes-Benz S-Klasse, (W 222), 2012\"},{\"@type\":\"BreadcrumbList\",\"@id\":\"https:\/\/tourtravelandmore.com\/fr\/tours\/italie-fr\/turin-fr\/transfert-prive-a-turin-depuis-vers-nimporte-quel-endroit-copy\/#breadcrumb\",\"itemListElement\":[{\"@type\":\"ListItem\",\"position\":1,\"name\":\"Home\",\"item\":\"https:\/\/tourtravelandmore.com\/fr\/\"},{\"@type\":\"ListItem\",\"position\":2,\"name\":\"Tours\",\"item\":\"https:\/\/tourtravelandmore.com\/fr\/tours\/\"},{\"@type\":\"ListItem\",\"position\":3,\"name\":\"Transfert priv\u00e9 \u00e0 Turin &#8211; de\/\u00e0 la gare\"}]},{\"@type\":\"WebSite\",\"@id\":\"https:\/\/tourtravelandmore.com\/fr\/#website\",\"url\":\"https:\/\/tourtravelandmore.com\/fr\/\",\"name\":\"Tour Travel And More\",\"description\":\"Private sightseeing tours and luxury transfers in Spain\",\"publisher\":{\"@id\":\"https:\/\/tourtravelandmore.com\/fr\/#organization\"},\"potentialAction\":[{\"@type\":\"SearchAction\",\"target\":{\"@type\":\"EntryPoint\",\"urlTemplate\":\"https:\/\/tourtravelandmore.com\/fr\/?s={search_term_string}\"},\"query-input\":{\"@type\":\"PropertyValueSpecification\",\"valueRequired\":true,\"valueName\":\"search_term_string\"}}],\"inLanguage\":\"fr-FR\"},{\"@type\":\"Organization\",\"@id\":\"https:\/\/tourtravelandmore.com\/fr\/#organization\",\"name\":\"Tour Travel And More\",\"url\":\"https:\/\/tourtravelandmore.com\/fr\/\",\"logo\":{\"@type\":\"ImageObject\",\"inLanguage\":\"fr-FR\",\"@id\":\"https:\/\/tourtravelandmore.com\/fr\/#\/schema\/logo\/image\/\",\"url\":\"https:\/\/tourtravelandmore.com\/wp-content\/uploads\/2022\/12\/cropped-logo-cabecera-new.png\",\"contentUrl\":\"https:\/\/tourtravelandmore.com\/wp-content\/uploads\/2022\/12\/cropped-logo-cabecera-new.png\",\"width\":430,\"height\":61,\"caption\":\"Tour Travel And More\"},\"image\":{\"@id\":\"https:\/\/tourtravelandmore.com\/fr\/#\/schema\/logo\/image\/\"},\"sameAs\":[\"https:\/\/www.facebook.com\/tourtravelandmore\/\",\"https:\/\/x.com\/TourTravel_More\"]}]}<\/script>\n<!-- \/ Yoast SEO Premium plugin. -->","yoast_head_json":{"title":"Transfert priv\u00e9 \u00e0 Turin: transfert a\u00e9roport, h\u00f4tel ou gare","description":"Nous vous proposons le moyen le plus rapide et le plus simple d'atteindre votre destination finale \u00e0 Turin. Profitez d'une exp\u00e9rience relaxante dans l'un de nos v\u00e9hicules priv\u00e9s de luxe.","robots":{"index":"index","follow":"follow","max-snippet":"max-snippet:-1","max-image-preview":"max-image-preview:large","max-video-preview":"max-video-preview:-1"},"canonical":"https:\/\/tourtravelandmore.com\/fr\/tours\/italie-fr\/turin-fr\/transfert-prive-a-turin-depuis-vers-nimporte-quel-endroit-copy\/","og_locale":"fr_FR","og_type":"article","og_title":"Transfert priv\u00e9 \u00e0 Turin - de\/\u00e0 la gare","og_description":"Nous vous proposons le moyen le plus rapide et le plus simple d'atteindre votre destination finale \u00e0 Turin. Profitez d'une exp\u00e9rience relaxante dans l'un de nos v\u00e9hicules priv\u00e9s de luxe.","og_url":"https:\/\/tourtravelandmore.com\/fr\/tours\/italie-fr\/turin-fr\/transfert-prive-a-turin-depuis-vers-nimporte-quel-endroit-copy\/","og_site_name":"Tour Travel And More","article_publisher":"https:\/\/www.facebook.com\/tourtravelandmore\/","article_modified_time":"2024-07-23T15:38:37+00:00","og_image":[{"width":1296,"height":730,"url":"https:\/\/tourtravelandmore.com\/wp-content\/uploads\/2016\/10\/barcelona-wedding-transfer-2.jpg","type":"image\/jpeg"}],"twitter_card":"summary_large_image","twitter_site":"@TourTravel_More","twitter_misc":{"Dur\u00e9e de lecture estim\u00e9e":"2 minutes"},"schema":{"@context":"https:\/\/schema.org","@graph":[{"@type":"WebPage","@id":"https:\/\/tourtravelandmore.com\/fr\/tours\/italie-fr\/turin-fr\/transfert-prive-a-turin-depuis-vers-nimporte-quel-endroit-copy\/","url":"https:\/\/tourtravelandmore.com\/fr\/tours\/italie-fr\/turin-fr\/transfert-prive-a-turin-depuis-vers-nimporte-quel-endroit-copy\/","name":"Transfert priv\u00e9 \u00e0 Turin: transfert a\u00e9roport, h\u00f4tel ou gare","isPartOf":{"@id":"https:\/\/tourtravelandmore.com\/fr\/#website"},"primaryImageOfPage":{"@id":"https:\/\/tourtravelandmore.com\/fr\/tours\/italie-fr\/turin-fr\/transfert-prive-a-turin-depuis-vers-nimporte-quel-endroit-copy\/#primaryimage"},"image":{"@id":"https:\/\/tourtravelandmore.com\/fr\/tours\/italie-fr\/turin-fr\/transfert-prive-a-turin-depuis-vers-nimporte-quel-endroit-copy\/#primaryimage"},"thumbnailUrl":"https:\/\/tourtravelandmore.com\/wp-content\/uploads\/2016\/10\/barcelona-wedding-transfer-2.jpg","datePublished":"2024-07-16T13:23:13+00:00","dateModified":"2024-07-23T15:38:37+00:00","description":"Nous vous proposons le moyen le plus rapide et le plus simple d'atteindre votre destination finale \u00e0 Turin. Profitez d'une exp\u00e9rience relaxante dans l'un de nos v\u00e9hicules priv\u00e9s de luxe.","breadcrumb":{"@id":"https:\/\/tourtravelandmore.com\/fr\/tours\/italie-fr\/turin-fr\/transfert-prive-a-turin-depuis-vers-nimporte-quel-endroit-copy\/#breadcrumb"},"inLanguage":"fr-FR","potentialAction":[{"@type":"ReadAction","target":["https:\/\/tourtravelandmore.com\/fr\/tours\/italie-fr\/turin-fr\/transfert-prive-a-turin-depuis-vers-nimporte-quel-endroit-copy\/"]}]},{"@type":"ImageObject","inLanguage":"fr-FR","@id":"https:\/\/tourtravelandmore.com\/fr\/tours\/italie-fr\/turin-fr\/transfert-prive-a-turin-depuis-vers-nimporte-quel-endroit-copy\/#primaryimage","url":"https:\/\/tourtravelandmore.com\/wp-content\/uploads\/2016\/10\/barcelona-wedding-transfer-2.jpg","contentUrl":"https:\/\/tourtravelandmore.com\/wp-content\/uploads\/2016\/10\/barcelona-wedding-transfer-2.jpg","width":1296,"height":730,"caption":"Mercedes-Benz S-Klasse, (W 222), 2012"},{"@type":"BreadcrumbList","@id":"https:\/\/tourtravelandmore.com\/fr\/tours\/italie-fr\/turin-fr\/transfert-prive-a-turin-depuis-vers-nimporte-quel-endroit-copy\/#breadcrumb","itemListElement":[{"@type":"ListItem","position":1,"name":"Home","item":"https:\/\/tourtravelandmore.com\/fr\/"},{"@type":"ListItem","position":2,"name":"Tours","item":"https:\/\/tourtravelandmore.com\/fr\/tours\/"},{"@type":"ListItem","position":3,"name":"Transfert priv\u00e9 \u00e0 Turin &#8211; de\/\u00e0 la gare"}]},{"@type":"WebSite","@id":"https:\/\/tourtravelandmore.com\/fr\/#website","url":"https:\/\/tourtravelandmore.com\/fr\/","name":"Tour Travel And More","description":"Private sightseeing tours and luxury transfers in Spain","publisher":{"@id":"https:\/\/tourtravelandmore.com\/fr\/#organization"},"potentialAction":[{"@type":"SearchAction","target":{"@type":"EntryPoint","urlTemplate":"https:\/\/tourtravelandmore.com\/fr\/?s={search_term_string}"},"query-input":{"@type":"PropertyValueSpecification","valueRequired":true,"valueName":"search_term_string"}}],"inLanguage":"fr-FR"},{"@type":"Organization","@id":"https:\/\/tourtravelandmore.com\/fr\/#organization","name":"Tour Travel And More","url":"https:\/\/tourtravelandmore.com\/fr\/","logo":{"@type":"ImageObject","inLanguage":"fr-FR","@id":"https:\/\/tourtravelandmore.com\/fr\/#\/schema\/logo\/image\/","url":"https:\/\/tourtravelandmore.com\/wp-content\/uploads\/2022\/12\/cropped-logo-cabecera-new.png","contentUrl":"https:\/\/tourtravelandmore.com\/wp-content\/uploads\/2022\/12\/cropped-logo-cabecera-new.png","width":430,"height":61,"caption":"Tour Travel And More"},"image":{"@id":"https:\/\/tourtravelandmore.com\/fr\/#\/schema\/logo\/image\/"},"sameAs":["https:\/\/www.facebook.com\/tourtravelandmore\/","https:\/\/x.com\/TourTravel_More"]}]}},"_links":{"self":[{"href":"https:\/\/tourtravelandmore.com\/fr\/wp-json\/wp\/v2\/product\/175536","targetHints":{"allow":["GET"]}}],"collection":[{"href":"https:\/\/tourtravelandmore.com\/fr\/wp-json\/wp\/v2\/product"}],"about":[{"href":"https:\/\/tourtravelandmore.com\/fr\/wp-json\/wp\/v2\/types\/product"}],"replies":[{"embeddable":true,"href":"https:\/\/tourtravelandmore.com\/fr\/wp-json\/wp\/v2\/comments?post=175536"}],"wp:featuredmedia":[{"embeddable":true,"href":"https:\/\/tourtravelandmore.com\/fr\/wp-json\/wp\/v2\/media\/93583"}],"wp:attachment":[{"href":"https:\/\/tourtravelandmore.com\/fr\/wp-json\/wp\/v2\/media?parent=175536"}],"wp:term":[{"taxonomy":"product_brand","embeddable":true,"href":"https:\/\/tourtravelandmore.com\/fr\/wp-json\/wp\/v2\/product_brand?post=175536"},{"taxonomy":"product_cat","embeddable":true,"href":"https:\/\/tourtravelandmore.com\/fr\/wp-json\/wp\/v2\/product_cat?post=175536"},{"taxonomy":"product_tag","embeddable":true,"href":"https:\/\/tourtravelandmore.com\/fr\/wp-json\/wp\/v2\/product_tag?post=175536"}],"curies":[{"name":"wp","href":"https:\/\/api.w.org\/{rel}","templated":true}]}}