{"id":175325,"date":"2024-06-03T20:37:21","date_gmt":"2024-06-03T18:37:27","guid":{"rendered":"https:\/\/tourtravelandmore.com\/?post_type=product&#038;p=175325"},"modified":"2024-06-04T19:13:15","modified_gmt":"2024-06-04T17:13:15","slug":"transfert-prive-de-madrid-a-segovie-copy","status":"publish","type":"product","link":"https:\/\/tourtravelandmore.com\/fr\/tours\/espagne-fr\/madrid-fr\/transfert-prive-de-madrid-a-segovie-copy\/","title":{"rendered":"Transfert priv\u00e9 de Madrid \u00e0 Avila"},"content":{"rendered":"<h2>Transfert priv\u00e9 de Madrid \u00e0 Avila Description<\/h2>\n<p>Prenez ce transfert priv\u00e9 simple et confortable de Madrid \u00e0 Avila. C&#8217;est le meilleur moyen de se rendre \u00e0 Avila en toute s\u00e9curit\u00e9 !<\/p>\n<p>Tout d&#8217;abord, votre chauffeur priv\u00e9 dans un v\u00e9hicule de luxe viendra vous chercher \u00e0 votre h\u00f4tel ou \u00e0 l&#8217;endroit de votre choix \u00e0 Madrid. Nous pouvons \u00e9galement organiser une prise en charge priv\u00e9e \u00e0 l&#8217;a\u00e9roport si vous pr\u00e9voyez de vous rendre \u00e0 Avila pour quelques jours.<\/p>\n<p>Ensuite, nous nous dirigerons confortablement vers Avila. Le trajet dure environ 1 heure depuis la ville de Madrid.<\/p>\n<p>Pour les transferts, nous disposons de v\u00e9hicules Mercedes Classe E, Mercedes Classe V et de monospaces. Le nombre de bagages n&#8217;est pas limit\u00e9. Nous vous demandons de nous informer si vous avez plus d&#8217;un bagage par personne. Les v\u00e9hicules sont pr\u00e9vus pour accueillir un bagage par personne. Si vous avez plus de bagages, nous devrons pr\u00e9voir un autre type de v\u00e9hicule. Cela peut entra\u00eener un suppl\u00e9ment au tarif indiqu\u00e9.<\/p>\n<h2>Sites d&#8217;int\u00e9r\u00eat et monuments<\/h2>\n<p>Embarquez pour un voyage sans encombre de Madrid \u00e0 Avila avec le service de transfert priv\u00e9 de Tour Travel &amp; More. Au d\u00e9part de la vibrante capitale de l&#8217;Espagne, Madrid, votre voiture priv\u00e9e confortable et luxueuse vous attend pour vous transporter jusqu&#8217;\u00e0 l&#8217;enchanteresse ville d&#8217;Avila. Que vous soyez un voyageur solitaire, un couple \u00e0 la recherche d&#8217;une escapade romantique ou une famille \u00e0 la d\u00e9couverte du riche patrimoine culturel de l&#8217;Espagne, notre service de transfert priv\u00e9 vous garantit une exp\u00e9rience agr\u00e9able et sans tracas.<\/p>\n<p>Profitez de la commodit\u00e9 d&#8217;un service porte-\u00e0-porte avec notre transfert priv\u00e9 de Madrid \u00e0 Avila. Vous n&#8217;aurez pas \u00e0 vous soucier des transports publics ou d&#8217;appeler un taxi ; notre chauffeur professionnel viendra vous chercher directement \u00e0 l&#8217;endroit de votre choix \u00e0 Madrid et vous d\u00e9posera \u00e0 votre h\u00e9bergement \u00e0 \u00c1vila.<\/p>\n<p>D\u00e9couvrez toutes les visites guid\u00e9es priv\u00e9es d&#8217;Avila ici !<\/p>\n","protected":false},"excerpt":{"rendered":"<p>Prenez ce transfert priv\u00e9 simple et confortable de Madrid \u00e0 Avila. C&#8217;est le meilleur moyen de se rendre \u00e0 Avila en toute s\u00e9curit\u00e9 !<\/p>\n","protected":false},"featured_media":95504,"comment_status":"open","ping_status":"closed","template":"","meta":{"_acf_changed":false},"product_brand":[],"product_cat":[5381,3541,3562,3543],"product_tag":[4043,4042],"class_list":{"0":"post-175325","1":"product","2":"type-product","3":"status-publish","4":"has-post-thumbnail","6":"product_cat-private-transfers-fr-14","7":"product_cat-espagne-fr","8":"product_cat-avila","9":"product_cat-madrid-fr","10":"product_tag-private-fr","11":"product_tag-transfer-fr","13":"first","14":"instock","15":"shipping-taxable","16":"purchasable","17":"product-type-simple"},"acf":[],"yoast_head":"<!-- This site is optimized with the Yoast SEO Premium plugin v25.3.1 (Yoast SEO v25.3.1) - https:\/\/yoast.com\/wordpress\/plugins\/seo\/ -->\n<title>Transfert priv\u00e9 de Madrid \u00e0 Avila | V\u00e9hicule de luxe priv\u00e9 avec chauffeur<\/title>\n<meta name=\"description\" content=\"Arrivez \u00e0 votre destination finale avec ce transfert priv\u00e9 de Madrid \u00e0 Avila. V\u00e9hicule de luxe priv\u00e9 avec chauffeur pour vous rendre confortablement \u00e0 votre emplacement.\" \/>\n<meta name=\"robots\" content=\"index, follow, max-snippet:-1, max-image-preview:large, max-video-preview:-1\" \/>\n<link rel=\"canonical\" href=\"https:\/\/tourtravelandmore.com\/fr\/tours\/espagne-fr\/madrid-fr\/transfert-prive-de-madrid-a-segovie-copy\/\" \/>\n<meta property=\"og:locale\" content=\"fr_FR\" \/>\n<meta property=\"og:type\" content=\"article\" \/>\n<meta property=\"og:title\" content=\"Transfert priv\u00e9 de Madrid \u00e0 Avila\" \/>\n<meta property=\"og:description\" content=\"Arrivez \u00e0 votre destination finale avec ce transfert priv\u00e9 de Madrid \u00e0 Avila. V\u00e9hicule de luxe priv\u00e9 avec chauffeur pour vous rendre confortablement \u00e0 votre emplacement.\" \/>\n<meta property=\"og:url\" content=\"https:\/\/tourtravelandmore.com\/fr\/tours\/espagne-fr\/madrid-fr\/transfert-prive-de-madrid-a-segovie-copy\/\" \/>\n<meta property=\"og:site_name\" content=\"Tour Travel And More\" \/>\n<meta property=\"article:publisher\" content=\"https:\/\/www.facebook.com\/tourtravelandmore\/\" \/>\n<meta property=\"article:modified_time\" content=\"2024-06-04T17:13:15+00:00\" \/>\n<meta property=\"og:image\" content=\"https:\/\/tourtravelandmore.com\/wp-content\/uploads\/2019\/01\/Cars-de-Luxe-22.jpg\" \/>\n\t<meta property=\"og:image:width\" content=\"1146\" \/>\n\t<meta property=\"og:image:height\" content=\"789\" \/>\n\t<meta property=\"og:image:type\" content=\"image\/jpeg\" \/>\n<meta name=\"twitter:card\" content=\"summary_large_image\" \/>\n<meta name=\"twitter:site\" content=\"@TourTravel_More\" \/>\n<meta name=\"twitter:label1\" content=\"Dur\u00e9e de lecture estim\u00e9e\" \/>\n\t<meta name=\"twitter:data1\" content=\"2 minutes\" \/>\n<script type=\"application\/ld+json\" class=\"yoast-schema-graph\">{\"@context\":\"https:\/\/schema.org\",\"@graph\":[{\"@type\":\"WebPage\",\"@id\":\"https:\/\/tourtravelandmore.com\/fr\/tours\/espagne-fr\/madrid-fr\/transfert-prive-de-madrid-a-segovie-copy\/\",\"url\":\"https:\/\/tourtravelandmore.com\/fr\/tours\/espagne-fr\/madrid-fr\/transfert-prive-de-madrid-a-segovie-copy\/\",\"name\":\"Transfert priv\u00e9 de Madrid \u00e0 Avila | V\u00e9hicule de luxe priv\u00e9 avec chauffeur\",\"isPartOf\":{\"@id\":\"https:\/\/tourtravelandmore.com\/fr\/#website\"},\"primaryImageOfPage\":{\"@id\":\"https:\/\/tourtravelandmore.com\/fr\/tours\/espagne-fr\/madrid-fr\/transfert-prive-de-madrid-a-segovie-copy\/#primaryimage\"},\"image\":{\"@id\":\"https:\/\/tourtravelandmore.com\/fr\/tours\/espagne-fr\/madrid-fr\/transfert-prive-de-madrid-a-segovie-copy\/#primaryimage\"},\"thumbnailUrl\":\"https:\/\/tourtravelandmore.com\/wp-content\/uploads\/2019\/01\/Cars-de-Luxe-22.jpg\",\"datePublished\":\"2024-06-03T18:37:27+00:00\",\"dateModified\":\"2024-06-04T17:13:15+00:00\",\"description\":\"Arrivez \u00e0 votre destination finale avec ce transfert priv\u00e9 de Madrid \u00e0 Avila. V\u00e9hicule de luxe priv\u00e9 avec chauffeur pour vous rendre confortablement \u00e0 votre emplacement.\",\"breadcrumb\":{\"@id\":\"https:\/\/tourtravelandmore.com\/fr\/tours\/espagne-fr\/madrid-fr\/transfert-prive-de-madrid-a-segovie-copy\/#breadcrumb\"},\"inLanguage\":\"fr-FR\",\"potentialAction\":[{\"@type\":\"ReadAction\",\"target\":[\"https:\/\/tourtravelandmore.com\/fr\/tours\/espagne-fr\/madrid-fr\/transfert-prive-de-madrid-a-segovie-copy\/\"]}]},{\"@type\":\"ImageObject\",\"inLanguage\":\"fr-FR\",\"@id\":\"https:\/\/tourtravelandmore.com\/fr\/tours\/espagne-fr\/madrid-fr\/transfert-prive-de-madrid-a-segovie-copy\/#primaryimage\",\"url\":\"https:\/\/tourtravelandmore.com\/wp-content\/uploads\/2019\/01\/Cars-de-Luxe-22.jpg\",\"contentUrl\":\"https:\/\/tourtravelandmore.com\/wp-content\/uploads\/2019\/01\/Cars-de-Luxe-22.jpg\",\"width\":1146,\"height\":789},{\"@type\":\"BreadcrumbList\",\"@id\":\"https:\/\/tourtravelandmore.com\/fr\/tours\/espagne-fr\/madrid-fr\/transfert-prive-de-madrid-a-segovie-copy\/#breadcrumb\",\"itemListElement\":[{\"@type\":\"ListItem\",\"position\":1,\"name\":\"Home\",\"item\":\"https:\/\/tourtravelandmore.com\/fr\/\"},{\"@type\":\"ListItem\",\"position\":2,\"name\":\"Tours\",\"item\":\"https:\/\/tourtravelandmore.com\/fr\/tours\/\"},{\"@type\":\"ListItem\",\"position\":3,\"name\":\"Transfert priv\u00e9 de Madrid \u00e0 Avila\"}]},{\"@type\":\"WebSite\",\"@id\":\"https:\/\/tourtravelandmore.com\/fr\/#website\",\"url\":\"https:\/\/tourtravelandmore.com\/fr\/\",\"name\":\"Tour Travel And More\",\"description\":\"Private sightseeing tours and luxury transfers in Spain\",\"publisher\":{\"@id\":\"https:\/\/tourtravelandmore.com\/fr\/#organization\"},\"potentialAction\":[{\"@type\":\"SearchAction\",\"target\":{\"@type\":\"EntryPoint\",\"urlTemplate\":\"https:\/\/tourtravelandmore.com\/fr\/?s={search_term_string}\"},\"query-input\":{\"@type\":\"PropertyValueSpecification\",\"valueRequired\":true,\"valueName\":\"search_term_string\"}}],\"inLanguage\":\"fr-FR\"},{\"@type\":\"Organization\",\"@id\":\"https:\/\/tourtravelandmore.com\/fr\/#organization\",\"name\":\"Tour Travel And More\",\"url\":\"https:\/\/tourtravelandmore.com\/fr\/\",\"logo\":{\"@type\":\"ImageObject\",\"inLanguage\":\"fr-FR\",\"@id\":\"https:\/\/tourtravelandmore.com\/fr\/#\/schema\/logo\/image\/\",\"url\":\"https:\/\/tourtravelandmore.com\/wp-content\/uploads\/2022\/12\/cropped-logo-cabecera-new.png\",\"contentUrl\":\"https:\/\/tourtravelandmore.com\/wp-content\/uploads\/2022\/12\/cropped-logo-cabecera-new.png\",\"width\":430,\"height\":61,\"caption\":\"Tour Travel And More\"},\"image\":{\"@id\":\"https:\/\/tourtravelandmore.com\/fr\/#\/schema\/logo\/image\/\"},\"sameAs\":[\"https:\/\/www.facebook.com\/tourtravelandmore\/\",\"https:\/\/x.com\/TourTravel_More\"]}]}<\/script>\n<!-- \/ Yoast SEO Premium plugin. -->","yoast_head_json":{"title":"Transfert priv\u00e9 de Madrid \u00e0 Avila | V\u00e9hicule de luxe priv\u00e9 avec chauffeur","description":"Arrivez \u00e0 votre destination finale avec ce transfert priv\u00e9 de Madrid \u00e0 Avila. V\u00e9hicule de luxe priv\u00e9 avec chauffeur pour vous rendre confortablement \u00e0 votre emplacement.","robots":{"index":"index","follow":"follow","max-snippet":"max-snippet:-1","max-image-preview":"max-image-preview:large","max-video-preview":"max-video-preview:-1"},"canonical":"https:\/\/tourtravelandmore.com\/fr\/tours\/espagne-fr\/madrid-fr\/transfert-prive-de-madrid-a-segovie-copy\/","og_locale":"fr_FR","og_type":"article","og_title":"Transfert priv\u00e9 de Madrid \u00e0 Avila","og_description":"Arrivez \u00e0 votre destination finale avec ce transfert priv\u00e9 de Madrid \u00e0 Avila. V\u00e9hicule de luxe priv\u00e9 avec chauffeur pour vous rendre confortablement \u00e0 votre emplacement.","og_url":"https:\/\/tourtravelandmore.com\/fr\/tours\/espagne-fr\/madrid-fr\/transfert-prive-de-madrid-a-segovie-copy\/","og_site_name":"Tour Travel And More","article_publisher":"https:\/\/www.facebook.com\/tourtravelandmore\/","article_modified_time":"2024-06-04T17:13:15+00:00","og_image":[{"width":1146,"height":789,"url":"https:\/\/tourtravelandmore.com\/wp-content\/uploads\/2019\/01\/Cars-de-Luxe-22.jpg","type":"image\/jpeg"}],"twitter_card":"summary_large_image","twitter_site":"@TourTravel_More","twitter_misc":{"Dur\u00e9e de lecture estim\u00e9e":"2 minutes"},"schema":{"@context":"https:\/\/schema.org","@graph":[{"@type":"WebPage","@id":"https:\/\/tourtravelandmore.com\/fr\/tours\/espagne-fr\/madrid-fr\/transfert-prive-de-madrid-a-segovie-copy\/","url":"https:\/\/tourtravelandmore.com\/fr\/tours\/espagne-fr\/madrid-fr\/transfert-prive-de-madrid-a-segovie-copy\/","name":"Transfert priv\u00e9 de Madrid \u00e0 Avila | V\u00e9hicule de luxe priv\u00e9 avec chauffeur","isPartOf":{"@id":"https:\/\/tourtravelandmore.com\/fr\/#website"},"primaryImageOfPage":{"@id":"https:\/\/tourtravelandmore.com\/fr\/tours\/espagne-fr\/madrid-fr\/transfert-prive-de-madrid-a-segovie-copy\/#primaryimage"},"image":{"@id":"https:\/\/tourtravelandmore.com\/fr\/tours\/espagne-fr\/madrid-fr\/transfert-prive-de-madrid-a-segovie-copy\/#primaryimage"},"thumbnailUrl":"https:\/\/tourtravelandmore.com\/wp-content\/uploads\/2019\/01\/Cars-de-Luxe-22.jpg","datePublished":"2024-06-03T18:37:27+00:00","dateModified":"2024-06-04T17:13:15+00:00","description":"Arrivez \u00e0 votre destination finale avec ce transfert priv\u00e9 de Madrid \u00e0 Avila. V\u00e9hicule de luxe priv\u00e9 avec chauffeur pour vous rendre confortablement \u00e0 votre emplacement.","breadcrumb":{"@id":"https:\/\/tourtravelandmore.com\/fr\/tours\/espagne-fr\/madrid-fr\/transfert-prive-de-madrid-a-segovie-copy\/#breadcrumb"},"inLanguage":"fr-FR","potentialAction":[{"@type":"ReadAction","target":["https:\/\/tourtravelandmore.com\/fr\/tours\/espagne-fr\/madrid-fr\/transfert-prive-de-madrid-a-segovie-copy\/"]}]},{"@type":"ImageObject","inLanguage":"fr-FR","@id":"https:\/\/tourtravelandmore.com\/fr\/tours\/espagne-fr\/madrid-fr\/transfert-prive-de-madrid-a-segovie-copy\/#primaryimage","url":"https:\/\/tourtravelandmore.com\/wp-content\/uploads\/2019\/01\/Cars-de-Luxe-22.jpg","contentUrl":"https:\/\/tourtravelandmore.com\/wp-content\/uploads\/2019\/01\/Cars-de-Luxe-22.jpg","width":1146,"height":789},{"@type":"BreadcrumbList","@id":"https:\/\/tourtravelandmore.com\/fr\/tours\/espagne-fr\/madrid-fr\/transfert-prive-de-madrid-a-segovie-copy\/#breadcrumb","itemListElement":[{"@type":"ListItem","position":1,"name":"Home","item":"https:\/\/tourtravelandmore.com\/fr\/"},{"@type":"ListItem","position":2,"name":"Tours","item":"https:\/\/tourtravelandmore.com\/fr\/tours\/"},{"@type":"ListItem","position":3,"name":"Transfert priv\u00e9 de Madrid \u00e0 Avila"}]},{"@type":"WebSite","@id":"https:\/\/tourtravelandmore.com\/fr\/#website","url":"https:\/\/tourtravelandmore.com\/fr\/","name":"Tour Travel And More","description":"Private sightseeing tours and luxury transfers in Spain","publisher":{"@id":"https:\/\/tourtravelandmore.com\/fr\/#organization"},"potentialAction":[{"@type":"SearchAction","target":{"@type":"EntryPoint","urlTemplate":"https:\/\/tourtravelandmore.com\/fr\/?s={search_term_string}"},"query-input":{"@type":"PropertyValueSpecification","valueRequired":true,"valueName":"search_term_string"}}],"inLanguage":"fr-FR"},{"@type":"Organization","@id":"https:\/\/tourtravelandmore.com\/fr\/#organization","name":"Tour Travel And More","url":"https:\/\/tourtravelandmore.com\/fr\/","logo":{"@type":"ImageObject","inLanguage":"fr-FR","@id":"https:\/\/tourtravelandmore.com\/fr\/#\/schema\/logo\/image\/","url":"https:\/\/tourtravelandmore.com\/wp-content\/uploads\/2022\/12\/cropped-logo-cabecera-new.png","contentUrl":"https:\/\/tourtravelandmore.com\/wp-content\/uploads\/2022\/12\/cropped-logo-cabecera-new.png","width":430,"height":61,"caption":"Tour Travel And More"},"image":{"@id":"https:\/\/tourtravelandmore.com\/fr\/#\/schema\/logo\/image\/"},"sameAs":["https:\/\/www.facebook.com\/tourtravelandmore\/","https:\/\/x.com\/TourTravel_More"]}]}},"_links":{"self":[{"href":"https:\/\/tourtravelandmore.com\/fr\/wp-json\/wp\/v2\/product\/175325","targetHints":{"allow":["GET"]}}],"collection":[{"href":"https:\/\/tourtravelandmore.com\/fr\/wp-json\/wp\/v2\/product"}],"about":[{"href":"https:\/\/tourtravelandmore.com\/fr\/wp-json\/wp\/v2\/types\/product"}],"replies":[{"embeddable":true,"href":"https:\/\/tourtravelandmore.com\/fr\/wp-json\/wp\/v2\/comments?post=175325"}],"wp:featuredmedia":[{"embeddable":true,"href":"https:\/\/tourtravelandmore.com\/fr\/wp-json\/wp\/v2\/media\/95504"}],"wp:attachment":[{"href":"https:\/\/tourtravelandmore.com\/fr\/wp-json\/wp\/v2\/media?parent=175325"}],"wp:term":[{"taxonomy":"product_brand","embeddable":true,"href":"https:\/\/tourtravelandmore.com\/fr\/wp-json\/wp\/v2\/product_brand?post=175325"},{"taxonomy":"product_cat","embeddable":true,"href":"https:\/\/tourtravelandmore.com\/fr\/wp-json\/wp\/v2\/product_cat?post=175325"},{"taxonomy":"product_tag","embeddable":true,"href":"https:\/\/tourtravelandmore.com\/fr\/wp-json\/wp\/v2\/product_tag?post=175325"}],"curies":[{"name":"wp","href":"https:\/\/api.w.org\/{rel}","templated":true}]}}