{"id":175271,"date":"2024-05-31T18:06:14","date_gmt":"2024-05-31T16:06:28","guid":{"rendered":"https:\/\/tourtravelandmore.com\/?post_type=product&#038;p=175271"},"modified":"2024-06-03T16:29:23","modified_gmt":"2024-06-03T14:29:23","slug":"visite-privee-davila-et-de-segovie-au-depart-de-madrid-copy","status":"publish","type":"product","link":"https:\/\/tourtravelandmore.com\/fr\/tours\/espagne-fr\/segovia-fr\/excursions-privees-dune-journee-fr\/visite-privee-davila-et-de-segovie-au-depart-de-madrid-copy\/","title":{"rendered":"Visite priv\u00e9e de Tol\u00e8de, Avila et S\u00e9govie au d\u00e9part de Madrid"},"content":{"rendered":"<h2>Visite priv\u00e9e de Tol\u00e8de, Avila et S\u00e9govie au d\u00e9part de Madrid Description<\/h2>\n<p>Embarquez pour un voyage inoubliable \u00e0 travers la riche histoire et les paysages \u00e0 couper le souffle de Tol\u00e8de, S\u00e9govie et Avila gr\u00e2ce \u00e0 notre visite priv\u00e9e exclusive au d\u00e9part de Madrid. Cette exp\u00e9rience immersive de 12 heures promet de vous enchanter avec le patrimoine culturel, les merveilles architecturales et les d\u00e9lices gastronomiques de ces trois villes espagnoles embl\u00e9matiques.<\/p>\n<p>D\u00e9couvrez l&#8217;essence du patrimoine culturel et des merveilles architecturales de l&#8217;Espagne lors de cette visite priv\u00e9e exclusive de Tol\u00e8de, S\u00e9govie et Avila. R\u00e9servez d\u00e8s maintenant avec Tour Travel &amp; More pour un voyage inoubliable de d\u00e9couverte et d&#8217;exploration.<\/p>\n<p>Nous visiterons d&#8217;abord Tol\u00e8de, puis S\u00e9govie. Apr\u00e8s avoir quitt\u00e9 S\u00e9govie, nous nous dirigerons vers Avila. Le trajet jusqu&#8217;\u00e0 Avila dure environ une heure depuis S\u00e9govie. Une fois \u00e0 Avila, vous profiterez d&#8217;une visite \u00e0 pied de 2 heures de la ville.<\/p>\n<p>Nous vous ram\u00e8nerons ensuite confortablement \u00e0 votre h\u00f4tel \u00e0 Madrid.<\/p>\n<h2>Visite priv\u00e9e de Tol\u00e8de, Avila et S\u00e9govie depuis Madrid | Points d&#8217;int\u00e9r\u00eat et sites touristiques<\/h2>\n<p>Cette visite priv\u00e9e d&#8217;une journ\u00e9e compl\u00e8te comprend les meilleurs sites de Tol\u00e8de, Avila et S\u00e9govie.<\/p>\n<p>Commencez votre journ\u00e9e en explorant Tol\u00e8de, la \u00ab ville des trois cultures \u00bb, o\u00f9 les influences chr\u00e9tiennes, juives et musulmanes convergent harmonieusement. Promenez-vous dans les rues sinueuses de la vieille ville class\u00e9e par l&#8217;UNESCO, orn\u00e9e d&#8217;une architecture m\u00e9di\u00e9vale et de monuments anciens.<\/p>\n<p>Admirez la majestueuse cath\u00e9drale de Tol\u00e8de, chef-d&#8217;\u0153uvre de l&#8217;art gothique, et plongez dans son histoire fascinante. D\u00e9couvrez l&#8217;h\u00e9ritage du Greco en visitant l&#8217;ancienne r\u00e9sidence du c\u00e9l\u00e8bre artiste et en admirant ses chefs-d&#8217;\u0153uvre dans les mus\u00e9es locaux.<\/p>\n<p>Profitez d&#8217;une visite guid\u00e9e de deux heures men\u00e9e par un expert comp\u00e9tent, qui vous d\u00e9voilera les secrets et les l\u00e9gendes du pass\u00e9 historique de Tol\u00e8de.<\/p>\n<p>Ensuite, nous nous dirigerons vers S\u00e9govie. Il y a tant \u00e0 voir et \u00e0 appr\u00e9cier dans cette ville historique. Voici quelques exemples de ce que S\u00e9govie a \u00e0 offrir :<\/p>\n<ul>\n<li><strong>Aqueduc de S\u00e9govie. Il s&#8217;agit d&#8217;une visite incontournable. C&#8217;est l&#8217;ic\u00f4ne de S\u00e9govie. C&#8217;est un endroit vraiment remarquable \u00e0 visiter.<\/strong><\/li>\n<li><strong>Admirez l&#8217;Alcazar de S\u00e9govie. Ce palais a des origines romaines et mauresques. Une belle \u00e9tape photo et des souvenirs uniques \u00e0 ramener \u00e0 la maison !<\/strong><\/li>\n<li><strong>Cath\u00e9drale de S\u00e9govie : Nouvelle cath\u00e9drale construite dans l&#8217;ancien quartier juif de S\u00e9govie.<\/strong><\/li>\n<li><strong>Murailles de S\u00e9govie<\/strong><\/li>\n<li><strong>Calle Real de Segovia<\/strong><\/li>\n<li><strong>Et bien d&#8217;autres choses encore !<\/strong><\/li>\n<\/ul>\n<p>Une fois que vous aurez mang\u00e9 un peu, nous nous dirigerons vers Avila. Nous nous dirigerons vers Avila. Avila est \u00e9galement une ville m\u00e9di\u00e9vale, avec des murs m\u00e9di\u00e9vaux uniques. Voici quelques monuments que vous appr\u00e9cierez :<\/p>\n<ul>\n<li><strong>Les murailles : Les murailles d&#8217;Avila sont class\u00e9es par l&#8217;UNESCO. Ces murailles sont connues pour leurs d\u00e9fenses strat\u00e9giques. Leurs murs font 3 m\u00e8tres d&#8217;\u00e9paisseur et leur p\u00e9rim\u00e8tre est de 2,5 kilom\u00e8tres ! Une v\u00e9ritable merveille \u00e0 visiter.<\/strong><\/li>\n<li><strong>Les portes de la muraille et bien plus encore !<\/strong><\/li>\n<li><strong>Les Cuatro Postes. Il s&#8217;agit d&#8217;un lieu de p\u00e8lerinage situ\u00e9 \u00e0 proximit\u00e9 de la ville.<\/strong><\/li>\n<li><strong>Basilique de San Vicente : Architecture romane situ\u00e9e \u00e0 Avila.<\/strong><\/li>\n<li><strong>Et bien d&#8217;autres choses encore !<\/strong><\/li>\n<\/ul>\n<p>Nous vous ram\u00e8nerons ensuite confortablement \u00e0 votre h\u00f4tel \u00e0 Madrid avec votre chauffeur priv\u00e9.<\/p>\n<p>Voyez aussi notre excursion d&#8217;une journ\u00e9e \u00e0 <a href=\"https:\/\/tourtravelandmore.com\/tours\/spain\/madrid-en\/private-tour-toledo-from-madrid\/\">Tol\u00e8de<\/a> !<\/p>\n","protected":false},"excerpt":{"rendered":"<p>Embarquez pour un voyage inoubliable \u00e0 travers la riche histoire et les paysages \u00e0 couper le souffle de Tol\u00e8de, S\u00e9govie et Avila gr\u00e2ce \u00e0 notre visite priv\u00e9e exclusive au d\u00e9part de Madrid. Cette exp\u00e9rience immersive de 12 heures promet de vous enchanter avec le patrimoine culturel, les merveilles architecturales et les d\u00e9lices gastronomiques de ces trois villes espagnoles embl\u00e9matiques.<\/p>\n","protected":false},"featured_media":175281,"comment_status":"open","ping_status":"closed","template":"","meta":{"_acf_changed":false},"product_brand":[],"product_cat":[5357,5358,5356,3562,3543,4028,4029,4031,4032,4030],"product_tag":[],"class_list":{"0":"post-175271","1":"product","2":"type-product","3":"status-publish","4":"has-post-thumbnail","6":"product_cat-best-sellers-fr-2","7":"product_cat-private-day-trips-fr-16","8":"product_cat-private-sightseeing-tours-fr-38","9":"product_cat-avila","10":"product_cat-madrid-fr","11":"product_cat-tous-les-circuits-et-activites-prives","12":"product_cat-excursions-privees-dune-journee","13":"product_cat-tous-les-circuits-et-activites-prives-fr","14":"product_cat-visites-guidees-privees","15":"product_cat-excursions-privees-dune-journee-fr","17":"first","18":"instock","19":"shipping-taxable","20":"purchasable","21":"product-type-simple"},"acf":[],"yoast_head":"<!-- This site is optimized with the Yoast SEO Premium plugin v25.3.1 (Yoast SEO v25.3.1) - https:\/\/yoast.com\/wordpress\/plugins\/seo\/ -->\n<title>V\u00e9hicule de luxe et guide touristique<\/title>\n<meta name=\"description\" content=\"Journ\u00e9e compl\u00e8te \u00e0 Avila et Segovia Private Tour. V\u00e9hicule de luxe priv\u00e9 avec chauffeur et guide s\u00e9par\u00e9 \u00e0 Avila pendant 2 heures et \u00e0 S\u00e9govie pendant 3 heures.\" \/>\n<meta name=\"robots\" content=\"index, follow, max-snippet:-1, max-image-preview:large, max-video-preview:-1\" \/>\n<link rel=\"canonical\" href=\"https:\/\/tourtravelandmore.com\/fr\/tours\/espagne-fr\/segovia-fr\/excursions-privees-dune-journee-fr\/visite-privee-davila-et-de-segovie-au-depart-de-madrid-copy\/\" \/>\n<meta property=\"og:locale\" content=\"fr_FR\" \/>\n<meta property=\"og:type\" content=\"article\" \/>\n<meta property=\"og:title\" content=\"Visite priv\u00e9e de Tol\u00e8de, Avila et S\u00e9govie au d\u00e9part de Madrid\" \/>\n<meta property=\"og:description\" content=\"Journ\u00e9e compl\u00e8te \u00e0 Avila et Segovia Private Tour. V\u00e9hicule de luxe priv\u00e9 avec chauffeur et guide s\u00e9par\u00e9 \u00e0 Avila pendant 2 heures et \u00e0 S\u00e9govie pendant 3 heures.\" \/>\n<meta property=\"og:url\" content=\"https:\/\/tourtravelandmore.com\/fr\/tours\/espagne-fr\/segovia-fr\/excursions-privees-dune-journee-fr\/visite-privee-davila-et-de-segovie-au-depart-de-madrid-copy\/\" \/>\n<meta property=\"og:site_name\" content=\"Tour Travel And More\" \/>\n<meta property=\"article:publisher\" content=\"https:\/\/www.facebook.com\/tourtravelandmore\/\" \/>\n<meta property=\"article:modified_time\" content=\"2024-06-03T14:29:23+00:00\" \/>\n<meta property=\"og:image\" content=\"https:\/\/tourtravelandmore.com\/wp-content\/uploads\/2024\/05\/pexels-photo-8430373.jpg\" \/>\n\t<meta property=\"og:image:width\" content=\"1126\" \/>\n\t<meta property=\"og:image:height\" content=\"750\" \/>\n\t<meta property=\"og:image:type\" content=\"image\/jpeg\" \/>\n<meta name=\"twitter:card\" content=\"summary_large_image\" \/>\n<meta name=\"twitter:site\" content=\"@TourTravel_More\" \/>\n<meta name=\"twitter:label1\" content=\"Dur\u00e9e de lecture estim\u00e9e\" \/>\n\t<meta name=\"twitter:data1\" content=\"3 minutes\" \/>\n<script type=\"application\/ld+json\" class=\"yoast-schema-graph\">{\"@context\":\"https:\/\/schema.org\",\"@graph\":[{\"@type\":\"WebPage\",\"@id\":\"https:\/\/tourtravelandmore.com\/fr\/tours\/espagne-fr\/segovia-fr\/excursions-privees-dune-journee-fr\/visite-privee-davila-et-de-segovie-au-depart-de-madrid-copy\/\",\"url\":\"https:\/\/tourtravelandmore.com\/fr\/tours\/espagne-fr\/segovia-fr\/excursions-privees-dune-journee-fr\/visite-privee-davila-et-de-segovie-au-depart-de-madrid-copy\/\",\"name\":\"V\u00e9hicule de luxe et guide touristique\",\"isPartOf\":{\"@id\":\"https:\/\/tourtravelandmore.com\/fr\/#website\"},\"primaryImageOfPage\":{\"@id\":\"https:\/\/tourtravelandmore.com\/fr\/tours\/espagne-fr\/segovia-fr\/excursions-privees-dune-journee-fr\/visite-privee-davila-et-de-segovie-au-depart-de-madrid-copy\/#primaryimage\"},\"image\":{\"@id\":\"https:\/\/tourtravelandmore.com\/fr\/tours\/espagne-fr\/segovia-fr\/excursions-privees-dune-journee-fr\/visite-privee-davila-et-de-segovie-au-depart-de-madrid-copy\/#primaryimage\"},\"thumbnailUrl\":\"https:\/\/tourtravelandmore.com\/wp-content\/uploads\/2024\/05\/pexels-photo-8430373.jpg\",\"datePublished\":\"2024-05-31T16:06:28+00:00\",\"dateModified\":\"2024-06-03T14:29:23+00:00\",\"description\":\"Journ\u00e9e compl\u00e8te \u00e0 Avila et Segovia Private Tour. V\u00e9hicule de luxe priv\u00e9 avec chauffeur et guide s\u00e9par\u00e9 \u00e0 Avila pendant 2 heures et \u00e0 S\u00e9govie pendant 3 heures.\",\"breadcrumb\":{\"@id\":\"https:\/\/tourtravelandmore.com\/fr\/tours\/espagne-fr\/segovia-fr\/excursions-privees-dune-journee-fr\/visite-privee-davila-et-de-segovie-au-depart-de-madrid-copy\/#breadcrumb\"},\"inLanguage\":\"fr-FR\",\"potentialAction\":[{\"@type\":\"ReadAction\",\"target\":[\"https:\/\/tourtravelandmore.com\/fr\/tours\/espagne-fr\/segovia-fr\/excursions-privees-dune-journee-fr\/visite-privee-davila-et-de-segovie-au-depart-de-madrid-copy\/\"]}]},{\"@type\":\"ImageObject\",\"inLanguage\":\"fr-FR\",\"@id\":\"https:\/\/tourtravelandmore.com\/fr\/tours\/espagne-fr\/segovia-fr\/excursions-privees-dune-journee-fr\/visite-privee-davila-et-de-segovie-au-depart-de-madrid-copy\/#primaryimage\",\"url\":\"https:\/\/tourtravelandmore.com\/wp-content\/uploads\/2024\/05\/pexels-photo-8430373.jpg\",\"contentUrl\":\"https:\/\/tourtravelandmore.com\/wp-content\/uploads\/2024\/05\/pexels-photo-8430373.jpg\",\"width\":1126,\"height\":750},{\"@type\":\"BreadcrumbList\",\"@id\":\"https:\/\/tourtravelandmore.com\/fr\/tours\/espagne-fr\/segovia-fr\/excursions-privees-dune-journee-fr\/visite-privee-davila-et-de-segovie-au-depart-de-madrid-copy\/#breadcrumb\",\"itemListElement\":[{\"@type\":\"ListItem\",\"position\":1,\"name\":\"Home\",\"item\":\"https:\/\/tourtravelandmore.com\/fr\/\"},{\"@type\":\"ListItem\",\"position\":2,\"name\":\"Tours\",\"item\":\"https:\/\/tourtravelandmore.com\/fr\/tours\/\"},{\"@type\":\"ListItem\",\"position\":3,\"name\":\"Visite priv\u00e9e de Tol\u00e8de, Avila et S\u00e9govie au d\u00e9part de Madrid\"}]},{\"@type\":\"WebSite\",\"@id\":\"https:\/\/tourtravelandmore.com\/fr\/#website\",\"url\":\"https:\/\/tourtravelandmore.com\/fr\/\",\"name\":\"Tour Travel And More\",\"description\":\"Private sightseeing tours and luxury transfers in Spain\",\"publisher\":{\"@id\":\"https:\/\/tourtravelandmore.com\/fr\/#organization\"},\"potentialAction\":[{\"@type\":\"SearchAction\",\"target\":{\"@type\":\"EntryPoint\",\"urlTemplate\":\"https:\/\/tourtravelandmore.com\/fr\/?s={search_term_string}\"},\"query-input\":{\"@type\":\"PropertyValueSpecification\",\"valueRequired\":true,\"valueName\":\"search_term_string\"}}],\"inLanguage\":\"fr-FR\"},{\"@type\":\"Organization\",\"@id\":\"https:\/\/tourtravelandmore.com\/fr\/#organization\",\"name\":\"Tour Travel And More\",\"url\":\"https:\/\/tourtravelandmore.com\/fr\/\",\"logo\":{\"@type\":\"ImageObject\",\"inLanguage\":\"fr-FR\",\"@id\":\"https:\/\/tourtravelandmore.com\/fr\/#\/schema\/logo\/image\/\",\"url\":\"https:\/\/tourtravelandmore.com\/wp-content\/uploads\/2022\/12\/cropped-logo-cabecera-new.png\",\"contentUrl\":\"https:\/\/tourtravelandmore.com\/wp-content\/uploads\/2022\/12\/cropped-logo-cabecera-new.png\",\"width\":430,\"height\":61,\"caption\":\"Tour Travel And More\"},\"image\":{\"@id\":\"https:\/\/tourtravelandmore.com\/fr\/#\/schema\/logo\/image\/\"},\"sameAs\":[\"https:\/\/www.facebook.com\/tourtravelandmore\/\",\"https:\/\/x.com\/TourTravel_More\"]}]}<\/script>\n<!-- \/ Yoast SEO Premium plugin. -->","yoast_head_json":{"title":"V\u00e9hicule de luxe et guide touristique","description":"Journ\u00e9e compl\u00e8te \u00e0 Avila et Segovia Private Tour. V\u00e9hicule de luxe priv\u00e9 avec chauffeur et guide s\u00e9par\u00e9 \u00e0 Avila pendant 2 heures et \u00e0 S\u00e9govie pendant 3 heures.","robots":{"index":"index","follow":"follow","max-snippet":"max-snippet:-1","max-image-preview":"max-image-preview:large","max-video-preview":"max-video-preview:-1"},"canonical":"https:\/\/tourtravelandmore.com\/fr\/tours\/espagne-fr\/segovia-fr\/excursions-privees-dune-journee-fr\/visite-privee-davila-et-de-segovie-au-depart-de-madrid-copy\/","og_locale":"fr_FR","og_type":"article","og_title":"Visite priv\u00e9e de Tol\u00e8de, Avila et S\u00e9govie au d\u00e9part de Madrid","og_description":"Journ\u00e9e compl\u00e8te \u00e0 Avila et Segovia Private Tour. V\u00e9hicule de luxe priv\u00e9 avec chauffeur et guide s\u00e9par\u00e9 \u00e0 Avila pendant 2 heures et \u00e0 S\u00e9govie pendant 3 heures.","og_url":"https:\/\/tourtravelandmore.com\/fr\/tours\/espagne-fr\/segovia-fr\/excursions-privees-dune-journee-fr\/visite-privee-davila-et-de-segovie-au-depart-de-madrid-copy\/","og_site_name":"Tour Travel And More","article_publisher":"https:\/\/www.facebook.com\/tourtravelandmore\/","article_modified_time":"2024-06-03T14:29:23+00:00","og_image":[{"width":1126,"height":750,"url":"https:\/\/tourtravelandmore.com\/wp-content\/uploads\/2024\/05\/pexels-photo-8430373.jpg","type":"image\/jpeg"}],"twitter_card":"summary_large_image","twitter_site":"@TourTravel_More","twitter_misc":{"Dur\u00e9e de lecture estim\u00e9e":"3 minutes"},"schema":{"@context":"https:\/\/schema.org","@graph":[{"@type":"WebPage","@id":"https:\/\/tourtravelandmore.com\/fr\/tours\/espagne-fr\/segovia-fr\/excursions-privees-dune-journee-fr\/visite-privee-davila-et-de-segovie-au-depart-de-madrid-copy\/","url":"https:\/\/tourtravelandmore.com\/fr\/tours\/espagne-fr\/segovia-fr\/excursions-privees-dune-journee-fr\/visite-privee-davila-et-de-segovie-au-depart-de-madrid-copy\/","name":"V\u00e9hicule de luxe et guide touristique","isPartOf":{"@id":"https:\/\/tourtravelandmore.com\/fr\/#website"},"primaryImageOfPage":{"@id":"https:\/\/tourtravelandmore.com\/fr\/tours\/espagne-fr\/segovia-fr\/excursions-privees-dune-journee-fr\/visite-privee-davila-et-de-segovie-au-depart-de-madrid-copy\/#primaryimage"},"image":{"@id":"https:\/\/tourtravelandmore.com\/fr\/tours\/espagne-fr\/segovia-fr\/excursions-privees-dune-journee-fr\/visite-privee-davila-et-de-segovie-au-depart-de-madrid-copy\/#primaryimage"},"thumbnailUrl":"https:\/\/tourtravelandmore.com\/wp-content\/uploads\/2024\/05\/pexels-photo-8430373.jpg","datePublished":"2024-05-31T16:06:28+00:00","dateModified":"2024-06-03T14:29:23+00:00","description":"Journ\u00e9e compl\u00e8te \u00e0 Avila et Segovia Private Tour. V\u00e9hicule de luxe priv\u00e9 avec chauffeur et guide s\u00e9par\u00e9 \u00e0 Avila pendant 2 heures et \u00e0 S\u00e9govie pendant 3 heures.","breadcrumb":{"@id":"https:\/\/tourtravelandmore.com\/fr\/tours\/espagne-fr\/segovia-fr\/excursions-privees-dune-journee-fr\/visite-privee-davila-et-de-segovie-au-depart-de-madrid-copy\/#breadcrumb"},"inLanguage":"fr-FR","potentialAction":[{"@type":"ReadAction","target":["https:\/\/tourtravelandmore.com\/fr\/tours\/espagne-fr\/segovia-fr\/excursions-privees-dune-journee-fr\/visite-privee-davila-et-de-segovie-au-depart-de-madrid-copy\/"]}]},{"@type":"ImageObject","inLanguage":"fr-FR","@id":"https:\/\/tourtravelandmore.com\/fr\/tours\/espagne-fr\/segovia-fr\/excursions-privees-dune-journee-fr\/visite-privee-davila-et-de-segovie-au-depart-de-madrid-copy\/#primaryimage","url":"https:\/\/tourtravelandmore.com\/wp-content\/uploads\/2024\/05\/pexels-photo-8430373.jpg","contentUrl":"https:\/\/tourtravelandmore.com\/wp-content\/uploads\/2024\/05\/pexels-photo-8430373.jpg","width":1126,"height":750},{"@type":"BreadcrumbList","@id":"https:\/\/tourtravelandmore.com\/fr\/tours\/espagne-fr\/segovia-fr\/excursions-privees-dune-journee-fr\/visite-privee-davila-et-de-segovie-au-depart-de-madrid-copy\/#breadcrumb","itemListElement":[{"@type":"ListItem","position":1,"name":"Home","item":"https:\/\/tourtravelandmore.com\/fr\/"},{"@type":"ListItem","position":2,"name":"Tours","item":"https:\/\/tourtravelandmore.com\/fr\/tours\/"},{"@type":"ListItem","position":3,"name":"Visite priv\u00e9e de Tol\u00e8de, Avila et S\u00e9govie au d\u00e9part de Madrid"}]},{"@type":"WebSite","@id":"https:\/\/tourtravelandmore.com\/fr\/#website","url":"https:\/\/tourtravelandmore.com\/fr\/","name":"Tour Travel And More","description":"Private sightseeing tours and luxury transfers in Spain","publisher":{"@id":"https:\/\/tourtravelandmore.com\/fr\/#organization"},"potentialAction":[{"@type":"SearchAction","target":{"@type":"EntryPoint","urlTemplate":"https:\/\/tourtravelandmore.com\/fr\/?s={search_term_string}"},"query-input":{"@type":"PropertyValueSpecification","valueRequired":true,"valueName":"search_term_string"}}],"inLanguage":"fr-FR"},{"@type":"Organization","@id":"https:\/\/tourtravelandmore.com\/fr\/#organization","name":"Tour Travel And More","url":"https:\/\/tourtravelandmore.com\/fr\/","logo":{"@type":"ImageObject","inLanguage":"fr-FR","@id":"https:\/\/tourtravelandmore.com\/fr\/#\/schema\/logo\/image\/","url":"https:\/\/tourtravelandmore.com\/wp-content\/uploads\/2022\/12\/cropped-logo-cabecera-new.png","contentUrl":"https:\/\/tourtravelandmore.com\/wp-content\/uploads\/2022\/12\/cropped-logo-cabecera-new.png","width":430,"height":61,"caption":"Tour Travel And More"},"image":{"@id":"https:\/\/tourtravelandmore.com\/fr\/#\/schema\/logo\/image\/"},"sameAs":["https:\/\/www.facebook.com\/tourtravelandmore\/","https:\/\/x.com\/TourTravel_More"]}]}},"_links":{"self":[{"href":"https:\/\/tourtravelandmore.com\/fr\/wp-json\/wp\/v2\/product\/175271","targetHints":{"allow":["GET"]}}],"collection":[{"href":"https:\/\/tourtravelandmore.com\/fr\/wp-json\/wp\/v2\/product"}],"about":[{"href":"https:\/\/tourtravelandmore.com\/fr\/wp-json\/wp\/v2\/types\/product"}],"replies":[{"embeddable":true,"href":"https:\/\/tourtravelandmore.com\/fr\/wp-json\/wp\/v2\/comments?post=175271"}],"wp:featuredmedia":[{"embeddable":true,"href":"https:\/\/tourtravelandmore.com\/fr\/wp-json\/wp\/v2\/media\/175281"}],"wp:attachment":[{"href":"https:\/\/tourtravelandmore.com\/fr\/wp-json\/wp\/v2\/media?parent=175271"}],"wp:term":[{"taxonomy":"product_brand","embeddable":true,"href":"https:\/\/tourtravelandmore.com\/fr\/wp-json\/wp\/v2\/product_brand?post=175271"},{"taxonomy":"product_cat","embeddable":true,"href":"https:\/\/tourtravelandmore.com\/fr\/wp-json\/wp\/v2\/product_cat?post=175271"},{"taxonomy":"product_tag","embeddable":true,"href":"https:\/\/tourtravelandmore.com\/fr\/wp-json\/wp\/v2\/product_tag?post=175271"}],"curies":[{"name":"wp","href":"https:\/\/api.w.org\/{rel}","templated":true}]}}