{"id":175141,"date":"2024-05-08T16:44:47","date_gmt":"2024-05-08T14:44:47","guid":{"rendered":"https:\/\/tourtravelandmore.com\/tours\/non%20class\u00e9\/full-day-visit-to-the-wineries-of-ribera-del-duero-from-madrid\/"},"modified":"2024-05-31T17:39:13","modified_gmt":"2024-05-31T15:39:13","slug":"full-day-visit-to-the-wineries-of-ribera-del-duero-from-madrid","status":"publish","type":"product","link":"https:\/\/tourtravelandmore.com\/fr\/tours\/espagne-fr\/madrid-fr\/tous-les-circuits-et-activites-prives\/full-day-visit-to-the-wineries-of-ribera-del-duero-from-madrid\/","title":{"rendered":"Visite d&#8217;une journ\u00e9e aux caves de Ribera del Duero depuis Madrid"},"content":{"rendered":"<h2>Visite d&#8217;une journ\u00e9e enti\u00e8re des caves de Ribera del Duero au d\u00e9part de Madrid Description<\/h2>\n<p>Cette visite de 12 heures des caves de Ribera del Duero est id\u00e9ale pour les visiteurs qui souhaitent d\u00e9couvrir et appr\u00e9cier certains des meilleurs vins du centre de l&#8217;Espagne depuis la capitale. Nous commencerons t\u00f4t le matin pour profiter au maximum de cette journ\u00e9e de visite des vignobles de Ribera del Duero depuis Madrid, dans un luxueux v\u00e9hicule priv\u00e9 avec chauffeur pour un voyage confortable et s\u00fbr.<\/p>\n<p>Ribera del Duero est une appellation d&#8217;origine (A.O.) qui comprend les vignobles du bassin du Duero, au confluent des provinces de Burgos, S\u00e9govie, Soria et Valladolid, entre Madrid et le nord de l&#8217;Espagne. Cette r\u00e9gion est li\u00e9e \u00e0 la production de vin au moins depuis l&#8217;\u00e9poque des Ph\u00e9niciens et a connu un succ\u00e8s croissant ces derni\u00e8res ann\u00e9es gr\u00e2ce \u00e0 la reconnaissance de la grande qualit\u00e9 de ses vins.<\/p>\n<p>Les vins D.O. Ribera del Duero sont principalement des vins rouges, des vins jeunes aux Gran Reserva, \u00e9labor\u00e9s \u00e0 partir du c\u00e9page Tempranillo.<\/p>\n<p>D&#8217;une couleur intense, violette et brillante lorsqu&#8217;ils sont jeunes, ils deviennent l\u00e9g\u00e8rement troubles et ternes lorsqu&#8217;ils vieillissent vers le Gran Reserva. Leur ar\u00f4me est intense, avec des notes de fruits des bois et de baies. En vieillissant, ils acqui\u00e8rent le caract\u00e8re des f\u00fbts de ch\u00eane et gagnent en nuances d&#8217;\u00e9pices, de pain grill\u00e9, de cuir, de vanille, de r\u00e9glisse&#8230; Leur saveur \u00e9quilibr\u00e9e a une pointe de fra\u00eecheur gr\u00e2ce \u00e0 leur excellent niveau d&#8217;acidit\u00e9, et ils acqui\u00e8rent du corps en vieillissant.<\/p>\n<p>L&#8217;appellation d&#8217;origine Ribera del Duero comprend \u00e9galement des vins ros\u00e9s et, plus r\u00e9cemment, des vins blancs. Les autres c\u00e9pages utilis\u00e9s pour leur production sont le cabernet sauvignon, le merlot, le malbec, le garnacha et l&#8217;albillo.<\/p>\n<h2>Visite d&#8217;une journ\u00e9e aux caves de Ribera del Duero depuis Madrid | Points d\u00b4int\u00e9r\u00e9t<\/h2>\n<p>Votre chauffeur viendra vous chercher \u00e0 l&#8217;endroit de votre choix \u00e0 Madrid dans un v\u00e9hicule de luxe, et vous commencerez votre route vers le nord. Une fois arriv\u00e9 \u00e0 destination, vous pourrez visiter deux caves, o\u00f9 vous d\u00e9couvrirez l&#8217;histoire et les techniques de chacune d&#8217;entre elles, et o\u00f9 vous pourrez d\u00e9guster leurs vins les plus repr\u00e9sentatifs, accompagn\u00e9s des amuse-gueules traditionnels que les vignerons savent le mieux assortir \u00e0 leurs vins.<\/p>\n<p>Le succ\u00e8s des vins de la DO Ribera del Duero fait que la disponibilit\u00e9 des caves est limit\u00e9e et qu&#8217;il est difficile de visiter deux caves dans la m\u00eame journ\u00e9e, mais nous nous occupons de tout pour que vous n&#8217;ayez qu&#8217;\u00e0 profiter de l&#8217;exp\u00e9rience.<\/p>\n<p>Parmi les caves qui peuvent \u00eatre visit\u00e9es, on peut citer<\/p>\n<ul>\n<li style=\"font-weight: 400;\" aria-level=\"1\"><strong>Pago de Carraovejas<\/strong><\/li>\n<li style=\"font-weight: 400;\" aria-level=\"1\"><strong>Portia<\/strong><\/li>\n<li style=\"font-weight: 400;\" aria-level=\"1\"><strong>Protos<\/strong><\/li>\n<li style=\"font-weight: 400;\" aria-level=\"1\"><strong>Arzuaga<\/strong><\/li>\n<li style=\"font-weight: 400;\" aria-level=\"1\"><strong>Matarromera<\/strong><\/li>\n<li style=\"font-weight: 400;\" aria-level=\"1\"><strong>Emilio Moro<\/strong><\/li>\n<li style=\"font-weight: 400;\" aria-level=\"1\"><strong>PradoRey<\/strong><\/li>\n<li style=\"font-weight: 400;\" aria-level=\"1\"><strong>Lagar de Isilla<\/strong><\/li>\n<li style=\"font-weight: 400;\" aria-level=\"1\"><strong>Et bien d&#8217;autres encore, il suffit de nous faire savoir si vous avez une pr\u00e9f\u00e9rence pour un endroit en particulier.<\/strong><\/li>\n<\/ul>\n<p>Si vous le souhaitez, votre chauffeur vous montrera les endroits les plus int\u00e9ressants de la r\u00e9gion ou vous emm\u00e8nera d\u00e9jeuner dans un restaurant typique des environs.<\/p>\n<p>\u00c0 la fin de vos visites, votre chauffeur vous ram\u00e8nera \u00e0 votre lieu d&#8217;origine \u00e0 Madrid pour vous reposer.<\/p>\n<p>Comme alternative \u00e0 notre visite d&#8217;une journ\u00e9e aux caves de Ribera del Duero depuis Madrid, vous pouvez faire notre visite d&#8217;une journ\u00e9e aux caves de La Rioja depuis Madrid, d&#8217;une dur\u00e9e de 13 heures, ou notre visite d&#8217;une journ\u00e9e aux caves de Tol\u00e8de depuis Madrid \u00e9galement, mais d&#8217;une dur\u00e9e de 8 heures.<\/p>\n","protected":false},"excerpt":{"rendered":"<p>Cette visite de 12 heures des caves de Ribera del Duero est id\u00e9ale pour les visiteurs qui souhaitent d\u00e9couvrir et appr\u00e9cier certains des meilleurs vins du centre de l&#8217;Espagne depuis la capitale. Nous commencerons t\u00f4t le matin pour profiter au maximum de cette journ\u00e9e de visite des vignobles de Ribera del Duero depuis Madrid, dans un luxueux v\u00e9hicule priv\u00e9 avec chauffeur pour un voyage confortable et s\u00fbr.<\/p>\n","protected":false},"featured_media":175120,"comment_status":"open","ping_status":"closed","template":"","meta":{"_acf_changed":false},"product_brand":[],"product_cat":[3541,3543,4033,4028,4029],"product_tag":[],"class_list":{"0":"post-175141","1":"product","2":"type-product","3":"status-publish","4":"has-post-thumbnail","6":"product_cat-espagne-fr","7":"product_cat-madrid-fr","8":"product_cat-visites-de-vignobles","9":"product_cat-tous-les-circuits-et-activites-prives","10":"product_cat-excursions-privees-dune-journee","12":"first","13":"instock","14":"shipping-taxable","15":"purchasable","16":"product-type-simple"},"acf":[],"yoast_head":"<!-- This site is optimized with the Yoast SEO Premium plugin v25.3.1 (Yoast SEO v25.3.1) - https:\/\/yoast.com\/wordpress\/plugins\/seo\/ -->\n<title>Full-day visit to the wineries of Ribera del Duero from Madrid - TTM<\/title>\n<meta name=\"description\" content=\"Full-day visit to the wineries of Ribera del Duero from Madrid. Enjoy this private tour alongside your private vehicle with driver and Tour Travel and More!\" \/>\n<meta name=\"robots\" content=\"index, follow, max-snippet:-1, max-image-preview:large, max-video-preview:-1\" \/>\n<link rel=\"canonical\" href=\"https:\/\/tourtravelandmore.com\/fr\/tours\/espagne-fr\/madrid-fr\/tous-les-circuits-et-activites-prives\/full-day-visit-to-the-wineries-of-ribera-del-duero-from-madrid\/\" \/>\n<meta property=\"og:locale\" content=\"fr_FR\" \/>\n<meta property=\"og:type\" content=\"article\" \/>\n<meta property=\"og:title\" content=\"Visite d&#039;une journ\u00e9e aux caves de Ribera del Duero depuis Madrid\" \/>\n<meta property=\"og:description\" content=\"Full-day visit to the wineries of Ribera del Duero from Madrid. Enjoy this private tour alongside your private vehicle with driver and Tour Travel and More!\" \/>\n<meta property=\"og:url\" content=\"https:\/\/tourtravelandmore.com\/fr\/tours\/espagne-fr\/madrid-fr\/tous-les-circuits-et-activites-prives\/full-day-visit-to-the-wineries-of-ribera-del-duero-from-madrid\/\" \/>\n<meta property=\"og:site_name\" content=\"Tour Travel And More\" \/>\n<meta property=\"article:publisher\" content=\"https:\/\/www.facebook.com\/tourtravelandmore\/\" \/>\n<meta property=\"article:modified_time\" content=\"2024-05-31T15:39:13+00:00\" \/>\n<meta property=\"og:image\" content=\"https:\/\/tourtravelandmore.com\/wp-content\/uploads\/2024\/05\/pexels-pixabay-290316.jpg\" \/>\n\t<meta property=\"og:image:width\" content=\"1280\" \/>\n\t<meta property=\"og:image:height\" content=\"853\" \/>\n\t<meta property=\"og:image:type\" content=\"image\/jpeg\" \/>\n<meta name=\"twitter:card\" content=\"summary_large_image\" \/>\n<meta name=\"twitter:site\" content=\"@TourTravel_More\" \/>\n<meta name=\"twitter:label1\" content=\"Dur\u00e9e de lecture estim\u00e9e\" \/>\n\t<meta name=\"twitter:data1\" content=\"3 minutes\" \/>\n<script type=\"application\/ld+json\" class=\"yoast-schema-graph\">{\"@context\":\"https:\/\/schema.org\",\"@graph\":[{\"@type\":\"WebPage\",\"@id\":\"https:\/\/tourtravelandmore.com\/fr\/tours\/espagne-fr\/madrid-fr\/tous-les-circuits-et-activites-prives\/full-day-visit-to-the-wineries-of-ribera-del-duero-from-madrid\/\",\"url\":\"https:\/\/tourtravelandmore.com\/fr\/tours\/espagne-fr\/madrid-fr\/tous-les-circuits-et-activites-prives\/full-day-visit-to-the-wineries-of-ribera-del-duero-from-madrid\/\",\"name\":\"Full-day visit to the wineries of Ribera del Duero from Madrid - TTM\",\"isPartOf\":{\"@id\":\"https:\/\/tourtravelandmore.com\/fr\/#website\"},\"primaryImageOfPage\":{\"@id\":\"https:\/\/tourtravelandmore.com\/fr\/tours\/espagne-fr\/madrid-fr\/tous-les-circuits-et-activites-prives\/full-day-visit-to-the-wineries-of-ribera-del-duero-from-madrid\/#primaryimage\"},\"image\":{\"@id\":\"https:\/\/tourtravelandmore.com\/fr\/tours\/espagne-fr\/madrid-fr\/tous-les-circuits-et-activites-prives\/full-day-visit-to-the-wineries-of-ribera-del-duero-from-madrid\/#primaryimage\"},\"thumbnailUrl\":\"https:\/\/tourtravelandmore.com\/wp-content\/uploads\/2024\/05\/pexels-pixabay-290316.jpg\",\"datePublished\":\"2024-05-08T14:44:47+00:00\",\"dateModified\":\"2024-05-31T15:39:13+00:00\",\"description\":\"Full-day visit to the wineries of Ribera del Duero from Madrid. Enjoy this private tour alongside your private vehicle with driver and Tour Travel and More!\",\"breadcrumb\":{\"@id\":\"https:\/\/tourtravelandmore.com\/fr\/tours\/espagne-fr\/madrid-fr\/tous-les-circuits-et-activites-prives\/full-day-visit-to-the-wineries-of-ribera-del-duero-from-madrid\/#breadcrumb\"},\"inLanguage\":\"fr-FR\",\"potentialAction\":[{\"@type\":\"ReadAction\",\"target\":[\"https:\/\/tourtravelandmore.com\/fr\/tours\/espagne-fr\/madrid-fr\/tous-les-circuits-et-activites-prives\/full-day-visit-to-the-wineries-of-ribera-del-duero-from-madrid\/\"]}]},{\"@type\":\"ImageObject\",\"inLanguage\":\"fr-FR\",\"@id\":\"https:\/\/tourtravelandmore.com\/fr\/tours\/espagne-fr\/madrid-fr\/tous-les-circuits-et-activites-prives\/full-day-visit-to-the-wineries-of-ribera-del-duero-from-madrid\/#primaryimage\",\"url\":\"https:\/\/tourtravelandmore.com\/wp-content\/uploads\/2024\/05\/pexels-pixabay-290316.jpg\",\"contentUrl\":\"https:\/\/tourtravelandmore.com\/wp-content\/uploads\/2024\/05\/pexels-pixabay-290316.jpg\",\"width\":1280,\"height\":853},{\"@type\":\"BreadcrumbList\",\"@id\":\"https:\/\/tourtravelandmore.com\/fr\/tours\/espagne-fr\/madrid-fr\/tous-les-circuits-et-activites-prives\/full-day-visit-to-the-wineries-of-ribera-del-duero-from-madrid\/#breadcrumb\",\"itemListElement\":[{\"@type\":\"ListItem\",\"position\":1,\"name\":\"Home\",\"item\":\"https:\/\/tourtravelandmore.com\/fr\/\"},{\"@type\":\"ListItem\",\"position\":2,\"name\":\"Tours\",\"item\":\"https:\/\/tourtravelandmore.com\/fr\/tours\/\"},{\"@type\":\"ListItem\",\"position\":3,\"name\":\"Visite d&#8217;une journ\u00e9e aux caves de Ribera del Duero depuis Madrid\"}]},{\"@type\":\"WebSite\",\"@id\":\"https:\/\/tourtravelandmore.com\/fr\/#website\",\"url\":\"https:\/\/tourtravelandmore.com\/fr\/\",\"name\":\"Tour Travel And More\",\"description\":\"Private sightseeing tours and luxury transfers in Spain\",\"publisher\":{\"@id\":\"https:\/\/tourtravelandmore.com\/fr\/#organization\"},\"potentialAction\":[{\"@type\":\"SearchAction\",\"target\":{\"@type\":\"EntryPoint\",\"urlTemplate\":\"https:\/\/tourtravelandmore.com\/fr\/?s={search_term_string}\"},\"query-input\":{\"@type\":\"PropertyValueSpecification\",\"valueRequired\":true,\"valueName\":\"search_term_string\"}}],\"inLanguage\":\"fr-FR\"},{\"@type\":\"Organization\",\"@id\":\"https:\/\/tourtravelandmore.com\/fr\/#organization\",\"name\":\"Tour Travel And More\",\"url\":\"https:\/\/tourtravelandmore.com\/fr\/\",\"logo\":{\"@type\":\"ImageObject\",\"inLanguage\":\"fr-FR\",\"@id\":\"https:\/\/tourtravelandmore.com\/fr\/#\/schema\/logo\/image\/\",\"url\":\"https:\/\/tourtravelandmore.com\/wp-content\/uploads\/2022\/12\/cropped-logo-cabecera-new.png\",\"contentUrl\":\"https:\/\/tourtravelandmore.com\/wp-content\/uploads\/2022\/12\/cropped-logo-cabecera-new.png\",\"width\":430,\"height\":61,\"caption\":\"Tour Travel And More\"},\"image\":{\"@id\":\"https:\/\/tourtravelandmore.com\/fr\/#\/schema\/logo\/image\/\"},\"sameAs\":[\"https:\/\/www.facebook.com\/tourtravelandmore\/\",\"https:\/\/x.com\/TourTravel_More\"]}]}<\/script>\n<!-- \/ Yoast SEO Premium plugin. -->","yoast_head_json":{"title":"Full-day visit to the wineries of Ribera del Duero from Madrid - TTM","description":"Full-day visit to the wineries of Ribera del Duero from Madrid. Enjoy this private tour alongside your private vehicle with driver and Tour Travel and More!","robots":{"index":"index","follow":"follow","max-snippet":"max-snippet:-1","max-image-preview":"max-image-preview:large","max-video-preview":"max-video-preview:-1"},"canonical":"https:\/\/tourtravelandmore.com\/fr\/tours\/espagne-fr\/madrid-fr\/tous-les-circuits-et-activites-prives\/full-day-visit-to-the-wineries-of-ribera-del-duero-from-madrid\/","og_locale":"fr_FR","og_type":"article","og_title":"Visite d'une journ\u00e9e aux caves de Ribera del Duero depuis Madrid","og_description":"Full-day visit to the wineries of Ribera del Duero from Madrid. Enjoy this private tour alongside your private vehicle with driver and Tour Travel and More!","og_url":"https:\/\/tourtravelandmore.com\/fr\/tours\/espagne-fr\/madrid-fr\/tous-les-circuits-et-activites-prives\/full-day-visit-to-the-wineries-of-ribera-del-duero-from-madrid\/","og_site_name":"Tour Travel And More","article_publisher":"https:\/\/www.facebook.com\/tourtravelandmore\/","article_modified_time":"2024-05-31T15:39:13+00:00","og_image":[{"width":1280,"height":853,"url":"https:\/\/tourtravelandmore.com\/wp-content\/uploads\/2024\/05\/pexels-pixabay-290316.jpg","type":"image\/jpeg"}],"twitter_card":"summary_large_image","twitter_site":"@TourTravel_More","twitter_misc":{"Dur\u00e9e de lecture estim\u00e9e":"3 minutes"},"schema":{"@context":"https:\/\/schema.org","@graph":[{"@type":"WebPage","@id":"https:\/\/tourtravelandmore.com\/fr\/tours\/espagne-fr\/madrid-fr\/tous-les-circuits-et-activites-prives\/full-day-visit-to-the-wineries-of-ribera-del-duero-from-madrid\/","url":"https:\/\/tourtravelandmore.com\/fr\/tours\/espagne-fr\/madrid-fr\/tous-les-circuits-et-activites-prives\/full-day-visit-to-the-wineries-of-ribera-del-duero-from-madrid\/","name":"Full-day visit to the wineries of Ribera del Duero from Madrid - TTM","isPartOf":{"@id":"https:\/\/tourtravelandmore.com\/fr\/#website"},"primaryImageOfPage":{"@id":"https:\/\/tourtravelandmore.com\/fr\/tours\/espagne-fr\/madrid-fr\/tous-les-circuits-et-activites-prives\/full-day-visit-to-the-wineries-of-ribera-del-duero-from-madrid\/#primaryimage"},"image":{"@id":"https:\/\/tourtravelandmore.com\/fr\/tours\/espagne-fr\/madrid-fr\/tous-les-circuits-et-activites-prives\/full-day-visit-to-the-wineries-of-ribera-del-duero-from-madrid\/#primaryimage"},"thumbnailUrl":"https:\/\/tourtravelandmore.com\/wp-content\/uploads\/2024\/05\/pexels-pixabay-290316.jpg","datePublished":"2024-05-08T14:44:47+00:00","dateModified":"2024-05-31T15:39:13+00:00","description":"Full-day visit to the wineries of Ribera del Duero from Madrid. Enjoy this private tour alongside your private vehicle with driver and Tour Travel and More!","breadcrumb":{"@id":"https:\/\/tourtravelandmore.com\/fr\/tours\/espagne-fr\/madrid-fr\/tous-les-circuits-et-activites-prives\/full-day-visit-to-the-wineries-of-ribera-del-duero-from-madrid\/#breadcrumb"},"inLanguage":"fr-FR","potentialAction":[{"@type":"ReadAction","target":["https:\/\/tourtravelandmore.com\/fr\/tours\/espagne-fr\/madrid-fr\/tous-les-circuits-et-activites-prives\/full-day-visit-to-the-wineries-of-ribera-del-duero-from-madrid\/"]}]},{"@type":"ImageObject","inLanguage":"fr-FR","@id":"https:\/\/tourtravelandmore.com\/fr\/tours\/espagne-fr\/madrid-fr\/tous-les-circuits-et-activites-prives\/full-day-visit-to-the-wineries-of-ribera-del-duero-from-madrid\/#primaryimage","url":"https:\/\/tourtravelandmore.com\/wp-content\/uploads\/2024\/05\/pexels-pixabay-290316.jpg","contentUrl":"https:\/\/tourtravelandmore.com\/wp-content\/uploads\/2024\/05\/pexels-pixabay-290316.jpg","width":1280,"height":853},{"@type":"BreadcrumbList","@id":"https:\/\/tourtravelandmore.com\/fr\/tours\/espagne-fr\/madrid-fr\/tous-les-circuits-et-activites-prives\/full-day-visit-to-the-wineries-of-ribera-del-duero-from-madrid\/#breadcrumb","itemListElement":[{"@type":"ListItem","position":1,"name":"Home","item":"https:\/\/tourtravelandmore.com\/fr\/"},{"@type":"ListItem","position":2,"name":"Tours","item":"https:\/\/tourtravelandmore.com\/fr\/tours\/"},{"@type":"ListItem","position":3,"name":"Visite d&#8217;une journ\u00e9e aux caves de Ribera del Duero depuis Madrid"}]},{"@type":"WebSite","@id":"https:\/\/tourtravelandmore.com\/fr\/#website","url":"https:\/\/tourtravelandmore.com\/fr\/","name":"Tour Travel And More","description":"Private sightseeing tours and luxury transfers in Spain","publisher":{"@id":"https:\/\/tourtravelandmore.com\/fr\/#organization"},"potentialAction":[{"@type":"SearchAction","target":{"@type":"EntryPoint","urlTemplate":"https:\/\/tourtravelandmore.com\/fr\/?s={search_term_string}"},"query-input":{"@type":"PropertyValueSpecification","valueRequired":true,"valueName":"search_term_string"}}],"inLanguage":"fr-FR"},{"@type":"Organization","@id":"https:\/\/tourtravelandmore.com\/fr\/#organization","name":"Tour Travel And More","url":"https:\/\/tourtravelandmore.com\/fr\/","logo":{"@type":"ImageObject","inLanguage":"fr-FR","@id":"https:\/\/tourtravelandmore.com\/fr\/#\/schema\/logo\/image\/","url":"https:\/\/tourtravelandmore.com\/wp-content\/uploads\/2022\/12\/cropped-logo-cabecera-new.png","contentUrl":"https:\/\/tourtravelandmore.com\/wp-content\/uploads\/2022\/12\/cropped-logo-cabecera-new.png","width":430,"height":61,"caption":"Tour Travel And More"},"image":{"@id":"https:\/\/tourtravelandmore.com\/fr\/#\/schema\/logo\/image\/"},"sameAs":["https:\/\/www.facebook.com\/tourtravelandmore\/","https:\/\/x.com\/TourTravel_More"]}]}},"_links":{"self":[{"href":"https:\/\/tourtravelandmore.com\/fr\/wp-json\/wp\/v2\/product\/175141","targetHints":{"allow":["GET"]}}],"collection":[{"href":"https:\/\/tourtravelandmore.com\/fr\/wp-json\/wp\/v2\/product"}],"about":[{"href":"https:\/\/tourtravelandmore.com\/fr\/wp-json\/wp\/v2\/types\/product"}],"replies":[{"embeddable":true,"href":"https:\/\/tourtravelandmore.com\/fr\/wp-json\/wp\/v2\/comments?post=175141"}],"wp:featuredmedia":[{"embeddable":true,"href":"https:\/\/tourtravelandmore.com\/fr\/wp-json\/wp\/v2\/media\/175120"}],"wp:attachment":[{"href":"https:\/\/tourtravelandmore.com\/fr\/wp-json\/wp\/v2\/media?parent=175141"}],"wp:term":[{"taxonomy":"product_brand","embeddable":true,"href":"https:\/\/tourtravelandmore.com\/fr\/wp-json\/wp\/v2\/product_brand?post=175141"},{"taxonomy":"product_cat","embeddable":true,"href":"https:\/\/tourtravelandmore.com\/fr\/wp-json\/wp\/v2\/product_cat?post=175141"},{"taxonomy":"product_tag","embeddable":true,"href":"https:\/\/tourtravelandmore.com\/fr\/wp-json\/wp\/v2\/product_tag?post=175141"}],"curies":[{"name":"wp","href":"https:\/\/api.w.org\/{rel}","templated":true}]}}