{"id":174935,"date":"2024-04-23T21:10:18","date_gmt":"2024-04-23T19:10:20","guid":{"rendered":"https:\/\/tourtravelandmore.com\/?post_type=product&#038;p=174935"},"modified":"2024-04-24T21:20:25","modified_gmt":"2024-04-24T19:20:25","slug":"excursion-en-montgolfiere-a-capadocia-avec-transfert-prive","status":"publish","type":"product","link":"https:\/\/tourtravelandmore.com\/fr\/tours\/turquie-fr\/cappadoce\/toutes-les-visites-privees-fr-5\/excursion-en-montgolfiere-a-capadocia-avec-transfert-prive\/","title":{"rendered":"Excursion en montgolfi\u00e8re \u00e0 Capadocia avec transfert priv\u00e9"},"content":{"rendered":"<h2><strong>Excursion en montgolfi\u00e8re \u00e0 Capadocia avec transfert priv\u00e9 Description<\/strong><\/h2>\n<p>D\u00e9couvrez la beaut\u00e9 \u00e9poustouflante de la <strong>Cappadoce<\/strong> d&#8217;un point de vue unique gr\u00e2ce \u00e0 notre <strong>tour<\/strong> exclusif en <strong>montgolfi\u00e8re de la Capadocie<\/strong>. Glissez doucement dans le ciel alors que le soleil se l\u00e8ve sur le paysage envo\u00fbtant, orn\u00e9 de chemin\u00e9es de f\u00e9es, de vall\u00e9es et de vignobles. Notre tour en ballon priv\u00e9 offre un voyage intime pour vous et votre groupe, garantissant une exp\u00e9rience inoubliable.<\/p>\n<p>Profitez de la commodit\u00e9 et du confort d&#8217;un transfert priv\u00e9 depuis votre h\u00e9bergement jusqu&#8217;au site de lancement de la <strong>montgolfi\u00e8re<\/strong>, et retour apr\u00e8s l&#8217;excursion.<\/p>\n<p>Plongez dans la magie des <strong>paysages de la Cappadoce<\/strong> et cr\u00e9ez des souvenirs inoubliables gr\u00e2ce \u00e0 notre <strong>circuit<\/strong> exclusif <strong>en montgolfi\u00e8re<\/strong>. R\u00e9servez d\u00e8s maintenant pour un voyage inoubliable au-dessus des chemin\u00e9es de f\u00e9es et des vall\u00e9es de cette r\u00e9gion enchanteresse.<\/p>\n<h2>Points d&#8217;int\u00e9r\u00eat<\/h2>\n<p>Embarquez pour une aventure palpitante lors d&#8217;un <strong>vol en montgolfi\u00e8re<\/strong> en groupe <strong>,<\/strong> en survolant les sites embl\u00e9matiques et les merveilles g\u00e9ologiques <a href=\"\u00ab\"><strong>de la Cappadoce<\/strong><\/a> ( ). Admirez les vues panoramiques des <strong>pigeonniers, des vergers<\/strong> et des <strong>vignobles,<\/strong> tout en profitant de la s\u00e9r\u00e9nit\u00e9 du <strong>ciel matinal<\/strong>.<\/p>\n<p>Avec notre <strong>vol en montgolfi\u00e8re,<\/strong> vous b\u00e9n\u00e9ficierez d&#8217;une attention particuli\u00e8re de la part de nos <strong>pilotes et de notre \u00e9quipage exp\u00e9riment\u00e9s,<\/strong> ce qui vous garantira un voyage <strong>inoubliable<\/strong>. La nacelle spacieuse offre des possibilit\u00e9s optimales d&#8217;observation et de photographie, ce qui est parfait pour immortaliser vos souvenirs de la Cappadoce depuis le ciel.<\/p>\n<p>A l&#8217;atterrissage, c\u00e9l\u00e9brez votre aventure en montgolfi\u00e8re avec un toast au champagne traditionnel, ajoutant une touche de luxe \u00e0 votre exp\u00e9rience. Recevez votre certificat de vol personnalis\u00e9 en souvenir de votre voyage a\u00e9rien au-dessus des paysages \u00e9poustouflants de la Cappadoce.<\/p>\n<p><a href=\"\u00ab\">Consultez nos autres circuits priv\u00e9s \u00e0 Istambul.<\/a><\/p>\n","protected":false},"excerpt":{"rendered":"<p>D\u00e9couvrez la beaut\u00e9 \u00e9poustouflante de la <strong>Cappadoce<\/strong> d&#8217;un point de vue unique gr\u00e2ce \u00e0 notre <strong>tour<\/strong> exclusif en <strong>montgolfi\u00e8re de la Capadocie<\/strong>. Glissez doucement dans le ciel alors que le soleil se l\u00e8ve sur le paysage envo\u00fbtant, orn\u00e9 de chemin\u00e9es de f\u00e9es, de vall\u00e9es et de vignobles. Notre tour en ballon priv\u00e9 offre un voyage intime pour vous et votre groupe, garantissant une exp\u00e9rience inoubliable.<\/p>\n","protected":false},"featured_media":174813,"comment_status":"open","ping_status":"closed","template":"","meta":{"_acf_changed":false},"product_brand":[],"product_cat":[5324,5327,3734],"product_tag":[],"class_list":{"0":"post-174935","1":"product","2":"type-product","3":"status-publish","4":"has-post-thumbnail","6":"product_cat-cappadoce","7":"product_cat-toutes-les-visites-privees-fr-5","8":"product_cat-turquie-fr","10":"first","11":"instock","12":"shipping-taxable","13":"purchasable","14":"product-type-simple"},"acf":[],"yoast_head":"<!-- This site is optimized with the Yoast SEO Premium plugin v25.3.1 (Yoast SEO v25.3.1) - https:\/\/yoast.com\/wordpress\/plugins\/seo\/ -->\n<title>Excursion en montgolfi\u00e8re \u00e0 Capadocia avec transfert priv\u00e9<\/title>\n<meta name=\"description\" content=\"Profitez de cette Excursion en montgolfi\u00e8re \u00e0 Capadocia avec transfert priv\u00e9 avec un guide local et exp\u00e9riment\u00e9.\" \/>\n<meta name=\"robots\" content=\"index, follow, max-snippet:-1, max-image-preview:large, max-video-preview:-1\" \/>\n<link rel=\"canonical\" href=\"https:\/\/tourtravelandmore.com\/fr\/tours\/turquie-fr\/cappadoce\/toutes-les-visites-privees-fr-5\/excursion-en-montgolfiere-a-capadocia-avec-transfert-prive\/\" \/>\n<meta property=\"og:locale\" content=\"fr_FR\" \/>\n<meta property=\"og:type\" content=\"article\" \/>\n<meta property=\"og:title\" content=\"Excursion en montgolfi\u00e8re \u00e0 Capadocia avec transfert priv\u00e9\" \/>\n<meta property=\"og:description\" content=\"Profitez de cette Excursion en montgolfi\u00e8re \u00e0 Capadocia avec transfert priv\u00e9 avec un guide local et exp\u00e9riment\u00e9.\" \/>\n<meta property=\"og:url\" content=\"https:\/\/tourtravelandmore.com\/fr\/tours\/turquie-fr\/cappadoce\/toutes-les-visites-privees-fr-5\/excursion-en-montgolfiere-a-capadocia-avec-transfert-prive\/\" \/>\n<meta property=\"og:site_name\" content=\"Tour Travel And More\" \/>\n<meta property=\"article:publisher\" content=\"https:\/\/www.facebook.com\/tourtravelandmore\/\" \/>\n<meta property=\"article:modified_time\" content=\"2024-04-24T19:20:25+00:00\" \/>\n<meta property=\"og:image\" content=\"https:\/\/tourtravelandmore.com\/wp-content\/uploads\/2024\/04\/pexels-photo-3789147.jpg\" \/>\n\t<meta property=\"og:image:width\" content=\"1125\" \/>\n\t<meta property=\"og:image:height\" content=\"750\" \/>\n\t<meta property=\"og:image:type\" content=\"image\/jpeg\" \/>\n<meta name=\"twitter:card\" content=\"summary_large_image\" \/>\n<meta name=\"twitter:site\" content=\"@TourTravel_More\" \/>\n<meta name=\"twitter:label1\" content=\"Dur\u00e9e de lecture estim\u00e9e\" \/>\n\t<meta name=\"twitter:data1\" content=\"2 minutes\" \/>\n<script type=\"application\/ld+json\" class=\"yoast-schema-graph\">{\"@context\":\"https:\/\/schema.org\",\"@graph\":[{\"@type\":\"WebPage\",\"@id\":\"https:\/\/tourtravelandmore.com\/fr\/tours\/turquie-fr\/cappadoce\/toutes-les-visites-privees-fr-5\/excursion-en-montgolfiere-a-capadocia-avec-transfert-prive\/\",\"url\":\"https:\/\/tourtravelandmore.com\/fr\/tours\/turquie-fr\/cappadoce\/toutes-les-visites-privees-fr-5\/excursion-en-montgolfiere-a-capadocia-avec-transfert-prive\/\",\"name\":\"Excursion en montgolfi\u00e8re \u00e0 Capadocia avec transfert priv\u00e9\",\"isPartOf\":{\"@id\":\"https:\/\/tourtravelandmore.com\/fr\/#website\"},\"primaryImageOfPage\":{\"@id\":\"https:\/\/tourtravelandmore.com\/fr\/tours\/turquie-fr\/cappadoce\/toutes-les-visites-privees-fr-5\/excursion-en-montgolfiere-a-capadocia-avec-transfert-prive\/#primaryimage\"},\"image\":{\"@id\":\"https:\/\/tourtravelandmore.com\/fr\/tours\/turquie-fr\/cappadoce\/toutes-les-visites-privees-fr-5\/excursion-en-montgolfiere-a-capadocia-avec-transfert-prive\/#primaryimage\"},\"thumbnailUrl\":\"https:\/\/tourtravelandmore.com\/wp-content\/uploads\/2024\/04\/pexels-photo-3789147.jpg\",\"datePublished\":\"2024-04-23T19:10:20+00:00\",\"dateModified\":\"2024-04-24T19:20:25+00:00\",\"description\":\"Profitez de cette Excursion en montgolfi\u00e8re \u00e0 Capadocia avec transfert priv\u00e9 avec un guide local et exp\u00e9riment\u00e9.\",\"breadcrumb\":{\"@id\":\"https:\/\/tourtravelandmore.com\/fr\/tours\/turquie-fr\/cappadoce\/toutes-les-visites-privees-fr-5\/excursion-en-montgolfiere-a-capadocia-avec-transfert-prive\/#breadcrumb\"},\"inLanguage\":\"fr-FR\",\"potentialAction\":[{\"@type\":\"ReadAction\",\"target\":[\"https:\/\/tourtravelandmore.com\/fr\/tours\/turquie-fr\/cappadoce\/toutes-les-visites-privees-fr-5\/excursion-en-montgolfiere-a-capadocia-avec-transfert-prive\/\"]}]},{\"@type\":\"ImageObject\",\"inLanguage\":\"fr-FR\",\"@id\":\"https:\/\/tourtravelandmore.com\/fr\/tours\/turquie-fr\/cappadoce\/toutes-les-visites-privees-fr-5\/excursion-en-montgolfiere-a-capadocia-avec-transfert-prive\/#primaryimage\",\"url\":\"https:\/\/tourtravelandmore.com\/wp-content\/uploads\/2024\/04\/pexels-photo-3789147.jpg\",\"contentUrl\":\"https:\/\/tourtravelandmore.com\/wp-content\/uploads\/2024\/04\/pexels-photo-3789147.jpg\",\"width\":1125,\"height\":750},{\"@type\":\"BreadcrumbList\",\"@id\":\"https:\/\/tourtravelandmore.com\/fr\/tours\/turquie-fr\/cappadoce\/toutes-les-visites-privees-fr-5\/excursion-en-montgolfiere-a-capadocia-avec-transfert-prive\/#breadcrumb\",\"itemListElement\":[{\"@type\":\"ListItem\",\"position\":1,\"name\":\"Home\",\"item\":\"https:\/\/tourtravelandmore.com\/fr\/\"},{\"@type\":\"ListItem\",\"position\":2,\"name\":\"Tours\",\"item\":\"https:\/\/tourtravelandmore.com\/fr\/tours\/\"},{\"@type\":\"ListItem\",\"position\":3,\"name\":\"Excursion en montgolfi\u00e8re \u00e0 Capadocia avec transfert priv\u00e9\"}]},{\"@type\":\"WebSite\",\"@id\":\"https:\/\/tourtravelandmore.com\/fr\/#website\",\"url\":\"https:\/\/tourtravelandmore.com\/fr\/\",\"name\":\"Tour Travel And More\",\"description\":\"Private sightseeing tours and luxury transfers in Spain\",\"publisher\":{\"@id\":\"https:\/\/tourtravelandmore.com\/fr\/#organization\"},\"potentialAction\":[{\"@type\":\"SearchAction\",\"target\":{\"@type\":\"EntryPoint\",\"urlTemplate\":\"https:\/\/tourtravelandmore.com\/fr\/?s={search_term_string}\"},\"query-input\":{\"@type\":\"PropertyValueSpecification\",\"valueRequired\":true,\"valueName\":\"search_term_string\"}}],\"inLanguage\":\"fr-FR\"},{\"@type\":\"Organization\",\"@id\":\"https:\/\/tourtravelandmore.com\/fr\/#organization\",\"name\":\"Tour Travel And More\",\"url\":\"https:\/\/tourtravelandmore.com\/fr\/\",\"logo\":{\"@type\":\"ImageObject\",\"inLanguage\":\"fr-FR\",\"@id\":\"https:\/\/tourtravelandmore.com\/fr\/#\/schema\/logo\/image\/\",\"url\":\"https:\/\/tourtravelandmore.com\/wp-content\/uploads\/2022\/12\/cropped-logo-cabecera-new.png\",\"contentUrl\":\"https:\/\/tourtravelandmore.com\/wp-content\/uploads\/2022\/12\/cropped-logo-cabecera-new.png\",\"width\":430,\"height\":61,\"caption\":\"Tour Travel And More\"},\"image\":{\"@id\":\"https:\/\/tourtravelandmore.com\/fr\/#\/schema\/logo\/image\/\"},\"sameAs\":[\"https:\/\/www.facebook.com\/tourtravelandmore\/\",\"https:\/\/x.com\/TourTravel_More\"]}]}<\/script>\n<!-- \/ Yoast SEO Premium plugin. -->","yoast_head_json":{"title":"Excursion en montgolfi\u00e8re \u00e0 Capadocia avec transfert priv\u00e9","description":"Profitez de cette Excursion en montgolfi\u00e8re \u00e0 Capadocia avec transfert priv\u00e9 avec un guide local et exp\u00e9riment\u00e9.","robots":{"index":"index","follow":"follow","max-snippet":"max-snippet:-1","max-image-preview":"max-image-preview:large","max-video-preview":"max-video-preview:-1"},"canonical":"https:\/\/tourtravelandmore.com\/fr\/tours\/turquie-fr\/cappadoce\/toutes-les-visites-privees-fr-5\/excursion-en-montgolfiere-a-capadocia-avec-transfert-prive\/","og_locale":"fr_FR","og_type":"article","og_title":"Excursion en montgolfi\u00e8re \u00e0 Capadocia avec transfert priv\u00e9","og_description":"Profitez de cette Excursion en montgolfi\u00e8re \u00e0 Capadocia avec transfert priv\u00e9 avec un guide local et exp\u00e9riment\u00e9.","og_url":"https:\/\/tourtravelandmore.com\/fr\/tours\/turquie-fr\/cappadoce\/toutes-les-visites-privees-fr-5\/excursion-en-montgolfiere-a-capadocia-avec-transfert-prive\/","og_site_name":"Tour Travel And More","article_publisher":"https:\/\/www.facebook.com\/tourtravelandmore\/","article_modified_time":"2024-04-24T19:20:25+00:00","og_image":[{"width":1125,"height":750,"url":"https:\/\/tourtravelandmore.com\/wp-content\/uploads\/2024\/04\/pexels-photo-3789147.jpg","type":"image\/jpeg"}],"twitter_card":"summary_large_image","twitter_site":"@TourTravel_More","twitter_misc":{"Dur\u00e9e de lecture estim\u00e9e":"2 minutes"},"schema":{"@context":"https:\/\/schema.org","@graph":[{"@type":"WebPage","@id":"https:\/\/tourtravelandmore.com\/fr\/tours\/turquie-fr\/cappadoce\/toutes-les-visites-privees-fr-5\/excursion-en-montgolfiere-a-capadocia-avec-transfert-prive\/","url":"https:\/\/tourtravelandmore.com\/fr\/tours\/turquie-fr\/cappadoce\/toutes-les-visites-privees-fr-5\/excursion-en-montgolfiere-a-capadocia-avec-transfert-prive\/","name":"Excursion en montgolfi\u00e8re \u00e0 Capadocia avec transfert priv\u00e9","isPartOf":{"@id":"https:\/\/tourtravelandmore.com\/fr\/#website"},"primaryImageOfPage":{"@id":"https:\/\/tourtravelandmore.com\/fr\/tours\/turquie-fr\/cappadoce\/toutes-les-visites-privees-fr-5\/excursion-en-montgolfiere-a-capadocia-avec-transfert-prive\/#primaryimage"},"image":{"@id":"https:\/\/tourtravelandmore.com\/fr\/tours\/turquie-fr\/cappadoce\/toutes-les-visites-privees-fr-5\/excursion-en-montgolfiere-a-capadocia-avec-transfert-prive\/#primaryimage"},"thumbnailUrl":"https:\/\/tourtravelandmore.com\/wp-content\/uploads\/2024\/04\/pexels-photo-3789147.jpg","datePublished":"2024-04-23T19:10:20+00:00","dateModified":"2024-04-24T19:20:25+00:00","description":"Profitez de cette Excursion en montgolfi\u00e8re \u00e0 Capadocia avec transfert priv\u00e9 avec un guide local et exp\u00e9riment\u00e9.","breadcrumb":{"@id":"https:\/\/tourtravelandmore.com\/fr\/tours\/turquie-fr\/cappadoce\/toutes-les-visites-privees-fr-5\/excursion-en-montgolfiere-a-capadocia-avec-transfert-prive\/#breadcrumb"},"inLanguage":"fr-FR","potentialAction":[{"@type":"ReadAction","target":["https:\/\/tourtravelandmore.com\/fr\/tours\/turquie-fr\/cappadoce\/toutes-les-visites-privees-fr-5\/excursion-en-montgolfiere-a-capadocia-avec-transfert-prive\/"]}]},{"@type":"ImageObject","inLanguage":"fr-FR","@id":"https:\/\/tourtravelandmore.com\/fr\/tours\/turquie-fr\/cappadoce\/toutes-les-visites-privees-fr-5\/excursion-en-montgolfiere-a-capadocia-avec-transfert-prive\/#primaryimage","url":"https:\/\/tourtravelandmore.com\/wp-content\/uploads\/2024\/04\/pexels-photo-3789147.jpg","contentUrl":"https:\/\/tourtravelandmore.com\/wp-content\/uploads\/2024\/04\/pexels-photo-3789147.jpg","width":1125,"height":750},{"@type":"BreadcrumbList","@id":"https:\/\/tourtravelandmore.com\/fr\/tours\/turquie-fr\/cappadoce\/toutes-les-visites-privees-fr-5\/excursion-en-montgolfiere-a-capadocia-avec-transfert-prive\/#breadcrumb","itemListElement":[{"@type":"ListItem","position":1,"name":"Home","item":"https:\/\/tourtravelandmore.com\/fr\/"},{"@type":"ListItem","position":2,"name":"Tours","item":"https:\/\/tourtravelandmore.com\/fr\/tours\/"},{"@type":"ListItem","position":3,"name":"Excursion en montgolfi\u00e8re \u00e0 Capadocia avec transfert priv\u00e9"}]},{"@type":"WebSite","@id":"https:\/\/tourtravelandmore.com\/fr\/#website","url":"https:\/\/tourtravelandmore.com\/fr\/","name":"Tour Travel And More","description":"Private sightseeing tours and luxury transfers in Spain","publisher":{"@id":"https:\/\/tourtravelandmore.com\/fr\/#organization"},"potentialAction":[{"@type":"SearchAction","target":{"@type":"EntryPoint","urlTemplate":"https:\/\/tourtravelandmore.com\/fr\/?s={search_term_string}"},"query-input":{"@type":"PropertyValueSpecification","valueRequired":true,"valueName":"search_term_string"}}],"inLanguage":"fr-FR"},{"@type":"Organization","@id":"https:\/\/tourtravelandmore.com\/fr\/#organization","name":"Tour Travel And More","url":"https:\/\/tourtravelandmore.com\/fr\/","logo":{"@type":"ImageObject","inLanguage":"fr-FR","@id":"https:\/\/tourtravelandmore.com\/fr\/#\/schema\/logo\/image\/","url":"https:\/\/tourtravelandmore.com\/wp-content\/uploads\/2022\/12\/cropped-logo-cabecera-new.png","contentUrl":"https:\/\/tourtravelandmore.com\/wp-content\/uploads\/2022\/12\/cropped-logo-cabecera-new.png","width":430,"height":61,"caption":"Tour Travel And More"},"image":{"@id":"https:\/\/tourtravelandmore.com\/fr\/#\/schema\/logo\/image\/"},"sameAs":["https:\/\/www.facebook.com\/tourtravelandmore\/","https:\/\/x.com\/TourTravel_More"]}]}},"_links":{"self":[{"href":"https:\/\/tourtravelandmore.com\/fr\/wp-json\/wp\/v2\/product\/174935","targetHints":{"allow":["GET"]}}],"collection":[{"href":"https:\/\/tourtravelandmore.com\/fr\/wp-json\/wp\/v2\/product"}],"about":[{"href":"https:\/\/tourtravelandmore.com\/fr\/wp-json\/wp\/v2\/types\/product"}],"replies":[{"embeddable":true,"href":"https:\/\/tourtravelandmore.com\/fr\/wp-json\/wp\/v2\/comments?post=174935"}],"wp:featuredmedia":[{"embeddable":true,"href":"https:\/\/tourtravelandmore.com\/fr\/wp-json\/wp\/v2\/media\/174813"}],"wp:attachment":[{"href":"https:\/\/tourtravelandmore.com\/fr\/wp-json\/wp\/v2\/media?parent=174935"}],"wp:term":[{"taxonomy":"product_brand","embeddable":true,"href":"https:\/\/tourtravelandmore.com\/fr\/wp-json\/wp\/v2\/product_brand?post=174935"},{"taxonomy":"product_cat","embeddable":true,"href":"https:\/\/tourtravelandmore.com\/fr\/wp-json\/wp\/v2\/product_cat?post=174935"},{"taxonomy":"product_tag","embeddable":true,"href":"https:\/\/tourtravelandmore.com\/fr\/wp-json\/wp\/v2\/product_tag?post=174935"}],"curies":[{"name":"wp","href":"https:\/\/api.w.org\/{rel}","templated":true}]}}