{"id":174907,"date":"2024-04-23T18:25:14","date_gmt":"2024-04-23T16:25:18","guid":{"rendered":"https:\/\/tourtravelandmore.com\/?post_type=product&#038;p=174907"},"modified":"2024-04-26T17:55:18","modified_gmt":"2024-04-26T15:55:18","slug":"transfert-prive-aller-retour-aeroport-kayseri-copy","status":"publish","type":"product","link":"https:\/\/tourtravelandmore.com\/fr\/tours\/turquie-fr\/cappadoce\/transferts-prives-fr-12\/transfert-prive-aller-retour-aeroport-kayseri-copy\/","title":{"rendered":"Transfert priv\u00e9 aller\/retour a\u00e9roport Nevsehir"},"content":{"rendered":"<h2><b><strong>Description | Transfert priv\u00e9 aller\/retour a\u00e9roport Nevsehir<\/strong><\/b><\/h2>\n<p>Faites l&#8217;exp\u00e9rience d&#8217;un transport fluide et luxueux avec le service de <b><strong>transfert priv\u00e9 aller-retour<\/strong><\/b> de Tour Travel &amp; More vers l&#8217;<b><strong>a\u00e9roport de Nevsehir<\/strong><\/b>. Que vous arriviez ou que vous partiez, nos chauffeurs professionnels et courtois vous garantissent un voyage sans tracas d\u00e8s que vous sortez de l&#8217;a\u00e9roport. Asseyez-vous, d\u00e9tendez-vous et profitez du confort de nos v\u00e9hicules bien \u00e9quip\u00e9s pendant que nous vous emmenons \u00e0 votre destination avec style.<\/p>\n<p>Nos transferts sont m\u00e9ticuleusement planifi\u00e9s pour garantir une arriv\u00e9e et un d\u00e9part rapides, minimiser le temps d&#8217;attente et maximiser la commodit\u00e9.<\/p>\n<p>Voyagez dans un confort absolu dans nos v\u00e9hicules spacieux et modernes \u00e9quip\u00e9s de si\u00e8ges moelleux et de la climatisation. Nos chauffeurs exp\u00e9riment\u00e9s sont hautement qualifi\u00e9s et vous garantissent un transport s\u00fbr et sans heurts tout au long de votre voyage.<\/p>\n<h2><b>Points forts<\/b><\/h2>\n<p>Nous comprenons que chaque voyageur est unique, c&#8217;est pourquoi nous offrons un service personnalis\u00e9 adapt\u00e9 \u00e0 vos besoins et pr\u00e9f\u00e9rences sp\u00e9cifiques. Comptez sur nous pour un service ponctuel et fiable, vous permettant de vous d\u00e9tendre et de vous concentrer sur votre voyage.<\/p>\n<p>Avec Tour Travel &amp; More, vous pouvez avoir l&#8217;esprit tranquille en sachant que vos besoins en mati\u00e8re de transport sont pris en charge avec le plus grand professionnalisme et le plus grand souci du d\u00e9tail.<\/p>\n<p>Que vous visitiez Nevsehir pour les affaires ou pour le plaisir, faites de votre voyage une exp\u00e9rience vraiment exceptionnelle avec le service de<b><strong> transfert priv\u00e9 aller-retour de l&#8217;a\u00e9roport de Nevsehir <\/strong><\/b>propos\u00e9 par Tour Travel &amp; More.<\/p>\n<p>Laissez-vous s\u00e9duire par les tr\u00e9sors m\u00e9ridionaux de la Cappadoce gr\u00e2ce \u00e0 notre Tour vert priv\u00e9 de la Cappadoce, et un autre jour, plongez dans les merveilles de la Cappadoce centrale gr\u00e2ce \u00e0 notre Tour rouge. Consultez nos circuits priv\u00e9s ici !<\/p>\n","protected":false},"excerpt":{"rendered":"<p>Faites l&#8217;exp\u00e9rience d&#8217;un transport fluide et luxueux avec le service de <b><strong>transfert priv\u00e9 aller-retour<\/strong><\/b> de Tour Travel &amp; More vers l&#8217;<b><strong>a\u00e9roport de Nevsehir<\/strong><\/b>. Que vous arriviez ou que vous partiez, nos chauffeurs professionnels et courtois vous garantissent un voyage sans tracas d\u00e8s que vous sortez de l&#8217;a\u00e9roport. Asseyez-vous, d\u00e9tendez-vous et profitez du confort de nos v\u00e9hicules bien \u00e9quip\u00e9s pendant que nous vous emmenons \u00e0 votre destination avec style.<\/p>\n","protected":false},"featured_media":174655,"comment_status":"open","ping_status":"closed","template":"","meta":{"_acf_changed":false},"product_brand":[],"product_cat":[5324,5330,3734],"product_tag":[],"class_list":{"0":"post-174907","1":"product","2":"type-product","3":"status-publish","4":"has-post-thumbnail","6":"product_cat-cappadoce","7":"product_cat-transferts-prives-fr-12","8":"product_cat-turquie-fr","10":"first","11":"instock","12":"shipping-taxable","13":"purchasable","14":"product-type-simple"},"acf":[],"yoast_head":"<!-- This site is optimized with the Yoast SEO Premium plugin v25.3.1 (Yoast SEO v25.3.1) - https:\/\/yoast.com\/wordpress\/plugins\/seo\/ -->\n<title>\u27a1\ufe0f Transfert priv\u00e9 aller\/retour a\u00e9roport Nevsehir | Tour Travel &amp; More<\/title>\n<meta name=\"description\" content=\"Profitez d&#039;un merveilleux CaComptez sur nous pour un service ponctuel et fiable, vous permettant de vous d\u00e9tendre et de vous concentrer sur votre voyage \u2705\" \/>\n<meta name=\"robots\" content=\"index, follow, max-snippet:-1, max-image-preview:large, max-video-preview:-1\" \/>\n<link rel=\"canonical\" href=\"https:\/\/tourtravelandmore.com\/fr\/tours\/turquie-fr\/cappadoce\/transferts-prives-fr-12\/transfert-prive-aller-retour-aeroport-kayseri-copy\/\" \/>\n<meta property=\"og:locale\" content=\"fr_FR\" \/>\n<meta property=\"og:type\" content=\"article\" \/>\n<meta property=\"og:title\" content=\"Transfert priv\u00e9 aller\/retour a\u00e9roport Nevsehir\" \/>\n<meta property=\"og:description\" content=\"Profitez d&#039;un merveilleux CaComptez sur nous pour un service ponctuel et fiable, vous permettant de vous d\u00e9tendre et de vous concentrer sur votre voyage \u2705\" \/>\n<meta property=\"og:url\" content=\"https:\/\/tourtravelandmore.com\/fr\/tours\/turquie-fr\/cappadoce\/transferts-prives-fr-12\/transfert-prive-aller-retour-aeroport-kayseri-copy\/\" \/>\n<meta property=\"og:site_name\" content=\"Tour Travel And More\" \/>\n<meta property=\"article:publisher\" content=\"https:\/\/www.facebook.com\/tourtravelandmore\/\" \/>\n<meta property=\"article:modified_time\" content=\"2024-04-26T15:55:18+00:00\" \/>\n<meta property=\"og:image\" content=\"https:\/\/tourtravelandmore.com\/wp-content\/uploads\/2024\/04\/csm_airport-transfer_1_86c6f1c624.jpg\" \/>\n\t<meta property=\"og:image:width\" content=\"1920\" \/>\n\t<meta property=\"og:image:height\" content=\"1080\" \/>\n\t<meta property=\"og:image:type\" content=\"image\/jpeg\" \/>\n<meta name=\"twitter:card\" content=\"summary_large_image\" \/>\n<meta name=\"twitter:site\" content=\"@TourTravel_More\" \/>\n<meta name=\"twitter:label1\" content=\"Dur\u00e9e de lecture estim\u00e9e\" \/>\n\t<meta name=\"twitter:data1\" content=\"2 minutes\" \/>\n<script type=\"application\/ld+json\" class=\"yoast-schema-graph\">{\"@context\":\"https:\/\/schema.org\",\"@graph\":[{\"@type\":\"WebPage\",\"@id\":\"https:\/\/tourtravelandmore.com\/fr\/tours\/turquie-fr\/cappadoce\/transferts-prives-fr-12\/transfert-prive-aller-retour-aeroport-kayseri-copy\/\",\"url\":\"https:\/\/tourtravelandmore.com\/fr\/tours\/turquie-fr\/cappadoce\/transferts-prives-fr-12\/transfert-prive-aller-retour-aeroport-kayseri-copy\/\",\"name\":\"\u27a1\ufe0f Transfert priv\u00e9 aller\/retour a\u00e9roport Nevsehir | Tour Travel & More\",\"isPartOf\":{\"@id\":\"https:\/\/tourtravelandmore.com\/fr\/#website\"},\"primaryImageOfPage\":{\"@id\":\"https:\/\/tourtravelandmore.com\/fr\/tours\/turquie-fr\/cappadoce\/transferts-prives-fr-12\/transfert-prive-aller-retour-aeroport-kayseri-copy\/#primaryimage\"},\"image\":{\"@id\":\"https:\/\/tourtravelandmore.com\/fr\/tours\/turquie-fr\/cappadoce\/transferts-prives-fr-12\/transfert-prive-aller-retour-aeroport-kayseri-copy\/#primaryimage\"},\"thumbnailUrl\":\"https:\/\/tourtravelandmore.com\/wp-content\/uploads\/2024\/04\/csm_airport-transfer_1_86c6f1c624.jpg\",\"datePublished\":\"2024-04-23T16:25:18+00:00\",\"dateModified\":\"2024-04-26T15:55:18+00:00\",\"description\":\"Profitez d'un merveilleux CaComptez sur nous pour un service ponctuel et fiable, vous permettant de vous d\u00e9tendre et de vous concentrer sur votre voyage \u2705\",\"breadcrumb\":{\"@id\":\"https:\/\/tourtravelandmore.com\/fr\/tours\/turquie-fr\/cappadoce\/transferts-prives-fr-12\/transfert-prive-aller-retour-aeroport-kayseri-copy\/#breadcrumb\"},\"inLanguage\":\"fr-FR\",\"potentialAction\":[{\"@type\":\"ReadAction\",\"target\":[\"https:\/\/tourtravelandmore.com\/fr\/tours\/turquie-fr\/cappadoce\/transferts-prives-fr-12\/transfert-prive-aller-retour-aeroport-kayseri-copy\/\"]}]},{\"@type\":\"ImageObject\",\"inLanguage\":\"fr-FR\",\"@id\":\"https:\/\/tourtravelandmore.com\/fr\/tours\/turquie-fr\/cappadoce\/transferts-prives-fr-12\/transfert-prive-aller-retour-aeroport-kayseri-copy\/#primaryimage\",\"url\":\"https:\/\/tourtravelandmore.com\/wp-content\/uploads\/2024\/04\/csm_airport-transfer_1_86c6f1c624.jpg\",\"contentUrl\":\"https:\/\/tourtravelandmore.com\/wp-content\/uploads\/2024\/04\/csm_airport-transfer_1_86c6f1c624.jpg\",\"width\":1920,\"height\":1080},{\"@type\":\"BreadcrumbList\",\"@id\":\"https:\/\/tourtravelandmore.com\/fr\/tours\/turquie-fr\/cappadoce\/transferts-prives-fr-12\/transfert-prive-aller-retour-aeroport-kayseri-copy\/#breadcrumb\",\"itemListElement\":[{\"@type\":\"ListItem\",\"position\":1,\"name\":\"Home\",\"item\":\"https:\/\/tourtravelandmore.com\/fr\/\"},{\"@type\":\"ListItem\",\"position\":2,\"name\":\"Tours\",\"item\":\"https:\/\/tourtravelandmore.com\/fr\/tours\/\"},{\"@type\":\"ListItem\",\"position\":3,\"name\":\"Transfert priv\u00e9 aller\/retour a\u00e9roport Nevsehir\"}]},{\"@type\":\"WebSite\",\"@id\":\"https:\/\/tourtravelandmore.com\/fr\/#website\",\"url\":\"https:\/\/tourtravelandmore.com\/fr\/\",\"name\":\"Tour Travel And More\",\"description\":\"Private sightseeing tours and luxury transfers in Spain\",\"publisher\":{\"@id\":\"https:\/\/tourtravelandmore.com\/fr\/#organization\"},\"potentialAction\":[{\"@type\":\"SearchAction\",\"target\":{\"@type\":\"EntryPoint\",\"urlTemplate\":\"https:\/\/tourtravelandmore.com\/fr\/?s={search_term_string}\"},\"query-input\":{\"@type\":\"PropertyValueSpecification\",\"valueRequired\":true,\"valueName\":\"search_term_string\"}}],\"inLanguage\":\"fr-FR\"},{\"@type\":\"Organization\",\"@id\":\"https:\/\/tourtravelandmore.com\/fr\/#organization\",\"name\":\"Tour Travel And More\",\"url\":\"https:\/\/tourtravelandmore.com\/fr\/\",\"logo\":{\"@type\":\"ImageObject\",\"inLanguage\":\"fr-FR\",\"@id\":\"https:\/\/tourtravelandmore.com\/fr\/#\/schema\/logo\/image\/\",\"url\":\"https:\/\/tourtravelandmore.com\/wp-content\/uploads\/2022\/12\/cropped-logo-cabecera-new.png\",\"contentUrl\":\"https:\/\/tourtravelandmore.com\/wp-content\/uploads\/2022\/12\/cropped-logo-cabecera-new.png\",\"width\":430,\"height\":61,\"caption\":\"Tour Travel And More\"},\"image\":{\"@id\":\"https:\/\/tourtravelandmore.com\/fr\/#\/schema\/logo\/image\/\"},\"sameAs\":[\"https:\/\/www.facebook.com\/tourtravelandmore\/\",\"https:\/\/x.com\/TourTravel_More\"]}]}<\/script>\n<!-- \/ Yoast SEO Premium plugin. -->","yoast_head_json":{"title":"\u27a1\ufe0f Transfert priv\u00e9 aller\/retour a\u00e9roport Nevsehir | Tour Travel & More","description":"Profitez d'un merveilleux CaComptez sur nous pour un service ponctuel et fiable, vous permettant de vous d\u00e9tendre et de vous concentrer sur votre voyage \u2705","robots":{"index":"index","follow":"follow","max-snippet":"max-snippet:-1","max-image-preview":"max-image-preview:large","max-video-preview":"max-video-preview:-1"},"canonical":"https:\/\/tourtravelandmore.com\/fr\/tours\/turquie-fr\/cappadoce\/transferts-prives-fr-12\/transfert-prive-aller-retour-aeroport-kayseri-copy\/","og_locale":"fr_FR","og_type":"article","og_title":"Transfert priv\u00e9 aller\/retour a\u00e9roport Nevsehir","og_description":"Profitez d'un merveilleux CaComptez sur nous pour un service ponctuel et fiable, vous permettant de vous d\u00e9tendre et de vous concentrer sur votre voyage \u2705","og_url":"https:\/\/tourtravelandmore.com\/fr\/tours\/turquie-fr\/cappadoce\/transferts-prives-fr-12\/transfert-prive-aller-retour-aeroport-kayseri-copy\/","og_site_name":"Tour Travel And More","article_publisher":"https:\/\/www.facebook.com\/tourtravelandmore\/","article_modified_time":"2024-04-26T15:55:18+00:00","og_image":[{"width":1920,"height":1080,"url":"https:\/\/tourtravelandmore.com\/wp-content\/uploads\/2024\/04\/csm_airport-transfer_1_86c6f1c624.jpg","type":"image\/jpeg"}],"twitter_card":"summary_large_image","twitter_site":"@TourTravel_More","twitter_misc":{"Dur\u00e9e de lecture estim\u00e9e":"2 minutes"},"schema":{"@context":"https:\/\/schema.org","@graph":[{"@type":"WebPage","@id":"https:\/\/tourtravelandmore.com\/fr\/tours\/turquie-fr\/cappadoce\/transferts-prives-fr-12\/transfert-prive-aller-retour-aeroport-kayseri-copy\/","url":"https:\/\/tourtravelandmore.com\/fr\/tours\/turquie-fr\/cappadoce\/transferts-prives-fr-12\/transfert-prive-aller-retour-aeroport-kayseri-copy\/","name":"\u27a1\ufe0f Transfert priv\u00e9 aller\/retour a\u00e9roport Nevsehir | Tour Travel & More","isPartOf":{"@id":"https:\/\/tourtravelandmore.com\/fr\/#website"},"primaryImageOfPage":{"@id":"https:\/\/tourtravelandmore.com\/fr\/tours\/turquie-fr\/cappadoce\/transferts-prives-fr-12\/transfert-prive-aller-retour-aeroport-kayseri-copy\/#primaryimage"},"image":{"@id":"https:\/\/tourtravelandmore.com\/fr\/tours\/turquie-fr\/cappadoce\/transferts-prives-fr-12\/transfert-prive-aller-retour-aeroport-kayseri-copy\/#primaryimage"},"thumbnailUrl":"https:\/\/tourtravelandmore.com\/wp-content\/uploads\/2024\/04\/csm_airport-transfer_1_86c6f1c624.jpg","datePublished":"2024-04-23T16:25:18+00:00","dateModified":"2024-04-26T15:55:18+00:00","description":"Profitez d'un merveilleux CaComptez sur nous pour un service ponctuel et fiable, vous permettant de vous d\u00e9tendre et de vous concentrer sur votre voyage \u2705","breadcrumb":{"@id":"https:\/\/tourtravelandmore.com\/fr\/tours\/turquie-fr\/cappadoce\/transferts-prives-fr-12\/transfert-prive-aller-retour-aeroport-kayseri-copy\/#breadcrumb"},"inLanguage":"fr-FR","potentialAction":[{"@type":"ReadAction","target":["https:\/\/tourtravelandmore.com\/fr\/tours\/turquie-fr\/cappadoce\/transferts-prives-fr-12\/transfert-prive-aller-retour-aeroport-kayseri-copy\/"]}]},{"@type":"ImageObject","inLanguage":"fr-FR","@id":"https:\/\/tourtravelandmore.com\/fr\/tours\/turquie-fr\/cappadoce\/transferts-prives-fr-12\/transfert-prive-aller-retour-aeroport-kayseri-copy\/#primaryimage","url":"https:\/\/tourtravelandmore.com\/wp-content\/uploads\/2024\/04\/csm_airport-transfer_1_86c6f1c624.jpg","contentUrl":"https:\/\/tourtravelandmore.com\/wp-content\/uploads\/2024\/04\/csm_airport-transfer_1_86c6f1c624.jpg","width":1920,"height":1080},{"@type":"BreadcrumbList","@id":"https:\/\/tourtravelandmore.com\/fr\/tours\/turquie-fr\/cappadoce\/transferts-prives-fr-12\/transfert-prive-aller-retour-aeroport-kayseri-copy\/#breadcrumb","itemListElement":[{"@type":"ListItem","position":1,"name":"Home","item":"https:\/\/tourtravelandmore.com\/fr\/"},{"@type":"ListItem","position":2,"name":"Tours","item":"https:\/\/tourtravelandmore.com\/fr\/tours\/"},{"@type":"ListItem","position":3,"name":"Transfert priv\u00e9 aller\/retour a\u00e9roport Nevsehir"}]},{"@type":"WebSite","@id":"https:\/\/tourtravelandmore.com\/fr\/#website","url":"https:\/\/tourtravelandmore.com\/fr\/","name":"Tour Travel And More","description":"Private sightseeing tours and luxury transfers in Spain","publisher":{"@id":"https:\/\/tourtravelandmore.com\/fr\/#organization"},"potentialAction":[{"@type":"SearchAction","target":{"@type":"EntryPoint","urlTemplate":"https:\/\/tourtravelandmore.com\/fr\/?s={search_term_string}"},"query-input":{"@type":"PropertyValueSpecification","valueRequired":true,"valueName":"search_term_string"}}],"inLanguage":"fr-FR"},{"@type":"Organization","@id":"https:\/\/tourtravelandmore.com\/fr\/#organization","name":"Tour Travel And More","url":"https:\/\/tourtravelandmore.com\/fr\/","logo":{"@type":"ImageObject","inLanguage":"fr-FR","@id":"https:\/\/tourtravelandmore.com\/fr\/#\/schema\/logo\/image\/","url":"https:\/\/tourtravelandmore.com\/wp-content\/uploads\/2022\/12\/cropped-logo-cabecera-new.png","contentUrl":"https:\/\/tourtravelandmore.com\/wp-content\/uploads\/2022\/12\/cropped-logo-cabecera-new.png","width":430,"height":61,"caption":"Tour Travel And More"},"image":{"@id":"https:\/\/tourtravelandmore.com\/fr\/#\/schema\/logo\/image\/"},"sameAs":["https:\/\/www.facebook.com\/tourtravelandmore\/","https:\/\/x.com\/TourTravel_More"]}]}},"_links":{"self":[{"href":"https:\/\/tourtravelandmore.com\/fr\/wp-json\/wp\/v2\/product\/174907","targetHints":{"allow":["GET"]}}],"collection":[{"href":"https:\/\/tourtravelandmore.com\/fr\/wp-json\/wp\/v2\/product"}],"about":[{"href":"https:\/\/tourtravelandmore.com\/fr\/wp-json\/wp\/v2\/types\/product"}],"replies":[{"embeddable":true,"href":"https:\/\/tourtravelandmore.com\/fr\/wp-json\/wp\/v2\/comments?post=174907"}],"wp:featuredmedia":[{"embeddable":true,"href":"https:\/\/tourtravelandmore.com\/fr\/wp-json\/wp\/v2\/media\/174655"}],"wp:attachment":[{"href":"https:\/\/tourtravelandmore.com\/fr\/wp-json\/wp\/v2\/media?parent=174907"}],"wp:term":[{"taxonomy":"product_brand","embeddable":true,"href":"https:\/\/tourtravelandmore.com\/fr\/wp-json\/wp\/v2\/product_brand?post=174907"},{"taxonomy":"product_cat","embeddable":true,"href":"https:\/\/tourtravelandmore.com\/fr\/wp-json\/wp\/v2\/product_cat?post=174907"},{"taxonomy":"product_tag","embeddable":true,"href":"https:\/\/tourtravelandmore.com\/fr\/wp-json\/wp\/v2\/product_tag?post=174907"}],"curies":[{"name":"wp","href":"https:\/\/api.w.org\/{rel}","templated":true}]}}