{"id":174851,"date":"2024-04-23T14:46:15","date_gmt":"2024-04-23T12:46:20","guid":{"rendered":"https:\/\/tourtravelandmore.com\/?post_type=product&#038;p=174851"},"modified":"2024-04-25T20:11:09","modified_gmt":"2024-04-25T18:11:09","slug":"excursion-privee-dans-la-cappadoce-verte-copy","status":"publish","type":"product","link":"https:\/\/tourtravelandmore.com\/fr\/tours\/turquie-fr\/cappadoce\/toutes-les-visites-privees-fr-5\/excursion-privee-dans-la-cappadoce-verte-copy\/","title":{"rendered":"Excursion priv\u00e9e en Cappadoce (Bleu Tour)"},"content":{"rendered":"<h2><b><strong>Description &#8211; Excursion priv\u00e9e en Cappadoce (Bleu Tour)<\/strong><\/b><\/h2>\n<p>Embarquez pour un voyage inoubliable \u00e0 travers les joyaux cach\u00e9s de la <b><strong>Cappadoce<\/strong><\/b> gr\u00e2ce \u00e0 notre <b><strong>circuit bleu priv\u00e9<\/strong><\/b>. Plongez dans la riche histoire et les paysages \u00e0 couper le souffle de cette ancienne r\u00e9gion en compagnie de nos guides arch\u00e9ologues dipl\u00f4m\u00e9s. Votre aventure commence lorsque nous venons vous chercher \u00e0 votre h\u00f4tel.<\/p>\n<p>Cette visite immersive offre une occasion unique de d\u00e9couvrir les tr\u00e9sors moins connus de la <a href=\"https:\/\/es.wikipedia.org\/wiki\/Capadocia\"><b><strong>Cappadoce<\/strong><\/b><\/a><b><strong>,<\/strong><\/b> promettant une journ\u00e9e remplie d&#8217;exploration, d&#8217;histoire et de beaut\u00e9 naturelle.<\/p>\n<p>Plongez dans l&#8217;histoire en visitant l&#8217;ancienne <b><strong>ville souterraine de Kaymakl\u0131,<\/strong><\/b> consid\u00e9r\u00e9e comme la plus ancienne de ce type en <b><strong>Cappadoce<\/strong><\/b>. Soyez t\u00e9moin de l&#8217;ing\u00e9niosit\u00e9 des civilisations anciennes en explorant les passages souterrains, qui servaient autrefois de sanctuaires et d&#8217;entrep\u00f4ts, offrant une protection contre les adversaires.<\/p>\n<h2><b>Points forts<\/b><\/h2>\n<p>Commencez votre journ\u00e9e dans le pittoresque <b><strong>village de Mustafapa\u015fa,<\/strong><\/b> anciennement connu sous le nom de <b><strong>Sobesos<\/strong><\/b>. \u00c9merveillez-vous devant les \u00e9tonnantes maisons n\u00e9oclassiques et explorez les grottes cach\u00e9es dans cette ancienne colonie grecque.<\/p>\n<p>Rendez-vous ensuite au <b><strong>monast\u00e8re de Ke\u015flik,<\/strong><\/b> o\u00f9 trois \u00e9glises, une cave, un r\u00e9fectoire et bien d&#8217;autres choses encore sont creus\u00e9es dans la roche. Vous y verrez de rares fresques <b><strong>byzantines<\/strong><\/b> datant de l&#8217;\u00e9poque du roi III. L\u00e9o.<\/p>\n<p>Ensuite, d\u00e9couvrez la tranquillit\u00e9 de <b><strong>Ta\u015fk\u0131npa\u015fa,<\/strong><\/b> qui abrite une \u00e9cole th\u00e9ologique et une mosqu\u00e9e de <b><strong>style seldjoukide<\/strong><\/b> classique. Discutez avec les habitants autour d&#8217;un th\u00e9 turc et laissez-vous tenter par la d\u00e9licieuse cuisine locale servie dans une maison troglodyte traditionnelle du village.<\/p>\n<p>Remontez le temps en explorant l&#8217;<b><strong>ancienne<\/strong><\/b> colonie <b><strong>romaine<\/strong><\/b> de <b><strong>Sobessos<\/strong><\/b>. Admirez les vestiges bien conserv\u00e9s, notamment une salle de r\u00e9union orn\u00e9e d&#8217;un magnifique sol en mosa\u00efque.<\/p>\n<p>Aventurez-vous dans la <b><strong>vall\u00e9e de So\u011fanl\u0131,<\/strong><\/b> le plus grand site monastique de <b><strong>Cappadoce,<\/strong><\/b> parsem\u00e9 d&#8217;\u00e9glises rupestres et de monast\u00e8res datant du 9e au 13e si\u00e8cle. Rencontrez les charmantes &#8220;poup\u00e9es de So\u011fanl\u0131&#8221; et plongez-vous dans la beaut\u00e9 naturelle intacte de la vall\u00e9e.<\/p>\n<p>Terminez votre voyage \u00e0 la ville souterraine de Kaymakl\u0131, la deuxi\u00e8me plus grande ville souterraine de <b><strong>Cappadoce<\/strong><\/b>. Explorez ses passages labyrinthiques, ses cuisines, ses quartiers d&#8217;habitation et bien d&#8217;autres choses encore, creus\u00e9s profond\u00e9ment dans la roche.<\/p>\n<p>Laissez-vous s\u00e9duire par les tr\u00e9sors du sud de la Cappadoce gr\u00e2ce \u00e0 notre <b><strong>visite priv\u00e9e de la Cappadoce bleue,<\/strong><\/b> et un autre jour, plongez dans les merveilles du centre de la <b><strong>Cappadoce<\/strong><\/b> gr\u00e2ce \u00e0 notre visite verte. Consultez nos circuits priv\u00e9s ici !<\/p>\n","protected":false},"excerpt":{"rendered":"<p>Embarquez pour un voyage inoubliable \u00e0 travers les joyaux cach\u00e9s de la <b><strong>Cappadoce<\/strong><\/b> gr\u00e2ce \u00e0 notre <b><strong>circuit bleu priv\u00e9<\/strong><\/b>. Plongez dans la riche histoire et les paysages \u00e0 couper le souffle de cette ancienne r\u00e9gion en compagnie de nos guides arch\u00e9ologues dipl\u00f4m\u00e9s. Votre aventure commence lorsque nous venons vous chercher \u00e0 votre h\u00f4tel.<\/p>\n","protected":false},"featured_media":174807,"comment_status":"open","ping_status":"closed","template":"","meta":{"_acf_changed":false},"product_brand":[],"product_cat":[5324,5327,3734],"product_tag":[],"class_list":{"0":"post-174851","1":"product","2":"type-product","3":"status-publish","4":"has-post-thumbnail","6":"product_cat-cappadoce","7":"product_cat-toutes-les-visites-privees-fr-5","8":"product_cat-turquie-fr","10":"first","11":"instock","12":"shipping-taxable","13":"purchasable","14":"product-type-simple"},"acf":[],"yoast_head":"<!-- This site is optimized with the Yoast SEO Premium plugin v25.3.1 (Yoast SEO v25.3.1) - https:\/\/yoast.com\/wordpress\/plugins\/seo\/ -->\n<title>\u27a1\ufe0f Excursion priv\u00e9e en Cappadoce (Bleu Tour) | Tour Travel &amp; More<\/title>\n<meta name=\"description\" content=\"Profitez d&#039;une merveilleuse visite Bleu priv\u00e9e de la Cappadoce pour admirer ses b\u00e2timents les plus importants en compagnie d&#039;un guide officiel \u2705\" \/>\n<meta name=\"robots\" content=\"index, follow, max-snippet:-1, max-image-preview:large, max-video-preview:-1\" \/>\n<link rel=\"canonical\" href=\"https:\/\/tourtravelandmore.com\/fr\/tours\/turquie-fr\/cappadoce\/toutes-les-visites-privees-fr-5\/excursion-privee-dans-la-cappadoce-verte-copy\/\" \/>\n<meta property=\"og:locale\" content=\"fr_FR\" \/>\n<meta property=\"og:type\" content=\"article\" \/>\n<meta property=\"og:title\" content=\"Excursion priv\u00e9e en Cappadoce (Bleu Tour)\" \/>\n<meta property=\"og:description\" content=\"Profitez d&#039;une merveilleuse visite Bleu priv\u00e9e de la Cappadoce pour admirer ses b\u00e2timents les plus importants en compagnie d&#039;un guide officiel \u2705\" \/>\n<meta property=\"og:url\" content=\"https:\/\/tourtravelandmore.com\/fr\/tours\/turquie-fr\/cappadoce\/toutes-les-visites-privees-fr-5\/excursion-privee-dans-la-cappadoce-verte-copy\/\" \/>\n<meta property=\"og:site_name\" content=\"Tour Travel And More\" \/>\n<meta property=\"article:publisher\" content=\"https:\/\/www.facebook.com\/tourtravelandmore\/\" \/>\n<meta property=\"article:modified_time\" content=\"2024-04-25T18:11:09+00:00\" \/>\n<meta property=\"og:image\" content=\"https:\/\/tourtravelandmore.com\/wp-content\/uploads\/2024\/04\/pexels-photo-2563681.jpg\" \/>\n\t<meta property=\"og:image:width\" content=\"1125\" \/>\n\t<meta property=\"og:image:height\" content=\"750\" \/>\n\t<meta property=\"og:image:type\" content=\"image\/jpeg\" \/>\n<meta name=\"twitter:card\" content=\"summary_large_image\" \/>\n<meta name=\"twitter:site\" content=\"@TourTravel_More\" \/>\n<meta name=\"twitter:label1\" content=\"Dur\u00e9e de lecture estim\u00e9e\" \/>\n\t<meta name=\"twitter:data1\" content=\"2 minutes\" \/>\n<script type=\"application\/ld+json\" class=\"yoast-schema-graph\">{\"@context\":\"https:\/\/schema.org\",\"@graph\":[{\"@type\":\"WebPage\",\"@id\":\"https:\/\/tourtravelandmore.com\/fr\/tours\/turquie-fr\/cappadoce\/toutes-les-visites-privees-fr-5\/excursion-privee-dans-la-cappadoce-verte-copy\/\",\"url\":\"https:\/\/tourtravelandmore.com\/fr\/tours\/turquie-fr\/cappadoce\/toutes-les-visites-privees-fr-5\/excursion-privee-dans-la-cappadoce-verte-copy\/\",\"name\":\"\u27a1\ufe0f Excursion priv\u00e9e en Cappadoce (Bleu Tour) | Tour Travel & More\",\"isPartOf\":{\"@id\":\"https:\/\/tourtravelandmore.com\/fr\/#website\"},\"primaryImageOfPage\":{\"@id\":\"https:\/\/tourtravelandmore.com\/fr\/tours\/turquie-fr\/cappadoce\/toutes-les-visites-privees-fr-5\/excursion-privee-dans-la-cappadoce-verte-copy\/#primaryimage\"},\"image\":{\"@id\":\"https:\/\/tourtravelandmore.com\/fr\/tours\/turquie-fr\/cappadoce\/toutes-les-visites-privees-fr-5\/excursion-privee-dans-la-cappadoce-verte-copy\/#primaryimage\"},\"thumbnailUrl\":\"https:\/\/tourtravelandmore.com\/wp-content\/uploads\/2024\/04\/pexels-photo-2563681.jpg\",\"datePublished\":\"2024-04-23T12:46:20+00:00\",\"dateModified\":\"2024-04-25T18:11:09+00:00\",\"description\":\"Profitez d'une merveilleuse visite Bleu priv\u00e9e de la Cappadoce pour admirer ses b\u00e2timents les plus importants en compagnie d'un guide officiel \u2705\",\"breadcrumb\":{\"@id\":\"https:\/\/tourtravelandmore.com\/fr\/tours\/turquie-fr\/cappadoce\/toutes-les-visites-privees-fr-5\/excursion-privee-dans-la-cappadoce-verte-copy\/#breadcrumb\"},\"inLanguage\":\"fr-FR\",\"potentialAction\":[{\"@type\":\"ReadAction\",\"target\":[\"https:\/\/tourtravelandmore.com\/fr\/tours\/turquie-fr\/cappadoce\/toutes-les-visites-privees-fr-5\/excursion-privee-dans-la-cappadoce-verte-copy\/\"]}]},{\"@type\":\"ImageObject\",\"inLanguage\":\"fr-FR\",\"@id\":\"https:\/\/tourtravelandmore.com\/fr\/tours\/turquie-fr\/cappadoce\/toutes-les-visites-privees-fr-5\/excursion-privee-dans-la-cappadoce-verte-copy\/#primaryimage\",\"url\":\"https:\/\/tourtravelandmore.com\/wp-content\/uploads\/2024\/04\/pexels-photo-2563681.jpg\",\"contentUrl\":\"https:\/\/tourtravelandmore.com\/wp-content\/uploads\/2024\/04\/pexels-photo-2563681.jpg\",\"width\":1125,\"height\":750},{\"@type\":\"BreadcrumbList\",\"@id\":\"https:\/\/tourtravelandmore.com\/fr\/tours\/turquie-fr\/cappadoce\/toutes-les-visites-privees-fr-5\/excursion-privee-dans-la-cappadoce-verte-copy\/#breadcrumb\",\"itemListElement\":[{\"@type\":\"ListItem\",\"position\":1,\"name\":\"Home\",\"item\":\"https:\/\/tourtravelandmore.com\/fr\/\"},{\"@type\":\"ListItem\",\"position\":2,\"name\":\"Tours\",\"item\":\"https:\/\/tourtravelandmore.com\/fr\/tours\/\"},{\"@type\":\"ListItem\",\"position\":3,\"name\":\"Excursion priv\u00e9e en Cappadoce (Bleu Tour)\"}]},{\"@type\":\"WebSite\",\"@id\":\"https:\/\/tourtravelandmore.com\/fr\/#website\",\"url\":\"https:\/\/tourtravelandmore.com\/fr\/\",\"name\":\"Tour Travel And More\",\"description\":\"Private sightseeing tours and luxury transfers in Spain\",\"publisher\":{\"@id\":\"https:\/\/tourtravelandmore.com\/fr\/#organization\"},\"potentialAction\":[{\"@type\":\"SearchAction\",\"target\":{\"@type\":\"EntryPoint\",\"urlTemplate\":\"https:\/\/tourtravelandmore.com\/fr\/?s={search_term_string}\"},\"query-input\":{\"@type\":\"PropertyValueSpecification\",\"valueRequired\":true,\"valueName\":\"search_term_string\"}}],\"inLanguage\":\"fr-FR\"},{\"@type\":\"Organization\",\"@id\":\"https:\/\/tourtravelandmore.com\/fr\/#organization\",\"name\":\"Tour Travel And More\",\"url\":\"https:\/\/tourtravelandmore.com\/fr\/\",\"logo\":{\"@type\":\"ImageObject\",\"inLanguage\":\"fr-FR\",\"@id\":\"https:\/\/tourtravelandmore.com\/fr\/#\/schema\/logo\/image\/\",\"url\":\"https:\/\/tourtravelandmore.com\/wp-content\/uploads\/2022\/12\/cropped-logo-cabecera-new.png\",\"contentUrl\":\"https:\/\/tourtravelandmore.com\/wp-content\/uploads\/2022\/12\/cropped-logo-cabecera-new.png\",\"width\":430,\"height\":61,\"caption\":\"Tour Travel And More\"},\"image\":{\"@id\":\"https:\/\/tourtravelandmore.com\/fr\/#\/schema\/logo\/image\/\"},\"sameAs\":[\"https:\/\/www.facebook.com\/tourtravelandmore\/\",\"https:\/\/x.com\/TourTravel_More\"]}]}<\/script>\n<!-- \/ Yoast SEO Premium plugin. -->","yoast_head_json":{"title":"\u27a1\ufe0f Excursion priv\u00e9e en Cappadoce (Bleu Tour) | Tour Travel & More","description":"Profitez d'une merveilleuse visite Bleu priv\u00e9e de la Cappadoce pour admirer ses b\u00e2timents les plus importants en compagnie d'un guide officiel \u2705","robots":{"index":"index","follow":"follow","max-snippet":"max-snippet:-1","max-image-preview":"max-image-preview:large","max-video-preview":"max-video-preview:-1"},"canonical":"https:\/\/tourtravelandmore.com\/fr\/tours\/turquie-fr\/cappadoce\/toutes-les-visites-privees-fr-5\/excursion-privee-dans-la-cappadoce-verte-copy\/","og_locale":"fr_FR","og_type":"article","og_title":"Excursion priv\u00e9e en Cappadoce (Bleu Tour)","og_description":"Profitez d'une merveilleuse visite Bleu priv\u00e9e de la Cappadoce pour admirer ses b\u00e2timents les plus importants en compagnie d'un guide officiel \u2705","og_url":"https:\/\/tourtravelandmore.com\/fr\/tours\/turquie-fr\/cappadoce\/toutes-les-visites-privees-fr-5\/excursion-privee-dans-la-cappadoce-verte-copy\/","og_site_name":"Tour Travel And More","article_publisher":"https:\/\/www.facebook.com\/tourtravelandmore\/","article_modified_time":"2024-04-25T18:11:09+00:00","og_image":[{"width":1125,"height":750,"url":"https:\/\/tourtravelandmore.com\/wp-content\/uploads\/2024\/04\/pexels-photo-2563681.jpg","type":"image\/jpeg"}],"twitter_card":"summary_large_image","twitter_site":"@TourTravel_More","twitter_misc":{"Dur\u00e9e de lecture estim\u00e9e":"2 minutes"},"schema":{"@context":"https:\/\/schema.org","@graph":[{"@type":"WebPage","@id":"https:\/\/tourtravelandmore.com\/fr\/tours\/turquie-fr\/cappadoce\/toutes-les-visites-privees-fr-5\/excursion-privee-dans-la-cappadoce-verte-copy\/","url":"https:\/\/tourtravelandmore.com\/fr\/tours\/turquie-fr\/cappadoce\/toutes-les-visites-privees-fr-5\/excursion-privee-dans-la-cappadoce-verte-copy\/","name":"\u27a1\ufe0f Excursion priv\u00e9e en Cappadoce (Bleu Tour) | Tour Travel & More","isPartOf":{"@id":"https:\/\/tourtravelandmore.com\/fr\/#website"},"primaryImageOfPage":{"@id":"https:\/\/tourtravelandmore.com\/fr\/tours\/turquie-fr\/cappadoce\/toutes-les-visites-privees-fr-5\/excursion-privee-dans-la-cappadoce-verte-copy\/#primaryimage"},"image":{"@id":"https:\/\/tourtravelandmore.com\/fr\/tours\/turquie-fr\/cappadoce\/toutes-les-visites-privees-fr-5\/excursion-privee-dans-la-cappadoce-verte-copy\/#primaryimage"},"thumbnailUrl":"https:\/\/tourtravelandmore.com\/wp-content\/uploads\/2024\/04\/pexels-photo-2563681.jpg","datePublished":"2024-04-23T12:46:20+00:00","dateModified":"2024-04-25T18:11:09+00:00","description":"Profitez d'une merveilleuse visite Bleu priv\u00e9e de la Cappadoce pour admirer ses b\u00e2timents les plus importants en compagnie d'un guide officiel \u2705","breadcrumb":{"@id":"https:\/\/tourtravelandmore.com\/fr\/tours\/turquie-fr\/cappadoce\/toutes-les-visites-privees-fr-5\/excursion-privee-dans-la-cappadoce-verte-copy\/#breadcrumb"},"inLanguage":"fr-FR","potentialAction":[{"@type":"ReadAction","target":["https:\/\/tourtravelandmore.com\/fr\/tours\/turquie-fr\/cappadoce\/toutes-les-visites-privees-fr-5\/excursion-privee-dans-la-cappadoce-verte-copy\/"]}]},{"@type":"ImageObject","inLanguage":"fr-FR","@id":"https:\/\/tourtravelandmore.com\/fr\/tours\/turquie-fr\/cappadoce\/toutes-les-visites-privees-fr-5\/excursion-privee-dans-la-cappadoce-verte-copy\/#primaryimage","url":"https:\/\/tourtravelandmore.com\/wp-content\/uploads\/2024\/04\/pexels-photo-2563681.jpg","contentUrl":"https:\/\/tourtravelandmore.com\/wp-content\/uploads\/2024\/04\/pexels-photo-2563681.jpg","width":1125,"height":750},{"@type":"BreadcrumbList","@id":"https:\/\/tourtravelandmore.com\/fr\/tours\/turquie-fr\/cappadoce\/toutes-les-visites-privees-fr-5\/excursion-privee-dans-la-cappadoce-verte-copy\/#breadcrumb","itemListElement":[{"@type":"ListItem","position":1,"name":"Home","item":"https:\/\/tourtravelandmore.com\/fr\/"},{"@type":"ListItem","position":2,"name":"Tours","item":"https:\/\/tourtravelandmore.com\/fr\/tours\/"},{"@type":"ListItem","position":3,"name":"Excursion priv\u00e9e en Cappadoce (Bleu Tour)"}]},{"@type":"WebSite","@id":"https:\/\/tourtravelandmore.com\/fr\/#website","url":"https:\/\/tourtravelandmore.com\/fr\/","name":"Tour Travel And More","description":"Private sightseeing tours and luxury transfers in Spain","publisher":{"@id":"https:\/\/tourtravelandmore.com\/fr\/#organization"},"potentialAction":[{"@type":"SearchAction","target":{"@type":"EntryPoint","urlTemplate":"https:\/\/tourtravelandmore.com\/fr\/?s={search_term_string}"},"query-input":{"@type":"PropertyValueSpecification","valueRequired":true,"valueName":"search_term_string"}}],"inLanguage":"fr-FR"},{"@type":"Organization","@id":"https:\/\/tourtravelandmore.com\/fr\/#organization","name":"Tour Travel And More","url":"https:\/\/tourtravelandmore.com\/fr\/","logo":{"@type":"ImageObject","inLanguage":"fr-FR","@id":"https:\/\/tourtravelandmore.com\/fr\/#\/schema\/logo\/image\/","url":"https:\/\/tourtravelandmore.com\/wp-content\/uploads\/2022\/12\/cropped-logo-cabecera-new.png","contentUrl":"https:\/\/tourtravelandmore.com\/wp-content\/uploads\/2022\/12\/cropped-logo-cabecera-new.png","width":430,"height":61,"caption":"Tour Travel And More"},"image":{"@id":"https:\/\/tourtravelandmore.com\/fr\/#\/schema\/logo\/image\/"},"sameAs":["https:\/\/www.facebook.com\/tourtravelandmore\/","https:\/\/x.com\/TourTravel_More"]}]}},"_links":{"self":[{"href":"https:\/\/tourtravelandmore.com\/fr\/wp-json\/wp\/v2\/product\/174851","targetHints":{"allow":["GET"]}}],"collection":[{"href":"https:\/\/tourtravelandmore.com\/fr\/wp-json\/wp\/v2\/product"}],"about":[{"href":"https:\/\/tourtravelandmore.com\/fr\/wp-json\/wp\/v2\/types\/product"}],"replies":[{"embeddable":true,"href":"https:\/\/tourtravelandmore.com\/fr\/wp-json\/wp\/v2\/comments?post=174851"}],"wp:featuredmedia":[{"embeddable":true,"href":"https:\/\/tourtravelandmore.com\/fr\/wp-json\/wp\/v2\/media\/174807"}],"wp:attachment":[{"href":"https:\/\/tourtravelandmore.com\/fr\/wp-json\/wp\/v2\/media?parent=174851"}],"wp:term":[{"taxonomy":"product_brand","embeddable":true,"href":"https:\/\/tourtravelandmore.com\/fr\/wp-json\/wp\/v2\/product_brand?post=174851"},{"taxonomy":"product_cat","embeddable":true,"href":"https:\/\/tourtravelandmore.com\/fr\/wp-json\/wp\/v2\/product_cat?post=174851"},{"taxonomy":"product_tag","embeddable":true,"href":"https:\/\/tourtravelandmore.com\/fr\/wp-json\/wp\/v2\/product_tag?post=174851"}],"curies":[{"name":"wp","href":"https:\/\/api.w.org\/{rel}","templated":true}]}}