{"id":174822,"date":"2024-04-22T18:23:05","date_gmt":"2024-04-22T16:23:09","guid":{"rendered":"https:\/\/tourtravelandmore.com\/?post_type=product&#038;p=174822"},"modified":"2024-04-25T18:32:01","modified_gmt":"2024-04-25T16:32:01","slug":"visite-privee-de-liverpool-et-du-stade-danfield-copy-2","status":"publish","type":"product","link":"https:\/\/tourtravelandmore.com\/fr\/tours\/turquie-fr\/cappadoce\/toutes-les-visites-privees-fr-5\/visite-privee-de-liverpool-et-du-stade-danfield-copy-2\/","title":{"rendered":"Excursion priv\u00e9e dans la Cappadoce verte"},"content":{"rendered":"<h2><b><strong>Description de l&#8217;excursion priv\u00e9e dans la Cappadoce verte<\/strong><\/b><\/h2>\n<p>Embarquez pour un voyage captivant \u00e0 travers les paysages enchanteurs de la Cappadoce avec notre visite priv\u00e9e de la Cappadoce verte. Commencez votre aventure \u00e0 9h30 en partant de votre h\u00f4tel, accompagn\u00e9 de notre guide professionnel et d&#8217;un chauffeur exp\u00e9riment\u00e9.<\/p>\n<p>La visite verte d\u00e9voile les merveilles du sud de la Cappadoce, en commen\u00e7ant par l&#8217;\u00e9poustouflant point de vue panoramique de G\u00f6reme. Ici, vous pourrez profiter de vues panoramiques sur la ville de G\u00f6reme et prendre d&#8217;impressionnantes photos de la Cappadoce centrale.<\/p>\n<p>Plongez dans l&#8217;histoire en visitant l&#8217;ancienne cit\u00e9 souterraine de Kaymakl\u0131, consid\u00e9r\u00e9e comme la plus ancienne de ce type en Cappadoce. Soyez t\u00e9moin de l&#8217;ing\u00e9niosit\u00e9 des civilisations anciennes en explorant les passages souterrains, qui servaient autrefois de sanctuaires et d&#8217;entrep\u00f4ts, offrant une protection contre les adversaires.<\/p>\n<h2><b>Points forts<\/b><\/h2>\n<p>Le Green Tour s&#8217;adresse aux passionn\u00e9s de nature, aux amateurs de botanique et aux randonneurs inv\u00e9t\u00e9r\u00e9s, en leur offrant un m\u00e9lange immersif d&#8217;histoire et de splendeur naturelle dans les paysages pittoresques de la Cappadoce.<\/p>\n<ul>\n<li><b><strong>Point de vue panoramique de G\u00f6reme :<\/strong><\/b> Admirez les vues panoramiques de la ville de G\u00f6reme et capturez l&#8217;essence de la Cappadoce centrale dans des instantan\u00e9s inoubliables.<\/li>\n<li><b><strong>Ville souterraine de Kaymakl\u0131 :<\/strong><\/b> Remontez le temps et explorez le r\u00e9seau complexe de tunnels et de chambres de cette ancienne ville souterraine, qui t\u00e9moigne de la r\u00e9silience et de l&#8217;innovation de l&#8217;homme.<\/li>\n<li><b><strong>Vall\u00e9e d&#8217;Ihlara :<\/strong><\/b> Plongez dans la splendeur naturelle de la vall\u00e9e d&#8217;Ihlara, l&#8217;un des plus grands canyons du monde, qui offre des paysages \u00e9poustouflants et une riche biodiversit\u00e9.<\/li>\n<li><b><strong>Village de Belis\u0131rma :<\/strong><\/b> D\u00e9couvrez le charme rustique du village de Belis\u0131rma, o\u00f9 le temps semble s&#8217;\u00eatre arr\u00eat\u00e9 au milieu d&#8217;un environnement pittoresque et d&#8217;une hospitalit\u00e9 chaleureuse.<\/li>\n<li><b><strong>Panorama de Yaprakhisar et monast\u00e8re de Selime :<\/strong><\/b> Transportez-vous dans le royaume des merveilles cin\u00e9matographiques au panorama de Yaprakhisar, connu pour son r\u00f4le dans les sc\u00e8nes embl\u00e9matiques de Star Wars. Explorez le majestueux monast\u00e8re de Selime, une merveille architecturale taill\u00e9e dans le paysage rocheux.<\/li>\n<li><b><strong>Panorama de la vall\u00e9e du Pigeon :<\/strong><\/b> Admirez la beaut\u00e9 de la vall\u00e9e des pigeons \u00e0 U\u00e7hisar, orn\u00e9e d&#8217;innombrables pigeonniers, tout en d\u00e9couvrant l&#8217;importance de ces habitants \u00e0 plumes pour la r\u00e9gion.<\/li>\n<\/ul>\n<p>Terminez votre excursion par la visite d&#8217;un vibrant bazar artisanal, o\u00f9 les artisans pr\u00e9sentent l&#8217;art traditionnel de la Cappadoce, offrant ainsi un aper\u00e7u du riche patrimoine culturel de la r\u00e9gion.<\/p>\n<p>Laissez-vous s\u00e9duire par les tr\u00e9sors du sud de la Cappadoce gr\u00e2ce \u00e0 notre visite priv\u00e9e de la Cappadoce verte, et un autre jour, plongez dans les merveilles de la Cappadoce centrale gr\u00e2ce \u00e0 notre visite rouge. Consultez nos circuits priv\u00e9s ici !<\/p>\n","protected":false},"excerpt":{"rendered":"<p>Embarquez pour un voyage captivant \u00e0 travers les paysages enchanteurs de la Cappadoce avec notre visite priv\u00e9e de la Cappadoce verte. Commencez votre aventure \u00e0 9h30 en partant de votre h\u00f4tel, accompagn\u00e9 de notre guide professionnel et d&#8217;un chauffeur exp\u00e9riment\u00e9.<\/p>\n","protected":false},"featured_media":174798,"comment_status":"open","ping_status":"closed","template":"","meta":{"_acf_changed":false},"product_brand":[],"product_cat":[5324,5327,3734],"product_tag":[],"class_list":{"0":"post-174822","1":"product","2":"type-product","3":"status-publish","4":"has-post-thumbnail","6":"product_cat-cappadoce","7":"product_cat-toutes-les-visites-privees-fr-5","8":"product_cat-turquie-fr","10":"first","11":"instock","12":"shipping-taxable","13":"purchasable","14":"product-type-simple"},"acf":[],"yoast_head":"<!-- This site is optimized with the Yoast SEO Premium plugin v25.3.1 (Yoast SEO v25.3.1) - https:\/\/yoast.com\/wordpress\/plugins\/seo\/ -->\n<title>\u27a1\ufe0f Excursion priv\u00e9e dans la Cappadoce verte| Tour Travel &amp; More<\/title>\n<meta name=\"description\" content=\"Profitez d&#039;une merveilleuse visite verte priv\u00e9e de la Cappadoce pour admirer ses b\u00e2timents les plus importants en compagnie d&#039;un guide officiel \u2705\" \/>\n<meta name=\"robots\" content=\"index, follow, max-snippet:-1, max-image-preview:large, max-video-preview:-1\" \/>\n<link rel=\"canonical\" href=\"https:\/\/tourtravelandmore.com\/fr\/tours\/turquie-fr\/cappadoce\/toutes-les-visites-privees-fr-5\/visite-privee-de-liverpool-et-du-stade-danfield-copy-2\/\" \/>\n<meta property=\"og:locale\" content=\"fr_FR\" \/>\n<meta property=\"og:type\" content=\"article\" \/>\n<meta property=\"og:title\" content=\"Excursion priv\u00e9e dans la Cappadoce verte\" \/>\n<meta property=\"og:description\" content=\"Profitez d&#039;une merveilleuse visite verte priv\u00e9e de la Cappadoce pour admirer ses b\u00e2timents les plus importants en compagnie d&#039;un guide officiel \u2705\" \/>\n<meta property=\"og:url\" content=\"https:\/\/tourtravelandmore.com\/fr\/tours\/turquie-fr\/cappadoce\/toutes-les-visites-privees-fr-5\/visite-privee-de-liverpool-et-du-stade-danfield-copy-2\/\" \/>\n<meta property=\"og:site_name\" content=\"Tour Travel And More\" \/>\n<meta property=\"article:publisher\" content=\"https:\/\/www.facebook.com\/tourtravelandmore\/\" \/>\n<meta property=\"article:modified_time\" content=\"2024-04-25T16:32:01+00:00\" \/>\n<meta property=\"og:image\" content=\"https:\/\/tourtravelandmore.com\/wp-content\/uploads\/2024\/04\/pexels-photo-2563598.jpg\" \/>\n\t<meta property=\"og:image:width\" content=\"1125\" \/>\n\t<meta property=\"og:image:height\" content=\"750\" \/>\n\t<meta property=\"og:image:type\" content=\"image\/jpeg\" \/>\n<meta name=\"twitter:card\" content=\"summary_large_image\" \/>\n<meta name=\"twitter:site\" content=\"@TourTravel_More\" \/>\n<meta name=\"twitter:label1\" content=\"Dur\u00e9e de lecture estim\u00e9e\" \/>\n\t<meta name=\"twitter:data1\" content=\"2 minutes\" \/>\n<script type=\"application\/ld+json\" class=\"yoast-schema-graph\">{\"@context\":\"https:\/\/schema.org\",\"@graph\":[{\"@type\":\"WebPage\",\"@id\":\"https:\/\/tourtravelandmore.com\/fr\/tours\/turquie-fr\/cappadoce\/toutes-les-visites-privees-fr-5\/visite-privee-de-liverpool-et-du-stade-danfield-copy-2\/\",\"url\":\"https:\/\/tourtravelandmore.com\/fr\/tours\/turquie-fr\/cappadoce\/toutes-les-visites-privees-fr-5\/visite-privee-de-liverpool-et-du-stade-danfield-copy-2\/\",\"name\":\"\u27a1\ufe0f Excursion priv\u00e9e dans la Cappadoce verte| Tour Travel & More\",\"isPartOf\":{\"@id\":\"https:\/\/tourtravelandmore.com\/fr\/#website\"},\"primaryImageOfPage\":{\"@id\":\"https:\/\/tourtravelandmore.com\/fr\/tours\/turquie-fr\/cappadoce\/toutes-les-visites-privees-fr-5\/visite-privee-de-liverpool-et-du-stade-danfield-copy-2\/#primaryimage\"},\"image\":{\"@id\":\"https:\/\/tourtravelandmore.com\/fr\/tours\/turquie-fr\/cappadoce\/toutes-les-visites-privees-fr-5\/visite-privee-de-liverpool-et-du-stade-danfield-copy-2\/#primaryimage\"},\"thumbnailUrl\":\"https:\/\/tourtravelandmore.com\/wp-content\/uploads\/2024\/04\/pexels-photo-2563598.jpg\",\"datePublished\":\"2024-04-22T16:23:09+00:00\",\"dateModified\":\"2024-04-25T16:32:01+00:00\",\"description\":\"Profitez d'une merveilleuse visite verte priv\u00e9e de la Cappadoce pour admirer ses b\u00e2timents les plus importants en compagnie d'un guide officiel \u2705\",\"breadcrumb\":{\"@id\":\"https:\/\/tourtravelandmore.com\/fr\/tours\/turquie-fr\/cappadoce\/toutes-les-visites-privees-fr-5\/visite-privee-de-liverpool-et-du-stade-danfield-copy-2\/#breadcrumb\"},\"inLanguage\":\"fr-FR\",\"potentialAction\":[{\"@type\":\"ReadAction\",\"target\":[\"https:\/\/tourtravelandmore.com\/fr\/tours\/turquie-fr\/cappadoce\/toutes-les-visites-privees-fr-5\/visite-privee-de-liverpool-et-du-stade-danfield-copy-2\/\"]}]},{\"@type\":\"ImageObject\",\"inLanguage\":\"fr-FR\",\"@id\":\"https:\/\/tourtravelandmore.com\/fr\/tours\/turquie-fr\/cappadoce\/toutes-les-visites-privees-fr-5\/visite-privee-de-liverpool-et-du-stade-danfield-copy-2\/#primaryimage\",\"url\":\"https:\/\/tourtravelandmore.com\/wp-content\/uploads\/2024\/04\/pexels-photo-2563598.jpg\",\"contentUrl\":\"https:\/\/tourtravelandmore.com\/wp-content\/uploads\/2024\/04\/pexels-photo-2563598.jpg\",\"width\":1125,\"height\":750},{\"@type\":\"BreadcrumbList\",\"@id\":\"https:\/\/tourtravelandmore.com\/fr\/tours\/turquie-fr\/cappadoce\/toutes-les-visites-privees-fr-5\/visite-privee-de-liverpool-et-du-stade-danfield-copy-2\/#breadcrumb\",\"itemListElement\":[{\"@type\":\"ListItem\",\"position\":1,\"name\":\"Home\",\"item\":\"https:\/\/tourtravelandmore.com\/fr\/\"},{\"@type\":\"ListItem\",\"position\":2,\"name\":\"Tours\",\"item\":\"https:\/\/tourtravelandmore.com\/fr\/tours\/\"},{\"@type\":\"ListItem\",\"position\":3,\"name\":\"Excursion priv\u00e9e dans la Cappadoce verte\"}]},{\"@type\":\"WebSite\",\"@id\":\"https:\/\/tourtravelandmore.com\/fr\/#website\",\"url\":\"https:\/\/tourtravelandmore.com\/fr\/\",\"name\":\"Tour Travel And More\",\"description\":\"Private sightseeing tours and luxury transfers in Spain\",\"publisher\":{\"@id\":\"https:\/\/tourtravelandmore.com\/fr\/#organization\"},\"potentialAction\":[{\"@type\":\"SearchAction\",\"target\":{\"@type\":\"EntryPoint\",\"urlTemplate\":\"https:\/\/tourtravelandmore.com\/fr\/?s={search_term_string}\"},\"query-input\":{\"@type\":\"PropertyValueSpecification\",\"valueRequired\":true,\"valueName\":\"search_term_string\"}}],\"inLanguage\":\"fr-FR\"},{\"@type\":\"Organization\",\"@id\":\"https:\/\/tourtravelandmore.com\/fr\/#organization\",\"name\":\"Tour Travel And More\",\"url\":\"https:\/\/tourtravelandmore.com\/fr\/\",\"logo\":{\"@type\":\"ImageObject\",\"inLanguage\":\"fr-FR\",\"@id\":\"https:\/\/tourtravelandmore.com\/fr\/#\/schema\/logo\/image\/\",\"url\":\"https:\/\/tourtravelandmore.com\/wp-content\/uploads\/2022\/12\/cropped-logo-cabecera-new.png\",\"contentUrl\":\"https:\/\/tourtravelandmore.com\/wp-content\/uploads\/2022\/12\/cropped-logo-cabecera-new.png\",\"width\":430,\"height\":61,\"caption\":\"Tour Travel And More\"},\"image\":{\"@id\":\"https:\/\/tourtravelandmore.com\/fr\/#\/schema\/logo\/image\/\"},\"sameAs\":[\"https:\/\/www.facebook.com\/tourtravelandmore\/\",\"https:\/\/x.com\/TourTravel_More\"]}]}<\/script>\n<!-- \/ Yoast SEO Premium plugin. -->","yoast_head_json":{"title":"\u27a1\ufe0f Excursion priv\u00e9e dans la Cappadoce verte| Tour Travel & More","description":"Profitez d'une merveilleuse visite verte priv\u00e9e de la Cappadoce pour admirer ses b\u00e2timents les plus importants en compagnie d'un guide officiel \u2705","robots":{"index":"index","follow":"follow","max-snippet":"max-snippet:-1","max-image-preview":"max-image-preview:large","max-video-preview":"max-video-preview:-1"},"canonical":"https:\/\/tourtravelandmore.com\/fr\/tours\/turquie-fr\/cappadoce\/toutes-les-visites-privees-fr-5\/visite-privee-de-liverpool-et-du-stade-danfield-copy-2\/","og_locale":"fr_FR","og_type":"article","og_title":"Excursion priv\u00e9e dans la Cappadoce verte","og_description":"Profitez d'une merveilleuse visite verte priv\u00e9e de la Cappadoce pour admirer ses b\u00e2timents les plus importants en compagnie d'un guide officiel \u2705","og_url":"https:\/\/tourtravelandmore.com\/fr\/tours\/turquie-fr\/cappadoce\/toutes-les-visites-privees-fr-5\/visite-privee-de-liverpool-et-du-stade-danfield-copy-2\/","og_site_name":"Tour Travel And More","article_publisher":"https:\/\/www.facebook.com\/tourtravelandmore\/","article_modified_time":"2024-04-25T16:32:01+00:00","og_image":[{"width":1125,"height":750,"url":"https:\/\/tourtravelandmore.com\/wp-content\/uploads\/2024\/04\/pexels-photo-2563598.jpg","type":"image\/jpeg"}],"twitter_card":"summary_large_image","twitter_site":"@TourTravel_More","twitter_misc":{"Dur\u00e9e de lecture estim\u00e9e":"2 minutes"},"schema":{"@context":"https:\/\/schema.org","@graph":[{"@type":"WebPage","@id":"https:\/\/tourtravelandmore.com\/fr\/tours\/turquie-fr\/cappadoce\/toutes-les-visites-privees-fr-5\/visite-privee-de-liverpool-et-du-stade-danfield-copy-2\/","url":"https:\/\/tourtravelandmore.com\/fr\/tours\/turquie-fr\/cappadoce\/toutes-les-visites-privees-fr-5\/visite-privee-de-liverpool-et-du-stade-danfield-copy-2\/","name":"\u27a1\ufe0f Excursion priv\u00e9e dans la Cappadoce verte| Tour Travel & More","isPartOf":{"@id":"https:\/\/tourtravelandmore.com\/fr\/#website"},"primaryImageOfPage":{"@id":"https:\/\/tourtravelandmore.com\/fr\/tours\/turquie-fr\/cappadoce\/toutes-les-visites-privees-fr-5\/visite-privee-de-liverpool-et-du-stade-danfield-copy-2\/#primaryimage"},"image":{"@id":"https:\/\/tourtravelandmore.com\/fr\/tours\/turquie-fr\/cappadoce\/toutes-les-visites-privees-fr-5\/visite-privee-de-liverpool-et-du-stade-danfield-copy-2\/#primaryimage"},"thumbnailUrl":"https:\/\/tourtravelandmore.com\/wp-content\/uploads\/2024\/04\/pexels-photo-2563598.jpg","datePublished":"2024-04-22T16:23:09+00:00","dateModified":"2024-04-25T16:32:01+00:00","description":"Profitez d'une merveilleuse visite verte priv\u00e9e de la Cappadoce pour admirer ses b\u00e2timents les plus importants en compagnie d'un guide officiel \u2705","breadcrumb":{"@id":"https:\/\/tourtravelandmore.com\/fr\/tours\/turquie-fr\/cappadoce\/toutes-les-visites-privees-fr-5\/visite-privee-de-liverpool-et-du-stade-danfield-copy-2\/#breadcrumb"},"inLanguage":"fr-FR","potentialAction":[{"@type":"ReadAction","target":["https:\/\/tourtravelandmore.com\/fr\/tours\/turquie-fr\/cappadoce\/toutes-les-visites-privees-fr-5\/visite-privee-de-liverpool-et-du-stade-danfield-copy-2\/"]}]},{"@type":"ImageObject","inLanguage":"fr-FR","@id":"https:\/\/tourtravelandmore.com\/fr\/tours\/turquie-fr\/cappadoce\/toutes-les-visites-privees-fr-5\/visite-privee-de-liverpool-et-du-stade-danfield-copy-2\/#primaryimage","url":"https:\/\/tourtravelandmore.com\/wp-content\/uploads\/2024\/04\/pexels-photo-2563598.jpg","contentUrl":"https:\/\/tourtravelandmore.com\/wp-content\/uploads\/2024\/04\/pexels-photo-2563598.jpg","width":1125,"height":750},{"@type":"BreadcrumbList","@id":"https:\/\/tourtravelandmore.com\/fr\/tours\/turquie-fr\/cappadoce\/toutes-les-visites-privees-fr-5\/visite-privee-de-liverpool-et-du-stade-danfield-copy-2\/#breadcrumb","itemListElement":[{"@type":"ListItem","position":1,"name":"Home","item":"https:\/\/tourtravelandmore.com\/fr\/"},{"@type":"ListItem","position":2,"name":"Tours","item":"https:\/\/tourtravelandmore.com\/fr\/tours\/"},{"@type":"ListItem","position":3,"name":"Excursion priv\u00e9e dans la Cappadoce verte"}]},{"@type":"WebSite","@id":"https:\/\/tourtravelandmore.com\/fr\/#website","url":"https:\/\/tourtravelandmore.com\/fr\/","name":"Tour Travel And More","description":"Private sightseeing tours and luxury transfers in Spain","publisher":{"@id":"https:\/\/tourtravelandmore.com\/fr\/#organization"},"potentialAction":[{"@type":"SearchAction","target":{"@type":"EntryPoint","urlTemplate":"https:\/\/tourtravelandmore.com\/fr\/?s={search_term_string}"},"query-input":{"@type":"PropertyValueSpecification","valueRequired":true,"valueName":"search_term_string"}}],"inLanguage":"fr-FR"},{"@type":"Organization","@id":"https:\/\/tourtravelandmore.com\/fr\/#organization","name":"Tour Travel And More","url":"https:\/\/tourtravelandmore.com\/fr\/","logo":{"@type":"ImageObject","inLanguage":"fr-FR","@id":"https:\/\/tourtravelandmore.com\/fr\/#\/schema\/logo\/image\/","url":"https:\/\/tourtravelandmore.com\/wp-content\/uploads\/2022\/12\/cropped-logo-cabecera-new.png","contentUrl":"https:\/\/tourtravelandmore.com\/wp-content\/uploads\/2022\/12\/cropped-logo-cabecera-new.png","width":430,"height":61,"caption":"Tour Travel And More"},"image":{"@id":"https:\/\/tourtravelandmore.com\/fr\/#\/schema\/logo\/image\/"},"sameAs":["https:\/\/www.facebook.com\/tourtravelandmore\/","https:\/\/x.com\/TourTravel_More"]}]}},"_links":{"self":[{"href":"https:\/\/tourtravelandmore.com\/fr\/wp-json\/wp\/v2\/product\/174822","targetHints":{"allow":["GET"]}}],"collection":[{"href":"https:\/\/tourtravelandmore.com\/fr\/wp-json\/wp\/v2\/product"}],"about":[{"href":"https:\/\/tourtravelandmore.com\/fr\/wp-json\/wp\/v2\/types\/product"}],"replies":[{"embeddable":true,"href":"https:\/\/tourtravelandmore.com\/fr\/wp-json\/wp\/v2\/comments?post=174822"}],"wp:featuredmedia":[{"embeddable":true,"href":"https:\/\/tourtravelandmore.com\/fr\/wp-json\/wp\/v2\/media\/174798"}],"wp:attachment":[{"href":"https:\/\/tourtravelandmore.com\/fr\/wp-json\/wp\/v2\/media?parent=174822"}],"wp:term":[{"taxonomy":"product_brand","embeddable":true,"href":"https:\/\/tourtravelandmore.com\/fr\/wp-json\/wp\/v2\/product_brand?post=174822"},{"taxonomy":"product_cat","embeddable":true,"href":"https:\/\/tourtravelandmore.com\/fr\/wp-json\/wp\/v2\/product_cat?post=174822"},{"taxonomy":"product_tag","embeddable":true,"href":"https:\/\/tourtravelandmore.com\/fr\/wp-json\/wp\/v2\/product_tag?post=174822"}],"curies":[{"name":"wp","href":"https:\/\/api.w.org\/{rel}","templated":true}]}}