{"id":174777,"date":"2024-04-22T16:22:32","date_gmt":"2024-04-22T14:22:35","guid":{"rendered":"https:\/\/tourtravelandmore.com\/?post_type=product&#038;p=174777"},"modified":"2024-07-04T17:13:12","modified_gmt":"2024-07-04T15:13:12","slug":"circuit-prive-rouge-circuit-nord-de-la-cappadoce","status":"publish","type":"product","link":"https:\/\/tourtravelandmore.com\/fr\/tours\/turquie-fr\/cappadoce\/toutes-les-visites-privees-fr-5\/circuit-prive-rouge-circuit-nord-de-la-cappadoce\/","title":{"rendered":"Circuit priv\u00e9 rouge (circuit nord) de la Cappadoce"},"content":{"rendered":"<h2><strong>Circuit priv\u00e9 rouge (circuit nord) de la Cappadoce Description<\/strong><\/h2>\n<p>Pr\u00e9parez-vous \u00e0 \u00eatre enchant\u00e9 par les paysages captivants et les tr\u00e9sors culturels de la <strong>Cappadoce<\/strong> lors de notre <strong>visite priv\u00e9e rouge (visite du nord)<\/strong>. D&#8217;une dur\u00e9e de 8 heures, ce voyage immersif vous promet une exploration inoubliable des sites les plus embl\u00e9matiques de la r\u00e9gion. Accompagn\u00e9 d&#8217;un guide comp\u00e9tent et conduit dans un v\u00e9hicule confortable, vous d\u00e9couvrirez la riche histoire et les merveilles naturelles de la Cappadoce.<\/p>\n<p>Tout au long de l&#8217;excursion, vous profiterez du confort et de la commodit\u00e9 d&#8217;un transport priv\u00e9, ce qui vous garantira une exp\u00e9rience agr\u00e9able et sans faille du d\u00e9but \u00e0 la fin de l&#8217;excursion. Sous la conduite de notre guide expert, vous d\u00e9couvrirez l&#8217;histoire, la culture et la beaut\u00e9 naturelle de la Cappadoce, cr\u00e9ant ainsi des souvenirs inoubliables.<\/p>\n<p>D\u00e9couvrez les merveilles de la Cappadoce dans le confort et le style gr\u00e2ce \u00e0 notre circuit priv\u00e9 rouge exclusif (circuit nord). R\u00e9servez d\u00e8s maintenant et embarquez pour un voyage inoubliable rempli d&#8217;histoire, de culture et de beaut\u00e9 naturelle.<\/p>\n<h2>Points d&#8217;int\u00e9r\u00eat<\/h2>\n<p>Il s&#8217;agit d&#8217;une visite priv\u00e9e vraiment unique, et nous devons prendre le temps de visiter la Cappadoce. Notre <strong>circuit priv\u00e9 rouge (circuit nord) de la Cappadoce <\/strong>est parfait pour vous.<\/p>\n<p>Profitez des deux sites uniques suivants !<\/p>\n<ul>\n<li><strong>Point de vue panoramique de G\u00f6reme :<\/strong> Capturez des vues panoramiques de l&#8217;\u00e9poustouflant paysage de la Cappadoce depuis ce point de vue panoramique, qui offre des vues incomparables sur les formations rocheuses embl\u00e9matiques de la r\u00e9gion et les chemin\u00e9es de f\u00e9es.<\/li>\n<li><strong>Colline du ch\u00e2teau d&#8217;Uchisar :<\/strong> Explorez l&#8217;ancienne forteresse creus\u00e9e dans l&#8217;imposante formation rocheuse du ch\u00e2teau d&#8217;Uchisar, et profitez d&#8217;une vue imprenable sur les vall\u00e9es et les villages environnants depuis son perchoir \u00e0 flanc de colline.<\/li>\n<li><strong>Mus\u00e9e en plein air de G\u00f6reme ou Pa\u015faba\u011f\u0131 (vall\u00e9e des moines) :<\/strong> Plongez dans le riche patrimoine religieux de la Cappadoce en visitant le mus\u00e9e en plein air de G\u00f6reme ou le paysage surr\u00e9aliste de Pa\u015faba\u011f\u0131, o\u00f9 vous attendent d&#8217;anciennes \u00e9glises taill\u00e9es dans le roc, des fresques vibrantes et des formations rocheuses surr\u00e9alistes.<\/li>\n<li><strong>Village de \u00c7avu\u015fin :<\/strong> D\u00e9couvrez le charme rustique du village de \u00c7avu\u015fin, avec ses maisons traditionnelles en pierre et ses ruelles sinueuses offrant un aper\u00e7u de la vie rurale en Cappadoce.<\/li>\n<li><strong>Atelier de poterie d&#8217;Avanos :<\/strong> D\u00e9couvrez l&#8217;art s\u00e9culaire de la poterie lors d&#8217;un atelier de poterie d&#8217;Avanos, o\u00f9 des artisans qualifi\u00e9s pr\u00e9sentent leurs techniques et proposent des souvenirs artisanaux uniques.<\/li>\n<li><strong>Vall\u00e9e de Devrent (vall\u00e9e de l&#8217;imagination) :<\/strong> Lib\u00e9rez votre imagination au milieu des formations rocheuses fantaisistes de la vall\u00e9e de Devrent, o\u00f9 des sculptures naturelles ressemblant \u00e0 des animaux et \u00e0 des cr\u00e9atures mythiques attendent d&#8217;\u00eatre d\u00e9couvertes.<\/li>\n<\/ul>\n<p>L&#8217;excursion s&#8217;ach\u00e8vera \u00e0 un point de rencontre central situ\u00e9 \u00e0 c\u00f4t\u00e9 de Sainte-Sophie.<\/p>\n<p><a href=\"https:\/\/tourtravelandmore.com\/fr\/city\/turquie-fr\/istanbul-en\/\">Consultez nos autres circuits priv\u00e9s \u00e0 Istambul.<\/a><\/p>\n","protected":false},"excerpt":{"rendered":"<p>Pr\u00e9parez-vous \u00e0 \u00eatre enchant\u00e9 par les paysages captivants et les tr\u00e9sors culturels de la <strong>Cappadoce<\/strong> lors de notre <strong>visite priv\u00e9e rouge (visite du nord)<\/strong>. D&#8217;une dur\u00e9e de 8 heures, ce voyage immersif vous promet une exploration inoubliable des sites les plus embl\u00e9matiques de la r\u00e9gion. Accompagn\u00e9 d&#8217;un guide comp\u00e9tent et conduit dans un v\u00e9hicule confortable, vous d\u00e9couvrirez la riche histoire et les merveilles naturelles de la Cappadoce.<\/p>\n","protected":false},"featured_media":174804,"comment_status":"open","ping_status":"closed","template":"","meta":{"_acf_changed":false},"product_brand":[],"product_cat":[5324,5327,3734],"product_tag":[],"class_list":{"0":"post-174777","1":"product","2":"type-product","3":"status-publish","4":"has-post-thumbnail","6":"product_cat-cappadoce","7":"product_cat-toutes-les-visites-privees-fr-5","8":"product_cat-turquie-fr","10":"first","11":"instock","12":"shipping-taxable","13":"purchasable","14":"product-type-simple"},"acf":[],"yoast_head":"<!-- This site is optimized with the Yoast SEO Premium plugin v25.3.1 (Yoast SEO v25.3.1) - https:\/\/yoast.com\/wordpress\/plugins\/seo\/ -->\n<title>Circuit priv\u00e9 rouge (circuit nord) de la Cappadoce<\/title>\n<meta name=\"description\" content=\"Profitez de cette Circuit priv\u00e9 rouge (circuit nord) de la Cappadoce avec un guide local et exp\u00e9riment\u00e9.\" \/>\n<meta name=\"robots\" content=\"index, follow, max-snippet:-1, max-image-preview:large, max-video-preview:-1\" \/>\n<link rel=\"canonical\" href=\"https:\/\/tourtravelandmore.com\/fr\/tours\/turquie-fr\/cappadoce\/toutes-les-visites-privees-fr-5\/circuit-prive-rouge-circuit-nord-de-la-cappadoce\/\" \/>\n<meta property=\"og:locale\" content=\"fr_FR\" \/>\n<meta property=\"og:type\" content=\"article\" \/>\n<meta property=\"og:title\" content=\"Circuit priv\u00e9 rouge (circuit nord) de la Cappadoce\" \/>\n<meta property=\"og:description\" content=\"Profitez de cette Circuit priv\u00e9 rouge (circuit nord) de la Cappadoce avec un guide local et exp\u00e9riment\u00e9.\" \/>\n<meta property=\"og:url\" content=\"https:\/\/tourtravelandmore.com\/fr\/tours\/turquie-fr\/cappadoce\/toutes-les-visites-privees-fr-5\/circuit-prive-rouge-circuit-nord-de-la-cappadoce\/\" \/>\n<meta property=\"og:site_name\" content=\"Tour Travel And More\" \/>\n<meta property=\"article:publisher\" content=\"https:\/\/www.facebook.com\/tourtravelandmore\/\" \/>\n<meta property=\"article:modified_time\" content=\"2024-07-04T15:13:12+00:00\" \/>\n<meta property=\"og:image\" content=\"https:\/\/tourtravelandmore.com\/wp-content\/uploads\/2024\/04\/pexels-photo-2563678.jpg\" \/>\n\t<meta property=\"og:image:width\" content=\"1125\" \/>\n\t<meta property=\"og:image:height\" content=\"750\" \/>\n\t<meta property=\"og:image:type\" content=\"image\/jpeg\" \/>\n<meta name=\"twitter:card\" content=\"summary_large_image\" \/>\n<meta name=\"twitter:site\" content=\"@TourTravel_More\" \/>\n<meta name=\"twitter:label1\" content=\"Dur\u00e9e de lecture estim\u00e9e\" \/>\n\t<meta name=\"twitter:data1\" content=\"3 minutes\" \/>\n<script type=\"application\/ld+json\" class=\"yoast-schema-graph\">{\"@context\":\"https:\/\/schema.org\",\"@graph\":[{\"@type\":\"WebPage\",\"@id\":\"https:\/\/tourtravelandmore.com\/fr\/tours\/turquie-fr\/cappadoce\/toutes-les-visites-privees-fr-5\/circuit-prive-rouge-circuit-nord-de-la-cappadoce\/\",\"url\":\"https:\/\/tourtravelandmore.com\/fr\/tours\/turquie-fr\/cappadoce\/toutes-les-visites-privees-fr-5\/circuit-prive-rouge-circuit-nord-de-la-cappadoce\/\",\"name\":\"Circuit priv\u00e9 rouge (circuit nord) de la Cappadoce\",\"isPartOf\":{\"@id\":\"https:\/\/tourtravelandmore.com\/fr\/#website\"},\"primaryImageOfPage\":{\"@id\":\"https:\/\/tourtravelandmore.com\/fr\/tours\/turquie-fr\/cappadoce\/toutes-les-visites-privees-fr-5\/circuit-prive-rouge-circuit-nord-de-la-cappadoce\/#primaryimage\"},\"image\":{\"@id\":\"https:\/\/tourtravelandmore.com\/fr\/tours\/turquie-fr\/cappadoce\/toutes-les-visites-privees-fr-5\/circuit-prive-rouge-circuit-nord-de-la-cappadoce\/#primaryimage\"},\"thumbnailUrl\":\"https:\/\/tourtravelandmore.com\/wp-content\/uploads\/2024\/04\/pexels-photo-2563678.jpg\",\"datePublished\":\"2024-04-22T14:22:35+00:00\",\"dateModified\":\"2024-07-04T15:13:12+00:00\",\"description\":\"Profitez de cette Circuit priv\u00e9 rouge (circuit nord) de la Cappadoce avec un guide local et exp\u00e9riment\u00e9.\",\"breadcrumb\":{\"@id\":\"https:\/\/tourtravelandmore.com\/fr\/tours\/turquie-fr\/cappadoce\/toutes-les-visites-privees-fr-5\/circuit-prive-rouge-circuit-nord-de-la-cappadoce\/#breadcrumb\"},\"inLanguage\":\"fr-FR\",\"potentialAction\":[{\"@type\":\"ReadAction\",\"target\":[\"https:\/\/tourtravelandmore.com\/fr\/tours\/turquie-fr\/cappadoce\/toutes-les-visites-privees-fr-5\/circuit-prive-rouge-circuit-nord-de-la-cappadoce\/\"]}]},{\"@type\":\"ImageObject\",\"inLanguage\":\"fr-FR\",\"@id\":\"https:\/\/tourtravelandmore.com\/fr\/tours\/turquie-fr\/cappadoce\/toutes-les-visites-privees-fr-5\/circuit-prive-rouge-circuit-nord-de-la-cappadoce\/#primaryimage\",\"url\":\"https:\/\/tourtravelandmore.com\/wp-content\/uploads\/2024\/04\/pexels-photo-2563678.jpg\",\"contentUrl\":\"https:\/\/tourtravelandmore.com\/wp-content\/uploads\/2024\/04\/pexels-photo-2563678.jpg\",\"width\":1125,\"height\":750},{\"@type\":\"BreadcrumbList\",\"@id\":\"https:\/\/tourtravelandmore.com\/fr\/tours\/turquie-fr\/cappadoce\/toutes-les-visites-privees-fr-5\/circuit-prive-rouge-circuit-nord-de-la-cappadoce\/#breadcrumb\",\"itemListElement\":[{\"@type\":\"ListItem\",\"position\":1,\"name\":\"Home\",\"item\":\"https:\/\/tourtravelandmore.com\/fr\/\"},{\"@type\":\"ListItem\",\"position\":2,\"name\":\"Tours\",\"item\":\"https:\/\/tourtravelandmore.com\/fr\/tours\/\"},{\"@type\":\"ListItem\",\"position\":3,\"name\":\"Circuit priv\u00e9 rouge (circuit nord) de la Cappadoce\"}]},{\"@type\":\"WebSite\",\"@id\":\"https:\/\/tourtravelandmore.com\/fr\/#website\",\"url\":\"https:\/\/tourtravelandmore.com\/fr\/\",\"name\":\"Tour Travel And More\",\"description\":\"Private sightseeing tours and luxury transfers in Spain\",\"publisher\":{\"@id\":\"https:\/\/tourtravelandmore.com\/fr\/#organization\"},\"potentialAction\":[{\"@type\":\"SearchAction\",\"target\":{\"@type\":\"EntryPoint\",\"urlTemplate\":\"https:\/\/tourtravelandmore.com\/fr\/?s={search_term_string}\"},\"query-input\":{\"@type\":\"PropertyValueSpecification\",\"valueRequired\":true,\"valueName\":\"search_term_string\"}}],\"inLanguage\":\"fr-FR\"},{\"@type\":\"Organization\",\"@id\":\"https:\/\/tourtravelandmore.com\/fr\/#organization\",\"name\":\"Tour Travel And More\",\"url\":\"https:\/\/tourtravelandmore.com\/fr\/\",\"logo\":{\"@type\":\"ImageObject\",\"inLanguage\":\"fr-FR\",\"@id\":\"https:\/\/tourtravelandmore.com\/fr\/#\/schema\/logo\/image\/\",\"url\":\"https:\/\/tourtravelandmore.com\/wp-content\/uploads\/2022\/12\/cropped-logo-cabecera-new.png\",\"contentUrl\":\"https:\/\/tourtravelandmore.com\/wp-content\/uploads\/2022\/12\/cropped-logo-cabecera-new.png\",\"width\":430,\"height\":61,\"caption\":\"Tour Travel And More\"},\"image\":{\"@id\":\"https:\/\/tourtravelandmore.com\/fr\/#\/schema\/logo\/image\/\"},\"sameAs\":[\"https:\/\/www.facebook.com\/tourtravelandmore\/\",\"https:\/\/x.com\/TourTravel_More\"]}]}<\/script>\n<!-- \/ Yoast SEO Premium plugin. -->","yoast_head_json":{"title":"Circuit priv\u00e9 rouge (circuit nord) de la Cappadoce","description":"Profitez de cette Circuit priv\u00e9 rouge (circuit nord) de la Cappadoce avec un guide local et exp\u00e9riment\u00e9.","robots":{"index":"index","follow":"follow","max-snippet":"max-snippet:-1","max-image-preview":"max-image-preview:large","max-video-preview":"max-video-preview:-1"},"canonical":"https:\/\/tourtravelandmore.com\/fr\/tours\/turquie-fr\/cappadoce\/toutes-les-visites-privees-fr-5\/circuit-prive-rouge-circuit-nord-de-la-cappadoce\/","og_locale":"fr_FR","og_type":"article","og_title":"Circuit priv\u00e9 rouge (circuit nord) de la Cappadoce","og_description":"Profitez de cette Circuit priv\u00e9 rouge (circuit nord) de la Cappadoce avec un guide local et exp\u00e9riment\u00e9.","og_url":"https:\/\/tourtravelandmore.com\/fr\/tours\/turquie-fr\/cappadoce\/toutes-les-visites-privees-fr-5\/circuit-prive-rouge-circuit-nord-de-la-cappadoce\/","og_site_name":"Tour Travel And More","article_publisher":"https:\/\/www.facebook.com\/tourtravelandmore\/","article_modified_time":"2024-07-04T15:13:12+00:00","og_image":[{"width":1125,"height":750,"url":"https:\/\/tourtravelandmore.com\/wp-content\/uploads\/2024\/04\/pexels-photo-2563678.jpg","type":"image\/jpeg"}],"twitter_card":"summary_large_image","twitter_site":"@TourTravel_More","twitter_misc":{"Dur\u00e9e de lecture estim\u00e9e":"3 minutes"},"schema":{"@context":"https:\/\/schema.org","@graph":[{"@type":"WebPage","@id":"https:\/\/tourtravelandmore.com\/fr\/tours\/turquie-fr\/cappadoce\/toutes-les-visites-privees-fr-5\/circuit-prive-rouge-circuit-nord-de-la-cappadoce\/","url":"https:\/\/tourtravelandmore.com\/fr\/tours\/turquie-fr\/cappadoce\/toutes-les-visites-privees-fr-5\/circuit-prive-rouge-circuit-nord-de-la-cappadoce\/","name":"Circuit priv\u00e9 rouge (circuit nord) de la Cappadoce","isPartOf":{"@id":"https:\/\/tourtravelandmore.com\/fr\/#website"},"primaryImageOfPage":{"@id":"https:\/\/tourtravelandmore.com\/fr\/tours\/turquie-fr\/cappadoce\/toutes-les-visites-privees-fr-5\/circuit-prive-rouge-circuit-nord-de-la-cappadoce\/#primaryimage"},"image":{"@id":"https:\/\/tourtravelandmore.com\/fr\/tours\/turquie-fr\/cappadoce\/toutes-les-visites-privees-fr-5\/circuit-prive-rouge-circuit-nord-de-la-cappadoce\/#primaryimage"},"thumbnailUrl":"https:\/\/tourtravelandmore.com\/wp-content\/uploads\/2024\/04\/pexels-photo-2563678.jpg","datePublished":"2024-04-22T14:22:35+00:00","dateModified":"2024-07-04T15:13:12+00:00","description":"Profitez de cette Circuit priv\u00e9 rouge (circuit nord) de la Cappadoce avec un guide local et exp\u00e9riment\u00e9.","breadcrumb":{"@id":"https:\/\/tourtravelandmore.com\/fr\/tours\/turquie-fr\/cappadoce\/toutes-les-visites-privees-fr-5\/circuit-prive-rouge-circuit-nord-de-la-cappadoce\/#breadcrumb"},"inLanguage":"fr-FR","potentialAction":[{"@type":"ReadAction","target":["https:\/\/tourtravelandmore.com\/fr\/tours\/turquie-fr\/cappadoce\/toutes-les-visites-privees-fr-5\/circuit-prive-rouge-circuit-nord-de-la-cappadoce\/"]}]},{"@type":"ImageObject","inLanguage":"fr-FR","@id":"https:\/\/tourtravelandmore.com\/fr\/tours\/turquie-fr\/cappadoce\/toutes-les-visites-privees-fr-5\/circuit-prive-rouge-circuit-nord-de-la-cappadoce\/#primaryimage","url":"https:\/\/tourtravelandmore.com\/wp-content\/uploads\/2024\/04\/pexels-photo-2563678.jpg","contentUrl":"https:\/\/tourtravelandmore.com\/wp-content\/uploads\/2024\/04\/pexels-photo-2563678.jpg","width":1125,"height":750},{"@type":"BreadcrumbList","@id":"https:\/\/tourtravelandmore.com\/fr\/tours\/turquie-fr\/cappadoce\/toutes-les-visites-privees-fr-5\/circuit-prive-rouge-circuit-nord-de-la-cappadoce\/#breadcrumb","itemListElement":[{"@type":"ListItem","position":1,"name":"Home","item":"https:\/\/tourtravelandmore.com\/fr\/"},{"@type":"ListItem","position":2,"name":"Tours","item":"https:\/\/tourtravelandmore.com\/fr\/tours\/"},{"@type":"ListItem","position":3,"name":"Circuit priv\u00e9 rouge (circuit nord) de la Cappadoce"}]},{"@type":"WebSite","@id":"https:\/\/tourtravelandmore.com\/fr\/#website","url":"https:\/\/tourtravelandmore.com\/fr\/","name":"Tour Travel And More","description":"Private sightseeing tours and luxury transfers in Spain","publisher":{"@id":"https:\/\/tourtravelandmore.com\/fr\/#organization"},"potentialAction":[{"@type":"SearchAction","target":{"@type":"EntryPoint","urlTemplate":"https:\/\/tourtravelandmore.com\/fr\/?s={search_term_string}"},"query-input":{"@type":"PropertyValueSpecification","valueRequired":true,"valueName":"search_term_string"}}],"inLanguage":"fr-FR"},{"@type":"Organization","@id":"https:\/\/tourtravelandmore.com\/fr\/#organization","name":"Tour Travel And More","url":"https:\/\/tourtravelandmore.com\/fr\/","logo":{"@type":"ImageObject","inLanguage":"fr-FR","@id":"https:\/\/tourtravelandmore.com\/fr\/#\/schema\/logo\/image\/","url":"https:\/\/tourtravelandmore.com\/wp-content\/uploads\/2022\/12\/cropped-logo-cabecera-new.png","contentUrl":"https:\/\/tourtravelandmore.com\/wp-content\/uploads\/2022\/12\/cropped-logo-cabecera-new.png","width":430,"height":61,"caption":"Tour Travel And More"},"image":{"@id":"https:\/\/tourtravelandmore.com\/fr\/#\/schema\/logo\/image\/"},"sameAs":["https:\/\/www.facebook.com\/tourtravelandmore\/","https:\/\/x.com\/TourTravel_More"]}]}},"_links":{"self":[{"href":"https:\/\/tourtravelandmore.com\/fr\/wp-json\/wp\/v2\/product\/174777","targetHints":{"allow":["GET"]}}],"collection":[{"href":"https:\/\/tourtravelandmore.com\/fr\/wp-json\/wp\/v2\/product"}],"about":[{"href":"https:\/\/tourtravelandmore.com\/fr\/wp-json\/wp\/v2\/types\/product"}],"replies":[{"embeddable":true,"href":"https:\/\/tourtravelandmore.com\/fr\/wp-json\/wp\/v2\/comments?post=174777"}],"wp:featuredmedia":[{"embeddable":true,"href":"https:\/\/tourtravelandmore.com\/fr\/wp-json\/wp\/v2\/media\/174804"}],"wp:attachment":[{"href":"https:\/\/tourtravelandmore.com\/fr\/wp-json\/wp\/v2\/media?parent=174777"}],"wp:term":[{"taxonomy":"product_brand","embeddable":true,"href":"https:\/\/tourtravelandmore.com\/fr\/wp-json\/wp\/v2\/product_brand?post=174777"},{"taxonomy":"product_cat","embeddable":true,"href":"https:\/\/tourtravelandmore.com\/fr\/wp-json\/wp\/v2\/product_cat?post=174777"},{"taxonomy":"product_tag","embeddable":true,"href":"https:\/\/tourtravelandmore.com\/fr\/wp-json\/wp\/v2\/product_tag?post=174777"}],"curies":[{"name":"wp","href":"https:\/\/api.w.org\/{rel}","templated":true}]}}