{"id":174692,"date":"2024-04-16T15:58:54","date_gmt":"2024-04-16T13:59:01","guid":{"rendered":"https:\/\/tourtravelandmore.com\/?post_type=product&#038;p=174692"},"modified":"2024-04-16T17:37:24","modified_gmt":"2024-04-16T15:37:24","slug":"visite-privee-a-pied-de-liverpool-copy-2","status":"publish","type":"product","link":"https:\/\/tourtravelandmore.com\/fr\/tours\/royaume-uni-fr\/liverpool-fr\/visite-privee-a-pied-de-liverpool-copy-2\/","title":{"rendered":"Visite priv\u00e9e \u00e0 pied des Beatles"},"content":{"rendered":"<h2><b>Description de la visite priv\u00e9e \u00e0 pied des Beatles<\/b><\/h2>\n<p>Explorez les traces l\u00e9gendaires des Beatles lors de cette visite priv\u00e9e exclusive \u00e0 pied propos\u00e9e par Tour Travel &amp; More. Pendant trois heures captivantes, plongez dans l&#8217;histoire vibrante du groupe le plus embl\u00e9matique du monde en vous laissant guider dans les rues historiques de Liverpool.<\/p>\n<p>Profitez de la compagnie d&#8217;un guide bien inform\u00e9 qui vous r\u00e9galera d&#8217;anecdotes fascinantes et vous donnera un aper\u00e7u du parcours remarquable des Beatles. B\u00e9n\u00e9ficiez d&#8217;un acc\u00e8s exclusif au Beatles Story Museum, o\u00f9 vous pourrez vous plonger dans l&#8217;histoire du groupe gr\u00e2ce \u00e0 des expositions interactives, des souvenirs rares et des pr\u00e9sentations immersives.<\/p>\n<p>Rejoignez-nous pour ce voyage inoubliable au c\u0153ur de la Beatlemania et vivez la magie des Beatles comme jamais auparavant. R\u00e9servez d\u00e8s aujourd&#8217;hui votre visite priv\u00e9e \u00e0 pied avec Tour Travel &amp; More !<\/p>\n<h2><b>Points forts<\/b><\/h2>\n<p><b><strong>Les maisons d&#8217;enfance des Beatles :<\/strong><\/b> Commencez votre voyage par les maisons d&#8217;enfance de John Lennon et Paul McCartney, o\u00f9 la magie de leur partenariat musical a commenc\u00e9 \u00e0 prendre forme. Plongez dans les premi\u00e8res ann\u00e9es des Beatles et d\u00e9couvrez les lieux qui ont fa\u00e7onn\u00e9 leurs extraordinaires talents.<\/p>\n<p><b><strong>Penny Lane :<\/strong><\/b> Entrez ensuite dans les paroles de l&#8217;une des chansons les plus appr\u00e9ci\u00e9es des Beatles en vous promenant sur Penny Lane. Du salon de coiffure au rond-point, impr\u00e9gnez-vous de la nostalgie de cette rue embl\u00e9matique tout en d\u00e9couvrant l&#8217;inspiration qui se cache derri\u00e8re les paroles.<\/p>\n<p><b><strong>Strawberry Field :<\/strong><\/b> Visitez les c\u00e9l\u00e8bres portes de Strawberry Field, immortalis\u00e9es par la chanson de John Lennon. \u00c9coutez les r\u00e9cits des visites que Lennon a faites dans son enfance dans ce foyer pour enfants de l&#8217;Arm\u00e9e du Salut et l&#8217;impact durable de ce lieu sur sa musique.<\/p>\n<p><b><strong>Statue des Beatles \u00e0 Pier Head :<\/strong><\/b> Restez bouche b\u00e9e devant la statue des Beatles, plus grande que nature, \u00e0 Pier Head, qui surplombe la rivi\u00e8re Mersey. Prenez des photos avec les Fab Four en admirant ce superbe hommage \u00e0 leur h\u00e9ritage.<\/p>\n<p><b><strong>Cavern Club :<\/strong><\/b> Terminez votre visite par le l\u00e9gendaire Cavern Club, o\u00f9 les Beatles ont perfectionn\u00e9 leur art et acc\u00e9d\u00e9 \u00e0 la c\u00e9l\u00e9brit\u00e9. Entrez dans le lieu embl\u00e9matique o\u00f9 ils se sont produits pr\u00e8s de 300 fois et sentez l&#8217;\u00e9nergie qui r\u00e9sonne encore dans ses couloirs sacr\u00e9s.<\/p>\n<p>Si vous souhaitez profiter au maximum de votre s\u00e9jour au Royaume-Uni, vous pouvez opter pour notre <a href=\"https:\/\/tourtravelandmore.com\/tours\/united-kingdom\/london-en\/private-tour-of-oxford-from-london\/\"><b><strong>visite priv\u00e9e d&#8217;Oxford au d\u00e9part de Londres<\/strong><\/b><\/a>. Vous d\u00e9couvrirez ainsi l&#8217;une des villes les plus \u00e9tonnantes et les plus historiques d&#8217;Europe.<\/p>\n","protected":false},"excerpt":{"rendered":"<p>Explorez les traces l\u00e9gendaires des Beatles lors de cette visite priv\u00e9e exclusive \u00e0 pied propos\u00e9e par Tour Travel &amp; More. Pendant trois heures captivantes, plongez dans l&#8217;histoire vibrante du groupe le plus embl\u00e9matique du monde en vous laissant guider dans les rues historiques de Liverpool.<\/p>\n","protected":false},"featured_media":174716,"comment_status":"open","ping_status":"closed","template":"","meta":{"_acf_changed":false},"product_brand":[],"product_cat":[5315,5304,5316,3545],"product_tag":[],"class_list":{"0":"post-174692","1":"product","2":"type-product","3":"status-publish","4":"has-post-thumbnail","6":"product_cat-all-private-tours-fr-3","7":"product_cat-liverpool-fr","8":"product_cat-private-walking-tour-fr-2","9":"product_cat-royaume-uni-fr","11":"first","12":"instock","13":"shipping-taxable","14":"purchasable","15":"product-type-simple"},"acf":[],"yoast_head":"<!-- This site is optimized with the Yoast SEO Premium plugin v25.3.1 (Yoast SEO v25.3.1) - https:\/\/yoast.com\/wordpress\/plugins\/seo\/ -->\n<title>\u27a1\ufe0f Visite priv\u00e9e \u00e0 pied des Beatles | Tour Travel &amp; More<\/title>\n<meta name=\"description\" content=\"Profitez d&#039;une merveilleuse visite priv\u00e9e de Liverpool pour admirer de pr\u00e8s ses b\u00e2timents et monuments les plus importants en compagnie d&#039;un guide officiel.\" \/>\n<meta name=\"robots\" content=\"index, follow, max-snippet:-1, max-image-preview:large, max-video-preview:-1\" \/>\n<link rel=\"canonical\" href=\"https:\/\/tourtravelandmore.com\/fr\/tours\/royaume-uni-fr\/liverpool-fr\/visite-privee-a-pied-de-liverpool-copy-2\/\" \/>\n<meta property=\"og:locale\" content=\"fr_FR\" \/>\n<meta property=\"og:type\" content=\"article\" \/>\n<meta property=\"og:title\" content=\"Visite priv\u00e9e \u00e0 pied des Beatles\" \/>\n<meta property=\"og:description\" content=\"Profitez d&#039;une merveilleuse visite priv\u00e9e de Liverpool pour admirer de pr\u00e8s ses b\u00e2timents et monuments les plus importants en compagnie d&#039;un guide officiel.\" \/>\n<meta property=\"og:url\" content=\"https:\/\/tourtravelandmore.com\/fr\/tours\/royaume-uni-fr\/liverpool-fr\/visite-privee-a-pied-de-liverpool-copy-2\/\" \/>\n<meta property=\"og:site_name\" content=\"Tour Travel And More\" \/>\n<meta property=\"article:publisher\" content=\"https:\/\/www.facebook.com\/tourtravelandmore\/\" \/>\n<meta property=\"article:modified_time\" content=\"2024-04-16T15:37:24+00:00\" \/>\n<meta property=\"og:image\" content=\"https:\/\/tourtravelandmore.com\/wp-content\/uploads\/2024\/04\/turntable-3425284_1280.jpg\" \/>\n\t<meta property=\"og:image:width\" content=\"1280\" \/>\n\t<meta property=\"og:image:height\" content=\"815\" \/>\n\t<meta property=\"og:image:type\" content=\"image\/jpeg\" \/>\n<meta name=\"twitter:card\" content=\"summary_large_image\" \/>\n<meta name=\"twitter:site\" content=\"@TourTravel_More\" \/>\n<meta name=\"twitter:label1\" content=\"Dur\u00e9e de lecture estim\u00e9e\" \/>\n\t<meta name=\"twitter:data1\" content=\"2 minutes\" \/>\n<script type=\"application\/ld+json\" class=\"yoast-schema-graph\">{\"@context\":\"https:\/\/schema.org\",\"@graph\":[{\"@type\":\"WebPage\",\"@id\":\"https:\/\/tourtravelandmore.com\/fr\/tours\/royaume-uni-fr\/liverpool-fr\/visite-privee-a-pied-de-liverpool-copy-2\/\",\"url\":\"https:\/\/tourtravelandmore.com\/fr\/tours\/royaume-uni-fr\/liverpool-fr\/visite-privee-a-pied-de-liverpool-copy-2\/\",\"name\":\"\u27a1\ufe0f Visite priv\u00e9e \u00e0 pied des Beatles | Tour Travel & More\",\"isPartOf\":{\"@id\":\"https:\/\/tourtravelandmore.com\/fr\/#website\"},\"primaryImageOfPage\":{\"@id\":\"https:\/\/tourtravelandmore.com\/fr\/tours\/royaume-uni-fr\/liverpool-fr\/visite-privee-a-pied-de-liverpool-copy-2\/#primaryimage\"},\"image\":{\"@id\":\"https:\/\/tourtravelandmore.com\/fr\/tours\/royaume-uni-fr\/liverpool-fr\/visite-privee-a-pied-de-liverpool-copy-2\/#primaryimage\"},\"thumbnailUrl\":\"https:\/\/tourtravelandmore.com\/wp-content\/uploads\/2024\/04\/turntable-3425284_1280.jpg\",\"datePublished\":\"2024-04-16T13:59:01+00:00\",\"dateModified\":\"2024-04-16T15:37:24+00:00\",\"description\":\"Profitez d'une merveilleuse visite priv\u00e9e de Liverpool pour admirer de pr\u00e8s ses b\u00e2timents et monuments les plus importants en compagnie d'un guide officiel.\",\"breadcrumb\":{\"@id\":\"https:\/\/tourtravelandmore.com\/fr\/tours\/royaume-uni-fr\/liverpool-fr\/visite-privee-a-pied-de-liverpool-copy-2\/#breadcrumb\"},\"inLanguage\":\"fr-FR\",\"potentialAction\":[{\"@type\":\"ReadAction\",\"target\":[\"https:\/\/tourtravelandmore.com\/fr\/tours\/royaume-uni-fr\/liverpool-fr\/visite-privee-a-pied-de-liverpool-copy-2\/\"]}]},{\"@type\":\"ImageObject\",\"inLanguage\":\"fr-FR\",\"@id\":\"https:\/\/tourtravelandmore.com\/fr\/tours\/royaume-uni-fr\/liverpool-fr\/visite-privee-a-pied-de-liverpool-copy-2\/#primaryimage\",\"url\":\"https:\/\/tourtravelandmore.com\/wp-content\/uploads\/2024\/04\/turntable-3425284_1280.jpg\",\"contentUrl\":\"https:\/\/tourtravelandmore.com\/wp-content\/uploads\/2024\/04\/turntable-3425284_1280.jpg\",\"width\":1280,\"height\":815},{\"@type\":\"BreadcrumbList\",\"@id\":\"https:\/\/tourtravelandmore.com\/fr\/tours\/royaume-uni-fr\/liverpool-fr\/visite-privee-a-pied-de-liverpool-copy-2\/#breadcrumb\",\"itemListElement\":[{\"@type\":\"ListItem\",\"position\":1,\"name\":\"Home\",\"item\":\"https:\/\/tourtravelandmore.com\/fr\/\"},{\"@type\":\"ListItem\",\"position\":2,\"name\":\"Tours\",\"item\":\"https:\/\/tourtravelandmore.com\/fr\/tours\/\"},{\"@type\":\"ListItem\",\"position\":3,\"name\":\"Visite priv\u00e9e \u00e0 pied des Beatles\"}]},{\"@type\":\"WebSite\",\"@id\":\"https:\/\/tourtravelandmore.com\/fr\/#website\",\"url\":\"https:\/\/tourtravelandmore.com\/fr\/\",\"name\":\"Tour Travel And More\",\"description\":\"Private sightseeing tours and luxury transfers in Spain\",\"publisher\":{\"@id\":\"https:\/\/tourtravelandmore.com\/fr\/#organization\"},\"potentialAction\":[{\"@type\":\"SearchAction\",\"target\":{\"@type\":\"EntryPoint\",\"urlTemplate\":\"https:\/\/tourtravelandmore.com\/fr\/?s={search_term_string}\"},\"query-input\":{\"@type\":\"PropertyValueSpecification\",\"valueRequired\":true,\"valueName\":\"search_term_string\"}}],\"inLanguage\":\"fr-FR\"},{\"@type\":\"Organization\",\"@id\":\"https:\/\/tourtravelandmore.com\/fr\/#organization\",\"name\":\"Tour Travel And More\",\"url\":\"https:\/\/tourtravelandmore.com\/fr\/\",\"logo\":{\"@type\":\"ImageObject\",\"inLanguage\":\"fr-FR\",\"@id\":\"https:\/\/tourtravelandmore.com\/fr\/#\/schema\/logo\/image\/\",\"url\":\"https:\/\/tourtravelandmore.com\/wp-content\/uploads\/2022\/12\/cropped-logo-cabecera-new.png\",\"contentUrl\":\"https:\/\/tourtravelandmore.com\/wp-content\/uploads\/2022\/12\/cropped-logo-cabecera-new.png\",\"width\":430,\"height\":61,\"caption\":\"Tour Travel And More\"},\"image\":{\"@id\":\"https:\/\/tourtravelandmore.com\/fr\/#\/schema\/logo\/image\/\"},\"sameAs\":[\"https:\/\/www.facebook.com\/tourtravelandmore\/\",\"https:\/\/x.com\/TourTravel_More\"]}]}<\/script>\n<!-- \/ Yoast SEO Premium plugin. -->","yoast_head_json":{"title":"\u27a1\ufe0f Visite priv\u00e9e \u00e0 pied des Beatles | Tour Travel & More","description":"Profitez d'une merveilleuse visite priv\u00e9e de Liverpool pour admirer de pr\u00e8s ses b\u00e2timents et monuments les plus importants en compagnie d'un guide officiel.","robots":{"index":"index","follow":"follow","max-snippet":"max-snippet:-1","max-image-preview":"max-image-preview:large","max-video-preview":"max-video-preview:-1"},"canonical":"https:\/\/tourtravelandmore.com\/fr\/tours\/royaume-uni-fr\/liverpool-fr\/visite-privee-a-pied-de-liverpool-copy-2\/","og_locale":"fr_FR","og_type":"article","og_title":"Visite priv\u00e9e \u00e0 pied des Beatles","og_description":"Profitez d'une merveilleuse visite priv\u00e9e de Liverpool pour admirer de pr\u00e8s ses b\u00e2timents et monuments les plus importants en compagnie d'un guide officiel.","og_url":"https:\/\/tourtravelandmore.com\/fr\/tours\/royaume-uni-fr\/liverpool-fr\/visite-privee-a-pied-de-liverpool-copy-2\/","og_site_name":"Tour Travel And More","article_publisher":"https:\/\/www.facebook.com\/tourtravelandmore\/","article_modified_time":"2024-04-16T15:37:24+00:00","og_image":[{"width":1280,"height":815,"url":"https:\/\/tourtravelandmore.com\/wp-content\/uploads\/2024\/04\/turntable-3425284_1280.jpg","type":"image\/jpeg"}],"twitter_card":"summary_large_image","twitter_site":"@TourTravel_More","twitter_misc":{"Dur\u00e9e de lecture estim\u00e9e":"2 minutes"},"schema":{"@context":"https:\/\/schema.org","@graph":[{"@type":"WebPage","@id":"https:\/\/tourtravelandmore.com\/fr\/tours\/royaume-uni-fr\/liverpool-fr\/visite-privee-a-pied-de-liverpool-copy-2\/","url":"https:\/\/tourtravelandmore.com\/fr\/tours\/royaume-uni-fr\/liverpool-fr\/visite-privee-a-pied-de-liverpool-copy-2\/","name":"\u27a1\ufe0f Visite priv\u00e9e \u00e0 pied des Beatles | Tour Travel & More","isPartOf":{"@id":"https:\/\/tourtravelandmore.com\/fr\/#website"},"primaryImageOfPage":{"@id":"https:\/\/tourtravelandmore.com\/fr\/tours\/royaume-uni-fr\/liverpool-fr\/visite-privee-a-pied-de-liverpool-copy-2\/#primaryimage"},"image":{"@id":"https:\/\/tourtravelandmore.com\/fr\/tours\/royaume-uni-fr\/liverpool-fr\/visite-privee-a-pied-de-liverpool-copy-2\/#primaryimage"},"thumbnailUrl":"https:\/\/tourtravelandmore.com\/wp-content\/uploads\/2024\/04\/turntable-3425284_1280.jpg","datePublished":"2024-04-16T13:59:01+00:00","dateModified":"2024-04-16T15:37:24+00:00","description":"Profitez d'une merveilleuse visite priv\u00e9e de Liverpool pour admirer de pr\u00e8s ses b\u00e2timents et monuments les plus importants en compagnie d'un guide officiel.","breadcrumb":{"@id":"https:\/\/tourtravelandmore.com\/fr\/tours\/royaume-uni-fr\/liverpool-fr\/visite-privee-a-pied-de-liverpool-copy-2\/#breadcrumb"},"inLanguage":"fr-FR","potentialAction":[{"@type":"ReadAction","target":["https:\/\/tourtravelandmore.com\/fr\/tours\/royaume-uni-fr\/liverpool-fr\/visite-privee-a-pied-de-liverpool-copy-2\/"]}]},{"@type":"ImageObject","inLanguage":"fr-FR","@id":"https:\/\/tourtravelandmore.com\/fr\/tours\/royaume-uni-fr\/liverpool-fr\/visite-privee-a-pied-de-liverpool-copy-2\/#primaryimage","url":"https:\/\/tourtravelandmore.com\/wp-content\/uploads\/2024\/04\/turntable-3425284_1280.jpg","contentUrl":"https:\/\/tourtravelandmore.com\/wp-content\/uploads\/2024\/04\/turntable-3425284_1280.jpg","width":1280,"height":815},{"@type":"BreadcrumbList","@id":"https:\/\/tourtravelandmore.com\/fr\/tours\/royaume-uni-fr\/liverpool-fr\/visite-privee-a-pied-de-liverpool-copy-2\/#breadcrumb","itemListElement":[{"@type":"ListItem","position":1,"name":"Home","item":"https:\/\/tourtravelandmore.com\/fr\/"},{"@type":"ListItem","position":2,"name":"Tours","item":"https:\/\/tourtravelandmore.com\/fr\/tours\/"},{"@type":"ListItem","position":3,"name":"Visite priv\u00e9e \u00e0 pied des Beatles"}]},{"@type":"WebSite","@id":"https:\/\/tourtravelandmore.com\/fr\/#website","url":"https:\/\/tourtravelandmore.com\/fr\/","name":"Tour Travel And More","description":"Private sightseeing tours and luxury transfers in Spain","publisher":{"@id":"https:\/\/tourtravelandmore.com\/fr\/#organization"},"potentialAction":[{"@type":"SearchAction","target":{"@type":"EntryPoint","urlTemplate":"https:\/\/tourtravelandmore.com\/fr\/?s={search_term_string}"},"query-input":{"@type":"PropertyValueSpecification","valueRequired":true,"valueName":"search_term_string"}}],"inLanguage":"fr-FR"},{"@type":"Organization","@id":"https:\/\/tourtravelandmore.com\/fr\/#organization","name":"Tour Travel And More","url":"https:\/\/tourtravelandmore.com\/fr\/","logo":{"@type":"ImageObject","inLanguage":"fr-FR","@id":"https:\/\/tourtravelandmore.com\/fr\/#\/schema\/logo\/image\/","url":"https:\/\/tourtravelandmore.com\/wp-content\/uploads\/2022\/12\/cropped-logo-cabecera-new.png","contentUrl":"https:\/\/tourtravelandmore.com\/wp-content\/uploads\/2022\/12\/cropped-logo-cabecera-new.png","width":430,"height":61,"caption":"Tour Travel And More"},"image":{"@id":"https:\/\/tourtravelandmore.com\/fr\/#\/schema\/logo\/image\/"},"sameAs":["https:\/\/www.facebook.com\/tourtravelandmore\/","https:\/\/x.com\/TourTravel_More"]}]}},"_links":{"self":[{"href":"https:\/\/tourtravelandmore.com\/fr\/wp-json\/wp\/v2\/product\/174692","targetHints":{"allow":["GET"]}}],"collection":[{"href":"https:\/\/tourtravelandmore.com\/fr\/wp-json\/wp\/v2\/product"}],"about":[{"href":"https:\/\/tourtravelandmore.com\/fr\/wp-json\/wp\/v2\/types\/product"}],"replies":[{"embeddable":true,"href":"https:\/\/tourtravelandmore.com\/fr\/wp-json\/wp\/v2\/comments?post=174692"}],"wp:featuredmedia":[{"embeddable":true,"href":"https:\/\/tourtravelandmore.com\/fr\/wp-json\/wp\/v2\/media\/174716"}],"wp:attachment":[{"href":"https:\/\/tourtravelandmore.com\/fr\/wp-json\/wp\/v2\/media?parent=174692"}],"wp:term":[{"taxonomy":"product_brand","embeddable":true,"href":"https:\/\/tourtravelandmore.com\/fr\/wp-json\/wp\/v2\/product_brand?post=174692"},{"taxonomy":"product_cat","embeddable":true,"href":"https:\/\/tourtravelandmore.com\/fr\/wp-json\/wp\/v2\/product_cat?post=174692"},{"taxonomy":"product_tag","embeddable":true,"href":"https:\/\/tourtravelandmore.com\/fr\/wp-json\/wp\/v2\/product_tag?post=174692"}],"curies":[{"name":"wp","href":"https:\/\/api.w.org\/{rel}","templated":true}]}}