{"id":174643,"date":"2024-04-15T18:54:22","date_gmt":"2024-04-15T16:54:25","guid":{"rendered":"https:\/\/tourtravelandmore.com\/?post_type=product&#038;p=174643"},"modified":"2024-04-17T19:16:21","modified_gmt":"2024-04-17T17:16:21","slug":"visite-privee-de-liverpool-et-du-stade-danfield-copy","status":"publish","type":"product","link":"https:\/\/tourtravelandmore.com\/fr\/tours\/royaume-uni-fr\/liverpool-fr\/visite-privee-de-liverpool-et-du-stade-danfield-copy\/","title":{"rendered":"Transfert priv\u00e9 IN\/OUT de Liverpool"},"content":{"rendered":"<h2><b>Description du transfert priv\u00e9 IN\/OUT de Liverpool<\/b><\/h2>\n<p>Tour Travel &amp; More vous propose un service exclusif de transfert priv\u00e9 IN\/OUT au d\u00e9part de Liverpool. Ce service est destin\u00e9 aux voyageurs arrivant ou partant de l&#8217;a\u00e9roport, du port ou de la gare de Liverpool. Nos chauffeurs fiables et professionnels vous garantissent un voyage sans encombre, vous offrant confort, commodit\u00e9 et tranquillit\u00e9 d&#8217;esprit tout au long de votre transfert.<\/p>\n<p>Faites l&#8217;exp\u00e9rience de la commodit\u00e9 et du luxe ultimes avec le service de transfert priv\u00e9 de Tour Travel &amp; More \u00e0 Liverpool. Installez-vous confortablement, d\u00e9tendez-vous et laissez-nous nous occuper de vos besoins en mati\u00e8re de transport.<\/p>\n<p>R\u00e9servez votre transfert priv\u00e9 en toute simplicit\u00e9 gr\u00e2ce \u00e0 notre plateforme en ligne conviviale ou contactez notre \u00e9quipe d&#8217;assistance \u00e0 la client\u00e8le pour obtenir de l&#8217;aide.<\/p>\n<h2><b>Points forts<\/b><\/h2>\n<p>Profitez d&#8217;un transfert personnalis\u00e9 adapt\u00e9 \u00e0 votre horaire et \u00e0 vos pr\u00e9f\u00e9rences, que vous arriviez ou que vous partiez. Voyagez avec style gr\u00e2ce \u00e0 notre flotte de v\u00e9hicules de premi\u00e8re qualit\u00e9, y compris des voitures spacieuses \u00e9quip\u00e9es de commodit\u00e9s modernes pour votre confort.<\/p>\n<p>Profitez d&#8217;un transfert adapt\u00e9 \u00e0 vos besoins et \u00e0 vos pr\u00e9f\u00e9rences. Que vous voyagiez seul, en famille ou en groupe, nous vous proposons des solutions personnalis\u00e9es pour r\u00e9pondre \u00e0 vos besoins.<\/p>\n<p>Faites l&#8217;exp\u00e9rience de l&#8217;hospitalit\u00e9 avec nos chauffeurs professionnels qui s&#8217;engagent \u00e0 fournir un service in\u00e9gal\u00e9. D\u00e8s votre descente d&#8217;avion ou votre d\u00e9barquement de bateau de croisi\u00e8re, nos chauffeurs sont \u00e0 votre service pour vous assurer un accueil chaleureux et une transition sans heurt vers votre destination.<\/p>\n<p>Si vous souhaitez profiter au maximum de votre s\u00e9jour au Royaume-Uni, vous pouvez opter pour une <a href=\"https:\/\/tourtravelandmore.com\/tours\/united-kingdom\/london-en\/private-tour-of-oxford-from-london\/\"><b><strong>visite priv\u00e9e d&#8217;Oxford au d\u00e9part de Londres<\/strong><\/b><\/a>. Vous d\u00e9couvrirez ainsi l&#8217;une des villes les plus \u00e9tonnantes et les plus historiques d&#8217;Europe.<\/p>\n","protected":false},"excerpt":{"rendered":"<p>Tour Travel &amp; More vous propose un service exclusif de transfert priv\u00e9 IN\/OUT au d\u00e9part de Liverpool. Ce service est destin\u00e9 aux voyageurs arrivant ou partant de l&#8217;a\u00e9roport, du port ou de la gare de Liverpool. Nos chauffeurs fiables et professionnels vous garantissent un voyage sans encombre, vous offrant confort, commodit\u00e9 et tranquillit\u00e9 d&#8217;esprit tout au long de votre transfert.<\/p>\n","protected":false},"featured_media":174655,"comment_status":"open","ping_status":"closed","template":"","meta":{"_acf_changed":false},"product_brand":[],"product_cat":[5315,5304,5318,3545],"product_tag":[],"class_list":{"0":"post-174643","1":"product","2":"type-product","3":"status-publish","4":"has-post-thumbnail","6":"product_cat-all-private-tours-fr-3","7":"product_cat-liverpool-fr","8":"product_cat-private-sightseeing-tours-fr-37","9":"product_cat-royaume-uni-fr","11":"first","12":"instock","13":"shipping-taxable","14":"purchasable","15":"product-type-simple"},"acf":[],"yoast_head":"<!-- This site is optimized with the Yoast SEO Premium plugin v25.3.1 (Yoast SEO v25.3.1) - https:\/\/yoast.com\/wordpress\/plugins\/seo\/ -->\n<title>\u27a1\ufe0f Transfert priv\u00e9 IN\/OUT de Liverpool | Tour Travel &amp; More<\/title>\n<meta name=\"description\" content=\"Profitez d&#039;une merveilleuse Visite priv\u00e9e de Liverpool et du stade d&#039;Anfield pour admirer de pr\u00e8s ses b\u00e2timents et monuments les plus importants en compagnie d&#039;un guide officiel.\" \/>\n<meta name=\"robots\" content=\"index, follow, max-snippet:-1, max-image-preview:large, max-video-preview:-1\" \/>\n<link rel=\"canonical\" href=\"https:\/\/tourtravelandmore.com\/fr\/tours\/royaume-uni-fr\/liverpool-fr\/visite-privee-de-liverpool-et-du-stade-danfield-copy\/\" \/>\n<meta property=\"og:locale\" content=\"fr_FR\" \/>\n<meta property=\"og:type\" content=\"article\" \/>\n<meta property=\"og:title\" content=\"Transfert priv\u00e9 IN\/OUT de Liverpool\" \/>\n<meta property=\"og:description\" content=\"Profitez d&#039;une merveilleuse Visite priv\u00e9e de Liverpool et du stade d&#039;Anfield pour admirer de pr\u00e8s ses b\u00e2timents et monuments les plus importants en compagnie d&#039;un guide officiel.\" \/>\n<meta property=\"og:url\" content=\"https:\/\/tourtravelandmore.com\/fr\/tours\/royaume-uni-fr\/liverpool-fr\/visite-privee-de-liverpool-et-du-stade-danfield-copy\/\" \/>\n<meta property=\"og:site_name\" content=\"Tour Travel And More\" \/>\n<meta property=\"article:publisher\" content=\"https:\/\/www.facebook.com\/tourtravelandmore\/\" \/>\n<meta property=\"article:modified_time\" content=\"2024-04-17T17:16:21+00:00\" \/>\n<meta property=\"og:image\" content=\"https:\/\/tourtravelandmore.com\/wp-content\/uploads\/2024\/04\/csm_airport-transfer_1_86c6f1c624.jpg\" \/>\n\t<meta property=\"og:image:width\" content=\"1920\" \/>\n\t<meta property=\"og:image:height\" content=\"1080\" \/>\n\t<meta property=\"og:image:type\" content=\"image\/jpeg\" \/>\n<meta name=\"twitter:card\" content=\"summary_large_image\" \/>\n<meta name=\"twitter:site\" content=\"@TourTravel_More\" \/>\n<meta name=\"twitter:label1\" content=\"Dur\u00e9e de lecture estim\u00e9e\" \/>\n\t<meta name=\"twitter:data1\" content=\"2 minutes\" \/>\n<script type=\"application\/ld+json\" class=\"yoast-schema-graph\">{\"@context\":\"https:\/\/schema.org\",\"@graph\":[{\"@type\":\"WebPage\",\"@id\":\"https:\/\/tourtravelandmore.com\/fr\/tours\/royaume-uni-fr\/liverpool-fr\/visite-privee-de-liverpool-et-du-stade-danfield-copy\/\",\"url\":\"https:\/\/tourtravelandmore.com\/fr\/tours\/royaume-uni-fr\/liverpool-fr\/visite-privee-de-liverpool-et-du-stade-danfield-copy\/\",\"name\":\"\u27a1\ufe0f Transfert priv\u00e9 IN\/OUT de Liverpool | Tour Travel & More\",\"isPartOf\":{\"@id\":\"https:\/\/tourtravelandmore.com\/fr\/#website\"},\"primaryImageOfPage\":{\"@id\":\"https:\/\/tourtravelandmore.com\/fr\/tours\/royaume-uni-fr\/liverpool-fr\/visite-privee-de-liverpool-et-du-stade-danfield-copy\/#primaryimage\"},\"image\":{\"@id\":\"https:\/\/tourtravelandmore.com\/fr\/tours\/royaume-uni-fr\/liverpool-fr\/visite-privee-de-liverpool-et-du-stade-danfield-copy\/#primaryimage\"},\"thumbnailUrl\":\"https:\/\/tourtravelandmore.com\/wp-content\/uploads\/2024\/04\/csm_airport-transfer_1_86c6f1c624.jpg\",\"datePublished\":\"2024-04-15T16:54:25+00:00\",\"dateModified\":\"2024-04-17T17:16:21+00:00\",\"description\":\"Profitez d'une merveilleuse Visite priv\u00e9e de Liverpool et du stade d'Anfield pour admirer de pr\u00e8s ses b\u00e2timents et monuments les plus importants en compagnie d'un guide officiel.\",\"breadcrumb\":{\"@id\":\"https:\/\/tourtravelandmore.com\/fr\/tours\/royaume-uni-fr\/liverpool-fr\/visite-privee-de-liverpool-et-du-stade-danfield-copy\/#breadcrumb\"},\"inLanguage\":\"fr-FR\",\"potentialAction\":[{\"@type\":\"ReadAction\",\"target\":[\"https:\/\/tourtravelandmore.com\/fr\/tours\/royaume-uni-fr\/liverpool-fr\/visite-privee-de-liverpool-et-du-stade-danfield-copy\/\"]}]},{\"@type\":\"ImageObject\",\"inLanguage\":\"fr-FR\",\"@id\":\"https:\/\/tourtravelandmore.com\/fr\/tours\/royaume-uni-fr\/liverpool-fr\/visite-privee-de-liverpool-et-du-stade-danfield-copy\/#primaryimage\",\"url\":\"https:\/\/tourtravelandmore.com\/wp-content\/uploads\/2024\/04\/csm_airport-transfer_1_86c6f1c624.jpg\",\"contentUrl\":\"https:\/\/tourtravelandmore.com\/wp-content\/uploads\/2024\/04\/csm_airport-transfer_1_86c6f1c624.jpg\",\"width\":1920,\"height\":1080},{\"@type\":\"BreadcrumbList\",\"@id\":\"https:\/\/tourtravelandmore.com\/fr\/tours\/royaume-uni-fr\/liverpool-fr\/visite-privee-de-liverpool-et-du-stade-danfield-copy\/#breadcrumb\",\"itemListElement\":[{\"@type\":\"ListItem\",\"position\":1,\"name\":\"Home\",\"item\":\"https:\/\/tourtravelandmore.com\/fr\/\"},{\"@type\":\"ListItem\",\"position\":2,\"name\":\"Tours\",\"item\":\"https:\/\/tourtravelandmore.com\/fr\/tours\/\"},{\"@type\":\"ListItem\",\"position\":3,\"name\":\"Transfert priv\u00e9 IN\/OUT de Liverpool\"}]},{\"@type\":\"WebSite\",\"@id\":\"https:\/\/tourtravelandmore.com\/fr\/#website\",\"url\":\"https:\/\/tourtravelandmore.com\/fr\/\",\"name\":\"Tour Travel And More\",\"description\":\"Private sightseeing tours and luxury transfers in Spain\",\"publisher\":{\"@id\":\"https:\/\/tourtravelandmore.com\/fr\/#organization\"},\"potentialAction\":[{\"@type\":\"SearchAction\",\"target\":{\"@type\":\"EntryPoint\",\"urlTemplate\":\"https:\/\/tourtravelandmore.com\/fr\/?s={search_term_string}\"},\"query-input\":{\"@type\":\"PropertyValueSpecification\",\"valueRequired\":true,\"valueName\":\"search_term_string\"}}],\"inLanguage\":\"fr-FR\"},{\"@type\":\"Organization\",\"@id\":\"https:\/\/tourtravelandmore.com\/fr\/#organization\",\"name\":\"Tour Travel And More\",\"url\":\"https:\/\/tourtravelandmore.com\/fr\/\",\"logo\":{\"@type\":\"ImageObject\",\"inLanguage\":\"fr-FR\",\"@id\":\"https:\/\/tourtravelandmore.com\/fr\/#\/schema\/logo\/image\/\",\"url\":\"https:\/\/tourtravelandmore.com\/wp-content\/uploads\/2022\/12\/cropped-logo-cabecera-new.png\",\"contentUrl\":\"https:\/\/tourtravelandmore.com\/wp-content\/uploads\/2022\/12\/cropped-logo-cabecera-new.png\",\"width\":430,\"height\":61,\"caption\":\"Tour Travel And More\"},\"image\":{\"@id\":\"https:\/\/tourtravelandmore.com\/fr\/#\/schema\/logo\/image\/\"},\"sameAs\":[\"https:\/\/www.facebook.com\/tourtravelandmore\/\",\"https:\/\/x.com\/TourTravel_More\"]}]}<\/script>\n<!-- \/ Yoast SEO Premium plugin. -->","yoast_head_json":{"title":"\u27a1\ufe0f Transfert priv\u00e9 IN\/OUT de Liverpool | Tour Travel & More","description":"Profitez d'une merveilleuse Visite priv\u00e9e de Liverpool et du stade d'Anfield pour admirer de pr\u00e8s ses b\u00e2timents et monuments les plus importants en compagnie d'un guide officiel.","robots":{"index":"index","follow":"follow","max-snippet":"max-snippet:-1","max-image-preview":"max-image-preview:large","max-video-preview":"max-video-preview:-1"},"canonical":"https:\/\/tourtravelandmore.com\/fr\/tours\/royaume-uni-fr\/liverpool-fr\/visite-privee-de-liverpool-et-du-stade-danfield-copy\/","og_locale":"fr_FR","og_type":"article","og_title":"Transfert priv\u00e9 IN\/OUT de Liverpool","og_description":"Profitez d'une merveilleuse Visite priv\u00e9e de Liverpool et du stade d'Anfield pour admirer de pr\u00e8s ses b\u00e2timents et monuments les plus importants en compagnie d'un guide officiel.","og_url":"https:\/\/tourtravelandmore.com\/fr\/tours\/royaume-uni-fr\/liverpool-fr\/visite-privee-de-liverpool-et-du-stade-danfield-copy\/","og_site_name":"Tour Travel And More","article_publisher":"https:\/\/www.facebook.com\/tourtravelandmore\/","article_modified_time":"2024-04-17T17:16:21+00:00","og_image":[{"width":1920,"height":1080,"url":"https:\/\/tourtravelandmore.com\/wp-content\/uploads\/2024\/04\/csm_airport-transfer_1_86c6f1c624.jpg","type":"image\/jpeg"}],"twitter_card":"summary_large_image","twitter_site":"@TourTravel_More","twitter_misc":{"Dur\u00e9e de lecture estim\u00e9e":"2 minutes"},"schema":{"@context":"https:\/\/schema.org","@graph":[{"@type":"WebPage","@id":"https:\/\/tourtravelandmore.com\/fr\/tours\/royaume-uni-fr\/liverpool-fr\/visite-privee-de-liverpool-et-du-stade-danfield-copy\/","url":"https:\/\/tourtravelandmore.com\/fr\/tours\/royaume-uni-fr\/liverpool-fr\/visite-privee-de-liverpool-et-du-stade-danfield-copy\/","name":"\u27a1\ufe0f Transfert priv\u00e9 IN\/OUT de Liverpool | Tour Travel & More","isPartOf":{"@id":"https:\/\/tourtravelandmore.com\/fr\/#website"},"primaryImageOfPage":{"@id":"https:\/\/tourtravelandmore.com\/fr\/tours\/royaume-uni-fr\/liverpool-fr\/visite-privee-de-liverpool-et-du-stade-danfield-copy\/#primaryimage"},"image":{"@id":"https:\/\/tourtravelandmore.com\/fr\/tours\/royaume-uni-fr\/liverpool-fr\/visite-privee-de-liverpool-et-du-stade-danfield-copy\/#primaryimage"},"thumbnailUrl":"https:\/\/tourtravelandmore.com\/wp-content\/uploads\/2024\/04\/csm_airport-transfer_1_86c6f1c624.jpg","datePublished":"2024-04-15T16:54:25+00:00","dateModified":"2024-04-17T17:16:21+00:00","description":"Profitez d'une merveilleuse Visite priv\u00e9e de Liverpool et du stade d'Anfield pour admirer de pr\u00e8s ses b\u00e2timents et monuments les plus importants en compagnie d'un guide officiel.","breadcrumb":{"@id":"https:\/\/tourtravelandmore.com\/fr\/tours\/royaume-uni-fr\/liverpool-fr\/visite-privee-de-liverpool-et-du-stade-danfield-copy\/#breadcrumb"},"inLanguage":"fr-FR","potentialAction":[{"@type":"ReadAction","target":["https:\/\/tourtravelandmore.com\/fr\/tours\/royaume-uni-fr\/liverpool-fr\/visite-privee-de-liverpool-et-du-stade-danfield-copy\/"]}]},{"@type":"ImageObject","inLanguage":"fr-FR","@id":"https:\/\/tourtravelandmore.com\/fr\/tours\/royaume-uni-fr\/liverpool-fr\/visite-privee-de-liverpool-et-du-stade-danfield-copy\/#primaryimage","url":"https:\/\/tourtravelandmore.com\/wp-content\/uploads\/2024\/04\/csm_airport-transfer_1_86c6f1c624.jpg","contentUrl":"https:\/\/tourtravelandmore.com\/wp-content\/uploads\/2024\/04\/csm_airport-transfer_1_86c6f1c624.jpg","width":1920,"height":1080},{"@type":"BreadcrumbList","@id":"https:\/\/tourtravelandmore.com\/fr\/tours\/royaume-uni-fr\/liverpool-fr\/visite-privee-de-liverpool-et-du-stade-danfield-copy\/#breadcrumb","itemListElement":[{"@type":"ListItem","position":1,"name":"Home","item":"https:\/\/tourtravelandmore.com\/fr\/"},{"@type":"ListItem","position":2,"name":"Tours","item":"https:\/\/tourtravelandmore.com\/fr\/tours\/"},{"@type":"ListItem","position":3,"name":"Transfert priv\u00e9 IN\/OUT de Liverpool"}]},{"@type":"WebSite","@id":"https:\/\/tourtravelandmore.com\/fr\/#website","url":"https:\/\/tourtravelandmore.com\/fr\/","name":"Tour Travel And More","description":"Private sightseeing tours and luxury transfers in Spain","publisher":{"@id":"https:\/\/tourtravelandmore.com\/fr\/#organization"},"potentialAction":[{"@type":"SearchAction","target":{"@type":"EntryPoint","urlTemplate":"https:\/\/tourtravelandmore.com\/fr\/?s={search_term_string}"},"query-input":{"@type":"PropertyValueSpecification","valueRequired":true,"valueName":"search_term_string"}}],"inLanguage":"fr-FR"},{"@type":"Organization","@id":"https:\/\/tourtravelandmore.com\/fr\/#organization","name":"Tour Travel And More","url":"https:\/\/tourtravelandmore.com\/fr\/","logo":{"@type":"ImageObject","inLanguage":"fr-FR","@id":"https:\/\/tourtravelandmore.com\/fr\/#\/schema\/logo\/image\/","url":"https:\/\/tourtravelandmore.com\/wp-content\/uploads\/2022\/12\/cropped-logo-cabecera-new.png","contentUrl":"https:\/\/tourtravelandmore.com\/wp-content\/uploads\/2022\/12\/cropped-logo-cabecera-new.png","width":430,"height":61,"caption":"Tour Travel And More"},"image":{"@id":"https:\/\/tourtravelandmore.com\/fr\/#\/schema\/logo\/image\/"},"sameAs":["https:\/\/www.facebook.com\/tourtravelandmore\/","https:\/\/x.com\/TourTravel_More"]}]}},"_links":{"self":[{"href":"https:\/\/tourtravelandmore.com\/fr\/wp-json\/wp\/v2\/product\/174643","targetHints":{"allow":["GET"]}}],"collection":[{"href":"https:\/\/tourtravelandmore.com\/fr\/wp-json\/wp\/v2\/product"}],"about":[{"href":"https:\/\/tourtravelandmore.com\/fr\/wp-json\/wp\/v2\/types\/product"}],"replies":[{"embeddable":true,"href":"https:\/\/tourtravelandmore.com\/fr\/wp-json\/wp\/v2\/comments?post=174643"}],"wp:featuredmedia":[{"embeddable":true,"href":"https:\/\/tourtravelandmore.com\/fr\/wp-json\/wp\/v2\/media\/174655"}],"wp:attachment":[{"href":"https:\/\/tourtravelandmore.com\/fr\/wp-json\/wp\/v2\/media?parent=174643"}],"wp:term":[{"taxonomy":"product_brand","embeddable":true,"href":"https:\/\/tourtravelandmore.com\/fr\/wp-json\/wp\/v2\/product_brand?post=174643"},{"taxonomy":"product_cat","embeddable":true,"href":"https:\/\/tourtravelandmore.com\/fr\/wp-json\/wp\/v2\/product_cat?post=174643"},{"taxonomy":"product_tag","embeddable":true,"href":"https:\/\/tourtravelandmore.com\/fr\/wp-json\/wp\/v2\/product_tag?post=174643"}],"curies":[{"name":"wp","href":"https:\/\/api.w.org\/{rel}","templated":true}]}}