{"id":174612,"date":"2024-04-15T16:58:04","date_gmt":"2024-04-15T14:58:07","guid":{"rendered":"https:\/\/tourtravelandmore.com\/?post_type=product&#038;p=174612"},"modified":"2024-04-15T18:49:54","modified_gmt":"2024-04-15T16:49:54","slug":"visite-privee-de-liverpool-copy","status":"publish","type":"product","link":"https:\/\/tourtravelandmore.com\/fr\/tours\/royaume-uni-fr\/liverpool-fr\/visite-privee-de-liverpool-copy\/","title":{"rendered":"Visite priv\u00e9e de Liverpool et du stade d&#8217;Anfield"},"content":{"rendered":"<h2><b>Description de la visite priv\u00e9e de Liverpool et du stade d&#8217;Anfield<\/b><\/h2>\n<p>Embarquez pour un voyage exclusif \u00e0 travers la ville vibrante de <b><strong>Liverpool<\/strong><\/b> et le <b><strong>stade<\/strong><\/b> embl\u00e9matique <b><strong>d&#8217;Anfield<\/strong><\/b> avec Tour Travel &amp; More. Notre <b><strong>visite priv\u00e9e de Liverpool et du stade d&#8217;Anfield<\/strong><\/b> propose une exploration personnalis\u00e9e men\u00e9e par un guide exp\u00e9riment\u00e9, garantissant une exp\u00e9rience inoubliable adapt\u00e9e \u00e0 vos int\u00e9r\u00eats.<\/p>\n<p>B\u00e9n\u00e9ficiez de toute l&#8217;attention d&#8217;un guide comp\u00e9tent. Il vous accompagnera tout au long de l&#8217;excursion et vous fournira des informations et des commentaires personnalis\u00e9s, adapt\u00e9s \u00e0 vos pr\u00e9f\u00e9rences. D\u00e9tendez-vous dans un v\u00e9hicule priv\u00e9 dot\u00e9 d&#8217;\u00e9quipements modernes, assurant un voyage confortable entre les attractions.<\/p>\n<p>Toutes nos excursions sont priv\u00e9es et personnalis\u00e9es en fonction des int\u00e9r\u00eats de nos clients. Nos experts en voyage vous aideront \u00e0 organiser une exp\u00e9rience unique et sur mesure.<\/p>\n<h2><b>Points forts<\/b><\/h2>\n<p>Votre aventure commence par une prise en charge pratique dans un v\u00e9hicule confortable. Vous \u00eates pr\u00eat pour une exploration sans faille du riche <b><strong>patrimoine<\/strong><\/b> culturel et de l&#8217;h\u00e9ritage footballistique de <b><strong>Liverpool<\/strong><\/b>. Pendant que vous traversez la ville, votre guide bien inform\u00e9 vous r\u00e9galera d&#8217;histoires fascinantes, d&#8217;anecdotes et d&#8217;aper\u00e7us historiques. Il vous permettra de mieux comprendre l&#8217;importance de Liverpool en tant que centre culturel et Mecque du football.<\/p>\n<p>\u00c0 votre arriv\u00e9e au <b><strong>stade Anfield,<\/strong><\/b> si\u00e8ge du <b><strong>l\u00e9gendaire Liverpool Football Club,<\/strong><\/b> pr\u00e9parez-vous \u00e0 \u00eatre plong\u00e9 dans l&#8217;atmosph\u00e8re \u00e9lectrisante de l&#8217;une des ar\u00e8nes les plus embl\u00e9matiques du football. Votre guide vous accompagnera tout au long de la visite du stade. Il vous offrira des points de vue d&#8217;initi\u00e9s et un acc\u00e8s exclusif aux coulisses des zones habituellement interdites au public. Chaque recoin d&#8217;<b><strong>Anfield<\/strong><\/b> rec\u00e8le un pan de l&#8217;histoire du football qui ne demande qu&#8217;\u00e0 \u00eatre d\u00e9couvert.<\/p>\n<p>Tout au long de cette excursion de <b><strong>quatre heures<\/strong><\/b>, vous aurez tout le loisir de vous impr\u00e9gner des lieux, de prendre des photos m\u00e9morables et d&#8217;\u00e9changer avec votre guide pour approfondir le pass\u00e9 illustre de Liverpool et sa culture footballistique. Que vous soyez un fan inconditionnel de football ou simplement intrigu\u00e9 par le charme de la ville, notre visite priv\u00e9e vous promet une exp\u00e9rience enrichissante qui sort de l&#8217;ordinaire }.<\/p>\n<p>Si vous souhaitez profiter au maximum de votre s\u00e9jour au Royaume-Uni, vous pouvez opter pour notre visite <a href=\"https:\/\/tourtravelandmore.com\/tours\/united-kingdom\/london-en\/private-tour-of-oxford-from-london\/\"><b><strong>priv\u00e9e d&#8217;Oxford au d\u00e9part de Londres<\/strong><\/b><\/a>. Vous d\u00e9couvrirez ainsi l&#8217;une des villes les plus \u00e9tonnantes et les plus historiques d&#8217;Europe.<\/p>\n","protected":false},"excerpt":{"rendered":"<p>Embarquez pour un voyage exclusif \u00e0 travers la ville vibrante de <b><strong>Liverpool<\/strong><\/b> et le <b><strong>stade<\/strong><\/b> embl\u00e9matique <b><strong>d&#8217;Anfield<\/strong><\/b> avec Tour Travel &amp; More. Notre <b><strong>visite priv\u00e9e de Liverpool et du stade d&#8217;Anfield<\/strong><\/b> propose une exploration personnalis\u00e9e men\u00e9e par un guide exp\u00e9riment\u00e9, garantissant une exp\u00e9rience inoubliable adapt\u00e9e \u00e0 vos int\u00e9r\u00eats.<\/p>\n","protected":false},"featured_media":174624,"comment_status":"open","ping_status":"closed","template":"","meta":{"_acf_changed":false},"product_brand":[],"product_cat":[5315,5304,5318,3545],"product_tag":[],"class_list":{"0":"post-174612","1":"product","2":"type-product","3":"status-publish","4":"has-post-thumbnail","6":"product_cat-all-private-tours-fr-3","7":"product_cat-liverpool-fr","8":"product_cat-private-sightseeing-tours-fr-37","9":"product_cat-royaume-uni-fr","11":"first","12":"instock","13":"shipping-taxable","14":"purchasable","15":"product-type-simple"},"acf":[],"yoast_head":"<!-- This site is optimized with the Yoast SEO Premium plugin v25.3.1 (Yoast SEO v25.3.1) - https:\/\/yoast.com\/wordpress\/plugins\/seo\/ -->\n<title>\u27a1\ufe0f Visite priv\u00e9e de Liverpool et du stade d&#039;Anfield | Tour Travel &amp; More<\/title>\n<meta name=\"description\" content=\"Profitez d&#039;une merveilleuse Visite priv\u00e9e de Liverpool et du stade d&#039;Anfield pour admirer de pr\u00e8s ses b\u00e2timents et monuments les plus importants en compagnie d&#039;un guide officiel.\" \/>\n<meta name=\"robots\" content=\"index, follow, max-snippet:-1, max-image-preview:large, max-video-preview:-1\" \/>\n<link rel=\"canonical\" href=\"https:\/\/tourtravelandmore.com\/fr\/tours\/royaume-uni-fr\/liverpool-fr\/visite-privee-de-liverpool-copy\/\" \/>\n<meta property=\"og:locale\" content=\"fr_FR\" \/>\n<meta property=\"og:type\" content=\"article\" \/>\n<meta property=\"og:title\" content=\"Visite priv\u00e9e de Liverpool et du stade d&#039;Anfield\" \/>\n<meta property=\"og:description\" content=\"Profitez d&#039;une merveilleuse Visite priv\u00e9e de Liverpool et du stade d&#039;Anfield pour admirer de pr\u00e8s ses b\u00e2timents et monuments les plus importants en compagnie d&#039;un guide officiel.\" \/>\n<meta property=\"og:url\" content=\"https:\/\/tourtravelandmore.com\/fr\/tours\/royaume-uni-fr\/liverpool-fr\/visite-privee-de-liverpool-copy\/\" \/>\n<meta property=\"og:site_name\" content=\"Tour Travel And More\" \/>\n<meta property=\"article:publisher\" content=\"https:\/\/www.facebook.com\/tourtravelandmore\/\" \/>\n<meta property=\"article:modified_time\" content=\"2024-04-15T16:49:54+00:00\" \/>\n<meta property=\"og:image\" content=\"https:\/\/tourtravelandmore.com\/wp-content\/uploads\/2024\/04\/pexels-tembela-bohle-1884574.jpg\" \/>\n\t<meta property=\"og:image:width\" content=\"1280\" \/>\n\t<meta property=\"og:image:height\" content=\"853\" \/>\n\t<meta property=\"og:image:type\" content=\"image\/jpeg\" \/>\n<meta name=\"twitter:card\" content=\"summary_large_image\" \/>\n<meta name=\"twitter:site\" content=\"@TourTravel_More\" \/>\n<meta name=\"twitter:label1\" content=\"Dur\u00e9e de lecture estim\u00e9e\" \/>\n\t<meta name=\"twitter:data1\" content=\"2 minutes\" \/>\n<script type=\"application\/ld+json\" class=\"yoast-schema-graph\">{\"@context\":\"https:\/\/schema.org\",\"@graph\":[{\"@type\":\"WebPage\",\"@id\":\"https:\/\/tourtravelandmore.com\/fr\/tours\/royaume-uni-fr\/liverpool-fr\/visite-privee-de-liverpool-copy\/\",\"url\":\"https:\/\/tourtravelandmore.com\/fr\/tours\/royaume-uni-fr\/liverpool-fr\/visite-privee-de-liverpool-copy\/\",\"name\":\"\u27a1\ufe0f Visite priv\u00e9e de Liverpool et du stade d'Anfield | Tour Travel & More\",\"isPartOf\":{\"@id\":\"https:\/\/tourtravelandmore.com\/fr\/#website\"},\"primaryImageOfPage\":{\"@id\":\"https:\/\/tourtravelandmore.com\/fr\/tours\/royaume-uni-fr\/liverpool-fr\/visite-privee-de-liverpool-copy\/#primaryimage\"},\"image\":{\"@id\":\"https:\/\/tourtravelandmore.com\/fr\/tours\/royaume-uni-fr\/liverpool-fr\/visite-privee-de-liverpool-copy\/#primaryimage\"},\"thumbnailUrl\":\"https:\/\/tourtravelandmore.com\/wp-content\/uploads\/2024\/04\/pexels-tembela-bohle-1884574.jpg\",\"datePublished\":\"2024-04-15T14:58:07+00:00\",\"dateModified\":\"2024-04-15T16:49:54+00:00\",\"description\":\"Profitez d'une merveilleuse Visite priv\u00e9e de Liverpool et du stade d'Anfield pour admirer de pr\u00e8s ses b\u00e2timents et monuments les plus importants en compagnie d'un guide officiel.\",\"breadcrumb\":{\"@id\":\"https:\/\/tourtravelandmore.com\/fr\/tours\/royaume-uni-fr\/liverpool-fr\/visite-privee-de-liverpool-copy\/#breadcrumb\"},\"inLanguage\":\"fr-FR\",\"potentialAction\":[{\"@type\":\"ReadAction\",\"target\":[\"https:\/\/tourtravelandmore.com\/fr\/tours\/royaume-uni-fr\/liverpool-fr\/visite-privee-de-liverpool-copy\/\"]}]},{\"@type\":\"ImageObject\",\"inLanguage\":\"fr-FR\",\"@id\":\"https:\/\/tourtravelandmore.com\/fr\/tours\/royaume-uni-fr\/liverpool-fr\/visite-privee-de-liverpool-copy\/#primaryimage\",\"url\":\"https:\/\/tourtravelandmore.com\/wp-content\/uploads\/2024\/04\/pexels-tembela-bohle-1884574.jpg\",\"contentUrl\":\"https:\/\/tourtravelandmore.com\/wp-content\/uploads\/2024\/04\/pexels-tembela-bohle-1884574.jpg\",\"width\":1280,\"height\":853},{\"@type\":\"BreadcrumbList\",\"@id\":\"https:\/\/tourtravelandmore.com\/fr\/tours\/royaume-uni-fr\/liverpool-fr\/visite-privee-de-liverpool-copy\/#breadcrumb\",\"itemListElement\":[{\"@type\":\"ListItem\",\"position\":1,\"name\":\"Home\",\"item\":\"https:\/\/tourtravelandmore.com\/fr\/\"},{\"@type\":\"ListItem\",\"position\":2,\"name\":\"Tours\",\"item\":\"https:\/\/tourtravelandmore.com\/fr\/tours\/\"},{\"@type\":\"ListItem\",\"position\":3,\"name\":\"Visite priv\u00e9e de Liverpool et du stade d&#8217;Anfield\"}]},{\"@type\":\"WebSite\",\"@id\":\"https:\/\/tourtravelandmore.com\/fr\/#website\",\"url\":\"https:\/\/tourtravelandmore.com\/fr\/\",\"name\":\"Tour Travel And More\",\"description\":\"Private sightseeing tours and luxury transfers in Spain\",\"publisher\":{\"@id\":\"https:\/\/tourtravelandmore.com\/fr\/#organization\"},\"potentialAction\":[{\"@type\":\"SearchAction\",\"target\":{\"@type\":\"EntryPoint\",\"urlTemplate\":\"https:\/\/tourtravelandmore.com\/fr\/?s={search_term_string}\"},\"query-input\":{\"@type\":\"PropertyValueSpecification\",\"valueRequired\":true,\"valueName\":\"search_term_string\"}}],\"inLanguage\":\"fr-FR\"},{\"@type\":\"Organization\",\"@id\":\"https:\/\/tourtravelandmore.com\/fr\/#organization\",\"name\":\"Tour Travel And More\",\"url\":\"https:\/\/tourtravelandmore.com\/fr\/\",\"logo\":{\"@type\":\"ImageObject\",\"inLanguage\":\"fr-FR\",\"@id\":\"https:\/\/tourtravelandmore.com\/fr\/#\/schema\/logo\/image\/\",\"url\":\"https:\/\/tourtravelandmore.com\/wp-content\/uploads\/2022\/12\/cropped-logo-cabecera-new.png\",\"contentUrl\":\"https:\/\/tourtravelandmore.com\/wp-content\/uploads\/2022\/12\/cropped-logo-cabecera-new.png\",\"width\":430,\"height\":61,\"caption\":\"Tour Travel And More\"},\"image\":{\"@id\":\"https:\/\/tourtravelandmore.com\/fr\/#\/schema\/logo\/image\/\"},\"sameAs\":[\"https:\/\/www.facebook.com\/tourtravelandmore\/\",\"https:\/\/x.com\/TourTravel_More\"]}]}<\/script>\n<!-- \/ Yoast SEO Premium plugin. -->","yoast_head_json":{"title":"\u27a1\ufe0f Visite priv\u00e9e de Liverpool et du stade d'Anfield | Tour Travel & More","description":"Profitez d'une merveilleuse Visite priv\u00e9e de Liverpool et du stade d'Anfield pour admirer de pr\u00e8s ses b\u00e2timents et monuments les plus importants en compagnie d'un guide officiel.","robots":{"index":"index","follow":"follow","max-snippet":"max-snippet:-1","max-image-preview":"max-image-preview:large","max-video-preview":"max-video-preview:-1"},"canonical":"https:\/\/tourtravelandmore.com\/fr\/tours\/royaume-uni-fr\/liverpool-fr\/visite-privee-de-liverpool-copy\/","og_locale":"fr_FR","og_type":"article","og_title":"Visite priv\u00e9e de Liverpool et du stade d'Anfield","og_description":"Profitez d'une merveilleuse Visite priv\u00e9e de Liverpool et du stade d'Anfield pour admirer de pr\u00e8s ses b\u00e2timents et monuments les plus importants en compagnie d'un guide officiel.","og_url":"https:\/\/tourtravelandmore.com\/fr\/tours\/royaume-uni-fr\/liverpool-fr\/visite-privee-de-liverpool-copy\/","og_site_name":"Tour Travel And More","article_publisher":"https:\/\/www.facebook.com\/tourtravelandmore\/","article_modified_time":"2024-04-15T16:49:54+00:00","og_image":[{"width":1280,"height":853,"url":"https:\/\/tourtravelandmore.com\/wp-content\/uploads\/2024\/04\/pexels-tembela-bohle-1884574.jpg","type":"image\/jpeg"}],"twitter_card":"summary_large_image","twitter_site":"@TourTravel_More","twitter_misc":{"Dur\u00e9e de lecture estim\u00e9e":"2 minutes"},"schema":{"@context":"https:\/\/schema.org","@graph":[{"@type":"WebPage","@id":"https:\/\/tourtravelandmore.com\/fr\/tours\/royaume-uni-fr\/liverpool-fr\/visite-privee-de-liverpool-copy\/","url":"https:\/\/tourtravelandmore.com\/fr\/tours\/royaume-uni-fr\/liverpool-fr\/visite-privee-de-liverpool-copy\/","name":"\u27a1\ufe0f Visite priv\u00e9e de Liverpool et du stade d'Anfield | Tour Travel & More","isPartOf":{"@id":"https:\/\/tourtravelandmore.com\/fr\/#website"},"primaryImageOfPage":{"@id":"https:\/\/tourtravelandmore.com\/fr\/tours\/royaume-uni-fr\/liverpool-fr\/visite-privee-de-liverpool-copy\/#primaryimage"},"image":{"@id":"https:\/\/tourtravelandmore.com\/fr\/tours\/royaume-uni-fr\/liverpool-fr\/visite-privee-de-liverpool-copy\/#primaryimage"},"thumbnailUrl":"https:\/\/tourtravelandmore.com\/wp-content\/uploads\/2024\/04\/pexels-tembela-bohle-1884574.jpg","datePublished":"2024-04-15T14:58:07+00:00","dateModified":"2024-04-15T16:49:54+00:00","description":"Profitez d'une merveilleuse Visite priv\u00e9e de Liverpool et du stade d'Anfield pour admirer de pr\u00e8s ses b\u00e2timents et monuments les plus importants en compagnie d'un guide officiel.","breadcrumb":{"@id":"https:\/\/tourtravelandmore.com\/fr\/tours\/royaume-uni-fr\/liverpool-fr\/visite-privee-de-liverpool-copy\/#breadcrumb"},"inLanguage":"fr-FR","potentialAction":[{"@type":"ReadAction","target":["https:\/\/tourtravelandmore.com\/fr\/tours\/royaume-uni-fr\/liverpool-fr\/visite-privee-de-liverpool-copy\/"]}]},{"@type":"ImageObject","inLanguage":"fr-FR","@id":"https:\/\/tourtravelandmore.com\/fr\/tours\/royaume-uni-fr\/liverpool-fr\/visite-privee-de-liverpool-copy\/#primaryimage","url":"https:\/\/tourtravelandmore.com\/wp-content\/uploads\/2024\/04\/pexels-tembela-bohle-1884574.jpg","contentUrl":"https:\/\/tourtravelandmore.com\/wp-content\/uploads\/2024\/04\/pexels-tembela-bohle-1884574.jpg","width":1280,"height":853},{"@type":"BreadcrumbList","@id":"https:\/\/tourtravelandmore.com\/fr\/tours\/royaume-uni-fr\/liverpool-fr\/visite-privee-de-liverpool-copy\/#breadcrumb","itemListElement":[{"@type":"ListItem","position":1,"name":"Home","item":"https:\/\/tourtravelandmore.com\/fr\/"},{"@type":"ListItem","position":2,"name":"Tours","item":"https:\/\/tourtravelandmore.com\/fr\/tours\/"},{"@type":"ListItem","position":3,"name":"Visite priv\u00e9e de Liverpool et du stade d&#8217;Anfield"}]},{"@type":"WebSite","@id":"https:\/\/tourtravelandmore.com\/fr\/#website","url":"https:\/\/tourtravelandmore.com\/fr\/","name":"Tour Travel And More","description":"Private sightseeing tours and luxury transfers in Spain","publisher":{"@id":"https:\/\/tourtravelandmore.com\/fr\/#organization"},"potentialAction":[{"@type":"SearchAction","target":{"@type":"EntryPoint","urlTemplate":"https:\/\/tourtravelandmore.com\/fr\/?s={search_term_string}"},"query-input":{"@type":"PropertyValueSpecification","valueRequired":true,"valueName":"search_term_string"}}],"inLanguage":"fr-FR"},{"@type":"Organization","@id":"https:\/\/tourtravelandmore.com\/fr\/#organization","name":"Tour Travel And More","url":"https:\/\/tourtravelandmore.com\/fr\/","logo":{"@type":"ImageObject","inLanguage":"fr-FR","@id":"https:\/\/tourtravelandmore.com\/fr\/#\/schema\/logo\/image\/","url":"https:\/\/tourtravelandmore.com\/wp-content\/uploads\/2022\/12\/cropped-logo-cabecera-new.png","contentUrl":"https:\/\/tourtravelandmore.com\/wp-content\/uploads\/2022\/12\/cropped-logo-cabecera-new.png","width":430,"height":61,"caption":"Tour Travel And More"},"image":{"@id":"https:\/\/tourtravelandmore.com\/fr\/#\/schema\/logo\/image\/"},"sameAs":["https:\/\/www.facebook.com\/tourtravelandmore\/","https:\/\/x.com\/TourTravel_More"]}]}},"_links":{"self":[{"href":"https:\/\/tourtravelandmore.com\/fr\/wp-json\/wp\/v2\/product\/174612","targetHints":{"allow":["GET"]}}],"collection":[{"href":"https:\/\/tourtravelandmore.com\/fr\/wp-json\/wp\/v2\/product"}],"about":[{"href":"https:\/\/tourtravelandmore.com\/fr\/wp-json\/wp\/v2\/types\/product"}],"replies":[{"embeddable":true,"href":"https:\/\/tourtravelandmore.com\/fr\/wp-json\/wp\/v2\/comments?post=174612"}],"wp:featuredmedia":[{"embeddable":true,"href":"https:\/\/tourtravelandmore.com\/fr\/wp-json\/wp\/v2\/media\/174624"}],"wp:attachment":[{"href":"https:\/\/tourtravelandmore.com\/fr\/wp-json\/wp\/v2\/media?parent=174612"}],"wp:term":[{"taxonomy":"product_brand","embeddable":true,"href":"https:\/\/tourtravelandmore.com\/fr\/wp-json\/wp\/v2\/product_brand?post=174612"},{"taxonomy":"product_cat","embeddable":true,"href":"https:\/\/tourtravelandmore.com\/fr\/wp-json\/wp\/v2\/product_cat?post=174612"},{"taxonomy":"product_tag","embeddable":true,"href":"https:\/\/tourtravelandmore.com\/fr\/wp-json\/wp\/v2\/product_tag?post=174612"}],"curies":[{"name":"wp","href":"https:\/\/api.w.org\/{rel}","templated":true}]}}