{"id":174581,"date":"2024-04-15T16:15:45","date_gmt":"2024-04-15T14:15:48","guid":{"rendered":"https:\/\/tourtravelandmore.com\/?post_type=product&#038;p=174581"},"modified":"2024-04-15T16:55:29","modified_gmt":"2024-04-15T14:55:29","slug":"visite-privee-a-pied-de-liverpool-copy","status":"publish","type":"product","link":"https:\/\/tourtravelandmore.com\/fr\/tours\/royaume-uni-fr\/liverpool-fr\/visite-privee-a-pied-de-liverpool-copy\/","title":{"rendered":"Visite priv\u00e9e de Liverpool"},"content":{"rendered":"<h2><b>Description de la visite priv\u00e9e de Liverpool<\/b><\/h2>\n<p>Embarquez pour un voyage captivant dans les rues anim\u00e9es de <b><strong>Liverpool<\/strong><\/b> gr\u00e2ce \u00e0 notre <b><strong>visite priv\u00e9e<\/strong><\/b> exclusive <b><strong>de Liverpool avec guide et v\u00e9hicule<\/strong><\/b>. Vous d\u00e9couvrirez la riche histoire, le patrimoine culturel et les sites embl\u00e9matiques de cette ville dynamique. Avec un guide comp\u00e9tent et un v\u00e9hicule confortable \u00e0 votre disposition, chaque moment promet d&#8217;\u00eatre une aventure inoubliable.<\/p>\n<p>D\u00e9couvrez la magie de <b><strong>Liverpool<\/strong><\/b> comme jamais auparavant gr\u00e2ce \u00e0 notre visite priv\u00e9e exclusive, o\u00f9 chaque instant est con\u00e7u pour vous ravir et vous inspirer. R\u00e9servez d\u00e8s aujourd&#8217;hui votre aventure inoubliable avec Tour Travel &amp; More !<\/p>\n<p>Tous nos circuits sont priv\u00e9s et personnalisables en fonction des int\u00e9r\u00eats de nos clients. Nos experts en voyage vous aideront \u00e0 organiser une exp\u00e9rience unique et sur mesure. L&#8217;ensemble du circuit sera organis\u00e9 en fonction de vos d\u00e9sirs personnels.<\/p>\n<h2><b>Points forts<\/b><\/h2>\n<p>Commencez votre exploration par l&#8217;historique Albert Dock, un site class\u00e9 au patrimoine mondial de l&#8217;UNESCO qui regorge de charme maritime. Admirez l&#8217;architecture victorienne magnifiquement pr\u00e9serv\u00e9e et impr\u00e9gnez-vous de l&#8217;atmosph\u00e8re anim\u00e9e de ce joyau du front de mer.<\/p>\n<p>Faites une croisi\u00e8re sur le pittoresque <b><strong>front de mer de Liverpool<\/strong><\/b> \u00e0 bord de votre v\u00e9hicule priv\u00e9. Admirez les vues panoramiques de l&#8217;horizon de la ville et de la majestueuse rivi\u00e8re Mersey. Prenez de superbes photos avec en toile de fond des monuments tels que le Liver Building et le Royal Liver Building.<\/p>\n<p>D\u00e9couvrez la grandeur impressionnante de la cath\u00e9drale de <b><strong>Liverpool<\/strong><\/b>, l&#8217;une des plus grandes structures gothiques au monde. Admirez de l&#8217;ext\u00e9rieur son architecture \u00e0 couper le souffle, ses vitraux complexes et son atmosph\u00e8re sereine, tandis que votre guide partage avec vous des informations fascinantes sur sa construction et sa signification.<\/p>\n<p><b><strong>George&#8217;s Hall,<\/strong><\/b> un chef-d&#8217;\u0153uvre de l&#8217;architecture n\u00e9oclassique nich\u00e9 au c\u0153ur de Liverpool. Il refl\u00e8te le riche patrimoine culturel de la ville.<\/p>\n<p>Si vous souhaitez profiter au maximum de votre s\u00e9jour au Royaume-Uni, vous pouvez opter pour notre <a href=\"https:\/\/tourtravelandmore.com\/tours\/united-kingdom\/london-en\/private-tour-of-oxford-from-london\/\"><b><strong>visite priv\u00e9e d&#8217;Oxford au d\u00e9part de Londres<\/strong><\/b><\/a>. Vous d\u00e9couvrirez ainsi l&#8217;une des villes les plus \u00e9tonnantes et les plus historiques d&#8217;Europe.<\/p>\n","protected":false},"excerpt":{"rendered":"<p>Embarquez pour un voyage captivant dans les rues anim\u00e9es de <b><strong>Liverpool<\/strong><\/b> gr\u00e2ce \u00e0 notre <b><strong>visite priv\u00e9e<\/strong><\/b> exclusive <b><strong>de Liverpool avec guide et v\u00e9hicule<\/strong><\/b>. Vous d\u00e9couvrirez la riche histoire, le patrimoine culturel et les sites embl\u00e9matiques de cette ville dynamique. Avec un guide comp\u00e9tent et un v\u00e9hicule confortable \u00e0 votre disposition, chaque moment promet d&#8217;\u00eatre une aventure inoubliable.<\/p>\n","protected":false},"featured_media":174593,"comment_status":"open","ping_status":"closed","template":"","meta":{"_acf_changed":false},"product_brand":[],"product_cat":[5315,5304,5318,3545],"product_tag":[],"class_list":{"0":"post-174581","1":"product","2":"type-product","3":"status-publish","4":"has-post-thumbnail","6":"product_cat-all-private-tours-fr-3","7":"product_cat-liverpool-fr","8":"product_cat-private-sightseeing-tours-fr-37","9":"product_cat-royaume-uni-fr","11":"first","12":"instock","13":"shipping-taxable","14":"purchasable","15":"product-type-simple"},"acf":[],"yoast_head":"<!-- This site is optimized with the Yoast SEO Premium plugin v25.3.1 (Yoast SEO v25.3.1) - https:\/\/yoast.com\/wordpress\/plugins\/seo\/ -->\n<title>\u27a1\ufe0f Visite priv\u00e9e de Liverpool | Tour Travel &amp; More<\/title>\n<meta name=\"description\" content=\"Profitez d&#039;une merveilleuse visite priv\u00e9e de Liverpool pour admirer de pr\u00e8s ses b\u00e2timents et monuments les plus importants en compagnie d&#039;un guide officiel.\" \/>\n<meta name=\"robots\" content=\"index, follow, max-snippet:-1, max-image-preview:large, max-video-preview:-1\" \/>\n<link rel=\"canonical\" href=\"https:\/\/tourtravelandmore.com\/fr\/tours\/royaume-uni-fr\/liverpool-fr\/visite-privee-a-pied-de-liverpool-copy\/\" \/>\n<meta property=\"og:locale\" content=\"fr_FR\" \/>\n<meta property=\"og:type\" content=\"article\" \/>\n<meta property=\"og:title\" content=\"Visite priv\u00e9e de Liverpool\" \/>\n<meta property=\"og:description\" content=\"Profitez d&#039;une merveilleuse visite priv\u00e9e de Liverpool pour admirer de pr\u00e8s ses b\u00e2timents et monuments les plus importants en compagnie d&#039;un guide officiel.\" \/>\n<meta property=\"og:url\" content=\"https:\/\/tourtravelandmore.com\/fr\/tours\/royaume-uni-fr\/liverpool-fr\/visite-privee-a-pied-de-liverpool-copy\/\" \/>\n<meta property=\"og:site_name\" content=\"Tour Travel And More\" \/>\n<meta property=\"article:publisher\" content=\"https:\/\/www.facebook.com\/tourtravelandmore\/\" \/>\n<meta property=\"article:modified_time\" content=\"2024-04-15T14:55:29+00:00\" \/>\n<meta property=\"og:image\" content=\"https:\/\/tourtravelandmore.com\/wp-content\/uploads\/2024\/04\/pexels-wender-junior-souza-vieira-6122277.jpg\" \/>\n\t<meta property=\"og:image:width\" content=\"1279\" \/>\n\t<meta property=\"og:image:height\" content=\"853\" \/>\n\t<meta property=\"og:image:type\" content=\"image\/jpeg\" \/>\n<meta name=\"twitter:card\" content=\"summary_large_image\" \/>\n<meta name=\"twitter:site\" content=\"@TourTravel_More\" \/>\n<meta name=\"twitter:label1\" content=\"Dur\u00e9e de lecture estim\u00e9e\" \/>\n\t<meta name=\"twitter:data1\" content=\"2 minutes\" \/>\n<script type=\"application\/ld+json\" class=\"yoast-schema-graph\">{\"@context\":\"https:\/\/schema.org\",\"@graph\":[{\"@type\":\"WebPage\",\"@id\":\"https:\/\/tourtravelandmore.com\/fr\/tours\/royaume-uni-fr\/liverpool-fr\/visite-privee-a-pied-de-liverpool-copy\/\",\"url\":\"https:\/\/tourtravelandmore.com\/fr\/tours\/royaume-uni-fr\/liverpool-fr\/visite-privee-a-pied-de-liverpool-copy\/\",\"name\":\"\u27a1\ufe0f Visite priv\u00e9e de Liverpool | Tour Travel & More\",\"isPartOf\":{\"@id\":\"https:\/\/tourtravelandmore.com\/fr\/#website\"},\"primaryImageOfPage\":{\"@id\":\"https:\/\/tourtravelandmore.com\/fr\/tours\/royaume-uni-fr\/liverpool-fr\/visite-privee-a-pied-de-liverpool-copy\/#primaryimage\"},\"image\":{\"@id\":\"https:\/\/tourtravelandmore.com\/fr\/tours\/royaume-uni-fr\/liverpool-fr\/visite-privee-a-pied-de-liverpool-copy\/#primaryimage\"},\"thumbnailUrl\":\"https:\/\/tourtravelandmore.com\/wp-content\/uploads\/2024\/04\/pexels-wender-junior-souza-vieira-6122277.jpg\",\"datePublished\":\"2024-04-15T14:15:48+00:00\",\"dateModified\":\"2024-04-15T14:55:29+00:00\",\"description\":\"Profitez d'une merveilleuse visite priv\u00e9e de Liverpool pour admirer de pr\u00e8s ses b\u00e2timents et monuments les plus importants en compagnie d'un guide officiel.\",\"breadcrumb\":{\"@id\":\"https:\/\/tourtravelandmore.com\/fr\/tours\/royaume-uni-fr\/liverpool-fr\/visite-privee-a-pied-de-liverpool-copy\/#breadcrumb\"},\"inLanguage\":\"fr-FR\",\"potentialAction\":[{\"@type\":\"ReadAction\",\"target\":[\"https:\/\/tourtravelandmore.com\/fr\/tours\/royaume-uni-fr\/liverpool-fr\/visite-privee-a-pied-de-liverpool-copy\/\"]}]},{\"@type\":\"ImageObject\",\"inLanguage\":\"fr-FR\",\"@id\":\"https:\/\/tourtravelandmore.com\/fr\/tours\/royaume-uni-fr\/liverpool-fr\/visite-privee-a-pied-de-liverpool-copy\/#primaryimage\",\"url\":\"https:\/\/tourtravelandmore.com\/wp-content\/uploads\/2024\/04\/pexels-wender-junior-souza-vieira-6122277.jpg\",\"contentUrl\":\"https:\/\/tourtravelandmore.com\/wp-content\/uploads\/2024\/04\/pexels-wender-junior-souza-vieira-6122277.jpg\",\"width\":1279,\"height\":853},{\"@type\":\"BreadcrumbList\",\"@id\":\"https:\/\/tourtravelandmore.com\/fr\/tours\/royaume-uni-fr\/liverpool-fr\/visite-privee-a-pied-de-liverpool-copy\/#breadcrumb\",\"itemListElement\":[{\"@type\":\"ListItem\",\"position\":1,\"name\":\"Home\",\"item\":\"https:\/\/tourtravelandmore.com\/fr\/\"},{\"@type\":\"ListItem\",\"position\":2,\"name\":\"Tours\",\"item\":\"https:\/\/tourtravelandmore.com\/fr\/tours\/\"},{\"@type\":\"ListItem\",\"position\":3,\"name\":\"Visite priv\u00e9e de Liverpool\"}]},{\"@type\":\"WebSite\",\"@id\":\"https:\/\/tourtravelandmore.com\/fr\/#website\",\"url\":\"https:\/\/tourtravelandmore.com\/fr\/\",\"name\":\"Tour Travel And More\",\"description\":\"Private sightseeing tours and luxury transfers in Spain\",\"publisher\":{\"@id\":\"https:\/\/tourtravelandmore.com\/fr\/#organization\"},\"potentialAction\":[{\"@type\":\"SearchAction\",\"target\":{\"@type\":\"EntryPoint\",\"urlTemplate\":\"https:\/\/tourtravelandmore.com\/fr\/?s={search_term_string}\"},\"query-input\":{\"@type\":\"PropertyValueSpecification\",\"valueRequired\":true,\"valueName\":\"search_term_string\"}}],\"inLanguage\":\"fr-FR\"},{\"@type\":\"Organization\",\"@id\":\"https:\/\/tourtravelandmore.com\/fr\/#organization\",\"name\":\"Tour Travel And More\",\"url\":\"https:\/\/tourtravelandmore.com\/fr\/\",\"logo\":{\"@type\":\"ImageObject\",\"inLanguage\":\"fr-FR\",\"@id\":\"https:\/\/tourtravelandmore.com\/fr\/#\/schema\/logo\/image\/\",\"url\":\"https:\/\/tourtravelandmore.com\/wp-content\/uploads\/2022\/12\/cropped-logo-cabecera-new.png\",\"contentUrl\":\"https:\/\/tourtravelandmore.com\/wp-content\/uploads\/2022\/12\/cropped-logo-cabecera-new.png\",\"width\":430,\"height\":61,\"caption\":\"Tour Travel And More\"},\"image\":{\"@id\":\"https:\/\/tourtravelandmore.com\/fr\/#\/schema\/logo\/image\/\"},\"sameAs\":[\"https:\/\/www.facebook.com\/tourtravelandmore\/\",\"https:\/\/x.com\/TourTravel_More\"]}]}<\/script>\n<!-- \/ Yoast SEO Premium plugin. -->","yoast_head_json":{"title":"\u27a1\ufe0f Visite priv\u00e9e de Liverpool | Tour Travel & More","description":"Profitez d'une merveilleuse visite priv\u00e9e de Liverpool pour admirer de pr\u00e8s ses b\u00e2timents et monuments les plus importants en compagnie d'un guide officiel.","robots":{"index":"index","follow":"follow","max-snippet":"max-snippet:-1","max-image-preview":"max-image-preview:large","max-video-preview":"max-video-preview:-1"},"canonical":"https:\/\/tourtravelandmore.com\/fr\/tours\/royaume-uni-fr\/liverpool-fr\/visite-privee-a-pied-de-liverpool-copy\/","og_locale":"fr_FR","og_type":"article","og_title":"Visite priv\u00e9e de Liverpool","og_description":"Profitez d'une merveilleuse visite priv\u00e9e de Liverpool pour admirer de pr\u00e8s ses b\u00e2timents et monuments les plus importants en compagnie d'un guide officiel.","og_url":"https:\/\/tourtravelandmore.com\/fr\/tours\/royaume-uni-fr\/liverpool-fr\/visite-privee-a-pied-de-liverpool-copy\/","og_site_name":"Tour Travel And More","article_publisher":"https:\/\/www.facebook.com\/tourtravelandmore\/","article_modified_time":"2024-04-15T14:55:29+00:00","og_image":[{"width":1279,"height":853,"url":"https:\/\/tourtravelandmore.com\/wp-content\/uploads\/2024\/04\/pexels-wender-junior-souza-vieira-6122277.jpg","type":"image\/jpeg"}],"twitter_card":"summary_large_image","twitter_site":"@TourTravel_More","twitter_misc":{"Dur\u00e9e de lecture estim\u00e9e":"2 minutes"},"schema":{"@context":"https:\/\/schema.org","@graph":[{"@type":"WebPage","@id":"https:\/\/tourtravelandmore.com\/fr\/tours\/royaume-uni-fr\/liverpool-fr\/visite-privee-a-pied-de-liverpool-copy\/","url":"https:\/\/tourtravelandmore.com\/fr\/tours\/royaume-uni-fr\/liverpool-fr\/visite-privee-a-pied-de-liverpool-copy\/","name":"\u27a1\ufe0f Visite priv\u00e9e de Liverpool | Tour Travel & More","isPartOf":{"@id":"https:\/\/tourtravelandmore.com\/fr\/#website"},"primaryImageOfPage":{"@id":"https:\/\/tourtravelandmore.com\/fr\/tours\/royaume-uni-fr\/liverpool-fr\/visite-privee-a-pied-de-liverpool-copy\/#primaryimage"},"image":{"@id":"https:\/\/tourtravelandmore.com\/fr\/tours\/royaume-uni-fr\/liverpool-fr\/visite-privee-a-pied-de-liverpool-copy\/#primaryimage"},"thumbnailUrl":"https:\/\/tourtravelandmore.com\/wp-content\/uploads\/2024\/04\/pexels-wender-junior-souza-vieira-6122277.jpg","datePublished":"2024-04-15T14:15:48+00:00","dateModified":"2024-04-15T14:55:29+00:00","description":"Profitez d'une merveilleuse visite priv\u00e9e de Liverpool pour admirer de pr\u00e8s ses b\u00e2timents et monuments les plus importants en compagnie d'un guide officiel.","breadcrumb":{"@id":"https:\/\/tourtravelandmore.com\/fr\/tours\/royaume-uni-fr\/liverpool-fr\/visite-privee-a-pied-de-liverpool-copy\/#breadcrumb"},"inLanguage":"fr-FR","potentialAction":[{"@type":"ReadAction","target":["https:\/\/tourtravelandmore.com\/fr\/tours\/royaume-uni-fr\/liverpool-fr\/visite-privee-a-pied-de-liverpool-copy\/"]}]},{"@type":"ImageObject","inLanguage":"fr-FR","@id":"https:\/\/tourtravelandmore.com\/fr\/tours\/royaume-uni-fr\/liverpool-fr\/visite-privee-a-pied-de-liverpool-copy\/#primaryimage","url":"https:\/\/tourtravelandmore.com\/wp-content\/uploads\/2024\/04\/pexels-wender-junior-souza-vieira-6122277.jpg","contentUrl":"https:\/\/tourtravelandmore.com\/wp-content\/uploads\/2024\/04\/pexels-wender-junior-souza-vieira-6122277.jpg","width":1279,"height":853},{"@type":"BreadcrumbList","@id":"https:\/\/tourtravelandmore.com\/fr\/tours\/royaume-uni-fr\/liverpool-fr\/visite-privee-a-pied-de-liverpool-copy\/#breadcrumb","itemListElement":[{"@type":"ListItem","position":1,"name":"Home","item":"https:\/\/tourtravelandmore.com\/fr\/"},{"@type":"ListItem","position":2,"name":"Tours","item":"https:\/\/tourtravelandmore.com\/fr\/tours\/"},{"@type":"ListItem","position":3,"name":"Visite priv\u00e9e de Liverpool"}]},{"@type":"WebSite","@id":"https:\/\/tourtravelandmore.com\/fr\/#website","url":"https:\/\/tourtravelandmore.com\/fr\/","name":"Tour Travel And More","description":"Private sightseeing tours and luxury transfers in Spain","publisher":{"@id":"https:\/\/tourtravelandmore.com\/fr\/#organization"},"potentialAction":[{"@type":"SearchAction","target":{"@type":"EntryPoint","urlTemplate":"https:\/\/tourtravelandmore.com\/fr\/?s={search_term_string}"},"query-input":{"@type":"PropertyValueSpecification","valueRequired":true,"valueName":"search_term_string"}}],"inLanguage":"fr-FR"},{"@type":"Organization","@id":"https:\/\/tourtravelandmore.com\/fr\/#organization","name":"Tour Travel And More","url":"https:\/\/tourtravelandmore.com\/fr\/","logo":{"@type":"ImageObject","inLanguage":"fr-FR","@id":"https:\/\/tourtravelandmore.com\/fr\/#\/schema\/logo\/image\/","url":"https:\/\/tourtravelandmore.com\/wp-content\/uploads\/2022\/12\/cropped-logo-cabecera-new.png","contentUrl":"https:\/\/tourtravelandmore.com\/wp-content\/uploads\/2022\/12\/cropped-logo-cabecera-new.png","width":430,"height":61,"caption":"Tour Travel And More"},"image":{"@id":"https:\/\/tourtravelandmore.com\/fr\/#\/schema\/logo\/image\/"},"sameAs":["https:\/\/www.facebook.com\/tourtravelandmore\/","https:\/\/x.com\/TourTravel_More"]}]}},"_links":{"self":[{"href":"https:\/\/tourtravelandmore.com\/fr\/wp-json\/wp\/v2\/product\/174581","targetHints":{"allow":["GET"]}}],"collection":[{"href":"https:\/\/tourtravelandmore.com\/fr\/wp-json\/wp\/v2\/product"}],"about":[{"href":"https:\/\/tourtravelandmore.com\/fr\/wp-json\/wp\/v2\/types\/product"}],"replies":[{"embeddable":true,"href":"https:\/\/tourtravelandmore.com\/fr\/wp-json\/wp\/v2\/comments?post=174581"}],"wp:featuredmedia":[{"embeddable":true,"href":"https:\/\/tourtravelandmore.com\/fr\/wp-json\/wp\/v2\/media\/174593"}],"wp:attachment":[{"href":"https:\/\/tourtravelandmore.com\/fr\/wp-json\/wp\/v2\/media?parent=174581"}],"wp:term":[{"taxonomy":"product_brand","embeddable":true,"href":"https:\/\/tourtravelandmore.com\/fr\/wp-json\/wp\/v2\/product_brand?post=174581"},{"taxonomy":"product_cat","embeddable":true,"href":"https:\/\/tourtravelandmore.com\/fr\/wp-json\/wp\/v2\/product_cat?post=174581"},{"taxonomy":"product_tag","embeddable":true,"href":"https:\/\/tourtravelandmore.com\/fr\/wp-json\/wp\/v2\/product_tag?post=174581"}],"curies":[{"name":"wp","href":"https:\/\/api.w.org\/{rel}","templated":true}]}}