{"id":174531,"date":"2024-04-15T14:58:12","date_gmt":"2024-04-15T12:58:15","guid":{"rendered":"https:\/\/tourtravelandmore.com\/?post_type=product&#038;p=174531"},"modified":"2024-04-16T18:59:57","modified_gmt":"2024-04-16T16:59:57","slug":"visite-privee-de-londres-a-pied-copy","status":"publish","type":"product","link":"https:\/\/tourtravelandmore.com\/fr\/tours\/royaume-uni-fr\/liverpool-fr\/visite-privee-de-londres-a-pied-copy\/","title":{"rendered":"Visite priv\u00e9e \u00e0 pied de Liverpool"},"content":{"rendered":"<h2><b>Description de la visite priv\u00e9e \u00e0 pied de Liverpool<\/b><\/h2>\n<p>Explorez les rues anim\u00e9es de Liverpool lors d&#8217;une visite priv\u00e9e \u00e0 pied de 4 heures avec Tour Travel &amp; More. Sous la houlette d&#8217;un guide comp\u00e9tent, plongez dans la riche histoire, les sites culturels et les attractions embl\u00e9matiques de cette ville dynamique.<\/p>\n<p>Embarquez pour un voyage inoubliable au c\u0153ur de Liverpool gr\u00e2ce \u00e0 notre visite guid\u00e9e priv\u00e9e exclusive. Sous la conduite d&#8217;un guide expert, vous comprendrez mieux la culture, le patrimoine et l&#8217;importance de la ville sur la sc\u00e8ne internationale.<\/p>\n<p>Que vous soyez passionn\u00e9 d&#8217;histoire, de musique ou simplement curieux, cette visite priv\u00e9e vous promet une exp\u00e9rience enrichissante et m\u00e9morable. Vous en ressortirez avec une nouvelle appr\u00e9ciation du patrimoine culturel de Liverpool.<\/p>\n<h2><b>Points forts<\/b><\/h2>\n<p>Commencez votre voyage par le pittoresque front de mer. Il abrite le c\u00e9l\u00e8bre Albert Dock et son \u00e9ventail de mus\u00e9es, de galeries et de restaurants. D\u00e9couvrez l&#8217;h\u00e9ritage maritime de Liverpool et son r\u00f4le dans l&#8217;histoire de l&#8217;Empire britannique.<\/p>\n<p>Admirez l&#8217;architecture \u00e9tonnante de la cath\u00e9drale de Liverpool, l&#8217;un des monuments les plus embl\u00e9matiques de la ville. Admirez son style gothique. Fl\u00e2nez dans les charmantes rues du quartier g\u00e9orgien, bord\u00e9es d&#8217;\u00e9l\u00e9gantes maisons de ville et de places verdoyantes, et d\u00e9couvrez l&#8217;h\u00e9ritage litt\u00e9raire de la ville en visitant la maison d&#8217;enfance du c\u00e9l\u00e8bre po\u00e8te et \u00e9crivain Wilfred Owen.<\/p>\n<p>Explorez le Royal Albert Dock, un site class\u00e9 au patrimoine mondial de l&#8217;UNESCO et l&#8217;une des destinations touristiques les plus visit\u00e9es du Royaume-Uni. Fl\u00e2nez sur la promenade du front de mer, bord\u00e9e de boutiques, de caf\u00e9s et de bars, et admirez les entrep\u00f4ts magnifiquement restaur\u00e9s.<\/p>\n<p>Terminez votre visite par une promenade dans Liverpool One, la premi\u00e8re destination commerciale et de loisirs de la ville. Parcourez les diverses boutiques, mangez un morceau dans l&#8217;un des nombreux restaurants, ou impr\u00e9gnez-vous simplement de l&#8217;atmosph\u00e8re anim\u00e9e de ce quartier vibrant.<\/p>\n<p>Si vous souhaitez profiter au maximum de votre s\u00e9jour au Royaume-Uni, vous pouvez opter pour notre <a href=\"https:\/\/tourtravelandmore.com\/tours\/united-kingdom\/london-en\/private-tour-of-oxford-from-london\/\"><b><strong>visite priv\u00e9e d&#8217;Oxford au d\u00e9part de Londres<\/strong><\/b><\/a>. Vous d\u00e9couvrirez ainsi l&#8217;une des villes les plus \u00e9tonnantes et les plus historiques d&#8217;Europe.<\/p>\n","protected":false},"excerpt":{"rendered":"<p>Explorez les rues anim\u00e9es de Liverpool lors d&#8217;une visite priv\u00e9e \u00e0 pied de 4 heures avec Tour Travel &amp; More. Sous la houlette d&#8217;un guide comp\u00e9tent, plongez dans la riche histoire, les sites culturels et les attractions embl\u00e9matiques de cette ville dynamique.<\/p>\n","protected":false},"featured_media":174555,"comment_status":"open","ping_status":"closed","template":"","meta":{"_acf_changed":false},"product_brand":[],"product_cat":[5315,5304,5316,3545],"product_tag":[],"class_list":{"0":"post-174531","1":"product","2":"type-product","3":"status-publish","4":"has-post-thumbnail","6":"product_cat-all-private-tours-fr-3","7":"product_cat-liverpool-fr","8":"product_cat-private-walking-tour-fr-2","9":"product_cat-royaume-uni-fr","11":"first","12":"instock","13":"shipping-taxable","14":"purchasable","15":"product-type-simple"},"acf":[],"yoast_head":"<!-- This site is optimized with the Yoast SEO Premium plugin v25.3.1 (Yoast SEO v25.3.1) - https:\/\/yoast.com\/wordpress\/plugins\/seo\/ -->\n<title>\u27a1\ufe0f Visite priv\u00e9e \u00e0 pied de Liverpool | Tour Travel &amp; More<\/title>\n<meta name=\"description\" content=\"Profitez d&#039;une merveilleuse visite priv\u00e9e de Liverpool pour admirer de pr\u00e8s ses b\u00e2timents et monuments les plus importants en compagnie d&#039;un guide officiel.\" \/>\n<meta name=\"robots\" content=\"index, follow, max-snippet:-1, max-image-preview:large, max-video-preview:-1\" \/>\n<link rel=\"canonical\" href=\"https:\/\/tourtravelandmore.com\/fr\/tours\/royaume-uni-fr\/liverpool-fr\/visite-privee-de-londres-a-pied-copy\/\" \/>\n<meta property=\"og:locale\" content=\"fr_FR\" \/>\n<meta property=\"og:type\" content=\"article\" \/>\n<meta property=\"og:title\" content=\"Visite priv\u00e9e \u00e0 pied de Liverpool\" \/>\n<meta property=\"og:description\" content=\"Profitez d&#039;une merveilleuse visite priv\u00e9e de Liverpool pour admirer de pr\u00e8s ses b\u00e2timents et monuments les plus importants en compagnie d&#039;un guide officiel.\" \/>\n<meta property=\"og:url\" content=\"https:\/\/tourtravelandmore.com\/fr\/tours\/royaume-uni-fr\/liverpool-fr\/visite-privee-de-londres-a-pied-copy\/\" \/>\n<meta property=\"og:site_name\" content=\"Tour Travel And More\" \/>\n<meta property=\"article:publisher\" content=\"https:\/\/www.facebook.com\/tourtravelandmore\/\" \/>\n<meta property=\"article:modified_time\" content=\"2024-04-16T16:59:57+00:00\" \/>\n<meta property=\"og:image\" content=\"https:\/\/tourtravelandmore.com\/wp-content\/uploads\/2024\/04\/pexels-neil-martin-465654.jpg\" \/>\n\t<meta property=\"og:image:width\" content=\"1280\" \/>\n\t<meta property=\"og:image:height\" content=\"853\" \/>\n\t<meta property=\"og:image:type\" content=\"image\/jpeg\" \/>\n<meta name=\"twitter:card\" content=\"summary_large_image\" \/>\n<meta name=\"twitter:site\" content=\"@TourTravel_More\" \/>\n<meta name=\"twitter:label1\" content=\"Dur\u00e9e de lecture estim\u00e9e\" \/>\n\t<meta name=\"twitter:data1\" content=\"2 minutes\" \/>\n<script type=\"application\/ld+json\" class=\"yoast-schema-graph\">{\"@context\":\"https:\/\/schema.org\",\"@graph\":[{\"@type\":\"WebPage\",\"@id\":\"https:\/\/tourtravelandmore.com\/fr\/tours\/royaume-uni-fr\/liverpool-fr\/visite-privee-de-londres-a-pied-copy\/\",\"url\":\"https:\/\/tourtravelandmore.com\/fr\/tours\/royaume-uni-fr\/liverpool-fr\/visite-privee-de-londres-a-pied-copy\/\",\"name\":\"\u27a1\ufe0f Visite priv\u00e9e \u00e0 pied de Liverpool | Tour Travel & More\",\"isPartOf\":{\"@id\":\"https:\/\/tourtravelandmore.com\/fr\/#website\"},\"primaryImageOfPage\":{\"@id\":\"https:\/\/tourtravelandmore.com\/fr\/tours\/royaume-uni-fr\/liverpool-fr\/visite-privee-de-londres-a-pied-copy\/#primaryimage\"},\"image\":{\"@id\":\"https:\/\/tourtravelandmore.com\/fr\/tours\/royaume-uni-fr\/liverpool-fr\/visite-privee-de-londres-a-pied-copy\/#primaryimage\"},\"thumbnailUrl\":\"https:\/\/tourtravelandmore.com\/wp-content\/uploads\/2024\/04\/pexels-neil-martin-465654.jpg\",\"datePublished\":\"2024-04-15T12:58:15+00:00\",\"dateModified\":\"2024-04-16T16:59:57+00:00\",\"description\":\"Profitez d'une merveilleuse visite priv\u00e9e de Liverpool pour admirer de pr\u00e8s ses b\u00e2timents et monuments les plus importants en compagnie d'un guide officiel.\",\"breadcrumb\":{\"@id\":\"https:\/\/tourtravelandmore.com\/fr\/tours\/royaume-uni-fr\/liverpool-fr\/visite-privee-de-londres-a-pied-copy\/#breadcrumb\"},\"inLanguage\":\"fr-FR\",\"potentialAction\":[{\"@type\":\"ReadAction\",\"target\":[\"https:\/\/tourtravelandmore.com\/fr\/tours\/royaume-uni-fr\/liverpool-fr\/visite-privee-de-londres-a-pied-copy\/\"]}]},{\"@type\":\"ImageObject\",\"inLanguage\":\"fr-FR\",\"@id\":\"https:\/\/tourtravelandmore.com\/fr\/tours\/royaume-uni-fr\/liverpool-fr\/visite-privee-de-londres-a-pied-copy\/#primaryimage\",\"url\":\"https:\/\/tourtravelandmore.com\/wp-content\/uploads\/2024\/04\/pexels-neil-martin-465654.jpg\",\"contentUrl\":\"https:\/\/tourtravelandmore.com\/wp-content\/uploads\/2024\/04\/pexels-neil-martin-465654.jpg\",\"width\":1280,\"height\":853},{\"@type\":\"BreadcrumbList\",\"@id\":\"https:\/\/tourtravelandmore.com\/fr\/tours\/royaume-uni-fr\/liverpool-fr\/visite-privee-de-londres-a-pied-copy\/#breadcrumb\",\"itemListElement\":[{\"@type\":\"ListItem\",\"position\":1,\"name\":\"Home\",\"item\":\"https:\/\/tourtravelandmore.com\/fr\/\"},{\"@type\":\"ListItem\",\"position\":2,\"name\":\"Tours\",\"item\":\"https:\/\/tourtravelandmore.com\/fr\/tours\/\"},{\"@type\":\"ListItem\",\"position\":3,\"name\":\"Visite priv\u00e9e \u00e0 pied de Liverpool\"}]},{\"@type\":\"WebSite\",\"@id\":\"https:\/\/tourtravelandmore.com\/fr\/#website\",\"url\":\"https:\/\/tourtravelandmore.com\/fr\/\",\"name\":\"Tour Travel And More\",\"description\":\"Private sightseeing tours and luxury transfers in Spain\",\"publisher\":{\"@id\":\"https:\/\/tourtravelandmore.com\/fr\/#organization\"},\"potentialAction\":[{\"@type\":\"SearchAction\",\"target\":{\"@type\":\"EntryPoint\",\"urlTemplate\":\"https:\/\/tourtravelandmore.com\/fr\/?s={search_term_string}\"},\"query-input\":{\"@type\":\"PropertyValueSpecification\",\"valueRequired\":true,\"valueName\":\"search_term_string\"}}],\"inLanguage\":\"fr-FR\"},{\"@type\":\"Organization\",\"@id\":\"https:\/\/tourtravelandmore.com\/fr\/#organization\",\"name\":\"Tour Travel And More\",\"url\":\"https:\/\/tourtravelandmore.com\/fr\/\",\"logo\":{\"@type\":\"ImageObject\",\"inLanguage\":\"fr-FR\",\"@id\":\"https:\/\/tourtravelandmore.com\/fr\/#\/schema\/logo\/image\/\",\"url\":\"https:\/\/tourtravelandmore.com\/wp-content\/uploads\/2022\/12\/cropped-logo-cabecera-new.png\",\"contentUrl\":\"https:\/\/tourtravelandmore.com\/wp-content\/uploads\/2022\/12\/cropped-logo-cabecera-new.png\",\"width\":430,\"height\":61,\"caption\":\"Tour Travel And More\"},\"image\":{\"@id\":\"https:\/\/tourtravelandmore.com\/fr\/#\/schema\/logo\/image\/\"},\"sameAs\":[\"https:\/\/www.facebook.com\/tourtravelandmore\/\",\"https:\/\/x.com\/TourTravel_More\"]}]}<\/script>\n<!-- \/ Yoast SEO Premium plugin. -->","yoast_head_json":{"title":"\u27a1\ufe0f Visite priv\u00e9e \u00e0 pied de Liverpool | Tour Travel & More","description":"Profitez d'une merveilleuse visite priv\u00e9e de Liverpool pour admirer de pr\u00e8s ses b\u00e2timents et monuments les plus importants en compagnie d'un guide officiel.","robots":{"index":"index","follow":"follow","max-snippet":"max-snippet:-1","max-image-preview":"max-image-preview:large","max-video-preview":"max-video-preview:-1"},"canonical":"https:\/\/tourtravelandmore.com\/fr\/tours\/royaume-uni-fr\/liverpool-fr\/visite-privee-de-londres-a-pied-copy\/","og_locale":"fr_FR","og_type":"article","og_title":"Visite priv\u00e9e \u00e0 pied de Liverpool","og_description":"Profitez d'une merveilleuse visite priv\u00e9e de Liverpool pour admirer de pr\u00e8s ses b\u00e2timents et monuments les plus importants en compagnie d'un guide officiel.","og_url":"https:\/\/tourtravelandmore.com\/fr\/tours\/royaume-uni-fr\/liverpool-fr\/visite-privee-de-londres-a-pied-copy\/","og_site_name":"Tour Travel And More","article_publisher":"https:\/\/www.facebook.com\/tourtravelandmore\/","article_modified_time":"2024-04-16T16:59:57+00:00","og_image":[{"width":1280,"height":853,"url":"https:\/\/tourtravelandmore.com\/wp-content\/uploads\/2024\/04\/pexels-neil-martin-465654.jpg","type":"image\/jpeg"}],"twitter_card":"summary_large_image","twitter_site":"@TourTravel_More","twitter_misc":{"Dur\u00e9e de lecture estim\u00e9e":"2 minutes"},"schema":{"@context":"https:\/\/schema.org","@graph":[{"@type":"WebPage","@id":"https:\/\/tourtravelandmore.com\/fr\/tours\/royaume-uni-fr\/liverpool-fr\/visite-privee-de-londres-a-pied-copy\/","url":"https:\/\/tourtravelandmore.com\/fr\/tours\/royaume-uni-fr\/liverpool-fr\/visite-privee-de-londres-a-pied-copy\/","name":"\u27a1\ufe0f Visite priv\u00e9e \u00e0 pied de Liverpool | Tour Travel & More","isPartOf":{"@id":"https:\/\/tourtravelandmore.com\/fr\/#website"},"primaryImageOfPage":{"@id":"https:\/\/tourtravelandmore.com\/fr\/tours\/royaume-uni-fr\/liverpool-fr\/visite-privee-de-londres-a-pied-copy\/#primaryimage"},"image":{"@id":"https:\/\/tourtravelandmore.com\/fr\/tours\/royaume-uni-fr\/liverpool-fr\/visite-privee-de-londres-a-pied-copy\/#primaryimage"},"thumbnailUrl":"https:\/\/tourtravelandmore.com\/wp-content\/uploads\/2024\/04\/pexels-neil-martin-465654.jpg","datePublished":"2024-04-15T12:58:15+00:00","dateModified":"2024-04-16T16:59:57+00:00","description":"Profitez d'une merveilleuse visite priv\u00e9e de Liverpool pour admirer de pr\u00e8s ses b\u00e2timents et monuments les plus importants en compagnie d'un guide officiel.","breadcrumb":{"@id":"https:\/\/tourtravelandmore.com\/fr\/tours\/royaume-uni-fr\/liverpool-fr\/visite-privee-de-londres-a-pied-copy\/#breadcrumb"},"inLanguage":"fr-FR","potentialAction":[{"@type":"ReadAction","target":["https:\/\/tourtravelandmore.com\/fr\/tours\/royaume-uni-fr\/liverpool-fr\/visite-privee-de-londres-a-pied-copy\/"]}]},{"@type":"ImageObject","inLanguage":"fr-FR","@id":"https:\/\/tourtravelandmore.com\/fr\/tours\/royaume-uni-fr\/liverpool-fr\/visite-privee-de-londres-a-pied-copy\/#primaryimage","url":"https:\/\/tourtravelandmore.com\/wp-content\/uploads\/2024\/04\/pexels-neil-martin-465654.jpg","contentUrl":"https:\/\/tourtravelandmore.com\/wp-content\/uploads\/2024\/04\/pexels-neil-martin-465654.jpg","width":1280,"height":853},{"@type":"BreadcrumbList","@id":"https:\/\/tourtravelandmore.com\/fr\/tours\/royaume-uni-fr\/liverpool-fr\/visite-privee-de-londres-a-pied-copy\/#breadcrumb","itemListElement":[{"@type":"ListItem","position":1,"name":"Home","item":"https:\/\/tourtravelandmore.com\/fr\/"},{"@type":"ListItem","position":2,"name":"Tours","item":"https:\/\/tourtravelandmore.com\/fr\/tours\/"},{"@type":"ListItem","position":3,"name":"Visite priv\u00e9e \u00e0 pied de Liverpool"}]},{"@type":"WebSite","@id":"https:\/\/tourtravelandmore.com\/fr\/#website","url":"https:\/\/tourtravelandmore.com\/fr\/","name":"Tour Travel And More","description":"Private sightseeing tours and luxury transfers in Spain","publisher":{"@id":"https:\/\/tourtravelandmore.com\/fr\/#organization"},"potentialAction":[{"@type":"SearchAction","target":{"@type":"EntryPoint","urlTemplate":"https:\/\/tourtravelandmore.com\/fr\/?s={search_term_string}"},"query-input":{"@type":"PropertyValueSpecification","valueRequired":true,"valueName":"search_term_string"}}],"inLanguage":"fr-FR"},{"@type":"Organization","@id":"https:\/\/tourtravelandmore.com\/fr\/#organization","name":"Tour Travel And More","url":"https:\/\/tourtravelandmore.com\/fr\/","logo":{"@type":"ImageObject","inLanguage":"fr-FR","@id":"https:\/\/tourtravelandmore.com\/fr\/#\/schema\/logo\/image\/","url":"https:\/\/tourtravelandmore.com\/wp-content\/uploads\/2022\/12\/cropped-logo-cabecera-new.png","contentUrl":"https:\/\/tourtravelandmore.com\/wp-content\/uploads\/2022\/12\/cropped-logo-cabecera-new.png","width":430,"height":61,"caption":"Tour Travel And More"},"image":{"@id":"https:\/\/tourtravelandmore.com\/fr\/#\/schema\/logo\/image\/"},"sameAs":["https:\/\/www.facebook.com\/tourtravelandmore\/","https:\/\/x.com\/TourTravel_More"]}]}},"_links":{"self":[{"href":"https:\/\/tourtravelandmore.com\/fr\/wp-json\/wp\/v2\/product\/174531","targetHints":{"allow":["GET"]}}],"collection":[{"href":"https:\/\/tourtravelandmore.com\/fr\/wp-json\/wp\/v2\/product"}],"about":[{"href":"https:\/\/tourtravelandmore.com\/fr\/wp-json\/wp\/v2\/types\/product"}],"replies":[{"embeddable":true,"href":"https:\/\/tourtravelandmore.com\/fr\/wp-json\/wp\/v2\/comments?post=174531"}],"wp:featuredmedia":[{"embeddable":true,"href":"https:\/\/tourtravelandmore.com\/fr\/wp-json\/wp\/v2\/media\/174555"}],"wp:attachment":[{"href":"https:\/\/tourtravelandmore.com\/fr\/wp-json\/wp\/v2\/media?parent=174531"}],"wp:term":[{"taxonomy":"product_brand","embeddable":true,"href":"https:\/\/tourtravelandmore.com\/fr\/wp-json\/wp\/v2\/product_brand?post=174531"},{"taxonomy":"product_cat","embeddable":true,"href":"https:\/\/tourtravelandmore.com\/fr\/wp-json\/wp\/v2\/product_cat?post=174531"},{"taxonomy":"product_tag","embeddable":true,"href":"https:\/\/tourtravelandmore.com\/fr\/wp-json\/wp\/v2\/product_tag?post=174531"}],"curies":[{"name":"wp","href":"https:\/\/api.w.org\/{rel}","templated":true}]}}