{"id":174466,"date":"2024-04-09T18:59:53","date_gmt":"2024-04-09T16:59:56","guid":{"rendered":"https:\/\/tourtravelandmore.com\/?post_type=product&#038;p=174466"},"modified":"2024-04-09T19:38:51","modified_gmt":"2024-04-09T17:38:51","slug":"visite-privee-de-londres-avec-guide-et-vehicule-copy","status":"publish","type":"product","link":"https:\/\/tourtravelandmore.com\/fr\/tours\/royaume-uni-fr\/londres-fr\/toutes-les-visites-et-activites-privees-fr-2\/visite-privee-de-londres-avec-guide-et-vehicule-copy\/","title":{"rendered":"Excursion priv\u00e9e d&#8217;une journ\u00e9e \u00e0 Londres avec billets"},"content":{"rendered":"<h2>Description de l&#8217;excursion priv\u00e9e d&#8217;une journ\u00e9e \u00e0 Londres avec billets<\/h2>\n<p>D\u00e9couvrez le meilleur de Londres lors d&#8217;une visite priv\u00e9e d&#8217;une journ\u00e9e avec Tour Travel &amp; More. Plongez dans la riche histoire de la ville, ses sites embl\u00e9matiques et sa culture vibrante avec votre guide et chauffeur bien inform\u00e9s. \u00c9vitez les files d&#8217;attente gr\u00e2ce aux billets &#8221; skip-the-line &#8221; pour le c\u00e9l\u00e8bre London Eye et profitez d&#8217;une promenade en bateau sur la Tamise.<\/p>\n<p>Tout au long de votre voyage, votre guide bien inform\u00e9 partagera avec vous des histoires captivantes, des aper\u00e7us historiques et des conseils d&#8217;initi\u00e9s, enrichissant ainsi votre compr\u00e9hension du pass\u00e9 et du pr\u00e9sent de Londres. Cette visite priv\u00e9e garantit la flexibilit\u00e9 de votre itin\u00e9raire, vous permettant de vous attarder dans vos endroits pr\u00e9f\u00e9r\u00e9s et de personnaliser l&#8217;exp\u00e9rience en fonction de vos pr\u00e9f\u00e9rences.<\/p>\n<p>\u00c0 la fin de la visite, la voiture priv\u00e9e vous ram\u00e8nera \u00e0 l&#8217;endroit de votre choix.<\/p>\n<h2>Points forts<\/h2>\n<p>Londres est l&#8217;une des villes les plus fascinantes et les plus diversifi\u00e9es au monde. C&#8217;est un endroit fascinant qui offre quelque chose \u00e0 tous ceux qui le visitent. Nous savons qu&#8217;il n&#8217;y a pas de temps \u00e0 perdre lorsque vous visitez cette ville merveilleuse.<\/p>\n<p>\u00c9vitez les files d&#8217;attente et envolez-vous au-dessus de la ville \u00e0 bord du London Eye, en admirant les vues panoramiques \u00e0 couper le souffle qui s&#8217;\u00e9tendent sur toute la ligne d&#8217;horizon. Ensuite, d\u00e9tendez-vous lors d&#8217;une promenade en bateau sur la Tamise, o\u00f9 vous passerez devant des sites c\u00e9l\u00e8bres tels que le Tower Bridge, les Chambres du Parlement et le Shard.<\/p>\n<p>Lorsque vous rencontrerez votre guide priv\u00e9, vous commencerez une grande aventure pour visiter les points d&#8217;int\u00e9r\u00eat suivants :<\/p>\n<p>Buckingham Palace : \u00c9merveillez-vous devant la grandeur de la r\u00e9sidence officielle du monarque britannique. Assistez \u00e0 la c\u00e9r\u00e9monie de la rel\u00e8ve de la garde depuis l&#8217;ext\u00e9rieur des portes du palais.<br \/>\nAbbaye de Westminster : Admirez l&#8217;\u00e9tonnante architecture gothique et d\u00e9couvrez l&#8217;histoire de cette abbaye embl\u00e9matique de l&#8217;ext\u00e9rieur. Vous y d\u00e9couvrirez notamment son r\u00f4le dans les c\u00e9r\u00e9monies royales et en tant que lieu de s\u00e9pulture des monarques britanniques.<br \/>\nBig Ben et les Chambres du Parlement : Prenez des photos m\u00e9morables de ces monuments embl\u00e9matiques. Connus dans le monde entier pour leur architecture saisissante et leur importance historique, de l&#8217;autre c\u00f4t\u00e9 de la Tamise.<br \/>\nTour de Londres : Explorez l&#8217;ext\u00e9rieur de cette ancienne forteresse et \u00e9coutez les r\u00e9cits captivants de votre guide sur son histoire tumultueuse. Admirez l&#8217;impressionnante structure de l&#8217;ext\u00e9rieur.<br \/>\nTout au long de la journ\u00e9e, vous pourrez personnaliser votre itin\u00e9raire en fonction de vos int\u00e9r\u00eats, que vous soyez attir\u00e9 par les sites historiques, les merveilles architecturales ou les quartiers anim\u00e9s de la ville. Gr\u00e2ce \u00e0 ses connaissances d&#8217;initi\u00e9 et \u00e0 son attention personnalis\u00e9e, votre guide vous fournira des informations fascinantes sur le pass\u00e9, le pr\u00e9sent et les joyaux cach\u00e9s de Londres, vous garantissant ainsi une exp\u00e9rience enrichissante et m\u00e9morable pour vous et vos compagnons.<\/p>\n<p>Enfin, la voiture priv\u00e9e vous conduira \u00e0 un point convenu pour poursuivre votre visite de Londres.<\/p>\n<p>Si vous \u00eates un fan de Harry Potter, profitez de votre s\u00e9jour \u00e0 Londres pour d\u00e9couvrir les d\u00e9cors originaux des huit films de la saga gr\u00e2ce \u00e0 notre visite Harry Potter aux Warner Studios.<\/p>\n","protected":false},"excerpt":{"rendered":"<p>D\u00e9couvrez le meilleur de Londres lors d&#8217;une visite priv\u00e9e d&#8217;une journ\u00e9e avec Tour Travel &amp; More. Plongez dans la riche histoire de la ville, ses sites embl\u00e9matiques et sa culture vibrante avec votre guide et chauffeur bien inform\u00e9s. \u00c9vitez les files d&#8217;attente gr\u00e2ce aux billets &#8221; skip-the-line &#8221; pour le c\u00e9l\u00e8bre London Eye et profitez d&#8217;une promenade en bateau sur la Tamise.<\/p>\n","protected":false},"featured_media":174478,"comment_status":"open","ping_status":"closed","template":"","meta":{"_acf_changed":false},"product_brand":[],"product_cat":[3545,3546,4117,4118],"product_tag":[],"class_list":{"0":"post-174466","1":"product","2":"type-product","3":"status-publish","4":"has-post-thumbnail","6":"product_cat-royaume-uni-fr","7":"product_cat-londres-fr","8":"product_cat-toutes-les-visites-et-activites-privees-fr-2","9":"product_cat-visites-touristiques","11":"first","12":"instock","13":"shipping-taxable","14":"purchasable","15":"product-type-simple"},"acf":[],"yoast_head":"<!-- This site is optimized with the Yoast SEO Premium plugin v25.3.1 (Yoast SEO v25.3.1) - https:\/\/yoast.com\/wordpress\/plugins\/seo\/ -->\n<title>\u27a1\ufe0f Excursion priv\u00e9e d&#039;une journ\u00e9e \u00e0 Londres avec billets | TT&amp;M<\/title>\n<meta name=\"description\" content=\"Excursion priv\u00e9e d&#039;une journ\u00e9e \u00e0 Londres avec billets ! Accompagn\u00e9 d&#039;un guide officiel priv\u00e9 et avec un transfert dans une voiture de luxe confortable \u2705.\" \/>\n<meta name=\"robots\" content=\"index, follow, max-snippet:-1, max-image-preview:large, max-video-preview:-1\" \/>\n<link rel=\"canonical\" href=\"https:\/\/tourtravelandmore.com\/fr\/tours\/royaume-uni-fr\/londres-fr\/toutes-les-visites-et-activites-privees-fr-2\/visite-privee-de-londres-avec-guide-et-vehicule-copy\/\" \/>\n<meta property=\"og:locale\" content=\"fr_FR\" \/>\n<meta property=\"og:type\" content=\"article\" \/>\n<meta property=\"og:title\" content=\"Excursion priv\u00e9e d&#039;une journ\u00e9e \u00e0 Londres avec billets\" \/>\n<meta property=\"og:description\" content=\"Excursion priv\u00e9e d&#039;une journ\u00e9e \u00e0 Londres avec billets ! Accompagn\u00e9 d&#039;un guide officiel priv\u00e9 et avec un transfert dans une voiture de luxe confortable \u2705.\" \/>\n<meta property=\"og:url\" content=\"https:\/\/tourtravelandmore.com\/fr\/tours\/royaume-uni-fr\/londres-fr\/toutes-les-visites-et-activites-privees-fr-2\/visite-privee-de-londres-avec-guide-et-vehicule-copy\/\" \/>\n<meta property=\"og:site_name\" content=\"Tour Travel And More\" \/>\n<meta property=\"article:publisher\" content=\"https:\/\/www.facebook.com\/tourtravelandmore\/\" \/>\n<meta property=\"article:modified_time\" content=\"2024-04-09T17:38:51+00:00\" \/>\n<meta property=\"og:image\" content=\"https:\/\/tourtravelandmore.com\/wp-content\/uploads\/2024\/04\/london-5297395_1280.jpg\" \/>\n\t<meta property=\"og:image:width\" content=\"1280\" \/>\n\t<meta property=\"og:image:height\" content=\"720\" \/>\n\t<meta property=\"og:image:type\" content=\"image\/jpeg\" \/>\n<meta name=\"twitter:card\" content=\"summary_large_image\" \/>\n<meta name=\"twitter:site\" content=\"@TourTravel_More\" \/>\n<meta name=\"twitter:label1\" content=\"Dur\u00e9e de lecture estim\u00e9e\" \/>\n\t<meta name=\"twitter:data1\" content=\"3 minutes\" \/>\n<script type=\"application\/ld+json\" class=\"yoast-schema-graph\">{\"@context\":\"https:\/\/schema.org\",\"@graph\":[{\"@type\":\"WebPage\",\"@id\":\"https:\/\/tourtravelandmore.com\/fr\/tours\/royaume-uni-fr\/londres-fr\/toutes-les-visites-et-activites-privees-fr-2\/visite-privee-de-londres-avec-guide-et-vehicule-copy\/\",\"url\":\"https:\/\/tourtravelandmore.com\/fr\/tours\/royaume-uni-fr\/londres-fr\/toutes-les-visites-et-activites-privees-fr-2\/visite-privee-de-londres-avec-guide-et-vehicule-copy\/\",\"name\":\"\u27a1\ufe0f Excursion priv\u00e9e d'une journ\u00e9e \u00e0 Londres avec billets | TT&M\",\"isPartOf\":{\"@id\":\"https:\/\/tourtravelandmore.com\/fr\/#website\"},\"primaryImageOfPage\":{\"@id\":\"https:\/\/tourtravelandmore.com\/fr\/tours\/royaume-uni-fr\/londres-fr\/toutes-les-visites-et-activites-privees-fr-2\/visite-privee-de-londres-avec-guide-et-vehicule-copy\/#primaryimage\"},\"image\":{\"@id\":\"https:\/\/tourtravelandmore.com\/fr\/tours\/royaume-uni-fr\/londres-fr\/toutes-les-visites-et-activites-privees-fr-2\/visite-privee-de-londres-avec-guide-et-vehicule-copy\/#primaryimage\"},\"thumbnailUrl\":\"https:\/\/tourtravelandmore.com\/wp-content\/uploads\/2024\/04\/london-5297395_1280.jpg\",\"datePublished\":\"2024-04-09T16:59:56+00:00\",\"dateModified\":\"2024-04-09T17:38:51+00:00\",\"description\":\"Excursion priv\u00e9e d'une journ\u00e9e \u00e0 Londres avec billets ! Accompagn\u00e9 d'un guide officiel priv\u00e9 et avec un transfert dans une voiture de luxe confortable \u2705.\",\"breadcrumb\":{\"@id\":\"https:\/\/tourtravelandmore.com\/fr\/tours\/royaume-uni-fr\/londres-fr\/toutes-les-visites-et-activites-privees-fr-2\/visite-privee-de-londres-avec-guide-et-vehicule-copy\/#breadcrumb\"},\"inLanguage\":\"fr-FR\",\"potentialAction\":[{\"@type\":\"ReadAction\",\"target\":[\"https:\/\/tourtravelandmore.com\/fr\/tours\/royaume-uni-fr\/londres-fr\/toutes-les-visites-et-activites-privees-fr-2\/visite-privee-de-londres-avec-guide-et-vehicule-copy\/\"]}]},{\"@type\":\"ImageObject\",\"inLanguage\":\"fr-FR\",\"@id\":\"https:\/\/tourtravelandmore.com\/fr\/tours\/royaume-uni-fr\/londres-fr\/toutes-les-visites-et-activites-privees-fr-2\/visite-privee-de-londres-avec-guide-et-vehicule-copy\/#primaryimage\",\"url\":\"https:\/\/tourtravelandmore.com\/wp-content\/uploads\/2024\/04\/london-5297395_1280.jpg\",\"contentUrl\":\"https:\/\/tourtravelandmore.com\/wp-content\/uploads\/2024\/04\/london-5297395_1280.jpg\",\"width\":1280,\"height\":720},{\"@type\":\"BreadcrumbList\",\"@id\":\"https:\/\/tourtravelandmore.com\/fr\/tours\/royaume-uni-fr\/londres-fr\/toutes-les-visites-et-activites-privees-fr-2\/visite-privee-de-londres-avec-guide-et-vehicule-copy\/#breadcrumb\",\"itemListElement\":[{\"@type\":\"ListItem\",\"position\":1,\"name\":\"Home\",\"item\":\"https:\/\/tourtravelandmore.com\/fr\/\"},{\"@type\":\"ListItem\",\"position\":2,\"name\":\"Tours\",\"item\":\"https:\/\/tourtravelandmore.com\/fr\/tours\/\"},{\"@type\":\"ListItem\",\"position\":3,\"name\":\"Excursion priv\u00e9e d&#8217;une journ\u00e9e \u00e0 Londres avec billets\"}]},{\"@type\":\"WebSite\",\"@id\":\"https:\/\/tourtravelandmore.com\/fr\/#website\",\"url\":\"https:\/\/tourtravelandmore.com\/fr\/\",\"name\":\"Tour Travel And More\",\"description\":\"Private sightseeing tours and luxury transfers in Spain\",\"publisher\":{\"@id\":\"https:\/\/tourtravelandmore.com\/fr\/#organization\"},\"potentialAction\":[{\"@type\":\"SearchAction\",\"target\":{\"@type\":\"EntryPoint\",\"urlTemplate\":\"https:\/\/tourtravelandmore.com\/fr\/?s={search_term_string}\"},\"query-input\":{\"@type\":\"PropertyValueSpecification\",\"valueRequired\":true,\"valueName\":\"search_term_string\"}}],\"inLanguage\":\"fr-FR\"},{\"@type\":\"Organization\",\"@id\":\"https:\/\/tourtravelandmore.com\/fr\/#organization\",\"name\":\"Tour Travel And More\",\"url\":\"https:\/\/tourtravelandmore.com\/fr\/\",\"logo\":{\"@type\":\"ImageObject\",\"inLanguage\":\"fr-FR\",\"@id\":\"https:\/\/tourtravelandmore.com\/fr\/#\/schema\/logo\/image\/\",\"url\":\"https:\/\/tourtravelandmore.com\/wp-content\/uploads\/2022\/12\/cropped-logo-cabecera-new.png\",\"contentUrl\":\"https:\/\/tourtravelandmore.com\/wp-content\/uploads\/2022\/12\/cropped-logo-cabecera-new.png\",\"width\":430,\"height\":61,\"caption\":\"Tour Travel And More\"},\"image\":{\"@id\":\"https:\/\/tourtravelandmore.com\/fr\/#\/schema\/logo\/image\/\"},\"sameAs\":[\"https:\/\/www.facebook.com\/tourtravelandmore\/\",\"https:\/\/x.com\/TourTravel_More\"]}]}<\/script>\n<!-- \/ Yoast SEO Premium plugin. -->","yoast_head_json":{"title":"\u27a1\ufe0f Excursion priv\u00e9e d'une journ\u00e9e \u00e0 Londres avec billets | TT&M","description":"Excursion priv\u00e9e d'une journ\u00e9e \u00e0 Londres avec billets ! Accompagn\u00e9 d'un guide officiel priv\u00e9 et avec un transfert dans une voiture de luxe confortable \u2705.","robots":{"index":"index","follow":"follow","max-snippet":"max-snippet:-1","max-image-preview":"max-image-preview:large","max-video-preview":"max-video-preview:-1"},"canonical":"https:\/\/tourtravelandmore.com\/fr\/tours\/royaume-uni-fr\/londres-fr\/toutes-les-visites-et-activites-privees-fr-2\/visite-privee-de-londres-avec-guide-et-vehicule-copy\/","og_locale":"fr_FR","og_type":"article","og_title":"Excursion priv\u00e9e d'une journ\u00e9e \u00e0 Londres avec billets","og_description":"Excursion priv\u00e9e d'une journ\u00e9e \u00e0 Londres avec billets ! Accompagn\u00e9 d'un guide officiel priv\u00e9 et avec un transfert dans une voiture de luxe confortable \u2705.","og_url":"https:\/\/tourtravelandmore.com\/fr\/tours\/royaume-uni-fr\/londres-fr\/toutes-les-visites-et-activites-privees-fr-2\/visite-privee-de-londres-avec-guide-et-vehicule-copy\/","og_site_name":"Tour Travel And More","article_publisher":"https:\/\/www.facebook.com\/tourtravelandmore\/","article_modified_time":"2024-04-09T17:38:51+00:00","og_image":[{"width":1280,"height":720,"url":"https:\/\/tourtravelandmore.com\/wp-content\/uploads\/2024\/04\/london-5297395_1280.jpg","type":"image\/jpeg"}],"twitter_card":"summary_large_image","twitter_site":"@TourTravel_More","twitter_misc":{"Dur\u00e9e de lecture estim\u00e9e":"3 minutes"},"schema":{"@context":"https:\/\/schema.org","@graph":[{"@type":"WebPage","@id":"https:\/\/tourtravelandmore.com\/fr\/tours\/royaume-uni-fr\/londres-fr\/toutes-les-visites-et-activites-privees-fr-2\/visite-privee-de-londres-avec-guide-et-vehicule-copy\/","url":"https:\/\/tourtravelandmore.com\/fr\/tours\/royaume-uni-fr\/londres-fr\/toutes-les-visites-et-activites-privees-fr-2\/visite-privee-de-londres-avec-guide-et-vehicule-copy\/","name":"\u27a1\ufe0f Excursion priv\u00e9e d'une journ\u00e9e \u00e0 Londres avec billets | TT&M","isPartOf":{"@id":"https:\/\/tourtravelandmore.com\/fr\/#website"},"primaryImageOfPage":{"@id":"https:\/\/tourtravelandmore.com\/fr\/tours\/royaume-uni-fr\/londres-fr\/toutes-les-visites-et-activites-privees-fr-2\/visite-privee-de-londres-avec-guide-et-vehicule-copy\/#primaryimage"},"image":{"@id":"https:\/\/tourtravelandmore.com\/fr\/tours\/royaume-uni-fr\/londres-fr\/toutes-les-visites-et-activites-privees-fr-2\/visite-privee-de-londres-avec-guide-et-vehicule-copy\/#primaryimage"},"thumbnailUrl":"https:\/\/tourtravelandmore.com\/wp-content\/uploads\/2024\/04\/london-5297395_1280.jpg","datePublished":"2024-04-09T16:59:56+00:00","dateModified":"2024-04-09T17:38:51+00:00","description":"Excursion priv\u00e9e d'une journ\u00e9e \u00e0 Londres avec billets ! Accompagn\u00e9 d'un guide officiel priv\u00e9 et avec un transfert dans une voiture de luxe confortable \u2705.","breadcrumb":{"@id":"https:\/\/tourtravelandmore.com\/fr\/tours\/royaume-uni-fr\/londres-fr\/toutes-les-visites-et-activites-privees-fr-2\/visite-privee-de-londres-avec-guide-et-vehicule-copy\/#breadcrumb"},"inLanguage":"fr-FR","potentialAction":[{"@type":"ReadAction","target":["https:\/\/tourtravelandmore.com\/fr\/tours\/royaume-uni-fr\/londres-fr\/toutes-les-visites-et-activites-privees-fr-2\/visite-privee-de-londres-avec-guide-et-vehicule-copy\/"]}]},{"@type":"ImageObject","inLanguage":"fr-FR","@id":"https:\/\/tourtravelandmore.com\/fr\/tours\/royaume-uni-fr\/londres-fr\/toutes-les-visites-et-activites-privees-fr-2\/visite-privee-de-londres-avec-guide-et-vehicule-copy\/#primaryimage","url":"https:\/\/tourtravelandmore.com\/wp-content\/uploads\/2024\/04\/london-5297395_1280.jpg","contentUrl":"https:\/\/tourtravelandmore.com\/wp-content\/uploads\/2024\/04\/london-5297395_1280.jpg","width":1280,"height":720},{"@type":"BreadcrumbList","@id":"https:\/\/tourtravelandmore.com\/fr\/tours\/royaume-uni-fr\/londres-fr\/toutes-les-visites-et-activites-privees-fr-2\/visite-privee-de-londres-avec-guide-et-vehicule-copy\/#breadcrumb","itemListElement":[{"@type":"ListItem","position":1,"name":"Home","item":"https:\/\/tourtravelandmore.com\/fr\/"},{"@type":"ListItem","position":2,"name":"Tours","item":"https:\/\/tourtravelandmore.com\/fr\/tours\/"},{"@type":"ListItem","position":3,"name":"Excursion priv\u00e9e d&#8217;une journ\u00e9e \u00e0 Londres avec billets"}]},{"@type":"WebSite","@id":"https:\/\/tourtravelandmore.com\/fr\/#website","url":"https:\/\/tourtravelandmore.com\/fr\/","name":"Tour Travel And More","description":"Private sightseeing tours and luxury transfers in Spain","publisher":{"@id":"https:\/\/tourtravelandmore.com\/fr\/#organization"},"potentialAction":[{"@type":"SearchAction","target":{"@type":"EntryPoint","urlTemplate":"https:\/\/tourtravelandmore.com\/fr\/?s={search_term_string}"},"query-input":{"@type":"PropertyValueSpecification","valueRequired":true,"valueName":"search_term_string"}}],"inLanguage":"fr-FR"},{"@type":"Organization","@id":"https:\/\/tourtravelandmore.com\/fr\/#organization","name":"Tour Travel And More","url":"https:\/\/tourtravelandmore.com\/fr\/","logo":{"@type":"ImageObject","inLanguage":"fr-FR","@id":"https:\/\/tourtravelandmore.com\/fr\/#\/schema\/logo\/image\/","url":"https:\/\/tourtravelandmore.com\/wp-content\/uploads\/2022\/12\/cropped-logo-cabecera-new.png","contentUrl":"https:\/\/tourtravelandmore.com\/wp-content\/uploads\/2022\/12\/cropped-logo-cabecera-new.png","width":430,"height":61,"caption":"Tour Travel And More"},"image":{"@id":"https:\/\/tourtravelandmore.com\/fr\/#\/schema\/logo\/image\/"},"sameAs":["https:\/\/www.facebook.com\/tourtravelandmore\/","https:\/\/x.com\/TourTravel_More"]}]}},"_links":{"self":[{"href":"https:\/\/tourtravelandmore.com\/fr\/wp-json\/wp\/v2\/product\/174466","targetHints":{"allow":["GET"]}}],"collection":[{"href":"https:\/\/tourtravelandmore.com\/fr\/wp-json\/wp\/v2\/product"}],"about":[{"href":"https:\/\/tourtravelandmore.com\/fr\/wp-json\/wp\/v2\/types\/product"}],"replies":[{"embeddable":true,"href":"https:\/\/tourtravelandmore.com\/fr\/wp-json\/wp\/v2\/comments?post=174466"}],"wp:featuredmedia":[{"embeddable":true,"href":"https:\/\/tourtravelandmore.com\/fr\/wp-json\/wp\/v2\/media\/174478"}],"wp:attachment":[{"href":"https:\/\/tourtravelandmore.com\/fr\/wp-json\/wp\/v2\/media?parent=174466"}],"wp:term":[{"taxonomy":"product_brand","embeddable":true,"href":"https:\/\/tourtravelandmore.com\/fr\/wp-json\/wp\/v2\/product_brand?post=174466"},{"taxonomy":"product_cat","embeddable":true,"href":"https:\/\/tourtravelandmore.com\/fr\/wp-json\/wp\/v2\/product_cat?post=174466"},{"taxonomy":"product_tag","embeddable":true,"href":"https:\/\/tourtravelandmore.com\/fr\/wp-json\/wp\/v2\/product_tag?post=174466"}],"curies":[{"name":"wp","href":"https:\/\/api.w.org\/{rel}","templated":true}]}}