{"id":174314,"date":"2024-04-09T15:22:02","date_gmt":"2024-04-09T13:22:05","guid":{"rendered":"https:\/\/tourtravelandmore.com\/?post_type=product&#038;p=174314"},"modified":"2024-04-09T15:52:45","modified_gmt":"2024-04-09T13:52:45","slug":"excursion-privee-au-chateau-de-windsor-et-a-oxford-au-depart-de-londres-copy","status":"publish","type":"product","link":"https:\/\/tourtravelandmore.com\/fr\/tours\/royaume-uni-fr\/londres-fr\/toutes-les-visites-et-activites-privees-fr-2\/excursion-privee-au-chateau-de-windsor-et-a-oxford-au-depart-de-londres-copy\/","title":{"rendered":"Excursion priv\u00e9e \u00e0 Costwolds au d\u00e9part de Londres"},"content":{"rendered":"<h2>Description de l&#8217;excursion priv\u00e9e \u00e0 Costwolds au d\u00e9part de Londres<\/h2>\n<p>Embarquez pour une escapade sereine loin de l&#8217;agitation londonienne avec notre visite priv\u00e9e exclusive des Costwolds au d\u00e9part de Londres. Nich\u00e9s au milieu de collines ondulantes et de villages pittoresques, les Cotswolds offrent une retraite tranquille pleine de charme et de beaut\u00e9 naturelle. Avec notre chauffeur et notre guide experts \u00e0 votre service pendant toute la dur\u00e9e du voyage, pr\u00e9parez-vous \u00e0 une exp\u00e9rience immersive qui d\u00e9voile l&#8217;allure intemporelle de l&#8217;Angleterre rurale.<\/p>\n<p>Profitez de la flexibilit\u00e9 de personnaliser votre itin\u00e9raire en fonction de vos pr\u00e9f\u00e9rences, garantissant une exp\u00e9rience personnalis\u00e9e et enrichissante adapt\u00e9e \u00e0 vos int\u00e9r\u00eats. Profitez de l&#8217;expertise de notre guide, qui vous fournira des commentaires captivants et un aper\u00e7u de l&#8217;histoire, de la culture et de la vie locale des Cotswolds tout au long de l&#8217;excursion.<\/p>\n<p>\u00c0 la fin de la visite guid\u00e9e de 12 heures, le chauffeur vous ram\u00e8nera \u00e0 Londres pour vous d\u00e9poser \u00e0 l&#8217;endroit de votre choix.<\/p>\n<h2>Points forts<\/h2>\n<p>Tout d&#8217;abord, explorez les villages typiques des Cotswolds, orn\u00e9s de charmants cottages en pierre, d&#8217;\u00e9glises historiques et d&#8217;espaces verts paisibles. Chaque \u00e9tape offre un aper\u00e7u du riche patrimoine de la r\u00e9gion et de sa beaut\u00e9 intemporelle.<\/p>\n<p>Vous pourrez ensuite vous \u00e9merveiller devant l&#8217;embl\u00e9matique Arlington Row, vous promener le long des rives de la rivi\u00e8re Coln et vous immerger dans l&#8217;ambiance enchanteresse de l&#8217;un des villages les plus pittoresques d&#8217;Angleterre. D\u00e9couvrez \u00e9galement le bourg historique de Stow-on-the-Wold, r\u00e9put\u00e9 pour son ancienne place du march\u00e9, ses pubs traditionnels et ses monuments historiques. Promenez-vous dans ses rues charmantes et impr\u00e9gnez-vous de son atmosph\u00e8re authentique.<\/p>\n<p>Notre guide bien inform\u00e9 vous accompagnera tout au long de l&#8217;excursion et vous fournira des informations fascinantes sur l&#8217;histoire et l&#8217;importance de chaque destination.<\/p>\n<p>Nous vous ram\u00e8nerons \u00e0 Londres sans d\u00e9lai \u00e0 la fin de cette excursion priv\u00e9e \u00e0 Costwolds depuis Londres.<\/p>\n<p>Si vous \u00eates un fan de la saga Harry Potter, vous pouvez compl\u00e9ter votre itin\u00e9raire en Angleterre avec notre <a href=\"https:\/\/tourtravelandmore.com\/tours\/united-kingdom\/london-en\/harry-potter-private-tour-at-warner-studios\/\">visite Harry Potter aux Warner Studios.<\/a><\/p>\n","protected":false},"excerpt":{"rendered":"<p>Embarquez pour une escapade sereine loin de l&#8217;agitation londonienne avec notre visite priv\u00e9e exclusive des Costwolds au d\u00e9part de Londres. Nich\u00e9s au milieu de collines ondulantes et de villages pittoresques, les Cotswolds offrent une retraite tranquille pleine de charme et de beaut\u00e9 naturelle. Avec notre chauffeur et notre guide experts \u00e0 votre service pendant toute la dur\u00e9e du voyage, pr\u00e9parez-vous \u00e0 une exp\u00e9rience immersive qui d\u00e9voile l&#8217;allure intemporelle de l&#8217;Angleterre rurale.<\/p>\n","protected":false},"featured_media":174326,"comment_status":"open","ping_status":"closed","template":"","meta":{"_acf_changed":false},"product_brand":[],"product_cat":[3545,3546,4117,4118],"product_tag":[],"class_list":{"0":"post-174314","1":"product","2":"type-product","3":"status-publish","4":"has-post-thumbnail","6":"product_cat-royaume-uni-fr","7":"product_cat-londres-fr","8":"product_cat-toutes-les-visites-et-activites-privees-fr-2","9":"product_cat-visites-touristiques","11":"first","12":"instock","13":"shipping-taxable","14":"purchasable","15":"product-type-simple"},"acf":[],"yoast_head":"<!-- This site is optimized with the Yoast SEO Premium plugin v25.3.1 (Yoast SEO v25.3.1) - https:\/\/yoast.com\/wordpress\/plugins\/seo\/ -->\n<title>\u27a1\ufe0fExcursion priv\u00e9e \u00e0 Costwolds au d\u00e9part de Londres | TT&amp;M<\/title>\n<meta name=\"description\" content=\"D\u00e9couvrez plus de 5 000 ans d&#039;histoire lors d&#039;une visite priv\u00e9e \u00e0 Costwolds depuis Londres aux c\u00f4t\u00e9s de votre guide touristique | Tour Travel and More \u2705.\" \/>\n<meta name=\"robots\" content=\"index, follow, max-snippet:-1, max-image-preview:large, max-video-preview:-1\" \/>\n<link rel=\"canonical\" href=\"https:\/\/tourtravelandmore.com\/fr\/tours\/royaume-uni-fr\/londres-fr\/toutes-les-visites-et-activites-privees-fr-2\/excursion-privee-au-chateau-de-windsor-et-a-oxford-au-depart-de-londres-copy\/\" \/>\n<meta property=\"og:locale\" content=\"fr_FR\" \/>\n<meta property=\"og:type\" content=\"article\" \/>\n<meta property=\"og:title\" content=\"Excursion priv\u00e9e \u00e0 Costwolds au d\u00e9part de Londres\" \/>\n<meta property=\"og:description\" content=\"D\u00e9couvrez plus de 5 000 ans d&#039;histoire lors d&#039;une visite priv\u00e9e \u00e0 Costwolds depuis Londres aux c\u00f4t\u00e9s de votre guide touristique | Tour Travel and More \u2705.\" \/>\n<meta property=\"og:url\" content=\"https:\/\/tourtravelandmore.com\/fr\/tours\/royaume-uni-fr\/londres-fr\/toutes-les-visites-et-activites-privees-fr-2\/excursion-privee-au-chateau-de-windsor-et-a-oxford-au-depart-de-londres-copy\/\" \/>\n<meta property=\"og:site_name\" content=\"Tour Travel And More\" \/>\n<meta property=\"article:publisher\" content=\"https:\/\/www.facebook.com\/tourtravelandmore\/\" \/>\n<meta property=\"article:modified_time\" content=\"2024-04-09T13:52:45+00:00\" \/>\n<meta property=\"og:image\" content=\"https:\/\/tourtravelandmore.com\/wp-content\/uploads\/2024\/04\/bibury-5073407_1280.jpg\" \/>\n\t<meta property=\"og:image:width\" content=\"1280\" \/>\n\t<meta property=\"og:image:height\" content=\"853\" \/>\n\t<meta property=\"og:image:type\" content=\"image\/jpeg\" \/>\n<meta name=\"twitter:card\" content=\"summary_large_image\" \/>\n<meta name=\"twitter:site\" content=\"@TourTravel_More\" \/>\n<meta name=\"twitter:label1\" content=\"Dur\u00e9e de lecture estim\u00e9e\" \/>\n\t<meta name=\"twitter:data1\" content=\"2 minutes\" \/>\n<script type=\"application\/ld+json\" class=\"yoast-schema-graph\">{\"@context\":\"https:\/\/schema.org\",\"@graph\":[{\"@type\":\"WebPage\",\"@id\":\"https:\/\/tourtravelandmore.com\/fr\/tours\/royaume-uni-fr\/londres-fr\/toutes-les-visites-et-activites-privees-fr-2\/excursion-privee-au-chateau-de-windsor-et-a-oxford-au-depart-de-londres-copy\/\",\"url\":\"https:\/\/tourtravelandmore.com\/fr\/tours\/royaume-uni-fr\/londres-fr\/toutes-les-visites-et-activites-privees-fr-2\/excursion-privee-au-chateau-de-windsor-et-a-oxford-au-depart-de-londres-copy\/\",\"name\":\"\u27a1\ufe0fExcursion priv\u00e9e \u00e0 Costwolds au d\u00e9part de Londres | TT&M\",\"isPartOf\":{\"@id\":\"https:\/\/tourtravelandmore.com\/fr\/#website\"},\"primaryImageOfPage\":{\"@id\":\"https:\/\/tourtravelandmore.com\/fr\/tours\/royaume-uni-fr\/londres-fr\/toutes-les-visites-et-activites-privees-fr-2\/excursion-privee-au-chateau-de-windsor-et-a-oxford-au-depart-de-londres-copy\/#primaryimage\"},\"image\":{\"@id\":\"https:\/\/tourtravelandmore.com\/fr\/tours\/royaume-uni-fr\/londres-fr\/toutes-les-visites-et-activites-privees-fr-2\/excursion-privee-au-chateau-de-windsor-et-a-oxford-au-depart-de-londres-copy\/#primaryimage\"},\"thumbnailUrl\":\"https:\/\/tourtravelandmore.com\/wp-content\/uploads\/2024\/04\/bibury-5073407_1280.jpg\",\"datePublished\":\"2024-04-09T13:22:05+00:00\",\"dateModified\":\"2024-04-09T13:52:45+00:00\",\"description\":\"D\u00e9couvrez plus de 5 000 ans d'histoire lors d'une visite priv\u00e9e \u00e0 Costwolds depuis Londres aux c\u00f4t\u00e9s de votre guide touristique | Tour Travel and More \u2705.\",\"breadcrumb\":{\"@id\":\"https:\/\/tourtravelandmore.com\/fr\/tours\/royaume-uni-fr\/londres-fr\/toutes-les-visites-et-activites-privees-fr-2\/excursion-privee-au-chateau-de-windsor-et-a-oxford-au-depart-de-londres-copy\/#breadcrumb\"},\"inLanguage\":\"fr-FR\",\"potentialAction\":[{\"@type\":\"ReadAction\",\"target\":[\"https:\/\/tourtravelandmore.com\/fr\/tours\/royaume-uni-fr\/londres-fr\/toutes-les-visites-et-activites-privees-fr-2\/excursion-privee-au-chateau-de-windsor-et-a-oxford-au-depart-de-londres-copy\/\"]}]},{\"@type\":\"ImageObject\",\"inLanguage\":\"fr-FR\",\"@id\":\"https:\/\/tourtravelandmore.com\/fr\/tours\/royaume-uni-fr\/londres-fr\/toutes-les-visites-et-activites-privees-fr-2\/excursion-privee-au-chateau-de-windsor-et-a-oxford-au-depart-de-londres-copy\/#primaryimage\",\"url\":\"https:\/\/tourtravelandmore.com\/wp-content\/uploads\/2024\/04\/bibury-5073407_1280.jpg\",\"contentUrl\":\"https:\/\/tourtravelandmore.com\/wp-content\/uploads\/2024\/04\/bibury-5073407_1280.jpg\",\"width\":1280,\"height\":853},{\"@type\":\"BreadcrumbList\",\"@id\":\"https:\/\/tourtravelandmore.com\/fr\/tours\/royaume-uni-fr\/londres-fr\/toutes-les-visites-et-activites-privees-fr-2\/excursion-privee-au-chateau-de-windsor-et-a-oxford-au-depart-de-londres-copy\/#breadcrumb\",\"itemListElement\":[{\"@type\":\"ListItem\",\"position\":1,\"name\":\"Home\",\"item\":\"https:\/\/tourtravelandmore.com\/fr\/\"},{\"@type\":\"ListItem\",\"position\":2,\"name\":\"Tours\",\"item\":\"https:\/\/tourtravelandmore.com\/fr\/tours\/\"},{\"@type\":\"ListItem\",\"position\":3,\"name\":\"Excursion priv\u00e9e \u00e0 Costwolds au d\u00e9part de Londres\"}]},{\"@type\":\"WebSite\",\"@id\":\"https:\/\/tourtravelandmore.com\/fr\/#website\",\"url\":\"https:\/\/tourtravelandmore.com\/fr\/\",\"name\":\"Tour Travel And More\",\"description\":\"Private sightseeing tours and luxury transfers in Spain\",\"publisher\":{\"@id\":\"https:\/\/tourtravelandmore.com\/fr\/#organization\"},\"potentialAction\":[{\"@type\":\"SearchAction\",\"target\":{\"@type\":\"EntryPoint\",\"urlTemplate\":\"https:\/\/tourtravelandmore.com\/fr\/?s={search_term_string}\"},\"query-input\":{\"@type\":\"PropertyValueSpecification\",\"valueRequired\":true,\"valueName\":\"search_term_string\"}}],\"inLanguage\":\"fr-FR\"},{\"@type\":\"Organization\",\"@id\":\"https:\/\/tourtravelandmore.com\/fr\/#organization\",\"name\":\"Tour Travel And More\",\"url\":\"https:\/\/tourtravelandmore.com\/fr\/\",\"logo\":{\"@type\":\"ImageObject\",\"inLanguage\":\"fr-FR\",\"@id\":\"https:\/\/tourtravelandmore.com\/fr\/#\/schema\/logo\/image\/\",\"url\":\"https:\/\/tourtravelandmore.com\/wp-content\/uploads\/2022\/12\/cropped-logo-cabecera-new.png\",\"contentUrl\":\"https:\/\/tourtravelandmore.com\/wp-content\/uploads\/2022\/12\/cropped-logo-cabecera-new.png\",\"width\":430,\"height\":61,\"caption\":\"Tour Travel And More\"},\"image\":{\"@id\":\"https:\/\/tourtravelandmore.com\/fr\/#\/schema\/logo\/image\/\"},\"sameAs\":[\"https:\/\/www.facebook.com\/tourtravelandmore\/\",\"https:\/\/x.com\/TourTravel_More\"]}]}<\/script>\n<!-- \/ Yoast SEO Premium plugin. -->","yoast_head_json":{"title":"\u27a1\ufe0fExcursion priv\u00e9e \u00e0 Costwolds au d\u00e9part de Londres | TT&M","description":"D\u00e9couvrez plus de 5 000 ans d'histoire lors d'une visite priv\u00e9e \u00e0 Costwolds depuis Londres aux c\u00f4t\u00e9s de votre guide touristique | Tour Travel and More \u2705.","robots":{"index":"index","follow":"follow","max-snippet":"max-snippet:-1","max-image-preview":"max-image-preview:large","max-video-preview":"max-video-preview:-1"},"canonical":"https:\/\/tourtravelandmore.com\/fr\/tours\/royaume-uni-fr\/londres-fr\/toutes-les-visites-et-activites-privees-fr-2\/excursion-privee-au-chateau-de-windsor-et-a-oxford-au-depart-de-londres-copy\/","og_locale":"fr_FR","og_type":"article","og_title":"Excursion priv\u00e9e \u00e0 Costwolds au d\u00e9part de Londres","og_description":"D\u00e9couvrez plus de 5 000 ans d'histoire lors d'une visite priv\u00e9e \u00e0 Costwolds depuis Londres aux c\u00f4t\u00e9s de votre guide touristique | Tour Travel and More \u2705.","og_url":"https:\/\/tourtravelandmore.com\/fr\/tours\/royaume-uni-fr\/londres-fr\/toutes-les-visites-et-activites-privees-fr-2\/excursion-privee-au-chateau-de-windsor-et-a-oxford-au-depart-de-londres-copy\/","og_site_name":"Tour Travel And More","article_publisher":"https:\/\/www.facebook.com\/tourtravelandmore\/","article_modified_time":"2024-04-09T13:52:45+00:00","og_image":[{"width":1280,"height":853,"url":"https:\/\/tourtravelandmore.com\/wp-content\/uploads\/2024\/04\/bibury-5073407_1280.jpg","type":"image\/jpeg"}],"twitter_card":"summary_large_image","twitter_site":"@TourTravel_More","twitter_misc":{"Dur\u00e9e de lecture estim\u00e9e":"2 minutes"},"schema":{"@context":"https:\/\/schema.org","@graph":[{"@type":"WebPage","@id":"https:\/\/tourtravelandmore.com\/fr\/tours\/royaume-uni-fr\/londres-fr\/toutes-les-visites-et-activites-privees-fr-2\/excursion-privee-au-chateau-de-windsor-et-a-oxford-au-depart-de-londres-copy\/","url":"https:\/\/tourtravelandmore.com\/fr\/tours\/royaume-uni-fr\/londres-fr\/toutes-les-visites-et-activites-privees-fr-2\/excursion-privee-au-chateau-de-windsor-et-a-oxford-au-depart-de-londres-copy\/","name":"\u27a1\ufe0fExcursion priv\u00e9e \u00e0 Costwolds au d\u00e9part de Londres | TT&M","isPartOf":{"@id":"https:\/\/tourtravelandmore.com\/fr\/#website"},"primaryImageOfPage":{"@id":"https:\/\/tourtravelandmore.com\/fr\/tours\/royaume-uni-fr\/londres-fr\/toutes-les-visites-et-activites-privees-fr-2\/excursion-privee-au-chateau-de-windsor-et-a-oxford-au-depart-de-londres-copy\/#primaryimage"},"image":{"@id":"https:\/\/tourtravelandmore.com\/fr\/tours\/royaume-uni-fr\/londres-fr\/toutes-les-visites-et-activites-privees-fr-2\/excursion-privee-au-chateau-de-windsor-et-a-oxford-au-depart-de-londres-copy\/#primaryimage"},"thumbnailUrl":"https:\/\/tourtravelandmore.com\/wp-content\/uploads\/2024\/04\/bibury-5073407_1280.jpg","datePublished":"2024-04-09T13:22:05+00:00","dateModified":"2024-04-09T13:52:45+00:00","description":"D\u00e9couvrez plus de 5 000 ans d'histoire lors d'une visite priv\u00e9e \u00e0 Costwolds depuis Londres aux c\u00f4t\u00e9s de votre guide touristique | Tour Travel and More \u2705.","breadcrumb":{"@id":"https:\/\/tourtravelandmore.com\/fr\/tours\/royaume-uni-fr\/londres-fr\/toutes-les-visites-et-activites-privees-fr-2\/excursion-privee-au-chateau-de-windsor-et-a-oxford-au-depart-de-londres-copy\/#breadcrumb"},"inLanguage":"fr-FR","potentialAction":[{"@type":"ReadAction","target":["https:\/\/tourtravelandmore.com\/fr\/tours\/royaume-uni-fr\/londres-fr\/toutes-les-visites-et-activites-privees-fr-2\/excursion-privee-au-chateau-de-windsor-et-a-oxford-au-depart-de-londres-copy\/"]}]},{"@type":"ImageObject","inLanguage":"fr-FR","@id":"https:\/\/tourtravelandmore.com\/fr\/tours\/royaume-uni-fr\/londres-fr\/toutes-les-visites-et-activites-privees-fr-2\/excursion-privee-au-chateau-de-windsor-et-a-oxford-au-depart-de-londres-copy\/#primaryimage","url":"https:\/\/tourtravelandmore.com\/wp-content\/uploads\/2024\/04\/bibury-5073407_1280.jpg","contentUrl":"https:\/\/tourtravelandmore.com\/wp-content\/uploads\/2024\/04\/bibury-5073407_1280.jpg","width":1280,"height":853},{"@type":"BreadcrumbList","@id":"https:\/\/tourtravelandmore.com\/fr\/tours\/royaume-uni-fr\/londres-fr\/toutes-les-visites-et-activites-privees-fr-2\/excursion-privee-au-chateau-de-windsor-et-a-oxford-au-depart-de-londres-copy\/#breadcrumb","itemListElement":[{"@type":"ListItem","position":1,"name":"Home","item":"https:\/\/tourtravelandmore.com\/fr\/"},{"@type":"ListItem","position":2,"name":"Tours","item":"https:\/\/tourtravelandmore.com\/fr\/tours\/"},{"@type":"ListItem","position":3,"name":"Excursion priv\u00e9e \u00e0 Costwolds au d\u00e9part de Londres"}]},{"@type":"WebSite","@id":"https:\/\/tourtravelandmore.com\/fr\/#website","url":"https:\/\/tourtravelandmore.com\/fr\/","name":"Tour Travel And More","description":"Private sightseeing tours and luxury transfers in Spain","publisher":{"@id":"https:\/\/tourtravelandmore.com\/fr\/#organization"},"potentialAction":[{"@type":"SearchAction","target":{"@type":"EntryPoint","urlTemplate":"https:\/\/tourtravelandmore.com\/fr\/?s={search_term_string}"},"query-input":{"@type":"PropertyValueSpecification","valueRequired":true,"valueName":"search_term_string"}}],"inLanguage":"fr-FR"},{"@type":"Organization","@id":"https:\/\/tourtravelandmore.com\/fr\/#organization","name":"Tour Travel And More","url":"https:\/\/tourtravelandmore.com\/fr\/","logo":{"@type":"ImageObject","inLanguage":"fr-FR","@id":"https:\/\/tourtravelandmore.com\/fr\/#\/schema\/logo\/image\/","url":"https:\/\/tourtravelandmore.com\/wp-content\/uploads\/2022\/12\/cropped-logo-cabecera-new.png","contentUrl":"https:\/\/tourtravelandmore.com\/wp-content\/uploads\/2022\/12\/cropped-logo-cabecera-new.png","width":430,"height":61,"caption":"Tour Travel And More"},"image":{"@id":"https:\/\/tourtravelandmore.com\/fr\/#\/schema\/logo\/image\/"},"sameAs":["https:\/\/www.facebook.com\/tourtravelandmore\/","https:\/\/x.com\/TourTravel_More"]}]}},"_links":{"self":[{"href":"https:\/\/tourtravelandmore.com\/fr\/wp-json\/wp\/v2\/product\/174314","targetHints":{"allow":["GET"]}}],"collection":[{"href":"https:\/\/tourtravelandmore.com\/fr\/wp-json\/wp\/v2\/product"}],"about":[{"href":"https:\/\/tourtravelandmore.com\/fr\/wp-json\/wp\/v2\/types\/product"}],"replies":[{"embeddable":true,"href":"https:\/\/tourtravelandmore.com\/fr\/wp-json\/wp\/v2\/comments?post=174314"}],"wp:featuredmedia":[{"embeddable":true,"href":"https:\/\/tourtravelandmore.com\/fr\/wp-json\/wp\/v2\/media\/174326"}],"wp:attachment":[{"href":"https:\/\/tourtravelandmore.com\/fr\/wp-json\/wp\/v2\/media?parent=174314"}],"wp:term":[{"taxonomy":"product_brand","embeddable":true,"href":"https:\/\/tourtravelandmore.com\/fr\/wp-json\/wp\/v2\/product_brand?post=174314"},{"taxonomy":"product_cat","embeddable":true,"href":"https:\/\/tourtravelandmore.com\/fr\/wp-json\/wp\/v2\/product_cat?post=174314"},{"taxonomy":"product_tag","embeddable":true,"href":"https:\/\/tourtravelandmore.com\/fr\/wp-json\/wp\/v2\/product_tag?post=174314"}],"curies":[{"name":"wp","href":"https:\/\/api.w.org\/{rel}","templated":true}]}}