{"id":174271,"date":"2024-04-09T14:57:12","date_gmt":"2024-04-09T12:57:15","guid":{"rendered":"https:\/\/tourtravelandmore.com\/?post_type=product&#038;p=174271"},"modified":"2024-04-09T15:13:58","modified_gmt":"2024-04-09T13:13:58","slug":"visite-privee-de-stonehenge-et-oxford-au-depart-de-londres-copy","status":"publish","type":"product","link":"https:\/\/tourtravelandmore.com\/fr\/tours\/royaume-uni-fr\/londres-fr\/toutes-les-visites-et-activites-privees-fr-2\/visite-privee-de-stonehenge-et-oxford-au-depart-de-londres-copy\/","title":{"rendered":"Excursion priv\u00e9e au ch\u00e2teau de Windsor et \u00e0 Oxford au d\u00e9part de Londres"},"content":{"rendered":"<h2>Description de l&#8217;excursion priv\u00e9e au ch\u00e2teau de Windsor et \u00e0 Oxford au d\u00e9part de Londres<\/h2>\n<p>Embarquez pour un voyage majestueux \u00e0 travers l&#8217;histoire royale et l&#8217;excellence acad\u00e9mique avec notre visite priv\u00e9e exclusive du ch\u00e2teau de Windsor et d&#8217;Oxford au d\u00e9part de Londres. D\u00e9couvrez l&#8217;opulence du ch\u00e2teau de Windsor, le plus ancien et le plus grand ch\u00e2teau habit\u00e9 au monde, avant de vous plonger dans l&#8217;atmosph\u00e8re savante d&#8217;Oxford, qui abrite l&#8217;une des plus prestigieuses universit\u00e9s du monde.<\/p>\n<p>Votre aventure commence par un accueil chaleureux de notre guide expert et de notre chauffeur professionnel \u00e0 votre h\u00e9bergement londonien. Avec 12 heures de transport confortable \u00e0 votre disposition, vous profiterez d&#8217;une exp\u00e9rience personnalis\u00e9e et transparente tout au long de la journ\u00e9e.<\/p>\n<p>\u00c0 la fin de la visite guid\u00e9e de 12 heures, le chauffeur vous ram\u00e8nera \u00e0 Londres pour vous d\u00e9poser \u00e0 l&#8217;endroit de votre choix.<\/p>\n<h2>Points forts<\/h2>\n<p>Tout d&#8217;abord, nous vous emm\u00e8nerons au ch\u00e2teau de Windsor, une forteresse impr\u00e9gn\u00e9e d&#8217;h\u00e9ritage royal et de grandeur architecturale. En p\u00e9n\u00e9trant dans le magnifique domaine, vous serez transport\u00e9 \u00e0 travers des si\u00e8cles d&#8217;histoire royale. Explorez les somptueux appartements d&#8217;\u00c9tat orn\u00e9s d&#8217;\u0153uvres d&#8217;art inestimables et admirez l&#8217;embl\u00e9matique tour ronde qui domine le paysage pittoresque.<\/p>\n<p>Nous nous rendrons ensuite \u00e0 Oxford, r\u00e9put\u00e9e pour sa prestigieuse universit\u00e9 et son architecture captivante. Promenez-vous dans les cours historiques des coll\u00e8ges, admirez les d\u00e9tails complexes de b\u00e2timents vieux de plusieurs si\u00e8cles et impr\u00e9gnez-vous de l&#8217;atmosph\u00e8re intellectuelle qui impr\u00e8gne la ville.<\/p>\n<p>Notre guide bien inform\u00e9 vous accompagnera tout au long de la visite et vous fournira des informations fascinantes sur l&#8217;histoire et l&#8217;importance de chaque destination. De la splendeur royale du ch\u00e2teau de Windsor \u00e0 l&#8217;h\u00e9ritage universitaire d&#8217;Oxford, vous comprendrez mieux le riche patrimoine culturel de l&#8217;Angleterre.<\/p>\n<p>Nous vous ram\u00e8nerons \u00e0 Londres sans d\u00e9lai \u00e0 la fin de cette visite priv\u00e9e du ch\u00e2teau de Windsor et d&#8217;Oxford au d\u00e9part de Londres.<\/p>\n<p>Si vous \u00eates un fan de la saga Harry Potter, vous pouvez compl\u00e9ter votre itin\u00e9raire en Angleterre avec notre <a href=\"https:\/\/tourtravelandmore.com\/tours\/united-kingdom\/london-en\/harry-potter-private-tour-at-warner-studios\/\">visite Harry Potter aux Warner Studios.<\/a><\/p>\n","protected":false},"excerpt":{"rendered":"<p>Embarquez pour un voyage majestueux \u00e0 travers l&#8217;histoire royale et l&#8217;excellence acad\u00e9mique avec notre visite priv\u00e9e exclusive du ch\u00e2teau de Windsor et d&#8217;Oxford au d\u00e9part de Londres. D\u00e9couvrez l&#8217;opulence du ch\u00e2teau de Windsor, le plus ancien et le plus grand ch\u00e2teau habit\u00e9 au monde, avant de vous plonger dans l&#8217;atmosph\u00e8re savante d&#8217;Oxford, qui abrite l&#8217;une des plus prestigieuses universit\u00e9s du monde.<\/p>\n","protected":false},"featured_media":174295,"comment_status":"open","ping_status":"closed","template":"","meta":{"_acf_changed":false},"product_brand":[],"product_cat":[3545,3546,4117,4118],"product_tag":[],"class_list":{"0":"post-174271","1":"product","2":"type-product","3":"status-publish","4":"has-post-thumbnail","6":"product_cat-royaume-uni-fr","7":"product_cat-londres-fr","8":"product_cat-toutes-les-visites-et-activites-privees-fr-2","9":"product_cat-visites-touristiques","11":"first","12":"instock","13":"shipping-taxable","14":"purchasable","15":"product-type-simple"},"acf":[],"yoast_head":"<!-- This site is optimized with the Yoast SEO Premium plugin v25.3.1 (Yoast SEO v25.3.1) - https:\/\/yoast.com\/wordpress\/plugins\/seo\/ -->\n<title>\u27a1\ufe0fExcursion priv\u00e9e au ch\u00e2teau de Windsor et \u00e0 Oxford au d\u00e9part de Londres | TT&amp;M<\/title>\n<meta name=\"description\" content=\"D\u00e9couvrez plus de 5 000 ans d&#039;histoire lors d&#039;une visite priv\u00e9e du ch\u00e2teau de Windsor et d&#039;Oxford depuis Londres en compagnie de votre guide touristique | Tour Travel and More \u2705\" \/>\n<meta name=\"robots\" content=\"index, follow, max-snippet:-1, max-image-preview:large, max-video-preview:-1\" \/>\n<link rel=\"canonical\" href=\"https:\/\/tourtravelandmore.com\/fr\/tours\/royaume-uni-fr\/londres-fr\/toutes-les-visites-et-activites-privees-fr-2\/visite-privee-de-stonehenge-et-oxford-au-depart-de-londres-copy\/\" \/>\n<meta property=\"og:locale\" content=\"fr_FR\" \/>\n<meta property=\"og:type\" content=\"article\" \/>\n<meta property=\"og:title\" content=\"Excursion priv\u00e9e au ch\u00e2teau de Windsor et \u00e0 Oxford au d\u00e9part de Londres\" \/>\n<meta property=\"og:description\" content=\"D\u00e9couvrez plus de 5 000 ans d&#039;histoire lors d&#039;une visite priv\u00e9e du ch\u00e2teau de Windsor et d&#039;Oxford depuis Londres en compagnie de votre guide touristique | Tour Travel and More \u2705\" \/>\n<meta property=\"og:url\" content=\"https:\/\/tourtravelandmore.com\/fr\/tours\/royaume-uni-fr\/londres-fr\/toutes-les-visites-et-activites-privees-fr-2\/visite-privee-de-stonehenge-et-oxford-au-depart-de-londres-copy\/\" \/>\n<meta property=\"og:site_name\" content=\"Tour Travel And More\" \/>\n<meta property=\"article:publisher\" content=\"https:\/\/www.facebook.com\/tourtravelandmore\/\" \/>\n<meta property=\"article:modified_time\" content=\"2024-04-09T13:13:58+00:00\" \/>\n<meta property=\"og:image\" content=\"https:\/\/tourtravelandmore.com\/wp-content\/uploads\/2024\/04\/windsor-castle-2755009_960_720.jpg\" \/>\n\t<meta property=\"og:image:width\" content=\"960\" \/>\n\t<meta property=\"og:image:height\" content=\"640\" \/>\n\t<meta property=\"og:image:type\" content=\"image\/jpeg\" \/>\n<meta name=\"twitter:card\" content=\"summary_large_image\" \/>\n<meta name=\"twitter:site\" content=\"@TourTravel_More\" \/>\n<meta name=\"twitter:label1\" content=\"Dur\u00e9e de lecture estim\u00e9e\" \/>\n\t<meta name=\"twitter:data1\" content=\"2 minutes\" \/>\n<script type=\"application\/ld+json\" class=\"yoast-schema-graph\">{\"@context\":\"https:\/\/schema.org\",\"@graph\":[{\"@type\":\"WebPage\",\"@id\":\"https:\/\/tourtravelandmore.com\/fr\/tours\/royaume-uni-fr\/londres-fr\/toutes-les-visites-et-activites-privees-fr-2\/visite-privee-de-stonehenge-et-oxford-au-depart-de-londres-copy\/\",\"url\":\"https:\/\/tourtravelandmore.com\/fr\/tours\/royaume-uni-fr\/londres-fr\/toutes-les-visites-et-activites-privees-fr-2\/visite-privee-de-stonehenge-et-oxford-au-depart-de-londres-copy\/\",\"name\":\"\u27a1\ufe0fExcursion priv\u00e9e au ch\u00e2teau de Windsor et \u00e0 Oxford au d\u00e9part de Londres | TT&M\",\"isPartOf\":{\"@id\":\"https:\/\/tourtravelandmore.com\/fr\/#website\"},\"primaryImageOfPage\":{\"@id\":\"https:\/\/tourtravelandmore.com\/fr\/tours\/royaume-uni-fr\/londres-fr\/toutes-les-visites-et-activites-privees-fr-2\/visite-privee-de-stonehenge-et-oxford-au-depart-de-londres-copy\/#primaryimage\"},\"image\":{\"@id\":\"https:\/\/tourtravelandmore.com\/fr\/tours\/royaume-uni-fr\/londres-fr\/toutes-les-visites-et-activites-privees-fr-2\/visite-privee-de-stonehenge-et-oxford-au-depart-de-londres-copy\/#primaryimage\"},\"thumbnailUrl\":\"https:\/\/tourtravelandmore.com\/wp-content\/uploads\/2024\/04\/windsor-castle-2755009_960_720.jpg\",\"datePublished\":\"2024-04-09T12:57:15+00:00\",\"dateModified\":\"2024-04-09T13:13:58+00:00\",\"description\":\"D\u00e9couvrez plus de 5 000 ans d'histoire lors d'une visite priv\u00e9e du ch\u00e2teau de Windsor et d'Oxford depuis Londres en compagnie de votre guide touristique | Tour Travel and More \u2705\",\"breadcrumb\":{\"@id\":\"https:\/\/tourtravelandmore.com\/fr\/tours\/royaume-uni-fr\/londres-fr\/toutes-les-visites-et-activites-privees-fr-2\/visite-privee-de-stonehenge-et-oxford-au-depart-de-londres-copy\/#breadcrumb\"},\"inLanguage\":\"fr-FR\",\"potentialAction\":[{\"@type\":\"ReadAction\",\"target\":[\"https:\/\/tourtravelandmore.com\/fr\/tours\/royaume-uni-fr\/londres-fr\/toutes-les-visites-et-activites-privees-fr-2\/visite-privee-de-stonehenge-et-oxford-au-depart-de-londres-copy\/\"]}]},{\"@type\":\"ImageObject\",\"inLanguage\":\"fr-FR\",\"@id\":\"https:\/\/tourtravelandmore.com\/fr\/tours\/royaume-uni-fr\/londres-fr\/toutes-les-visites-et-activites-privees-fr-2\/visite-privee-de-stonehenge-et-oxford-au-depart-de-londres-copy\/#primaryimage\",\"url\":\"https:\/\/tourtravelandmore.com\/wp-content\/uploads\/2024\/04\/windsor-castle-2755009_960_720.jpg\",\"contentUrl\":\"https:\/\/tourtravelandmore.com\/wp-content\/uploads\/2024\/04\/windsor-castle-2755009_960_720.jpg\",\"width\":960,\"height\":640},{\"@type\":\"BreadcrumbList\",\"@id\":\"https:\/\/tourtravelandmore.com\/fr\/tours\/royaume-uni-fr\/londres-fr\/toutes-les-visites-et-activites-privees-fr-2\/visite-privee-de-stonehenge-et-oxford-au-depart-de-londres-copy\/#breadcrumb\",\"itemListElement\":[{\"@type\":\"ListItem\",\"position\":1,\"name\":\"Home\",\"item\":\"https:\/\/tourtravelandmore.com\/fr\/\"},{\"@type\":\"ListItem\",\"position\":2,\"name\":\"Tours\",\"item\":\"https:\/\/tourtravelandmore.com\/fr\/tours\/\"},{\"@type\":\"ListItem\",\"position\":3,\"name\":\"Excursion priv\u00e9e au ch\u00e2teau de Windsor et \u00e0 Oxford au d\u00e9part de Londres\"}]},{\"@type\":\"WebSite\",\"@id\":\"https:\/\/tourtravelandmore.com\/fr\/#website\",\"url\":\"https:\/\/tourtravelandmore.com\/fr\/\",\"name\":\"Tour Travel And More\",\"description\":\"Private sightseeing tours and luxury transfers in Spain\",\"publisher\":{\"@id\":\"https:\/\/tourtravelandmore.com\/fr\/#organization\"},\"potentialAction\":[{\"@type\":\"SearchAction\",\"target\":{\"@type\":\"EntryPoint\",\"urlTemplate\":\"https:\/\/tourtravelandmore.com\/fr\/?s={search_term_string}\"},\"query-input\":{\"@type\":\"PropertyValueSpecification\",\"valueRequired\":true,\"valueName\":\"search_term_string\"}}],\"inLanguage\":\"fr-FR\"},{\"@type\":\"Organization\",\"@id\":\"https:\/\/tourtravelandmore.com\/fr\/#organization\",\"name\":\"Tour Travel And More\",\"url\":\"https:\/\/tourtravelandmore.com\/fr\/\",\"logo\":{\"@type\":\"ImageObject\",\"inLanguage\":\"fr-FR\",\"@id\":\"https:\/\/tourtravelandmore.com\/fr\/#\/schema\/logo\/image\/\",\"url\":\"https:\/\/tourtravelandmore.com\/wp-content\/uploads\/2022\/12\/cropped-logo-cabecera-new.png\",\"contentUrl\":\"https:\/\/tourtravelandmore.com\/wp-content\/uploads\/2022\/12\/cropped-logo-cabecera-new.png\",\"width\":430,\"height\":61,\"caption\":\"Tour Travel And More\"},\"image\":{\"@id\":\"https:\/\/tourtravelandmore.com\/fr\/#\/schema\/logo\/image\/\"},\"sameAs\":[\"https:\/\/www.facebook.com\/tourtravelandmore\/\",\"https:\/\/x.com\/TourTravel_More\"]}]}<\/script>\n<!-- \/ Yoast SEO Premium plugin. -->","yoast_head_json":{"title":"\u27a1\ufe0fExcursion priv\u00e9e au ch\u00e2teau de Windsor et \u00e0 Oxford au d\u00e9part de Londres | TT&M","description":"D\u00e9couvrez plus de 5 000 ans d'histoire lors d'une visite priv\u00e9e du ch\u00e2teau de Windsor et d'Oxford depuis Londres en compagnie de votre guide touristique | Tour Travel and More \u2705","robots":{"index":"index","follow":"follow","max-snippet":"max-snippet:-1","max-image-preview":"max-image-preview:large","max-video-preview":"max-video-preview:-1"},"canonical":"https:\/\/tourtravelandmore.com\/fr\/tours\/royaume-uni-fr\/londres-fr\/toutes-les-visites-et-activites-privees-fr-2\/visite-privee-de-stonehenge-et-oxford-au-depart-de-londres-copy\/","og_locale":"fr_FR","og_type":"article","og_title":"Excursion priv\u00e9e au ch\u00e2teau de Windsor et \u00e0 Oxford au d\u00e9part de Londres","og_description":"D\u00e9couvrez plus de 5 000 ans d'histoire lors d'une visite priv\u00e9e du ch\u00e2teau de Windsor et d'Oxford depuis Londres en compagnie de votre guide touristique | Tour Travel and More \u2705","og_url":"https:\/\/tourtravelandmore.com\/fr\/tours\/royaume-uni-fr\/londres-fr\/toutes-les-visites-et-activites-privees-fr-2\/visite-privee-de-stonehenge-et-oxford-au-depart-de-londres-copy\/","og_site_name":"Tour Travel And More","article_publisher":"https:\/\/www.facebook.com\/tourtravelandmore\/","article_modified_time":"2024-04-09T13:13:58+00:00","og_image":[{"width":960,"height":640,"url":"https:\/\/tourtravelandmore.com\/wp-content\/uploads\/2024\/04\/windsor-castle-2755009_960_720.jpg","type":"image\/jpeg"}],"twitter_card":"summary_large_image","twitter_site":"@TourTravel_More","twitter_misc":{"Dur\u00e9e de lecture estim\u00e9e":"2 minutes"},"schema":{"@context":"https:\/\/schema.org","@graph":[{"@type":"WebPage","@id":"https:\/\/tourtravelandmore.com\/fr\/tours\/royaume-uni-fr\/londres-fr\/toutes-les-visites-et-activites-privees-fr-2\/visite-privee-de-stonehenge-et-oxford-au-depart-de-londres-copy\/","url":"https:\/\/tourtravelandmore.com\/fr\/tours\/royaume-uni-fr\/londres-fr\/toutes-les-visites-et-activites-privees-fr-2\/visite-privee-de-stonehenge-et-oxford-au-depart-de-londres-copy\/","name":"\u27a1\ufe0fExcursion priv\u00e9e au ch\u00e2teau de Windsor et \u00e0 Oxford au d\u00e9part de Londres | TT&M","isPartOf":{"@id":"https:\/\/tourtravelandmore.com\/fr\/#website"},"primaryImageOfPage":{"@id":"https:\/\/tourtravelandmore.com\/fr\/tours\/royaume-uni-fr\/londres-fr\/toutes-les-visites-et-activites-privees-fr-2\/visite-privee-de-stonehenge-et-oxford-au-depart-de-londres-copy\/#primaryimage"},"image":{"@id":"https:\/\/tourtravelandmore.com\/fr\/tours\/royaume-uni-fr\/londres-fr\/toutes-les-visites-et-activites-privees-fr-2\/visite-privee-de-stonehenge-et-oxford-au-depart-de-londres-copy\/#primaryimage"},"thumbnailUrl":"https:\/\/tourtravelandmore.com\/wp-content\/uploads\/2024\/04\/windsor-castle-2755009_960_720.jpg","datePublished":"2024-04-09T12:57:15+00:00","dateModified":"2024-04-09T13:13:58+00:00","description":"D\u00e9couvrez plus de 5 000 ans d'histoire lors d'une visite priv\u00e9e du ch\u00e2teau de Windsor et d'Oxford depuis Londres en compagnie de votre guide touristique | Tour Travel and More \u2705","breadcrumb":{"@id":"https:\/\/tourtravelandmore.com\/fr\/tours\/royaume-uni-fr\/londres-fr\/toutes-les-visites-et-activites-privees-fr-2\/visite-privee-de-stonehenge-et-oxford-au-depart-de-londres-copy\/#breadcrumb"},"inLanguage":"fr-FR","potentialAction":[{"@type":"ReadAction","target":["https:\/\/tourtravelandmore.com\/fr\/tours\/royaume-uni-fr\/londres-fr\/toutes-les-visites-et-activites-privees-fr-2\/visite-privee-de-stonehenge-et-oxford-au-depart-de-londres-copy\/"]}]},{"@type":"ImageObject","inLanguage":"fr-FR","@id":"https:\/\/tourtravelandmore.com\/fr\/tours\/royaume-uni-fr\/londres-fr\/toutes-les-visites-et-activites-privees-fr-2\/visite-privee-de-stonehenge-et-oxford-au-depart-de-londres-copy\/#primaryimage","url":"https:\/\/tourtravelandmore.com\/wp-content\/uploads\/2024\/04\/windsor-castle-2755009_960_720.jpg","contentUrl":"https:\/\/tourtravelandmore.com\/wp-content\/uploads\/2024\/04\/windsor-castle-2755009_960_720.jpg","width":960,"height":640},{"@type":"BreadcrumbList","@id":"https:\/\/tourtravelandmore.com\/fr\/tours\/royaume-uni-fr\/londres-fr\/toutes-les-visites-et-activites-privees-fr-2\/visite-privee-de-stonehenge-et-oxford-au-depart-de-londres-copy\/#breadcrumb","itemListElement":[{"@type":"ListItem","position":1,"name":"Home","item":"https:\/\/tourtravelandmore.com\/fr\/"},{"@type":"ListItem","position":2,"name":"Tours","item":"https:\/\/tourtravelandmore.com\/fr\/tours\/"},{"@type":"ListItem","position":3,"name":"Excursion priv\u00e9e au ch\u00e2teau de Windsor et \u00e0 Oxford au d\u00e9part de Londres"}]},{"@type":"WebSite","@id":"https:\/\/tourtravelandmore.com\/fr\/#website","url":"https:\/\/tourtravelandmore.com\/fr\/","name":"Tour Travel And More","description":"Private sightseeing tours and luxury transfers in Spain","publisher":{"@id":"https:\/\/tourtravelandmore.com\/fr\/#organization"},"potentialAction":[{"@type":"SearchAction","target":{"@type":"EntryPoint","urlTemplate":"https:\/\/tourtravelandmore.com\/fr\/?s={search_term_string}"},"query-input":{"@type":"PropertyValueSpecification","valueRequired":true,"valueName":"search_term_string"}}],"inLanguage":"fr-FR"},{"@type":"Organization","@id":"https:\/\/tourtravelandmore.com\/fr\/#organization","name":"Tour Travel And More","url":"https:\/\/tourtravelandmore.com\/fr\/","logo":{"@type":"ImageObject","inLanguage":"fr-FR","@id":"https:\/\/tourtravelandmore.com\/fr\/#\/schema\/logo\/image\/","url":"https:\/\/tourtravelandmore.com\/wp-content\/uploads\/2022\/12\/cropped-logo-cabecera-new.png","contentUrl":"https:\/\/tourtravelandmore.com\/wp-content\/uploads\/2022\/12\/cropped-logo-cabecera-new.png","width":430,"height":61,"caption":"Tour Travel And More"},"image":{"@id":"https:\/\/tourtravelandmore.com\/fr\/#\/schema\/logo\/image\/"},"sameAs":["https:\/\/www.facebook.com\/tourtravelandmore\/","https:\/\/x.com\/TourTravel_More"]}]}},"_links":{"self":[{"href":"https:\/\/tourtravelandmore.com\/fr\/wp-json\/wp\/v2\/product\/174271","targetHints":{"allow":["GET"]}}],"collection":[{"href":"https:\/\/tourtravelandmore.com\/fr\/wp-json\/wp\/v2\/product"}],"about":[{"href":"https:\/\/tourtravelandmore.com\/fr\/wp-json\/wp\/v2\/types\/product"}],"replies":[{"embeddable":true,"href":"https:\/\/tourtravelandmore.com\/fr\/wp-json\/wp\/v2\/comments?post=174271"}],"wp:featuredmedia":[{"embeddable":true,"href":"https:\/\/tourtravelandmore.com\/fr\/wp-json\/wp\/v2\/media\/174295"}],"wp:attachment":[{"href":"https:\/\/tourtravelandmore.com\/fr\/wp-json\/wp\/v2\/media?parent=174271"}],"wp:term":[{"taxonomy":"product_brand","embeddable":true,"href":"https:\/\/tourtravelandmore.com\/fr\/wp-json\/wp\/v2\/product_brand?post=174271"},{"taxonomy":"product_cat","embeddable":true,"href":"https:\/\/tourtravelandmore.com\/fr\/wp-json\/wp\/v2\/product_cat?post=174271"},{"taxonomy":"product_tag","embeddable":true,"href":"https:\/\/tourtravelandmore.com\/fr\/wp-json\/wp\/v2\/product_tag?post=174271"}],"curies":[{"name":"wp","href":"https:\/\/api.w.org\/{rel}","templated":true}]}}