{"id":174225,"date":"2024-04-09T14:37:20","date_gmt":"2024-04-09T12:37:26","guid":{"rendered":"https:\/\/tourtravelandmore.com\/?post_type=product&#038;p=174225"},"modified":"2024-04-09T14:55:42","modified_gmt":"2024-04-09T12:55:42","slug":"visite-privee-de-stonehenge-et-du-chateau-de-windsor-au-depart-de-londres-copy","status":"publish","type":"product","link":"https:\/\/tourtravelandmore.com\/fr\/tours\/royaume-uni-fr\/londres-fr\/toutes-les-visites-et-activites-privees-fr-2\/visite-privee-de-stonehenge-et-du-chateau-de-windsor-au-depart-de-londres-copy\/","title":{"rendered":"Visite priv\u00e9e de Stonehenge et Oxford au d\u00e9part de Londres"},"content":{"rendered":"<h2>Description de la visite priv\u00e9e de Stonehenge et Oxford au d\u00e9part de Londres<\/h2>\n<p>Embarquez pour un voyage captivant \u00e0 travers le temps et la connaissance gr\u00e2ce \u00e0 notre visite priv\u00e9e exclusive de Stonehenge et Oxford au d\u00e9part de Londres. Plongez dans les anciens myst\u00e8res de Stonehenge. L\u00e0 o\u00f9 d&#8217;imposants monolithes de pierre murmurent des histoires mill\u00e9naires. Explorez les salles historiques d&#8217;Oxford, bastion de l&#8217;excellence acad\u00e9mique et de la splendeur architecturale.<\/p>\n<p>Votre aventure commence par un accueil chaleureux de notre guide expert et de notre chauffeur professionnel \u00e0 votre h\u00e9bergement \u00e0 Londres. Avec un transport confortable \u00e0 votre disposition pendant 12 heures, vous profiterez d&#8217;une exp\u00e9rience personnalis\u00e9e et transparente tout au long de la journ\u00e9e.<\/p>\n<p>\u00c0 la fin de la visite guid\u00e9e de 12 heures, le chauffeur vous ram\u00e8nera \u00e0 Londres pour vous d\u00e9poser \u00e0 l&#8217;endroit de votre choix.<\/p>\n<h2>Points forts<\/h2>\n<p>Tout d&#8217;abord, nous vous emm\u00e8nerons sur le site \u00e9nigmatique de Stonehenge. Il s&#8217;agit d&#8217;un site class\u00e9 au patrimoine mondial de l&#8217;UNESCO, charg\u00e9 d&#8217;histoire et d&#8217;intrigues. Admirez les anciens cercles de pierre, dont la raison d&#8217;\u00eatre et les origines sont entour\u00e9es de myst\u00e8re. Avec notre guide comp\u00e9tent \u00e0 vos c\u00f4t\u00e9s, vous d\u00e9couvrirez les secrets de ce site embl\u00e9matique et vous vous impr\u00e9gnerez de son aura intemporelle.<\/p>\n<p>Apr\u00e8s avoir explor\u00e9 les merveilles de Stonehenge, vous vous rendrez dans la ville historique d&#8217;Oxford, r\u00e9put\u00e9e pour sa prestigieuse universit\u00e9 et son architecture \u00e9tonnante. En d\u00e9ambulant dans les rues pav\u00e9es et les cours majestueuses des coll\u00e8ges, vous ressentirez les \u00e9chos de si\u00e8cles d&#8217;excellence acad\u00e9mique et d&#8217;importance culturelle.<\/p>\n<p>Notre guide bien inform\u00e9 vous accompagnera tout au long de la visite et vous offrira un aper\u00e7u fascinant de l&#8217;histoire et de l&#8217;importance de chaque destination. Des myst\u00e8res anciens de Stonehenge \u00e0 l&#8217;atmosph\u00e8re \u00e9rudite d&#8217;Oxford. Vous appr\u00e9cierez davantage le riche patrimoine culturel de l&#8217;Angleterre.<\/p>\n<p>Nous vous ram\u00e8nerons \u00e0 Londres sans d\u00e9lai \u00e0 la fin de cette visite priv\u00e9e.<\/p>\n<p>Si vous \u00eates un fan de la saga Harry Potter, vous pouvez compl\u00e9ter votre itin\u00e9raire en Angleterre avec notre visite <a href=\"https:\/\/tourtravelandmore.com\/tours\/united-kingdom\/london-en\/harry-potter-private-tour-at-warner-studios\/\">Harry Potter aux Warner Studios.<\/a><\/p>\n","protected":false},"excerpt":{"rendered":"<p>Embarquez pour un voyage captivant \u00e0 travers le temps et la connaissance gr\u00e2ce \u00e0 notre visite priv\u00e9e exclusive de Stonehenge et Oxford au d\u00e9part de Londres. Plongez dans les anciens myst\u00e8res de Stonehenge. L\u00e0 o\u00f9 d&#8217;imposants monolithes de pierre murmurent des histoires mill\u00e9naires. Explorez les salles historiques d&#8217;Oxford, bastion de l&#8217;excellence acad\u00e9mique et de la splendeur architecturale.<\/p>\n","protected":false},"featured_media":174243,"comment_status":"open","ping_status":"closed","template":"","meta":{"_acf_changed":false},"product_brand":[],"product_cat":[3545,3546,4117,4118],"product_tag":[],"class_list":{"0":"post-174225","1":"product","2":"type-product","3":"status-publish","4":"has-post-thumbnail","6":"product_cat-royaume-uni-fr","7":"product_cat-londres-fr","8":"product_cat-toutes-les-visites-et-activites-privees-fr-2","9":"product_cat-visites-touristiques","11":"first","12":"instock","13":"shipping-taxable","14":"purchasable","15":"product-type-simple"},"acf":[],"yoast_head":"<!-- This site is optimized with the Yoast SEO Premium plugin v25.3.1 (Yoast SEO v25.3.1) - https:\/\/yoast.com\/wordpress\/plugins\/seo\/ -->\n<title>\u27a1\ufe0fVisite priv\u00e9e de Stonehenge et Oxford au d\u00e9part de Londres | TT&amp;M<\/title>\n<meta name=\"description\" content=\"D\u00e9couvrez plus de 5 000 ans d&#039;histoire lors d&#039;une visite priv\u00e9e de Stonehenge et Oxford au d\u00e9part de Londres en compagnie de votre guide touristique | Tour Travel and More \u2705.\" \/>\n<meta name=\"robots\" content=\"index, follow, max-snippet:-1, max-image-preview:large, max-video-preview:-1\" \/>\n<link rel=\"canonical\" href=\"https:\/\/tourtravelandmore.com\/fr\/tours\/royaume-uni-fr\/londres-fr\/toutes-les-visites-et-activites-privees-fr-2\/visite-privee-de-stonehenge-et-du-chateau-de-windsor-au-depart-de-londres-copy\/\" \/>\n<meta property=\"og:locale\" content=\"fr_FR\" \/>\n<meta property=\"og:type\" content=\"article\" \/>\n<meta property=\"og:title\" content=\"Visite priv\u00e9e de Stonehenge et Oxford au d\u00e9part de Londres\" \/>\n<meta property=\"og:description\" content=\"D\u00e9couvrez plus de 5 000 ans d&#039;histoire lors d&#039;une visite priv\u00e9e de Stonehenge et Oxford au d\u00e9part de Londres en compagnie de votre guide touristique | Tour Travel and More \u2705.\" \/>\n<meta property=\"og:url\" content=\"https:\/\/tourtravelandmore.com\/fr\/tours\/royaume-uni-fr\/londres-fr\/toutes-les-visites-et-activites-privees-fr-2\/visite-privee-de-stonehenge-et-du-chateau-de-windsor-au-depart-de-londres-copy\/\" \/>\n<meta property=\"og:site_name\" content=\"Tour Travel And More\" \/>\n<meta property=\"article:publisher\" content=\"https:\/\/www.facebook.com\/tourtravelandmore\/\" \/>\n<meta property=\"article:modified_time\" content=\"2024-04-09T12:55:42+00:00\" \/>\n<meta property=\"og:image\" content=\"https:\/\/tourtravelandmore.com\/wp-content\/uploads\/2024\/04\/oxford-534808_960_720.jpg\" \/>\n\t<meta property=\"og:image:width\" content=\"960\" \/>\n\t<meta property=\"og:image:height\" content=\"720\" \/>\n\t<meta property=\"og:image:type\" content=\"image\/jpeg\" \/>\n<meta name=\"twitter:card\" content=\"summary_large_image\" \/>\n<meta name=\"twitter:site\" content=\"@TourTravel_More\" \/>\n<meta name=\"twitter:label1\" content=\"Dur\u00e9e de lecture estim\u00e9e\" \/>\n\t<meta name=\"twitter:data1\" content=\"2 minutes\" \/>\n<script type=\"application\/ld+json\" class=\"yoast-schema-graph\">{\"@context\":\"https:\/\/schema.org\",\"@graph\":[{\"@type\":\"WebPage\",\"@id\":\"https:\/\/tourtravelandmore.com\/fr\/tours\/royaume-uni-fr\/londres-fr\/toutes-les-visites-et-activites-privees-fr-2\/visite-privee-de-stonehenge-et-du-chateau-de-windsor-au-depart-de-londres-copy\/\",\"url\":\"https:\/\/tourtravelandmore.com\/fr\/tours\/royaume-uni-fr\/londres-fr\/toutes-les-visites-et-activites-privees-fr-2\/visite-privee-de-stonehenge-et-du-chateau-de-windsor-au-depart-de-londres-copy\/\",\"name\":\"\u27a1\ufe0fVisite priv\u00e9e de Stonehenge et Oxford au d\u00e9part de Londres | TT&M\",\"isPartOf\":{\"@id\":\"https:\/\/tourtravelandmore.com\/fr\/#website\"},\"primaryImageOfPage\":{\"@id\":\"https:\/\/tourtravelandmore.com\/fr\/tours\/royaume-uni-fr\/londres-fr\/toutes-les-visites-et-activites-privees-fr-2\/visite-privee-de-stonehenge-et-du-chateau-de-windsor-au-depart-de-londres-copy\/#primaryimage\"},\"image\":{\"@id\":\"https:\/\/tourtravelandmore.com\/fr\/tours\/royaume-uni-fr\/londres-fr\/toutes-les-visites-et-activites-privees-fr-2\/visite-privee-de-stonehenge-et-du-chateau-de-windsor-au-depart-de-londres-copy\/#primaryimage\"},\"thumbnailUrl\":\"https:\/\/tourtravelandmore.com\/wp-content\/uploads\/2024\/04\/oxford-534808_960_720.jpg\",\"datePublished\":\"2024-04-09T12:37:26+00:00\",\"dateModified\":\"2024-04-09T12:55:42+00:00\",\"description\":\"D\u00e9couvrez plus de 5 000 ans d'histoire lors d'une visite priv\u00e9e de Stonehenge et Oxford au d\u00e9part de Londres en compagnie de votre guide touristique | Tour Travel and More \u2705.\",\"breadcrumb\":{\"@id\":\"https:\/\/tourtravelandmore.com\/fr\/tours\/royaume-uni-fr\/londres-fr\/toutes-les-visites-et-activites-privees-fr-2\/visite-privee-de-stonehenge-et-du-chateau-de-windsor-au-depart-de-londres-copy\/#breadcrumb\"},\"inLanguage\":\"fr-FR\",\"potentialAction\":[{\"@type\":\"ReadAction\",\"target\":[\"https:\/\/tourtravelandmore.com\/fr\/tours\/royaume-uni-fr\/londres-fr\/toutes-les-visites-et-activites-privees-fr-2\/visite-privee-de-stonehenge-et-du-chateau-de-windsor-au-depart-de-londres-copy\/\"]}]},{\"@type\":\"ImageObject\",\"inLanguage\":\"fr-FR\",\"@id\":\"https:\/\/tourtravelandmore.com\/fr\/tours\/royaume-uni-fr\/londres-fr\/toutes-les-visites-et-activites-privees-fr-2\/visite-privee-de-stonehenge-et-du-chateau-de-windsor-au-depart-de-londres-copy\/#primaryimage\",\"url\":\"https:\/\/tourtravelandmore.com\/wp-content\/uploads\/2024\/04\/oxford-534808_960_720.jpg\",\"contentUrl\":\"https:\/\/tourtravelandmore.com\/wp-content\/uploads\/2024\/04\/oxford-534808_960_720.jpg\",\"width\":960,\"height\":720},{\"@type\":\"BreadcrumbList\",\"@id\":\"https:\/\/tourtravelandmore.com\/fr\/tours\/royaume-uni-fr\/londres-fr\/toutes-les-visites-et-activites-privees-fr-2\/visite-privee-de-stonehenge-et-du-chateau-de-windsor-au-depart-de-londres-copy\/#breadcrumb\",\"itemListElement\":[{\"@type\":\"ListItem\",\"position\":1,\"name\":\"Home\",\"item\":\"https:\/\/tourtravelandmore.com\/fr\/\"},{\"@type\":\"ListItem\",\"position\":2,\"name\":\"Tours\",\"item\":\"https:\/\/tourtravelandmore.com\/fr\/tours\/\"},{\"@type\":\"ListItem\",\"position\":3,\"name\":\"Visite priv\u00e9e de Stonehenge et Oxford au d\u00e9part de Londres\"}]},{\"@type\":\"WebSite\",\"@id\":\"https:\/\/tourtravelandmore.com\/fr\/#website\",\"url\":\"https:\/\/tourtravelandmore.com\/fr\/\",\"name\":\"Tour Travel And More\",\"description\":\"Private sightseeing tours and luxury transfers in Spain\",\"publisher\":{\"@id\":\"https:\/\/tourtravelandmore.com\/fr\/#organization\"},\"potentialAction\":[{\"@type\":\"SearchAction\",\"target\":{\"@type\":\"EntryPoint\",\"urlTemplate\":\"https:\/\/tourtravelandmore.com\/fr\/?s={search_term_string}\"},\"query-input\":{\"@type\":\"PropertyValueSpecification\",\"valueRequired\":true,\"valueName\":\"search_term_string\"}}],\"inLanguage\":\"fr-FR\"},{\"@type\":\"Organization\",\"@id\":\"https:\/\/tourtravelandmore.com\/fr\/#organization\",\"name\":\"Tour Travel And More\",\"url\":\"https:\/\/tourtravelandmore.com\/fr\/\",\"logo\":{\"@type\":\"ImageObject\",\"inLanguage\":\"fr-FR\",\"@id\":\"https:\/\/tourtravelandmore.com\/fr\/#\/schema\/logo\/image\/\",\"url\":\"https:\/\/tourtravelandmore.com\/wp-content\/uploads\/2022\/12\/cropped-logo-cabecera-new.png\",\"contentUrl\":\"https:\/\/tourtravelandmore.com\/wp-content\/uploads\/2022\/12\/cropped-logo-cabecera-new.png\",\"width\":430,\"height\":61,\"caption\":\"Tour Travel And More\"},\"image\":{\"@id\":\"https:\/\/tourtravelandmore.com\/fr\/#\/schema\/logo\/image\/\"},\"sameAs\":[\"https:\/\/www.facebook.com\/tourtravelandmore\/\",\"https:\/\/x.com\/TourTravel_More\"]}]}<\/script>\n<!-- \/ Yoast SEO Premium plugin. -->","yoast_head_json":{"title":"\u27a1\ufe0fVisite priv\u00e9e de Stonehenge et Oxford au d\u00e9part de Londres | TT&M","description":"D\u00e9couvrez plus de 5 000 ans d'histoire lors d'une visite priv\u00e9e de Stonehenge et Oxford au d\u00e9part de Londres en compagnie de votre guide touristique | Tour Travel and More \u2705.","robots":{"index":"index","follow":"follow","max-snippet":"max-snippet:-1","max-image-preview":"max-image-preview:large","max-video-preview":"max-video-preview:-1"},"canonical":"https:\/\/tourtravelandmore.com\/fr\/tours\/royaume-uni-fr\/londres-fr\/toutes-les-visites-et-activites-privees-fr-2\/visite-privee-de-stonehenge-et-du-chateau-de-windsor-au-depart-de-londres-copy\/","og_locale":"fr_FR","og_type":"article","og_title":"Visite priv\u00e9e de Stonehenge et Oxford au d\u00e9part de Londres","og_description":"D\u00e9couvrez plus de 5 000 ans d'histoire lors d'une visite priv\u00e9e de Stonehenge et Oxford au d\u00e9part de Londres en compagnie de votre guide touristique | Tour Travel and More \u2705.","og_url":"https:\/\/tourtravelandmore.com\/fr\/tours\/royaume-uni-fr\/londres-fr\/toutes-les-visites-et-activites-privees-fr-2\/visite-privee-de-stonehenge-et-du-chateau-de-windsor-au-depart-de-londres-copy\/","og_site_name":"Tour Travel And More","article_publisher":"https:\/\/www.facebook.com\/tourtravelandmore\/","article_modified_time":"2024-04-09T12:55:42+00:00","og_image":[{"width":960,"height":720,"url":"https:\/\/tourtravelandmore.com\/wp-content\/uploads\/2024\/04\/oxford-534808_960_720.jpg","type":"image\/jpeg"}],"twitter_card":"summary_large_image","twitter_site":"@TourTravel_More","twitter_misc":{"Dur\u00e9e de lecture estim\u00e9e":"2 minutes"},"schema":{"@context":"https:\/\/schema.org","@graph":[{"@type":"WebPage","@id":"https:\/\/tourtravelandmore.com\/fr\/tours\/royaume-uni-fr\/londres-fr\/toutes-les-visites-et-activites-privees-fr-2\/visite-privee-de-stonehenge-et-du-chateau-de-windsor-au-depart-de-londres-copy\/","url":"https:\/\/tourtravelandmore.com\/fr\/tours\/royaume-uni-fr\/londres-fr\/toutes-les-visites-et-activites-privees-fr-2\/visite-privee-de-stonehenge-et-du-chateau-de-windsor-au-depart-de-londres-copy\/","name":"\u27a1\ufe0fVisite priv\u00e9e de Stonehenge et Oxford au d\u00e9part de Londres | TT&M","isPartOf":{"@id":"https:\/\/tourtravelandmore.com\/fr\/#website"},"primaryImageOfPage":{"@id":"https:\/\/tourtravelandmore.com\/fr\/tours\/royaume-uni-fr\/londres-fr\/toutes-les-visites-et-activites-privees-fr-2\/visite-privee-de-stonehenge-et-du-chateau-de-windsor-au-depart-de-londres-copy\/#primaryimage"},"image":{"@id":"https:\/\/tourtravelandmore.com\/fr\/tours\/royaume-uni-fr\/londres-fr\/toutes-les-visites-et-activites-privees-fr-2\/visite-privee-de-stonehenge-et-du-chateau-de-windsor-au-depart-de-londres-copy\/#primaryimage"},"thumbnailUrl":"https:\/\/tourtravelandmore.com\/wp-content\/uploads\/2024\/04\/oxford-534808_960_720.jpg","datePublished":"2024-04-09T12:37:26+00:00","dateModified":"2024-04-09T12:55:42+00:00","description":"D\u00e9couvrez plus de 5 000 ans d'histoire lors d'une visite priv\u00e9e de Stonehenge et Oxford au d\u00e9part de Londres en compagnie de votre guide touristique | Tour Travel and More \u2705.","breadcrumb":{"@id":"https:\/\/tourtravelandmore.com\/fr\/tours\/royaume-uni-fr\/londres-fr\/toutes-les-visites-et-activites-privees-fr-2\/visite-privee-de-stonehenge-et-du-chateau-de-windsor-au-depart-de-londres-copy\/#breadcrumb"},"inLanguage":"fr-FR","potentialAction":[{"@type":"ReadAction","target":["https:\/\/tourtravelandmore.com\/fr\/tours\/royaume-uni-fr\/londres-fr\/toutes-les-visites-et-activites-privees-fr-2\/visite-privee-de-stonehenge-et-du-chateau-de-windsor-au-depart-de-londres-copy\/"]}]},{"@type":"ImageObject","inLanguage":"fr-FR","@id":"https:\/\/tourtravelandmore.com\/fr\/tours\/royaume-uni-fr\/londres-fr\/toutes-les-visites-et-activites-privees-fr-2\/visite-privee-de-stonehenge-et-du-chateau-de-windsor-au-depart-de-londres-copy\/#primaryimage","url":"https:\/\/tourtravelandmore.com\/wp-content\/uploads\/2024\/04\/oxford-534808_960_720.jpg","contentUrl":"https:\/\/tourtravelandmore.com\/wp-content\/uploads\/2024\/04\/oxford-534808_960_720.jpg","width":960,"height":720},{"@type":"BreadcrumbList","@id":"https:\/\/tourtravelandmore.com\/fr\/tours\/royaume-uni-fr\/londres-fr\/toutes-les-visites-et-activites-privees-fr-2\/visite-privee-de-stonehenge-et-du-chateau-de-windsor-au-depart-de-londres-copy\/#breadcrumb","itemListElement":[{"@type":"ListItem","position":1,"name":"Home","item":"https:\/\/tourtravelandmore.com\/fr\/"},{"@type":"ListItem","position":2,"name":"Tours","item":"https:\/\/tourtravelandmore.com\/fr\/tours\/"},{"@type":"ListItem","position":3,"name":"Visite priv\u00e9e de Stonehenge et Oxford au d\u00e9part de Londres"}]},{"@type":"WebSite","@id":"https:\/\/tourtravelandmore.com\/fr\/#website","url":"https:\/\/tourtravelandmore.com\/fr\/","name":"Tour Travel And More","description":"Private sightseeing tours and luxury transfers in Spain","publisher":{"@id":"https:\/\/tourtravelandmore.com\/fr\/#organization"},"potentialAction":[{"@type":"SearchAction","target":{"@type":"EntryPoint","urlTemplate":"https:\/\/tourtravelandmore.com\/fr\/?s={search_term_string}"},"query-input":{"@type":"PropertyValueSpecification","valueRequired":true,"valueName":"search_term_string"}}],"inLanguage":"fr-FR"},{"@type":"Organization","@id":"https:\/\/tourtravelandmore.com\/fr\/#organization","name":"Tour Travel And More","url":"https:\/\/tourtravelandmore.com\/fr\/","logo":{"@type":"ImageObject","inLanguage":"fr-FR","@id":"https:\/\/tourtravelandmore.com\/fr\/#\/schema\/logo\/image\/","url":"https:\/\/tourtravelandmore.com\/wp-content\/uploads\/2022\/12\/cropped-logo-cabecera-new.png","contentUrl":"https:\/\/tourtravelandmore.com\/wp-content\/uploads\/2022\/12\/cropped-logo-cabecera-new.png","width":430,"height":61,"caption":"Tour Travel And More"},"image":{"@id":"https:\/\/tourtravelandmore.com\/fr\/#\/schema\/logo\/image\/"},"sameAs":["https:\/\/www.facebook.com\/tourtravelandmore\/","https:\/\/x.com\/TourTravel_More"]}]}},"_links":{"self":[{"href":"https:\/\/tourtravelandmore.com\/fr\/wp-json\/wp\/v2\/product\/174225","targetHints":{"allow":["GET"]}}],"collection":[{"href":"https:\/\/tourtravelandmore.com\/fr\/wp-json\/wp\/v2\/product"}],"about":[{"href":"https:\/\/tourtravelandmore.com\/fr\/wp-json\/wp\/v2\/types\/product"}],"replies":[{"embeddable":true,"href":"https:\/\/tourtravelandmore.com\/fr\/wp-json\/wp\/v2\/comments?post=174225"}],"wp:featuredmedia":[{"embeddable":true,"href":"https:\/\/tourtravelandmore.com\/fr\/wp-json\/wp\/v2\/media\/174243"}],"wp:attachment":[{"href":"https:\/\/tourtravelandmore.com\/fr\/wp-json\/wp\/v2\/media?parent=174225"}],"wp:term":[{"taxonomy":"product_brand","embeddable":true,"href":"https:\/\/tourtravelandmore.com\/fr\/wp-json\/wp\/v2\/product_brand?post=174225"},{"taxonomy":"product_cat","embeddable":true,"href":"https:\/\/tourtravelandmore.com\/fr\/wp-json\/wp\/v2\/product_cat?post=174225"},{"taxonomy":"product_tag","embeddable":true,"href":"https:\/\/tourtravelandmore.com\/fr\/wp-json\/wp\/v2\/product_tag?post=174225"}],"curies":[{"name":"wp","href":"https:\/\/api.w.org\/{rel}","templated":true}]}}