{"id":174009,"date":"2024-03-20T19:20:17","date_gmt":"2024-03-20T18:20:20","guid":{"rendered":"https:\/\/tourtravelandmore.com\/?post_type=product&#038;p=174009"},"modified":"2024-03-20T20:56:39","modified_gmt":"2024-03-20T19:56:39","slug":"visite-privee-avec-degustation-de-vins-au-depart-de-strasbourg-copy","status":"publish","type":"product","link":"https:\/\/tourtravelandmore.com\/fr\/tours\/france-fr\/strasbourg-fr\/visite-privee-avec-degustation-de-vins-au-depart-de-strasbourg-copy\/","title":{"rendered":"Transfert priv\u00e9 \u00e0 l&#8217;arriv\u00e9e ou au d\u00e9part de la gare de Strasbourg"},"content":{"rendered":"<h2>Description du service<\/h2>\n<p>Profitez d&#8217;un transfert priv\u00e9 \u00e0 l&#8217;arriv\u00e9e ou au d\u00e9part de la gare de Strasbourg sans tracas gr\u00e2ce \u00e0 notre service exclusif de Tour Travel &amp; More. Notre chauffeur professionnel vous accueillera sur le quai des arriv\u00e9es avec un panneau personnalis\u00e9 et vous conduira confortablement \u00e0 votre destination dans une voiture priv\u00e9e haut de gamme.<\/p>\n<p>Pendant le transfert, vous pouvez vous d\u00e9tendre et profiter du paysage pendant que notre chauffeur exp\u00e9riment\u00e9 navigue dans les rues de cette charmante ville. Que vous arriviez dans la ville pour un voyage d&#8217;affaires ou pour des vacances relaxantes, notre service de transfert priv\u00e9 vous assure un d\u00e9but ou une fin de voyage parfait.<\/p>\n<p>Dans le cas d&#8217;un transfert \u00e0 l&#8217;arriv\u00e9e, notre personnel vous attendra avec un panneau au terminal des arriv\u00e9es. Nos chauffeurs professionnels surveillent toujours l&#8217;heure exacte d&#8217;atterrissage des vols. Vous n&#8217;avez donc pas \u00e0 vous inqui\u00e9ter en cas de retard de votre train.<\/p>\n<h2>Points d&#8217;int\u00e9r\u00eat &#8211; Transfert priv\u00e9 \u00e0 l&#8217;arriv\u00e9e ou au d\u00e9part de la gare de Strasbourg<\/h2>\n<p>Nous venons vous chercher \u00e0 votre h\u00f4tel ou au lieu de votre choix \u00e0 Strasbourg. Depuis la gare jusqu&#8217;\u00e0 la porte de votre h\u00f4tel, sans tracas ni attente.<\/p>\n<p>Vous pouvez choisir l&#8217;heure du transfert en fonction de vos besoins, que ce soit pour une arriv\u00e9e \u00e0 l&#8217;heure ou un d\u00e9part sans stress. Notre service est disponible 24 heures sur 24 et 7 jours sur 7 pour s&#8217;adapter \u00e0 votre emploi du temps. Avec Tour Travel &amp; More, votre confort et votre satisfaction sont notre priorit\u00e9.<\/p>\n<p>En proposant un voyage aller simple, nous concentrons nos efforts pour assurer votre confort et votre satisfaction pendant cette \u00e9tape cruciale de votre voyage.<\/p>\n<p>Sur demande, nous pouvons organiser des services suppl\u00e9mentaires tels que des visites de la ville, des r\u00e9servations de restaurants ou des arrangements sp\u00e9ciaux pour des \u00e9v\u00e9nements ou des c\u00e9l\u00e9brations pendant votre s\u00e9jour \u00e0 Strasbourg.<\/p>\n<p>L&#8217;heure de d\u00e9part, la dur\u00e9e et l&#8217;itin\u00e9raire sont enti\u00e8rement adaptables \u00e0 vos d\u00e9sirs personnels. Vous pouvez voir toutes nos visites priv\u00e9es \u00e0 Strasbourg ici.<\/p>\n","protected":false},"excerpt":{"rendered":"<p>Profitez d&#8217;un transfert priv\u00e9 \u00e0 l&#8217;arriv\u00e9e ou au d\u00e9part de la gare de Strasbourg sans tracas gr\u00e2ce \u00e0 notre service exclusif de Tour Travel &amp; More. Notre chauffeur professionnel vous accueillera sur le quai des arriv\u00e9es avec un panneau personnalis\u00e9 et vous conduira confortablement \u00e0 votre destination dans une voiture priv\u00e9e haut de gamme.<\/p>\n","protected":false},"featured_media":173391,"comment_status":"open","ping_status":"closed","template":"","meta":{"_acf_changed":false},"product_brand":[],"product_cat":[5213,5216,5200],"product_tag":[],"class_list":{"0":"post-174009","1":"product","2":"type-product","3":"status-publish","4":"has-post-thumbnail","6":"product_cat-all-private-tours-fr-2","7":"product_cat-private-sightseeing-tours-fr-36","8":"product_cat-strasbourg-fr","10":"first","11":"instock","12":"shipping-taxable","13":"purchasable","14":"product-type-simple"},"acf":[],"yoast_head":"<!-- This site is optimized with the Yoast SEO Premium plugin v25.3.1 (Yoast SEO v25.3.1) - https:\/\/yoast.com\/wordpress\/plugins\/seo\/ -->\n<title>\u27a1\ufe0fTransfert priv\u00e9 \u00e0 l&#039;arriv\u00e9e ou au d\u00e9part de la gare de Strasbourg - TTM<\/title>\n<meta name=\"description\" content=\"Transfert priv\u00e9 \u00e0 l&#039;arriv\u00e9e ou au d\u00e9part de la gare de Strasbourg. D\u00e9couvrez cette belle r\u00e9gion aux c\u00f4t\u00e9s de votre v\u00e9hicule priv\u00e9 avec chauffeur ! \u2705\" \/>\n<meta name=\"robots\" content=\"index, follow, max-snippet:-1, max-image-preview:large, max-video-preview:-1\" \/>\n<link rel=\"canonical\" href=\"https:\/\/tourtravelandmore.com\/fr\/tours\/france-fr\/strasbourg-fr\/visite-privee-avec-degustation-de-vins-au-depart-de-strasbourg-copy\/\" \/>\n<meta property=\"og:locale\" content=\"fr_FR\" \/>\n<meta property=\"og:type\" content=\"article\" \/>\n<meta property=\"og:title\" content=\"Transfert priv\u00e9 \u00e0 l&#039;arriv\u00e9e ou au d\u00e9part de la gare de Strasbourg\" \/>\n<meta property=\"og:description\" content=\"Transfert priv\u00e9 \u00e0 l&#039;arriv\u00e9e ou au d\u00e9part de la gare de Strasbourg. D\u00e9couvrez cette belle r\u00e9gion aux c\u00f4t\u00e9s de votre v\u00e9hicule priv\u00e9 avec chauffeur ! \u2705\" \/>\n<meta property=\"og:url\" content=\"https:\/\/tourtravelandmore.com\/fr\/tours\/france-fr\/strasbourg-fr\/visite-privee-avec-degustation-de-vins-au-depart-de-strasbourg-copy\/\" \/>\n<meta property=\"og:site_name\" content=\"Tour Travel And More\" \/>\n<meta property=\"article:publisher\" content=\"https:\/\/www.facebook.com\/tourtravelandmore\/\" \/>\n<meta property=\"article:modified_time\" content=\"2024-03-20T19:56:39+00:00\" \/>\n<meta property=\"og:image\" content=\"https:\/\/tourtravelandmore.com\/wp-content\/uploads\/2024\/03\/SABACARSHPAIR-2.jpg\" \/>\n\t<meta property=\"og:image:width\" content=\"1848\" \/>\n\t<meta property=\"og:image:height\" content=\"1120\" \/>\n\t<meta property=\"og:image:type\" content=\"image\/jpeg\" \/>\n<meta name=\"twitter:card\" content=\"summary_large_image\" \/>\n<meta name=\"twitter:site\" content=\"@TourTravel_More\" \/>\n<meta name=\"twitter:label1\" content=\"Dur\u00e9e de lecture estim\u00e9e\" \/>\n\t<meta name=\"twitter:data1\" content=\"2 minutes\" \/>\n<script type=\"application\/ld+json\" class=\"yoast-schema-graph\">{\"@context\":\"https:\/\/schema.org\",\"@graph\":[{\"@type\":\"WebPage\",\"@id\":\"https:\/\/tourtravelandmore.com\/fr\/tours\/france-fr\/strasbourg-fr\/visite-privee-avec-degustation-de-vins-au-depart-de-strasbourg-copy\/\",\"url\":\"https:\/\/tourtravelandmore.com\/fr\/tours\/france-fr\/strasbourg-fr\/visite-privee-avec-degustation-de-vins-au-depart-de-strasbourg-copy\/\",\"name\":\"\u27a1\ufe0fTransfert priv\u00e9 \u00e0 l'arriv\u00e9e ou au d\u00e9part de la gare de Strasbourg - TTM\",\"isPartOf\":{\"@id\":\"https:\/\/tourtravelandmore.com\/fr\/#website\"},\"primaryImageOfPage\":{\"@id\":\"https:\/\/tourtravelandmore.com\/fr\/tours\/france-fr\/strasbourg-fr\/visite-privee-avec-degustation-de-vins-au-depart-de-strasbourg-copy\/#primaryimage\"},\"image\":{\"@id\":\"https:\/\/tourtravelandmore.com\/fr\/tours\/france-fr\/strasbourg-fr\/visite-privee-avec-degustation-de-vins-au-depart-de-strasbourg-copy\/#primaryimage\"},\"thumbnailUrl\":\"https:\/\/tourtravelandmore.com\/wp-content\/uploads\/2024\/03\/private-hire-1920x960-1.jpg\",\"datePublished\":\"2024-03-20T18:20:20+00:00\",\"dateModified\":\"2024-03-20T19:56:39+00:00\",\"description\":\"Transfert priv\u00e9 \u00e0 l'arriv\u00e9e ou au d\u00e9part de la gare de Strasbourg. D\u00e9couvrez cette belle r\u00e9gion aux c\u00f4t\u00e9s de votre v\u00e9hicule priv\u00e9 avec chauffeur ! \u2705\",\"breadcrumb\":{\"@id\":\"https:\/\/tourtravelandmore.com\/fr\/tours\/france-fr\/strasbourg-fr\/visite-privee-avec-degustation-de-vins-au-depart-de-strasbourg-copy\/#breadcrumb\"},\"inLanguage\":\"fr-FR\",\"potentialAction\":[{\"@type\":\"ReadAction\",\"target\":[\"https:\/\/tourtravelandmore.com\/fr\/tours\/france-fr\/strasbourg-fr\/visite-privee-avec-degustation-de-vins-au-depart-de-strasbourg-copy\/\"]}]},{\"@type\":\"ImageObject\",\"inLanguage\":\"fr-FR\",\"@id\":\"https:\/\/tourtravelandmore.com\/fr\/tours\/france-fr\/strasbourg-fr\/visite-privee-avec-degustation-de-vins-au-depart-de-strasbourg-copy\/#primaryimage\",\"url\":\"https:\/\/tourtravelandmore.com\/wp-content\/uploads\/2024\/03\/private-hire-1920x960-1.jpg\",\"contentUrl\":\"https:\/\/tourtravelandmore.com\/wp-content\/uploads\/2024\/03\/private-hire-1920x960-1.jpg\",\"width\":1920,\"height\":960},{\"@type\":\"BreadcrumbList\",\"@id\":\"https:\/\/tourtravelandmore.com\/fr\/tours\/france-fr\/strasbourg-fr\/visite-privee-avec-degustation-de-vins-au-depart-de-strasbourg-copy\/#breadcrumb\",\"itemListElement\":[{\"@type\":\"ListItem\",\"position\":1,\"name\":\"Home\",\"item\":\"https:\/\/tourtravelandmore.com\/fr\/\"},{\"@type\":\"ListItem\",\"position\":2,\"name\":\"Tours\",\"item\":\"https:\/\/tourtravelandmore.com\/fr\/tours\/\"},{\"@type\":\"ListItem\",\"position\":3,\"name\":\"Transfert priv\u00e9 \u00e0 l&#8217;arriv\u00e9e ou au d\u00e9part de la gare de Strasbourg\"}]},{\"@type\":\"WebSite\",\"@id\":\"https:\/\/tourtravelandmore.com\/fr\/#website\",\"url\":\"https:\/\/tourtravelandmore.com\/fr\/\",\"name\":\"Tour Travel And More\",\"description\":\"Private sightseeing tours and luxury transfers in Spain\",\"publisher\":{\"@id\":\"https:\/\/tourtravelandmore.com\/fr\/#organization\"},\"potentialAction\":[{\"@type\":\"SearchAction\",\"target\":{\"@type\":\"EntryPoint\",\"urlTemplate\":\"https:\/\/tourtravelandmore.com\/fr\/?s={search_term_string}\"},\"query-input\":{\"@type\":\"PropertyValueSpecification\",\"valueRequired\":true,\"valueName\":\"search_term_string\"}}],\"inLanguage\":\"fr-FR\"},{\"@type\":\"Organization\",\"@id\":\"https:\/\/tourtravelandmore.com\/fr\/#organization\",\"name\":\"Tour Travel And More\",\"url\":\"https:\/\/tourtravelandmore.com\/fr\/\",\"logo\":{\"@type\":\"ImageObject\",\"inLanguage\":\"fr-FR\",\"@id\":\"https:\/\/tourtravelandmore.com\/fr\/#\/schema\/logo\/image\/\",\"url\":\"https:\/\/tourtravelandmore.com\/wp-content\/uploads\/2022\/12\/cropped-logo-cabecera-new.png\",\"contentUrl\":\"https:\/\/tourtravelandmore.com\/wp-content\/uploads\/2022\/12\/cropped-logo-cabecera-new.png\",\"width\":430,\"height\":61,\"caption\":\"Tour Travel And More\"},\"image\":{\"@id\":\"https:\/\/tourtravelandmore.com\/fr\/#\/schema\/logo\/image\/\"},\"sameAs\":[\"https:\/\/www.facebook.com\/tourtravelandmore\/\",\"https:\/\/x.com\/TourTravel_More\"]}]}<\/script>\n<!-- \/ Yoast SEO Premium plugin. -->","yoast_head_json":{"title":"\u27a1\ufe0fTransfert priv\u00e9 \u00e0 l'arriv\u00e9e ou au d\u00e9part de la gare de Strasbourg - TTM","description":"Transfert priv\u00e9 \u00e0 l'arriv\u00e9e ou au d\u00e9part de la gare de Strasbourg. D\u00e9couvrez cette belle r\u00e9gion aux c\u00f4t\u00e9s de votre v\u00e9hicule priv\u00e9 avec chauffeur ! \u2705","robots":{"index":"index","follow":"follow","max-snippet":"max-snippet:-1","max-image-preview":"max-image-preview:large","max-video-preview":"max-video-preview:-1"},"canonical":"https:\/\/tourtravelandmore.com\/fr\/tours\/france-fr\/strasbourg-fr\/visite-privee-avec-degustation-de-vins-au-depart-de-strasbourg-copy\/","og_locale":"fr_FR","og_type":"article","og_title":"Transfert priv\u00e9 \u00e0 l'arriv\u00e9e ou au d\u00e9part de la gare de Strasbourg","og_description":"Transfert priv\u00e9 \u00e0 l'arriv\u00e9e ou au d\u00e9part de la gare de Strasbourg. D\u00e9couvrez cette belle r\u00e9gion aux c\u00f4t\u00e9s de votre v\u00e9hicule priv\u00e9 avec chauffeur ! \u2705","og_url":"https:\/\/tourtravelandmore.com\/fr\/tours\/france-fr\/strasbourg-fr\/visite-privee-avec-degustation-de-vins-au-depart-de-strasbourg-copy\/","og_site_name":"Tour Travel And More","article_publisher":"https:\/\/www.facebook.com\/tourtravelandmore\/","article_modified_time":"2024-03-20T19:56:39+00:00","og_image":[{"width":1848,"height":1120,"url":"https:\/\/tourtravelandmore.com\/wp-content\/uploads\/2024\/03\/SABACARSHPAIR-2.jpg","type":"image\/jpeg"}],"twitter_card":"summary_large_image","twitter_site":"@TourTravel_More","twitter_misc":{"Dur\u00e9e de lecture estim\u00e9e":"2 minutes"},"schema":{"@context":"https:\/\/schema.org","@graph":[{"@type":"WebPage","@id":"https:\/\/tourtravelandmore.com\/fr\/tours\/france-fr\/strasbourg-fr\/visite-privee-avec-degustation-de-vins-au-depart-de-strasbourg-copy\/","url":"https:\/\/tourtravelandmore.com\/fr\/tours\/france-fr\/strasbourg-fr\/visite-privee-avec-degustation-de-vins-au-depart-de-strasbourg-copy\/","name":"\u27a1\ufe0fTransfert priv\u00e9 \u00e0 l'arriv\u00e9e ou au d\u00e9part de la gare de Strasbourg - TTM","isPartOf":{"@id":"https:\/\/tourtravelandmore.com\/fr\/#website"},"primaryImageOfPage":{"@id":"https:\/\/tourtravelandmore.com\/fr\/tours\/france-fr\/strasbourg-fr\/visite-privee-avec-degustation-de-vins-au-depart-de-strasbourg-copy\/#primaryimage"},"image":{"@id":"https:\/\/tourtravelandmore.com\/fr\/tours\/france-fr\/strasbourg-fr\/visite-privee-avec-degustation-de-vins-au-depart-de-strasbourg-copy\/#primaryimage"},"thumbnailUrl":"https:\/\/tourtravelandmore.com\/wp-content\/uploads\/2024\/03\/private-hire-1920x960-1.jpg","datePublished":"2024-03-20T18:20:20+00:00","dateModified":"2024-03-20T19:56:39+00:00","description":"Transfert priv\u00e9 \u00e0 l'arriv\u00e9e ou au d\u00e9part de la gare de Strasbourg. D\u00e9couvrez cette belle r\u00e9gion aux c\u00f4t\u00e9s de votre v\u00e9hicule priv\u00e9 avec chauffeur ! \u2705","breadcrumb":{"@id":"https:\/\/tourtravelandmore.com\/fr\/tours\/france-fr\/strasbourg-fr\/visite-privee-avec-degustation-de-vins-au-depart-de-strasbourg-copy\/#breadcrumb"},"inLanguage":"fr-FR","potentialAction":[{"@type":"ReadAction","target":["https:\/\/tourtravelandmore.com\/fr\/tours\/france-fr\/strasbourg-fr\/visite-privee-avec-degustation-de-vins-au-depart-de-strasbourg-copy\/"]}]},{"@type":"ImageObject","inLanguage":"fr-FR","@id":"https:\/\/tourtravelandmore.com\/fr\/tours\/france-fr\/strasbourg-fr\/visite-privee-avec-degustation-de-vins-au-depart-de-strasbourg-copy\/#primaryimage","url":"https:\/\/tourtravelandmore.com\/wp-content\/uploads\/2024\/03\/private-hire-1920x960-1.jpg","contentUrl":"https:\/\/tourtravelandmore.com\/wp-content\/uploads\/2024\/03\/private-hire-1920x960-1.jpg","width":1920,"height":960},{"@type":"BreadcrumbList","@id":"https:\/\/tourtravelandmore.com\/fr\/tours\/france-fr\/strasbourg-fr\/visite-privee-avec-degustation-de-vins-au-depart-de-strasbourg-copy\/#breadcrumb","itemListElement":[{"@type":"ListItem","position":1,"name":"Home","item":"https:\/\/tourtravelandmore.com\/fr\/"},{"@type":"ListItem","position":2,"name":"Tours","item":"https:\/\/tourtravelandmore.com\/fr\/tours\/"},{"@type":"ListItem","position":3,"name":"Transfert priv\u00e9 \u00e0 l&#8217;arriv\u00e9e ou au d\u00e9part de la gare de Strasbourg"}]},{"@type":"WebSite","@id":"https:\/\/tourtravelandmore.com\/fr\/#website","url":"https:\/\/tourtravelandmore.com\/fr\/","name":"Tour Travel And More","description":"Private sightseeing tours and luxury transfers in Spain","publisher":{"@id":"https:\/\/tourtravelandmore.com\/fr\/#organization"},"potentialAction":[{"@type":"SearchAction","target":{"@type":"EntryPoint","urlTemplate":"https:\/\/tourtravelandmore.com\/fr\/?s={search_term_string}"},"query-input":{"@type":"PropertyValueSpecification","valueRequired":true,"valueName":"search_term_string"}}],"inLanguage":"fr-FR"},{"@type":"Organization","@id":"https:\/\/tourtravelandmore.com\/fr\/#organization","name":"Tour Travel And More","url":"https:\/\/tourtravelandmore.com\/fr\/","logo":{"@type":"ImageObject","inLanguage":"fr-FR","@id":"https:\/\/tourtravelandmore.com\/fr\/#\/schema\/logo\/image\/","url":"https:\/\/tourtravelandmore.com\/wp-content\/uploads\/2022\/12\/cropped-logo-cabecera-new.png","contentUrl":"https:\/\/tourtravelandmore.com\/wp-content\/uploads\/2022\/12\/cropped-logo-cabecera-new.png","width":430,"height":61,"caption":"Tour Travel And More"},"image":{"@id":"https:\/\/tourtravelandmore.com\/fr\/#\/schema\/logo\/image\/"},"sameAs":["https:\/\/www.facebook.com\/tourtravelandmore\/","https:\/\/x.com\/TourTravel_More"]}]}},"_links":{"self":[{"href":"https:\/\/tourtravelandmore.com\/fr\/wp-json\/wp\/v2\/product\/174009","targetHints":{"allow":["GET"]}}],"collection":[{"href":"https:\/\/tourtravelandmore.com\/fr\/wp-json\/wp\/v2\/product"}],"about":[{"href":"https:\/\/tourtravelandmore.com\/fr\/wp-json\/wp\/v2\/types\/product"}],"replies":[{"embeddable":true,"href":"https:\/\/tourtravelandmore.com\/fr\/wp-json\/wp\/v2\/comments?post=174009"}],"wp:featuredmedia":[{"embeddable":true,"href":"https:\/\/tourtravelandmore.com\/fr\/wp-json\/wp\/v2\/media\/173391"}],"wp:attachment":[{"href":"https:\/\/tourtravelandmore.com\/fr\/wp-json\/wp\/v2\/media?parent=174009"}],"wp:term":[{"taxonomy":"product_brand","embeddable":true,"href":"https:\/\/tourtravelandmore.com\/fr\/wp-json\/wp\/v2\/product_brand?post=174009"},{"taxonomy":"product_cat","embeddable":true,"href":"https:\/\/tourtravelandmore.com\/fr\/wp-json\/wp\/v2\/product_cat?post=174009"},{"taxonomy":"product_tag","embeddable":true,"href":"https:\/\/tourtravelandmore.com\/fr\/wp-json\/wp\/v2\/product_tag?post=174009"}],"curies":[{"name":"wp","href":"https:\/\/api.w.org\/{rel}","templated":true}]}}