{"id":173983,"date":"2024-03-20T18:38:52","date_gmt":"2024-03-20T17:38:55","guid":{"rendered":"https:\/\/tourtravelandmore.com\/?post_type=product&#038;p=173983"},"modified":"2024-03-20T19:19:04","modified_gmt":"2024-03-20T18:19:04","slug":"visite-prive-de-la-region-alsace-au-depart-de-strasbourg-copy","status":"publish","type":"product","link":"https:\/\/tourtravelandmore.com\/fr\/tours\/france-fr\/strasbourg-fr\/visite-prive-de-la-region-alsace-au-depart-de-strasbourg-copy\/","title":{"rendered":"Visite priv\u00e9e avec d\u00e9gustation de vins au d\u00e9part de Strasbourg"},"content":{"rendered":"<h2>Description de ce service<\/h2>\n<p>Embarquez pour un voyage exclusif \u00e0 travers les vignobles pittoresques de la r\u00e9gion de l&#8217;Alsace avec l&#8217;excursion priv\u00e9e d&#8217;une demi-journ\u00e9e de d\u00e9gustation de vins de Tour Travel &amp; More au d\u00e9part de Strasbourg. Profitez d&#8217;une exp\u00e9rience personnalis\u00e9e en explorant de charmants domaines viticoles et en savourant d&#8217;exquis vins locaux.<\/p>\n<p>Visitez deux vignobles prestigieux et participez \u00e0 des d\u00e9gustations guid\u00e9es en petits groupes. D\u00e9couvrez les traditions viticoles de la r\u00e9gion et d\u00e9gustez une vari\u00e9t\u00e9 de vins de qualit\u00e9.<\/p>\n<p>Tous nos circuits sont priv\u00e9s et personnalisables en fonction des int\u00e9r\u00eats de nos clients. Nos experts en voyage vous aideront \u00e0 organiser une exp\u00e9rience unique et sur mesure. L&#8217;ensemble du circuit sera organis\u00e9 en fonction de vos d\u00e9sirs personnels.<\/p>\n<p>Avec un chauffeur et un moyen de transport d\u00e9di\u00e9s, immergez-vous dans les riches saveurs et l&#8217;h\u00e9ritage culturel de cette r\u00e9gion viticole renomm\u00e9e. Profitez du confort d&#8217;une voiture priv\u00e9e pendant 5 heures, pour une exp\u00e9rience de voyage fluide et d\u00e9tendue.<\/p>\n<h2>Points d&#8217;int\u00e9r\u00eat<\/h2>\n<p>Nous viendrons vous chercher \u00e0 votre h\u00f4tel ou au lieu de votre choix \u00e0 Strasbourg. D\u00e9part pour la premi\u00e8re cave \u00e0 Traenheim, un charmant village connu pour ses vignobles.<\/p>\n<p>En r\u00e8gle g\u00e9n\u00e9rale, nos visites de d\u00e9gustation de vins dans la r\u00e9gion de Colmar sont m\u00e9ticuleusement planifi\u00e9es. Cependant, nous reconnaissons \u00e9galement le savoir-faire exceptionnel des viticulteurs situ\u00e9s &#8220;au nord&#8221;, pr\u00e8s de Strasbourg. Par exemple, nous recommandons vivement la visite de domaines estim\u00e9s tels que Fr\u00e9d\u00e9ric Mochel \u00e0 Traenheim et M\u00e9lanie Pfister \u00e0 Dahlenheim.<\/p>\n<p>En Alsace, de nombreux viticulteurs sont des entreprises familiales, ce qui ajoute une touche personnelle \u00e0 l&#8217;exp\u00e9rience de la d\u00e9gustation. Bien qu&#8217;il puisse arriver que les membres de la famille ne soient pas disponibles pour nous accueillir, soyez assur\u00e9s que nous avons d&#8217;autres contacts avec des vignerons tout aussi r\u00e9put\u00e9s pour garantir \u00e0 nos invit\u00e9s une visite des plus agr\u00e9ables. Notre objectif premier reste de proposer une visite viticole m\u00e9morable, et nos clients se d\u00e9clarent toujours satisfaits de l&#8217;exp\u00e9rience exceptionnelle que nous leur offrons.<\/p>\n<p>Apr\u00e8s votre visite, retournez \u00e0 Strasbourg avec de bons souvenirs de votre aventure de d\u00e9gustation de vins en Alsace. Votre chauffeur vous d\u00e9posera \u00e0 votre h\u00f4tel ou \u00e0 l&#8217;endroit de votre choix, concluant ainsi l&#8217;excursion.<\/p>\n<p>L&#8217;heure de d\u00e9part, la dur\u00e9e et l&#8217;itin\u00e9raire sont enti\u00e8rement adaptables \u00e0 vos d\u00e9sirs personnels. <a href=\"https:\/\/tourtravelandmore.com\/es\/ciudad\/francia\/estrasburgo\/\">Vous pouvez voir toutes nos visites priv\u00e9es \u00e0 Strasbourg ici.<\/a><\/p>\n","protected":false},"excerpt":{"rendered":"<p>Embarquez pour un voyage exclusif \u00e0 travers les vignobles pittoresques de la r\u00e9gion de l&#8217;Alsace avec l&#8217;excursion priv\u00e9e d&#8217;une demi-journ\u00e9e de d\u00e9gustation de vins de Tour Travel &amp; More au d\u00e9part de Strasbourg. Profitez d&#8217;une exp\u00e9rience personnalis\u00e9e en explorant de charmants domaines viticoles et en savourant d&#8217;exquis vins locaux.<\/p>\n","protected":false},"featured_media":173993,"comment_status":"open","ping_status":"closed","template":"","meta":{"_acf_changed":false},"product_brand":[],"product_cat":[5213,5216,5200],"product_tag":[],"class_list":{"0":"post-173983","1":"product","2":"type-product","3":"status-publish","4":"has-post-thumbnail","6":"product_cat-all-private-tours-fr-2","7":"product_cat-private-sightseeing-tours-fr-36","8":"product_cat-strasbourg-fr","10":"first","11":"instock","12":"shipping-taxable","13":"purchasable","14":"product-type-simple"},"acf":[],"yoast_head":"<!-- This site is optimized with the Yoast SEO Premium plugin v25.3.1 (Yoast SEO v25.3.1) - https:\/\/yoast.com\/wordpress\/plugins\/seo\/ -->\n<title>\u27a1\ufe0fVisite priv\u00e9e avec d\u00e9gustation de vins au d\u00e9part de Strasbourg - TTM<\/title>\n<meta name=\"description\" content=\"Excursion priv\u00e9e d&#039;une demi-journ\u00e9e pour d\u00e9guster des vins au d\u00e9part de Strasbourg. D\u00e9couvrez cette belle r\u00e9gion aux c\u00f4t\u00e9s de votre v\u00e9hicule priv\u00e9 avec chauffeur ! \u2705\" \/>\n<meta name=\"robots\" content=\"index, follow, max-snippet:-1, max-image-preview:large, max-video-preview:-1\" \/>\n<link rel=\"canonical\" href=\"https:\/\/tourtravelandmore.com\/fr\/tours\/france-fr\/strasbourg-fr\/visite-prive-de-la-region-alsace-au-depart-de-strasbourg-copy\/\" \/>\n<meta property=\"og:locale\" content=\"fr_FR\" \/>\n<meta property=\"og:type\" content=\"article\" \/>\n<meta property=\"og:title\" content=\"Visite priv\u00e9e avec d\u00e9gustation de vins au d\u00e9part de Strasbourg\" \/>\n<meta property=\"og:description\" content=\"Excursion priv\u00e9e d&#039;une demi-journ\u00e9e pour d\u00e9guster des vins au d\u00e9part de Strasbourg. D\u00e9couvrez cette belle r\u00e9gion aux c\u00f4t\u00e9s de votre v\u00e9hicule priv\u00e9 avec chauffeur ! \u2705\" \/>\n<meta property=\"og:url\" content=\"https:\/\/tourtravelandmore.com\/fr\/tours\/france-fr\/strasbourg-fr\/visite-prive-de-la-region-alsace-au-depart-de-strasbourg-copy\/\" \/>\n<meta property=\"og:site_name\" content=\"Tour Travel And More\" \/>\n<meta property=\"article:publisher\" content=\"https:\/\/www.facebook.com\/tourtravelandmore\/\" \/>\n<meta property=\"article:modified_time\" content=\"2024-03-20T18:19:04+00:00\" \/>\n<meta property=\"og:image\" content=\"https:\/\/tourtravelandmore.com\/wp-content\/uploads\/2024\/03\/grapes-2656259_1280.jpg\" \/>\n\t<meta property=\"og:image:width\" content=\"1280\" \/>\n\t<meta property=\"og:image:height\" content=\"853\" \/>\n\t<meta property=\"og:image:type\" content=\"image\/jpeg\" \/>\n<meta name=\"twitter:card\" content=\"summary_large_image\" \/>\n<meta name=\"twitter:site\" content=\"@TourTravel_More\" \/>\n<meta name=\"twitter:label1\" content=\"Dur\u00e9e de lecture estim\u00e9e\" \/>\n\t<meta name=\"twitter:data1\" content=\"2 minutes\" \/>\n<script type=\"application\/ld+json\" class=\"yoast-schema-graph\">{\"@context\":\"https:\/\/schema.org\",\"@graph\":[{\"@type\":\"WebPage\",\"@id\":\"https:\/\/tourtravelandmore.com\/fr\/tours\/france-fr\/strasbourg-fr\/visite-prive-de-la-region-alsace-au-depart-de-strasbourg-copy\/\",\"url\":\"https:\/\/tourtravelandmore.com\/fr\/tours\/france-fr\/strasbourg-fr\/visite-prive-de-la-region-alsace-au-depart-de-strasbourg-copy\/\",\"name\":\"\u27a1\ufe0fVisite priv\u00e9e avec d\u00e9gustation de vins au d\u00e9part de Strasbourg - TTM\",\"isPartOf\":{\"@id\":\"https:\/\/tourtravelandmore.com\/fr\/#website\"},\"primaryImageOfPage\":{\"@id\":\"https:\/\/tourtravelandmore.com\/fr\/tours\/france-fr\/strasbourg-fr\/visite-prive-de-la-region-alsace-au-depart-de-strasbourg-copy\/#primaryimage\"},\"image\":{\"@id\":\"https:\/\/tourtravelandmore.com\/fr\/tours\/france-fr\/strasbourg-fr\/visite-prive-de-la-region-alsace-au-depart-de-strasbourg-copy\/#primaryimage\"},\"thumbnailUrl\":\"https:\/\/tourtravelandmore.com\/wp-content\/uploads\/2024\/03\/grapes-2656259_1280.jpg\",\"datePublished\":\"2024-03-20T17:38:55+00:00\",\"dateModified\":\"2024-03-20T18:19:04+00:00\",\"description\":\"Excursion priv\u00e9e d'une demi-journ\u00e9e pour d\u00e9guster des vins au d\u00e9part de Strasbourg. D\u00e9couvrez cette belle r\u00e9gion aux c\u00f4t\u00e9s de votre v\u00e9hicule priv\u00e9 avec chauffeur ! \u2705\",\"breadcrumb\":{\"@id\":\"https:\/\/tourtravelandmore.com\/fr\/tours\/france-fr\/strasbourg-fr\/visite-prive-de-la-region-alsace-au-depart-de-strasbourg-copy\/#breadcrumb\"},\"inLanguage\":\"fr-FR\",\"potentialAction\":[{\"@type\":\"ReadAction\",\"target\":[\"https:\/\/tourtravelandmore.com\/fr\/tours\/france-fr\/strasbourg-fr\/visite-prive-de-la-region-alsace-au-depart-de-strasbourg-copy\/\"]}]},{\"@type\":\"ImageObject\",\"inLanguage\":\"fr-FR\",\"@id\":\"https:\/\/tourtravelandmore.com\/fr\/tours\/france-fr\/strasbourg-fr\/visite-prive-de-la-region-alsace-au-depart-de-strasbourg-copy\/#primaryimage\",\"url\":\"https:\/\/tourtravelandmore.com\/wp-content\/uploads\/2024\/03\/grapes-2656259_1280.jpg\",\"contentUrl\":\"https:\/\/tourtravelandmore.com\/wp-content\/uploads\/2024\/03\/grapes-2656259_1280.jpg\",\"width\":1280,\"height\":853},{\"@type\":\"BreadcrumbList\",\"@id\":\"https:\/\/tourtravelandmore.com\/fr\/tours\/france-fr\/strasbourg-fr\/visite-prive-de-la-region-alsace-au-depart-de-strasbourg-copy\/#breadcrumb\",\"itemListElement\":[{\"@type\":\"ListItem\",\"position\":1,\"name\":\"Home\",\"item\":\"https:\/\/tourtravelandmore.com\/fr\/\"},{\"@type\":\"ListItem\",\"position\":2,\"name\":\"Tours\",\"item\":\"https:\/\/tourtravelandmore.com\/fr\/tours\/\"},{\"@type\":\"ListItem\",\"position\":3,\"name\":\"Visite priv\u00e9e avec d\u00e9gustation de vins au d\u00e9part de Strasbourg\"}]},{\"@type\":\"WebSite\",\"@id\":\"https:\/\/tourtravelandmore.com\/fr\/#website\",\"url\":\"https:\/\/tourtravelandmore.com\/fr\/\",\"name\":\"Tour Travel And More\",\"description\":\"Private sightseeing tours and luxury transfers in Spain\",\"publisher\":{\"@id\":\"https:\/\/tourtravelandmore.com\/fr\/#organization\"},\"potentialAction\":[{\"@type\":\"SearchAction\",\"target\":{\"@type\":\"EntryPoint\",\"urlTemplate\":\"https:\/\/tourtravelandmore.com\/fr\/?s={search_term_string}\"},\"query-input\":{\"@type\":\"PropertyValueSpecification\",\"valueRequired\":true,\"valueName\":\"search_term_string\"}}],\"inLanguage\":\"fr-FR\"},{\"@type\":\"Organization\",\"@id\":\"https:\/\/tourtravelandmore.com\/fr\/#organization\",\"name\":\"Tour Travel And More\",\"url\":\"https:\/\/tourtravelandmore.com\/fr\/\",\"logo\":{\"@type\":\"ImageObject\",\"inLanguage\":\"fr-FR\",\"@id\":\"https:\/\/tourtravelandmore.com\/fr\/#\/schema\/logo\/image\/\",\"url\":\"https:\/\/tourtravelandmore.com\/wp-content\/uploads\/2022\/12\/cropped-logo-cabecera-new.png\",\"contentUrl\":\"https:\/\/tourtravelandmore.com\/wp-content\/uploads\/2022\/12\/cropped-logo-cabecera-new.png\",\"width\":430,\"height\":61,\"caption\":\"Tour Travel And More\"},\"image\":{\"@id\":\"https:\/\/tourtravelandmore.com\/fr\/#\/schema\/logo\/image\/\"},\"sameAs\":[\"https:\/\/www.facebook.com\/tourtravelandmore\/\",\"https:\/\/x.com\/TourTravel_More\"]}]}<\/script>\n<!-- \/ Yoast SEO Premium plugin. -->","yoast_head_json":{"title":"\u27a1\ufe0fVisite priv\u00e9e avec d\u00e9gustation de vins au d\u00e9part de Strasbourg - TTM","description":"Excursion priv\u00e9e d'une demi-journ\u00e9e pour d\u00e9guster des vins au d\u00e9part de Strasbourg. D\u00e9couvrez cette belle r\u00e9gion aux c\u00f4t\u00e9s de votre v\u00e9hicule priv\u00e9 avec chauffeur ! \u2705","robots":{"index":"index","follow":"follow","max-snippet":"max-snippet:-1","max-image-preview":"max-image-preview:large","max-video-preview":"max-video-preview:-1"},"canonical":"https:\/\/tourtravelandmore.com\/fr\/tours\/france-fr\/strasbourg-fr\/visite-prive-de-la-region-alsace-au-depart-de-strasbourg-copy\/","og_locale":"fr_FR","og_type":"article","og_title":"Visite priv\u00e9e avec d\u00e9gustation de vins au d\u00e9part de Strasbourg","og_description":"Excursion priv\u00e9e d'une demi-journ\u00e9e pour d\u00e9guster des vins au d\u00e9part de Strasbourg. D\u00e9couvrez cette belle r\u00e9gion aux c\u00f4t\u00e9s de votre v\u00e9hicule priv\u00e9 avec chauffeur ! \u2705","og_url":"https:\/\/tourtravelandmore.com\/fr\/tours\/france-fr\/strasbourg-fr\/visite-prive-de-la-region-alsace-au-depart-de-strasbourg-copy\/","og_site_name":"Tour Travel And More","article_publisher":"https:\/\/www.facebook.com\/tourtravelandmore\/","article_modified_time":"2024-03-20T18:19:04+00:00","og_image":[{"width":1280,"height":853,"url":"https:\/\/tourtravelandmore.com\/wp-content\/uploads\/2024\/03\/grapes-2656259_1280.jpg","type":"image\/jpeg"}],"twitter_card":"summary_large_image","twitter_site":"@TourTravel_More","twitter_misc":{"Dur\u00e9e de lecture estim\u00e9e":"2 minutes"},"schema":{"@context":"https:\/\/schema.org","@graph":[{"@type":"WebPage","@id":"https:\/\/tourtravelandmore.com\/fr\/tours\/france-fr\/strasbourg-fr\/visite-prive-de-la-region-alsace-au-depart-de-strasbourg-copy\/","url":"https:\/\/tourtravelandmore.com\/fr\/tours\/france-fr\/strasbourg-fr\/visite-prive-de-la-region-alsace-au-depart-de-strasbourg-copy\/","name":"\u27a1\ufe0fVisite priv\u00e9e avec d\u00e9gustation de vins au d\u00e9part de Strasbourg - TTM","isPartOf":{"@id":"https:\/\/tourtravelandmore.com\/fr\/#website"},"primaryImageOfPage":{"@id":"https:\/\/tourtravelandmore.com\/fr\/tours\/france-fr\/strasbourg-fr\/visite-prive-de-la-region-alsace-au-depart-de-strasbourg-copy\/#primaryimage"},"image":{"@id":"https:\/\/tourtravelandmore.com\/fr\/tours\/france-fr\/strasbourg-fr\/visite-prive-de-la-region-alsace-au-depart-de-strasbourg-copy\/#primaryimage"},"thumbnailUrl":"https:\/\/tourtravelandmore.com\/wp-content\/uploads\/2024\/03\/grapes-2656259_1280.jpg","datePublished":"2024-03-20T17:38:55+00:00","dateModified":"2024-03-20T18:19:04+00:00","description":"Excursion priv\u00e9e d'une demi-journ\u00e9e pour d\u00e9guster des vins au d\u00e9part de Strasbourg. D\u00e9couvrez cette belle r\u00e9gion aux c\u00f4t\u00e9s de votre v\u00e9hicule priv\u00e9 avec chauffeur ! \u2705","breadcrumb":{"@id":"https:\/\/tourtravelandmore.com\/fr\/tours\/france-fr\/strasbourg-fr\/visite-prive-de-la-region-alsace-au-depart-de-strasbourg-copy\/#breadcrumb"},"inLanguage":"fr-FR","potentialAction":[{"@type":"ReadAction","target":["https:\/\/tourtravelandmore.com\/fr\/tours\/france-fr\/strasbourg-fr\/visite-prive-de-la-region-alsace-au-depart-de-strasbourg-copy\/"]}]},{"@type":"ImageObject","inLanguage":"fr-FR","@id":"https:\/\/tourtravelandmore.com\/fr\/tours\/france-fr\/strasbourg-fr\/visite-prive-de-la-region-alsace-au-depart-de-strasbourg-copy\/#primaryimage","url":"https:\/\/tourtravelandmore.com\/wp-content\/uploads\/2024\/03\/grapes-2656259_1280.jpg","contentUrl":"https:\/\/tourtravelandmore.com\/wp-content\/uploads\/2024\/03\/grapes-2656259_1280.jpg","width":1280,"height":853},{"@type":"BreadcrumbList","@id":"https:\/\/tourtravelandmore.com\/fr\/tours\/france-fr\/strasbourg-fr\/visite-prive-de-la-region-alsace-au-depart-de-strasbourg-copy\/#breadcrumb","itemListElement":[{"@type":"ListItem","position":1,"name":"Home","item":"https:\/\/tourtravelandmore.com\/fr\/"},{"@type":"ListItem","position":2,"name":"Tours","item":"https:\/\/tourtravelandmore.com\/fr\/tours\/"},{"@type":"ListItem","position":3,"name":"Visite priv\u00e9e avec d\u00e9gustation de vins au d\u00e9part de Strasbourg"}]},{"@type":"WebSite","@id":"https:\/\/tourtravelandmore.com\/fr\/#website","url":"https:\/\/tourtravelandmore.com\/fr\/","name":"Tour Travel And More","description":"Private sightseeing tours and luxury transfers in Spain","publisher":{"@id":"https:\/\/tourtravelandmore.com\/fr\/#organization"},"potentialAction":[{"@type":"SearchAction","target":{"@type":"EntryPoint","urlTemplate":"https:\/\/tourtravelandmore.com\/fr\/?s={search_term_string}"},"query-input":{"@type":"PropertyValueSpecification","valueRequired":true,"valueName":"search_term_string"}}],"inLanguage":"fr-FR"},{"@type":"Organization","@id":"https:\/\/tourtravelandmore.com\/fr\/#organization","name":"Tour Travel And More","url":"https:\/\/tourtravelandmore.com\/fr\/","logo":{"@type":"ImageObject","inLanguage":"fr-FR","@id":"https:\/\/tourtravelandmore.com\/fr\/#\/schema\/logo\/image\/","url":"https:\/\/tourtravelandmore.com\/wp-content\/uploads\/2022\/12\/cropped-logo-cabecera-new.png","contentUrl":"https:\/\/tourtravelandmore.com\/wp-content\/uploads\/2022\/12\/cropped-logo-cabecera-new.png","width":430,"height":61,"caption":"Tour Travel And More"},"image":{"@id":"https:\/\/tourtravelandmore.com\/fr\/#\/schema\/logo\/image\/"},"sameAs":["https:\/\/www.facebook.com\/tourtravelandmore\/","https:\/\/x.com\/TourTravel_More"]}]}},"_links":{"self":[{"href":"https:\/\/tourtravelandmore.com\/fr\/wp-json\/wp\/v2\/product\/173983","targetHints":{"allow":["GET"]}}],"collection":[{"href":"https:\/\/tourtravelandmore.com\/fr\/wp-json\/wp\/v2\/product"}],"about":[{"href":"https:\/\/tourtravelandmore.com\/fr\/wp-json\/wp\/v2\/types\/product"}],"replies":[{"embeddable":true,"href":"https:\/\/tourtravelandmore.com\/fr\/wp-json\/wp\/v2\/comments?post=173983"}],"wp:featuredmedia":[{"embeddable":true,"href":"https:\/\/tourtravelandmore.com\/fr\/wp-json\/wp\/v2\/media\/173993"}],"wp:attachment":[{"href":"https:\/\/tourtravelandmore.com\/fr\/wp-json\/wp\/v2\/media?parent=173983"}],"wp:term":[{"taxonomy":"product_brand","embeddable":true,"href":"https:\/\/tourtravelandmore.com\/fr\/wp-json\/wp\/v2\/product_brand?post=173983"},{"taxonomy":"product_cat","embeddable":true,"href":"https:\/\/tourtravelandmore.com\/fr\/wp-json\/wp\/v2\/product_cat?post=173983"},{"taxonomy":"product_tag","embeddable":true,"href":"https:\/\/tourtravelandmore.com\/fr\/wp-json\/wp\/v2\/product_tag?post=173983"}],"curies":[{"name":"wp","href":"https:\/\/api.w.org\/{rel}","templated":true}]}}