{"id":173957,"date":"2024-03-20T17:45:54","date_gmt":"2024-03-20T16:45:57","guid":{"rendered":"https:\/\/tourtravelandmore.com\/?post_type=product&#038;p=173957"},"modified":"2024-03-20T18:30:59","modified_gmt":"2024-03-20T17:30:59","slug":"visite-privee-a-pied-de-strasbourg-copy-2","status":"publish","type":"product","link":"https:\/\/tourtravelandmore.com\/fr\/tours\/france-fr\/strasbourg-fr\/visite-privee-a-pied-de-strasbourg-copy-2\/","title":{"rendered":"Visite priv\u00e9e de Strasbourg \u00e0 pied autour de la gastronomie traditionnelle"},"content":{"rendered":"<h2>Description de la visite<\/h2>\n<p>Embarquez pour un d\u00e9licieux voyage culinaire \u00e0 travers Strasbourg avec notre visite \u00e0 pied priv\u00e9e de 3 heures sur la cuisine traditionnelle de Strasbourg. Dirig\u00e9e par notre guide comp\u00e9tent, cette visite offre une occasion unique d&#8217;explorer le riche patrimoine gastronomique de cette ville historique. Cette visite offre une occasion unique d&#8217;explorer le riche patrimoine gastronomique de cette ville historique. Veuillez noter que le co\u00fbt de la nourriture n&#8217;est pas inclus et sera pay\u00e9 par les clients directement pendant la visite.<\/p>\n<p>Plongez dans la fusion des influences fran\u00e7aises et allemandes qui d\u00e9finissent l&#8217;identit\u00e9 unique de Strasbourg. Des cath\u00e9drales embl\u00e9matiques aux canaux pittoresques et aux places pittoresques, chaque pas d\u00e9voile un nouveau chapitre de l&#8217;histoire captivante de Strasbourg, faisant de cette visite une exploration inoubliable du patrimoine alsacien et du charme europ\u00e9en.<\/p>\n<p>Tous nos circuits sont priv\u00e9s et personnalisables en fonction des int\u00e9r\u00eats de nos clients. Nos experts en voyage vous aideront \u00e0 organiser une exp\u00e9rience unique et sur mesure. L&#8217;ensemble du circuit sera organis\u00e9 en fonction de vos d\u00e9sirs personnels.<\/p>\n<h2>Points d&#8217;int\u00e9r\u00eat et monuments<\/h2>\n<p>Votre visite priv\u00e9e \u00e0 pied commence lorsque vous rencontrez votre guide comp\u00e9tent \u00e0 un point de rencontre d\u00e9sign\u00e9 dans le centre de Strasbourg.<\/p>\n<p>En combinant l&#8217;exploration de lieux embl\u00e9matiques avec de d\u00e9licieuses d\u00e9gustations de plats traditionnels, la visite \u00e0 pied priv\u00e9e de Strasbourg promet un voyage m\u00e9morable et immersif au c\u0153ur de la culture et de la cuisine alsaciennes.<\/p>\n<p>Au cours de cette visite, les participants auront l&#8217;occasion de go\u00fbter \u00e0 une vari\u00e9t\u00e9 de d\u00e9lices alsaciens app\u00e9tissants. Tout d&#8217;abord, la c\u00e9l\u00e8bre tarte flamb\u00e9e, avec sa base croustillante et ses garnitures savoureuses de cr\u00e8me, d&#8217;oignons et de lard. De m\u00eame, la r\u00e9confortante choucroute, compos\u00e9e d&#8217;une choucroute savoureuse cuisin\u00e9e avec un m\u00e9lange de viandes telles que des saucisses et du porc, dont chaque bouch\u00e9e sera une aventure culinaire.<\/p>\n<p>En outre, les convives pourront d\u00e9guster une s\u00e9lection de p\u00e2tisseries et de desserts alsaciens. Il s&#8217;agit notamment de kougelhopf, de biscuits bredele et d&#8217;irr\u00e9sistibles tartes aux fruits. Ces saveurs authentiques repr\u00e9sentent l&#8217;h\u00e9ritage culinaire de la r\u00e9gion et mettent en valeur le m\u00e9lange unique d&#8217;influences fran\u00e7aises et allemandes qui rendent la cuisine alsacienne si particuli\u00e8re et d\u00e9licieuse.<\/p>\n<p>Cet itin\u00e9raire soigneusement con\u00e7u offre une exploration compl\u00e8te des sites embl\u00e9matiques de Strasbourg, de son patrimoine culturel et de ses curiosit\u00e9s locales, garantissant une exp\u00e9rience m\u00e9morable et enrichissante au cours de votre visite priv\u00e9e de 3 heures \u00e0 pied de Strasbourg avec Tour Travel &amp; More. Enfin, l&#8217;excursion s&#8217;ach\u00e8vera dans un lieu central de Strasbourg.<\/p>\n<p>L&#8217;heure de d\u00e9part, la dur\u00e9e et l&#8217;itin\u00e9raire sont enti\u00e8rement adaptables \u00e0 vos d\u00e9sirs personnels. Vous pouvez voir tous nos tours priv\u00e9s \u00e0 Strasbourg ici.<\/p>\n","protected":false},"excerpt":{"rendered":"<p>Embarquez pour un voyage captivant \u00e0 travers les rues charmantes de Strasbourg gr\u00e2ce \u00e0 la visite priv\u00e9e exclusive de 3 heures de Strasbourg avec repas traditionnels. D\u00e9couvrez la riche histoire, les sites culturels et les joyaux cach\u00e9s de cette ville alsacienne enchanteresse gr\u00e2ce \u00e0 l&#8217;expertise de nos guides comp\u00e9tents.<\/p>\n","protected":false},"featured_media":173967,"comment_status":"open","ping_status":"closed","template":"","meta":{"_acf_changed":false},"product_brand":[],"product_cat":[5213,5214,5200],"product_tag":[],"class_list":{"0":"post-173957","1":"product","2":"type-product","3":"status-publish","4":"has-post-thumbnail","6":"product_cat-all-private-tours-fr-2","7":"product_cat-private-walking-tours-fr-14","8":"product_cat-strasbourg-fr","10":"first","11":"instock","12":"shipping-taxable","13":"purchasable","14":"product-type-simple"},"acf":[],"yoast_head":"<!-- This site is optimized with the Yoast SEO Premium plugin v25.3.1 (Yoast SEO v25.3.1) - https:\/\/yoast.com\/wordpress\/plugins\/seo\/ -->\n<title>Visite priv\u00e9e de Strasbourg \u00e0 pied autour de la gastronomie traditionnelle | TTM<\/title>\n<meta name=\"description\" content=\"D\u00e9couvrez la merveilleuse ville de Strasbourg avec votre guide officiel priv\u00e9. Visite guid\u00e9e priv\u00e9e de Strasbourg \u2705\" \/>\n<meta name=\"robots\" content=\"index, follow, max-snippet:-1, max-image-preview:large, max-video-preview:-1\" \/>\n<link rel=\"canonical\" href=\"https:\/\/tourtravelandmore.com\/fr\/tours\/france-fr\/strasbourg-fr\/visite-privee-a-pied-de-strasbourg-copy-2\/\" \/>\n<meta property=\"og:locale\" content=\"fr_FR\" \/>\n<meta property=\"og:type\" content=\"article\" \/>\n<meta property=\"og:title\" content=\"Visite priv\u00e9e de Strasbourg \u00e0 pied autour de la gastronomie traditionnelle\" \/>\n<meta property=\"og:description\" content=\"D\u00e9couvrez la merveilleuse ville de Strasbourg avec votre guide officiel priv\u00e9. Visite guid\u00e9e priv\u00e9e de Strasbourg \u2705\" \/>\n<meta property=\"og:url\" content=\"https:\/\/tourtravelandmore.com\/fr\/tours\/france-fr\/strasbourg-fr\/visite-privee-a-pied-de-strasbourg-copy-2\/\" \/>\n<meta property=\"og:site_name\" content=\"Tour Travel And More\" \/>\n<meta property=\"article:publisher\" content=\"https:\/\/www.facebook.com\/tourtravelandmore\/\" \/>\n<meta property=\"article:modified_time\" content=\"2024-03-20T17:30:59+00:00\" \/>\n<meta property=\"og:image\" content=\"https:\/\/tourtravelandmore.com\/wp-content\/uploads\/2024\/03\/pexels-jana-ohajdova-10310676.jpg\" \/>\n\t<meta property=\"og:image:width\" content=\"1280\" \/>\n\t<meta property=\"og:image:height\" content=\"852\" \/>\n\t<meta property=\"og:image:type\" content=\"image\/jpeg\" \/>\n<meta name=\"twitter:card\" content=\"summary_large_image\" \/>\n<meta name=\"twitter:site\" content=\"@TourTravel_More\" \/>\n<meta name=\"twitter:label1\" content=\"Dur\u00e9e de lecture estim\u00e9e\" \/>\n\t<meta name=\"twitter:data1\" content=\"2 minutes\" \/>\n<script type=\"application\/ld+json\" class=\"yoast-schema-graph\">{\"@context\":\"https:\/\/schema.org\",\"@graph\":[{\"@type\":\"WebPage\",\"@id\":\"https:\/\/tourtravelandmore.com\/fr\/tours\/france-fr\/strasbourg-fr\/visite-privee-a-pied-de-strasbourg-copy-2\/\",\"url\":\"https:\/\/tourtravelandmore.com\/fr\/tours\/france-fr\/strasbourg-fr\/visite-privee-a-pied-de-strasbourg-copy-2\/\",\"name\":\"Visite priv\u00e9e de Strasbourg \u00e0 pied autour de la gastronomie traditionnelle | TTM\",\"isPartOf\":{\"@id\":\"https:\/\/tourtravelandmore.com\/fr\/#website\"},\"primaryImageOfPage\":{\"@id\":\"https:\/\/tourtravelandmore.com\/fr\/tours\/france-fr\/strasbourg-fr\/visite-privee-a-pied-de-strasbourg-copy-2\/#primaryimage\"},\"image\":{\"@id\":\"https:\/\/tourtravelandmore.com\/fr\/tours\/france-fr\/strasbourg-fr\/visite-privee-a-pied-de-strasbourg-copy-2\/#primaryimage\"},\"thumbnailUrl\":\"https:\/\/tourtravelandmore.com\/wp-content\/uploads\/2024\/03\/pexels-jana-ohajdova-10310676.jpg\",\"datePublished\":\"2024-03-20T16:45:57+00:00\",\"dateModified\":\"2024-03-20T17:30:59+00:00\",\"description\":\"D\u00e9couvrez la merveilleuse ville de Strasbourg avec votre guide officiel priv\u00e9. Visite guid\u00e9e priv\u00e9e de Strasbourg \u2705\",\"breadcrumb\":{\"@id\":\"https:\/\/tourtravelandmore.com\/fr\/tours\/france-fr\/strasbourg-fr\/visite-privee-a-pied-de-strasbourg-copy-2\/#breadcrumb\"},\"inLanguage\":\"fr-FR\",\"potentialAction\":[{\"@type\":\"ReadAction\",\"target\":[\"https:\/\/tourtravelandmore.com\/fr\/tours\/france-fr\/strasbourg-fr\/visite-privee-a-pied-de-strasbourg-copy-2\/\"]}]},{\"@type\":\"ImageObject\",\"inLanguage\":\"fr-FR\",\"@id\":\"https:\/\/tourtravelandmore.com\/fr\/tours\/france-fr\/strasbourg-fr\/visite-privee-a-pied-de-strasbourg-copy-2\/#primaryimage\",\"url\":\"https:\/\/tourtravelandmore.com\/wp-content\/uploads\/2024\/03\/pexels-jana-ohajdova-10310676.jpg\",\"contentUrl\":\"https:\/\/tourtravelandmore.com\/wp-content\/uploads\/2024\/03\/pexels-jana-ohajdova-10310676.jpg\",\"width\":1280,\"height\":852},{\"@type\":\"BreadcrumbList\",\"@id\":\"https:\/\/tourtravelandmore.com\/fr\/tours\/france-fr\/strasbourg-fr\/visite-privee-a-pied-de-strasbourg-copy-2\/#breadcrumb\",\"itemListElement\":[{\"@type\":\"ListItem\",\"position\":1,\"name\":\"Home\",\"item\":\"https:\/\/tourtravelandmore.com\/fr\/\"},{\"@type\":\"ListItem\",\"position\":2,\"name\":\"Tours\",\"item\":\"https:\/\/tourtravelandmore.com\/fr\/tours\/\"},{\"@type\":\"ListItem\",\"position\":3,\"name\":\"Visite priv\u00e9e de Strasbourg \u00e0 pied autour de la gastronomie traditionnelle\"}]},{\"@type\":\"WebSite\",\"@id\":\"https:\/\/tourtravelandmore.com\/fr\/#website\",\"url\":\"https:\/\/tourtravelandmore.com\/fr\/\",\"name\":\"Tour Travel And More\",\"description\":\"Private sightseeing tours and luxury transfers in Spain\",\"publisher\":{\"@id\":\"https:\/\/tourtravelandmore.com\/fr\/#organization\"},\"potentialAction\":[{\"@type\":\"SearchAction\",\"target\":{\"@type\":\"EntryPoint\",\"urlTemplate\":\"https:\/\/tourtravelandmore.com\/fr\/?s={search_term_string}\"},\"query-input\":{\"@type\":\"PropertyValueSpecification\",\"valueRequired\":true,\"valueName\":\"search_term_string\"}}],\"inLanguage\":\"fr-FR\"},{\"@type\":\"Organization\",\"@id\":\"https:\/\/tourtravelandmore.com\/fr\/#organization\",\"name\":\"Tour Travel And More\",\"url\":\"https:\/\/tourtravelandmore.com\/fr\/\",\"logo\":{\"@type\":\"ImageObject\",\"inLanguage\":\"fr-FR\",\"@id\":\"https:\/\/tourtravelandmore.com\/fr\/#\/schema\/logo\/image\/\",\"url\":\"https:\/\/tourtravelandmore.com\/wp-content\/uploads\/2022\/12\/cropped-logo-cabecera-new.png\",\"contentUrl\":\"https:\/\/tourtravelandmore.com\/wp-content\/uploads\/2022\/12\/cropped-logo-cabecera-new.png\",\"width\":430,\"height\":61,\"caption\":\"Tour Travel And More\"},\"image\":{\"@id\":\"https:\/\/tourtravelandmore.com\/fr\/#\/schema\/logo\/image\/\"},\"sameAs\":[\"https:\/\/www.facebook.com\/tourtravelandmore\/\",\"https:\/\/x.com\/TourTravel_More\"]}]}<\/script>\n<!-- \/ Yoast SEO Premium plugin. -->","yoast_head_json":{"title":"Visite priv\u00e9e de Strasbourg \u00e0 pied autour de la gastronomie traditionnelle | TTM","description":"D\u00e9couvrez la merveilleuse ville de Strasbourg avec votre guide officiel priv\u00e9. Visite guid\u00e9e priv\u00e9e de Strasbourg \u2705","robots":{"index":"index","follow":"follow","max-snippet":"max-snippet:-1","max-image-preview":"max-image-preview:large","max-video-preview":"max-video-preview:-1"},"canonical":"https:\/\/tourtravelandmore.com\/fr\/tours\/france-fr\/strasbourg-fr\/visite-privee-a-pied-de-strasbourg-copy-2\/","og_locale":"fr_FR","og_type":"article","og_title":"Visite priv\u00e9e de Strasbourg \u00e0 pied autour de la gastronomie traditionnelle","og_description":"D\u00e9couvrez la merveilleuse ville de Strasbourg avec votre guide officiel priv\u00e9. Visite guid\u00e9e priv\u00e9e de Strasbourg \u2705","og_url":"https:\/\/tourtravelandmore.com\/fr\/tours\/france-fr\/strasbourg-fr\/visite-privee-a-pied-de-strasbourg-copy-2\/","og_site_name":"Tour Travel And More","article_publisher":"https:\/\/www.facebook.com\/tourtravelandmore\/","article_modified_time":"2024-03-20T17:30:59+00:00","og_image":[{"width":1280,"height":852,"url":"https:\/\/tourtravelandmore.com\/wp-content\/uploads\/2024\/03\/pexels-jana-ohajdova-10310676.jpg","type":"image\/jpeg"}],"twitter_card":"summary_large_image","twitter_site":"@TourTravel_More","twitter_misc":{"Dur\u00e9e de lecture estim\u00e9e":"2 minutes"},"schema":{"@context":"https:\/\/schema.org","@graph":[{"@type":"WebPage","@id":"https:\/\/tourtravelandmore.com\/fr\/tours\/france-fr\/strasbourg-fr\/visite-privee-a-pied-de-strasbourg-copy-2\/","url":"https:\/\/tourtravelandmore.com\/fr\/tours\/france-fr\/strasbourg-fr\/visite-privee-a-pied-de-strasbourg-copy-2\/","name":"Visite priv\u00e9e de Strasbourg \u00e0 pied autour de la gastronomie traditionnelle | TTM","isPartOf":{"@id":"https:\/\/tourtravelandmore.com\/fr\/#website"},"primaryImageOfPage":{"@id":"https:\/\/tourtravelandmore.com\/fr\/tours\/france-fr\/strasbourg-fr\/visite-privee-a-pied-de-strasbourg-copy-2\/#primaryimage"},"image":{"@id":"https:\/\/tourtravelandmore.com\/fr\/tours\/france-fr\/strasbourg-fr\/visite-privee-a-pied-de-strasbourg-copy-2\/#primaryimage"},"thumbnailUrl":"https:\/\/tourtravelandmore.com\/wp-content\/uploads\/2024\/03\/pexels-jana-ohajdova-10310676.jpg","datePublished":"2024-03-20T16:45:57+00:00","dateModified":"2024-03-20T17:30:59+00:00","description":"D\u00e9couvrez la merveilleuse ville de Strasbourg avec votre guide officiel priv\u00e9. Visite guid\u00e9e priv\u00e9e de Strasbourg \u2705","breadcrumb":{"@id":"https:\/\/tourtravelandmore.com\/fr\/tours\/france-fr\/strasbourg-fr\/visite-privee-a-pied-de-strasbourg-copy-2\/#breadcrumb"},"inLanguage":"fr-FR","potentialAction":[{"@type":"ReadAction","target":["https:\/\/tourtravelandmore.com\/fr\/tours\/france-fr\/strasbourg-fr\/visite-privee-a-pied-de-strasbourg-copy-2\/"]}]},{"@type":"ImageObject","inLanguage":"fr-FR","@id":"https:\/\/tourtravelandmore.com\/fr\/tours\/france-fr\/strasbourg-fr\/visite-privee-a-pied-de-strasbourg-copy-2\/#primaryimage","url":"https:\/\/tourtravelandmore.com\/wp-content\/uploads\/2024\/03\/pexels-jana-ohajdova-10310676.jpg","contentUrl":"https:\/\/tourtravelandmore.com\/wp-content\/uploads\/2024\/03\/pexels-jana-ohajdova-10310676.jpg","width":1280,"height":852},{"@type":"BreadcrumbList","@id":"https:\/\/tourtravelandmore.com\/fr\/tours\/france-fr\/strasbourg-fr\/visite-privee-a-pied-de-strasbourg-copy-2\/#breadcrumb","itemListElement":[{"@type":"ListItem","position":1,"name":"Home","item":"https:\/\/tourtravelandmore.com\/fr\/"},{"@type":"ListItem","position":2,"name":"Tours","item":"https:\/\/tourtravelandmore.com\/fr\/tours\/"},{"@type":"ListItem","position":3,"name":"Visite priv\u00e9e de Strasbourg \u00e0 pied autour de la gastronomie traditionnelle"}]},{"@type":"WebSite","@id":"https:\/\/tourtravelandmore.com\/fr\/#website","url":"https:\/\/tourtravelandmore.com\/fr\/","name":"Tour Travel And More","description":"Private sightseeing tours and luxury transfers in Spain","publisher":{"@id":"https:\/\/tourtravelandmore.com\/fr\/#organization"},"potentialAction":[{"@type":"SearchAction","target":{"@type":"EntryPoint","urlTemplate":"https:\/\/tourtravelandmore.com\/fr\/?s={search_term_string}"},"query-input":{"@type":"PropertyValueSpecification","valueRequired":true,"valueName":"search_term_string"}}],"inLanguage":"fr-FR"},{"@type":"Organization","@id":"https:\/\/tourtravelandmore.com\/fr\/#organization","name":"Tour Travel And More","url":"https:\/\/tourtravelandmore.com\/fr\/","logo":{"@type":"ImageObject","inLanguage":"fr-FR","@id":"https:\/\/tourtravelandmore.com\/fr\/#\/schema\/logo\/image\/","url":"https:\/\/tourtravelandmore.com\/wp-content\/uploads\/2022\/12\/cropped-logo-cabecera-new.png","contentUrl":"https:\/\/tourtravelandmore.com\/wp-content\/uploads\/2022\/12\/cropped-logo-cabecera-new.png","width":430,"height":61,"caption":"Tour Travel And More"},"image":{"@id":"https:\/\/tourtravelandmore.com\/fr\/#\/schema\/logo\/image\/"},"sameAs":["https:\/\/www.facebook.com\/tourtravelandmore\/","https:\/\/x.com\/TourTravel_More"]}]}},"_links":{"self":[{"href":"https:\/\/tourtravelandmore.com\/fr\/wp-json\/wp\/v2\/product\/173957","targetHints":{"allow":["GET"]}}],"collection":[{"href":"https:\/\/tourtravelandmore.com\/fr\/wp-json\/wp\/v2\/product"}],"about":[{"href":"https:\/\/tourtravelandmore.com\/fr\/wp-json\/wp\/v2\/types\/product"}],"replies":[{"embeddable":true,"href":"https:\/\/tourtravelandmore.com\/fr\/wp-json\/wp\/v2\/comments?post=173957"}],"wp:featuredmedia":[{"embeddable":true,"href":"https:\/\/tourtravelandmore.com\/fr\/wp-json\/wp\/v2\/media\/173967"}],"wp:attachment":[{"href":"https:\/\/tourtravelandmore.com\/fr\/wp-json\/wp\/v2\/media?parent=173957"}],"wp:term":[{"taxonomy":"product_brand","embeddable":true,"href":"https:\/\/tourtravelandmore.com\/fr\/wp-json\/wp\/v2\/product_brand?post=173957"},{"taxonomy":"product_cat","embeddable":true,"href":"https:\/\/tourtravelandmore.com\/fr\/wp-json\/wp\/v2\/product_cat?post=173957"},{"taxonomy":"product_tag","embeddable":true,"href":"https:\/\/tourtravelandmore.com\/fr\/wp-json\/wp\/v2\/product_tag?post=173957"}],"curies":[{"name":"wp","href":"https:\/\/api.w.org\/{rel}","templated":true}]}}