{"id":173931,"date":"2024-03-20T17:17:29","date_gmt":"2024-03-20T16:17:32","guid":{"rendered":"https:\/\/tourtravelandmore.com\/?post_type=product&#038;p=173931"},"modified":"2024-03-20T17:41:40","modified_gmt":"2024-03-20T16:41:40","slug":"visite-privee-de-la-region-alsace-avec-le-haut-koenigsbourg-au-depart-de-strasbourg-copy","status":"publish","type":"product","link":"https:\/\/tourtravelandmore.com\/fr\/tours\/france-fr\/strasbourg-fr\/visite-privee-de-la-region-alsace-avec-le-haut-koenigsbourg-au-depart-de-strasbourg-copy\/","title":{"rendered":"Visite priv\u00e9 de la r\u00e9gion Alsace au d\u00e9part de Strasbourg"},"content":{"rendered":"<h2>Description de l&#8217;excursion<\/h2>\n<p>Embarquez pour un voyage captivant \u00e0 travers les merveilles pittoresques de l&#8217;Alsace avec notre visite priv\u00e9e de la r\u00e9gion Alsace au d\u00e9part de Strasbourg. Immergez-vous dans l&#8217;attrait de Colmar, Eguisheim et Riquewihr. L\u00e0 o\u00f9 l&#8217;histoire, la culture et la beaut\u00e9 naturelle convergent pour cr\u00e9er des exp\u00e9riences inoubliables.<\/p>\n<p>Tous nos circuits sont priv\u00e9s et personnalisables en fonction des int\u00e9r\u00eats de nos clients. Nos experts en voyage vous aideront \u00e0 organiser une exp\u00e9rience unique et sur mesure. L&#8217;ensemble du circuit sera organis\u00e9 en fonction de vos d\u00e9sirs personnels.<\/p>\n<p>Ce circuit exclusif vous invite \u00e0 plonger dans la riche tapisserie de l&#8217;histoire, de l&#8217;architecture et de la gastronomie de l&#8217;Alsace \u00e0 votre propre rythme. D\u00e9couvrez des joyaux cach\u00e9s, laissez-vous tenter par des d\u00e9lices locaux et cr\u00e9ez des souvenirs inoubliables avec le charme intemporel de l&#8217;Alsace en toile de fond. R\u00e9servez votre place \u00e0 l&#8217;avance pour vous assurer une journ\u00e9e d&#8217;excursion m\u00e9morable au d\u00e9part de Strasbourg avec Tour Travel &amp; More.<\/p>\n<p>Nous proposons \u00e9galement l&#8217;option chauffeur seul pour visiter les charmants villages d&#8217;Alsace : Colmar, Eguisheim et Riquewihr.<\/p>\n<h2>Points d&#8217;int\u00e9r\u00eat &#8211; Visite priv\u00e9 de la r\u00e9gion Alsace au d\u00e9part de Strasbourg<\/h2>\n<p>Embarquez pour un voyage captivant en commen\u00e7ant par Colmar, surnomm\u00e9e la &#8220;Petite Venise&#8221; pour ses canaux pittoresques et ses sentiers anim\u00e9s. Admirez l&#8217;architecture m\u00e9di\u00e9vale de la vieille ville et visitez des sites tels que le mus\u00e9e Unterlinden et le quartier de la Petite Venise.<\/p>\n<p>Ensuite, aventurez-vous \u00e0 Eguisheim, c\u00e9l\u00e8bre pour son plan circulaire et ses maisons \u00e0 colombages color\u00e9es et orn\u00e9es de fleurs. Explorez les rues pav\u00e9es \u00e9troites et visitez le ch\u00e2teau d&#8217;Eguisheim. Si vous le souhaitez, vous disposerez d&#8217;un peu de temps libre pour d\u00e9guster des sp\u00e9cialit\u00e9s alsaciennes dans des caf\u00e9s pittoresques et des tavernes \u00e0 vin.<\/p>\n<p>Poursuivez votre exploration \u00e0 Riquewihr, une ville class\u00e9e \u00e0 l&#8217;UNESCO et entour\u00e9e de vignobles. D\u00e9couvrez son charme m\u00e9di\u00e9val et ses remparts fortifi\u00e9s. Ne manquez pas de faire du shopping le long de la rue du G\u00e9n\u00e9ral de Gaulle pour trouver des poteries alsaciennes et des friandises r\u00e9gionales.<\/p>\n<p>Cette visite priv\u00e9e de l&#8217;Alsace au d\u00e9part de Strasbourg est adapt\u00e9e \u00e0 vos pr\u00e9f\u00e9rences, vous garantissant une exp\u00e9rience personnalis\u00e9e et inoubliable. Nos experts en voyage vous aideront \u00e0 organiser chaque d\u00e9tail, afin que vous profitiez au maximum de votre visite dans cette merveilleuse r\u00e9gion. Immergez-vous dans l&#8217;histoire, la culture et la beaut\u00e9 naturelle pour un voyage vraiment m\u00e9morable.<\/p>\n<p>L&#8217;heure de d\u00e9part, la dur\u00e9e et l&#8217;itin\u00e9raire sont enti\u00e8rement adaptables \u00e0 vos d\u00e9sirs personnels. <a href=\"https:\/\/tourtravelandmore.com\/fr\/city\/france-fr\/strasbourg-fr\/\">Vous pouvez voir tous nos circuits touristiques \u00e0 Strasbourg ici.<\/a><\/p>\n","protected":false},"excerpt":{"rendered":"<p>Embarquez pour un voyage captivant \u00e0 travers les merveilles pittoresques de l&#8217;Alsace avec notre visite priv\u00e9e de la r\u00e9gion Alsace au d\u00e9part de Strasbourg. Immergez-vous dans l&#8217;attrait de Colmar, Eguisheim et Riquewihr. L\u00e0 o\u00f9 l&#8217;histoire, la culture et la beaut\u00e9 naturelle convergent pour cr\u00e9er des exp\u00e9riences inoubliables.<\/p>\n","protected":false},"featured_media":173941,"comment_status":"open","ping_status":"closed","template":"","meta":{"_acf_changed":false},"product_brand":[],"product_cat":[5213,5216,5200],"product_tag":[],"class_list":{"0":"post-173931","1":"product","2":"type-product","3":"status-publish","4":"has-post-thumbnail","6":"product_cat-all-private-tours-fr-2","7":"product_cat-private-sightseeing-tours-fr-36","8":"product_cat-strasbourg-fr","10":"first","11":"instock","12":"shipping-taxable","13":"purchasable","14":"product-type-simple"},"acf":[],"yoast_head":"<!-- This site is optimized with the Yoast SEO Premium plugin v25.3.1 (Yoast SEO v25.3.1) - https:\/\/yoast.com\/wordpress\/plugins\/seo\/ -->\n<title>\u27a1\ufe0fVisite priv\u00e9 de la r\u00e9gion Alsace au d\u00e9part de Strasbourg - TTM<\/title>\n<meta name=\"description\" content=\"Tour priv\u00e9 de la r\u00e9gion Alsace au d\u00e9part de Strasbourg ! D\u00e9couvrez cette belle r\u00e9gion aux c\u00f4t\u00e9s de votre guide conf\u00e9rencier et de votre v\u00e9hicule priv\u00e9 avec chauffeur ! \u2705\" \/>\n<meta name=\"robots\" content=\"index, follow, max-snippet:-1, max-image-preview:large, max-video-preview:-1\" \/>\n<link rel=\"canonical\" href=\"https:\/\/tourtravelandmore.com\/fr\/tours\/france-fr\/strasbourg-fr\/visite-privee-de-la-region-alsace-avec-le-haut-koenigsbourg-au-depart-de-strasbourg-copy\/\" \/>\n<meta property=\"og:locale\" content=\"fr_FR\" \/>\n<meta property=\"og:type\" content=\"article\" \/>\n<meta property=\"og:title\" content=\"Visite priv\u00e9 de la r\u00e9gion Alsace au d\u00e9part de Strasbourg\" \/>\n<meta property=\"og:description\" content=\"Tour priv\u00e9 de la r\u00e9gion Alsace au d\u00e9part de Strasbourg ! D\u00e9couvrez cette belle r\u00e9gion aux c\u00f4t\u00e9s de votre guide conf\u00e9rencier et de votre v\u00e9hicule priv\u00e9 avec chauffeur ! \u2705\" \/>\n<meta property=\"og:url\" content=\"https:\/\/tourtravelandmore.com\/fr\/tours\/france-fr\/strasbourg-fr\/visite-privee-de-la-region-alsace-avec-le-haut-koenigsbourg-au-depart-de-strasbourg-copy\/\" \/>\n<meta property=\"og:site_name\" content=\"Tour Travel And More\" \/>\n<meta property=\"article:publisher\" content=\"https:\/\/www.facebook.com\/tourtravelandmore\/\" \/>\n<meta property=\"article:modified_time\" content=\"2024-03-20T16:41:40+00:00\" \/>\n<meta property=\"og:image\" content=\"https:\/\/tourtravelandmore.com\/wp-content\/uploads\/2024\/03\/pexels-philippe-serrand-18249127.jpg\" \/>\n\t<meta property=\"og:image:width\" content=\"1280\" \/>\n\t<meta property=\"og:image:height\" content=\"853\" \/>\n\t<meta property=\"og:image:type\" content=\"image\/jpeg\" \/>\n<meta name=\"twitter:card\" content=\"summary_large_image\" \/>\n<meta name=\"twitter:site\" content=\"@TourTravel_More\" \/>\n<meta name=\"twitter:label1\" content=\"Dur\u00e9e de lecture estim\u00e9e\" \/>\n\t<meta name=\"twitter:data1\" content=\"2 minutes\" \/>\n<script type=\"application\/ld+json\" class=\"yoast-schema-graph\">{\"@context\":\"https:\/\/schema.org\",\"@graph\":[{\"@type\":\"WebPage\",\"@id\":\"https:\/\/tourtravelandmore.com\/fr\/tours\/france-fr\/strasbourg-fr\/visite-privee-de-la-region-alsace-avec-le-haut-koenigsbourg-au-depart-de-strasbourg-copy\/\",\"url\":\"https:\/\/tourtravelandmore.com\/fr\/tours\/france-fr\/strasbourg-fr\/visite-privee-de-la-region-alsace-avec-le-haut-koenigsbourg-au-depart-de-strasbourg-copy\/\",\"name\":\"\u27a1\ufe0fVisite priv\u00e9 de la r\u00e9gion Alsace au d\u00e9part de Strasbourg - TTM\",\"isPartOf\":{\"@id\":\"https:\/\/tourtravelandmore.com\/fr\/#website\"},\"primaryImageOfPage\":{\"@id\":\"https:\/\/tourtravelandmore.com\/fr\/tours\/france-fr\/strasbourg-fr\/visite-privee-de-la-region-alsace-avec-le-haut-koenigsbourg-au-depart-de-strasbourg-copy\/#primaryimage\"},\"image\":{\"@id\":\"https:\/\/tourtravelandmore.com\/fr\/tours\/france-fr\/strasbourg-fr\/visite-privee-de-la-region-alsace-avec-le-haut-koenigsbourg-au-depart-de-strasbourg-copy\/#primaryimage\"},\"thumbnailUrl\":\"https:\/\/tourtravelandmore.com\/wp-content\/uploads\/2024\/03\/pexels-philippe-serrand-18249127.jpg\",\"datePublished\":\"2024-03-20T16:17:32+00:00\",\"dateModified\":\"2024-03-20T16:41:40+00:00\",\"description\":\"Tour priv\u00e9 de la r\u00e9gion Alsace au d\u00e9part de Strasbourg ! D\u00e9couvrez cette belle r\u00e9gion aux c\u00f4t\u00e9s de votre guide conf\u00e9rencier et de votre v\u00e9hicule priv\u00e9 avec chauffeur ! \u2705\",\"breadcrumb\":{\"@id\":\"https:\/\/tourtravelandmore.com\/fr\/tours\/france-fr\/strasbourg-fr\/visite-privee-de-la-region-alsace-avec-le-haut-koenigsbourg-au-depart-de-strasbourg-copy\/#breadcrumb\"},\"inLanguage\":\"fr-FR\",\"potentialAction\":[{\"@type\":\"ReadAction\",\"target\":[\"https:\/\/tourtravelandmore.com\/fr\/tours\/france-fr\/strasbourg-fr\/visite-privee-de-la-region-alsace-avec-le-haut-koenigsbourg-au-depart-de-strasbourg-copy\/\"]}]},{\"@type\":\"ImageObject\",\"inLanguage\":\"fr-FR\",\"@id\":\"https:\/\/tourtravelandmore.com\/fr\/tours\/france-fr\/strasbourg-fr\/visite-privee-de-la-region-alsace-avec-le-haut-koenigsbourg-au-depart-de-strasbourg-copy\/#primaryimage\",\"url\":\"https:\/\/tourtravelandmore.com\/wp-content\/uploads\/2024\/03\/pexels-philippe-serrand-18249127.jpg\",\"contentUrl\":\"https:\/\/tourtravelandmore.com\/wp-content\/uploads\/2024\/03\/pexels-philippe-serrand-18249127.jpg\",\"width\":1280,\"height\":853},{\"@type\":\"BreadcrumbList\",\"@id\":\"https:\/\/tourtravelandmore.com\/fr\/tours\/france-fr\/strasbourg-fr\/visite-privee-de-la-region-alsace-avec-le-haut-koenigsbourg-au-depart-de-strasbourg-copy\/#breadcrumb\",\"itemListElement\":[{\"@type\":\"ListItem\",\"position\":1,\"name\":\"Home\",\"item\":\"https:\/\/tourtravelandmore.com\/fr\/\"},{\"@type\":\"ListItem\",\"position\":2,\"name\":\"Tours\",\"item\":\"https:\/\/tourtravelandmore.com\/fr\/tours\/\"},{\"@type\":\"ListItem\",\"position\":3,\"name\":\"Visite priv\u00e9 de la r\u00e9gion Alsace au d\u00e9part de Strasbourg\"}]},{\"@type\":\"WebSite\",\"@id\":\"https:\/\/tourtravelandmore.com\/fr\/#website\",\"url\":\"https:\/\/tourtravelandmore.com\/fr\/\",\"name\":\"Tour Travel And More\",\"description\":\"Private sightseeing tours and luxury transfers in Spain\",\"publisher\":{\"@id\":\"https:\/\/tourtravelandmore.com\/fr\/#organization\"},\"potentialAction\":[{\"@type\":\"SearchAction\",\"target\":{\"@type\":\"EntryPoint\",\"urlTemplate\":\"https:\/\/tourtravelandmore.com\/fr\/?s={search_term_string}\"},\"query-input\":{\"@type\":\"PropertyValueSpecification\",\"valueRequired\":true,\"valueName\":\"search_term_string\"}}],\"inLanguage\":\"fr-FR\"},{\"@type\":\"Organization\",\"@id\":\"https:\/\/tourtravelandmore.com\/fr\/#organization\",\"name\":\"Tour Travel And More\",\"url\":\"https:\/\/tourtravelandmore.com\/fr\/\",\"logo\":{\"@type\":\"ImageObject\",\"inLanguage\":\"fr-FR\",\"@id\":\"https:\/\/tourtravelandmore.com\/fr\/#\/schema\/logo\/image\/\",\"url\":\"https:\/\/tourtravelandmore.com\/wp-content\/uploads\/2022\/12\/cropped-logo-cabecera-new.png\",\"contentUrl\":\"https:\/\/tourtravelandmore.com\/wp-content\/uploads\/2022\/12\/cropped-logo-cabecera-new.png\",\"width\":430,\"height\":61,\"caption\":\"Tour Travel And More\"},\"image\":{\"@id\":\"https:\/\/tourtravelandmore.com\/fr\/#\/schema\/logo\/image\/\"},\"sameAs\":[\"https:\/\/www.facebook.com\/tourtravelandmore\/\",\"https:\/\/x.com\/TourTravel_More\"]}]}<\/script>\n<!-- \/ Yoast SEO Premium plugin. -->","yoast_head_json":{"title":"\u27a1\ufe0fVisite priv\u00e9 de la r\u00e9gion Alsace au d\u00e9part de Strasbourg - TTM","description":"Tour priv\u00e9 de la r\u00e9gion Alsace au d\u00e9part de Strasbourg ! D\u00e9couvrez cette belle r\u00e9gion aux c\u00f4t\u00e9s de votre guide conf\u00e9rencier et de votre v\u00e9hicule priv\u00e9 avec chauffeur ! \u2705","robots":{"index":"index","follow":"follow","max-snippet":"max-snippet:-1","max-image-preview":"max-image-preview:large","max-video-preview":"max-video-preview:-1"},"canonical":"https:\/\/tourtravelandmore.com\/fr\/tours\/france-fr\/strasbourg-fr\/visite-privee-de-la-region-alsace-avec-le-haut-koenigsbourg-au-depart-de-strasbourg-copy\/","og_locale":"fr_FR","og_type":"article","og_title":"Visite priv\u00e9 de la r\u00e9gion Alsace au d\u00e9part de Strasbourg","og_description":"Tour priv\u00e9 de la r\u00e9gion Alsace au d\u00e9part de Strasbourg ! D\u00e9couvrez cette belle r\u00e9gion aux c\u00f4t\u00e9s de votre guide conf\u00e9rencier et de votre v\u00e9hicule priv\u00e9 avec chauffeur ! \u2705","og_url":"https:\/\/tourtravelandmore.com\/fr\/tours\/france-fr\/strasbourg-fr\/visite-privee-de-la-region-alsace-avec-le-haut-koenigsbourg-au-depart-de-strasbourg-copy\/","og_site_name":"Tour Travel And More","article_publisher":"https:\/\/www.facebook.com\/tourtravelandmore\/","article_modified_time":"2024-03-20T16:41:40+00:00","og_image":[{"width":1280,"height":853,"url":"https:\/\/tourtravelandmore.com\/wp-content\/uploads\/2024\/03\/pexels-philippe-serrand-18249127.jpg","type":"image\/jpeg"}],"twitter_card":"summary_large_image","twitter_site":"@TourTravel_More","twitter_misc":{"Dur\u00e9e de lecture estim\u00e9e":"2 minutes"},"schema":{"@context":"https:\/\/schema.org","@graph":[{"@type":"WebPage","@id":"https:\/\/tourtravelandmore.com\/fr\/tours\/france-fr\/strasbourg-fr\/visite-privee-de-la-region-alsace-avec-le-haut-koenigsbourg-au-depart-de-strasbourg-copy\/","url":"https:\/\/tourtravelandmore.com\/fr\/tours\/france-fr\/strasbourg-fr\/visite-privee-de-la-region-alsace-avec-le-haut-koenigsbourg-au-depart-de-strasbourg-copy\/","name":"\u27a1\ufe0fVisite priv\u00e9 de la r\u00e9gion Alsace au d\u00e9part de Strasbourg - TTM","isPartOf":{"@id":"https:\/\/tourtravelandmore.com\/fr\/#website"},"primaryImageOfPage":{"@id":"https:\/\/tourtravelandmore.com\/fr\/tours\/france-fr\/strasbourg-fr\/visite-privee-de-la-region-alsace-avec-le-haut-koenigsbourg-au-depart-de-strasbourg-copy\/#primaryimage"},"image":{"@id":"https:\/\/tourtravelandmore.com\/fr\/tours\/france-fr\/strasbourg-fr\/visite-privee-de-la-region-alsace-avec-le-haut-koenigsbourg-au-depart-de-strasbourg-copy\/#primaryimage"},"thumbnailUrl":"https:\/\/tourtravelandmore.com\/wp-content\/uploads\/2024\/03\/pexels-philippe-serrand-18249127.jpg","datePublished":"2024-03-20T16:17:32+00:00","dateModified":"2024-03-20T16:41:40+00:00","description":"Tour priv\u00e9 de la r\u00e9gion Alsace au d\u00e9part de Strasbourg ! D\u00e9couvrez cette belle r\u00e9gion aux c\u00f4t\u00e9s de votre guide conf\u00e9rencier et de votre v\u00e9hicule priv\u00e9 avec chauffeur ! \u2705","breadcrumb":{"@id":"https:\/\/tourtravelandmore.com\/fr\/tours\/france-fr\/strasbourg-fr\/visite-privee-de-la-region-alsace-avec-le-haut-koenigsbourg-au-depart-de-strasbourg-copy\/#breadcrumb"},"inLanguage":"fr-FR","potentialAction":[{"@type":"ReadAction","target":["https:\/\/tourtravelandmore.com\/fr\/tours\/france-fr\/strasbourg-fr\/visite-privee-de-la-region-alsace-avec-le-haut-koenigsbourg-au-depart-de-strasbourg-copy\/"]}]},{"@type":"ImageObject","inLanguage":"fr-FR","@id":"https:\/\/tourtravelandmore.com\/fr\/tours\/france-fr\/strasbourg-fr\/visite-privee-de-la-region-alsace-avec-le-haut-koenigsbourg-au-depart-de-strasbourg-copy\/#primaryimage","url":"https:\/\/tourtravelandmore.com\/wp-content\/uploads\/2024\/03\/pexels-philippe-serrand-18249127.jpg","contentUrl":"https:\/\/tourtravelandmore.com\/wp-content\/uploads\/2024\/03\/pexels-philippe-serrand-18249127.jpg","width":1280,"height":853},{"@type":"BreadcrumbList","@id":"https:\/\/tourtravelandmore.com\/fr\/tours\/france-fr\/strasbourg-fr\/visite-privee-de-la-region-alsace-avec-le-haut-koenigsbourg-au-depart-de-strasbourg-copy\/#breadcrumb","itemListElement":[{"@type":"ListItem","position":1,"name":"Home","item":"https:\/\/tourtravelandmore.com\/fr\/"},{"@type":"ListItem","position":2,"name":"Tours","item":"https:\/\/tourtravelandmore.com\/fr\/tours\/"},{"@type":"ListItem","position":3,"name":"Visite priv\u00e9 de la r\u00e9gion Alsace au d\u00e9part de Strasbourg"}]},{"@type":"WebSite","@id":"https:\/\/tourtravelandmore.com\/fr\/#website","url":"https:\/\/tourtravelandmore.com\/fr\/","name":"Tour Travel And More","description":"Private sightseeing tours and luxury transfers in Spain","publisher":{"@id":"https:\/\/tourtravelandmore.com\/fr\/#organization"},"potentialAction":[{"@type":"SearchAction","target":{"@type":"EntryPoint","urlTemplate":"https:\/\/tourtravelandmore.com\/fr\/?s={search_term_string}"},"query-input":{"@type":"PropertyValueSpecification","valueRequired":true,"valueName":"search_term_string"}}],"inLanguage":"fr-FR"},{"@type":"Organization","@id":"https:\/\/tourtravelandmore.com\/fr\/#organization","name":"Tour Travel And More","url":"https:\/\/tourtravelandmore.com\/fr\/","logo":{"@type":"ImageObject","inLanguage":"fr-FR","@id":"https:\/\/tourtravelandmore.com\/fr\/#\/schema\/logo\/image\/","url":"https:\/\/tourtravelandmore.com\/wp-content\/uploads\/2022\/12\/cropped-logo-cabecera-new.png","contentUrl":"https:\/\/tourtravelandmore.com\/wp-content\/uploads\/2022\/12\/cropped-logo-cabecera-new.png","width":430,"height":61,"caption":"Tour Travel And More"},"image":{"@id":"https:\/\/tourtravelandmore.com\/fr\/#\/schema\/logo\/image\/"},"sameAs":["https:\/\/www.facebook.com\/tourtravelandmore\/","https:\/\/x.com\/TourTravel_More"]}]}},"_links":{"self":[{"href":"https:\/\/tourtravelandmore.com\/fr\/wp-json\/wp\/v2\/product\/173931","targetHints":{"allow":["GET"]}}],"collection":[{"href":"https:\/\/tourtravelandmore.com\/fr\/wp-json\/wp\/v2\/product"}],"about":[{"href":"https:\/\/tourtravelandmore.com\/fr\/wp-json\/wp\/v2\/types\/product"}],"replies":[{"embeddable":true,"href":"https:\/\/tourtravelandmore.com\/fr\/wp-json\/wp\/v2\/comments?post=173931"}],"wp:featuredmedia":[{"embeddable":true,"href":"https:\/\/tourtravelandmore.com\/fr\/wp-json\/wp\/v2\/media\/173941"}],"wp:attachment":[{"href":"https:\/\/tourtravelandmore.com\/fr\/wp-json\/wp\/v2\/media?parent=173931"}],"wp:term":[{"taxonomy":"product_brand","embeddable":true,"href":"https:\/\/tourtravelandmore.com\/fr\/wp-json\/wp\/v2\/product_brand?post=173931"},{"taxonomy":"product_cat","embeddable":true,"href":"https:\/\/tourtravelandmore.com\/fr\/wp-json\/wp\/v2\/product_cat?post=173931"},{"taxonomy":"product_tag","embeddable":true,"href":"https:\/\/tourtravelandmore.com\/fr\/wp-json\/wp\/v2\/product_tag?post=173931"}],"curies":[{"name":"wp","href":"https:\/\/api.w.org\/{rel}","templated":true}]}}