{"id":173905,"date":"2024-03-20T16:24:56","date_gmt":"2024-03-20T15:24:59","guid":{"rendered":"https:\/\/tourtravelandmore.com\/?post_type=product&#038;p=173905"},"modified":"2024-03-20T17:41:05","modified_gmt":"2024-03-20T16:41:05","slug":"visite-privee-a-pied-de-strasbourg-copy","status":"publish","type":"product","link":"https:\/\/tourtravelandmore.com\/fr\/tours\/france-fr\/strasbourg-fr\/visite-privee-a-pied-de-strasbourg-copy\/","title":{"rendered":"Visite priv\u00e9e de la r\u00e9gion Alsace avec le Haut Koenigsbourg au d\u00e9part de Strasbourg"},"content":{"rendered":"<h2>Description de l&#8217;excursion<\/h2>\n<p>Embarquez pour un d\u00e9licieux voyage \u00e0 travers la charmante r\u00e9gion de l&#8217;Alsace avec notre visite priv\u00e9e exclusive de la r\u00e9gion de l&#8217;Alsace avec le Haut Koenigsbourg au d\u00e9part de Strasbourg. D\u00e9couvrez les villes pittoresques de Colmar, Eguisheim et Riquewihr, connues pour leur charme m\u00e9di\u00e9val, leurs maisons \u00e0 colombages color\u00e9es et leur riche patrimoine alsacien.<\/p>\n<p>Ensuite, plongez dans l&#8217;histoire au majestueux ch\u00e2teau du Haut Koenigsbourg, perch\u00e9 au sommet d&#8217;une colline et offrant une vue imprenable sur les vignobles et les for\u00eats environnants.<\/p>\n<p>Tous nos circuits sont priv\u00e9s et personnalisables en fonction des int\u00e9r\u00eats de nos clients. Nos experts en voyage vous aideront \u00e0 organiser une exp\u00e9rience unique et sur mesure. L&#8217;ensemble de l&#8217;excursion sera organis\u00e9 selon vos d\u00e9sirs personnels.<\/p>\n<h2>Points d&#8217;int\u00e9r\u00eat &#8211; Visite priv\u00e9e de la r\u00e9gion Alsace avec le Haut Koenigsbourg au d\u00e9part de Strasbourg<\/h2>\n<p>Commencez votre journ\u00e9e en explorant les rues enchanteresses de Colmar. Cette ville est surnomm\u00e9e la &#8220;petite Venise&#8221; en raison de ses canaux pittoresques et de ses all\u00e9es fleuries. Admirez l&#8217;architecture m\u00e9di\u00e9vale bien pr\u00e9serv\u00e9e et visitez des sites tels que la vieille ville historique, le mus\u00e9e Unterlinden et le charmant quartier de la Petite Venise.<\/p>\n<p>Ensuite, direction le village de conte de f\u00e9es d&#8217;Eguisheim, r\u00e9put\u00e9 pour son plan circulaire et ses maisons \u00e0 colombages color\u00e9es, orn\u00e9es de fleurs \u00e9panouies. Promenez-vous dans les ruelles pav\u00e9es, visitez le ch\u00e2teau d&#8217;Eguisheim et savourez les sp\u00e9cialit\u00e9s alsaciennes locales dans les caf\u00e9s et tavernes \u00e0 vin pittoresques.<\/p>\n<p>Ensuite, d\u00e9couvrez l&#8217;ambiance m\u00e9di\u00e9vale de Riquewihr, une ville class\u00e9e \u00e0 l&#8217;UNESCO et entour\u00e9e de vignobles. D\u00e9couvrez les fortifications bien pr\u00e9serv\u00e9es, visitez des domaines viticoles familiaux pour des d\u00e9gustations de vin, et achetez des souvenirs comme des poteries alsaciennes et des d\u00e9lices r\u00e9gionaux le long de la charmante rue du G\u00e9n\u00e9ral de Gaulle.<\/p>\n<p>Enfin, montez jusqu&#8217;au magnifique ch\u00e2teau du Haut Koenigsbourg. C&#8217;est un symbole du pass\u00e9 m\u00e9di\u00e9val de l&#8217;Alsace. Explorez les impressionnants remparts, les tours et les salles int\u00e9rieures du ch\u00e2teau o\u00f9 sont expos\u00e9s des meubles et des armes d&#8217;\u00e9poque. De ce point de vue historique, vous aurez une vue panoramique sur la plaine d&#8217;Alsace et les Vosges.<\/p>\n<p>Comme indiqu\u00e9 ci-dessus, il s&#8217;agit d&#8217;une exp\u00e9rience priv\u00e9e et sur mesure. Nos experts en voyage vous aideront \u00e0 organiser votre visite priv\u00e9e de Strasbourg en fonction de vos go\u00fbts personnels. Nous ferons de notre mieux pour vous aider \u00e0 vivre une exp\u00e9rience inoubliable lors de votre visite de la merveilleuse ville de Strasbourg.<\/p>\n<p>Il s&#8217;agit d&#8217;une exp\u00e9rience sur mesure. L&#8217;heure de d\u00e9part, la dur\u00e9e et l&#8217;itin\u00e9raire sont enti\u00e8rement adaptables \u00e0 vos d\u00e9sirs personnels. Vous pouvez voir toutes nos visites priv\u00e9es \u00e0 Strasbourg ici.<\/p>\n","protected":false},"excerpt":{"rendered":"<p>Embarquez pour un d\u00e9licieux voyage \u00e0 travers la charmante r\u00e9gion de l&#8217;Alsace avec notre visite priv\u00e9e exclusive de la r\u00e9gion de l&#8217;Alsace avec le Haut Koenigsbourg au d\u00e9part de Strasbourg. D\u00e9couvrez les villes pittoresques de Colmar, Eguisheim et Riquewihr, connues pour leur charme m\u00e9di\u00e9val, leurs maisons \u00e0 colombages color\u00e9es et leur riche patrimoine alsacien.<\/p>\n","protected":false},"featured_media":173915,"comment_status":"open","ping_status":"closed","template":"","meta":{"_acf_changed":false},"product_brand":[],"product_cat":[5213,5216,5200],"product_tag":[],"class_list":{"0":"post-173905","1":"product","2":"type-product","3":"status-publish","4":"has-post-thumbnail","6":"product_cat-all-private-tours-fr-2","7":"product_cat-private-sightseeing-tours-fr-36","8":"product_cat-strasbourg-fr","10":"first","11":"instock","12":"shipping-taxable","13":"purchasable","14":"product-type-simple"},"acf":[],"yoast_head":"<!-- This site is optimized with the Yoast SEO Premium plugin v25.3.1 (Yoast SEO v25.3.1) - https:\/\/yoast.com\/wordpress\/plugins\/seo\/ -->\n<title>Visite priv\u00e9e de la r\u00e9gion Alsace avec le Haut Koenigsbourg - TTM<\/title>\n<meta name=\"description\" content=\"Visite priv\u00e9e de l&#039;Alsace avec le Haut Koenigsbourg au d\u00e9part de Strasbourg ! D\u00e9couvrez cette belle r\u00e9gion aux c\u00f4t\u00e9s de votre guide conf\u00e9rencier ! \u2705\" \/>\n<meta name=\"robots\" content=\"index, follow, max-snippet:-1, max-image-preview:large, max-video-preview:-1\" \/>\n<link rel=\"canonical\" href=\"https:\/\/tourtravelandmore.com\/fr\/tours\/france-fr\/strasbourg-fr\/visite-privee-a-pied-de-strasbourg-copy\/\" \/>\n<meta property=\"og:locale\" content=\"fr_FR\" \/>\n<meta property=\"og:type\" content=\"article\" \/>\n<meta property=\"og:title\" content=\"Visite priv\u00e9e de la r\u00e9gion Alsace avec le Haut Koenigsbourg au d\u00e9part de Strasbourg\" \/>\n<meta property=\"og:description\" content=\"Visite priv\u00e9e de l&#039;Alsace avec le Haut Koenigsbourg au d\u00e9part de Strasbourg ! D\u00e9couvrez cette belle r\u00e9gion aux c\u00f4t\u00e9s de votre guide conf\u00e9rencier ! \u2705\" \/>\n<meta property=\"og:url\" content=\"https:\/\/tourtravelandmore.com\/fr\/tours\/france-fr\/strasbourg-fr\/visite-privee-a-pied-de-strasbourg-copy\/\" \/>\n<meta property=\"og:site_name\" content=\"Tour Travel And More\" \/>\n<meta property=\"article:publisher\" content=\"https:\/\/www.facebook.com\/tourtravelandmore\/\" \/>\n<meta property=\"article:modified_time\" content=\"2024-03-20T16:41:05+00:00\" \/>\n<meta property=\"og:image\" content=\"https:\/\/tourtravelandmore.com\/wp-content\/uploads\/2024\/03\/pexels-julien-goettelmann-17185646.jpg\" \/>\n\t<meta property=\"og:image:width\" content=\"1280\" \/>\n\t<meta property=\"og:image:height\" content=\"720\" \/>\n\t<meta property=\"og:image:type\" content=\"image\/jpeg\" \/>\n<meta name=\"twitter:card\" content=\"summary_large_image\" \/>\n<meta name=\"twitter:site\" content=\"@TourTravel_More\" \/>\n<meta name=\"twitter:label1\" content=\"Dur\u00e9e de lecture estim\u00e9e\" \/>\n\t<meta name=\"twitter:data1\" content=\"2 minutes\" \/>\n<script type=\"application\/ld+json\" class=\"yoast-schema-graph\">{\"@context\":\"https:\/\/schema.org\",\"@graph\":[{\"@type\":\"WebPage\",\"@id\":\"https:\/\/tourtravelandmore.com\/fr\/tours\/france-fr\/strasbourg-fr\/visite-privee-a-pied-de-strasbourg-copy\/\",\"url\":\"https:\/\/tourtravelandmore.com\/fr\/tours\/france-fr\/strasbourg-fr\/visite-privee-a-pied-de-strasbourg-copy\/\",\"name\":\"Visite priv\u00e9e de la r\u00e9gion Alsace avec le Haut Koenigsbourg - TTM\",\"isPartOf\":{\"@id\":\"https:\/\/tourtravelandmore.com\/fr\/#website\"},\"primaryImageOfPage\":{\"@id\":\"https:\/\/tourtravelandmore.com\/fr\/tours\/france-fr\/strasbourg-fr\/visite-privee-a-pied-de-strasbourg-copy\/#primaryimage\"},\"image\":{\"@id\":\"https:\/\/tourtravelandmore.com\/fr\/tours\/france-fr\/strasbourg-fr\/visite-privee-a-pied-de-strasbourg-copy\/#primaryimage\"},\"thumbnailUrl\":\"https:\/\/tourtravelandmore.com\/wp-content\/uploads\/2024\/03\/pexels-julien-goettelmann-17185646.jpg\",\"datePublished\":\"2024-03-20T15:24:59+00:00\",\"dateModified\":\"2024-03-20T16:41:05+00:00\",\"description\":\"Visite priv\u00e9e de l'Alsace avec le Haut Koenigsbourg au d\u00e9part de Strasbourg ! D\u00e9couvrez cette belle r\u00e9gion aux c\u00f4t\u00e9s de votre guide conf\u00e9rencier ! \u2705\",\"breadcrumb\":{\"@id\":\"https:\/\/tourtravelandmore.com\/fr\/tours\/france-fr\/strasbourg-fr\/visite-privee-a-pied-de-strasbourg-copy\/#breadcrumb\"},\"inLanguage\":\"fr-FR\",\"potentialAction\":[{\"@type\":\"ReadAction\",\"target\":[\"https:\/\/tourtravelandmore.com\/fr\/tours\/france-fr\/strasbourg-fr\/visite-privee-a-pied-de-strasbourg-copy\/\"]}]},{\"@type\":\"ImageObject\",\"inLanguage\":\"fr-FR\",\"@id\":\"https:\/\/tourtravelandmore.com\/fr\/tours\/france-fr\/strasbourg-fr\/visite-privee-a-pied-de-strasbourg-copy\/#primaryimage\",\"url\":\"https:\/\/tourtravelandmore.com\/wp-content\/uploads\/2024\/03\/pexels-julien-goettelmann-17185646.jpg\",\"contentUrl\":\"https:\/\/tourtravelandmore.com\/wp-content\/uploads\/2024\/03\/pexels-julien-goettelmann-17185646.jpg\",\"width\":1280,\"height\":720},{\"@type\":\"BreadcrumbList\",\"@id\":\"https:\/\/tourtravelandmore.com\/fr\/tours\/france-fr\/strasbourg-fr\/visite-privee-a-pied-de-strasbourg-copy\/#breadcrumb\",\"itemListElement\":[{\"@type\":\"ListItem\",\"position\":1,\"name\":\"Home\",\"item\":\"https:\/\/tourtravelandmore.com\/fr\/\"},{\"@type\":\"ListItem\",\"position\":2,\"name\":\"Tours\",\"item\":\"https:\/\/tourtravelandmore.com\/fr\/tours\/\"},{\"@type\":\"ListItem\",\"position\":3,\"name\":\"Visite priv\u00e9e de la r\u00e9gion Alsace avec le Haut Koenigsbourg au d\u00e9part de Strasbourg\"}]},{\"@type\":\"WebSite\",\"@id\":\"https:\/\/tourtravelandmore.com\/fr\/#website\",\"url\":\"https:\/\/tourtravelandmore.com\/fr\/\",\"name\":\"Tour Travel And More\",\"description\":\"Private sightseeing tours and luxury transfers in Spain\",\"publisher\":{\"@id\":\"https:\/\/tourtravelandmore.com\/fr\/#organization\"},\"potentialAction\":[{\"@type\":\"SearchAction\",\"target\":{\"@type\":\"EntryPoint\",\"urlTemplate\":\"https:\/\/tourtravelandmore.com\/fr\/?s={search_term_string}\"},\"query-input\":{\"@type\":\"PropertyValueSpecification\",\"valueRequired\":true,\"valueName\":\"search_term_string\"}}],\"inLanguage\":\"fr-FR\"},{\"@type\":\"Organization\",\"@id\":\"https:\/\/tourtravelandmore.com\/fr\/#organization\",\"name\":\"Tour Travel And More\",\"url\":\"https:\/\/tourtravelandmore.com\/fr\/\",\"logo\":{\"@type\":\"ImageObject\",\"inLanguage\":\"fr-FR\",\"@id\":\"https:\/\/tourtravelandmore.com\/fr\/#\/schema\/logo\/image\/\",\"url\":\"https:\/\/tourtravelandmore.com\/wp-content\/uploads\/2022\/12\/cropped-logo-cabecera-new.png\",\"contentUrl\":\"https:\/\/tourtravelandmore.com\/wp-content\/uploads\/2022\/12\/cropped-logo-cabecera-new.png\",\"width\":430,\"height\":61,\"caption\":\"Tour Travel And More\"},\"image\":{\"@id\":\"https:\/\/tourtravelandmore.com\/fr\/#\/schema\/logo\/image\/\"},\"sameAs\":[\"https:\/\/www.facebook.com\/tourtravelandmore\/\",\"https:\/\/x.com\/TourTravel_More\"]}]}<\/script>\n<!-- \/ Yoast SEO Premium plugin. -->","yoast_head_json":{"title":"Visite priv\u00e9e de la r\u00e9gion Alsace avec le Haut Koenigsbourg - TTM","description":"Visite priv\u00e9e de l'Alsace avec le Haut Koenigsbourg au d\u00e9part de Strasbourg ! D\u00e9couvrez cette belle r\u00e9gion aux c\u00f4t\u00e9s de votre guide conf\u00e9rencier ! \u2705","robots":{"index":"index","follow":"follow","max-snippet":"max-snippet:-1","max-image-preview":"max-image-preview:large","max-video-preview":"max-video-preview:-1"},"canonical":"https:\/\/tourtravelandmore.com\/fr\/tours\/france-fr\/strasbourg-fr\/visite-privee-a-pied-de-strasbourg-copy\/","og_locale":"fr_FR","og_type":"article","og_title":"Visite priv\u00e9e de la r\u00e9gion Alsace avec le Haut Koenigsbourg au d\u00e9part de Strasbourg","og_description":"Visite priv\u00e9e de l'Alsace avec le Haut Koenigsbourg au d\u00e9part de Strasbourg ! D\u00e9couvrez cette belle r\u00e9gion aux c\u00f4t\u00e9s de votre guide conf\u00e9rencier ! \u2705","og_url":"https:\/\/tourtravelandmore.com\/fr\/tours\/france-fr\/strasbourg-fr\/visite-privee-a-pied-de-strasbourg-copy\/","og_site_name":"Tour Travel And More","article_publisher":"https:\/\/www.facebook.com\/tourtravelandmore\/","article_modified_time":"2024-03-20T16:41:05+00:00","og_image":[{"width":1280,"height":720,"url":"https:\/\/tourtravelandmore.com\/wp-content\/uploads\/2024\/03\/pexels-julien-goettelmann-17185646.jpg","type":"image\/jpeg"}],"twitter_card":"summary_large_image","twitter_site":"@TourTravel_More","twitter_misc":{"Dur\u00e9e de lecture estim\u00e9e":"2 minutes"},"schema":{"@context":"https:\/\/schema.org","@graph":[{"@type":"WebPage","@id":"https:\/\/tourtravelandmore.com\/fr\/tours\/france-fr\/strasbourg-fr\/visite-privee-a-pied-de-strasbourg-copy\/","url":"https:\/\/tourtravelandmore.com\/fr\/tours\/france-fr\/strasbourg-fr\/visite-privee-a-pied-de-strasbourg-copy\/","name":"Visite priv\u00e9e de la r\u00e9gion Alsace avec le Haut Koenigsbourg - TTM","isPartOf":{"@id":"https:\/\/tourtravelandmore.com\/fr\/#website"},"primaryImageOfPage":{"@id":"https:\/\/tourtravelandmore.com\/fr\/tours\/france-fr\/strasbourg-fr\/visite-privee-a-pied-de-strasbourg-copy\/#primaryimage"},"image":{"@id":"https:\/\/tourtravelandmore.com\/fr\/tours\/france-fr\/strasbourg-fr\/visite-privee-a-pied-de-strasbourg-copy\/#primaryimage"},"thumbnailUrl":"https:\/\/tourtravelandmore.com\/wp-content\/uploads\/2024\/03\/pexels-julien-goettelmann-17185646.jpg","datePublished":"2024-03-20T15:24:59+00:00","dateModified":"2024-03-20T16:41:05+00:00","description":"Visite priv\u00e9e de l'Alsace avec le Haut Koenigsbourg au d\u00e9part de Strasbourg ! D\u00e9couvrez cette belle r\u00e9gion aux c\u00f4t\u00e9s de votre guide conf\u00e9rencier ! \u2705","breadcrumb":{"@id":"https:\/\/tourtravelandmore.com\/fr\/tours\/france-fr\/strasbourg-fr\/visite-privee-a-pied-de-strasbourg-copy\/#breadcrumb"},"inLanguage":"fr-FR","potentialAction":[{"@type":"ReadAction","target":["https:\/\/tourtravelandmore.com\/fr\/tours\/france-fr\/strasbourg-fr\/visite-privee-a-pied-de-strasbourg-copy\/"]}]},{"@type":"ImageObject","inLanguage":"fr-FR","@id":"https:\/\/tourtravelandmore.com\/fr\/tours\/france-fr\/strasbourg-fr\/visite-privee-a-pied-de-strasbourg-copy\/#primaryimage","url":"https:\/\/tourtravelandmore.com\/wp-content\/uploads\/2024\/03\/pexels-julien-goettelmann-17185646.jpg","contentUrl":"https:\/\/tourtravelandmore.com\/wp-content\/uploads\/2024\/03\/pexels-julien-goettelmann-17185646.jpg","width":1280,"height":720},{"@type":"BreadcrumbList","@id":"https:\/\/tourtravelandmore.com\/fr\/tours\/france-fr\/strasbourg-fr\/visite-privee-a-pied-de-strasbourg-copy\/#breadcrumb","itemListElement":[{"@type":"ListItem","position":1,"name":"Home","item":"https:\/\/tourtravelandmore.com\/fr\/"},{"@type":"ListItem","position":2,"name":"Tours","item":"https:\/\/tourtravelandmore.com\/fr\/tours\/"},{"@type":"ListItem","position":3,"name":"Visite priv\u00e9e de la r\u00e9gion Alsace avec le Haut Koenigsbourg au d\u00e9part de Strasbourg"}]},{"@type":"WebSite","@id":"https:\/\/tourtravelandmore.com\/fr\/#website","url":"https:\/\/tourtravelandmore.com\/fr\/","name":"Tour Travel And More","description":"Private sightseeing tours and luxury transfers in Spain","publisher":{"@id":"https:\/\/tourtravelandmore.com\/fr\/#organization"},"potentialAction":[{"@type":"SearchAction","target":{"@type":"EntryPoint","urlTemplate":"https:\/\/tourtravelandmore.com\/fr\/?s={search_term_string}"},"query-input":{"@type":"PropertyValueSpecification","valueRequired":true,"valueName":"search_term_string"}}],"inLanguage":"fr-FR"},{"@type":"Organization","@id":"https:\/\/tourtravelandmore.com\/fr\/#organization","name":"Tour Travel And More","url":"https:\/\/tourtravelandmore.com\/fr\/","logo":{"@type":"ImageObject","inLanguage":"fr-FR","@id":"https:\/\/tourtravelandmore.com\/fr\/#\/schema\/logo\/image\/","url":"https:\/\/tourtravelandmore.com\/wp-content\/uploads\/2022\/12\/cropped-logo-cabecera-new.png","contentUrl":"https:\/\/tourtravelandmore.com\/wp-content\/uploads\/2022\/12\/cropped-logo-cabecera-new.png","width":430,"height":61,"caption":"Tour Travel And More"},"image":{"@id":"https:\/\/tourtravelandmore.com\/fr\/#\/schema\/logo\/image\/"},"sameAs":["https:\/\/www.facebook.com\/tourtravelandmore\/","https:\/\/x.com\/TourTravel_More"]}]}},"_links":{"self":[{"href":"https:\/\/tourtravelandmore.com\/fr\/wp-json\/wp\/v2\/product\/173905","targetHints":{"allow":["GET"]}}],"collection":[{"href":"https:\/\/tourtravelandmore.com\/fr\/wp-json\/wp\/v2\/product"}],"about":[{"href":"https:\/\/tourtravelandmore.com\/fr\/wp-json\/wp\/v2\/types\/product"}],"replies":[{"embeddable":true,"href":"https:\/\/tourtravelandmore.com\/fr\/wp-json\/wp\/v2\/comments?post=173905"}],"wp:featuredmedia":[{"embeddable":true,"href":"https:\/\/tourtravelandmore.com\/fr\/wp-json\/wp\/v2\/media\/173915"}],"wp:attachment":[{"href":"https:\/\/tourtravelandmore.com\/fr\/wp-json\/wp\/v2\/media?parent=173905"}],"wp:term":[{"taxonomy":"product_brand","embeddable":true,"href":"https:\/\/tourtravelandmore.com\/fr\/wp-json\/wp\/v2\/product_brand?post=173905"},{"taxonomy":"product_cat","embeddable":true,"href":"https:\/\/tourtravelandmore.com\/fr\/wp-json\/wp\/v2\/product_cat?post=173905"},{"taxonomy":"product_tag","embeddable":true,"href":"https:\/\/tourtravelandmore.com\/fr\/wp-json\/wp\/v2\/product_tag?post=173905"}],"curies":[{"name":"wp","href":"https:\/\/api.w.org\/{rel}","templated":true}]}}