{"id":173788,"date":"2024-03-15T17:24:36","date_gmt":"2024-03-15T16:24:38","guid":{"rendered":"https:\/\/tourtravelandmore.com\/?post_type=product&#038;p=173788"},"modified":"2024-03-15T17:39:16","modified_gmt":"2024-03-15T16:39:16","slug":"visite-privee-de-logrono-avec-visite-de-deux-caves-locales-copia","status":"publish","type":"product","link":"https:\/\/tourtravelandmore.com\/fr\/tours\/espagne-fr\/san-sebastian-fr\/toutes-les-visites-et-activites-privees-fr-7\/visite-privee-de-logrono-avec-visite-de-deux-caves-locales-copia\/","title":{"rendered":"Visite priv\u00e9e de 3 caves \u00e0 La Rioja au d\u00e9part de Saint-S\u00e9bastien"},"content":{"rendered":"<h2>Visite priv\u00e9e de 3 caves \u00e0 La Rioja au d\u00e9part de Saint-S\u00e9bastien Description :<\/h2>\n<p>Cette visite priv\u00e9e exclusive de 10 heures vous emm\u00e8nera de Saint-S\u00e9bastien \u00e0 la c\u00e9l\u00e8bre r\u00e9gion viticole de La Rioja, o\u00f9 vous aurez l&#8217;occasion de visiter trois de ses meilleurs domaines viticoles. D\u00e9couvrez la culture viticole espagnole en visitant de superbes vignobles et en profitant de d\u00e9gustations exceptionnelles. Il s&#8217;agit d&#8217;une visite priv\u00e9e de trois vignobles de La Rioja au d\u00e9part de Saint-S\u00e9bastien.<\/p>\n<p>Plongez dans la riche culture viticole de l&#8217;Espagne gr\u00e2ce \u00e0 notre visite priv\u00e9e exclusive de 10 heures de trois vignobles exceptionnels dans la superbe r\u00e9gion viticole de La Rioja, au d\u00e9part de Saint-S\u00e9bastien. Ce voyage vous emm\u00e8nera \u00e0 travers des paysages pittoresques tout en d\u00e9couvrant les secrets de fabrication des vins les plus prestigieux d&#8217;Espagne.<\/p>\n<p>Avec de vifs souvenirs des paysages pittoresques, des ar\u00f4mes s\u00e9duisants et des saveurs captivantes de La Rioja, cette visite priv\u00e9e avec Tour Travel &amp; More vous permettra d&#8217;appr\u00e9cier davantage le monde fascinant du vin espagnol.<\/p>\n<h2>Points forts :<\/h2>\n<p>Votre journ\u00e9e commence par un trajet confortable de Saint-S\u00e9bastien \u00e0 la r\u00e9gion viticole de La Rioja. Profitez du paysage tout au long de la route pour vous plonger dans le monde du vin. Notre premi\u00e8re destination est une cave traditionnelle o\u00f9 vous d\u00e9couvrirez le processus de fabrication du vin, de la vigne \u00e0 la bouteille. Vous profiterez d&#8217;une visite guid\u00e9e des installations et apprendrez \u00e0 conna\u00eetre les vari\u00e9t\u00e9s de raisin locales.<\/p>\n<p>Apr\u00e8s la visite, vous aurez l&#8217;occasion de d\u00e9guster une s\u00e9lection de vins de haute qualit\u00e9. Un viticulteur expert vous guidera \u00e0 travers les ar\u00f4mes et les saveurs de chaque vin, vous faisant vivre une exp\u00e9rience sensorielle unique.<\/p>\n<p>Nous poursuivrons notre visite en nous rendant dans deux autres caves, chacune ayant son propre style et sa propre approche \u0153nologique. D\u00e9couvrez la diversit\u00e9 des vins que La Rioja a \u00e0 offrir en explorant leurs installations et en d\u00e9gustant d&#8217;autres vins de grande qualit\u00e9.<\/p>\n<p>Apr\u00e8s une journ\u00e9e inoubliable pass\u00e9e \u00e0 explorer les caves de La Rioja et \u00e0 d\u00e9guster leurs vins, nous retournerons \u00e0 Saint-S\u00e9bastien, o\u00f9 se terminera notre visite priv\u00e9e.<\/p>\n<p>Cette visite priv\u00e9e est con\u00e7ue pour offrir un aper\u00e7u intime du patrimoine culturel et \u0153nologique de La Rioja, ce qui en fait une exp\u00e9rience inoubliable pour les amateurs de vin et les amoureux de la culture. Vous aurez \u00e0 choisir parmi une liste de caves telles que : Bodegas Marqu\u00e9s de Riscal, Bodegas Muga, Bodegas L\u00f3pez de Heredia Vi\u00f1a Tondonia, Bodegas Roda et Bodegas CVNE (Compa\u00f1\u00eda Vin\u00edcola del Norte de Espa\u00f1a). Le choix peut varier en fonction de la disponibilit\u00e9 de chaque cave.<\/p>\n<p>D\u00e9couvrez la charmante ville de Logro\u00f1o et les vignobles de renomm\u00e9e mondiale de La Rioja avec Tour Travel and More. Notre s\u00e9lection de circuits priv\u00e9s tri\u00e9s sur le volet, comprenant des visites exclusives de vignobles en petits groupes, offre une exploration personnalis\u00e9e et luxueuse de la r\u00e9gion viticole la plus c\u00e9l\u00e8bre d&#8217;Espagne.<\/p>\n","protected":false},"excerpt":{"rendered":"<p>Cette visite priv\u00e9e exclusive de 10 heures vous emm\u00e8nera de Saint-S\u00e9bastien \u00e0 la c\u00e9l\u00e8bre r\u00e9gion viticole de La Rioja, o\u00f9 vous aurez l&#8217;occasion de visiter trois de ses meilleurs domaines viticoles. D\u00e9couvrez la culture viticole espagnole en visitant de superbes vignobles et en profitant de d\u00e9gustations exceptionnelles. Il s&#8217;agit d&#8217;une visite priv\u00e9e de trois vignobles de La Rioja au d\u00e9part de Saint-S\u00e9bastien.<\/p>\n","protected":false},"featured_media":173799,"comment_status":"open","ping_status":"closed","template":"","meta":{"_acf_changed":false},"product_brand":[],"product_cat":[5085,4738,4737,5084,5086,4740,3574,3647],"product_tag":[],"class_list":{"0":"post-173788","1":"product","2":"type-product","3":"status-publish","4":"has-post-thumbnail","6":"product_cat-excursions-privees-dune-journee-fr-6","7":"product_cat-excursions-privees-dune-journee-fr-5","8":"product_cat-toutes-les-visites-et-activites-privees-fr-6","9":"product_cat-toutes-les-visites-et-activites-privees-fr-7","10":"product_cat-visites-guidees-privees-fr-11","11":"product_cat-visites-guidees-privees-fr-8","12":"product_cat-bilbao-fr","13":"product_cat-san-sebastian-fr","15":"first","16":"instock","17":"shipping-taxable","18":"purchasable","19":"product-type-simple"},"acf":[],"yoast_head":"<!-- This site is optimized with the Yoast SEO Premium plugin v25.3.1 (Yoast SEO v25.3.1) - https:\/\/yoast.com\/wordpress\/plugins\/seo\/ -->\n<title>\u27a1\ufe0f Visite priv\u00e9e de 3 caves \u00e0 La Rioja au d\u00e9part de Saint-S\u00e9bastien<\/title>\n<meta name=\"description\" content=\"Embarquez pour une visite priv\u00e9e de Logro\u00f1o avec des tapas et des visites exclusives de vignobles dans La Rioja. Un voyage vinicole vous attend ! \u2705\" \/>\n<meta name=\"robots\" content=\"index, follow, max-snippet:-1, max-image-preview:large, max-video-preview:-1\" \/>\n<link rel=\"canonical\" href=\"https:\/\/tourtravelandmore.com\/fr\/tours\/espagne-fr\/san-sebastian-fr\/toutes-les-visites-et-activites-privees-fr-7\/visite-privee-de-logrono-avec-visite-de-deux-caves-locales-copia\/\" \/>\n<meta property=\"og:locale\" content=\"fr_FR\" \/>\n<meta property=\"og:type\" content=\"article\" \/>\n<meta property=\"og:title\" content=\"Visite priv\u00e9e de 3 caves \u00e0 La Rioja au d\u00e9part de Saint-S\u00e9bastien\" \/>\n<meta property=\"og:description\" content=\"Embarquez pour une visite priv\u00e9e de Logro\u00f1o avec des tapas et des visites exclusives de vignobles dans La Rioja. Un voyage vinicole vous attend ! \u2705\" \/>\n<meta property=\"og:url\" content=\"https:\/\/tourtravelandmore.com\/fr\/tours\/espagne-fr\/san-sebastian-fr\/toutes-les-visites-et-activites-privees-fr-7\/visite-privee-de-logrono-avec-visite-de-deux-caves-locales-copia\/\" \/>\n<meta property=\"og:site_name\" content=\"Tour Travel And More\" \/>\n<meta property=\"article:publisher\" content=\"https:\/\/www.facebook.com\/tourtravelandmore\/\" \/>\n<meta property=\"article:modified_time\" content=\"2024-03-15T16:39:16+00:00\" \/>\n<meta property=\"og:image\" content=\"https:\/\/tourtravelandmore.com\/wp-content\/uploads\/2024\/03\/vineyard-428041_1280.jpg\" \/>\n\t<meta property=\"og:image:width\" content=\"1280\" \/>\n\t<meta property=\"og:image:height\" content=\"854\" \/>\n\t<meta property=\"og:image:type\" content=\"image\/jpeg\" \/>\n<meta name=\"twitter:card\" content=\"summary_large_image\" \/>\n<meta name=\"twitter:site\" content=\"@TourTravel_More\" \/>\n<meta name=\"twitter:label1\" content=\"Dur\u00e9e de lecture estim\u00e9e\" \/>\n\t<meta name=\"twitter:data1\" content=\"5 minutes\" \/>\n<script type=\"application\/ld+json\" class=\"yoast-schema-graph\">{\"@context\":\"https:\/\/schema.org\",\"@graph\":[{\"@type\":\"WebPage\",\"@id\":\"https:\/\/tourtravelandmore.com\/fr\/tours\/espagne-fr\/san-sebastian-fr\/toutes-les-visites-et-activites-privees-fr-7\/visite-privee-de-logrono-avec-visite-de-deux-caves-locales-copia\/\",\"url\":\"https:\/\/tourtravelandmore.com\/fr\/tours\/espagne-fr\/san-sebastian-fr\/toutes-les-visites-et-activites-privees-fr-7\/visite-privee-de-logrono-avec-visite-de-deux-caves-locales-copia\/\",\"name\":\"\u27a1\ufe0f Visite priv\u00e9e de 3 caves \u00e0 La Rioja au d\u00e9part de Saint-S\u00e9bastien\",\"isPartOf\":{\"@id\":\"https:\/\/tourtravelandmore.com\/fr\/#website\"},\"primaryImageOfPage\":{\"@id\":\"https:\/\/tourtravelandmore.com\/fr\/tours\/espagne-fr\/san-sebastian-fr\/toutes-les-visites-et-activites-privees-fr-7\/visite-privee-de-logrono-avec-visite-de-deux-caves-locales-copia\/#primaryimage\"},\"image\":{\"@id\":\"https:\/\/tourtravelandmore.com\/fr\/tours\/espagne-fr\/san-sebastian-fr\/toutes-les-visites-et-activites-privees-fr-7\/visite-privee-de-logrono-avec-visite-de-deux-caves-locales-copia\/#primaryimage\"},\"thumbnailUrl\":\"https:\/\/tourtravelandmore.com\/wp-content\/uploads\/2024\/03\/vineyard-428041_1280.jpg\",\"datePublished\":\"2024-03-15T16:24:38+00:00\",\"dateModified\":\"2024-03-15T16:39:16+00:00\",\"description\":\"Embarquez pour une visite priv\u00e9e de Logro\u00f1o avec des tapas et des visites exclusives de vignobles dans La Rioja. Un voyage vinicole vous attend ! \u2705\",\"breadcrumb\":{\"@id\":\"https:\/\/tourtravelandmore.com\/fr\/tours\/espagne-fr\/san-sebastian-fr\/toutes-les-visites-et-activites-privees-fr-7\/visite-privee-de-logrono-avec-visite-de-deux-caves-locales-copia\/#breadcrumb\"},\"inLanguage\":\"fr-FR\",\"potentialAction\":[{\"@type\":\"ReadAction\",\"target\":[\"https:\/\/tourtravelandmore.com\/fr\/tours\/espagne-fr\/san-sebastian-fr\/toutes-les-visites-et-activites-privees-fr-7\/visite-privee-de-logrono-avec-visite-de-deux-caves-locales-copia\/\"]}]},{\"@type\":\"ImageObject\",\"inLanguage\":\"fr-FR\",\"@id\":\"https:\/\/tourtravelandmore.com\/fr\/tours\/espagne-fr\/san-sebastian-fr\/toutes-les-visites-et-activites-privees-fr-7\/visite-privee-de-logrono-avec-visite-de-deux-caves-locales-copia\/#primaryimage\",\"url\":\"https:\/\/tourtravelandmore.com\/wp-content\/uploads\/2024\/03\/vineyard-428041_1280.jpg\",\"contentUrl\":\"https:\/\/tourtravelandmore.com\/wp-content\/uploads\/2024\/03\/vineyard-428041_1280.jpg\",\"width\":1280,\"height\":854},{\"@type\":\"BreadcrumbList\",\"@id\":\"https:\/\/tourtravelandmore.com\/fr\/tours\/espagne-fr\/san-sebastian-fr\/toutes-les-visites-et-activites-privees-fr-7\/visite-privee-de-logrono-avec-visite-de-deux-caves-locales-copia\/#breadcrumb\",\"itemListElement\":[{\"@type\":\"ListItem\",\"position\":1,\"name\":\"Home\",\"item\":\"https:\/\/tourtravelandmore.com\/fr\/\"},{\"@type\":\"ListItem\",\"position\":2,\"name\":\"Tours\",\"item\":\"https:\/\/tourtravelandmore.com\/fr\/tours\/\"},{\"@type\":\"ListItem\",\"position\":3,\"name\":\"Visite priv\u00e9e de 3 caves \u00e0 La Rioja au d\u00e9part de Saint-S\u00e9bastien\"}]},{\"@type\":\"WebSite\",\"@id\":\"https:\/\/tourtravelandmore.com\/fr\/#website\",\"url\":\"https:\/\/tourtravelandmore.com\/fr\/\",\"name\":\"Tour Travel And More\",\"description\":\"Private sightseeing tours and luxury transfers in Spain\",\"publisher\":{\"@id\":\"https:\/\/tourtravelandmore.com\/fr\/#organization\"},\"potentialAction\":[{\"@type\":\"SearchAction\",\"target\":{\"@type\":\"EntryPoint\",\"urlTemplate\":\"https:\/\/tourtravelandmore.com\/fr\/?s={search_term_string}\"},\"query-input\":{\"@type\":\"PropertyValueSpecification\",\"valueRequired\":true,\"valueName\":\"search_term_string\"}}],\"inLanguage\":\"fr-FR\"},{\"@type\":\"Organization\",\"@id\":\"https:\/\/tourtravelandmore.com\/fr\/#organization\",\"name\":\"Tour Travel And More\",\"url\":\"https:\/\/tourtravelandmore.com\/fr\/\",\"logo\":{\"@type\":\"ImageObject\",\"inLanguage\":\"fr-FR\",\"@id\":\"https:\/\/tourtravelandmore.com\/fr\/#\/schema\/logo\/image\/\",\"url\":\"https:\/\/tourtravelandmore.com\/wp-content\/uploads\/2022\/12\/cropped-logo-cabecera-new.png\",\"contentUrl\":\"https:\/\/tourtravelandmore.com\/wp-content\/uploads\/2022\/12\/cropped-logo-cabecera-new.png\",\"width\":430,\"height\":61,\"caption\":\"Tour Travel And More\"},\"image\":{\"@id\":\"https:\/\/tourtravelandmore.com\/fr\/#\/schema\/logo\/image\/\"},\"sameAs\":[\"https:\/\/www.facebook.com\/tourtravelandmore\/\",\"https:\/\/x.com\/TourTravel_More\"]}]}<\/script>\n<!-- \/ Yoast SEO Premium plugin. -->","yoast_head_json":{"title":"\u27a1\ufe0f Visite priv\u00e9e de 3 caves \u00e0 La Rioja au d\u00e9part de Saint-S\u00e9bastien","description":"Embarquez pour une visite priv\u00e9e de Logro\u00f1o avec des tapas et des visites exclusives de vignobles dans La Rioja. Un voyage vinicole vous attend ! \u2705","robots":{"index":"index","follow":"follow","max-snippet":"max-snippet:-1","max-image-preview":"max-image-preview:large","max-video-preview":"max-video-preview:-1"},"canonical":"https:\/\/tourtravelandmore.com\/fr\/tours\/espagne-fr\/san-sebastian-fr\/toutes-les-visites-et-activites-privees-fr-7\/visite-privee-de-logrono-avec-visite-de-deux-caves-locales-copia\/","og_locale":"fr_FR","og_type":"article","og_title":"Visite priv\u00e9e de 3 caves \u00e0 La Rioja au d\u00e9part de Saint-S\u00e9bastien","og_description":"Embarquez pour une visite priv\u00e9e de Logro\u00f1o avec des tapas et des visites exclusives de vignobles dans La Rioja. Un voyage vinicole vous attend ! \u2705","og_url":"https:\/\/tourtravelandmore.com\/fr\/tours\/espagne-fr\/san-sebastian-fr\/toutes-les-visites-et-activites-privees-fr-7\/visite-privee-de-logrono-avec-visite-de-deux-caves-locales-copia\/","og_site_name":"Tour Travel And More","article_publisher":"https:\/\/www.facebook.com\/tourtravelandmore\/","article_modified_time":"2024-03-15T16:39:16+00:00","og_image":[{"width":1280,"height":854,"url":"https:\/\/tourtravelandmore.com\/wp-content\/uploads\/2024\/03\/vineyard-428041_1280.jpg","type":"image\/jpeg"}],"twitter_card":"summary_large_image","twitter_site":"@TourTravel_More","twitter_misc":{"Dur\u00e9e de lecture estim\u00e9e":"5 minutes"},"schema":{"@context":"https:\/\/schema.org","@graph":[{"@type":"WebPage","@id":"https:\/\/tourtravelandmore.com\/fr\/tours\/espagne-fr\/san-sebastian-fr\/toutes-les-visites-et-activites-privees-fr-7\/visite-privee-de-logrono-avec-visite-de-deux-caves-locales-copia\/","url":"https:\/\/tourtravelandmore.com\/fr\/tours\/espagne-fr\/san-sebastian-fr\/toutes-les-visites-et-activites-privees-fr-7\/visite-privee-de-logrono-avec-visite-de-deux-caves-locales-copia\/","name":"\u27a1\ufe0f Visite priv\u00e9e de 3 caves \u00e0 La Rioja au d\u00e9part de Saint-S\u00e9bastien","isPartOf":{"@id":"https:\/\/tourtravelandmore.com\/fr\/#website"},"primaryImageOfPage":{"@id":"https:\/\/tourtravelandmore.com\/fr\/tours\/espagne-fr\/san-sebastian-fr\/toutes-les-visites-et-activites-privees-fr-7\/visite-privee-de-logrono-avec-visite-de-deux-caves-locales-copia\/#primaryimage"},"image":{"@id":"https:\/\/tourtravelandmore.com\/fr\/tours\/espagne-fr\/san-sebastian-fr\/toutes-les-visites-et-activites-privees-fr-7\/visite-privee-de-logrono-avec-visite-de-deux-caves-locales-copia\/#primaryimage"},"thumbnailUrl":"https:\/\/tourtravelandmore.com\/wp-content\/uploads\/2024\/03\/vineyard-428041_1280.jpg","datePublished":"2024-03-15T16:24:38+00:00","dateModified":"2024-03-15T16:39:16+00:00","description":"Embarquez pour une visite priv\u00e9e de Logro\u00f1o avec des tapas et des visites exclusives de vignobles dans La Rioja. Un voyage vinicole vous attend ! \u2705","breadcrumb":{"@id":"https:\/\/tourtravelandmore.com\/fr\/tours\/espagne-fr\/san-sebastian-fr\/toutes-les-visites-et-activites-privees-fr-7\/visite-privee-de-logrono-avec-visite-de-deux-caves-locales-copia\/#breadcrumb"},"inLanguage":"fr-FR","potentialAction":[{"@type":"ReadAction","target":["https:\/\/tourtravelandmore.com\/fr\/tours\/espagne-fr\/san-sebastian-fr\/toutes-les-visites-et-activites-privees-fr-7\/visite-privee-de-logrono-avec-visite-de-deux-caves-locales-copia\/"]}]},{"@type":"ImageObject","inLanguage":"fr-FR","@id":"https:\/\/tourtravelandmore.com\/fr\/tours\/espagne-fr\/san-sebastian-fr\/toutes-les-visites-et-activites-privees-fr-7\/visite-privee-de-logrono-avec-visite-de-deux-caves-locales-copia\/#primaryimage","url":"https:\/\/tourtravelandmore.com\/wp-content\/uploads\/2024\/03\/vineyard-428041_1280.jpg","contentUrl":"https:\/\/tourtravelandmore.com\/wp-content\/uploads\/2024\/03\/vineyard-428041_1280.jpg","width":1280,"height":854},{"@type":"BreadcrumbList","@id":"https:\/\/tourtravelandmore.com\/fr\/tours\/espagne-fr\/san-sebastian-fr\/toutes-les-visites-et-activites-privees-fr-7\/visite-privee-de-logrono-avec-visite-de-deux-caves-locales-copia\/#breadcrumb","itemListElement":[{"@type":"ListItem","position":1,"name":"Home","item":"https:\/\/tourtravelandmore.com\/fr\/"},{"@type":"ListItem","position":2,"name":"Tours","item":"https:\/\/tourtravelandmore.com\/fr\/tours\/"},{"@type":"ListItem","position":3,"name":"Visite priv\u00e9e de 3 caves \u00e0 La Rioja au d\u00e9part de Saint-S\u00e9bastien"}]},{"@type":"WebSite","@id":"https:\/\/tourtravelandmore.com\/fr\/#website","url":"https:\/\/tourtravelandmore.com\/fr\/","name":"Tour Travel And More","description":"Private sightseeing tours and luxury transfers in Spain","publisher":{"@id":"https:\/\/tourtravelandmore.com\/fr\/#organization"},"potentialAction":[{"@type":"SearchAction","target":{"@type":"EntryPoint","urlTemplate":"https:\/\/tourtravelandmore.com\/fr\/?s={search_term_string}"},"query-input":{"@type":"PropertyValueSpecification","valueRequired":true,"valueName":"search_term_string"}}],"inLanguage":"fr-FR"},{"@type":"Organization","@id":"https:\/\/tourtravelandmore.com\/fr\/#organization","name":"Tour Travel And More","url":"https:\/\/tourtravelandmore.com\/fr\/","logo":{"@type":"ImageObject","inLanguage":"fr-FR","@id":"https:\/\/tourtravelandmore.com\/fr\/#\/schema\/logo\/image\/","url":"https:\/\/tourtravelandmore.com\/wp-content\/uploads\/2022\/12\/cropped-logo-cabecera-new.png","contentUrl":"https:\/\/tourtravelandmore.com\/wp-content\/uploads\/2022\/12\/cropped-logo-cabecera-new.png","width":430,"height":61,"caption":"Tour Travel And More"},"image":{"@id":"https:\/\/tourtravelandmore.com\/fr\/#\/schema\/logo\/image\/"},"sameAs":["https:\/\/www.facebook.com\/tourtravelandmore\/","https:\/\/x.com\/TourTravel_More"]}]}},"_links":{"self":[{"href":"https:\/\/tourtravelandmore.com\/fr\/wp-json\/wp\/v2\/product\/173788","targetHints":{"allow":["GET"]}}],"collection":[{"href":"https:\/\/tourtravelandmore.com\/fr\/wp-json\/wp\/v2\/product"}],"about":[{"href":"https:\/\/tourtravelandmore.com\/fr\/wp-json\/wp\/v2\/types\/product"}],"replies":[{"embeddable":true,"href":"https:\/\/tourtravelandmore.com\/fr\/wp-json\/wp\/v2\/comments?post=173788"}],"wp:featuredmedia":[{"embeddable":true,"href":"https:\/\/tourtravelandmore.com\/fr\/wp-json\/wp\/v2\/media\/173799"}],"wp:attachment":[{"href":"https:\/\/tourtravelandmore.com\/fr\/wp-json\/wp\/v2\/media?parent=173788"}],"wp:term":[{"taxonomy":"product_brand","embeddable":true,"href":"https:\/\/tourtravelandmore.com\/fr\/wp-json\/wp\/v2\/product_brand?post=173788"},{"taxonomy":"product_cat","embeddable":true,"href":"https:\/\/tourtravelandmore.com\/fr\/wp-json\/wp\/v2\/product_cat?post=173788"},{"taxonomy":"product_tag","embeddable":true,"href":"https:\/\/tourtravelandmore.com\/fr\/wp-json\/wp\/v2\/product_tag?post=173788"}],"curies":[{"name":"wp","href":"https:\/\/api.w.org\/{rel}","templated":true}]}}