{"id":173760,"date":"2024-03-15T15:24:57","date_gmt":"2024-03-15T14:24:59","guid":{"rendered":"https:\/\/tourtravelandmore.com\/?post_type=product&#038;p=173760"},"modified":"2024-03-15T15:43:05","modified_gmt":"2024-03-15T14:43:05","slug":"visite-privee-a-pied-de-saint-sebastien-copia","status":"publish","type":"product","link":"https:\/\/tourtravelandmore.com\/fr\/tours\/espagne-fr\/san-sebastian-fr\/toutes-les-visites-et-activites-privees-fr-7\/visite-privee-a-pied-de-saint-sebastien-copia\/","title":{"rendered":"Visite priv\u00e9e \u00e0 pied du centre-ville de Saint-S\u00e9bastien"},"content":{"rendered":"<h2>Description de la visite<\/h2>\n<p>Participez \u00e0 une visite fascinante dans les belles rues de Saint-S\u00e9bastien gr\u00e2ce \u00e0 notre visite priv\u00e9e exclusive du centre-ville. Accompagn\u00e9 d&#8217;un guide exp\u00e9riment\u00e9, plongez dans la culture, l&#8217;histoire et la beaut\u00e9 de cette incroyable ville basque.<\/p>\n<p>Votre aventure commence \u00e0 un point de rencontre pratique dans le centre de Saint-S\u00e9bastien. Une fois que vous aurez rencontr\u00e9 votre guide priv\u00e9, pr\u00e9parez-vous \u00e0 explorer les points forts de la ville. Votre guide vous racontera des histoires captivantes et des anecdotes int\u00e9ressantes qui feront revivre l&#8217;histoire de Saint-S\u00e9bastien devant vous.<\/p>\n<p>En vous promenant dans les charmantes rues de la vieille ville, vous d\u00e9couvrirez des places cach\u00e9es, de charmantes boutiques et des bars traditionnels o\u00f9 vous pourrez go\u00fbter aux saveurs culinaires locales. Votre guide vous recommandera les sp\u00e9cialit\u00e9s les plus remarquables et vous donnera des conseils utiles pour votre visite.<\/p>\n<h2>Points d&#8217;int\u00e9r\u00eat : Visite priv\u00e9e \u00e0 pied du centre-ville de Saint-S\u00e9bastien<\/h2>\n<p>D\u00e9couvrez l&#8217;une des villes les plus impressionnantes d&#8217;Espagne gr\u00e2ce \u00e0 notre visite priv\u00e9e exclusive \u00e0 pied du centre de Saint-S\u00e9bastien. Nos guides experts personnaliseront l&#8217;itin\u00e9raire en fonction de vos int\u00e9r\u00eats, en veillant \u00e0 ce que vous exploriez tous les coins sp\u00e9ciaux et les attractions \u00e0 ne pas manquer le long du chemin.<\/p>\n<p>Laissez-vous \u00e9blouir par l&#8217;incroyable beaut\u00e9 de La Concha, l&#8217;une des plages urbaines les plus c\u00e9l\u00e8bres d&#8217;Europe, tout en d\u00e9couvrant son histoire fascinante et son importance pour les habitants. Plongez dans le charme historique de la vieille ville de Saint-S\u00e9bastien, en parcourant ses ruelles \u00e9troites pour d\u00e9couvrir des joyaux cach\u00e9s, en d\u00e9gustant des pintxos traditionnels dans des bars accueillants et en vous \u00e9merveillant devant l&#8217;architecture ancienne. Admirez la majest\u00e9 de la cath\u00e9drale du Bon Pasteur, symbole de la foi et de l&#8217;h\u00e9ritage de la ville, tout en d\u00e9couvrant sa construction et son importance historique.<\/p>\n<p>D\u00e9couvrez la pr\u00e9sence imposante de la sculpture embl\u00e9matique d&#8217;Eduardo Chillida &#8220;El Peine del Viento&#8221;, avec le golfe de Gascogne en toile de fond, et plongez-vous dans l&#8217;histoire de cette \u0153uvre d&#8217;art captivante. Explorez le charme romantique du centre-ville de Saint-S\u00e9bastien, avec son architecture \u00e9l\u00e9gante, ses places anim\u00e9es et ses charmants caf\u00e9s, et d\u00e9couvrez pourquoi ce quartier s\u00e9duit les visiteurs depuis des g\u00e9n\u00e9rations.<\/p>\n<p>\u00c0 la fin de l&#8217;excursion, vous retournerez au centre de Saint-S\u00e9bastien avec des souvenirs inoubliables de votre exp\u00e9rience unique d&#8217;exploration de cette ville fascinante.<\/p>\n<p>Cliquez pour r\u00e9server maintenant et embarquez pour un voyage qui vous promet non seulement des vues, mais aussi des souvenirs inoubliables dans le joyau de la couronne du Pays basque &#8211; votre aventure \u00e0 Saint-S\u00e9bastien vous attend !<\/p>\n","protected":false},"excerpt":{"rendered":"<p><span style=\"font-weight: 400;\">Plongez dans la beaut\u00e9 et la culture de San Sebasti\u00e1n gr\u00e2ce \u00e0 notre visite priv\u00e9e exclusive de d\u00e9couverte de la ville. D\u00e9couvrez des sites historiques, des rues charmantes et des vues panoramiques, guid\u00e9s par des experts comp\u00e9tents \u00e0 chaque \u00e9tape.<\/span><\/p>\n","protected":false},"featured_media":173771,"comment_status":"open","ping_status":"closed","template":"","meta":{"_acf_changed":false},"product_brand":[],"product_cat":[5084,5088,3647],"product_tag":[],"class_list":{"0":"post-173760","1":"product","2":"type-product","3":"status-publish","4":"has-post-thumbnail","6":"product_cat-toutes-les-visites-et-activites-privees-fr-7","7":"product_cat-visites-a-pied-privees-fr-10","8":"product_cat-san-sebastian-fr","10":"first","11":"instock","12":"shipping-taxable","13":"purchasable","14":"product-type-simple"},"acf":[],"yoast_head":"<!-- This site is optimized with the Yoast SEO Premium plugin v25.3.1 (Yoast SEO v25.3.1) - https:\/\/yoast.com\/wordpress\/plugins\/seo\/ -->\n<title>\u27a1\ufe0f Visite priv\u00e9e \u00e0 pied du centre-ville de Saint-S\u00e9bastien | Tour Travel &amp; More<\/title>\n<meta name=\"description\" content=\"D\u00e9couvrez le charme de San Sebasti\u00e1n gr\u00e2ce \u00e0 notre circuit p\u00e9destre priv\u00e9 exclusif de d\u00e9couverte de San Sebasti\u00e1n \u2705\" \/>\n<meta name=\"robots\" content=\"index, follow, max-snippet:-1, max-image-preview:large, max-video-preview:-1\" \/>\n<link rel=\"canonical\" href=\"https:\/\/tourtravelandmore.com\/fr\/tours\/espagne-fr\/san-sebastian-fr\/toutes-les-visites-et-activites-privees-fr-7\/visite-privee-a-pied-de-saint-sebastien-copia\/\" \/>\n<meta property=\"og:locale\" content=\"fr_FR\" \/>\n<meta property=\"og:type\" content=\"article\" \/>\n<meta property=\"og:title\" content=\"Visite priv\u00e9e \u00e0 pied du centre-ville de Saint-S\u00e9bastien\" \/>\n<meta property=\"og:description\" content=\"D\u00e9couvrez le charme de San Sebasti\u00e1n gr\u00e2ce \u00e0 notre circuit p\u00e9destre priv\u00e9 exclusif de d\u00e9couverte de San Sebasti\u00e1n \u2705\" \/>\n<meta property=\"og:url\" content=\"https:\/\/tourtravelandmore.com\/fr\/tours\/espagne-fr\/san-sebastian-fr\/toutes-les-visites-et-activites-privees-fr-7\/visite-privee-a-pied-de-saint-sebastien-copia\/\" \/>\n<meta property=\"og:site_name\" content=\"Tour Travel And More\" \/>\n<meta property=\"article:publisher\" content=\"https:\/\/www.facebook.com\/tourtravelandmore\/\" \/>\n<meta property=\"article:modified_time\" content=\"2024-03-15T14:43:05+00:00\" \/>\n<meta property=\"og:image\" content=\"https:\/\/tourtravelandmore.com\/wp-content\/uploads\/2024\/03\/port-106908_1280.jpg\" \/>\n\t<meta property=\"og:image:width\" content=\"1280\" \/>\n\t<meta property=\"og:image:height\" content=\"857\" \/>\n\t<meta property=\"og:image:type\" content=\"image\/jpeg\" \/>\n<meta name=\"twitter:card\" content=\"summary_large_image\" \/>\n<meta name=\"twitter:site\" content=\"@TourTravel_More\" \/>\n<meta name=\"twitter:label1\" content=\"Dur\u00e9e de lecture estim\u00e9e\" \/>\n\t<meta name=\"twitter:data1\" content=\"3 minutes\" \/>\n<script type=\"application\/ld+json\" class=\"yoast-schema-graph\">{\"@context\":\"https:\/\/schema.org\",\"@graph\":[{\"@type\":\"WebPage\",\"@id\":\"https:\/\/tourtravelandmore.com\/fr\/tours\/espagne-fr\/san-sebastian-fr\/toutes-les-visites-et-activites-privees-fr-7\/visite-privee-a-pied-de-saint-sebastien-copia\/\",\"url\":\"https:\/\/tourtravelandmore.com\/fr\/tours\/espagne-fr\/san-sebastian-fr\/toutes-les-visites-et-activites-privees-fr-7\/visite-privee-a-pied-de-saint-sebastien-copia\/\",\"name\":\"\u27a1\ufe0f Visite priv\u00e9e \u00e0 pied du centre-ville de Saint-S\u00e9bastien | Tour Travel & More\",\"isPartOf\":{\"@id\":\"https:\/\/tourtravelandmore.com\/fr\/#website\"},\"primaryImageOfPage\":{\"@id\":\"https:\/\/tourtravelandmore.com\/fr\/tours\/espagne-fr\/san-sebastian-fr\/toutes-les-visites-et-activites-privees-fr-7\/visite-privee-a-pied-de-saint-sebastien-copia\/#primaryimage\"},\"image\":{\"@id\":\"https:\/\/tourtravelandmore.com\/fr\/tours\/espagne-fr\/san-sebastian-fr\/toutes-les-visites-et-activites-privees-fr-7\/visite-privee-a-pied-de-saint-sebastien-copia\/#primaryimage\"},\"thumbnailUrl\":\"https:\/\/tourtravelandmore.com\/wp-content\/uploads\/2024\/03\/port-106908_1280.jpg\",\"datePublished\":\"2024-03-15T14:24:59+00:00\",\"dateModified\":\"2024-03-15T14:43:05+00:00\",\"description\":\"D\u00e9couvrez le charme de San Sebasti\u00e1n gr\u00e2ce \u00e0 notre circuit p\u00e9destre priv\u00e9 exclusif de d\u00e9couverte de San Sebasti\u00e1n \u2705\",\"breadcrumb\":{\"@id\":\"https:\/\/tourtravelandmore.com\/fr\/tours\/espagne-fr\/san-sebastian-fr\/toutes-les-visites-et-activites-privees-fr-7\/visite-privee-a-pied-de-saint-sebastien-copia\/#breadcrumb\"},\"inLanguage\":\"fr-FR\",\"potentialAction\":[{\"@type\":\"ReadAction\",\"target\":[\"https:\/\/tourtravelandmore.com\/fr\/tours\/espagne-fr\/san-sebastian-fr\/toutes-les-visites-et-activites-privees-fr-7\/visite-privee-a-pied-de-saint-sebastien-copia\/\"]}]},{\"@type\":\"ImageObject\",\"inLanguage\":\"fr-FR\",\"@id\":\"https:\/\/tourtravelandmore.com\/fr\/tours\/espagne-fr\/san-sebastian-fr\/toutes-les-visites-et-activites-privees-fr-7\/visite-privee-a-pied-de-saint-sebastien-copia\/#primaryimage\",\"url\":\"https:\/\/tourtravelandmore.com\/wp-content\/uploads\/2024\/03\/port-106908_1280.jpg\",\"contentUrl\":\"https:\/\/tourtravelandmore.com\/wp-content\/uploads\/2024\/03\/port-106908_1280.jpg\",\"width\":1280,\"height\":857},{\"@type\":\"BreadcrumbList\",\"@id\":\"https:\/\/tourtravelandmore.com\/fr\/tours\/espagne-fr\/san-sebastian-fr\/toutes-les-visites-et-activites-privees-fr-7\/visite-privee-a-pied-de-saint-sebastien-copia\/#breadcrumb\",\"itemListElement\":[{\"@type\":\"ListItem\",\"position\":1,\"name\":\"Home\",\"item\":\"https:\/\/tourtravelandmore.com\/fr\/\"},{\"@type\":\"ListItem\",\"position\":2,\"name\":\"Tours\",\"item\":\"https:\/\/tourtravelandmore.com\/fr\/tours\/\"},{\"@type\":\"ListItem\",\"position\":3,\"name\":\"Visite priv\u00e9e \u00e0 pied du centre-ville de Saint-S\u00e9bastien\"}]},{\"@type\":\"WebSite\",\"@id\":\"https:\/\/tourtravelandmore.com\/fr\/#website\",\"url\":\"https:\/\/tourtravelandmore.com\/fr\/\",\"name\":\"Tour Travel And More\",\"description\":\"Private sightseeing tours and luxury transfers in Spain\",\"publisher\":{\"@id\":\"https:\/\/tourtravelandmore.com\/fr\/#organization\"},\"potentialAction\":[{\"@type\":\"SearchAction\",\"target\":{\"@type\":\"EntryPoint\",\"urlTemplate\":\"https:\/\/tourtravelandmore.com\/fr\/?s={search_term_string}\"},\"query-input\":{\"@type\":\"PropertyValueSpecification\",\"valueRequired\":true,\"valueName\":\"search_term_string\"}}],\"inLanguage\":\"fr-FR\"},{\"@type\":\"Organization\",\"@id\":\"https:\/\/tourtravelandmore.com\/fr\/#organization\",\"name\":\"Tour Travel And More\",\"url\":\"https:\/\/tourtravelandmore.com\/fr\/\",\"logo\":{\"@type\":\"ImageObject\",\"inLanguage\":\"fr-FR\",\"@id\":\"https:\/\/tourtravelandmore.com\/fr\/#\/schema\/logo\/image\/\",\"url\":\"https:\/\/tourtravelandmore.com\/wp-content\/uploads\/2022\/12\/cropped-logo-cabecera-new.png\",\"contentUrl\":\"https:\/\/tourtravelandmore.com\/wp-content\/uploads\/2022\/12\/cropped-logo-cabecera-new.png\",\"width\":430,\"height\":61,\"caption\":\"Tour Travel And More\"},\"image\":{\"@id\":\"https:\/\/tourtravelandmore.com\/fr\/#\/schema\/logo\/image\/\"},\"sameAs\":[\"https:\/\/www.facebook.com\/tourtravelandmore\/\",\"https:\/\/x.com\/TourTravel_More\"]}]}<\/script>\n<!-- \/ Yoast SEO Premium plugin. -->","yoast_head_json":{"title":"\u27a1\ufe0f Visite priv\u00e9e \u00e0 pied du centre-ville de Saint-S\u00e9bastien | Tour Travel & More","description":"D\u00e9couvrez le charme de San Sebasti\u00e1n gr\u00e2ce \u00e0 notre circuit p\u00e9destre priv\u00e9 exclusif de d\u00e9couverte de San Sebasti\u00e1n \u2705","robots":{"index":"index","follow":"follow","max-snippet":"max-snippet:-1","max-image-preview":"max-image-preview:large","max-video-preview":"max-video-preview:-1"},"canonical":"https:\/\/tourtravelandmore.com\/fr\/tours\/espagne-fr\/san-sebastian-fr\/toutes-les-visites-et-activites-privees-fr-7\/visite-privee-a-pied-de-saint-sebastien-copia\/","og_locale":"fr_FR","og_type":"article","og_title":"Visite priv\u00e9e \u00e0 pied du centre-ville de Saint-S\u00e9bastien","og_description":"D\u00e9couvrez le charme de San Sebasti\u00e1n gr\u00e2ce \u00e0 notre circuit p\u00e9destre priv\u00e9 exclusif de d\u00e9couverte de San Sebasti\u00e1n \u2705","og_url":"https:\/\/tourtravelandmore.com\/fr\/tours\/espagne-fr\/san-sebastian-fr\/toutes-les-visites-et-activites-privees-fr-7\/visite-privee-a-pied-de-saint-sebastien-copia\/","og_site_name":"Tour Travel And More","article_publisher":"https:\/\/www.facebook.com\/tourtravelandmore\/","article_modified_time":"2024-03-15T14:43:05+00:00","og_image":[{"width":1280,"height":857,"url":"https:\/\/tourtravelandmore.com\/wp-content\/uploads\/2024\/03\/port-106908_1280.jpg","type":"image\/jpeg"}],"twitter_card":"summary_large_image","twitter_site":"@TourTravel_More","twitter_misc":{"Dur\u00e9e de lecture estim\u00e9e":"3 minutes"},"schema":{"@context":"https:\/\/schema.org","@graph":[{"@type":"WebPage","@id":"https:\/\/tourtravelandmore.com\/fr\/tours\/espagne-fr\/san-sebastian-fr\/toutes-les-visites-et-activites-privees-fr-7\/visite-privee-a-pied-de-saint-sebastien-copia\/","url":"https:\/\/tourtravelandmore.com\/fr\/tours\/espagne-fr\/san-sebastian-fr\/toutes-les-visites-et-activites-privees-fr-7\/visite-privee-a-pied-de-saint-sebastien-copia\/","name":"\u27a1\ufe0f Visite priv\u00e9e \u00e0 pied du centre-ville de Saint-S\u00e9bastien | Tour Travel & More","isPartOf":{"@id":"https:\/\/tourtravelandmore.com\/fr\/#website"},"primaryImageOfPage":{"@id":"https:\/\/tourtravelandmore.com\/fr\/tours\/espagne-fr\/san-sebastian-fr\/toutes-les-visites-et-activites-privees-fr-7\/visite-privee-a-pied-de-saint-sebastien-copia\/#primaryimage"},"image":{"@id":"https:\/\/tourtravelandmore.com\/fr\/tours\/espagne-fr\/san-sebastian-fr\/toutes-les-visites-et-activites-privees-fr-7\/visite-privee-a-pied-de-saint-sebastien-copia\/#primaryimage"},"thumbnailUrl":"https:\/\/tourtravelandmore.com\/wp-content\/uploads\/2024\/03\/port-106908_1280.jpg","datePublished":"2024-03-15T14:24:59+00:00","dateModified":"2024-03-15T14:43:05+00:00","description":"D\u00e9couvrez le charme de San Sebasti\u00e1n gr\u00e2ce \u00e0 notre circuit p\u00e9destre priv\u00e9 exclusif de d\u00e9couverte de San Sebasti\u00e1n \u2705","breadcrumb":{"@id":"https:\/\/tourtravelandmore.com\/fr\/tours\/espagne-fr\/san-sebastian-fr\/toutes-les-visites-et-activites-privees-fr-7\/visite-privee-a-pied-de-saint-sebastien-copia\/#breadcrumb"},"inLanguage":"fr-FR","potentialAction":[{"@type":"ReadAction","target":["https:\/\/tourtravelandmore.com\/fr\/tours\/espagne-fr\/san-sebastian-fr\/toutes-les-visites-et-activites-privees-fr-7\/visite-privee-a-pied-de-saint-sebastien-copia\/"]}]},{"@type":"ImageObject","inLanguage":"fr-FR","@id":"https:\/\/tourtravelandmore.com\/fr\/tours\/espagne-fr\/san-sebastian-fr\/toutes-les-visites-et-activites-privees-fr-7\/visite-privee-a-pied-de-saint-sebastien-copia\/#primaryimage","url":"https:\/\/tourtravelandmore.com\/wp-content\/uploads\/2024\/03\/port-106908_1280.jpg","contentUrl":"https:\/\/tourtravelandmore.com\/wp-content\/uploads\/2024\/03\/port-106908_1280.jpg","width":1280,"height":857},{"@type":"BreadcrumbList","@id":"https:\/\/tourtravelandmore.com\/fr\/tours\/espagne-fr\/san-sebastian-fr\/toutes-les-visites-et-activites-privees-fr-7\/visite-privee-a-pied-de-saint-sebastien-copia\/#breadcrumb","itemListElement":[{"@type":"ListItem","position":1,"name":"Home","item":"https:\/\/tourtravelandmore.com\/fr\/"},{"@type":"ListItem","position":2,"name":"Tours","item":"https:\/\/tourtravelandmore.com\/fr\/tours\/"},{"@type":"ListItem","position":3,"name":"Visite priv\u00e9e \u00e0 pied du centre-ville de Saint-S\u00e9bastien"}]},{"@type":"WebSite","@id":"https:\/\/tourtravelandmore.com\/fr\/#website","url":"https:\/\/tourtravelandmore.com\/fr\/","name":"Tour Travel And More","description":"Private sightseeing tours and luxury transfers in Spain","publisher":{"@id":"https:\/\/tourtravelandmore.com\/fr\/#organization"},"potentialAction":[{"@type":"SearchAction","target":{"@type":"EntryPoint","urlTemplate":"https:\/\/tourtravelandmore.com\/fr\/?s={search_term_string}"},"query-input":{"@type":"PropertyValueSpecification","valueRequired":true,"valueName":"search_term_string"}}],"inLanguage":"fr-FR"},{"@type":"Organization","@id":"https:\/\/tourtravelandmore.com\/fr\/#organization","name":"Tour Travel And More","url":"https:\/\/tourtravelandmore.com\/fr\/","logo":{"@type":"ImageObject","inLanguage":"fr-FR","@id":"https:\/\/tourtravelandmore.com\/fr\/#\/schema\/logo\/image\/","url":"https:\/\/tourtravelandmore.com\/wp-content\/uploads\/2022\/12\/cropped-logo-cabecera-new.png","contentUrl":"https:\/\/tourtravelandmore.com\/wp-content\/uploads\/2022\/12\/cropped-logo-cabecera-new.png","width":430,"height":61,"caption":"Tour Travel And More"},"image":{"@id":"https:\/\/tourtravelandmore.com\/fr\/#\/schema\/logo\/image\/"},"sameAs":["https:\/\/www.facebook.com\/tourtravelandmore\/","https:\/\/x.com\/TourTravel_More"]}]}},"_links":{"self":[{"href":"https:\/\/tourtravelandmore.com\/fr\/wp-json\/wp\/v2\/product\/173760","targetHints":{"allow":["GET"]}}],"collection":[{"href":"https:\/\/tourtravelandmore.com\/fr\/wp-json\/wp\/v2\/product"}],"about":[{"href":"https:\/\/tourtravelandmore.com\/fr\/wp-json\/wp\/v2\/types\/product"}],"replies":[{"embeddable":true,"href":"https:\/\/tourtravelandmore.com\/fr\/wp-json\/wp\/v2\/comments?post=173760"}],"wp:featuredmedia":[{"embeddable":true,"href":"https:\/\/tourtravelandmore.com\/fr\/wp-json\/wp\/v2\/media\/173771"}],"wp:attachment":[{"href":"https:\/\/tourtravelandmore.com\/fr\/wp-json\/wp\/v2\/media?parent=173760"}],"wp:term":[{"taxonomy":"product_brand","embeddable":true,"href":"https:\/\/tourtravelandmore.com\/fr\/wp-json\/wp\/v2\/product_brand?post=173760"},{"taxonomy":"product_cat","embeddable":true,"href":"https:\/\/tourtravelandmore.com\/fr\/wp-json\/wp\/v2\/product_cat?post=173760"},{"taxonomy":"product_tag","embeddable":true,"href":"https:\/\/tourtravelandmore.com\/fr\/wp-json\/wp\/v2\/product_tag?post=173760"}],"curies":[{"name":"wp","href":"https:\/\/api.w.org\/{rel}","templated":true}]}}