{"id":173661,"date":"2024-03-12T17:30:15","date_gmt":"2024-03-12T16:30:15","guid":{"rendered":"https:\/\/tourtravelandmore.com\/tours\/non%20class\u00e9\/visite-privee-de-san-sebastian-avec-billets\/"},"modified":"2024-03-12T17:38:43","modified_gmt":"2024-03-12T16:38:43","slug":"visite-privee-de-san-sebastian-avec-billets","status":"publish","type":"product","link":"https:\/\/tourtravelandmore.com\/fr\/tours\/espagne-fr\/san-sebastian-fr\/toutes-les-visites-et-activites-privees-fr-7\/visite-privee-de-san-sebastian-avec-billets\/","title":{"rendered":"Visite priv\u00e9e de San Sebasti\u00e1n avec billets"},"content":{"rendered":"<h2>Visite priv\u00e9e de San Sebasti\u00e1n avec billets Description :<\/h2>\n<p>Embarquez pour un voyage exclusif \u00e0 travers San Sebasti\u00e1n avec notre Private Premium Tour of San Sebasti\u00e1n with tickets. Cette visite a \u00e9t\u00e9 con\u00e7ue pour vous offrir une exp\u00e9rience inoubliable. D\u00e9couvrez le riche patrimoine culturel, les paysages \u00e9poustouflants et les sites embl\u00e9matiques de ce joyau basque, accompagn\u00e9 d&#8217;un guide et d&#8217;un moyen de transport.<\/p>\n<p>Cette visite compl\u00e8te de 5 heures combine un guide, un chauffeur et l&#8217;acc\u00e8s \u00e0 l&#8217;une des principales attractions culturelles de San Sebasti\u00e1n. D\u00e9couvrez le meilleur de cette ville captivante avec style et luxe gr\u00e2ce \u00e0 Tour Travel &amp; More.<\/p>\n<p>Plongez dans le monde de l&#8217;art contemporain gr\u00e2ce aux billets inclus pour le c\u00e9l\u00e8bre mus\u00e9e Chillida Leku. Admirez les \u0153uvres du c\u00e9l\u00e8bre sculpteur basque Eduardo Chillida au milieu de jardins luxuriants et d&#8217;un environnement pittoresque.<\/p>\n<h2>Sites et lieux d&#8217;int\u00e9r\u00eat populaires :<\/h2>\n<p>L&#8217;un des points forts du circuit est la visite exclusive du mus\u00e9e Chillida Leku. Il s&#8217;agit d&#8217;un sanctuaire d&#8217;art contemporain nich\u00e9 dans la pittoresque campagne basque. Vous y d\u00e9couvrirez les chefs-d&#8217;\u0153uvre du c\u00e9l\u00e8bre sculpteur Eduardo Chillida. Ses \u0153uvres monumentales s&#8217;inscrivent dans le cadre naturel des vastes jardins du mus\u00e9e. \u00c9merveillez-vous devant l&#8217;interaction entre l&#8217;art et la nature en vous promenant dans cet espace culturel unique, et d\u00e9couvrez la vision cr\u00e9ative et l&#8217;h\u00e9ritage artistique de Chillida.<\/p>\n<p>Notre visite priv\u00e9e Premium de San Sebasti\u00e1n vous emm\u00e8ne dans un voyage captivant \u00e0 travers les sites les plus embl\u00e9matiques de la ville, y compris sa charmante vieille ville, ses plages magnifiques et ses hauts lieux culinaires renomm\u00e9s. Votre guide bien inform\u00e9 vous racontera des histoires fascinantes et des anecdotes historiques, vous permettant ainsi de mieux comprendre le riche patrimoine culturel de Saint-S\u00e9bastien. De la majestueuse baie de La Concha aux bars \u00e0 pintxos anim\u00e9s, plongez dans l&#8217;atmosph\u00e8re vibrante qui caract\u00e9rise ce joyau de la c\u00f4te.<\/p>\n<p>Embarquez pour un voyage inoubliable \u00e0 travers Saint-S\u00e9bastien avec Tour Travel and More. Nos circuits sur mesure sont con\u00e7us pour vous plonger dans l&#8217;essence de la culture basque, alliant profondeur historique, exploration artistique et d\u00e9lices culinaires. Explorez nos circuits exclusifs &#8220;Premium&#8221; et plus encore sur Tour Travel and More pour d\u00e9couvrir le meilleur de Saint-S\u00e9bastien et au-del\u00e0. Laissez-nous vous guider dans une exploration enrichissante de cette r\u00e9gion vibrante, et cr\u00e9ez des souvenirs qui dureront toute une vie.<\/p>\n","protected":false},"excerpt":{"rendered":"<p>Embarquez pour un voyage exclusif \u00e0 travers San Sebasti\u00e1n avec notre Private Premium Tour of San Sebasti\u00e1n with tickets. Cette visite est con\u00e7ue pour vous offrir une exp\u00e9rience inoubliable. D\u00e9couvrez le riche patrimoine culturel, les paysages \u00e9poustouflants et les sites embl\u00e9matiques de ce joyau basque, accompagn\u00e9 d&#8217;un guide et d&#8217;un moyen de transport.<\/p>\n","protected":false},"featured_media":173124,"comment_status":"open","ping_status":"closed","template":"","meta":{"_acf_changed":false},"product_brand":[],"product_cat":[5085,5084,5086,3541,3647],"product_tag":[],"class_list":{"0":"post-173661","1":"product","2":"type-product","3":"status-publish","4":"has-post-thumbnail","6":"product_cat-excursions-privees-dune-journee-fr-6","7":"product_cat-toutes-les-visites-et-activites-privees-fr-7","8":"product_cat-visites-guidees-privees-fr-11","9":"product_cat-espagne-fr","10":"product_cat-san-sebastian-fr","12":"first","13":"instock","14":"shipping-taxable","15":"purchasable","16":"product-type-simple"},"acf":[],"yoast_head":"<!-- This site is optimized with the Yoast SEO Premium plugin v25.3.1 (Yoast SEO v25.3.1) - https:\/\/yoast.com\/wordpress\/plugins\/seo\/ -->\n<title>Visite priv\u00e9e de San Sebasti\u00e1n avec billets - TTM<\/title>\n<meta name=\"description\" content=\"Visite priv\u00e9e de San Sebasti\u00e1n avec billets | Tour Travel &amp; More. Profitez de l&#039;occasion pour visiter cette belle ville en compagnie de votre guide.\" \/>\n<meta name=\"robots\" content=\"index, follow, max-snippet:-1, max-image-preview:large, max-video-preview:-1\" \/>\n<link rel=\"canonical\" href=\"https:\/\/tourtravelandmore.com\/fr\/tours\/espagne-fr\/san-sebastian-fr\/toutes-les-visites-et-activites-privees-fr-7\/visite-privee-de-san-sebastian-avec-billets\/\" \/>\n<meta property=\"og:locale\" content=\"fr_FR\" \/>\n<meta property=\"og:type\" content=\"article\" \/>\n<meta property=\"og:title\" content=\"Visite priv\u00e9e de San Sebasti\u00e1n avec billets\" \/>\n<meta property=\"og:description\" content=\"Visite priv\u00e9e de San Sebasti\u00e1n avec billets | Tour Travel &amp; More. Profitez de l&#039;occasion pour visiter cette belle ville en compagnie de votre guide.\" \/>\n<meta property=\"og:url\" content=\"https:\/\/tourtravelandmore.com\/fr\/tours\/espagne-fr\/san-sebastian-fr\/toutes-les-visites-et-activites-privees-fr-7\/visite-privee-de-san-sebastian-avec-billets\/\" \/>\n<meta property=\"og:site_name\" content=\"Tour Travel And More\" \/>\n<meta property=\"article:publisher\" content=\"https:\/\/www.facebook.com\/tourtravelandmore\/\" \/>\n<meta property=\"article:modified_time\" content=\"2024-03-12T16:38:43+00:00\" \/>\n<meta property=\"og:image\" content=\"https:\/\/tourtravelandmore.com\/wp-content\/uploads\/2024\/03\/image1.jpg\" \/>\n\t<meta property=\"og:image:width\" content=\"950\" \/>\n\t<meta property=\"og:image:height\" content=\"750\" \/>\n\t<meta property=\"og:image:type\" content=\"image\/jpeg\" \/>\n<meta name=\"twitter:card\" content=\"summary_large_image\" \/>\n<meta name=\"twitter:site\" content=\"@TourTravel_More\" \/>\n<meta name=\"twitter:label1\" content=\"Dur\u00e9e de lecture estim\u00e9e\" \/>\n\t<meta name=\"twitter:data1\" content=\"2 minutes\" \/>\n<script type=\"application\/ld+json\" class=\"yoast-schema-graph\">{\"@context\":\"https:\/\/schema.org\",\"@graph\":[{\"@type\":\"WebPage\",\"@id\":\"https:\/\/tourtravelandmore.com\/fr\/tours\/espagne-fr\/san-sebastian-fr\/toutes-les-visites-et-activites-privees-fr-7\/visite-privee-de-san-sebastian-avec-billets\/\",\"url\":\"https:\/\/tourtravelandmore.com\/fr\/tours\/espagne-fr\/san-sebastian-fr\/toutes-les-visites-et-activites-privees-fr-7\/visite-privee-de-san-sebastian-avec-billets\/\",\"name\":\"Visite priv\u00e9e de San Sebasti\u00e1n avec billets - TTM\",\"isPartOf\":{\"@id\":\"https:\/\/tourtravelandmore.com\/fr\/#website\"},\"primaryImageOfPage\":{\"@id\":\"https:\/\/tourtravelandmore.com\/fr\/tours\/espagne-fr\/san-sebastian-fr\/toutes-les-visites-et-activites-privees-fr-7\/visite-privee-de-san-sebastian-avec-billets\/#primaryimage\"},\"image\":{\"@id\":\"https:\/\/tourtravelandmore.com\/fr\/tours\/espagne-fr\/san-sebastian-fr\/toutes-les-visites-et-activites-privees-fr-7\/visite-privee-de-san-sebastian-avec-billets\/#primaryimage\"},\"thumbnailUrl\":\"https:\/\/tourtravelandmore.com\/wp-content\/uploads\/2024\/03\/image1.jpg\",\"datePublished\":\"2024-03-12T16:30:15+00:00\",\"dateModified\":\"2024-03-12T16:38:43+00:00\",\"description\":\"Visite priv\u00e9e de San Sebasti\u00e1n avec billets | Tour Travel & More. Profitez de l'occasion pour visiter cette belle ville en compagnie de votre guide.\",\"breadcrumb\":{\"@id\":\"https:\/\/tourtravelandmore.com\/fr\/tours\/espagne-fr\/san-sebastian-fr\/toutes-les-visites-et-activites-privees-fr-7\/visite-privee-de-san-sebastian-avec-billets\/#breadcrumb\"},\"inLanguage\":\"fr-FR\",\"potentialAction\":[{\"@type\":\"ReadAction\",\"target\":[\"https:\/\/tourtravelandmore.com\/fr\/tours\/espagne-fr\/san-sebastian-fr\/toutes-les-visites-et-activites-privees-fr-7\/visite-privee-de-san-sebastian-avec-billets\/\"]}]},{\"@type\":\"ImageObject\",\"inLanguage\":\"fr-FR\",\"@id\":\"https:\/\/tourtravelandmore.com\/fr\/tours\/espagne-fr\/san-sebastian-fr\/toutes-les-visites-et-activites-privees-fr-7\/visite-privee-de-san-sebastian-avec-billets\/#primaryimage\",\"url\":\"https:\/\/tourtravelandmore.com\/wp-content\/uploads\/2024\/03\/image1.jpg\",\"contentUrl\":\"https:\/\/tourtravelandmore.com\/wp-content\/uploads\/2024\/03\/image1.jpg\",\"width\":950,\"height\":750},{\"@type\":\"BreadcrumbList\",\"@id\":\"https:\/\/tourtravelandmore.com\/fr\/tours\/espagne-fr\/san-sebastian-fr\/toutes-les-visites-et-activites-privees-fr-7\/visite-privee-de-san-sebastian-avec-billets\/#breadcrumb\",\"itemListElement\":[{\"@type\":\"ListItem\",\"position\":1,\"name\":\"Home\",\"item\":\"https:\/\/tourtravelandmore.com\/fr\/\"},{\"@type\":\"ListItem\",\"position\":2,\"name\":\"Tours\",\"item\":\"https:\/\/tourtravelandmore.com\/fr\/tours\/\"},{\"@type\":\"ListItem\",\"position\":3,\"name\":\"Visite priv\u00e9e de San Sebasti\u00e1n avec billets\"}]},{\"@type\":\"WebSite\",\"@id\":\"https:\/\/tourtravelandmore.com\/fr\/#website\",\"url\":\"https:\/\/tourtravelandmore.com\/fr\/\",\"name\":\"Tour Travel And More\",\"description\":\"Private sightseeing tours and luxury transfers in Spain\",\"publisher\":{\"@id\":\"https:\/\/tourtravelandmore.com\/fr\/#organization\"},\"potentialAction\":[{\"@type\":\"SearchAction\",\"target\":{\"@type\":\"EntryPoint\",\"urlTemplate\":\"https:\/\/tourtravelandmore.com\/fr\/?s={search_term_string}\"},\"query-input\":{\"@type\":\"PropertyValueSpecification\",\"valueRequired\":true,\"valueName\":\"search_term_string\"}}],\"inLanguage\":\"fr-FR\"},{\"@type\":\"Organization\",\"@id\":\"https:\/\/tourtravelandmore.com\/fr\/#organization\",\"name\":\"Tour Travel And More\",\"url\":\"https:\/\/tourtravelandmore.com\/fr\/\",\"logo\":{\"@type\":\"ImageObject\",\"inLanguage\":\"fr-FR\",\"@id\":\"https:\/\/tourtravelandmore.com\/fr\/#\/schema\/logo\/image\/\",\"url\":\"https:\/\/tourtravelandmore.com\/wp-content\/uploads\/2022\/12\/cropped-logo-cabecera-new.png\",\"contentUrl\":\"https:\/\/tourtravelandmore.com\/wp-content\/uploads\/2022\/12\/cropped-logo-cabecera-new.png\",\"width\":430,\"height\":61,\"caption\":\"Tour Travel And More\"},\"image\":{\"@id\":\"https:\/\/tourtravelandmore.com\/fr\/#\/schema\/logo\/image\/\"},\"sameAs\":[\"https:\/\/www.facebook.com\/tourtravelandmore\/\",\"https:\/\/x.com\/TourTravel_More\"]}]}<\/script>\n<!-- \/ Yoast SEO Premium plugin. -->","yoast_head_json":{"title":"Visite priv\u00e9e de San Sebasti\u00e1n avec billets - TTM","description":"Visite priv\u00e9e de San Sebasti\u00e1n avec billets | Tour Travel & More. Profitez de l'occasion pour visiter cette belle ville en compagnie de votre guide.","robots":{"index":"index","follow":"follow","max-snippet":"max-snippet:-1","max-image-preview":"max-image-preview:large","max-video-preview":"max-video-preview:-1"},"canonical":"https:\/\/tourtravelandmore.com\/fr\/tours\/espagne-fr\/san-sebastian-fr\/toutes-les-visites-et-activites-privees-fr-7\/visite-privee-de-san-sebastian-avec-billets\/","og_locale":"fr_FR","og_type":"article","og_title":"Visite priv\u00e9e de San Sebasti\u00e1n avec billets","og_description":"Visite priv\u00e9e de San Sebasti\u00e1n avec billets | Tour Travel & More. Profitez de l'occasion pour visiter cette belle ville en compagnie de votre guide.","og_url":"https:\/\/tourtravelandmore.com\/fr\/tours\/espagne-fr\/san-sebastian-fr\/toutes-les-visites-et-activites-privees-fr-7\/visite-privee-de-san-sebastian-avec-billets\/","og_site_name":"Tour Travel And More","article_publisher":"https:\/\/www.facebook.com\/tourtravelandmore\/","article_modified_time":"2024-03-12T16:38:43+00:00","og_image":[{"width":950,"height":750,"url":"https:\/\/tourtravelandmore.com\/wp-content\/uploads\/2024\/03\/image1.jpg","type":"image\/jpeg"}],"twitter_card":"summary_large_image","twitter_site":"@TourTravel_More","twitter_misc":{"Dur\u00e9e de lecture estim\u00e9e":"2 minutes"},"schema":{"@context":"https:\/\/schema.org","@graph":[{"@type":"WebPage","@id":"https:\/\/tourtravelandmore.com\/fr\/tours\/espagne-fr\/san-sebastian-fr\/toutes-les-visites-et-activites-privees-fr-7\/visite-privee-de-san-sebastian-avec-billets\/","url":"https:\/\/tourtravelandmore.com\/fr\/tours\/espagne-fr\/san-sebastian-fr\/toutes-les-visites-et-activites-privees-fr-7\/visite-privee-de-san-sebastian-avec-billets\/","name":"Visite priv\u00e9e de San Sebasti\u00e1n avec billets - TTM","isPartOf":{"@id":"https:\/\/tourtravelandmore.com\/fr\/#website"},"primaryImageOfPage":{"@id":"https:\/\/tourtravelandmore.com\/fr\/tours\/espagne-fr\/san-sebastian-fr\/toutes-les-visites-et-activites-privees-fr-7\/visite-privee-de-san-sebastian-avec-billets\/#primaryimage"},"image":{"@id":"https:\/\/tourtravelandmore.com\/fr\/tours\/espagne-fr\/san-sebastian-fr\/toutes-les-visites-et-activites-privees-fr-7\/visite-privee-de-san-sebastian-avec-billets\/#primaryimage"},"thumbnailUrl":"https:\/\/tourtravelandmore.com\/wp-content\/uploads\/2024\/03\/image1.jpg","datePublished":"2024-03-12T16:30:15+00:00","dateModified":"2024-03-12T16:38:43+00:00","description":"Visite priv\u00e9e de San Sebasti\u00e1n avec billets | Tour Travel & More. Profitez de l'occasion pour visiter cette belle ville en compagnie de votre guide.","breadcrumb":{"@id":"https:\/\/tourtravelandmore.com\/fr\/tours\/espagne-fr\/san-sebastian-fr\/toutes-les-visites-et-activites-privees-fr-7\/visite-privee-de-san-sebastian-avec-billets\/#breadcrumb"},"inLanguage":"fr-FR","potentialAction":[{"@type":"ReadAction","target":["https:\/\/tourtravelandmore.com\/fr\/tours\/espagne-fr\/san-sebastian-fr\/toutes-les-visites-et-activites-privees-fr-7\/visite-privee-de-san-sebastian-avec-billets\/"]}]},{"@type":"ImageObject","inLanguage":"fr-FR","@id":"https:\/\/tourtravelandmore.com\/fr\/tours\/espagne-fr\/san-sebastian-fr\/toutes-les-visites-et-activites-privees-fr-7\/visite-privee-de-san-sebastian-avec-billets\/#primaryimage","url":"https:\/\/tourtravelandmore.com\/wp-content\/uploads\/2024\/03\/image1.jpg","contentUrl":"https:\/\/tourtravelandmore.com\/wp-content\/uploads\/2024\/03\/image1.jpg","width":950,"height":750},{"@type":"BreadcrumbList","@id":"https:\/\/tourtravelandmore.com\/fr\/tours\/espagne-fr\/san-sebastian-fr\/toutes-les-visites-et-activites-privees-fr-7\/visite-privee-de-san-sebastian-avec-billets\/#breadcrumb","itemListElement":[{"@type":"ListItem","position":1,"name":"Home","item":"https:\/\/tourtravelandmore.com\/fr\/"},{"@type":"ListItem","position":2,"name":"Tours","item":"https:\/\/tourtravelandmore.com\/fr\/tours\/"},{"@type":"ListItem","position":3,"name":"Visite priv\u00e9e de San Sebasti\u00e1n avec billets"}]},{"@type":"WebSite","@id":"https:\/\/tourtravelandmore.com\/fr\/#website","url":"https:\/\/tourtravelandmore.com\/fr\/","name":"Tour Travel And More","description":"Private sightseeing tours and luxury transfers in Spain","publisher":{"@id":"https:\/\/tourtravelandmore.com\/fr\/#organization"},"potentialAction":[{"@type":"SearchAction","target":{"@type":"EntryPoint","urlTemplate":"https:\/\/tourtravelandmore.com\/fr\/?s={search_term_string}"},"query-input":{"@type":"PropertyValueSpecification","valueRequired":true,"valueName":"search_term_string"}}],"inLanguage":"fr-FR"},{"@type":"Organization","@id":"https:\/\/tourtravelandmore.com\/fr\/#organization","name":"Tour Travel And More","url":"https:\/\/tourtravelandmore.com\/fr\/","logo":{"@type":"ImageObject","inLanguage":"fr-FR","@id":"https:\/\/tourtravelandmore.com\/fr\/#\/schema\/logo\/image\/","url":"https:\/\/tourtravelandmore.com\/wp-content\/uploads\/2022\/12\/cropped-logo-cabecera-new.png","contentUrl":"https:\/\/tourtravelandmore.com\/wp-content\/uploads\/2022\/12\/cropped-logo-cabecera-new.png","width":430,"height":61,"caption":"Tour Travel And More"},"image":{"@id":"https:\/\/tourtravelandmore.com\/fr\/#\/schema\/logo\/image\/"},"sameAs":["https:\/\/www.facebook.com\/tourtravelandmore\/","https:\/\/x.com\/TourTravel_More"]}]}},"_links":{"self":[{"href":"https:\/\/tourtravelandmore.com\/fr\/wp-json\/wp\/v2\/product\/173661","targetHints":{"allow":["GET"]}}],"collection":[{"href":"https:\/\/tourtravelandmore.com\/fr\/wp-json\/wp\/v2\/product"}],"about":[{"href":"https:\/\/tourtravelandmore.com\/fr\/wp-json\/wp\/v2\/types\/product"}],"replies":[{"embeddable":true,"href":"https:\/\/tourtravelandmore.com\/fr\/wp-json\/wp\/v2\/comments?post=173661"}],"wp:featuredmedia":[{"embeddable":true,"href":"https:\/\/tourtravelandmore.com\/fr\/wp-json\/wp\/v2\/media\/173124"}],"wp:attachment":[{"href":"https:\/\/tourtravelandmore.com\/fr\/wp-json\/wp\/v2\/media?parent=173661"}],"wp:term":[{"taxonomy":"product_brand","embeddable":true,"href":"https:\/\/tourtravelandmore.com\/fr\/wp-json\/wp\/v2\/product_brand?post=173661"},{"taxonomy":"product_cat","embeddable":true,"href":"https:\/\/tourtravelandmore.com\/fr\/wp-json\/wp\/v2\/product_cat?post=173661"},{"taxonomy":"product_tag","embeddable":true,"href":"https:\/\/tourtravelandmore.com\/fr\/wp-json\/wp\/v2\/product_tag?post=173661"}],"curies":[{"name":"wp","href":"https:\/\/api.w.org\/{rel}","templated":true}]}}