{"id":173533,"date":"2024-03-08T17:25:56","date_gmt":"2024-03-08T16:25:59","guid":{"rendered":"https:\/\/tourtravelandmore.com\/?post_type=product&#038;p=173533"},"modified":"2024-03-11T14:07:55","modified_gmt":"2024-03-11T13:07:55","slug":"visite-privee-de-capri-et-anacapri-au-depart-de-naples-copy","status":"publish","type":"product","link":"https:\/\/tourtravelandmore.com\/fr\/tours\/italie-fr\/sorrento-fr\/tous-les-circuits-et-activites-prives-fr-2\/visite-privee-de-capri-et-anacapri-au-depart-de-naples-copy\/","title":{"rendered":"Visite priv\u00e9e de Capri et Anacapri au d\u00e9part de Sorrente"},"content":{"rendered":"<h2>Description de l&#8217;excursion<\/h2>\n<p>Faites l&#8217;exp\u00e9rience de cette visite priv\u00e9e exclusive de Capri et d&#8217;Anacapri au d\u00e9part de Sorrente avec votre guide officiel priv\u00e9. D\u00e9couvrez Capri et Anacapri et leurs sites et attractions les plus embl\u00e9matiques.<\/p>\n<p>L&#8217;\u00eele de Capri est un m\u00e9lange de paysages \u00e0 couper le souffle, de merveilles arch\u00e9ologiques, d&#8217;architecture \u00e9tonnante et de beaut\u00e9 naturelle. C&#8217;est une destination qui vaut la peine d&#8217;\u00eatre explor\u00e9e !<\/p>\n<p>Au cours de cette visite priv\u00e9e, vous ne visiterez pas seulement Capri, mais vous aurez \u00e9galement l&#8217;occasion d&#8217;explorer Anacapri.<\/p>\n<p>Anacapri est souvent n\u00e9glig\u00e9 par les touristes, mais c&#8217;est un endroit incroyablement fascinant qui offre des perspectives uniques sur l&#8217;\u00eele.<\/p>\n<p>Votre guide priv\u00e9 peut vous aider \u00e0 explorer de nombreux sites et \u00e0 saisir les meilleures opportunit\u00e9s de photos \u00e0 votre guise. Les sites et les points de rencontre de l&#8217;excursion sont enti\u00e8rement personnalisables. N&#8217;h\u00e9sitez pas \u00e0 nous contacter pour adapter l&#8217;excursion \u00e0 vos pr\u00e9f\u00e9rences individuelles.<\/p>\n<h2>Points d&#8217;int\u00e9r\u00eat et monuments<\/h2>\n<p>Pour commencer, vous rencontrerez votre guide officiel priv\u00e9 dans le port de Sorrente, d&#8217;o\u00f9 vous embarquerez sur un ferry rapide pour Capri.<\/p>\n<p>\u00c0 votre arriv\u00e9e au port de Capri, vous b\u00e9n\u00e9ficierez d&#8217;un transport priv\u00e9 partag\u00e9 jusqu&#8217;au c\u0153ur d&#8217;Anacapri. Vous ferez ensuite l&#8217;ascension du mont Solaro en t\u00e9l\u00e9si\u00e8ge, le point culminant de l&#8217;\u00eele, offrant des vues panoramiques \u00e0 couper le souffle que vous ne voudrez pas manquer ! Ensuite, vous vous rendrez sur la Piazza Vittoria, une place unique orn\u00e9e d&#8217;arbres et de fleurs luxuriants, cr\u00e9ant un paysage c\u00f4tier pittoresque dont vous vous souviendrez toujours.<\/p>\n<p>Ensuite, vous prendrez les transports en commun pour vous rendre \u00e0 la ville de Capri. Vous y d\u00e9couvrirez le centre historique de Capri, notamment la c\u00e9l\u00e8bre Piazza Umberto I (ou &#8220;piazzeta&#8221;), toujours tr\u00e8s anim\u00e9e. Dans cette zone, vous apercevrez \u00e9galement la Tour de l&#8217;Horloge, l&#8217;\u00e9glise San Stefano et de nombreux restaurants et boutiques exclusifs. Vous vous prom\u00e8nerez ensuite dans les rues principales de Capri : Via Vittorio Emanuelle, Via Croce et Camelle.<\/p>\n<p>Tout au long de la visite, vous aurez du temps libre pour d\u00eener dans un charmant restaurant italien, gr\u00e2ce aux recommandations de votre guide.<\/p>\n<p>Enfin, vous descendrez au port de Capri par le funiculaire, o\u00f9 vous embarquerez sur le ferry qui vous ram\u00e8nera \u00e0 Sorrente. Votre guide vous fera ses adieux au port de Sorrente.<\/p>\n<p>Si vous recherchez une exp\u00e9rience d&#8217;une journ\u00e9e enti\u00e8re, envisagez notre visite priv\u00e9e de Capri et d&#8217;Anacapri avec la Grotte bleue au d\u00e9part de Sorrente.<\/p>\n","protected":false},"excerpt":{"rendered":"<p>Profitez de vos journ\u00e9es \u00e0 Sorrente pour faire une visite priv\u00e9e de Capri et Anacapri. D\u00e9couvrez ses magnifiques paysages et ses principaux sites d&#8217;int\u00e9r\u00eat en compagnie d&#8217;un guide professionnel.<\/p>\n","protected":false},"featured_media":173551,"comment_status":"open","ping_status":"closed","template":"","meta":{"_acf_changed":false},"product_brand":[],"product_cat":[4897,4896,4898,4149,4151,4150,4152,3651],"product_tag":[],"class_list":{"0":"post-173533","1":"product","2":"type-product","3":"status-publish","4":"has-post-thumbnail","6":"product_cat-excursions-a-terre-privees-fr-2","7":"product_cat-toutes-les-visites-privees-fr-3","8":"product_cat-visites-guidees-privees-fr-9","9":"product_cat-sorrento-fr","10":"product_cat-excursions-privees-a-terre-fr","11":"product_cat-tous-les-circuits-et-activites-prives-fr-2","12":"product_cat-visites-guidees-privees-fr","13":"product_cat-capri-fr","15":"first","16":"instock","17":"shipping-taxable","18":"purchasable","19":"product-type-simple"},"acf":[],"yoast_head":"<!-- This site is optimized with the Yoast SEO Premium plugin v25.3.1 (Yoast SEO v25.3.1) - https:\/\/yoast.com\/wordpress\/plugins\/seo\/ -->\n<title>Visite priv\u00e9e de Capri et Anacapri au d\u00e9part de Sorrente avec guide officiel<\/title>\n<meta name=\"description\" content=\"Explorez et profitez de la ville de Capri et d&#039;Anacapri au d\u00e9part de Sorrente avec un guide local et d\u00e9couvrez certains de ses endroits les plus reconnus.\" \/>\n<meta name=\"robots\" content=\"index, follow, max-snippet:-1, max-image-preview:large, max-video-preview:-1\" \/>\n<link rel=\"canonical\" href=\"https:\/\/tourtravelandmore.com\/fr\/tours\/italie-fr\/sorrento-fr\/tous-les-circuits-et-activites-prives-fr-2\/visite-privee-de-capri-et-anacapri-au-depart-de-naples-copy\/\" \/>\n<meta property=\"og:locale\" content=\"fr_FR\" \/>\n<meta property=\"og:type\" content=\"article\" \/>\n<meta property=\"og:title\" content=\"Visite priv\u00e9e de Capri et Anacapri au d\u00e9part de Sorrente\" \/>\n<meta property=\"og:description\" content=\"Explorez et profitez de la ville de Capri et d&#039;Anacapri au d\u00e9part de Sorrente avec un guide local et d\u00e9couvrez certains de ses endroits les plus reconnus.\" \/>\n<meta property=\"og:url\" content=\"https:\/\/tourtravelandmore.com\/fr\/tours\/italie-fr\/sorrento-fr\/tous-les-circuits-et-activites-prives-fr-2\/visite-privee-de-capri-et-anacapri-au-depart-de-naples-copy\/\" \/>\n<meta property=\"og:site_name\" content=\"Tour Travel And More\" \/>\n<meta property=\"article:publisher\" content=\"https:\/\/www.facebook.com\/tourtravelandmore\/\" \/>\n<meta property=\"article:modified_time\" content=\"2024-03-11T13:07:55+00:00\" \/>\n<meta property=\"og:image\" content=\"https:\/\/tourtravelandmore.com\/wp-content\/uploads\/2024\/03\/amalfi-2476295_1280.jpg\" \/>\n\t<meta property=\"og:image:width\" content=\"1280\" \/>\n\t<meta property=\"og:image:height\" content=\"854\" \/>\n\t<meta property=\"og:image:type\" content=\"image\/jpeg\" \/>\n<meta name=\"twitter:card\" content=\"summary_large_image\" \/>\n<meta name=\"twitter:site\" content=\"@TourTravel_More\" \/>\n<meta name=\"twitter:label1\" content=\"Dur\u00e9e de lecture estim\u00e9e\" \/>\n\t<meta name=\"twitter:data1\" content=\"3 minutes\" \/>\n<script type=\"application\/ld+json\" class=\"yoast-schema-graph\">{\"@context\":\"https:\/\/schema.org\",\"@graph\":[{\"@type\":\"WebPage\",\"@id\":\"https:\/\/tourtravelandmore.com\/fr\/tours\/italie-fr\/sorrento-fr\/tous-les-circuits-et-activites-prives-fr-2\/visite-privee-de-capri-et-anacapri-au-depart-de-naples-copy\/\",\"url\":\"https:\/\/tourtravelandmore.com\/fr\/tours\/italie-fr\/sorrento-fr\/tous-les-circuits-et-activites-prives-fr-2\/visite-privee-de-capri-et-anacapri-au-depart-de-naples-copy\/\",\"name\":\"Visite priv\u00e9e de Capri et Anacapri au d\u00e9part de Sorrente avec guide officiel\",\"isPartOf\":{\"@id\":\"https:\/\/tourtravelandmore.com\/fr\/#website\"},\"primaryImageOfPage\":{\"@id\":\"https:\/\/tourtravelandmore.com\/fr\/tours\/italie-fr\/sorrento-fr\/tous-les-circuits-et-activites-prives-fr-2\/visite-privee-de-capri-et-anacapri-au-depart-de-naples-copy\/#primaryimage\"},\"image\":{\"@id\":\"https:\/\/tourtravelandmore.com\/fr\/tours\/italie-fr\/sorrento-fr\/tous-les-circuits-et-activites-prives-fr-2\/visite-privee-de-capri-et-anacapri-au-depart-de-naples-copy\/#primaryimage\"},\"thumbnailUrl\":\"https:\/\/tourtravelandmore.com\/wp-content\/uploads\/2024\/03\/amalfi-2476295_1280.jpg\",\"datePublished\":\"2024-03-08T16:25:59+00:00\",\"dateModified\":\"2024-03-11T13:07:55+00:00\",\"description\":\"Explorez et profitez de la ville de Capri et d'Anacapri au d\u00e9part de Sorrente avec un guide local et d\u00e9couvrez certains de ses endroits les plus reconnus.\",\"breadcrumb\":{\"@id\":\"https:\/\/tourtravelandmore.com\/fr\/tours\/italie-fr\/sorrento-fr\/tous-les-circuits-et-activites-prives-fr-2\/visite-privee-de-capri-et-anacapri-au-depart-de-naples-copy\/#breadcrumb\"},\"inLanguage\":\"fr-FR\",\"potentialAction\":[{\"@type\":\"ReadAction\",\"target\":[\"https:\/\/tourtravelandmore.com\/fr\/tours\/italie-fr\/sorrento-fr\/tous-les-circuits-et-activites-prives-fr-2\/visite-privee-de-capri-et-anacapri-au-depart-de-naples-copy\/\"]}]},{\"@type\":\"ImageObject\",\"inLanguage\":\"fr-FR\",\"@id\":\"https:\/\/tourtravelandmore.com\/fr\/tours\/italie-fr\/sorrento-fr\/tous-les-circuits-et-activites-prives-fr-2\/visite-privee-de-capri-et-anacapri-au-depart-de-naples-copy\/#primaryimage\",\"url\":\"https:\/\/tourtravelandmore.com\/wp-content\/uploads\/2024\/03\/amalfi-2476295_1280.jpg\",\"contentUrl\":\"https:\/\/tourtravelandmore.com\/wp-content\/uploads\/2024\/03\/amalfi-2476295_1280.jpg\",\"width\":1280,\"height\":854},{\"@type\":\"BreadcrumbList\",\"@id\":\"https:\/\/tourtravelandmore.com\/fr\/tours\/italie-fr\/sorrento-fr\/tous-les-circuits-et-activites-prives-fr-2\/visite-privee-de-capri-et-anacapri-au-depart-de-naples-copy\/#breadcrumb\",\"itemListElement\":[{\"@type\":\"ListItem\",\"position\":1,\"name\":\"Home\",\"item\":\"https:\/\/tourtravelandmore.com\/fr\/\"},{\"@type\":\"ListItem\",\"position\":2,\"name\":\"Tours\",\"item\":\"https:\/\/tourtravelandmore.com\/fr\/tours\/\"},{\"@type\":\"ListItem\",\"position\":3,\"name\":\"Visite priv\u00e9e de Capri et Anacapri au d\u00e9part de Sorrente\"}]},{\"@type\":\"WebSite\",\"@id\":\"https:\/\/tourtravelandmore.com\/fr\/#website\",\"url\":\"https:\/\/tourtravelandmore.com\/fr\/\",\"name\":\"Tour Travel And More\",\"description\":\"Private sightseeing tours and luxury transfers in Spain\",\"publisher\":{\"@id\":\"https:\/\/tourtravelandmore.com\/fr\/#organization\"},\"potentialAction\":[{\"@type\":\"SearchAction\",\"target\":{\"@type\":\"EntryPoint\",\"urlTemplate\":\"https:\/\/tourtravelandmore.com\/fr\/?s={search_term_string}\"},\"query-input\":{\"@type\":\"PropertyValueSpecification\",\"valueRequired\":true,\"valueName\":\"search_term_string\"}}],\"inLanguage\":\"fr-FR\"},{\"@type\":\"Organization\",\"@id\":\"https:\/\/tourtravelandmore.com\/fr\/#organization\",\"name\":\"Tour Travel And More\",\"url\":\"https:\/\/tourtravelandmore.com\/fr\/\",\"logo\":{\"@type\":\"ImageObject\",\"inLanguage\":\"fr-FR\",\"@id\":\"https:\/\/tourtravelandmore.com\/fr\/#\/schema\/logo\/image\/\",\"url\":\"https:\/\/tourtravelandmore.com\/wp-content\/uploads\/2022\/12\/cropped-logo-cabecera-new.png\",\"contentUrl\":\"https:\/\/tourtravelandmore.com\/wp-content\/uploads\/2022\/12\/cropped-logo-cabecera-new.png\",\"width\":430,\"height\":61,\"caption\":\"Tour Travel And More\"},\"image\":{\"@id\":\"https:\/\/tourtravelandmore.com\/fr\/#\/schema\/logo\/image\/\"},\"sameAs\":[\"https:\/\/www.facebook.com\/tourtravelandmore\/\",\"https:\/\/x.com\/TourTravel_More\"]}]}<\/script>\n<!-- \/ Yoast SEO Premium plugin. -->","yoast_head_json":{"title":"Visite priv\u00e9e de Capri et Anacapri au d\u00e9part de Sorrente avec guide officiel","description":"Explorez et profitez de la ville de Capri et d'Anacapri au d\u00e9part de Sorrente avec un guide local et d\u00e9couvrez certains de ses endroits les plus reconnus.","robots":{"index":"index","follow":"follow","max-snippet":"max-snippet:-1","max-image-preview":"max-image-preview:large","max-video-preview":"max-video-preview:-1"},"canonical":"https:\/\/tourtravelandmore.com\/fr\/tours\/italie-fr\/sorrento-fr\/tous-les-circuits-et-activites-prives-fr-2\/visite-privee-de-capri-et-anacapri-au-depart-de-naples-copy\/","og_locale":"fr_FR","og_type":"article","og_title":"Visite priv\u00e9e de Capri et Anacapri au d\u00e9part de Sorrente","og_description":"Explorez et profitez de la ville de Capri et d'Anacapri au d\u00e9part de Sorrente avec un guide local et d\u00e9couvrez certains de ses endroits les plus reconnus.","og_url":"https:\/\/tourtravelandmore.com\/fr\/tours\/italie-fr\/sorrento-fr\/tous-les-circuits-et-activites-prives-fr-2\/visite-privee-de-capri-et-anacapri-au-depart-de-naples-copy\/","og_site_name":"Tour Travel And More","article_publisher":"https:\/\/www.facebook.com\/tourtravelandmore\/","article_modified_time":"2024-03-11T13:07:55+00:00","og_image":[{"width":1280,"height":854,"url":"https:\/\/tourtravelandmore.com\/wp-content\/uploads\/2024\/03\/amalfi-2476295_1280.jpg","type":"image\/jpeg"}],"twitter_card":"summary_large_image","twitter_site":"@TourTravel_More","twitter_misc":{"Dur\u00e9e de lecture estim\u00e9e":"3 minutes"},"schema":{"@context":"https:\/\/schema.org","@graph":[{"@type":"WebPage","@id":"https:\/\/tourtravelandmore.com\/fr\/tours\/italie-fr\/sorrento-fr\/tous-les-circuits-et-activites-prives-fr-2\/visite-privee-de-capri-et-anacapri-au-depart-de-naples-copy\/","url":"https:\/\/tourtravelandmore.com\/fr\/tours\/italie-fr\/sorrento-fr\/tous-les-circuits-et-activites-prives-fr-2\/visite-privee-de-capri-et-anacapri-au-depart-de-naples-copy\/","name":"Visite priv\u00e9e de Capri et Anacapri au d\u00e9part de Sorrente avec guide officiel","isPartOf":{"@id":"https:\/\/tourtravelandmore.com\/fr\/#website"},"primaryImageOfPage":{"@id":"https:\/\/tourtravelandmore.com\/fr\/tours\/italie-fr\/sorrento-fr\/tous-les-circuits-et-activites-prives-fr-2\/visite-privee-de-capri-et-anacapri-au-depart-de-naples-copy\/#primaryimage"},"image":{"@id":"https:\/\/tourtravelandmore.com\/fr\/tours\/italie-fr\/sorrento-fr\/tous-les-circuits-et-activites-prives-fr-2\/visite-privee-de-capri-et-anacapri-au-depart-de-naples-copy\/#primaryimage"},"thumbnailUrl":"https:\/\/tourtravelandmore.com\/wp-content\/uploads\/2024\/03\/amalfi-2476295_1280.jpg","datePublished":"2024-03-08T16:25:59+00:00","dateModified":"2024-03-11T13:07:55+00:00","description":"Explorez et profitez de la ville de Capri et d'Anacapri au d\u00e9part de Sorrente avec un guide local et d\u00e9couvrez certains de ses endroits les plus reconnus.","breadcrumb":{"@id":"https:\/\/tourtravelandmore.com\/fr\/tours\/italie-fr\/sorrento-fr\/tous-les-circuits-et-activites-prives-fr-2\/visite-privee-de-capri-et-anacapri-au-depart-de-naples-copy\/#breadcrumb"},"inLanguage":"fr-FR","potentialAction":[{"@type":"ReadAction","target":["https:\/\/tourtravelandmore.com\/fr\/tours\/italie-fr\/sorrento-fr\/tous-les-circuits-et-activites-prives-fr-2\/visite-privee-de-capri-et-anacapri-au-depart-de-naples-copy\/"]}]},{"@type":"ImageObject","inLanguage":"fr-FR","@id":"https:\/\/tourtravelandmore.com\/fr\/tours\/italie-fr\/sorrento-fr\/tous-les-circuits-et-activites-prives-fr-2\/visite-privee-de-capri-et-anacapri-au-depart-de-naples-copy\/#primaryimage","url":"https:\/\/tourtravelandmore.com\/wp-content\/uploads\/2024\/03\/amalfi-2476295_1280.jpg","contentUrl":"https:\/\/tourtravelandmore.com\/wp-content\/uploads\/2024\/03\/amalfi-2476295_1280.jpg","width":1280,"height":854},{"@type":"BreadcrumbList","@id":"https:\/\/tourtravelandmore.com\/fr\/tours\/italie-fr\/sorrento-fr\/tous-les-circuits-et-activites-prives-fr-2\/visite-privee-de-capri-et-anacapri-au-depart-de-naples-copy\/#breadcrumb","itemListElement":[{"@type":"ListItem","position":1,"name":"Home","item":"https:\/\/tourtravelandmore.com\/fr\/"},{"@type":"ListItem","position":2,"name":"Tours","item":"https:\/\/tourtravelandmore.com\/fr\/tours\/"},{"@type":"ListItem","position":3,"name":"Visite priv\u00e9e de Capri et Anacapri au d\u00e9part de Sorrente"}]},{"@type":"WebSite","@id":"https:\/\/tourtravelandmore.com\/fr\/#website","url":"https:\/\/tourtravelandmore.com\/fr\/","name":"Tour Travel And More","description":"Private sightseeing tours and luxury transfers in Spain","publisher":{"@id":"https:\/\/tourtravelandmore.com\/fr\/#organization"},"potentialAction":[{"@type":"SearchAction","target":{"@type":"EntryPoint","urlTemplate":"https:\/\/tourtravelandmore.com\/fr\/?s={search_term_string}"},"query-input":{"@type":"PropertyValueSpecification","valueRequired":true,"valueName":"search_term_string"}}],"inLanguage":"fr-FR"},{"@type":"Organization","@id":"https:\/\/tourtravelandmore.com\/fr\/#organization","name":"Tour Travel And More","url":"https:\/\/tourtravelandmore.com\/fr\/","logo":{"@type":"ImageObject","inLanguage":"fr-FR","@id":"https:\/\/tourtravelandmore.com\/fr\/#\/schema\/logo\/image\/","url":"https:\/\/tourtravelandmore.com\/wp-content\/uploads\/2022\/12\/cropped-logo-cabecera-new.png","contentUrl":"https:\/\/tourtravelandmore.com\/wp-content\/uploads\/2022\/12\/cropped-logo-cabecera-new.png","width":430,"height":61,"caption":"Tour Travel And More"},"image":{"@id":"https:\/\/tourtravelandmore.com\/fr\/#\/schema\/logo\/image\/"},"sameAs":["https:\/\/www.facebook.com\/tourtravelandmore\/","https:\/\/x.com\/TourTravel_More"]}]}},"_links":{"self":[{"href":"https:\/\/tourtravelandmore.com\/fr\/wp-json\/wp\/v2\/product\/173533","targetHints":{"allow":["GET"]}}],"collection":[{"href":"https:\/\/tourtravelandmore.com\/fr\/wp-json\/wp\/v2\/product"}],"about":[{"href":"https:\/\/tourtravelandmore.com\/fr\/wp-json\/wp\/v2\/types\/product"}],"replies":[{"embeddable":true,"href":"https:\/\/tourtravelandmore.com\/fr\/wp-json\/wp\/v2\/comments?post=173533"}],"wp:featuredmedia":[{"embeddable":true,"href":"https:\/\/tourtravelandmore.com\/fr\/wp-json\/wp\/v2\/media\/173551"}],"wp:attachment":[{"href":"https:\/\/tourtravelandmore.com\/fr\/wp-json\/wp\/v2\/media?parent=173533"}],"wp:term":[{"taxonomy":"product_brand","embeddable":true,"href":"https:\/\/tourtravelandmore.com\/fr\/wp-json\/wp\/v2\/product_brand?post=173533"},{"taxonomy":"product_cat","embeddable":true,"href":"https:\/\/tourtravelandmore.com\/fr\/wp-json\/wp\/v2\/product_cat?post=173533"},{"taxonomy":"product_tag","embeddable":true,"href":"https:\/\/tourtravelandmore.com\/fr\/wp-json\/wp\/v2\/product_tag?post=173533"}],"curies":[{"name":"wp","href":"https:\/\/api.w.org\/{rel}","templated":true}]}}