{"id":173507,"date":"2024-03-08T16:46:24","date_gmt":"2024-03-08T15:46:29","guid":{"rendered":"https:\/\/tourtravelandmore.com\/?post_type=product&#038;p=173507"},"modified":"2024-03-11T14:08:13","modified_gmt":"2024-03-11T13:08:13","slug":"visite-privee-de-capri-et-anacapri-avec-la-grotte-bleue-depuis-naples-copy","status":"publish","type":"product","link":"https:\/\/tourtravelandmore.com\/fr\/tours\/italie-fr\/sorrento-fr\/tous-les-circuits-et-activites-prives-fr-2\/visite-privee-de-capri-et-anacapri-avec-la-grotte-bleue-depuis-naples-copy\/","title":{"rendered":"Visite priv\u00e9e de Capri et Anacapri avec la Grotte bleue depuis Sorrente"},"content":{"rendered":"<h2>Description de l&#8217;excursion<\/h2>\n<p>Profitez d&#8217;un voyage exclusif \u00e0 Capri et Anacapri, y compris l&#8217;envo\u00fbtante Grotte bleue, au d\u00e9part de Sorrente, en compagnie de votre guide priv\u00e9.<\/p>\n<p>Capri, nich\u00e9e dans la mer Tyrrh\u00e9nienne et faisant face \u00e0 la p\u00e9ninsule sorrentine, incarne l&#8217;allure pittoresque de l&#8217;Italie. R\u00e9put\u00e9e pour sa &#8220;piazzetta&#8221; embl\u00e9matique, ses eaux azur\u00e9es et sa cuisine d\u00e9lectable, Capri est le summum du luxe et de la splendeur naturelle.<\/p>\n<p>Anacapri, la commune voisine, tire son nom du grec &#8220;Ana&#8221;, qui signifie &#8220;au-dessus&#8221;, symbolisant sa position \u00e9lev\u00e9e par rapport \u00e0 Capri.<\/p>\n<p>Il s&#8217;agit d&#8217;une visite priv\u00e9e et enti\u00e8rement personnalis\u00e9e de Capri et d&#8217;Anacapri avec la Grotte Bleue. Saisissez la chance de visiter cette \u00eele incroyable avec un guide local.<\/p>\n<h2>Points d&#8217;int\u00e9r\u00eat et monuments<\/h2>\n<p>Embarquez pour une exploration personnalis\u00e9e de Capri et d&#8217;Anacapri, avec l&#8217;enchanteresse Grotte bleue. Commencez votre aventure en rencontrant votre guide au port de Sorrente, Marina Piccola, d&#8217;o\u00f9 vous embarquerez sur un ferry rapide pour Capri.<\/p>\n<p>\u00c0 l&#8217;arriv\u00e9e, vous embarquerez pour une excursion en bateau public jusqu&#8217;\u00e0 la Grotte bleue, en privil\u00e9giant une visite de bonne heure pour \u00e9viter les foules. En cas d&#8217;encombrement excessif, le bateau n&#8217;attendra pas. Vous pourrez donc visiter la grotte bleue en empruntant l&#8217;escalier accessible d&#8217;Anacapri, en compagnie de votre guide.<\/p>\n<p>Veuillez noter que la Grotte bleue peut \u00eatre ferm\u00e9e occasionnellement en raison de mauvaises conditions de mer. Dans ce cas, vous profiterez d&#8217;une promenade publique en bateau autour de l&#8217;\u00eele.<\/p>\n<p>Apr\u00e8s cette exp\u00e9rience incroyable, vous monterez au c\u0153ur d&#8217;Anacapri par un transport priv\u00e9 partag\u00e9. Une fois sur place, vous gravirez le mont Solaro en t\u00e9l\u00e9si\u00e8ge pour profiter de vues panoramiques d&#8217;une beaut\u00e9 in\u00e9gal\u00e9e. Vous rejoindrez la Piazza Vittoria, une place idyllique orn\u00e9e d&#8217;un feuillage luxuriant, qui offre un panorama c\u00f4tier d&#8217;une allure durable.<\/p>\n<p>En entrant dans la ville de Capri, vous p\u00e9n\u00e9trerez dans son centre historique en vous promenant sur la vibrante Piazza Umberto I, flanqu\u00e9e de monuments tels que la Tour de l&#8217;Horloge et l&#8217;\u00e9glise de San Stefano. Fl\u00e2nez le long des principales art\u00e8res &#8211; Via Vittorio Emanuelle, Via Croce et Camelle &#8211; \u00e0 la rencontre de boutiques et de restaurants haut de gamme.<\/p>\n<p>Savourez des moments de d\u00e9tente dans un restaurant italien renomm\u00e9, personnellement recommand\u00e9 par votre guide, avant de descendre au port de Capri par le funiculaire pour votre ferry de retour \u00e0 Sorrente, en faisant vos adieux \u00e0 votre guide au milieu des panoramas enchanteurs de Capri.<\/p>\n<p>D\u00e9couvrez notre gamme d&#8217;excursions priv\u00e9es \u00e0 Capri et Anacapri au d\u00e9part de Sorrente pour d&#8217;autres exp\u00e9riences sur mesure.<\/p>\n<p>Nous proposons \u00e9galement des excursions priv\u00e9es \u00e0 Capri et Anacapri au d\u00e9part de Sorrente, jetez-y un coup d&#8217;\u0153il !<\/p>\n","protected":false},"excerpt":{"rendered":"<p>Les \u00eeles de Capri et d&#8217;Anacapri, en Italie, se caract\u00e9risent par une architecture urbaine modeste, des rues charmantes et des vues imprenables sur la mer. Nous vous aiderons \u00e0 d\u00e9couvrir le meilleur de Capri et d&#8217;Anacapri gr\u00e2ce \u00e0 cette visite priv\u00e9e en compagnie d&#8217;un guide local officiel.<\/p>\n","protected":false},"featured_media":173517,"comment_status":"open","ping_status":"closed","template":"","meta":{"_acf_changed":false},"product_brand":[],"product_cat":[4897,4896,4149,4151,4150,4152,3651],"product_tag":[],"class_list":{"0":"post-173507","1":"product","2":"type-product","3":"status-publish","4":"has-post-thumbnail","6":"product_cat-excursions-a-terre-privees-fr-2","7":"product_cat-toutes-les-visites-privees-fr-3","8":"product_cat-sorrento-fr","9":"product_cat-excursions-privees-a-terre-fr","10":"product_cat-tous-les-circuits-et-activites-prives-fr-2","11":"product_cat-visites-guidees-privees-fr","12":"product_cat-capri-fr","14":"first","15":"instock","16":"shipping-taxable","17":"purchasable","18":"product-type-simple"},"acf":[],"yoast_head":"<!-- This site is optimized with the Yoast SEO Premium plugin v25.3.1 (Yoast SEO v25.3.1) - https:\/\/yoast.com\/wordpress\/plugins\/seo\/ -->\n<title>Visite de Capri et Anacapri avec la Grotte Bleue<\/title>\n<meta name=\"description\" content=\"Explorez et profitez de la ville de Capri et d&#039;Anacapri avec la grotte bleue de Sorrente avec un guide local et d\u00e9couvrez certains de ses endroits les plus reconnus.\" \/>\n<meta name=\"robots\" content=\"index, follow, max-snippet:-1, max-image-preview:large, max-video-preview:-1\" \/>\n<link rel=\"canonical\" href=\"https:\/\/tourtravelandmore.com\/fr\/tours\/italie-fr\/sorrento-fr\/tous-les-circuits-et-activites-prives-fr-2\/visite-privee-de-capri-et-anacapri-avec-la-grotte-bleue-depuis-naples-copy\/\" \/>\n<meta property=\"og:locale\" content=\"fr_FR\" \/>\n<meta property=\"og:type\" content=\"article\" \/>\n<meta property=\"og:title\" content=\"Visite priv\u00e9e de Capri et Anacapri avec la Grotte bleue depuis Sorrente\" \/>\n<meta property=\"og:description\" content=\"Explorez et profitez de la ville de Capri et d&#039;Anacapri avec la grotte bleue de Sorrente avec un guide local et d\u00e9couvrez certains de ses endroits les plus reconnus.\" \/>\n<meta property=\"og:url\" content=\"https:\/\/tourtravelandmore.com\/fr\/tours\/italie-fr\/sorrento-fr\/tous-les-circuits-et-activites-prives-fr-2\/visite-privee-de-capri-et-anacapri-avec-la-grotte-bleue-depuis-naples-copy\/\" \/>\n<meta property=\"og:site_name\" content=\"Tour Travel And More\" \/>\n<meta property=\"article:publisher\" content=\"https:\/\/www.facebook.com\/tourtravelandmore\/\" \/>\n<meta property=\"article:modified_time\" content=\"2024-03-11T13:08:13+00:00\" \/>\n<meta property=\"og:image\" content=\"https:\/\/tourtravelandmore.com\/wp-content\/uploads\/2024\/03\/blue-grotto-capri-2.jpeg\" \/>\n\t<meta property=\"og:image:width\" content=\"1200\" \/>\n\t<meta property=\"og:image:height\" content=\"670\" \/>\n\t<meta property=\"og:image:type\" content=\"image\/jpeg\" \/>\n<meta name=\"twitter:card\" content=\"summary_large_image\" \/>\n<meta name=\"twitter:site\" content=\"@TourTravel_More\" \/>\n<meta name=\"twitter:label1\" content=\"Dur\u00e9e de lecture estim\u00e9e\" \/>\n\t<meta name=\"twitter:data1\" content=\"3 minutes\" \/>\n<script type=\"application\/ld+json\" class=\"yoast-schema-graph\">{\"@context\":\"https:\/\/schema.org\",\"@graph\":[{\"@type\":\"WebPage\",\"@id\":\"https:\/\/tourtravelandmore.com\/fr\/tours\/italie-fr\/sorrento-fr\/tous-les-circuits-et-activites-prives-fr-2\/visite-privee-de-capri-et-anacapri-avec-la-grotte-bleue-depuis-naples-copy\/\",\"url\":\"https:\/\/tourtravelandmore.com\/fr\/tours\/italie-fr\/sorrento-fr\/tous-les-circuits-et-activites-prives-fr-2\/visite-privee-de-capri-et-anacapri-avec-la-grotte-bleue-depuis-naples-copy\/\",\"name\":\"Visite de Capri et Anacapri avec la Grotte Bleue\",\"isPartOf\":{\"@id\":\"https:\/\/tourtravelandmore.com\/fr\/#website\"},\"primaryImageOfPage\":{\"@id\":\"https:\/\/tourtravelandmore.com\/fr\/tours\/italie-fr\/sorrento-fr\/tous-les-circuits-et-activites-prives-fr-2\/visite-privee-de-capri-et-anacapri-avec-la-grotte-bleue-depuis-naples-copy\/#primaryimage\"},\"image\":{\"@id\":\"https:\/\/tourtravelandmore.com\/fr\/tours\/italie-fr\/sorrento-fr\/tous-les-circuits-et-activites-prives-fr-2\/visite-privee-de-capri-et-anacapri-avec-la-grotte-bleue-depuis-naples-copy\/#primaryimage\"},\"thumbnailUrl\":\"https:\/\/tourtravelandmore.com\/wp-content\/uploads\/2024\/03\/blue-grotto-capri-2.jpeg\",\"datePublished\":\"2024-03-08T15:46:29+00:00\",\"dateModified\":\"2024-03-11T13:08:13+00:00\",\"description\":\"Explorez et profitez de la ville de Capri et d'Anacapri avec la grotte bleue de Sorrente avec un guide local et d\u00e9couvrez certains de ses endroits les plus reconnus.\",\"breadcrumb\":{\"@id\":\"https:\/\/tourtravelandmore.com\/fr\/tours\/italie-fr\/sorrento-fr\/tous-les-circuits-et-activites-prives-fr-2\/visite-privee-de-capri-et-anacapri-avec-la-grotte-bleue-depuis-naples-copy\/#breadcrumb\"},\"inLanguage\":\"fr-FR\",\"potentialAction\":[{\"@type\":\"ReadAction\",\"target\":[\"https:\/\/tourtravelandmore.com\/fr\/tours\/italie-fr\/sorrento-fr\/tous-les-circuits-et-activites-prives-fr-2\/visite-privee-de-capri-et-anacapri-avec-la-grotte-bleue-depuis-naples-copy\/\"]}]},{\"@type\":\"ImageObject\",\"inLanguage\":\"fr-FR\",\"@id\":\"https:\/\/tourtravelandmore.com\/fr\/tours\/italie-fr\/sorrento-fr\/tous-les-circuits-et-activites-prives-fr-2\/visite-privee-de-capri-et-anacapri-avec-la-grotte-bleue-depuis-naples-copy\/#primaryimage\",\"url\":\"https:\/\/tourtravelandmore.com\/wp-content\/uploads\/2024\/03\/blue-grotto-capri-2.jpeg\",\"contentUrl\":\"https:\/\/tourtravelandmore.com\/wp-content\/uploads\/2024\/03\/blue-grotto-capri-2.jpeg\",\"width\":1200,\"height\":670},{\"@type\":\"BreadcrumbList\",\"@id\":\"https:\/\/tourtravelandmore.com\/fr\/tours\/italie-fr\/sorrento-fr\/tous-les-circuits-et-activites-prives-fr-2\/visite-privee-de-capri-et-anacapri-avec-la-grotte-bleue-depuis-naples-copy\/#breadcrumb\",\"itemListElement\":[{\"@type\":\"ListItem\",\"position\":1,\"name\":\"Home\",\"item\":\"https:\/\/tourtravelandmore.com\/fr\/\"},{\"@type\":\"ListItem\",\"position\":2,\"name\":\"Tours\",\"item\":\"https:\/\/tourtravelandmore.com\/fr\/tours\/\"},{\"@type\":\"ListItem\",\"position\":3,\"name\":\"Visite priv\u00e9e de Capri et Anacapri avec la Grotte bleue depuis Sorrente\"}]},{\"@type\":\"WebSite\",\"@id\":\"https:\/\/tourtravelandmore.com\/fr\/#website\",\"url\":\"https:\/\/tourtravelandmore.com\/fr\/\",\"name\":\"Tour Travel And More\",\"description\":\"Private sightseeing tours and luxury transfers in Spain\",\"publisher\":{\"@id\":\"https:\/\/tourtravelandmore.com\/fr\/#organization\"},\"potentialAction\":[{\"@type\":\"SearchAction\",\"target\":{\"@type\":\"EntryPoint\",\"urlTemplate\":\"https:\/\/tourtravelandmore.com\/fr\/?s={search_term_string}\"},\"query-input\":{\"@type\":\"PropertyValueSpecification\",\"valueRequired\":true,\"valueName\":\"search_term_string\"}}],\"inLanguage\":\"fr-FR\"},{\"@type\":\"Organization\",\"@id\":\"https:\/\/tourtravelandmore.com\/fr\/#organization\",\"name\":\"Tour Travel And More\",\"url\":\"https:\/\/tourtravelandmore.com\/fr\/\",\"logo\":{\"@type\":\"ImageObject\",\"inLanguage\":\"fr-FR\",\"@id\":\"https:\/\/tourtravelandmore.com\/fr\/#\/schema\/logo\/image\/\",\"url\":\"https:\/\/tourtravelandmore.com\/wp-content\/uploads\/2022\/12\/cropped-logo-cabecera-new.png\",\"contentUrl\":\"https:\/\/tourtravelandmore.com\/wp-content\/uploads\/2022\/12\/cropped-logo-cabecera-new.png\",\"width\":430,\"height\":61,\"caption\":\"Tour Travel And More\"},\"image\":{\"@id\":\"https:\/\/tourtravelandmore.com\/fr\/#\/schema\/logo\/image\/\"},\"sameAs\":[\"https:\/\/www.facebook.com\/tourtravelandmore\/\",\"https:\/\/x.com\/TourTravel_More\"]}]}<\/script>\n<!-- \/ Yoast SEO Premium plugin. -->","yoast_head_json":{"title":"Visite de Capri et Anacapri avec la Grotte Bleue","description":"Explorez et profitez de la ville de Capri et d'Anacapri avec la grotte bleue de Sorrente avec un guide local et d\u00e9couvrez certains de ses endroits les plus reconnus.","robots":{"index":"index","follow":"follow","max-snippet":"max-snippet:-1","max-image-preview":"max-image-preview:large","max-video-preview":"max-video-preview:-1"},"canonical":"https:\/\/tourtravelandmore.com\/fr\/tours\/italie-fr\/sorrento-fr\/tous-les-circuits-et-activites-prives-fr-2\/visite-privee-de-capri-et-anacapri-avec-la-grotte-bleue-depuis-naples-copy\/","og_locale":"fr_FR","og_type":"article","og_title":"Visite priv\u00e9e de Capri et Anacapri avec la Grotte bleue depuis Sorrente","og_description":"Explorez et profitez de la ville de Capri et d'Anacapri avec la grotte bleue de Sorrente avec un guide local et d\u00e9couvrez certains de ses endroits les plus reconnus.","og_url":"https:\/\/tourtravelandmore.com\/fr\/tours\/italie-fr\/sorrento-fr\/tous-les-circuits-et-activites-prives-fr-2\/visite-privee-de-capri-et-anacapri-avec-la-grotte-bleue-depuis-naples-copy\/","og_site_name":"Tour Travel And More","article_publisher":"https:\/\/www.facebook.com\/tourtravelandmore\/","article_modified_time":"2024-03-11T13:08:13+00:00","og_image":[{"width":1200,"height":670,"url":"https:\/\/tourtravelandmore.com\/wp-content\/uploads\/2024\/03\/blue-grotto-capri-2.jpeg","type":"image\/jpeg"}],"twitter_card":"summary_large_image","twitter_site":"@TourTravel_More","twitter_misc":{"Dur\u00e9e de lecture estim\u00e9e":"3 minutes"},"schema":{"@context":"https:\/\/schema.org","@graph":[{"@type":"WebPage","@id":"https:\/\/tourtravelandmore.com\/fr\/tours\/italie-fr\/sorrento-fr\/tous-les-circuits-et-activites-prives-fr-2\/visite-privee-de-capri-et-anacapri-avec-la-grotte-bleue-depuis-naples-copy\/","url":"https:\/\/tourtravelandmore.com\/fr\/tours\/italie-fr\/sorrento-fr\/tous-les-circuits-et-activites-prives-fr-2\/visite-privee-de-capri-et-anacapri-avec-la-grotte-bleue-depuis-naples-copy\/","name":"Visite de Capri et Anacapri avec la Grotte Bleue","isPartOf":{"@id":"https:\/\/tourtravelandmore.com\/fr\/#website"},"primaryImageOfPage":{"@id":"https:\/\/tourtravelandmore.com\/fr\/tours\/italie-fr\/sorrento-fr\/tous-les-circuits-et-activites-prives-fr-2\/visite-privee-de-capri-et-anacapri-avec-la-grotte-bleue-depuis-naples-copy\/#primaryimage"},"image":{"@id":"https:\/\/tourtravelandmore.com\/fr\/tours\/italie-fr\/sorrento-fr\/tous-les-circuits-et-activites-prives-fr-2\/visite-privee-de-capri-et-anacapri-avec-la-grotte-bleue-depuis-naples-copy\/#primaryimage"},"thumbnailUrl":"https:\/\/tourtravelandmore.com\/wp-content\/uploads\/2024\/03\/blue-grotto-capri-2.jpeg","datePublished":"2024-03-08T15:46:29+00:00","dateModified":"2024-03-11T13:08:13+00:00","description":"Explorez et profitez de la ville de Capri et d'Anacapri avec la grotte bleue de Sorrente avec un guide local et d\u00e9couvrez certains de ses endroits les plus reconnus.","breadcrumb":{"@id":"https:\/\/tourtravelandmore.com\/fr\/tours\/italie-fr\/sorrento-fr\/tous-les-circuits-et-activites-prives-fr-2\/visite-privee-de-capri-et-anacapri-avec-la-grotte-bleue-depuis-naples-copy\/#breadcrumb"},"inLanguage":"fr-FR","potentialAction":[{"@type":"ReadAction","target":["https:\/\/tourtravelandmore.com\/fr\/tours\/italie-fr\/sorrento-fr\/tous-les-circuits-et-activites-prives-fr-2\/visite-privee-de-capri-et-anacapri-avec-la-grotte-bleue-depuis-naples-copy\/"]}]},{"@type":"ImageObject","inLanguage":"fr-FR","@id":"https:\/\/tourtravelandmore.com\/fr\/tours\/italie-fr\/sorrento-fr\/tous-les-circuits-et-activites-prives-fr-2\/visite-privee-de-capri-et-anacapri-avec-la-grotte-bleue-depuis-naples-copy\/#primaryimage","url":"https:\/\/tourtravelandmore.com\/wp-content\/uploads\/2024\/03\/blue-grotto-capri-2.jpeg","contentUrl":"https:\/\/tourtravelandmore.com\/wp-content\/uploads\/2024\/03\/blue-grotto-capri-2.jpeg","width":1200,"height":670},{"@type":"BreadcrumbList","@id":"https:\/\/tourtravelandmore.com\/fr\/tours\/italie-fr\/sorrento-fr\/tous-les-circuits-et-activites-prives-fr-2\/visite-privee-de-capri-et-anacapri-avec-la-grotte-bleue-depuis-naples-copy\/#breadcrumb","itemListElement":[{"@type":"ListItem","position":1,"name":"Home","item":"https:\/\/tourtravelandmore.com\/fr\/"},{"@type":"ListItem","position":2,"name":"Tours","item":"https:\/\/tourtravelandmore.com\/fr\/tours\/"},{"@type":"ListItem","position":3,"name":"Visite priv\u00e9e de Capri et Anacapri avec la Grotte bleue depuis Sorrente"}]},{"@type":"WebSite","@id":"https:\/\/tourtravelandmore.com\/fr\/#website","url":"https:\/\/tourtravelandmore.com\/fr\/","name":"Tour Travel And More","description":"Private sightseeing tours and luxury transfers in Spain","publisher":{"@id":"https:\/\/tourtravelandmore.com\/fr\/#organization"},"potentialAction":[{"@type":"SearchAction","target":{"@type":"EntryPoint","urlTemplate":"https:\/\/tourtravelandmore.com\/fr\/?s={search_term_string}"},"query-input":{"@type":"PropertyValueSpecification","valueRequired":true,"valueName":"search_term_string"}}],"inLanguage":"fr-FR"},{"@type":"Organization","@id":"https:\/\/tourtravelandmore.com\/fr\/#organization","name":"Tour Travel And More","url":"https:\/\/tourtravelandmore.com\/fr\/","logo":{"@type":"ImageObject","inLanguage":"fr-FR","@id":"https:\/\/tourtravelandmore.com\/fr\/#\/schema\/logo\/image\/","url":"https:\/\/tourtravelandmore.com\/wp-content\/uploads\/2022\/12\/cropped-logo-cabecera-new.png","contentUrl":"https:\/\/tourtravelandmore.com\/wp-content\/uploads\/2022\/12\/cropped-logo-cabecera-new.png","width":430,"height":61,"caption":"Tour Travel And More"},"image":{"@id":"https:\/\/tourtravelandmore.com\/fr\/#\/schema\/logo\/image\/"},"sameAs":["https:\/\/www.facebook.com\/tourtravelandmore\/","https:\/\/x.com\/TourTravel_More"]}]}},"_links":{"self":[{"href":"https:\/\/tourtravelandmore.com\/fr\/wp-json\/wp\/v2\/product\/173507","targetHints":{"allow":["GET"]}}],"collection":[{"href":"https:\/\/tourtravelandmore.com\/fr\/wp-json\/wp\/v2\/product"}],"about":[{"href":"https:\/\/tourtravelandmore.com\/fr\/wp-json\/wp\/v2\/types\/product"}],"replies":[{"embeddable":true,"href":"https:\/\/tourtravelandmore.com\/fr\/wp-json\/wp\/v2\/comments?post=173507"}],"wp:featuredmedia":[{"embeddable":true,"href":"https:\/\/tourtravelandmore.com\/fr\/wp-json\/wp\/v2\/media\/173517"}],"wp:attachment":[{"href":"https:\/\/tourtravelandmore.com\/fr\/wp-json\/wp\/v2\/media?parent=173507"}],"wp:term":[{"taxonomy":"product_brand","embeddable":true,"href":"https:\/\/tourtravelandmore.com\/fr\/wp-json\/wp\/v2\/product_brand?post=173507"},{"taxonomy":"product_cat","embeddable":true,"href":"https:\/\/tourtravelandmore.com\/fr\/wp-json\/wp\/v2\/product_cat?post=173507"},{"taxonomy":"product_tag","embeddable":true,"href":"https:\/\/tourtravelandmore.com\/fr\/wp-json\/wp\/v2\/product_tag?post=173507"}],"curies":[{"name":"wp","href":"https:\/\/api.w.org\/{rel}","templated":true}]}}