{"id":173413,"date":"2024-03-01T16:10:05","date_gmt":"2024-03-01T15:10:07","guid":{"rendered":"https:\/\/tourtravelandmore.com\/?post_type=product&#038;p=173413"},"modified":"2024-03-01T16:22:38","modified_gmt":"2024-03-01T15:22:38","slug":"transfert-prive-aller-simple-de-a-bari-a-de-naples-copy","status":"publish","type":"product","link":"https:\/\/tourtravelandmore.com\/fr\/tours\/italie-fr\/bari-fr-fr\/transfert-prive-aller-simple-de-a-bari-a-de-naples-copy\/","title":{"rendered":"Transfert priv\u00e9 aller simple de\/\u00e0 l&#8217;a\u00e9roport \u00e0\/de l&#8217;h\u00f4tel \u00e0 Bari"},"content":{"rendered":"<h2>Transfert priv\u00e9 aller simple de\/\u00e0 l&#8217;a\u00e9roport \u00e0\/de l&#8217;h\u00f4tel \u00e0 Bari Description<\/h2>\n<p>Faites de votre arriv\u00e9e ou de votre d\u00e9part de Bari une exp\u00e9rience luxueuse et sans stress gr\u00e2ce \u00e0 notre service de transfert priv\u00e9 aller simple de\/\u00e0 l&#8217;a\u00e9roport \u00e0\/de l&#8217;h\u00f4tel \u00e0 Bari, fourni exclusivement par Tour Travel and More.<\/p>\n<p>Que vous atterrissiez \u00e0 Bari ou que vous fassiez vos adieux \u00e0 cette charmante ville, notre service de transfert vous assure un voyage fluide et confortable de l&#8217;a\u00e9roport \u00e0 votre h\u00f4tel, ou vice versa. Installez-vous confortablement, d\u00e9tendez-vous et laissez notre chauffeur exp\u00e9riment\u00e9 s&#8217;occuper du reste, pendant que vous profitez pleinement de votre exp\u00e9rience de voyage.<\/p>\n<p>Votre chauffeur priv\u00e9 viendra vous chercher \u00e0 votre h\u00f4tel ou \u00e0 l&#8217;endroit de votre choix \u00e0 Bari, assurant un d\u00e9but de transfert sans tracas.<\/p>\n<p>R\u00e9servez d\u00e8s maintenant et am\u00e9liorez votre exp\u00e9rience de voyage \u00e0 Bari. Contactez-nous pour r\u00e9server votre transfert ou pour toute autre question.<\/p>\n<p>Pour plus de d\u00e9tails et de r\u00e9servations, veuillez nous contacter directement. Nous nous r\u00e9jouissons de vous accompagner dans ce voyage inoubliable !<\/p>\n<h2>Points d&#8217;int\u00e9r\u00eat et monuments<\/h2>\n<ul>\n<li><strong>Adapt\u00e9 \u00e0 vos besoins :<\/strong> Nos services de transfert priv\u00e9 conviennent aux voyageurs solitaires, aux couples, aux familles, aux groupes priv\u00e9s et m\u00eame aux grands groupes de motivation. Nous personnalisons chaque aspect de votre voyage pour qu&#8217;il corresponde parfaitement \u00e0 votre emploi du temps et \u00e0 vos pr\u00e9f\u00e9rences.<\/li>\n<li><strong>R\u00e9servation facile :<\/strong> Contactez-nous, nous nous occupons du reste. Une fois votre r\u00e9servation confirm\u00e9e, vous recevrez un e-mail de confirmation d\u00e9taill\u00e9.<\/li>\n<li><strong>Voyager avec des enfants :<\/strong> Si vous avez besoin d&#8217;un si\u00e8ge b\u00e9b\u00e9 ou enfant, contactez-nous avant votre vol ou votre croisi\u00e8re, et nous veillerons \u00e0 ce qu&#8217;il soit pr\u00e9par\u00e9 et install\u00e9 correctement.<\/li>\n<li><strong>Disponibilit\u00e9 24 heures sur 24, 7 jours sur 7<\/strong> : Quelle que soit l&#8217;heure d&#8217;arriv\u00e9e de votre vol ou de votre croisi\u00e8re, notre service de transfert priv\u00e9 \u00e0 Naples est disponible 24 heures sur 24 et 7 jours sur 7. Soyez assur\u00e9 que nous serons l\u00e0 pour vous accueillir et que vous atteindrez votre destination rapidement et confortablement, m\u00eame si vous arrivez tard dans la nuit ou t\u00f4t le matin.<\/li>\n<li><strong>V\u00e9hicules propres et hygi\u00e9niques :<\/strong> Votre s\u00e9curit\u00e9 et votre bien-\u00eatre sont nos principales priorit\u00e9s. Nous nettoyons et d\u00e9sinfectons m\u00e9ticuleusement nos v\u00e9hicules apr\u00e8s chaque utilisation, vous offrant ainsi un environnement propre et hygi\u00e9nique pour votre voyage.<\/li>\n<\/ul>\n<p>D\u00e9couvrez l&#8217;incarnation du voyage de luxe avec le service de transfert de Tour Travel and More. R\u00e9servez d\u00e8s maintenant et am\u00e9liorez votre exp\u00e9rience de voyage entre Bari et Naples. Contactez-nous pour r\u00e9server votre transfert ou pour toute autre question.<\/p>\n","protected":false},"excerpt":{"rendered":"<p>Faites de votre arriv\u00e9e ou de votre d\u00e9part de Bari une exp\u00e9rience luxueuse et sans stress gr\u00e2ce \u00e0 notre service de transfert priv\u00e9 aller simple de\/\u00e0 l&#8217;a\u00e9roport \u00e0\/de l&#8217;h\u00f4tel \u00e0 Bari, fourni exclusivement par Tour Travel and More.<\/p>\n","protected":false},"featured_media":173388,"comment_status":"open","ping_status":"closed","template":"","meta":{"_acf_changed":false},"product_brand":[],"product_cat":[5070,5067,5107],"product_tag":[],"class_list":{"0":"post-173413","1":"product","2":"type-product","3":"status-publish","4":"has-post-thumbnail","6":"product_cat-all-private-tours-fr","7":"product_cat-bari-fr-fr","8":"product_cat-private-sightseeing-tours-fr-29","10":"first","11":"instock","12":"shipping-taxable","13":"purchasable","14":"product-type-simple"},"acf":[],"yoast_head":"<!-- This site is optimized with the Yoast SEO Premium plugin v25.3.1 (Yoast SEO v25.3.1) - https:\/\/yoast.com\/wordpress\/plugins\/seo\/ -->\n<title>Transfert priv\u00e9 aller simple de\/\u00e0 l&#039;a\u00e9roport \u00e0\/de l&#039;h\u00f4tel \u00e0 Bari<\/title>\n<meta name=\"description\" content=\"Atteignez votre destination en toute s\u00e9curit\u00e9 avec notre Transfert priv\u00e9 aller simple de\/\u00e0 l&#039;a\u00e9roport \u00e0\/de l&#039;h\u00f4tel \u00e0 Bari. Vous pouvez commencer votre transfert n&#039;importe o\u00f9 dans cette ville\u2705\" \/>\n<meta name=\"robots\" content=\"index, follow, max-snippet:-1, max-image-preview:large, max-video-preview:-1\" \/>\n<link rel=\"canonical\" href=\"https:\/\/tourtravelandmore.com\/fr\/tours\/italie-fr\/bari-fr-fr\/transfert-prive-aller-simple-de-a-bari-a-de-naples-copy\/\" \/>\n<meta property=\"og:locale\" content=\"fr_FR\" \/>\n<meta property=\"og:type\" content=\"article\" \/>\n<meta property=\"og:title\" content=\"Transfert priv\u00e9 aller simple de\/\u00e0 l&#039;a\u00e9roport \u00e0\/de l&#039;h\u00f4tel \u00e0 Bari\" \/>\n<meta property=\"og:description\" content=\"Atteignez votre destination en toute s\u00e9curit\u00e9 avec notre Transfert priv\u00e9 aller simple de\/\u00e0 l&#039;a\u00e9roport \u00e0\/de l&#039;h\u00f4tel \u00e0 Bari. Vous pouvez commencer votre transfert n&#039;importe o\u00f9 dans cette ville\u2705\" \/>\n<meta property=\"og:url\" content=\"https:\/\/tourtravelandmore.com\/fr\/tours\/italie-fr\/bari-fr-fr\/transfert-prive-aller-simple-de-a-bari-a-de-naples-copy\/\" \/>\n<meta property=\"og:site_name\" content=\"Tour Travel And More\" \/>\n<meta property=\"article:publisher\" content=\"https:\/\/www.facebook.com\/tourtravelandmore\/\" \/>\n<meta property=\"article:modified_time\" content=\"2024-03-01T15:22:38+00:00\" \/>\n<meta property=\"og:image\" content=\"https:\/\/tourtravelandmore.com\/wp-content\/uploads\/2024\/03\/csm_airport-transfer_1_86c6f1c624.jpg\" \/>\n\t<meta property=\"og:image:width\" content=\"1920\" \/>\n\t<meta property=\"og:image:height\" content=\"1080\" \/>\n\t<meta property=\"og:image:type\" content=\"image\/jpeg\" \/>\n<meta name=\"twitter:card\" content=\"summary_large_image\" \/>\n<meta name=\"twitter:site\" content=\"@TourTravel_More\" \/>\n<meta name=\"twitter:label1\" content=\"Dur\u00e9e de lecture estim\u00e9e\" \/>\n\t<meta name=\"twitter:data1\" content=\"2 minutes\" \/>\n<script type=\"application\/ld+json\" class=\"yoast-schema-graph\">{\"@context\":\"https:\/\/schema.org\",\"@graph\":[{\"@type\":\"WebPage\",\"@id\":\"https:\/\/tourtravelandmore.com\/fr\/tours\/italie-fr\/bari-fr-fr\/transfert-prive-aller-simple-de-a-bari-a-de-naples-copy\/\",\"url\":\"https:\/\/tourtravelandmore.com\/fr\/tours\/italie-fr\/bari-fr-fr\/transfert-prive-aller-simple-de-a-bari-a-de-naples-copy\/\",\"name\":\"Transfert priv\u00e9 aller simple de\/\u00e0 l'a\u00e9roport \u00e0\/de l'h\u00f4tel \u00e0 Bari\",\"isPartOf\":{\"@id\":\"https:\/\/tourtravelandmore.com\/fr\/#website\"},\"primaryImageOfPage\":{\"@id\":\"https:\/\/tourtravelandmore.com\/fr\/tours\/italie-fr\/bari-fr-fr\/transfert-prive-aller-simple-de-a-bari-a-de-naples-copy\/#primaryimage\"},\"image\":{\"@id\":\"https:\/\/tourtravelandmore.com\/fr\/tours\/italie-fr\/bari-fr-fr\/transfert-prive-aller-simple-de-a-bari-a-de-naples-copy\/#primaryimage\"},\"thumbnailUrl\":\"https:\/\/tourtravelandmore.com\/wp-content\/uploads\/2024\/03\/csm_airport-transfer_1_86c6f1c624.jpg\",\"datePublished\":\"2024-03-01T15:10:07+00:00\",\"dateModified\":\"2024-03-01T15:22:38+00:00\",\"description\":\"Atteignez votre destination en toute s\u00e9curit\u00e9 avec notre Transfert priv\u00e9 aller simple de\/\u00e0 l'a\u00e9roport \u00e0\/de l'h\u00f4tel \u00e0 Bari. Vous pouvez commencer votre transfert n'importe o\u00f9 dans cette ville\u2705\",\"breadcrumb\":{\"@id\":\"https:\/\/tourtravelandmore.com\/fr\/tours\/italie-fr\/bari-fr-fr\/transfert-prive-aller-simple-de-a-bari-a-de-naples-copy\/#breadcrumb\"},\"inLanguage\":\"fr-FR\",\"potentialAction\":[{\"@type\":\"ReadAction\",\"target\":[\"https:\/\/tourtravelandmore.com\/fr\/tours\/italie-fr\/bari-fr-fr\/transfert-prive-aller-simple-de-a-bari-a-de-naples-copy\/\"]}]},{\"@type\":\"ImageObject\",\"inLanguage\":\"fr-FR\",\"@id\":\"https:\/\/tourtravelandmore.com\/fr\/tours\/italie-fr\/bari-fr-fr\/transfert-prive-aller-simple-de-a-bari-a-de-naples-copy\/#primaryimage\",\"url\":\"https:\/\/tourtravelandmore.com\/wp-content\/uploads\/2024\/03\/csm_airport-transfer_1_86c6f1c624.jpg\",\"contentUrl\":\"https:\/\/tourtravelandmore.com\/wp-content\/uploads\/2024\/03\/csm_airport-transfer_1_86c6f1c624.jpg\",\"width\":1920,\"height\":1080},{\"@type\":\"BreadcrumbList\",\"@id\":\"https:\/\/tourtravelandmore.com\/fr\/tours\/italie-fr\/bari-fr-fr\/transfert-prive-aller-simple-de-a-bari-a-de-naples-copy\/#breadcrumb\",\"itemListElement\":[{\"@type\":\"ListItem\",\"position\":1,\"name\":\"Home\",\"item\":\"https:\/\/tourtravelandmore.com\/fr\/\"},{\"@type\":\"ListItem\",\"position\":2,\"name\":\"Tours\",\"item\":\"https:\/\/tourtravelandmore.com\/fr\/tours\/\"},{\"@type\":\"ListItem\",\"position\":3,\"name\":\"Transfert priv\u00e9 aller simple de\/\u00e0 l&#8217;a\u00e9roport \u00e0\/de l&#8217;h\u00f4tel \u00e0 Bari\"}]},{\"@type\":\"WebSite\",\"@id\":\"https:\/\/tourtravelandmore.com\/fr\/#website\",\"url\":\"https:\/\/tourtravelandmore.com\/fr\/\",\"name\":\"Tour Travel And More\",\"description\":\"Private sightseeing tours and luxury transfers in Spain\",\"publisher\":{\"@id\":\"https:\/\/tourtravelandmore.com\/fr\/#organization\"},\"potentialAction\":[{\"@type\":\"SearchAction\",\"target\":{\"@type\":\"EntryPoint\",\"urlTemplate\":\"https:\/\/tourtravelandmore.com\/fr\/?s={search_term_string}\"},\"query-input\":{\"@type\":\"PropertyValueSpecification\",\"valueRequired\":true,\"valueName\":\"search_term_string\"}}],\"inLanguage\":\"fr-FR\"},{\"@type\":\"Organization\",\"@id\":\"https:\/\/tourtravelandmore.com\/fr\/#organization\",\"name\":\"Tour Travel And More\",\"url\":\"https:\/\/tourtravelandmore.com\/fr\/\",\"logo\":{\"@type\":\"ImageObject\",\"inLanguage\":\"fr-FR\",\"@id\":\"https:\/\/tourtravelandmore.com\/fr\/#\/schema\/logo\/image\/\",\"url\":\"https:\/\/tourtravelandmore.com\/wp-content\/uploads\/2022\/12\/cropped-logo-cabecera-new.png\",\"contentUrl\":\"https:\/\/tourtravelandmore.com\/wp-content\/uploads\/2022\/12\/cropped-logo-cabecera-new.png\",\"width\":430,\"height\":61,\"caption\":\"Tour Travel And More\"},\"image\":{\"@id\":\"https:\/\/tourtravelandmore.com\/fr\/#\/schema\/logo\/image\/\"},\"sameAs\":[\"https:\/\/www.facebook.com\/tourtravelandmore\/\",\"https:\/\/x.com\/TourTravel_More\"]}]}<\/script>\n<!-- \/ Yoast SEO Premium plugin. -->","yoast_head_json":{"title":"Transfert priv\u00e9 aller simple de\/\u00e0 l'a\u00e9roport \u00e0\/de l'h\u00f4tel \u00e0 Bari","description":"Atteignez votre destination en toute s\u00e9curit\u00e9 avec notre Transfert priv\u00e9 aller simple de\/\u00e0 l'a\u00e9roport \u00e0\/de l'h\u00f4tel \u00e0 Bari. Vous pouvez commencer votre transfert n'importe o\u00f9 dans cette ville\u2705","robots":{"index":"index","follow":"follow","max-snippet":"max-snippet:-1","max-image-preview":"max-image-preview:large","max-video-preview":"max-video-preview:-1"},"canonical":"https:\/\/tourtravelandmore.com\/fr\/tours\/italie-fr\/bari-fr-fr\/transfert-prive-aller-simple-de-a-bari-a-de-naples-copy\/","og_locale":"fr_FR","og_type":"article","og_title":"Transfert priv\u00e9 aller simple de\/\u00e0 l'a\u00e9roport \u00e0\/de l'h\u00f4tel \u00e0 Bari","og_description":"Atteignez votre destination en toute s\u00e9curit\u00e9 avec notre Transfert priv\u00e9 aller simple de\/\u00e0 l'a\u00e9roport \u00e0\/de l'h\u00f4tel \u00e0 Bari. Vous pouvez commencer votre transfert n'importe o\u00f9 dans cette ville\u2705","og_url":"https:\/\/tourtravelandmore.com\/fr\/tours\/italie-fr\/bari-fr-fr\/transfert-prive-aller-simple-de-a-bari-a-de-naples-copy\/","og_site_name":"Tour Travel And More","article_publisher":"https:\/\/www.facebook.com\/tourtravelandmore\/","article_modified_time":"2024-03-01T15:22:38+00:00","og_image":[{"width":1920,"height":1080,"url":"https:\/\/tourtravelandmore.com\/wp-content\/uploads\/2024\/03\/csm_airport-transfer_1_86c6f1c624.jpg","type":"image\/jpeg"}],"twitter_card":"summary_large_image","twitter_site":"@TourTravel_More","twitter_misc":{"Dur\u00e9e de lecture estim\u00e9e":"2 minutes"},"schema":{"@context":"https:\/\/schema.org","@graph":[{"@type":"WebPage","@id":"https:\/\/tourtravelandmore.com\/fr\/tours\/italie-fr\/bari-fr-fr\/transfert-prive-aller-simple-de-a-bari-a-de-naples-copy\/","url":"https:\/\/tourtravelandmore.com\/fr\/tours\/italie-fr\/bari-fr-fr\/transfert-prive-aller-simple-de-a-bari-a-de-naples-copy\/","name":"Transfert priv\u00e9 aller simple de\/\u00e0 l'a\u00e9roport \u00e0\/de l'h\u00f4tel \u00e0 Bari","isPartOf":{"@id":"https:\/\/tourtravelandmore.com\/fr\/#website"},"primaryImageOfPage":{"@id":"https:\/\/tourtravelandmore.com\/fr\/tours\/italie-fr\/bari-fr-fr\/transfert-prive-aller-simple-de-a-bari-a-de-naples-copy\/#primaryimage"},"image":{"@id":"https:\/\/tourtravelandmore.com\/fr\/tours\/italie-fr\/bari-fr-fr\/transfert-prive-aller-simple-de-a-bari-a-de-naples-copy\/#primaryimage"},"thumbnailUrl":"https:\/\/tourtravelandmore.com\/wp-content\/uploads\/2024\/03\/csm_airport-transfer_1_86c6f1c624.jpg","datePublished":"2024-03-01T15:10:07+00:00","dateModified":"2024-03-01T15:22:38+00:00","description":"Atteignez votre destination en toute s\u00e9curit\u00e9 avec notre Transfert priv\u00e9 aller simple de\/\u00e0 l'a\u00e9roport \u00e0\/de l'h\u00f4tel \u00e0 Bari. Vous pouvez commencer votre transfert n'importe o\u00f9 dans cette ville\u2705","breadcrumb":{"@id":"https:\/\/tourtravelandmore.com\/fr\/tours\/italie-fr\/bari-fr-fr\/transfert-prive-aller-simple-de-a-bari-a-de-naples-copy\/#breadcrumb"},"inLanguage":"fr-FR","potentialAction":[{"@type":"ReadAction","target":["https:\/\/tourtravelandmore.com\/fr\/tours\/italie-fr\/bari-fr-fr\/transfert-prive-aller-simple-de-a-bari-a-de-naples-copy\/"]}]},{"@type":"ImageObject","inLanguage":"fr-FR","@id":"https:\/\/tourtravelandmore.com\/fr\/tours\/italie-fr\/bari-fr-fr\/transfert-prive-aller-simple-de-a-bari-a-de-naples-copy\/#primaryimage","url":"https:\/\/tourtravelandmore.com\/wp-content\/uploads\/2024\/03\/csm_airport-transfer_1_86c6f1c624.jpg","contentUrl":"https:\/\/tourtravelandmore.com\/wp-content\/uploads\/2024\/03\/csm_airport-transfer_1_86c6f1c624.jpg","width":1920,"height":1080},{"@type":"BreadcrumbList","@id":"https:\/\/tourtravelandmore.com\/fr\/tours\/italie-fr\/bari-fr-fr\/transfert-prive-aller-simple-de-a-bari-a-de-naples-copy\/#breadcrumb","itemListElement":[{"@type":"ListItem","position":1,"name":"Home","item":"https:\/\/tourtravelandmore.com\/fr\/"},{"@type":"ListItem","position":2,"name":"Tours","item":"https:\/\/tourtravelandmore.com\/fr\/tours\/"},{"@type":"ListItem","position":3,"name":"Transfert priv\u00e9 aller simple de\/\u00e0 l&#8217;a\u00e9roport \u00e0\/de l&#8217;h\u00f4tel \u00e0 Bari"}]},{"@type":"WebSite","@id":"https:\/\/tourtravelandmore.com\/fr\/#website","url":"https:\/\/tourtravelandmore.com\/fr\/","name":"Tour Travel And More","description":"Private sightseeing tours and luxury transfers in Spain","publisher":{"@id":"https:\/\/tourtravelandmore.com\/fr\/#organization"},"potentialAction":[{"@type":"SearchAction","target":{"@type":"EntryPoint","urlTemplate":"https:\/\/tourtravelandmore.com\/fr\/?s={search_term_string}"},"query-input":{"@type":"PropertyValueSpecification","valueRequired":true,"valueName":"search_term_string"}}],"inLanguage":"fr-FR"},{"@type":"Organization","@id":"https:\/\/tourtravelandmore.com\/fr\/#organization","name":"Tour Travel And More","url":"https:\/\/tourtravelandmore.com\/fr\/","logo":{"@type":"ImageObject","inLanguage":"fr-FR","@id":"https:\/\/tourtravelandmore.com\/fr\/#\/schema\/logo\/image\/","url":"https:\/\/tourtravelandmore.com\/wp-content\/uploads\/2022\/12\/cropped-logo-cabecera-new.png","contentUrl":"https:\/\/tourtravelandmore.com\/wp-content\/uploads\/2022\/12\/cropped-logo-cabecera-new.png","width":430,"height":61,"caption":"Tour Travel And More"},"image":{"@id":"https:\/\/tourtravelandmore.com\/fr\/#\/schema\/logo\/image\/"},"sameAs":["https:\/\/www.facebook.com\/tourtravelandmore\/","https:\/\/x.com\/TourTravel_More"]}]}},"_links":{"self":[{"href":"https:\/\/tourtravelandmore.com\/fr\/wp-json\/wp\/v2\/product\/173413","targetHints":{"allow":["GET"]}}],"collection":[{"href":"https:\/\/tourtravelandmore.com\/fr\/wp-json\/wp\/v2\/product"}],"about":[{"href":"https:\/\/tourtravelandmore.com\/fr\/wp-json\/wp\/v2\/types\/product"}],"replies":[{"embeddable":true,"href":"https:\/\/tourtravelandmore.com\/fr\/wp-json\/wp\/v2\/comments?post=173413"}],"wp:featuredmedia":[{"embeddable":true,"href":"https:\/\/tourtravelandmore.com\/fr\/wp-json\/wp\/v2\/media\/173388"}],"wp:attachment":[{"href":"https:\/\/tourtravelandmore.com\/fr\/wp-json\/wp\/v2\/media?parent=173413"}],"wp:term":[{"taxonomy":"product_brand","embeddable":true,"href":"https:\/\/tourtravelandmore.com\/fr\/wp-json\/wp\/v2\/product_brand?post=173413"},{"taxonomy":"product_cat","embeddable":true,"href":"https:\/\/tourtravelandmore.com\/fr\/wp-json\/wp\/v2\/product_cat?post=173413"},{"taxonomy":"product_tag","embeddable":true,"href":"https:\/\/tourtravelandmore.com\/fr\/wp-json\/wp\/v2\/product_tag?post=173413"}],"curies":[{"name":"wp","href":"https:\/\/api.w.org\/{rel}","templated":true}]}}