{"id":173346,"date":"2024-03-01T15:31:34","date_gmt":"2024-03-01T14:31:37","guid":{"rendered":"https:\/\/tourtravelandmore.com\/?post_type=product&#038;p=173346"},"modified":"2024-03-05T14:48:59","modified_gmt":"2024-03-05T13:48:59","slug":"visite-privee-de-bari-et-matera-au-depart-du-terminal-de-croisiere-de-bari-ou-de-lhotel-copy-3","status":"publish","type":"product","link":"https:\/\/tourtravelandmore.com\/fr\/tours\/italie-fr\/bari-fr-fr\/visite-privee-de-bari-et-matera-au-depart-du-terminal-de-croisiere-de-bari-ou-de-lhotel-copy-3\/","title":{"rendered":"Excursion priv\u00e9e d&#8217;une demi-journ\u00e9e \u00e0 Matera au d\u00e9part Bari"},"content":{"rendered":"<h2>Excursion priv\u00e9e d&#8217;une demi-journ\u00e9e \u00e0 Matera au d\u00e9part du terminal de croisi\u00e8re de Bari ou de l&#8217;h\u00f4tel Description<\/h2>\n<p>Rejoignez-nous pour un voyage inoubliable d&#8217;une demi-journ\u00e9e \u00e0 Matera au d\u00e9part de Bari, o\u00f9 vous d\u00e9couvrirez la beaut\u00e9 \u00e9poustouflante et la riche histoire de ce site class\u00e9 au patrimoine mondial de l&#8217;UNESCO. Notre visite priv\u00e9e vous assure une attention personnalis\u00e9e avec votre propre v\u00e9hicule et un guide comp\u00e9tent.<\/p>\n<p>Plongez dans un voyage m\u00e9morable \u00e0 Matera, o\u00f9 l&#8217;histoire ancienne et les paysages \u00e0 couper le souffle vous attendent. R\u00e9servez votre circuit priv\u00e9 d\u00e8s aujourd&#8217;hui et vivez une exp\u00e9rience inoubliable avec Tour Travel and More.<\/p>\n<p>Embarquez dans cette aventure passionnante et d\u00e9couvrez les secrets les mieux gard\u00e9s de Matera gr\u00e2ce \u00e0 notre circuit priv\u00e9 exclusif !<\/p>\n<p>Pour plus de d\u00e9tails et de r\u00e9servations, veuillez visiter notre site web ou nous contacter directement. Nous nous r\u00e9jouissons de vous accompagner dans ce voyage inoubliable !<\/p>\n<h2>Points d&#8217;int\u00e9r\u00eat et monuments<\/h2>\n<p>Dans notre v\u00e9hicule de luxe priv\u00e9 avec chauffeur, nous nous rendrons \u00e0 Matera. Vous y rencontrerez votre guide pour une visite guid\u00e9e de Matera d&#8217;une dur\u00e9e de 3 heures. Ce voyage vous emm\u00e8nera \u00e0 travers de superbes paysages italiens. Notre guide et notre chauffeur vous accueilleront \u00e0 Matera.<\/p>\n<p>Une fois \u00e0 Matera, vous serez \u00e9merveill\u00e9s par les anciennes maisons taill\u00e9es dans la roche, les fascinantes ruelles et les vues panoramiques sur les Sassi, un labyrinthe d&#8217;anciennes grottes datant de l&#8217;\u00e2ge de pierre. Notre guide vous conduira \u00e0 travers ce site impressionnant tout en partageant les histoires et les l\u00e9gendes qui l&#8217;entourent.<\/p>\n<p>Apr\u00e8s une journ\u00e9e riche en d\u00e9couvertes, nous retournerons \u00e0 Bari, o\u00f9 nous vous d\u00e9poserons au terminal de croisi\u00e8re ou \u00e0 votre h\u00f4tel, avec des souvenirs inoubliables de votre aventure dans les Pouilles et la Basilicate.<\/p>\n<p>Embarquez pour ce voyage unique et personnalis\u00e9 qui vous fera d\u00e9couvrir l&#8217;histoire et la beaut\u00e9 de Matera. Avec l&#8217;attention personnalis\u00e9e de notre guide et le confort d&#8217;un v\u00e9hicule priv\u00e9, ce circuit vous garantit une exp\u00e9rience inoubliable dans le sud de l&#8217;Italie. R\u00e9servez d\u00e8s maintenant et d\u00e9couvrez le meilleur des Pouilles et de la Basilicate avec nous !<\/p>\n","protected":false},"excerpt":{"rendered":"<p>Rejoignez-nous pour un voyage inoubliable d&#8217;une demi-journ\u00e9e \u00e0 Matera au d\u00e9part de Bari, o\u00f9 vous d\u00e9couvrirez la beaut\u00e9 \u00e9poustouflante et la riche histoire de ce site class\u00e9 au patrimoine mondial de l&#8217;UNESCO. Notre visite priv\u00e9e vous assure une attention personnalis\u00e9e avec votre propre v\u00e9hicule et un guide comp\u00e9tent.<\/p>\n","protected":false},"featured_media":173192,"comment_status":"open","ping_status":"closed","template":"","meta":{"_acf_changed":false},"product_brand":[],"product_cat":[5070,5067,5071],"product_tag":[],"class_list":{"0":"post-173346","1":"product","2":"type-product","3":"status-publish","4":"has-post-thumbnail","6":"product_cat-all-private-tours-fr","7":"product_cat-bari-fr-fr","8":"product_cat-private-walking-tour-fr","10":"first","11":"instock","12":"shipping-taxable","13":"purchasable","14":"product-type-simple"},"acf":[],"yoast_head":"<!-- This site is optimized with the Yoast SEO Premium plugin v25.3.1 (Yoast SEO v25.3.1) - https:\/\/yoast.com\/wordpress\/plugins\/seo\/ -->\n<title>Excursion priv\u00e9e d&#039;une demi-journ\u00e9e \u00e0 Matera au d\u00e9part Bari | TourTravel&amp;More<\/title>\n<meta name=\"description\" content=\"D\u00e9couvrez la riche histoire et la beaut\u00e9 naturelle \u00e9poustouflante des r\u00e9gions des Pouilles et de la Basilicate lors de cette visite priv\u00e9e exclusive au d\u00e9part de Bari. \u2705\" \/>\n<meta name=\"robots\" content=\"index, follow, max-snippet:-1, max-image-preview:large, max-video-preview:-1\" \/>\n<link rel=\"canonical\" href=\"https:\/\/tourtravelandmore.com\/fr\/tours\/italie-fr\/bari-fr-fr\/visite-privee-de-bari-et-matera-au-depart-du-terminal-de-croisiere-de-bari-ou-de-lhotel-copy-3\/\" \/>\n<meta property=\"og:locale\" content=\"fr_FR\" \/>\n<meta property=\"og:type\" content=\"article\" \/>\n<meta property=\"og:title\" content=\"Excursion priv\u00e9e d&#039;une demi-journ\u00e9e \u00e0 Matera au d\u00e9part Bari\" \/>\n<meta property=\"og:description\" content=\"D\u00e9couvrez la riche histoire et la beaut\u00e9 naturelle \u00e9poustouflante des r\u00e9gions des Pouilles et de la Basilicate lors de cette visite priv\u00e9e exclusive au d\u00e9part de Bari. \u2705\" \/>\n<meta property=\"og:url\" content=\"https:\/\/tourtravelandmore.com\/fr\/tours\/italie-fr\/bari-fr-fr\/visite-privee-de-bari-et-matera-au-depart-du-terminal-de-croisiere-de-bari-ou-de-lhotel-copy-3\/\" \/>\n<meta property=\"og:site_name\" content=\"Tour Travel And More\" \/>\n<meta property=\"article:publisher\" content=\"https:\/\/www.facebook.com\/tourtravelandmore\/\" \/>\n<meta property=\"article:modified_time\" content=\"2024-03-05T13:48:59+00:00\" \/>\n<meta property=\"og:image\" content=\"https:\/\/tourtravelandmore.com\/wp-content\/uploads\/2024\/03\/pexels-kelly-12464165-1.jpg\" \/>\n\t<meta property=\"og:image:width\" content=\"1920\" \/>\n\t<meta property=\"og:image:height\" content=\"1079\" \/>\n\t<meta property=\"og:image:type\" content=\"image\/jpeg\" \/>\n<meta name=\"twitter:card\" content=\"summary_large_image\" \/>\n<meta name=\"twitter:site\" content=\"@TourTravel_More\" \/>\n<meta name=\"twitter:label1\" content=\"Dur\u00e9e de lecture estim\u00e9e\" \/>\n\t<meta name=\"twitter:data1\" content=\"3 minutes\" \/>\n<script type=\"application\/ld+json\" class=\"yoast-schema-graph\">{\"@context\":\"https:\/\/schema.org\",\"@graph\":[{\"@type\":\"WebPage\",\"@id\":\"https:\/\/tourtravelandmore.com\/fr\/tours\/italie-fr\/bari-fr-fr\/visite-privee-de-bari-et-matera-au-depart-du-terminal-de-croisiere-de-bari-ou-de-lhotel-copy-3\/\",\"url\":\"https:\/\/tourtravelandmore.com\/fr\/tours\/italie-fr\/bari-fr-fr\/visite-privee-de-bari-et-matera-au-depart-du-terminal-de-croisiere-de-bari-ou-de-lhotel-copy-3\/\",\"name\":\"Excursion priv\u00e9e d'une demi-journ\u00e9e \u00e0 Matera au d\u00e9part Bari | TourTravel&More\",\"isPartOf\":{\"@id\":\"https:\/\/tourtravelandmore.com\/fr\/#website\"},\"primaryImageOfPage\":{\"@id\":\"https:\/\/tourtravelandmore.com\/fr\/tours\/italie-fr\/bari-fr-fr\/visite-privee-de-bari-et-matera-au-depart-du-terminal-de-croisiere-de-bari-ou-de-lhotel-copy-3\/#primaryimage\"},\"image\":{\"@id\":\"https:\/\/tourtravelandmore.com\/fr\/tours\/italie-fr\/bari-fr-fr\/visite-privee-de-bari-et-matera-au-depart-du-terminal-de-croisiere-de-bari-ou-de-lhotel-copy-3\/#primaryimage\"},\"thumbnailUrl\":\"https:\/\/tourtravelandmore.com\/wp-content\/uploads\/2024\/03\/pexels-kelly-12464165-1.jpg\",\"datePublished\":\"2024-03-01T14:31:37+00:00\",\"dateModified\":\"2024-03-05T13:48:59+00:00\",\"description\":\"D\u00e9couvrez la riche histoire et la beaut\u00e9 naturelle \u00e9poustouflante des r\u00e9gions des Pouilles et de la Basilicate lors de cette visite priv\u00e9e exclusive au d\u00e9part de Bari. \u2705\",\"breadcrumb\":{\"@id\":\"https:\/\/tourtravelandmore.com\/fr\/tours\/italie-fr\/bari-fr-fr\/visite-privee-de-bari-et-matera-au-depart-du-terminal-de-croisiere-de-bari-ou-de-lhotel-copy-3\/#breadcrumb\"},\"inLanguage\":\"fr-FR\",\"potentialAction\":[{\"@type\":\"ReadAction\",\"target\":[\"https:\/\/tourtravelandmore.com\/fr\/tours\/italie-fr\/bari-fr-fr\/visite-privee-de-bari-et-matera-au-depart-du-terminal-de-croisiere-de-bari-ou-de-lhotel-copy-3\/\"]}]},{\"@type\":\"ImageObject\",\"inLanguage\":\"fr-FR\",\"@id\":\"https:\/\/tourtravelandmore.com\/fr\/tours\/italie-fr\/bari-fr-fr\/visite-privee-de-bari-et-matera-au-depart-du-terminal-de-croisiere-de-bari-ou-de-lhotel-copy-3\/#primaryimage\",\"url\":\"https:\/\/tourtravelandmore.com\/wp-content\/uploads\/2024\/03\/pexels-kelly-12464165-1.jpg\",\"contentUrl\":\"https:\/\/tourtravelandmore.com\/wp-content\/uploads\/2024\/03\/pexels-kelly-12464165-1.jpg\",\"width\":1920,\"height\":1079},{\"@type\":\"BreadcrumbList\",\"@id\":\"https:\/\/tourtravelandmore.com\/fr\/tours\/italie-fr\/bari-fr-fr\/visite-privee-de-bari-et-matera-au-depart-du-terminal-de-croisiere-de-bari-ou-de-lhotel-copy-3\/#breadcrumb\",\"itemListElement\":[{\"@type\":\"ListItem\",\"position\":1,\"name\":\"Home\",\"item\":\"https:\/\/tourtravelandmore.com\/fr\/\"},{\"@type\":\"ListItem\",\"position\":2,\"name\":\"Tours\",\"item\":\"https:\/\/tourtravelandmore.com\/fr\/tours\/\"},{\"@type\":\"ListItem\",\"position\":3,\"name\":\"Excursion priv\u00e9e d&#8217;une demi-journ\u00e9e \u00e0 Matera au d\u00e9part Bari\"}]},{\"@type\":\"WebSite\",\"@id\":\"https:\/\/tourtravelandmore.com\/fr\/#website\",\"url\":\"https:\/\/tourtravelandmore.com\/fr\/\",\"name\":\"Tour Travel And More\",\"description\":\"Private sightseeing tours and luxury transfers in Spain\",\"publisher\":{\"@id\":\"https:\/\/tourtravelandmore.com\/fr\/#organization\"},\"potentialAction\":[{\"@type\":\"SearchAction\",\"target\":{\"@type\":\"EntryPoint\",\"urlTemplate\":\"https:\/\/tourtravelandmore.com\/fr\/?s={search_term_string}\"},\"query-input\":{\"@type\":\"PropertyValueSpecification\",\"valueRequired\":true,\"valueName\":\"search_term_string\"}}],\"inLanguage\":\"fr-FR\"},{\"@type\":\"Organization\",\"@id\":\"https:\/\/tourtravelandmore.com\/fr\/#organization\",\"name\":\"Tour Travel And More\",\"url\":\"https:\/\/tourtravelandmore.com\/fr\/\",\"logo\":{\"@type\":\"ImageObject\",\"inLanguage\":\"fr-FR\",\"@id\":\"https:\/\/tourtravelandmore.com\/fr\/#\/schema\/logo\/image\/\",\"url\":\"https:\/\/tourtravelandmore.com\/wp-content\/uploads\/2022\/12\/cropped-logo-cabecera-new.png\",\"contentUrl\":\"https:\/\/tourtravelandmore.com\/wp-content\/uploads\/2022\/12\/cropped-logo-cabecera-new.png\",\"width\":430,\"height\":61,\"caption\":\"Tour Travel And More\"},\"image\":{\"@id\":\"https:\/\/tourtravelandmore.com\/fr\/#\/schema\/logo\/image\/\"},\"sameAs\":[\"https:\/\/www.facebook.com\/tourtravelandmore\/\",\"https:\/\/x.com\/TourTravel_More\"]}]}<\/script>\n<!-- \/ Yoast SEO Premium plugin. -->","yoast_head_json":{"title":"Excursion priv\u00e9e d'une demi-journ\u00e9e \u00e0 Matera au d\u00e9part Bari | TourTravel&More","description":"D\u00e9couvrez la riche histoire et la beaut\u00e9 naturelle \u00e9poustouflante des r\u00e9gions des Pouilles et de la Basilicate lors de cette visite priv\u00e9e exclusive au d\u00e9part de Bari. \u2705","robots":{"index":"index","follow":"follow","max-snippet":"max-snippet:-1","max-image-preview":"max-image-preview:large","max-video-preview":"max-video-preview:-1"},"canonical":"https:\/\/tourtravelandmore.com\/fr\/tours\/italie-fr\/bari-fr-fr\/visite-privee-de-bari-et-matera-au-depart-du-terminal-de-croisiere-de-bari-ou-de-lhotel-copy-3\/","og_locale":"fr_FR","og_type":"article","og_title":"Excursion priv\u00e9e d'une demi-journ\u00e9e \u00e0 Matera au d\u00e9part Bari","og_description":"D\u00e9couvrez la riche histoire et la beaut\u00e9 naturelle \u00e9poustouflante des r\u00e9gions des Pouilles et de la Basilicate lors de cette visite priv\u00e9e exclusive au d\u00e9part de Bari. \u2705","og_url":"https:\/\/tourtravelandmore.com\/fr\/tours\/italie-fr\/bari-fr-fr\/visite-privee-de-bari-et-matera-au-depart-du-terminal-de-croisiere-de-bari-ou-de-lhotel-copy-3\/","og_site_name":"Tour Travel And More","article_publisher":"https:\/\/www.facebook.com\/tourtravelandmore\/","article_modified_time":"2024-03-05T13:48:59+00:00","og_image":[{"width":1920,"height":1079,"url":"https:\/\/tourtravelandmore.com\/wp-content\/uploads\/2024\/03\/pexels-kelly-12464165-1.jpg","type":"image\/jpeg"}],"twitter_card":"summary_large_image","twitter_site":"@TourTravel_More","twitter_misc":{"Dur\u00e9e de lecture estim\u00e9e":"3 minutes"},"schema":{"@context":"https:\/\/schema.org","@graph":[{"@type":"WebPage","@id":"https:\/\/tourtravelandmore.com\/fr\/tours\/italie-fr\/bari-fr-fr\/visite-privee-de-bari-et-matera-au-depart-du-terminal-de-croisiere-de-bari-ou-de-lhotel-copy-3\/","url":"https:\/\/tourtravelandmore.com\/fr\/tours\/italie-fr\/bari-fr-fr\/visite-privee-de-bari-et-matera-au-depart-du-terminal-de-croisiere-de-bari-ou-de-lhotel-copy-3\/","name":"Excursion priv\u00e9e d'une demi-journ\u00e9e \u00e0 Matera au d\u00e9part Bari | TourTravel&More","isPartOf":{"@id":"https:\/\/tourtravelandmore.com\/fr\/#website"},"primaryImageOfPage":{"@id":"https:\/\/tourtravelandmore.com\/fr\/tours\/italie-fr\/bari-fr-fr\/visite-privee-de-bari-et-matera-au-depart-du-terminal-de-croisiere-de-bari-ou-de-lhotel-copy-3\/#primaryimage"},"image":{"@id":"https:\/\/tourtravelandmore.com\/fr\/tours\/italie-fr\/bari-fr-fr\/visite-privee-de-bari-et-matera-au-depart-du-terminal-de-croisiere-de-bari-ou-de-lhotel-copy-3\/#primaryimage"},"thumbnailUrl":"https:\/\/tourtravelandmore.com\/wp-content\/uploads\/2024\/03\/pexels-kelly-12464165-1.jpg","datePublished":"2024-03-01T14:31:37+00:00","dateModified":"2024-03-05T13:48:59+00:00","description":"D\u00e9couvrez la riche histoire et la beaut\u00e9 naturelle \u00e9poustouflante des r\u00e9gions des Pouilles et de la Basilicate lors de cette visite priv\u00e9e exclusive au d\u00e9part de Bari. \u2705","breadcrumb":{"@id":"https:\/\/tourtravelandmore.com\/fr\/tours\/italie-fr\/bari-fr-fr\/visite-privee-de-bari-et-matera-au-depart-du-terminal-de-croisiere-de-bari-ou-de-lhotel-copy-3\/#breadcrumb"},"inLanguage":"fr-FR","potentialAction":[{"@type":"ReadAction","target":["https:\/\/tourtravelandmore.com\/fr\/tours\/italie-fr\/bari-fr-fr\/visite-privee-de-bari-et-matera-au-depart-du-terminal-de-croisiere-de-bari-ou-de-lhotel-copy-3\/"]}]},{"@type":"ImageObject","inLanguage":"fr-FR","@id":"https:\/\/tourtravelandmore.com\/fr\/tours\/italie-fr\/bari-fr-fr\/visite-privee-de-bari-et-matera-au-depart-du-terminal-de-croisiere-de-bari-ou-de-lhotel-copy-3\/#primaryimage","url":"https:\/\/tourtravelandmore.com\/wp-content\/uploads\/2024\/03\/pexels-kelly-12464165-1.jpg","contentUrl":"https:\/\/tourtravelandmore.com\/wp-content\/uploads\/2024\/03\/pexels-kelly-12464165-1.jpg","width":1920,"height":1079},{"@type":"BreadcrumbList","@id":"https:\/\/tourtravelandmore.com\/fr\/tours\/italie-fr\/bari-fr-fr\/visite-privee-de-bari-et-matera-au-depart-du-terminal-de-croisiere-de-bari-ou-de-lhotel-copy-3\/#breadcrumb","itemListElement":[{"@type":"ListItem","position":1,"name":"Home","item":"https:\/\/tourtravelandmore.com\/fr\/"},{"@type":"ListItem","position":2,"name":"Tours","item":"https:\/\/tourtravelandmore.com\/fr\/tours\/"},{"@type":"ListItem","position":3,"name":"Excursion priv\u00e9e d&#8217;une demi-journ\u00e9e \u00e0 Matera au d\u00e9part Bari"}]},{"@type":"WebSite","@id":"https:\/\/tourtravelandmore.com\/fr\/#website","url":"https:\/\/tourtravelandmore.com\/fr\/","name":"Tour Travel And More","description":"Private sightseeing tours and luxury transfers in Spain","publisher":{"@id":"https:\/\/tourtravelandmore.com\/fr\/#organization"},"potentialAction":[{"@type":"SearchAction","target":{"@type":"EntryPoint","urlTemplate":"https:\/\/tourtravelandmore.com\/fr\/?s={search_term_string}"},"query-input":{"@type":"PropertyValueSpecification","valueRequired":true,"valueName":"search_term_string"}}],"inLanguage":"fr-FR"},{"@type":"Organization","@id":"https:\/\/tourtravelandmore.com\/fr\/#organization","name":"Tour Travel And More","url":"https:\/\/tourtravelandmore.com\/fr\/","logo":{"@type":"ImageObject","inLanguage":"fr-FR","@id":"https:\/\/tourtravelandmore.com\/fr\/#\/schema\/logo\/image\/","url":"https:\/\/tourtravelandmore.com\/wp-content\/uploads\/2022\/12\/cropped-logo-cabecera-new.png","contentUrl":"https:\/\/tourtravelandmore.com\/wp-content\/uploads\/2022\/12\/cropped-logo-cabecera-new.png","width":430,"height":61,"caption":"Tour Travel And More"},"image":{"@id":"https:\/\/tourtravelandmore.com\/fr\/#\/schema\/logo\/image\/"},"sameAs":["https:\/\/www.facebook.com\/tourtravelandmore\/","https:\/\/x.com\/TourTravel_More"]}]}},"_links":{"self":[{"href":"https:\/\/tourtravelandmore.com\/fr\/wp-json\/wp\/v2\/product\/173346","targetHints":{"allow":["GET"]}}],"collection":[{"href":"https:\/\/tourtravelandmore.com\/fr\/wp-json\/wp\/v2\/product"}],"about":[{"href":"https:\/\/tourtravelandmore.com\/fr\/wp-json\/wp\/v2\/types\/product"}],"replies":[{"embeddable":true,"href":"https:\/\/tourtravelandmore.com\/fr\/wp-json\/wp\/v2\/comments?post=173346"}],"wp:featuredmedia":[{"embeddable":true,"href":"https:\/\/tourtravelandmore.com\/fr\/wp-json\/wp\/v2\/media\/173192"}],"wp:attachment":[{"href":"https:\/\/tourtravelandmore.com\/fr\/wp-json\/wp\/v2\/media?parent=173346"}],"wp:term":[{"taxonomy":"product_brand","embeddable":true,"href":"https:\/\/tourtravelandmore.com\/fr\/wp-json\/wp\/v2\/product_brand?post=173346"},{"taxonomy":"product_cat","embeddable":true,"href":"https:\/\/tourtravelandmore.com\/fr\/wp-json\/wp\/v2\/product_cat?post=173346"},{"taxonomy":"product_tag","embeddable":true,"href":"https:\/\/tourtravelandmore.com\/fr\/wp-json\/wp\/v2\/product_tag?post=173346"}],"curies":[{"name":"wp","href":"https:\/\/api.w.org\/{rel}","templated":true}]}}