{"id":173284,"date":"2024-03-01T15:17:35","date_gmt":"2024-03-01T14:17:38","guid":{"rendered":"https:\/\/tourtravelandmore.com\/?post_type=product&#038;p=173284"},"modified":"2024-03-01T15:29:24","modified_gmt":"2024-03-01T14:29:24","slug":"excursion-privee-a-alberobello-martina-franca-et-locorotondo-au-depart-de-bari-copy","status":"publish","type":"product","link":"https:\/\/tourtravelandmore.com\/fr\/tours\/italie-fr\/bari-fr-fr\/excursion-privee-a-alberobello-martina-franca-et-locorotondo-au-depart-de-bari-copy\/","title":{"rendered":"Visite priv\u00e9e de Lecce et d&#8217;Otrante au d\u00e9part de l&#8217;h\u00f4tel ou du terminal de croisi\u00e8re de Bari"},"content":{"rendered":"<h2>Description Visite priv\u00e9e de Lecce et d&#8217;Otrante au d\u00e9part de l&#8217;h\u00f4tel ou du terminal de croisi\u00e8re de Bari<\/h2>\n<p>Embarquez pour un voyage captivant \u00e0 travers les charmantes villes de Lecce et d&#8217;Otrante avec notre visite priv\u00e9e exclusive au d\u00e9part de votre h\u00f4tel de Bari ou de votre terminal de croisi\u00e8re. D\u00e9couvrez la riche histoire, les tr\u00e9sors culturels et les paysages \u00e9poustouflants de ces joyaux du sud de l&#8217;Italie en compagnie d&#8217;un guide expert et d&#8217;un moyen de transport confortable pour une excursion de 8 heures.<\/p>\n<p>Vivez la magie de Lecce et d&#8217;Otrante lors d&#8217;une visite priv\u00e9e inoubliable, con\u00e7ue pour vous offrir une exploration enrichissante et personnalis\u00e9e de ces destinations italiennes enchanteresses. R\u00e9servez d\u00e8s maintenant et embarquez pour un voyage rempli d&#8217;histoire, de culture et de beaut\u00e9 pittoresque.<\/p>\n<p>Embarquez dans cette aventure passionnante et d\u00e9couvrez les secrets les mieux gard\u00e9s de Lecce et d&#8217;Otrante gr\u00e2ce \u00e0 notre visite priv\u00e9e exclusive !<\/p>\n<p>Pour plus de d\u00e9tails et de r\u00e9servations, veuillez visiter notre site web ou nous contacter directement. Nous nous r\u00e9jouissons de vous accompagner dans ce voyage inoubliable !<\/p>\n<h2>Points d&#8217;int\u00e9r\u00eat et monuments<\/h2>\n<p>Votre visite commence par une prise en charge pratique \u00e0 votre h\u00f4tel \u00e0 Bari ou au terminal de croisi\u00e8re. Votre guide expert viendra vous chercher \u00e0 votre h\u00f4tel \u00e0 Bari ou au terminal de croisi\u00e8re \u00e0 l&#8217;heure pr\u00e9vue.<\/p>\n<p>Explorez la beaut\u00e9 baroque de Lecce, surnomm\u00e9e la &#8221; Florence du Sud &#8220;, c\u00e9l\u00e8bre pour son architecture complexe, ses rues sinueuses et ses piazzas anim\u00e9es. Immergez-vous dans le riche patrimoine culturel de Lecce tandis que votre guide bien inform\u00e9 vous d\u00e9voile son histoire fascinante, depuis ses origines romaines jusqu&#8217;\u00e0 son dynamisme actuel. Admirez de l&#8217;ext\u00e9rieur les fa\u00e7ades orn\u00e9es des sites c\u00e9l\u00e8bres de Lecce, notamment la basilique de Santa Croce, la Piazza del Duomo et l&#8217;amphith\u00e9\u00e2tre romain.<\/p>\n<p>Voyagez jusqu&#8217;\u00e0 la ville c\u00f4ti\u00e8re d&#8217;Otrante, o\u00f9 les eaux azur\u00e9es de la mer Adriatique rencontrent les falaises escarp\u00e9es, offrant des vues panoramiques \u00e0 couper le souffle. Promenez-vous dans les ruelles \u00e9troites du centre historique d&#8217;Otrante, \u00e9merveillez-vous de son architecture m\u00e9di\u00e9vale et visitez l&#8217;\u00e9tonnante cath\u00e9drale avec son remarquable sol en mosa\u00efque.<\/p>\n<p>Profitez de la flexibilit\u00e9 d&#8217;une visite priv\u00e9e adapt\u00e9e \u00e0 vos int\u00e9r\u00eats, avec la libert\u00e9 de vous attarder sur les attractions, de prendre des photos et d&#8217;explorer \u00e0 votre propre rythme. D\u00e9tendez-vous en voyageant dans le confort et le style avec une voiture priv\u00e9e et un chauffeur \u00e0 votre disposition pendant toute la dur\u00e9e de l&#8217;excursion de 8 heures.<\/p>\n","protected":false},"excerpt":{"rendered":"<p>Embarquez pour un voyage captivant \u00e0 travers les charmantes villes de Lecce et d&#8217;Otrante avec notre visite priv\u00e9e exclusive au d\u00e9part de votre h\u00f4tel de Bari ou de votre terminal de croisi\u00e8re. D\u00e9couvrez la riche histoire, les tr\u00e9sors culturels et les paysages \u00e9poustouflants de ces joyaux du sud de l&#8217;Italie en compagnie d&#8217;un guide expert et d&#8217;un moyen de transport confortable pour une excursion de 8 heures.<\/p>\n","protected":false},"featured_media":173315,"comment_status":"open","ping_status":"closed","template":"","meta":{"_acf_changed":false},"product_brand":[],"product_cat":[5070,5067,5071],"product_tag":[],"class_list":{"0":"post-173284","1":"product","2":"type-product","3":"status-publish","4":"has-post-thumbnail","6":"product_cat-all-private-tours-fr","7":"product_cat-bari-fr-fr","8":"product_cat-private-walking-tour-fr","10":"first","11":"instock","12":"shipping-taxable","13":"purchasable","14":"product-type-simple"},"acf":[],"yoast_head":"<!-- This site is optimized with the Yoast SEO Premium plugin v25.3.1 (Yoast SEO v25.3.1) - https:\/\/yoast.com\/wordpress\/plugins\/seo\/ -->\n<title>Visite priv\u00e9e de Lecce et d&#039;Otrante au d\u00e9part de l&#039;h\u00f4tel ou du terminal de croisi\u00e8re de Bari<\/title>\n<meta name=\"description\" content=\"Visite priv\u00e9e de Lecce et Otranto depuis l&#039;h\u00f4tel ou le terminal de croisi\u00e8re de Bari ! Profitez-en avec votre guide touristique lors de cette visite priv\u00e9e exclusive au d\u00e9part de Bari. \u2705\" \/>\n<meta name=\"robots\" content=\"index, follow, max-snippet:-1, max-image-preview:large, max-video-preview:-1\" \/>\n<link rel=\"canonical\" href=\"https:\/\/tourtravelandmore.com\/fr\/tours\/italie-fr\/bari-fr-fr\/excursion-privee-a-alberobello-martina-franca-et-locorotondo-au-depart-de-bari-copy\/\" \/>\n<meta property=\"og:locale\" content=\"fr_FR\" \/>\n<meta property=\"og:type\" content=\"article\" \/>\n<meta property=\"og:title\" content=\"Visite priv\u00e9e de Lecce et d&#039;Otrante au d\u00e9part de l&#039;h\u00f4tel ou du terminal de croisi\u00e8re de Bari\" \/>\n<meta property=\"og:description\" content=\"Visite priv\u00e9e de Lecce et Otranto depuis l&#039;h\u00f4tel ou le terminal de croisi\u00e8re de Bari ! Profitez-en avec votre guide touristique lors de cette visite priv\u00e9e exclusive au d\u00e9part de Bari. \u2705\" \/>\n<meta property=\"og:url\" content=\"https:\/\/tourtravelandmore.com\/fr\/tours\/italie-fr\/bari-fr-fr\/excursion-privee-a-alberobello-martina-franca-et-locorotondo-au-depart-de-bari-copy\/\" \/>\n<meta property=\"og:site_name\" content=\"Tour Travel And More\" \/>\n<meta property=\"article:publisher\" content=\"https:\/\/www.facebook.com\/tourtravelandmore\/\" \/>\n<meta property=\"article:modified_time\" content=\"2024-03-01T14:29:24+00:00\" \/>\n<meta property=\"og:image\" content=\"https:\/\/tourtravelandmore.com\/wp-content\/uploads\/2024\/03\/pexels-slimmars-14876248.jpg\" \/>\n\t<meta property=\"og:image:width\" content=\"1920\" \/>\n\t<meta property=\"og:image:height\" content=\"1080\" \/>\n\t<meta property=\"og:image:type\" content=\"image\/jpeg\" \/>\n<meta name=\"twitter:card\" content=\"summary_large_image\" \/>\n<meta name=\"twitter:site\" content=\"@TourTravel_More\" \/>\n<meta name=\"twitter:label1\" content=\"Dur\u00e9e de lecture estim\u00e9e\" \/>\n\t<meta name=\"twitter:data1\" content=\"2 minutes\" \/>\n<script type=\"application\/ld+json\" class=\"yoast-schema-graph\">{\"@context\":\"https:\/\/schema.org\",\"@graph\":[{\"@type\":\"WebPage\",\"@id\":\"https:\/\/tourtravelandmore.com\/fr\/tours\/italie-fr\/bari-fr-fr\/excursion-privee-a-alberobello-martina-franca-et-locorotondo-au-depart-de-bari-copy\/\",\"url\":\"https:\/\/tourtravelandmore.com\/fr\/tours\/italie-fr\/bari-fr-fr\/excursion-privee-a-alberobello-martina-franca-et-locorotondo-au-depart-de-bari-copy\/\",\"name\":\"Visite priv\u00e9e de Lecce et d'Otrante au d\u00e9part de l'h\u00f4tel ou du terminal de croisi\u00e8re de Bari\",\"isPartOf\":{\"@id\":\"https:\/\/tourtravelandmore.com\/fr\/#website\"},\"primaryImageOfPage\":{\"@id\":\"https:\/\/tourtravelandmore.com\/fr\/tours\/italie-fr\/bari-fr-fr\/excursion-privee-a-alberobello-martina-franca-et-locorotondo-au-depart-de-bari-copy\/#primaryimage\"},\"image\":{\"@id\":\"https:\/\/tourtravelandmore.com\/fr\/tours\/italie-fr\/bari-fr-fr\/excursion-privee-a-alberobello-martina-franca-et-locorotondo-au-depart-de-bari-copy\/#primaryimage\"},\"thumbnailUrl\":\"https:\/\/tourtravelandmore.com\/wp-content\/uploads\/2024\/03\/pexels-slimmars-14876248.jpg\",\"datePublished\":\"2024-03-01T14:17:38+00:00\",\"dateModified\":\"2024-03-01T14:29:24+00:00\",\"description\":\"Visite priv\u00e9e de Lecce et Otranto depuis l'h\u00f4tel ou le terminal de croisi\u00e8re de Bari ! Profitez-en avec votre guide touristique lors de cette visite priv\u00e9e exclusive au d\u00e9part de Bari. \u2705\",\"breadcrumb\":{\"@id\":\"https:\/\/tourtravelandmore.com\/fr\/tours\/italie-fr\/bari-fr-fr\/excursion-privee-a-alberobello-martina-franca-et-locorotondo-au-depart-de-bari-copy\/#breadcrumb\"},\"inLanguage\":\"fr-FR\",\"potentialAction\":[{\"@type\":\"ReadAction\",\"target\":[\"https:\/\/tourtravelandmore.com\/fr\/tours\/italie-fr\/bari-fr-fr\/excursion-privee-a-alberobello-martina-franca-et-locorotondo-au-depart-de-bari-copy\/\"]}]},{\"@type\":\"ImageObject\",\"inLanguage\":\"fr-FR\",\"@id\":\"https:\/\/tourtravelandmore.com\/fr\/tours\/italie-fr\/bari-fr-fr\/excursion-privee-a-alberobello-martina-franca-et-locorotondo-au-depart-de-bari-copy\/#primaryimage\",\"url\":\"https:\/\/tourtravelandmore.com\/wp-content\/uploads\/2024\/03\/pexels-slimmars-14876248.jpg\",\"contentUrl\":\"https:\/\/tourtravelandmore.com\/wp-content\/uploads\/2024\/03\/pexels-slimmars-14876248.jpg\",\"width\":1920,\"height\":1080},{\"@type\":\"BreadcrumbList\",\"@id\":\"https:\/\/tourtravelandmore.com\/fr\/tours\/italie-fr\/bari-fr-fr\/excursion-privee-a-alberobello-martina-franca-et-locorotondo-au-depart-de-bari-copy\/#breadcrumb\",\"itemListElement\":[{\"@type\":\"ListItem\",\"position\":1,\"name\":\"Home\",\"item\":\"https:\/\/tourtravelandmore.com\/fr\/\"},{\"@type\":\"ListItem\",\"position\":2,\"name\":\"Tours\",\"item\":\"https:\/\/tourtravelandmore.com\/fr\/tours\/\"},{\"@type\":\"ListItem\",\"position\":3,\"name\":\"Visite priv\u00e9e de Lecce et d&#8217;Otrante au d\u00e9part de l&#8217;h\u00f4tel ou du terminal de croisi\u00e8re de Bari\"}]},{\"@type\":\"WebSite\",\"@id\":\"https:\/\/tourtravelandmore.com\/fr\/#website\",\"url\":\"https:\/\/tourtravelandmore.com\/fr\/\",\"name\":\"Tour Travel And More\",\"description\":\"Private sightseeing tours and luxury transfers in Spain\",\"publisher\":{\"@id\":\"https:\/\/tourtravelandmore.com\/fr\/#organization\"},\"potentialAction\":[{\"@type\":\"SearchAction\",\"target\":{\"@type\":\"EntryPoint\",\"urlTemplate\":\"https:\/\/tourtravelandmore.com\/fr\/?s={search_term_string}\"},\"query-input\":{\"@type\":\"PropertyValueSpecification\",\"valueRequired\":true,\"valueName\":\"search_term_string\"}}],\"inLanguage\":\"fr-FR\"},{\"@type\":\"Organization\",\"@id\":\"https:\/\/tourtravelandmore.com\/fr\/#organization\",\"name\":\"Tour Travel And More\",\"url\":\"https:\/\/tourtravelandmore.com\/fr\/\",\"logo\":{\"@type\":\"ImageObject\",\"inLanguage\":\"fr-FR\",\"@id\":\"https:\/\/tourtravelandmore.com\/fr\/#\/schema\/logo\/image\/\",\"url\":\"https:\/\/tourtravelandmore.com\/wp-content\/uploads\/2022\/12\/cropped-logo-cabecera-new.png\",\"contentUrl\":\"https:\/\/tourtravelandmore.com\/wp-content\/uploads\/2022\/12\/cropped-logo-cabecera-new.png\",\"width\":430,\"height\":61,\"caption\":\"Tour Travel And More\"},\"image\":{\"@id\":\"https:\/\/tourtravelandmore.com\/fr\/#\/schema\/logo\/image\/\"},\"sameAs\":[\"https:\/\/www.facebook.com\/tourtravelandmore\/\",\"https:\/\/x.com\/TourTravel_More\"]}]}<\/script>\n<!-- \/ Yoast SEO Premium plugin. -->","yoast_head_json":{"title":"Visite priv\u00e9e de Lecce et d'Otrante au d\u00e9part de l'h\u00f4tel ou du terminal de croisi\u00e8re de Bari","description":"Visite priv\u00e9e de Lecce et Otranto depuis l'h\u00f4tel ou le terminal de croisi\u00e8re de Bari ! Profitez-en avec votre guide touristique lors de cette visite priv\u00e9e exclusive au d\u00e9part de Bari. \u2705","robots":{"index":"index","follow":"follow","max-snippet":"max-snippet:-1","max-image-preview":"max-image-preview:large","max-video-preview":"max-video-preview:-1"},"canonical":"https:\/\/tourtravelandmore.com\/fr\/tours\/italie-fr\/bari-fr-fr\/excursion-privee-a-alberobello-martina-franca-et-locorotondo-au-depart-de-bari-copy\/","og_locale":"fr_FR","og_type":"article","og_title":"Visite priv\u00e9e de Lecce et d'Otrante au d\u00e9part de l'h\u00f4tel ou du terminal de croisi\u00e8re de Bari","og_description":"Visite priv\u00e9e de Lecce et Otranto depuis l'h\u00f4tel ou le terminal de croisi\u00e8re de Bari ! Profitez-en avec votre guide touristique lors de cette visite priv\u00e9e exclusive au d\u00e9part de Bari. \u2705","og_url":"https:\/\/tourtravelandmore.com\/fr\/tours\/italie-fr\/bari-fr-fr\/excursion-privee-a-alberobello-martina-franca-et-locorotondo-au-depart-de-bari-copy\/","og_site_name":"Tour Travel And More","article_publisher":"https:\/\/www.facebook.com\/tourtravelandmore\/","article_modified_time":"2024-03-01T14:29:24+00:00","og_image":[{"width":1920,"height":1080,"url":"https:\/\/tourtravelandmore.com\/wp-content\/uploads\/2024\/03\/pexels-slimmars-14876248.jpg","type":"image\/jpeg"}],"twitter_card":"summary_large_image","twitter_site":"@TourTravel_More","twitter_misc":{"Dur\u00e9e de lecture estim\u00e9e":"2 minutes"},"schema":{"@context":"https:\/\/schema.org","@graph":[{"@type":"WebPage","@id":"https:\/\/tourtravelandmore.com\/fr\/tours\/italie-fr\/bari-fr-fr\/excursion-privee-a-alberobello-martina-franca-et-locorotondo-au-depart-de-bari-copy\/","url":"https:\/\/tourtravelandmore.com\/fr\/tours\/italie-fr\/bari-fr-fr\/excursion-privee-a-alberobello-martina-franca-et-locorotondo-au-depart-de-bari-copy\/","name":"Visite priv\u00e9e de Lecce et d'Otrante au d\u00e9part de l'h\u00f4tel ou du terminal de croisi\u00e8re de Bari","isPartOf":{"@id":"https:\/\/tourtravelandmore.com\/fr\/#website"},"primaryImageOfPage":{"@id":"https:\/\/tourtravelandmore.com\/fr\/tours\/italie-fr\/bari-fr-fr\/excursion-privee-a-alberobello-martina-franca-et-locorotondo-au-depart-de-bari-copy\/#primaryimage"},"image":{"@id":"https:\/\/tourtravelandmore.com\/fr\/tours\/italie-fr\/bari-fr-fr\/excursion-privee-a-alberobello-martina-franca-et-locorotondo-au-depart-de-bari-copy\/#primaryimage"},"thumbnailUrl":"https:\/\/tourtravelandmore.com\/wp-content\/uploads\/2024\/03\/pexels-slimmars-14876248.jpg","datePublished":"2024-03-01T14:17:38+00:00","dateModified":"2024-03-01T14:29:24+00:00","description":"Visite priv\u00e9e de Lecce et Otranto depuis l'h\u00f4tel ou le terminal de croisi\u00e8re de Bari ! Profitez-en avec votre guide touristique lors de cette visite priv\u00e9e exclusive au d\u00e9part de Bari. \u2705","breadcrumb":{"@id":"https:\/\/tourtravelandmore.com\/fr\/tours\/italie-fr\/bari-fr-fr\/excursion-privee-a-alberobello-martina-franca-et-locorotondo-au-depart-de-bari-copy\/#breadcrumb"},"inLanguage":"fr-FR","potentialAction":[{"@type":"ReadAction","target":["https:\/\/tourtravelandmore.com\/fr\/tours\/italie-fr\/bari-fr-fr\/excursion-privee-a-alberobello-martina-franca-et-locorotondo-au-depart-de-bari-copy\/"]}]},{"@type":"ImageObject","inLanguage":"fr-FR","@id":"https:\/\/tourtravelandmore.com\/fr\/tours\/italie-fr\/bari-fr-fr\/excursion-privee-a-alberobello-martina-franca-et-locorotondo-au-depart-de-bari-copy\/#primaryimage","url":"https:\/\/tourtravelandmore.com\/wp-content\/uploads\/2024\/03\/pexels-slimmars-14876248.jpg","contentUrl":"https:\/\/tourtravelandmore.com\/wp-content\/uploads\/2024\/03\/pexels-slimmars-14876248.jpg","width":1920,"height":1080},{"@type":"BreadcrumbList","@id":"https:\/\/tourtravelandmore.com\/fr\/tours\/italie-fr\/bari-fr-fr\/excursion-privee-a-alberobello-martina-franca-et-locorotondo-au-depart-de-bari-copy\/#breadcrumb","itemListElement":[{"@type":"ListItem","position":1,"name":"Home","item":"https:\/\/tourtravelandmore.com\/fr\/"},{"@type":"ListItem","position":2,"name":"Tours","item":"https:\/\/tourtravelandmore.com\/fr\/tours\/"},{"@type":"ListItem","position":3,"name":"Visite priv\u00e9e de Lecce et d&#8217;Otrante au d\u00e9part de l&#8217;h\u00f4tel ou du terminal de croisi\u00e8re de Bari"}]},{"@type":"WebSite","@id":"https:\/\/tourtravelandmore.com\/fr\/#website","url":"https:\/\/tourtravelandmore.com\/fr\/","name":"Tour Travel And More","description":"Private sightseeing tours and luxury transfers in Spain","publisher":{"@id":"https:\/\/tourtravelandmore.com\/fr\/#organization"},"potentialAction":[{"@type":"SearchAction","target":{"@type":"EntryPoint","urlTemplate":"https:\/\/tourtravelandmore.com\/fr\/?s={search_term_string}"},"query-input":{"@type":"PropertyValueSpecification","valueRequired":true,"valueName":"search_term_string"}}],"inLanguage":"fr-FR"},{"@type":"Organization","@id":"https:\/\/tourtravelandmore.com\/fr\/#organization","name":"Tour Travel And More","url":"https:\/\/tourtravelandmore.com\/fr\/","logo":{"@type":"ImageObject","inLanguage":"fr-FR","@id":"https:\/\/tourtravelandmore.com\/fr\/#\/schema\/logo\/image\/","url":"https:\/\/tourtravelandmore.com\/wp-content\/uploads\/2022\/12\/cropped-logo-cabecera-new.png","contentUrl":"https:\/\/tourtravelandmore.com\/wp-content\/uploads\/2022\/12\/cropped-logo-cabecera-new.png","width":430,"height":61,"caption":"Tour Travel And More"},"image":{"@id":"https:\/\/tourtravelandmore.com\/fr\/#\/schema\/logo\/image\/"},"sameAs":["https:\/\/www.facebook.com\/tourtravelandmore\/","https:\/\/x.com\/TourTravel_More"]}]}},"_links":{"self":[{"href":"https:\/\/tourtravelandmore.com\/fr\/wp-json\/wp\/v2\/product\/173284","targetHints":{"allow":["GET"]}}],"collection":[{"href":"https:\/\/tourtravelandmore.com\/fr\/wp-json\/wp\/v2\/product"}],"about":[{"href":"https:\/\/tourtravelandmore.com\/fr\/wp-json\/wp\/v2\/types\/product"}],"replies":[{"embeddable":true,"href":"https:\/\/tourtravelandmore.com\/fr\/wp-json\/wp\/v2\/comments?post=173284"}],"wp:featuredmedia":[{"embeddable":true,"href":"https:\/\/tourtravelandmore.com\/fr\/wp-json\/wp\/v2\/media\/173315"}],"wp:attachment":[{"href":"https:\/\/tourtravelandmore.com\/fr\/wp-json\/wp\/v2\/media?parent=173284"}],"wp:term":[{"taxonomy":"product_brand","embeddable":true,"href":"https:\/\/tourtravelandmore.com\/fr\/wp-json\/wp\/v2\/product_brand?post=173284"},{"taxonomy":"product_cat","embeddable":true,"href":"https:\/\/tourtravelandmore.com\/fr\/wp-json\/wp\/v2\/product_cat?post=173284"},{"taxonomy":"product_tag","embeddable":true,"href":"https:\/\/tourtravelandmore.com\/fr\/wp-json\/wp\/v2\/product_tag?post=173284"}],"curies":[{"name":"wp","href":"https:\/\/api.w.org\/{rel}","templated":true}]}}