{"id":173243,"date":"2024-03-01T14:27:44","date_gmt":"2024-03-01T13:27:47","guid":{"rendered":"https:\/\/tourtravelandmore.com\/?post_type=product&#038;p=173243"},"modified":"2024-03-01T15:15:46","modified_gmt":"2024-03-01T14:15:46","slug":"excursion-privee-a-matera-et-altamura-au-depart-de-lhotel-ou-du-terminal-de-croisiere-de-bari-copy","status":"publish","type":"product","link":"https:\/\/tourtravelandmore.com\/fr\/tours\/italie-fr\/bari-fr-fr\/excursion-privee-a-matera-et-altamura-au-depart-de-lhotel-ou-du-terminal-de-croisiere-de-bari-copy\/","title":{"rendered":"Excursion priv\u00e9e \u00e0 Alberobello, Martina Franca et Locorotondo au d\u00e9part de Bari"},"content":{"rendered":"<h2>Description Excursion priv\u00e9e \u00e0 Alberobello, Martina Franca et Locorotondo au d\u00e9part de Bari<\/h2>\n<p>Embarquez pour un voyage captivant \u00e0 travers les paysages pittoresques des Pouilles. Notre excursion d&#8217;une journ\u00e9e \u00e0 Alberobello, Martina Franca et Locorotondo au d\u00e9part de Bari est la meilleure option. D\u00e9couvrez les maisons trulli uniques, l&#8217;architecture baroque et les rues sinueuses qui d\u00e9finissent l&#8217;essence de ces charmantes villes italiennes.<\/p>\n<p>Rejoignez-nous pour cette excursion captivante et d\u00e9couvrez les tr\u00e9sors d&#8217;Alberobello, de Martina Franca et de Locorotondo en plongeant au c\u0153ur du patrimoine culturel et architectural des Pouilles. R\u00e9servez votre aventure d\u00e8s maintenant et cr\u00e9ez des souvenirs inoubliables dans la campagne enchanteresse de l&#8217;Italie. Ce circuit priv\u00e9 promet une exploration inoubliable des joyaux cach\u00e9s de l&#8217;Italie.<\/p>\n<p>Embarquez pour cette aventure passionnante et d\u00e9couvrez les secrets les mieux gard\u00e9s d&#8217;Alberobello, Martina Franca et Locorotondo gr\u00e2ce \u00e0 notre circuit priv\u00e9 exclusif !<\/p>\n<p>Pour plus de d\u00e9tails et de r\u00e9servations, veuillez visiter notre site web ou nous contacter directement. Nous nous r\u00e9jouissons de vous accompagner dans ce voyage inoubliable !<\/p>\n<h2>Points d&#8217;int\u00e9r\u00eat et monuments<\/h2>\n<p>Votre visite commence par une prise en charge pratique \u00e0 votre h\u00f4tel \u00e0 Bari ou au terminal de croisi\u00e8re. Votre guide expert viendra vous chercher \u00e0 votre h\u00f4tel \u00e0 Bari ou au terminal de croisi\u00e8re \u00e0 l&#8217;heure pr\u00e9vue.<\/p>\n<p>Plongez dans le monde enchanteur d&#8217;Alberobello, site class\u00e9 au patrimoine mondial de l&#8217;UNESCO et r\u00e9put\u00e9 pour ses trulli. Promenez-vous dans les rues labyrinthiques bord\u00e9es de ces habitations traditionnelles en pierre calcaire, chacune avec son toit conique cr\u00e9ant une atmosph\u00e8re fantaisiste. Vous pouvez voir des endroits tels que Trulli District, Trullo Sovrano et Rione Aia Piccola.<\/p>\n<p>Plongez ensuite dans la splendeur baroque de Martina Franca. Promenez-vous sur ses \u00e9l\u00e9gantes places orn\u00e9es de fa\u00e7ades d\u00e9cor\u00e9es et admirez les joyaux architecturaux tels que la Basilica di San Martino et le Palazzo Ducale. Visitez-les de l&#8217;ext\u00e9rieur. Laissez-vous emporter par l&#8217;atmosph\u00e8re vibrante de cette charmante ville.<\/p>\n<p>Terminez votre voyage dans la charmante ville perch\u00e9e de Locorotondo, connue pour ses maisons blanchies \u00e0 la chaux et ses vues panoramiques sur la campagne environnante. Vous pourrez \u00e9galement visiter des lieux tels que l&#8217;\u00e9glise Madre di San Giorgio ou le Belv\u00e9d\u00e8re Santa Maria della Greca. Explorez ses ruelles \u00e9troites orn\u00e9es de fleurs color\u00e9es et impr\u00e9gnez-vous de l&#8217;ambiance sereine de ce joyau cach\u00e9.<\/p>\n<p>Apr\u00e8s une journ\u00e9e compl\u00e8te d&#8217;exploration, d\u00e9tendez-vous pendant que nous vous ramenons \u00e0 votre h\u00f4tel \u00e0 Bari ou au terminal de croisi\u00e8re, o\u00f9 vous pourrez vous rem\u00e9morer votre voyage inoubliable \u00e0 travers la beaut\u00e9 intemporelle des Pouilles.<\/p>\n","protected":false},"excerpt":{"rendered":"<p>Embarquez pour un voyage captivant \u00e0 travers les paysages pittoresques des Pouilles. Notre excursion d&#8217;une journ\u00e9e \u00e0 Alberobello, Martina Franca et Locorotondo au d\u00e9part de Bari est la meilleure option. D\u00e9couvrez les maisons trulli uniques, l&#8217;architecture baroque et les rues sinueuses qui d\u00e9finissent l&#8217;essence de ces charmantes villes italiennes.<\/p>\n","protected":false},"featured_media":173260,"comment_status":"open","ping_status":"closed","template":"","meta":{"_acf_changed":false},"product_brand":[],"product_cat":[5070,5067,5071],"product_tag":[],"class_list":{"0":"post-173243","1":"product","2":"type-product","3":"status-publish","4":"has-post-thumbnail","6":"product_cat-all-private-tours-fr","7":"product_cat-bari-fr-fr","8":"product_cat-private-walking-tour-fr","10":"first","11":"instock","12":"shipping-taxable","13":"purchasable","14":"product-type-simple"},"acf":[],"yoast_head":"<!-- This site is optimized with the Yoast SEO Premium plugin v25.3.1 (Yoast SEO v25.3.1) - https:\/\/yoast.com\/wordpress\/plugins\/seo\/ -->\n<title>Excursion priv\u00e9e \u00e0 Alberobello, Martina Franca et Locorotondo au d\u00e9part de Bari | TourTravel&amp;More<\/title>\n<meta name=\"description\" content=\"Excursion priv\u00e9e \u00e0 Alberobello, Martina Franca et Locorotondo ! Profitez-en avec votre guide touristique lors de cette visite priv\u00e9e exclusive au d\u00e9part de Bari. \u2705\" \/>\n<meta name=\"robots\" content=\"index, follow, max-snippet:-1, max-image-preview:large, max-video-preview:-1\" \/>\n<link rel=\"canonical\" href=\"https:\/\/tourtravelandmore.com\/fr\/tours\/italie-fr\/bari-fr-fr\/excursion-privee-a-matera-et-altamura-au-depart-de-lhotel-ou-du-terminal-de-croisiere-de-bari-copy\/\" \/>\n<meta property=\"og:locale\" content=\"fr_FR\" \/>\n<meta property=\"og:type\" content=\"article\" \/>\n<meta property=\"og:title\" content=\"Excursion priv\u00e9e \u00e0 Alberobello, Martina Franca et Locorotondo au d\u00e9part de Bari\" \/>\n<meta property=\"og:description\" content=\"Excursion priv\u00e9e \u00e0 Alberobello, Martina Franca et Locorotondo ! Profitez-en avec votre guide touristique lors de cette visite priv\u00e9e exclusive au d\u00e9part de Bari. \u2705\" \/>\n<meta property=\"og:url\" content=\"https:\/\/tourtravelandmore.com\/fr\/tours\/italie-fr\/bari-fr-fr\/excursion-privee-a-matera-et-altamura-au-depart-de-lhotel-ou-du-terminal-de-croisiere-de-bari-copy\/\" \/>\n<meta property=\"og:site_name\" content=\"Tour Travel And More\" \/>\n<meta property=\"article:publisher\" content=\"https:\/\/www.facebook.com\/tourtravelandmore\/\" \/>\n<meta property=\"article:modified_time\" content=\"2024-03-01T14:15:46+00:00\" \/>\n<meta property=\"og:image\" content=\"https:\/\/tourtravelandmore.com\/wp-content\/uploads\/2024\/03\/locorotondo-4714220_1280.jpg\" \/>\n\t<meta property=\"og:image:width\" content=\"1280\" \/>\n\t<meta property=\"og:image:height\" content=\"848\" \/>\n\t<meta property=\"og:image:type\" content=\"image\/jpeg\" \/>\n<meta name=\"twitter:card\" content=\"summary_large_image\" \/>\n<meta name=\"twitter:site\" content=\"@TourTravel_More\" \/>\n<meta name=\"twitter:label1\" content=\"Dur\u00e9e de lecture estim\u00e9e\" \/>\n\t<meta name=\"twitter:data1\" content=\"2 minutes\" \/>\n<script type=\"application\/ld+json\" class=\"yoast-schema-graph\">{\"@context\":\"https:\/\/schema.org\",\"@graph\":[{\"@type\":\"WebPage\",\"@id\":\"https:\/\/tourtravelandmore.com\/fr\/tours\/italie-fr\/bari-fr-fr\/excursion-privee-a-matera-et-altamura-au-depart-de-lhotel-ou-du-terminal-de-croisiere-de-bari-copy\/\",\"url\":\"https:\/\/tourtravelandmore.com\/fr\/tours\/italie-fr\/bari-fr-fr\/excursion-privee-a-matera-et-altamura-au-depart-de-lhotel-ou-du-terminal-de-croisiere-de-bari-copy\/\",\"name\":\"Excursion priv\u00e9e \u00e0 Alberobello, Martina Franca et Locorotondo au d\u00e9part de Bari | TourTravel&More\",\"isPartOf\":{\"@id\":\"https:\/\/tourtravelandmore.com\/fr\/#website\"},\"primaryImageOfPage\":{\"@id\":\"https:\/\/tourtravelandmore.com\/fr\/tours\/italie-fr\/bari-fr-fr\/excursion-privee-a-matera-et-altamura-au-depart-de-lhotel-ou-du-terminal-de-croisiere-de-bari-copy\/#primaryimage\"},\"image\":{\"@id\":\"https:\/\/tourtravelandmore.com\/fr\/tours\/italie-fr\/bari-fr-fr\/excursion-privee-a-matera-et-altamura-au-depart-de-lhotel-ou-du-terminal-de-croisiere-de-bari-copy\/#primaryimage\"},\"thumbnailUrl\":\"https:\/\/tourtravelandmore.com\/wp-content\/uploads\/2024\/03\/locorotondo-4714220_1280.jpg\",\"datePublished\":\"2024-03-01T13:27:47+00:00\",\"dateModified\":\"2024-03-01T14:15:46+00:00\",\"description\":\"Excursion priv\u00e9e \u00e0 Alberobello, Martina Franca et Locorotondo ! Profitez-en avec votre guide touristique lors de cette visite priv\u00e9e exclusive au d\u00e9part de Bari. \u2705\",\"breadcrumb\":{\"@id\":\"https:\/\/tourtravelandmore.com\/fr\/tours\/italie-fr\/bari-fr-fr\/excursion-privee-a-matera-et-altamura-au-depart-de-lhotel-ou-du-terminal-de-croisiere-de-bari-copy\/#breadcrumb\"},\"inLanguage\":\"fr-FR\",\"potentialAction\":[{\"@type\":\"ReadAction\",\"target\":[\"https:\/\/tourtravelandmore.com\/fr\/tours\/italie-fr\/bari-fr-fr\/excursion-privee-a-matera-et-altamura-au-depart-de-lhotel-ou-du-terminal-de-croisiere-de-bari-copy\/\"]}]},{\"@type\":\"ImageObject\",\"inLanguage\":\"fr-FR\",\"@id\":\"https:\/\/tourtravelandmore.com\/fr\/tours\/italie-fr\/bari-fr-fr\/excursion-privee-a-matera-et-altamura-au-depart-de-lhotel-ou-du-terminal-de-croisiere-de-bari-copy\/#primaryimage\",\"url\":\"https:\/\/tourtravelandmore.com\/wp-content\/uploads\/2024\/03\/locorotondo-4714220_1280.jpg\",\"contentUrl\":\"https:\/\/tourtravelandmore.com\/wp-content\/uploads\/2024\/03\/locorotondo-4714220_1280.jpg\",\"width\":1280,\"height\":848},{\"@type\":\"BreadcrumbList\",\"@id\":\"https:\/\/tourtravelandmore.com\/fr\/tours\/italie-fr\/bari-fr-fr\/excursion-privee-a-matera-et-altamura-au-depart-de-lhotel-ou-du-terminal-de-croisiere-de-bari-copy\/#breadcrumb\",\"itemListElement\":[{\"@type\":\"ListItem\",\"position\":1,\"name\":\"Home\",\"item\":\"https:\/\/tourtravelandmore.com\/fr\/\"},{\"@type\":\"ListItem\",\"position\":2,\"name\":\"Tours\",\"item\":\"https:\/\/tourtravelandmore.com\/fr\/tours\/\"},{\"@type\":\"ListItem\",\"position\":3,\"name\":\"Excursion priv\u00e9e \u00e0 Alberobello, Martina Franca et Locorotondo au d\u00e9part de Bari\"}]},{\"@type\":\"WebSite\",\"@id\":\"https:\/\/tourtravelandmore.com\/fr\/#website\",\"url\":\"https:\/\/tourtravelandmore.com\/fr\/\",\"name\":\"Tour Travel And More\",\"description\":\"Private sightseeing tours and luxury transfers in Spain\",\"publisher\":{\"@id\":\"https:\/\/tourtravelandmore.com\/fr\/#organization\"},\"potentialAction\":[{\"@type\":\"SearchAction\",\"target\":{\"@type\":\"EntryPoint\",\"urlTemplate\":\"https:\/\/tourtravelandmore.com\/fr\/?s={search_term_string}\"},\"query-input\":{\"@type\":\"PropertyValueSpecification\",\"valueRequired\":true,\"valueName\":\"search_term_string\"}}],\"inLanguage\":\"fr-FR\"},{\"@type\":\"Organization\",\"@id\":\"https:\/\/tourtravelandmore.com\/fr\/#organization\",\"name\":\"Tour Travel And More\",\"url\":\"https:\/\/tourtravelandmore.com\/fr\/\",\"logo\":{\"@type\":\"ImageObject\",\"inLanguage\":\"fr-FR\",\"@id\":\"https:\/\/tourtravelandmore.com\/fr\/#\/schema\/logo\/image\/\",\"url\":\"https:\/\/tourtravelandmore.com\/wp-content\/uploads\/2022\/12\/cropped-logo-cabecera-new.png\",\"contentUrl\":\"https:\/\/tourtravelandmore.com\/wp-content\/uploads\/2022\/12\/cropped-logo-cabecera-new.png\",\"width\":430,\"height\":61,\"caption\":\"Tour Travel And More\"},\"image\":{\"@id\":\"https:\/\/tourtravelandmore.com\/fr\/#\/schema\/logo\/image\/\"},\"sameAs\":[\"https:\/\/www.facebook.com\/tourtravelandmore\/\",\"https:\/\/x.com\/TourTravel_More\"]}]}<\/script>\n<!-- \/ Yoast SEO Premium plugin. -->","yoast_head_json":{"title":"Excursion priv\u00e9e \u00e0 Alberobello, Martina Franca et Locorotondo au d\u00e9part de Bari | TourTravel&More","description":"Excursion priv\u00e9e \u00e0 Alberobello, Martina Franca et Locorotondo ! Profitez-en avec votre guide touristique lors de cette visite priv\u00e9e exclusive au d\u00e9part de Bari. \u2705","robots":{"index":"index","follow":"follow","max-snippet":"max-snippet:-1","max-image-preview":"max-image-preview:large","max-video-preview":"max-video-preview:-1"},"canonical":"https:\/\/tourtravelandmore.com\/fr\/tours\/italie-fr\/bari-fr-fr\/excursion-privee-a-matera-et-altamura-au-depart-de-lhotel-ou-du-terminal-de-croisiere-de-bari-copy\/","og_locale":"fr_FR","og_type":"article","og_title":"Excursion priv\u00e9e \u00e0 Alberobello, Martina Franca et Locorotondo au d\u00e9part de Bari","og_description":"Excursion priv\u00e9e \u00e0 Alberobello, Martina Franca et Locorotondo ! Profitez-en avec votre guide touristique lors de cette visite priv\u00e9e exclusive au d\u00e9part de Bari. \u2705","og_url":"https:\/\/tourtravelandmore.com\/fr\/tours\/italie-fr\/bari-fr-fr\/excursion-privee-a-matera-et-altamura-au-depart-de-lhotel-ou-du-terminal-de-croisiere-de-bari-copy\/","og_site_name":"Tour Travel And More","article_publisher":"https:\/\/www.facebook.com\/tourtravelandmore\/","article_modified_time":"2024-03-01T14:15:46+00:00","og_image":[{"width":1280,"height":848,"url":"https:\/\/tourtravelandmore.com\/wp-content\/uploads\/2024\/03\/locorotondo-4714220_1280.jpg","type":"image\/jpeg"}],"twitter_card":"summary_large_image","twitter_site":"@TourTravel_More","twitter_misc":{"Dur\u00e9e de lecture estim\u00e9e":"2 minutes"},"schema":{"@context":"https:\/\/schema.org","@graph":[{"@type":"WebPage","@id":"https:\/\/tourtravelandmore.com\/fr\/tours\/italie-fr\/bari-fr-fr\/excursion-privee-a-matera-et-altamura-au-depart-de-lhotel-ou-du-terminal-de-croisiere-de-bari-copy\/","url":"https:\/\/tourtravelandmore.com\/fr\/tours\/italie-fr\/bari-fr-fr\/excursion-privee-a-matera-et-altamura-au-depart-de-lhotel-ou-du-terminal-de-croisiere-de-bari-copy\/","name":"Excursion priv\u00e9e \u00e0 Alberobello, Martina Franca et Locorotondo au d\u00e9part de Bari | TourTravel&More","isPartOf":{"@id":"https:\/\/tourtravelandmore.com\/fr\/#website"},"primaryImageOfPage":{"@id":"https:\/\/tourtravelandmore.com\/fr\/tours\/italie-fr\/bari-fr-fr\/excursion-privee-a-matera-et-altamura-au-depart-de-lhotel-ou-du-terminal-de-croisiere-de-bari-copy\/#primaryimage"},"image":{"@id":"https:\/\/tourtravelandmore.com\/fr\/tours\/italie-fr\/bari-fr-fr\/excursion-privee-a-matera-et-altamura-au-depart-de-lhotel-ou-du-terminal-de-croisiere-de-bari-copy\/#primaryimage"},"thumbnailUrl":"https:\/\/tourtravelandmore.com\/wp-content\/uploads\/2024\/03\/locorotondo-4714220_1280.jpg","datePublished":"2024-03-01T13:27:47+00:00","dateModified":"2024-03-01T14:15:46+00:00","description":"Excursion priv\u00e9e \u00e0 Alberobello, Martina Franca et Locorotondo ! Profitez-en avec votre guide touristique lors de cette visite priv\u00e9e exclusive au d\u00e9part de Bari. \u2705","breadcrumb":{"@id":"https:\/\/tourtravelandmore.com\/fr\/tours\/italie-fr\/bari-fr-fr\/excursion-privee-a-matera-et-altamura-au-depart-de-lhotel-ou-du-terminal-de-croisiere-de-bari-copy\/#breadcrumb"},"inLanguage":"fr-FR","potentialAction":[{"@type":"ReadAction","target":["https:\/\/tourtravelandmore.com\/fr\/tours\/italie-fr\/bari-fr-fr\/excursion-privee-a-matera-et-altamura-au-depart-de-lhotel-ou-du-terminal-de-croisiere-de-bari-copy\/"]}]},{"@type":"ImageObject","inLanguage":"fr-FR","@id":"https:\/\/tourtravelandmore.com\/fr\/tours\/italie-fr\/bari-fr-fr\/excursion-privee-a-matera-et-altamura-au-depart-de-lhotel-ou-du-terminal-de-croisiere-de-bari-copy\/#primaryimage","url":"https:\/\/tourtravelandmore.com\/wp-content\/uploads\/2024\/03\/locorotondo-4714220_1280.jpg","contentUrl":"https:\/\/tourtravelandmore.com\/wp-content\/uploads\/2024\/03\/locorotondo-4714220_1280.jpg","width":1280,"height":848},{"@type":"BreadcrumbList","@id":"https:\/\/tourtravelandmore.com\/fr\/tours\/italie-fr\/bari-fr-fr\/excursion-privee-a-matera-et-altamura-au-depart-de-lhotel-ou-du-terminal-de-croisiere-de-bari-copy\/#breadcrumb","itemListElement":[{"@type":"ListItem","position":1,"name":"Home","item":"https:\/\/tourtravelandmore.com\/fr\/"},{"@type":"ListItem","position":2,"name":"Tours","item":"https:\/\/tourtravelandmore.com\/fr\/tours\/"},{"@type":"ListItem","position":3,"name":"Excursion priv\u00e9e \u00e0 Alberobello, Martina Franca et Locorotondo au d\u00e9part de Bari"}]},{"@type":"WebSite","@id":"https:\/\/tourtravelandmore.com\/fr\/#website","url":"https:\/\/tourtravelandmore.com\/fr\/","name":"Tour Travel And More","description":"Private sightseeing tours and luxury transfers in Spain","publisher":{"@id":"https:\/\/tourtravelandmore.com\/fr\/#organization"},"potentialAction":[{"@type":"SearchAction","target":{"@type":"EntryPoint","urlTemplate":"https:\/\/tourtravelandmore.com\/fr\/?s={search_term_string}"},"query-input":{"@type":"PropertyValueSpecification","valueRequired":true,"valueName":"search_term_string"}}],"inLanguage":"fr-FR"},{"@type":"Organization","@id":"https:\/\/tourtravelandmore.com\/fr\/#organization","name":"Tour Travel And More","url":"https:\/\/tourtravelandmore.com\/fr\/","logo":{"@type":"ImageObject","inLanguage":"fr-FR","@id":"https:\/\/tourtravelandmore.com\/fr\/#\/schema\/logo\/image\/","url":"https:\/\/tourtravelandmore.com\/wp-content\/uploads\/2022\/12\/cropped-logo-cabecera-new.png","contentUrl":"https:\/\/tourtravelandmore.com\/wp-content\/uploads\/2022\/12\/cropped-logo-cabecera-new.png","width":430,"height":61,"caption":"Tour Travel And More"},"image":{"@id":"https:\/\/tourtravelandmore.com\/fr\/#\/schema\/logo\/image\/"},"sameAs":["https:\/\/www.facebook.com\/tourtravelandmore\/","https:\/\/x.com\/TourTravel_More"]}]}},"_links":{"self":[{"href":"https:\/\/tourtravelandmore.com\/fr\/wp-json\/wp\/v2\/product\/173243","targetHints":{"allow":["GET"]}}],"collection":[{"href":"https:\/\/tourtravelandmore.com\/fr\/wp-json\/wp\/v2\/product"}],"about":[{"href":"https:\/\/tourtravelandmore.com\/fr\/wp-json\/wp\/v2\/types\/product"}],"replies":[{"embeddable":true,"href":"https:\/\/tourtravelandmore.com\/fr\/wp-json\/wp\/v2\/comments?post=173243"}],"wp:featuredmedia":[{"embeddable":true,"href":"https:\/\/tourtravelandmore.com\/fr\/wp-json\/wp\/v2\/media\/173260"}],"wp:attachment":[{"href":"https:\/\/tourtravelandmore.com\/fr\/wp-json\/wp\/v2\/media?parent=173243"}],"wp:term":[{"taxonomy":"product_brand","embeddable":true,"href":"https:\/\/tourtravelandmore.com\/fr\/wp-json\/wp\/v2\/product_brand?post=173243"},{"taxonomy":"product_cat","embeddable":true,"href":"https:\/\/tourtravelandmore.com\/fr\/wp-json\/wp\/v2\/product_cat?post=173243"},{"taxonomy":"product_tag","embeddable":true,"href":"https:\/\/tourtravelandmore.com\/fr\/wp-json\/wp\/v2\/product_tag?post=173243"}],"curies":[{"name":"wp","href":"https:\/\/api.w.org\/{rel}","templated":true}]}}