{"id":173211,"date":"2024-03-01T14:17:20","date_gmt":"2024-03-01T13:17:22","guid":{"rendered":"https:\/\/tourtravelandmore.com\/?post_type=product&#038;p=173211"},"modified":"2024-03-01T14:27:02","modified_gmt":"2024-03-01T13:27:02","slug":"excursion-privee-a-alberobello-et-matera-depuis-bari-ou-le-terminal-de-croisiere-copy","status":"publish","type":"product","link":"https:\/\/tourtravelandmore.com\/fr\/tours\/italie-fr\/bari-fr-fr\/excursion-privee-a-alberobello-et-matera-depuis-bari-ou-le-terminal-de-croisiere-copy\/","title":{"rendered":"Excursion priv\u00e9e \u00e0 Matera et Altamura au d\u00e9part de l&#8217;h\u00f4tel ou du terminal de croisi\u00e8re de Bari"},"content":{"rendered":"<h2>Description Excursion priv\u00e9e \u00e0 Matera et Altamura au d\u00e9part de l&#8217;h\u00f4tel ou du terminal de croisi\u00e8re de Bari<\/h2>\n<p>D\u00e9couvrez le charme et l&#8217;histoire de Matera et d&#8217;Altamura lors de cette visite priv\u00e9e au d\u00e9part de Bari. Avec un guide comp\u00e9tent et un transport confortable \u00e0 votre disposition, plongez dans le riche patrimoine culturel de ces fascinantes villes italiennes.<\/p>\n<p>Embarquez pour cette visite priv\u00e9e \u00e0 Matera et Altamura pour un voyage immersif au c\u0153ur du patrimoine culturel de l&#8217;Italie du Sud. Avec l&#8217;expertise de votre guide et la commodit\u00e9 d&#8217;un transport priv\u00e9, d\u00e9couvrez les joyaux cach\u00e9s et la beaut\u00e9 intemporelle de ces villes enchanteresses.<\/p>\n<p>Avec l&#8217;attention personnalis\u00e9e de votre guide et la flexibilit\u00e9 d&#8217;explorer \u00e0 votre propre rythme, cette visite priv\u00e9e promet une exploration inoubliable des joyaux cach\u00e9s de l&#8217;Italie.<\/p>\n<p>Embarquez dans cette aventure passionnante et d\u00e9couvrez les secrets les mieux gard\u00e9s d&#8217;Altamura et de Matera gr\u00e2ce \u00e0 notre circuit priv\u00e9 exclusif !<\/p>\n<p>Pour plus de d\u00e9tails et de r\u00e9servations, veuillez visiter notre site web ou nous contacter directement. Nous nous r\u00e9jouissons de vous accompagner dans ce voyage inoubliable !<\/p>\n<h2>Points d&#8217;int\u00e9r\u00eat et monuments<\/h2>\n<p>Votre visite commence par une prise en charge pratique \u00e0 votre h\u00f4tel \u00e0 Bari ou au terminal de croisi\u00e8re. Vous rencontrerez votre guide expert et vous embarquerez pour une route panoramique vers Matera.<\/p>\n<p>\u00c0 votre arriv\u00e9e \u00e0 Matera, vous serez \u00e9merveill\u00e9 par le paysage \u00e0 couper le souffle domin\u00e9 par d&#8217;anciennes habitations troglodytes et des \u00e9glises rupestres. Promenez-vous dans les rues \u00e9troites des quartiers Sassi, admirez l&#8217;architecture unique et impr\u00e9gnez-vous de l&#8217;ambiance de ce site class\u00e9 au patrimoine mondial de l&#8217;UNESCO. Votre guide vous fera d\u00e9couvrir l&#8217;histoire et l&#8217;importance culturelle de Matera en vous donnant des informations fascinantes sur le pass\u00e9 et le pr\u00e9sent de la ville.<\/p>\n<p>Poursuivez votre aventure en visitant Altamura, une ville pittoresque r\u00e9put\u00e9e pour son charme m\u00e9di\u00e9val et ses tr\u00e9sors architecturaux. Explorez la vieille ville bien pr\u00e9serv\u00e9e, caract\u00e9ris\u00e9e par des ruelles \u00e9troites, des b\u00e2timents en pierre et des monuments historiques. Visitez l&#8217;impressionnante cath\u00e9drale d&#8217;Altamura, chef-d&#8217;\u0153uvre de l&#8217;architecture romane des Pouilles, et admirez sa conception complexe et ses embellissements artistiques.<\/p>\n<p>Apr\u00e8s une journ\u00e9e compl\u00e8te d&#8217;exploration, d\u00e9tendez-vous dans le confort de votre voiture priv\u00e9e pendant que vous retournez \u00e0 Bari. R\u00e9fl\u00e9chissez aux souvenirs de cette visite inoubliable en faisant vos adieux \u00e0 votre guide et en retournant \u00e0 votre h\u00f4tel ou au terminal de votre croisi\u00e8re.<\/p>\n<p>Ne manquez pas cette occasion de vous plonger dans l&#8217;histoire et l&#8217;architecture captivantes d&#8217;Altamura et de Matera gr\u00e2ce \u00e0 notre visite priv\u00e9e personnalis\u00e9e. R\u00e9servez d\u00e8s maintenant et embarquez pour un voyage au c\u0153ur des tr\u00e9sors culturels des Pouilles.<\/p>\n<p>Apr\u00e8s une journ\u00e9e d&#8217;exploration, d\u00e9tendez-vous pendant le voyage de retour vers Bari ou le terminal de croisi\u00e8re, en vous rem\u00e9morant les exp\u00e9riences inoubliables et les souvenirs cr\u00e9\u00e9s pendant votre visite.<\/p>\n","protected":false},"excerpt":{"rendered":"<p>D\u00e9couvrez le charme et l&#8217;histoire de Matera et d&#8217;Altamura lors de cette visite priv\u00e9e au d\u00e9part de Bari. Avec un guide comp\u00e9tent et un transport confortable \u00e0 votre disposition, plongez dans le riche patrimoine culturel de ces fascinantes villes italiennes.<\/p>\n","protected":false},"featured_media":173227,"comment_status":"open","ping_status":"closed","template":"","meta":{"_acf_changed":false},"product_brand":[],"product_cat":[5070,5067,5071],"product_tag":[],"class_list":{"0":"post-173211","1":"product","2":"type-product","3":"status-publish","4":"has-post-thumbnail","6":"product_cat-all-private-tours-fr","7":"product_cat-bari-fr-fr","8":"product_cat-private-walking-tour-fr","10":"first","11":"instock","12":"shipping-taxable","13":"purchasable","14":"product-type-simple"},"acf":[],"yoast_head":"<!-- This site is optimized with the Yoast SEO Premium plugin v25.3.1 (Yoast SEO v25.3.1) - https:\/\/yoast.com\/wordpress\/plugins\/seo\/ -->\n<title>Excursion priv\u00e9e \u00e0 Matera et Altamura depuis Bari | TourTravel&amp;More<\/title>\n<meta name=\"description\" content=\"D\u00e9couvrez la riche histoire et la beaut\u00e9 naturelle \u00e9poustouflante de Matera et Altamura avec votre guide touristique lors de cette visite priv\u00e9e exclusive au d\u00e9part de Bari. \u2705\" \/>\n<meta name=\"robots\" content=\"index, follow, max-snippet:-1, max-image-preview:large, max-video-preview:-1\" \/>\n<link rel=\"canonical\" href=\"https:\/\/tourtravelandmore.com\/fr\/tours\/italie-fr\/bari-fr-fr\/excursion-privee-a-alberobello-et-matera-depuis-bari-ou-le-terminal-de-croisiere-copy\/\" \/>\n<meta property=\"og:locale\" content=\"fr_FR\" \/>\n<meta property=\"og:type\" content=\"article\" \/>\n<meta property=\"og:title\" content=\"Excursion priv\u00e9e \u00e0 Matera et Altamura au d\u00e9part de l&#039;h\u00f4tel ou du terminal de croisi\u00e8re de Bari\" \/>\n<meta property=\"og:description\" content=\"D\u00e9couvrez la riche histoire et la beaut\u00e9 naturelle \u00e9poustouflante de Matera et Altamura avec votre guide touristique lors de cette visite priv\u00e9e exclusive au d\u00e9part de Bari. \u2705\" \/>\n<meta property=\"og:url\" content=\"https:\/\/tourtravelandmore.com\/fr\/tours\/italie-fr\/bari-fr-fr\/excursion-privee-a-alberobello-et-matera-depuis-bari-ou-le-terminal-de-croisiere-copy\/\" \/>\n<meta property=\"og:site_name\" content=\"Tour Travel And More\" \/>\n<meta property=\"article:publisher\" content=\"https:\/\/www.facebook.com\/tourtravelandmore\/\" \/>\n<meta property=\"article:modified_time\" content=\"2024-03-01T13:27:02+00:00\" \/>\n<meta property=\"og:image\" content=\"https:\/\/tourtravelandmore.com\/wp-content\/uploads\/2024\/03\/matera-220923_1280.jpg\" \/>\n\t<meta property=\"og:image:width\" content=\"1280\" \/>\n\t<meta property=\"og:image:height\" content=\"850\" \/>\n\t<meta property=\"og:image:type\" content=\"image\/jpeg\" \/>\n<meta name=\"twitter:card\" content=\"summary_large_image\" \/>\n<meta name=\"twitter:site\" content=\"@TourTravel_More\" \/>\n<meta name=\"twitter:label1\" content=\"Dur\u00e9e de lecture estim\u00e9e\" \/>\n\t<meta name=\"twitter:data1\" content=\"3 minutes\" \/>\n<script type=\"application\/ld+json\" class=\"yoast-schema-graph\">{\"@context\":\"https:\/\/schema.org\",\"@graph\":[{\"@type\":\"WebPage\",\"@id\":\"https:\/\/tourtravelandmore.com\/fr\/tours\/italie-fr\/bari-fr-fr\/excursion-privee-a-alberobello-et-matera-depuis-bari-ou-le-terminal-de-croisiere-copy\/\",\"url\":\"https:\/\/tourtravelandmore.com\/fr\/tours\/italie-fr\/bari-fr-fr\/excursion-privee-a-alberobello-et-matera-depuis-bari-ou-le-terminal-de-croisiere-copy\/\",\"name\":\"Excursion priv\u00e9e \u00e0 Matera et Altamura depuis Bari | TourTravel&More\",\"isPartOf\":{\"@id\":\"https:\/\/tourtravelandmore.com\/fr\/#website\"},\"primaryImageOfPage\":{\"@id\":\"https:\/\/tourtravelandmore.com\/fr\/tours\/italie-fr\/bari-fr-fr\/excursion-privee-a-alberobello-et-matera-depuis-bari-ou-le-terminal-de-croisiere-copy\/#primaryimage\"},\"image\":{\"@id\":\"https:\/\/tourtravelandmore.com\/fr\/tours\/italie-fr\/bari-fr-fr\/excursion-privee-a-alberobello-et-matera-depuis-bari-ou-le-terminal-de-croisiere-copy\/#primaryimage\"},\"thumbnailUrl\":\"https:\/\/tourtravelandmore.com\/wp-content\/uploads\/2024\/03\/matera-220923_1280.jpg\",\"datePublished\":\"2024-03-01T13:17:22+00:00\",\"dateModified\":\"2024-03-01T13:27:02+00:00\",\"description\":\"D\u00e9couvrez la riche histoire et la beaut\u00e9 naturelle \u00e9poustouflante de Matera et Altamura avec votre guide touristique lors de cette visite priv\u00e9e exclusive au d\u00e9part de Bari. \u2705\",\"breadcrumb\":{\"@id\":\"https:\/\/tourtravelandmore.com\/fr\/tours\/italie-fr\/bari-fr-fr\/excursion-privee-a-alberobello-et-matera-depuis-bari-ou-le-terminal-de-croisiere-copy\/#breadcrumb\"},\"inLanguage\":\"fr-FR\",\"potentialAction\":[{\"@type\":\"ReadAction\",\"target\":[\"https:\/\/tourtravelandmore.com\/fr\/tours\/italie-fr\/bari-fr-fr\/excursion-privee-a-alberobello-et-matera-depuis-bari-ou-le-terminal-de-croisiere-copy\/\"]}]},{\"@type\":\"ImageObject\",\"inLanguage\":\"fr-FR\",\"@id\":\"https:\/\/tourtravelandmore.com\/fr\/tours\/italie-fr\/bari-fr-fr\/excursion-privee-a-alberobello-et-matera-depuis-bari-ou-le-terminal-de-croisiere-copy\/#primaryimage\",\"url\":\"https:\/\/tourtravelandmore.com\/wp-content\/uploads\/2024\/03\/matera-220923_1280.jpg\",\"contentUrl\":\"https:\/\/tourtravelandmore.com\/wp-content\/uploads\/2024\/03\/matera-220923_1280.jpg\",\"width\":1280,\"height\":850},{\"@type\":\"BreadcrumbList\",\"@id\":\"https:\/\/tourtravelandmore.com\/fr\/tours\/italie-fr\/bari-fr-fr\/excursion-privee-a-alberobello-et-matera-depuis-bari-ou-le-terminal-de-croisiere-copy\/#breadcrumb\",\"itemListElement\":[{\"@type\":\"ListItem\",\"position\":1,\"name\":\"Home\",\"item\":\"https:\/\/tourtravelandmore.com\/fr\/\"},{\"@type\":\"ListItem\",\"position\":2,\"name\":\"Tours\",\"item\":\"https:\/\/tourtravelandmore.com\/fr\/tours\/\"},{\"@type\":\"ListItem\",\"position\":3,\"name\":\"Excursion priv\u00e9e \u00e0 Matera et Altamura au d\u00e9part de l&#8217;h\u00f4tel ou du terminal de croisi\u00e8re de Bari\"}]},{\"@type\":\"WebSite\",\"@id\":\"https:\/\/tourtravelandmore.com\/fr\/#website\",\"url\":\"https:\/\/tourtravelandmore.com\/fr\/\",\"name\":\"Tour Travel And More\",\"description\":\"Private sightseeing tours and luxury transfers in Spain\",\"publisher\":{\"@id\":\"https:\/\/tourtravelandmore.com\/fr\/#organization\"},\"potentialAction\":[{\"@type\":\"SearchAction\",\"target\":{\"@type\":\"EntryPoint\",\"urlTemplate\":\"https:\/\/tourtravelandmore.com\/fr\/?s={search_term_string}\"},\"query-input\":{\"@type\":\"PropertyValueSpecification\",\"valueRequired\":true,\"valueName\":\"search_term_string\"}}],\"inLanguage\":\"fr-FR\"},{\"@type\":\"Organization\",\"@id\":\"https:\/\/tourtravelandmore.com\/fr\/#organization\",\"name\":\"Tour Travel And More\",\"url\":\"https:\/\/tourtravelandmore.com\/fr\/\",\"logo\":{\"@type\":\"ImageObject\",\"inLanguage\":\"fr-FR\",\"@id\":\"https:\/\/tourtravelandmore.com\/fr\/#\/schema\/logo\/image\/\",\"url\":\"https:\/\/tourtravelandmore.com\/wp-content\/uploads\/2022\/12\/cropped-logo-cabecera-new.png\",\"contentUrl\":\"https:\/\/tourtravelandmore.com\/wp-content\/uploads\/2022\/12\/cropped-logo-cabecera-new.png\",\"width\":430,\"height\":61,\"caption\":\"Tour Travel And More\"},\"image\":{\"@id\":\"https:\/\/tourtravelandmore.com\/fr\/#\/schema\/logo\/image\/\"},\"sameAs\":[\"https:\/\/www.facebook.com\/tourtravelandmore\/\",\"https:\/\/x.com\/TourTravel_More\"]}]}<\/script>\n<!-- \/ Yoast SEO Premium plugin. -->","yoast_head_json":{"title":"Excursion priv\u00e9e \u00e0 Matera et Altamura depuis Bari | TourTravel&More","description":"D\u00e9couvrez la riche histoire et la beaut\u00e9 naturelle \u00e9poustouflante de Matera et Altamura avec votre guide touristique lors de cette visite priv\u00e9e exclusive au d\u00e9part de Bari. \u2705","robots":{"index":"index","follow":"follow","max-snippet":"max-snippet:-1","max-image-preview":"max-image-preview:large","max-video-preview":"max-video-preview:-1"},"canonical":"https:\/\/tourtravelandmore.com\/fr\/tours\/italie-fr\/bari-fr-fr\/excursion-privee-a-alberobello-et-matera-depuis-bari-ou-le-terminal-de-croisiere-copy\/","og_locale":"fr_FR","og_type":"article","og_title":"Excursion priv\u00e9e \u00e0 Matera et Altamura au d\u00e9part de l'h\u00f4tel ou du terminal de croisi\u00e8re de Bari","og_description":"D\u00e9couvrez la riche histoire et la beaut\u00e9 naturelle \u00e9poustouflante de Matera et Altamura avec votre guide touristique lors de cette visite priv\u00e9e exclusive au d\u00e9part de Bari. \u2705","og_url":"https:\/\/tourtravelandmore.com\/fr\/tours\/italie-fr\/bari-fr-fr\/excursion-privee-a-alberobello-et-matera-depuis-bari-ou-le-terminal-de-croisiere-copy\/","og_site_name":"Tour Travel And More","article_publisher":"https:\/\/www.facebook.com\/tourtravelandmore\/","article_modified_time":"2024-03-01T13:27:02+00:00","og_image":[{"width":1280,"height":850,"url":"https:\/\/tourtravelandmore.com\/wp-content\/uploads\/2024\/03\/matera-220923_1280.jpg","type":"image\/jpeg"}],"twitter_card":"summary_large_image","twitter_site":"@TourTravel_More","twitter_misc":{"Dur\u00e9e de lecture estim\u00e9e":"3 minutes"},"schema":{"@context":"https:\/\/schema.org","@graph":[{"@type":"WebPage","@id":"https:\/\/tourtravelandmore.com\/fr\/tours\/italie-fr\/bari-fr-fr\/excursion-privee-a-alberobello-et-matera-depuis-bari-ou-le-terminal-de-croisiere-copy\/","url":"https:\/\/tourtravelandmore.com\/fr\/tours\/italie-fr\/bari-fr-fr\/excursion-privee-a-alberobello-et-matera-depuis-bari-ou-le-terminal-de-croisiere-copy\/","name":"Excursion priv\u00e9e \u00e0 Matera et Altamura depuis Bari | TourTravel&More","isPartOf":{"@id":"https:\/\/tourtravelandmore.com\/fr\/#website"},"primaryImageOfPage":{"@id":"https:\/\/tourtravelandmore.com\/fr\/tours\/italie-fr\/bari-fr-fr\/excursion-privee-a-alberobello-et-matera-depuis-bari-ou-le-terminal-de-croisiere-copy\/#primaryimage"},"image":{"@id":"https:\/\/tourtravelandmore.com\/fr\/tours\/italie-fr\/bari-fr-fr\/excursion-privee-a-alberobello-et-matera-depuis-bari-ou-le-terminal-de-croisiere-copy\/#primaryimage"},"thumbnailUrl":"https:\/\/tourtravelandmore.com\/wp-content\/uploads\/2024\/03\/matera-220923_1280.jpg","datePublished":"2024-03-01T13:17:22+00:00","dateModified":"2024-03-01T13:27:02+00:00","description":"D\u00e9couvrez la riche histoire et la beaut\u00e9 naturelle \u00e9poustouflante de Matera et Altamura avec votre guide touristique lors de cette visite priv\u00e9e exclusive au d\u00e9part de Bari. \u2705","breadcrumb":{"@id":"https:\/\/tourtravelandmore.com\/fr\/tours\/italie-fr\/bari-fr-fr\/excursion-privee-a-alberobello-et-matera-depuis-bari-ou-le-terminal-de-croisiere-copy\/#breadcrumb"},"inLanguage":"fr-FR","potentialAction":[{"@type":"ReadAction","target":["https:\/\/tourtravelandmore.com\/fr\/tours\/italie-fr\/bari-fr-fr\/excursion-privee-a-alberobello-et-matera-depuis-bari-ou-le-terminal-de-croisiere-copy\/"]}]},{"@type":"ImageObject","inLanguage":"fr-FR","@id":"https:\/\/tourtravelandmore.com\/fr\/tours\/italie-fr\/bari-fr-fr\/excursion-privee-a-alberobello-et-matera-depuis-bari-ou-le-terminal-de-croisiere-copy\/#primaryimage","url":"https:\/\/tourtravelandmore.com\/wp-content\/uploads\/2024\/03\/matera-220923_1280.jpg","contentUrl":"https:\/\/tourtravelandmore.com\/wp-content\/uploads\/2024\/03\/matera-220923_1280.jpg","width":1280,"height":850},{"@type":"BreadcrumbList","@id":"https:\/\/tourtravelandmore.com\/fr\/tours\/italie-fr\/bari-fr-fr\/excursion-privee-a-alberobello-et-matera-depuis-bari-ou-le-terminal-de-croisiere-copy\/#breadcrumb","itemListElement":[{"@type":"ListItem","position":1,"name":"Home","item":"https:\/\/tourtravelandmore.com\/fr\/"},{"@type":"ListItem","position":2,"name":"Tours","item":"https:\/\/tourtravelandmore.com\/fr\/tours\/"},{"@type":"ListItem","position":3,"name":"Excursion priv\u00e9e \u00e0 Matera et Altamura au d\u00e9part de l&#8217;h\u00f4tel ou du terminal de croisi\u00e8re de Bari"}]},{"@type":"WebSite","@id":"https:\/\/tourtravelandmore.com\/fr\/#website","url":"https:\/\/tourtravelandmore.com\/fr\/","name":"Tour Travel And More","description":"Private sightseeing tours and luxury transfers in Spain","publisher":{"@id":"https:\/\/tourtravelandmore.com\/fr\/#organization"},"potentialAction":[{"@type":"SearchAction","target":{"@type":"EntryPoint","urlTemplate":"https:\/\/tourtravelandmore.com\/fr\/?s={search_term_string}"},"query-input":{"@type":"PropertyValueSpecification","valueRequired":true,"valueName":"search_term_string"}}],"inLanguage":"fr-FR"},{"@type":"Organization","@id":"https:\/\/tourtravelandmore.com\/fr\/#organization","name":"Tour Travel And More","url":"https:\/\/tourtravelandmore.com\/fr\/","logo":{"@type":"ImageObject","inLanguage":"fr-FR","@id":"https:\/\/tourtravelandmore.com\/fr\/#\/schema\/logo\/image\/","url":"https:\/\/tourtravelandmore.com\/wp-content\/uploads\/2022\/12\/cropped-logo-cabecera-new.png","contentUrl":"https:\/\/tourtravelandmore.com\/wp-content\/uploads\/2022\/12\/cropped-logo-cabecera-new.png","width":430,"height":61,"caption":"Tour Travel And More"},"image":{"@id":"https:\/\/tourtravelandmore.com\/fr\/#\/schema\/logo\/image\/"},"sameAs":["https:\/\/www.facebook.com\/tourtravelandmore\/","https:\/\/x.com\/TourTravel_More"]}]}},"_links":{"self":[{"href":"https:\/\/tourtravelandmore.com\/fr\/wp-json\/wp\/v2\/product\/173211","targetHints":{"allow":["GET"]}}],"collection":[{"href":"https:\/\/tourtravelandmore.com\/fr\/wp-json\/wp\/v2\/product"}],"about":[{"href":"https:\/\/tourtravelandmore.com\/fr\/wp-json\/wp\/v2\/types\/product"}],"replies":[{"embeddable":true,"href":"https:\/\/tourtravelandmore.com\/fr\/wp-json\/wp\/v2\/comments?post=173211"}],"wp:featuredmedia":[{"embeddable":true,"href":"https:\/\/tourtravelandmore.com\/fr\/wp-json\/wp\/v2\/media\/173227"}],"wp:attachment":[{"href":"https:\/\/tourtravelandmore.com\/fr\/wp-json\/wp\/v2\/media?parent=173211"}],"wp:term":[{"taxonomy":"product_brand","embeddable":true,"href":"https:\/\/tourtravelandmore.com\/fr\/wp-json\/wp\/v2\/product_brand?post=173211"},{"taxonomy":"product_cat","embeddable":true,"href":"https:\/\/tourtravelandmore.com\/fr\/wp-json\/wp\/v2\/product_cat?post=173211"},{"taxonomy":"product_tag","embeddable":true,"href":"https:\/\/tourtravelandmore.com\/fr\/wp-json\/wp\/v2\/product_tag?post=173211"}],"curies":[{"name":"wp","href":"https:\/\/api.w.org\/{rel}","templated":true}]}}